{"id":8429,"date":"2025-07-22T14:50:25","date_gmt":"2025-07-22T13:50:25","guid":{"rendered":"https:\/\/hydropartsholland.com\/product\/verin-de-direction-assistee-pour-tracteur-ford-e2nn3a540ba\/"},"modified":"2025-03-11T12:24:06","modified_gmt":"2025-03-11T11:24:06","slug":"verin-de-direction-assistee-pour-tracteur-ford-e2nn3a540ba","status":"publish","type":"product","link":"https:\/\/hydropartsholland.com\/fr\/produit\/verin-de-direction-assistee-pour-tracteur-ford-e2nn3a540ba\/","title":{"rendered":"V\u00e9rin de direction assist\u00e9e pour tracteur Ford E2NN3A540BA"},"content":{"rendered":"<h1><span style=\"color: #505050; font-family: Verdana, Arial, Helvetica;\">E2NN3A540BA V\u00e9rin de direction assist\u00e9e Tige 1\/2&#8243; <\/span><\/h1>\n<h1><span style=\"color: #505050; font-family: Verdana, Arial, Helvetica;\">Ford Tractor 2000 3000 4000 Series +<\/span><\/h1>\n<div><span style=\"font-family: Tahoma, Geneva, sans-serif;\">Num\u00e9ro de pi\u00e8ce : Ford E2NN3A540BA MPN : E2NN3A540BA, E4NN3A540AA <\/span><\/div>\n<div><span style=\"font-family: Tahoma, Geneva, sans-serif;\">Type de pi\u00e8ce : v\u00e9rin de direction assist\u00e9e, tige 1\/2 <\/span><\/div>\n<div><span style=\"font-family: Tahoma, Geneva, sans-serif;\">Remplace : E4NN3A540AA<\/span><\/div>\n<div><\/div>\n<div><span style=\"font-family: Tahoma, Geneva, sans-serif;\">Pour tracteurs Ford Compatible avec Ford 600, 800, 601, 801, 2000-4000 4 CYLINDRES, 2000, 3000, 4000SU, 2600, 3600, 4600SU, 2310, 2610, 2810, 2910, 3610, 3910, 4610, 3 5, 3 5 3, 2<\/span><\/div>\n","protected":false},"excerpt":{"rendered":"<p>E2NN3A540BA V\u00e9rin de direction assist\u00e9e Tige 1\/2&#8243; Ford Tractor 2000 3000 4000 Series + Num\u00e9ro de pi\u00e8ce : Ford E2NN3A540BA MPN : E2NN3A540BA, E4NN3A540AA Type de pi\u00e8ce : v\u00e9rin de direction assist\u00e9e, tige 1\/2 Remplace : E4NN3A540AA Pour tracteurs Ford Compatible avec Ford 600, 800, 601, 801, 2000-4000 4 CYLINDRES, 2000, 3000, 4000SU, 2600, 3600,<\/p>\n<div class=\"klb-readmore\"><a class=\"main-btn\" href=\"https:\/\/hydropartsholland.com\/fr\/produit\/verin-de-direction-assistee-pour-tracteur-ford-e2nn3a540ba\/\">Read More<\/a><\/div>\n","protected":false},"featured_media":7771,"comment_status":"open","ping_status":"closed","template":"","meta":{"inline_featured_image":false},"product_cat":[614,616],"product_tag":[],"class_list":{"0":"post-8429","1":"product","2":"type-product","3":"status-publish","4":"has-post-thumbnail","6":"product_cat-verins-de-direction-assistee","7":"product_cat-ford-fr-2","9":"first","10":"instock","11":"taxable","12":"shipping-taxable","13":"purchasable","14":"product-type-simple"},"yoast_head":"<!-- This site is optimized with the Yoast SEO plugin v23.3 - https:\/\/yoast.com\/wordpress\/plugins\/seo\/ -->\n<title>V\u00e9rin de direction assist\u00e9e pour tracteur Ford E2NN3A540BA - Hydropartsholland<\/title>\n<meta name=\"robots\" content=\"index, follow, max-snippet:-1, max-image-preview:large, max-video-preview:-1\" \/>\n<link rel=\"canonical\" href=\"https:\/\/hydropartsholland.com\/fr\/produit\/verin-de-direction-assistee-pour-tracteur-ford-e2nn3a540ba\/\" \/>\n<meta property=\"og:locale\" content=\"fr_FR\" \/>\n<meta property=\"og:type\" content=\"article\" \/>\n<meta property=\"og:title\" content=\"V\u00e9rin de direction assist\u00e9e pour tracteur Ford E2NN3A540BA - Hydropartsholland\" \/>\n<meta property=\"og:description\" content=\"E2NN3A540BA V\u00e9rin de direction assist\u00e9e Tige 1\/2&#8243; Ford Tractor 2000 3000 4000 Series + Num\u00e9ro de pi\u00e8ce : Ford E2NN3A540BA MPN : E2NN3A540BA, E4NN3A540AA Type de pi\u00e8ce : v\u00e9rin de direction assist\u00e9e, tige 1\/2 Remplace : E4NN3A540AA Pour tracteurs Ford Compatible avec Ford 600, 800, 601, 801, 2000-4000 4 CYLINDRES, 2000, 3000, 4000SU, 2600, 3600,Read More\" \/>\n<meta property=\"og:url\" content=\"https:\/\/hydropartsholland.com\/fr\/produit\/verin-de-direction-assistee-pour-tracteur-ford-e2nn3a540ba\/\" \/>\n<meta property=\"og:site_name\" content=\"Hydropartsholland\" \/>\n<meta property=\"article:modified_time\" content=\"2025-03-11T11:24:06+00:00\" \/>\n<meta property=\"og:image\" content=\"https:\/\/hydropartsholland.com\/wp-content\/uploads\/2023\/01\/s-l1600-3.jpg\" \/>\n\t<meta property=\"og:image:width\" content=\"1000\" \/>\n\t<meta property=\"og:image:height\" content=\"795\" \/>\n\t<meta property=\"og:image:type\" content=\"image\/jpeg\" \/>\n<meta name=\"twitter:card\" content=\"summary_large_image\" \/>\n<meta name=\"twitter:label1\" content=\"Dur\u00e9e de lecture estim\u00e9e\" \/>\n\t<meta name=\"twitter:data1\" content=\"1 minute\" \/>\n<script type=\"application\/ld+json\" class=\"yoast-schema-graph\">{\"@context\":\"https:\/\/schema.org\",\"@graph\":[{\"@type\":\"WebPage\",\"@id\":\"https:\/\/hydropartsholland.com\/fr\/produit\/verin-de-direction-assistee-pour-tracteur-ford-e2nn3a540ba\/\",\"url\":\"https:\/\/hydropartsholland.com\/fr\/produit\/verin-de-direction-assistee-pour-tracteur-ford-e2nn3a540ba\/\",\"name\":\"V\u00e9rin de direction assist\u00e9e pour tracteur Ford E2NN3A540BA - Hydropartsholland\",\"isPartOf\":{\"@id\":\"https:\/\/hydropartsholland.com\/#website\"},\"primaryImageOfPage\":{\"@id\":\"https:\/\/hydropartsholland.com\/fr\/produit\/verin-de-direction-assistee-pour-tracteur-ford-e2nn3a540ba\/#primaryimage\"},\"image\":{\"@id\":\"https:\/\/hydropartsholland.com\/fr\/produit\/verin-de-direction-assistee-pour-tracteur-ford-e2nn3a540ba\/#primaryimage\"},\"thumbnailUrl\":\"https:\/\/hydropartsholland.com\/wp-content\/uploads\/2023\/01\/s-l1600-3.jpg\",\"datePublished\":\"2025-07-22T13:50:25+00:00\",\"dateModified\":\"2025-03-11T11:24:06+00:00\",\"breadcrumb\":{\"@id\":\"https:\/\/hydropartsholland.com\/fr\/produit\/verin-de-direction-assistee-pour-tracteur-ford-e2nn3a540ba\/#breadcrumb\"},\"inLanguage\":\"fr-FR\",\"potentialAction\":[{\"@type\":\"ReadAction\",\"target\":[\"https:\/\/hydropartsholland.com\/fr\/produit\/verin-de-direction-assistee-pour-tracteur-ford-e2nn3a540ba\/\"]}]},{\"@type\":\"ImageObject\",\"inLanguage\":\"fr-FR\",\"@id\":\"https:\/\/hydropartsholland.com\/fr\/produit\/verin-de-direction-assistee-pour-tracteur-ford-e2nn3a540ba\/#primaryimage\",\"url\":\"https:\/\/hydropartsholland.com\/wp-content\/uploads\/2023\/01\/s-l1600-3.jpg\",\"contentUrl\":\"https:\/\/hydropartsholland.com\/wp-content\/uploads\/2023\/01\/s-l1600-3.jpg\",\"width\":1000,\"height\":795},{\"@type\":\"BreadcrumbList\",\"@id\":\"https:\/\/hydropartsholland.com\/fr\/produit\/verin-de-direction-assistee-pour-tracteur-ford-e2nn3a540ba\/#breadcrumb\",\"itemListElement\":[{\"@type\":\"ListItem\",\"position\":1,\"name\":\"Home\",\"item\":\"https:\/\/hydropartsholland.com\/\"},{\"@type\":\"ListItem\",\"position\":2,\"name\":\"Boutique\",\"item\":\"https:\/\/hydropartsholland.com\/fr\/boutique\/\"},{\"@type\":\"ListItem\",\"position\":3,\"name\":\"V\u00e9rin de direction assist\u00e9e pour tracteur Ford E2NN3A540BA\"}]},{\"@type\":\"WebSite\",\"@id\":\"https:\/\/hydropartsholland.com\/#website\",\"url\":\"https:\/\/hydropartsholland.com\/\",\"name\":\"Hydropartsholland\",\"description\":\"\",\"publisher\":{\"@id\":\"https:\/\/hydropartsholland.com\/#organization\"},\"potentialAction\":[{\"@type\":\"SearchAction\",\"target\":{\"@type\":\"EntryPoint\",\"urlTemplate\":\"https:\/\/hydropartsholland.com\/?s={search_term_string}\"},\"query-input\":\"required name=search_term_string\"}],\"inLanguage\":\"fr-FR\"},{\"@type\":\"Organization\",\"@id\":\"https:\/\/hydropartsholland.com\/#organization\",\"name\":\"Spare Parts Holland\",\"url\":\"https:\/\/hydropartsholland.com\/\",\"logo\":{\"@type\":\"ImageObject\",\"inLanguage\":\"fr-FR\",\"@id\":\"https:\/\/hydropartsholland.com\/#\/schema\/logo\/image\/\",\"url\":\"https:\/\/hydropartsholland.com\/wp-content\/uploads\/2022\/06\/spareparts-1.png\",\"contentUrl\":\"https:\/\/hydropartsholland.com\/wp-content\/uploads\/2022\/06\/spareparts-1.png\",\"width\":824,\"height\":685,\"caption\":\"Spare Parts Holland\"},\"image\":{\"@id\":\"https:\/\/hydropartsholland.com\/#\/schema\/logo\/image\/\"}}]}<\/script>\n<!-- \/ Yoast SEO plugin. -->","yoast_head_json":{"title":"V\u00e9rin de direction assist\u00e9e pour tracteur Ford E2NN3A540BA - Hydropartsholland","robots":{"index":"index","follow":"follow","max-snippet":"max-snippet:-1","max-image-preview":"max-image-preview:large","max-video-preview":"max-video-preview:-1"},"canonical":"https:\/\/hydropartsholland.com\/fr\/produit\/verin-de-direction-assistee-pour-tracteur-ford-e2nn3a540ba\/","og_locale":"fr_FR","og_type":"article","og_title":"V\u00e9rin de direction assist\u00e9e pour tracteur Ford E2NN3A540BA - Hydropartsholland","og_description":"E2NN3A540BA V\u00e9rin de direction assist\u00e9e Tige 1\/2&#8243; Ford Tractor 2000 3000 4000 Series + Num\u00e9ro de pi\u00e8ce : Ford E2NN3A540BA MPN : E2NN3A540BA, E4NN3A540AA Type de pi\u00e8ce : v\u00e9rin de direction assist\u00e9e, tige 1\/2 Remplace : E4NN3A540AA Pour tracteurs Ford Compatible avec Ford 600, 800, 601, 801, 2000-4000 4 CYLINDRES, 2000, 3000, 4000SU, 2600, 3600,Read More","og_url":"https:\/\/hydropartsholland.com\/fr\/produit\/verin-de-direction-assistee-pour-tracteur-ford-e2nn3a540ba\/","og_site_name":"Hydropartsholland","article_modified_time":"2025-03-11T11:24:06+00:00","og_image":[{"width":1000,"height":795,"url":"https:\/\/hydropartsholland.com\/wp-content\/uploads\/2023\/01\/s-l1600-3.jpg","type":"image\/jpeg"}],"twitter_card":"summary_large_image","twitter_misc":{"Dur\u00e9e de lecture estim\u00e9e":"1 minute"},"schema":{"@context":"https:\/\/schema.org","@graph":[{"@type":"WebPage","@id":"https:\/\/hydropartsholland.com\/fr\/produit\/verin-de-direction-assistee-pour-tracteur-ford-e2nn3a540ba\/","url":"https:\/\/hydropartsholland.com\/fr\/produit\/verin-de-direction-assistee-pour-tracteur-ford-e2nn3a540ba\/","name":"V\u00e9rin de direction assist\u00e9e pour tracteur Ford E2NN3A540BA - Hydropartsholland","isPartOf":{"@id":"https:\/\/hydropartsholland.com\/#website"},"primaryImageOfPage":{"@id":"https:\/\/hydropartsholland.com\/fr\/produit\/verin-de-direction-assistee-pour-tracteur-ford-e2nn3a540ba\/#primaryimage"},"image":{"@id":"https:\/\/hydropartsholland.com\/fr\/produit\/verin-de-direction-assistee-pour-tracteur-ford-e2nn3a540ba\/#primaryimage"},"thumbnailUrl":"https:\/\/hydropartsholland.com\/wp-content\/uploads\/2023\/01\/s-l1600-3.jpg","datePublished":"2025-07-22T13:50:25+00:00","dateModified":"2025-03-11T11:24:06+00:00","breadcrumb":{"@id":"https:\/\/hydropartsholland.com\/fr\/produit\/verin-de-direction-assistee-pour-tracteur-ford-e2nn3a540ba\/#breadcrumb"},"inLanguage":"fr-FR","potentialAction":[{"@type":"ReadAction","target":["https:\/\/hydropartsholland.com\/fr\/produit\/verin-de-direction-assistee-pour-tracteur-ford-e2nn3a540ba\/"]}]},{"@type":"ImageObject","inLanguage":"fr-FR","@id":"https:\/\/hydropartsholland.com\/fr\/produit\/verin-de-direction-assistee-pour-tracteur-ford-e2nn3a540ba\/#primaryimage","url":"https:\/\/hydropartsholland.com\/wp-content\/uploads\/2023\/01\/s-l1600-3.jpg","contentUrl":"https:\/\/hydropartsholland.com\/wp-content\/uploads\/2023\/01\/s-l1600-3.jpg","width":1000,"height":795},{"@type":"BreadcrumbList","@id":"https:\/\/hydropartsholland.com\/fr\/produit\/verin-de-direction-assistee-pour-tracteur-ford-e2nn3a540ba\/#breadcrumb","itemListElement":[{"@type":"ListItem","position":1,"name":"Home","item":"https:\/\/hydropartsholland.com\/"},{"@type":"ListItem","position":2,"name":"Boutique","item":"https:\/\/hydropartsholland.com\/fr\/boutique\/"},{"@type":"ListItem","position":3,"name":"V\u00e9rin de direction assist\u00e9e pour tracteur Ford E2NN3A540BA"}]},{"@type":"WebSite","@id":"https:\/\/hydropartsholland.com\/#website","url":"https:\/\/hydropartsholland.com\/","name":"Hydropartsholland","description":"","publisher":{"@id":"https:\/\/hydropartsholland.com\/#organization"},"potentialAction":[{"@type":"SearchAction","target":{"@type":"EntryPoint","urlTemplate":"https:\/\/hydropartsholland.com\/?s={search_term_string}"},"query-input":"required name=search_term_string"}],"inLanguage":"fr-FR"},{"@type":"Organization","@id":"https:\/\/hydropartsholland.com\/#organization","name":"Spare Parts Holland","url":"https:\/\/hydropartsholland.com\/","logo":{"@type":"ImageObject","inLanguage":"fr-FR","@id":"https:\/\/hydropartsholland.com\/#\/schema\/logo\/image\/","url":"https:\/\/hydropartsholland.com\/wp-content\/uploads\/2022\/06\/spareparts-1.png","contentUrl":"https:\/\/hydropartsholland.com\/wp-content\/uploads\/2022\/06\/spareparts-1.png","width":824,"height":685,"caption":"Spare Parts Holland"},"image":{"@id":"https:\/\/hydropartsholland.com\/#\/schema\/logo\/image\/"}}]}},"_links":{"self":[{"href":"https:\/\/hydropartsholland.com\/fr\/wp-json\/wp\/v2\/product\/8429","targetHints":{"allow":["GET"]}}],"collection":[{"href":"https:\/\/hydropartsholland.com\/fr\/wp-json\/wp\/v2\/product"}],"about":[{"href":"https:\/\/hydropartsholland.com\/fr\/wp-json\/wp\/v2\/types\/product"}],"replies":[{"embeddable":true,"href":"https:\/\/hydropartsholland.com\/fr\/wp-json\/wp\/v2\/comments?post=8429"}],"wp:featuredmedia":[{"embeddable":true,"href":"https:\/\/hydropartsholland.com\/fr\/wp-json\/wp\/v2\/media\/7771"}],"wp:attachment":[{"href":"https:\/\/hydropartsholland.com\/fr\/wp-json\/wp\/v2\/media?parent=8429"}],"wp:term":[{"taxonomy":"product_cat","embeddable":true,"href":"https:\/\/hydropartsholland.com\/fr\/wp-json\/wp\/v2\/product_cat?post=8429"},{"taxonomy":"product_tag","embeddable":true,"href":"https:\/\/hydropartsholland.com\/fr\/wp-json\/wp\/v2\/product_tag?post=8429"}],"curies":[{"name":"wp","href":"https:\/\/api.w.org\/{rel}","templated":true}]}}