{"id":6352,"date":"2022-07-28T09:56:24","date_gmt":"2022-07-28T08:56:24","guid":{"rendered":"https:\/\/hydropartsholland.com\/product\/power-steering-cylinder-for-mf-240-253-360-362-3401553m92\/"},"modified":"2025-03-11T12:34:26","modified_gmt":"2025-03-11T11:34:26","slug":"power-steering-cylinder-for-mf-240-253-360-362-3401553m92","status":"publish","type":"product","link":"https:\/\/hydropartsholland.com\/fr\/produit\/power-steering-cylinder-for-mf-240-253-360-362-3401553m92\/","title":{"rendered":"3401553M92 &#8211; V\u00e9rin De Direction Assist\u00e9e Pour Massey Ferguson MF 240 253 360 362"},"content":{"rendered":"<p>Nouveau cylindre de direction assist\u00e9e de rechange (droite ou gauche) pour s&#8217;adapter aux mod\u00e8les de tracteurs Massey Ferguson\u00a0:<\/p>\n<p>Convient aux tracteurs Massey Ferguson 240 (s\/n N01001-plus tard), 253, 360, 362<br \/>\nCompatible avec Massey Ferguson Construction &amp; Industrial(s) 20F, 30E, 30H, 40E<\/p>\n<ul>\n<li>Remplace les num\u00e9ros OEM Massey Ferguson : 3401553M92, 3774728V91, 3774728M91, 3773716M91.<\/li>\n<\/ul>\n<p>Informations techniques:<\/p>\n<ul>\n<li>9\/16&#8243; de diam\u00e8tre<\/li>\n<li>Le cylindre est (ferm\u00e9 9&#8243;, ouvert 15&#8243;, centre \u00e0 centre du trou de montage \u00e0 la goupille de joint \u00e0 rotule)<\/li>\n<li>Filetage 5\/8&#8243; sur l&#8217;\u00e9crou d&#8217;extr\u00e9mit\u00e9 de la biellette<\/li>\n<li>Le trou de la goupille d&#8217;ancrage est de 11\/16&#8243;<\/li>\n<li>Diam\u00e8tre de la petite extr\u00e9mit\u00e9 du c\u00f4ne : 0,715&#8243; (Veuillez v\u00e9rifier l&#8217;extr\u00e9mit\u00e9 du c\u00f4ne avant de commander.)<\/li>\n<\/ul>\n<p>Remarque : Direction hydrostatique ou assist\u00e9e<\/p>\n<p>Si vos cylindres actuels ont des raccords \u00e0 joint torique, vous devez faire fabriquer de nouveaux tuyaux.<\/p>\n","protected":false},"excerpt":{"rendered":"<ul>\n<li>9\/16&#8243; de diam\u00e8tre<\/li>\n<li>Le cylindre est (ferm\u00e9 9&#8243;, ouvert 15&#8243;, centre \u00e0 centre du trou de montage \u00e0 la goupille de joint \u00e0 rotule)<\/li>\n<li>Filetage 5\/8&#8243; sur l&#8217;\u00e9crou d&#8217;extr\u00e9mit\u00e9 de la biellette<\/li>\n<li>Le trou de la goupille d&#8217;ancrage est de 11\/16&#8243;<\/li>\n<li>Diam\u00e8tre de la petite extr\u00e9mit\u00e9 du c\u00f4ne\u00a0: 1,9 cm (veuillez v\u00e9rifier l&#8217;extr\u00e9mit\u00e9 du c\u00f4ne avant de commander.<\/li>\n<\/ul>\n","protected":false},"featured_media":30566,"comment_status":"open","ping_status":"closed","template":"","meta":{"inline_featured_image":false},"product_cat":[614,618],"product_tag":[],"class_list":{"0":"post-6352","1":"product","2":"type-product","3":"status-publish","4":"has-post-thumbnail","6":"product_cat-verins-de-direction-assistee","7":"product_cat-massey-ferguson-fr","9":"first","10":"outofstock","11":"taxable","12":"shipping-taxable","13":"purchasable","14":"product-type-simple"},"yoast_head":"<!-- This site is optimized with the Yoast SEO plugin v23.3 - https:\/\/yoast.com\/wordpress\/plugins\/seo\/ -->\n<title>3401553M92 - V\u00e9rin De Direction Assist\u00e9e Pour Massey Ferguson MF 240 253 360 362 - Hydropartsholland<\/title>\n<meta name=\"robots\" content=\"index, follow, max-snippet:-1, max-image-preview:large, max-video-preview:-1\" \/>\n<link rel=\"canonical\" href=\"https:\/\/hydropartsholland.com\/fr\/produit\/power-steering-cylinder-for-mf-240-253-360-362-3401553m92\/\" \/>\n<meta property=\"og:locale\" content=\"fr_FR\" \/>\n<meta property=\"og:type\" content=\"article\" \/>\n<meta property=\"og:title\" content=\"3401553M92 - V\u00e9rin De Direction Assist\u00e9e Pour Massey Ferguson MF 240 253 360 362 - Hydropartsholland\" \/>\n<meta property=\"og:description\" content=\"9\/16&quot; de diam\u00e8tre  Le cylindre est (ferm\u00e9 9&quot;, ouvert 15&quot;, centre \u00e0 centre du trou de montage \u00e0 la goupille de joint \u00e0 rotule)  Filetage 5\/8&quot; sur l&#039;\u00e9crou d&#039;extr\u00e9mit\u00e9 de la biellette  Le trou de la goupille d&#039;ancrage est de 11\/16&quot;  Diam\u00e8tre de la petite extr\u00e9mit\u00e9 du c\u00f4ne\u00a0: 1,9 cm (veuillez v\u00e9rifier l&#039;extr\u00e9mit\u00e9 du c\u00f4ne avant de commander.\" \/>\n<meta property=\"og:url\" content=\"https:\/\/hydropartsholland.com\/fr\/produit\/power-steering-cylinder-for-mf-240-253-360-362-3401553m92\/\" \/>\n<meta property=\"og:site_name\" content=\"Hydropartsholland\" \/>\n<meta property=\"article:modified_time\" content=\"2025-03-11T11:34:26+00:00\" \/>\n<meta property=\"og:image\" content=\"https:\/\/hydropartsholland.com\/wp-content\/uploads\/2022\/07\/2-36-scaled.jpg\" \/>\n\t<meta property=\"og:image:width\" content=\"2560\" \/>\n\t<meta property=\"og:image:height\" content=\"2560\" \/>\n\t<meta property=\"og:image:type\" content=\"image\/jpeg\" \/>\n<meta name=\"twitter:card\" content=\"summary_large_image\" \/>\n<meta name=\"twitter:label1\" content=\"Dur\u00e9e de lecture estim\u00e9e\" \/>\n\t<meta name=\"twitter:data1\" content=\"1 minute\" \/>\n<script type=\"application\/ld+json\" class=\"yoast-schema-graph\">{\"@context\":\"https:\/\/schema.org\",\"@graph\":[{\"@type\":\"WebPage\",\"@id\":\"https:\/\/hydropartsholland.com\/fr\/produit\/power-steering-cylinder-for-mf-240-253-360-362-3401553m92\/\",\"url\":\"https:\/\/hydropartsholland.com\/fr\/produit\/power-steering-cylinder-for-mf-240-253-360-362-3401553m92\/\",\"name\":\"3401553M92 - V\u00e9rin De Direction Assist\u00e9e Pour Massey Ferguson MF 240 253 360 362 - Hydropartsholland\",\"isPartOf\":{\"@id\":\"https:\/\/hydropartsholland.com\/#website\"},\"primaryImageOfPage\":{\"@id\":\"https:\/\/hydropartsholland.com\/fr\/produit\/power-steering-cylinder-for-mf-240-253-360-362-3401553m92\/#primaryimage\"},\"image\":{\"@id\":\"https:\/\/hydropartsholland.com\/fr\/produit\/power-steering-cylinder-for-mf-240-253-360-362-3401553m92\/#primaryimage\"},\"thumbnailUrl\":\"https:\/\/hydropartsholland.com\/wp-content\/uploads\/2022\/07\/2-36-scaled.jpg\",\"datePublished\":\"2022-07-28T08:56:24+00:00\",\"dateModified\":\"2025-03-11T11:34:26+00:00\",\"breadcrumb\":{\"@id\":\"https:\/\/hydropartsholland.com\/fr\/produit\/power-steering-cylinder-for-mf-240-253-360-362-3401553m92\/#breadcrumb\"},\"inLanguage\":\"fr-FR\",\"potentialAction\":[{\"@type\":\"ReadAction\",\"target\":[\"https:\/\/hydropartsholland.com\/fr\/produit\/power-steering-cylinder-for-mf-240-253-360-362-3401553m92\/\"]}]},{\"@type\":\"ImageObject\",\"inLanguage\":\"fr-FR\",\"@id\":\"https:\/\/hydropartsholland.com\/fr\/produit\/power-steering-cylinder-for-mf-240-253-360-362-3401553m92\/#primaryimage\",\"url\":\"https:\/\/hydropartsholland.com\/wp-content\/uploads\/2022\/07\/2-36-scaled.jpg\",\"contentUrl\":\"https:\/\/hydropartsholland.com\/wp-content\/uploads\/2022\/07\/2-36-scaled.jpg\",\"width\":2560,\"height\":2560},{\"@type\":\"BreadcrumbList\",\"@id\":\"https:\/\/hydropartsholland.com\/fr\/produit\/power-steering-cylinder-for-mf-240-253-360-362-3401553m92\/#breadcrumb\",\"itemListElement\":[{\"@type\":\"ListItem\",\"position\":1,\"name\":\"Home\",\"item\":\"https:\/\/hydropartsholland.com\/\"},{\"@type\":\"ListItem\",\"position\":2,\"name\":\"Boutique\",\"item\":\"https:\/\/hydropartsholland.com\/fr\/boutique\/\"},{\"@type\":\"ListItem\",\"position\":3,\"name\":\"3401553M92 &#8211; V\u00e9rin De Direction Assist\u00e9e Pour Massey Ferguson MF 240 253 360 362\"}]},{\"@type\":\"WebSite\",\"@id\":\"https:\/\/hydropartsholland.com\/#website\",\"url\":\"https:\/\/hydropartsholland.com\/\",\"name\":\"Hydropartsholland\",\"description\":\"\",\"publisher\":{\"@id\":\"https:\/\/hydropartsholland.com\/#organization\"},\"potentialAction\":[{\"@type\":\"SearchAction\",\"target\":{\"@type\":\"EntryPoint\",\"urlTemplate\":\"https:\/\/hydropartsholland.com\/?s={search_term_string}\"},\"query-input\":\"required name=search_term_string\"}],\"inLanguage\":\"fr-FR\"},{\"@type\":\"Organization\",\"@id\":\"https:\/\/hydropartsholland.com\/#organization\",\"name\":\"Spare Parts Holland\",\"url\":\"https:\/\/hydropartsholland.com\/\",\"logo\":{\"@type\":\"ImageObject\",\"inLanguage\":\"fr-FR\",\"@id\":\"https:\/\/hydropartsholland.com\/#\/schema\/logo\/image\/\",\"url\":\"https:\/\/hydropartsholland.com\/wp-content\/uploads\/2022\/06\/spareparts-1.png\",\"contentUrl\":\"https:\/\/hydropartsholland.com\/wp-content\/uploads\/2022\/06\/spareparts-1.png\",\"width\":824,\"height\":685,\"caption\":\"Spare Parts Holland\"},\"image\":{\"@id\":\"https:\/\/hydropartsholland.com\/#\/schema\/logo\/image\/\"}}]}<\/script>\n<!-- \/ Yoast SEO plugin. -->","yoast_head_json":{"title":"3401553M92 - V\u00e9rin De Direction Assist\u00e9e Pour Massey Ferguson MF 240 253 360 362 - Hydropartsholland","robots":{"index":"index","follow":"follow","max-snippet":"max-snippet:-1","max-image-preview":"max-image-preview:large","max-video-preview":"max-video-preview:-1"},"canonical":"https:\/\/hydropartsholland.com\/fr\/produit\/power-steering-cylinder-for-mf-240-253-360-362-3401553m92\/","og_locale":"fr_FR","og_type":"article","og_title":"3401553M92 - V\u00e9rin De Direction Assist\u00e9e Pour Massey Ferguson MF 240 253 360 362 - Hydropartsholland","og_description":"9\/16\" de diam\u00e8tre  Le cylindre est (ferm\u00e9 9\", ouvert 15\", centre \u00e0 centre du trou de montage \u00e0 la goupille de joint \u00e0 rotule)  Filetage 5\/8\" sur l'\u00e9crou d'extr\u00e9mit\u00e9 de la biellette  Le trou de la goupille d'ancrage est de 11\/16\"  Diam\u00e8tre de la petite extr\u00e9mit\u00e9 du c\u00f4ne\u00a0: 1,9 cm (veuillez v\u00e9rifier l'extr\u00e9mit\u00e9 du c\u00f4ne avant de commander.","og_url":"https:\/\/hydropartsholland.com\/fr\/produit\/power-steering-cylinder-for-mf-240-253-360-362-3401553m92\/","og_site_name":"Hydropartsholland","article_modified_time":"2025-03-11T11:34:26+00:00","og_image":[{"width":2560,"height":2560,"url":"https:\/\/hydropartsholland.com\/wp-content\/uploads\/2022\/07\/2-36-scaled.jpg","type":"image\/jpeg"}],"twitter_card":"summary_large_image","twitter_misc":{"Dur\u00e9e de lecture estim\u00e9e":"1 minute"},"schema":{"@context":"https:\/\/schema.org","@graph":[{"@type":"WebPage","@id":"https:\/\/hydropartsholland.com\/fr\/produit\/power-steering-cylinder-for-mf-240-253-360-362-3401553m92\/","url":"https:\/\/hydropartsholland.com\/fr\/produit\/power-steering-cylinder-for-mf-240-253-360-362-3401553m92\/","name":"3401553M92 - V\u00e9rin De Direction Assist\u00e9e Pour Massey Ferguson MF 240 253 360 362 - Hydropartsholland","isPartOf":{"@id":"https:\/\/hydropartsholland.com\/#website"},"primaryImageOfPage":{"@id":"https:\/\/hydropartsholland.com\/fr\/produit\/power-steering-cylinder-for-mf-240-253-360-362-3401553m92\/#primaryimage"},"image":{"@id":"https:\/\/hydropartsholland.com\/fr\/produit\/power-steering-cylinder-for-mf-240-253-360-362-3401553m92\/#primaryimage"},"thumbnailUrl":"https:\/\/hydropartsholland.com\/wp-content\/uploads\/2022\/07\/2-36-scaled.jpg","datePublished":"2022-07-28T08:56:24+00:00","dateModified":"2025-03-11T11:34:26+00:00","breadcrumb":{"@id":"https:\/\/hydropartsholland.com\/fr\/produit\/power-steering-cylinder-for-mf-240-253-360-362-3401553m92\/#breadcrumb"},"inLanguage":"fr-FR","potentialAction":[{"@type":"ReadAction","target":["https:\/\/hydropartsholland.com\/fr\/produit\/power-steering-cylinder-for-mf-240-253-360-362-3401553m92\/"]}]},{"@type":"ImageObject","inLanguage":"fr-FR","@id":"https:\/\/hydropartsholland.com\/fr\/produit\/power-steering-cylinder-for-mf-240-253-360-362-3401553m92\/#primaryimage","url":"https:\/\/hydropartsholland.com\/wp-content\/uploads\/2022\/07\/2-36-scaled.jpg","contentUrl":"https:\/\/hydropartsholland.com\/wp-content\/uploads\/2022\/07\/2-36-scaled.jpg","width":2560,"height":2560},{"@type":"BreadcrumbList","@id":"https:\/\/hydropartsholland.com\/fr\/produit\/power-steering-cylinder-for-mf-240-253-360-362-3401553m92\/#breadcrumb","itemListElement":[{"@type":"ListItem","position":1,"name":"Home","item":"https:\/\/hydropartsholland.com\/"},{"@type":"ListItem","position":2,"name":"Boutique","item":"https:\/\/hydropartsholland.com\/fr\/boutique\/"},{"@type":"ListItem","position":3,"name":"3401553M92 &#8211; V\u00e9rin De Direction Assist\u00e9e Pour Massey Ferguson MF 240 253 360 362"}]},{"@type":"WebSite","@id":"https:\/\/hydropartsholland.com\/#website","url":"https:\/\/hydropartsholland.com\/","name":"Hydropartsholland","description":"","publisher":{"@id":"https:\/\/hydropartsholland.com\/#organization"},"potentialAction":[{"@type":"SearchAction","target":{"@type":"EntryPoint","urlTemplate":"https:\/\/hydropartsholland.com\/?s={search_term_string}"},"query-input":"required name=search_term_string"}],"inLanguage":"fr-FR"},{"@type":"Organization","@id":"https:\/\/hydropartsholland.com\/#organization","name":"Spare Parts Holland","url":"https:\/\/hydropartsholland.com\/","logo":{"@type":"ImageObject","inLanguage":"fr-FR","@id":"https:\/\/hydropartsholland.com\/#\/schema\/logo\/image\/","url":"https:\/\/hydropartsholland.com\/wp-content\/uploads\/2022\/06\/spareparts-1.png","contentUrl":"https:\/\/hydropartsholland.com\/wp-content\/uploads\/2022\/06\/spareparts-1.png","width":824,"height":685,"caption":"Spare Parts Holland"},"image":{"@id":"https:\/\/hydropartsholland.com\/#\/schema\/logo\/image\/"}}]}},"_links":{"self":[{"href":"https:\/\/hydropartsholland.com\/fr\/wp-json\/wp\/v2\/product\/6352","targetHints":{"allow":["GET"]}}],"collection":[{"href":"https:\/\/hydropartsholland.com\/fr\/wp-json\/wp\/v2\/product"}],"about":[{"href":"https:\/\/hydropartsholland.com\/fr\/wp-json\/wp\/v2\/types\/product"}],"replies":[{"embeddable":true,"href":"https:\/\/hydropartsholland.com\/fr\/wp-json\/wp\/v2\/comments?post=6352"}],"wp:featuredmedia":[{"embeddable":true,"href":"https:\/\/hydropartsholland.com\/fr\/wp-json\/wp\/v2\/media\/30566"}],"wp:attachment":[{"href":"https:\/\/hydropartsholland.com\/fr\/wp-json\/wp\/v2\/media?parent=6352"}],"wp:term":[{"taxonomy":"product_cat","embeddable":true,"href":"https:\/\/hydropartsholland.com\/fr\/wp-json\/wp\/v2\/product_cat?post=6352"},{"taxonomy":"product_tag","embeddable":true,"href":"https:\/\/hydropartsholland.com\/fr\/wp-json\/wp\/v2\/product_tag?post=6352"}],"curies":[{"name":"wp","href":"https:\/\/api.w.org\/{rel}","templated":true}]}}