{"id":6339,"date":"2022-07-28T09:56:26","date_gmt":"2022-07-28T08:56:26","guid":{"rendered":"https:\/\/hydropartsholland.com\/product\/hydraulic-triple-remote-valve-ford-600-700-800-2000-3000-4000-2610-2910-tractor\/"},"modified":"2025-03-11T12:34:22","modified_gmt":"2025-03-11T11:34:22","slug":"hydraulic-triple-remote-valve-ford-600-700-800-2000-3000-4000-2610-2910-tractor","status":"publish","type":"product","link":"https:\/\/hydropartsholland.com\/fr\/produit\/hydraulic-triple-remote-valve-ford-600-700-800-2000-3000-4000-2610-2910-tractor\/","title":{"rendered":"Kit De Valves Hydrauliques Triples Command\u00e9es \u00c0 Distance Pour Ford 600 700 800 2000 3000 4000 2610 2910+"},"content":{"rendered":"<p>Kit de valve de commande \u00e0 distance triple pour tracteur Ford.<\/p>\n<ul>\n<li>Triple bobine<\/li>\n<li>Double effet avec flexibles<\/li>\n<li>Accouplements femelles<\/li>\n<\/ul>\n<p>Ce kit de valve de commande \u00e0 distance convient aux mod\u00e8les de tracteurs Ford\u00a0:<\/p>\n<p>Tracteur Ford<\/p>\n<p>501 541 600 601 611 620 621 630 631 640 641 650 651 660 661 671 681 700 740 741 771 800 801 811 8 20, 821, 840, 841, 850, 851, 860, 861, 871, 881, 900, 901, 940, 941, 950, 951, 960, 961, 971, 981 1, 1881, 2000 (3 cylindres), 2000 (4 cylindres), 2030, 2031, 2100, 2110 (3 cylindres), 2110 (4 cylindres), 2111, 2120 (3 cylindres), 2120 (4 cylindres), 2121, 2130, 2131, 2150 , 2300, , 2310, 2600, 2610, 2810, 2910, 3910, 4110 (3 cylindres), 4610, 4610SU, 3000, 3055, 3100, 3110, 3120 , 3190, 3300, 3310, 3330 , 3600, 3610, 3900, 4000 (3 cylindres), 4000 (4 cylindres), 4000SU, 4030 (4 cylindres), 4031, 4040, 4100, 4110 (4 cylindres), 4120, 4121, 4130 (3 cylindres), 4130 (4 cylindres), 4131, 4140 (3 cylindres), 4140 (3 cylindres), 4190, 4200, 4330, 4340, 4410, 4600, 4600SU<\/p>\n<p>Ford Industriel \/ BTP<\/p>\n<p>230A, 231, 233, 234, 333, 334, 335, 340, 3400, 340A, 340B, 3500, 3550, 420, 4400, 445, 445A, 4500,<\/p>\n<p>515, 530A, 531, 532, 535, 540, 540A, 540B, 545, 545A<\/p>\n<p>309973F, 80309973, 309973, 309996,<\/p>\n<p>Vanne avec poign\u00e9es : C9NNB950B, E1NNB950BB, E1NNB950BA, 83928704, 83944762<\/p>\n<p>** Ne convient pas aux tracteurs compacts Ford **<\/p>\n","protected":false},"excerpt":{"rendered":"<ul>\n<li>Triple bobine<\/li>\n<li>Double effet avec flexibles<\/li>\n<li>Accouplements femelles<\/li>\n<\/ul>\n","protected":false},"featured_media":29237,"comment_status":"open","ping_status":"closed","template":"","meta":{"inline_featured_image":false},"product_cat":[630,632],"product_tag":[],"class_list":{"0":"post-6339","1":"product","2":"type-product","3":"status-publish","4":"has-post-thumbnail","6":"product_cat-kits-de-vanne-de-controle-a-distance","7":"product_cat-ford-fr-3","9":"first","10":"instock","11":"taxable","12":"shipping-taxable","13":"purchasable","14":"product-type-simple"},"yoast_head":"<!-- This site is optimized with the Yoast SEO plugin v23.3 - https:\/\/yoast.com\/wordpress\/plugins\/seo\/ -->\n<title>Kit De Valves Hydrauliques Triples Command\u00e9es \u00c0 Distance Pour Ford 600 700 800 2000 3000 4000 2610 2910+ - Hydropartsholland<\/title>\n<meta name=\"description\" content=\"Kit de valve de commande \u00e0 distance triple pour tracteur Ford. Triple bobine. Double effet avec flexibles. Accouplements femelles.\" \/>\n<meta name=\"robots\" content=\"index, follow, max-snippet:-1, max-image-preview:large, max-video-preview:-1\" \/>\n<link rel=\"canonical\" href=\"https:\/\/hydropartsholland.com\/fr\/produit\/hydraulic-triple-remote-valve-ford-600-700-800-2000-3000-4000-2610-2910-tractor\/\" \/>\n<meta property=\"og:locale\" content=\"fr_FR\" \/>\n<meta property=\"og:type\" content=\"article\" \/>\n<meta property=\"og:title\" content=\"Kit De Valves Hydrauliques Triples Command\u00e9es \u00c0 Distance Pour Ford 600 700 800 2000 3000 4000 2610 2910+ - Hydropartsholland\" \/>\n<meta property=\"og:description\" content=\"Kit de valve de commande \u00e0 distance triple pour tracteur Ford. Triple bobine. Double effet avec flexibles. Accouplements femelles.\" \/>\n<meta property=\"og:url\" content=\"https:\/\/hydropartsholland.com\/fr\/produit\/hydraulic-triple-remote-valve-ford-600-700-800-2000-3000-4000-2610-2910-tractor\/\" \/>\n<meta property=\"og:site_name\" content=\"Hydropartsholland\" \/>\n<meta property=\"article:modified_time\" content=\"2025-03-11T11:34:22+00:00\" \/>\n<meta property=\"og:image\" content=\"https:\/\/hydropartsholland.com\/wp-content\/uploads\/2022\/07\/1-21-scaled.jpg\" \/>\n\t<meta property=\"og:image:width\" content=\"2560\" \/>\n\t<meta property=\"og:image:height\" content=\"2560\" \/>\n\t<meta property=\"og:image:type\" content=\"image\/jpeg\" \/>\n<meta name=\"twitter:card\" content=\"summary_large_image\" \/>\n<meta name=\"twitter:label1\" content=\"Dur\u00e9e de lecture estim\u00e9e\" \/>\n\t<meta name=\"twitter:data1\" content=\"1 minute\" \/>\n<script type=\"application\/ld+json\" class=\"yoast-schema-graph\">{\"@context\":\"https:\/\/schema.org\",\"@graph\":[{\"@type\":\"WebPage\",\"@id\":\"https:\/\/hydropartsholland.com\/fr\/produit\/hydraulic-triple-remote-valve-ford-600-700-800-2000-3000-4000-2610-2910-tractor\/\",\"url\":\"https:\/\/hydropartsholland.com\/fr\/produit\/hydraulic-triple-remote-valve-ford-600-700-800-2000-3000-4000-2610-2910-tractor\/\",\"name\":\"Kit De Valves Hydrauliques Triples Command\u00e9es \u00c0 Distance Pour Ford 600 700 800 2000 3000 4000 2610 2910+ - Hydropartsholland\",\"isPartOf\":{\"@id\":\"https:\/\/hydropartsholland.com\/#website\"},\"primaryImageOfPage\":{\"@id\":\"https:\/\/hydropartsholland.com\/fr\/produit\/hydraulic-triple-remote-valve-ford-600-700-800-2000-3000-4000-2610-2910-tractor\/#primaryimage\"},\"image\":{\"@id\":\"https:\/\/hydropartsholland.com\/fr\/produit\/hydraulic-triple-remote-valve-ford-600-700-800-2000-3000-4000-2610-2910-tractor\/#primaryimage\"},\"thumbnailUrl\":\"https:\/\/hydropartsholland.com\/wp-content\/uploads\/2022\/07\/1-21-scaled.jpg\",\"datePublished\":\"2022-07-28T08:56:26+00:00\",\"dateModified\":\"2025-03-11T11:34:22+00:00\",\"description\":\"Kit de valve de commande \u00e0 distance triple pour tracteur Ford. Triple bobine. Double effet avec flexibles. Accouplements femelles.\",\"breadcrumb\":{\"@id\":\"https:\/\/hydropartsholland.com\/fr\/produit\/hydraulic-triple-remote-valve-ford-600-700-800-2000-3000-4000-2610-2910-tractor\/#breadcrumb\"},\"inLanguage\":\"fr-FR\",\"potentialAction\":[{\"@type\":\"ReadAction\",\"target\":[\"https:\/\/hydropartsholland.com\/fr\/produit\/hydraulic-triple-remote-valve-ford-600-700-800-2000-3000-4000-2610-2910-tractor\/\"]}]},{\"@type\":\"ImageObject\",\"inLanguage\":\"fr-FR\",\"@id\":\"https:\/\/hydropartsholland.com\/fr\/produit\/hydraulic-triple-remote-valve-ford-600-700-800-2000-3000-4000-2610-2910-tractor\/#primaryimage\",\"url\":\"https:\/\/hydropartsholland.com\/wp-content\/uploads\/2022\/07\/1-21-scaled.jpg\",\"contentUrl\":\"https:\/\/hydropartsholland.com\/wp-content\/uploads\/2022\/07\/1-21-scaled.jpg\",\"width\":2560,\"height\":2560},{\"@type\":\"BreadcrumbList\",\"@id\":\"https:\/\/hydropartsholland.com\/fr\/produit\/hydraulic-triple-remote-valve-ford-600-700-800-2000-3000-4000-2610-2910-tractor\/#breadcrumb\",\"itemListElement\":[{\"@type\":\"ListItem\",\"position\":1,\"name\":\"Home\",\"item\":\"https:\/\/hydropartsholland.com\/\"},{\"@type\":\"ListItem\",\"position\":2,\"name\":\"Boutique\",\"item\":\"https:\/\/hydropartsholland.com\/fr\/boutique\/\"},{\"@type\":\"ListItem\",\"position\":3,\"name\":\"Kit De Valves Hydrauliques Triples Command\u00e9es \u00c0 Distance Pour Ford 600 700 800 2000 3000 4000 2610 2910+\"}]},{\"@type\":\"WebSite\",\"@id\":\"https:\/\/hydropartsholland.com\/#website\",\"url\":\"https:\/\/hydropartsholland.com\/\",\"name\":\"Hydropartsholland\",\"description\":\"\",\"publisher\":{\"@id\":\"https:\/\/hydropartsholland.com\/#organization\"},\"potentialAction\":[{\"@type\":\"SearchAction\",\"target\":{\"@type\":\"EntryPoint\",\"urlTemplate\":\"https:\/\/hydropartsholland.com\/?s={search_term_string}\"},\"query-input\":\"required name=search_term_string\"}],\"inLanguage\":\"fr-FR\"},{\"@type\":\"Organization\",\"@id\":\"https:\/\/hydropartsholland.com\/#organization\",\"name\":\"Spare Parts Holland\",\"url\":\"https:\/\/hydropartsholland.com\/\",\"logo\":{\"@type\":\"ImageObject\",\"inLanguage\":\"fr-FR\",\"@id\":\"https:\/\/hydropartsholland.com\/#\/schema\/logo\/image\/\",\"url\":\"https:\/\/hydropartsholland.com\/wp-content\/uploads\/2022\/06\/spareparts-1.png\",\"contentUrl\":\"https:\/\/hydropartsholland.com\/wp-content\/uploads\/2022\/06\/spareparts-1.png\",\"width\":824,\"height\":685,\"caption\":\"Spare Parts Holland\"},\"image\":{\"@id\":\"https:\/\/hydropartsholland.com\/#\/schema\/logo\/image\/\"}}]}<\/script>\n<!-- \/ Yoast SEO plugin. -->","yoast_head_json":{"title":"Kit De Valves Hydrauliques Triples Command\u00e9es \u00c0 Distance Pour Ford 600 700 800 2000 3000 4000 2610 2910+ - Hydropartsholland","description":"Kit de valve de commande \u00e0 distance triple pour tracteur Ford. Triple bobine. Double effet avec flexibles. Accouplements femelles.","robots":{"index":"index","follow":"follow","max-snippet":"max-snippet:-1","max-image-preview":"max-image-preview:large","max-video-preview":"max-video-preview:-1"},"canonical":"https:\/\/hydropartsholland.com\/fr\/produit\/hydraulic-triple-remote-valve-ford-600-700-800-2000-3000-4000-2610-2910-tractor\/","og_locale":"fr_FR","og_type":"article","og_title":"Kit De Valves Hydrauliques Triples Command\u00e9es \u00c0 Distance Pour Ford 600 700 800 2000 3000 4000 2610 2910+ - Hydropartsholland","og_description":"Kit de valve de commande \u00e0 distance triple pour tracteur Ford. Triple bobine. Double effet avec flexibles. Accouplements femelles.","og_url":"https:\/\/hydropartsholland.com\/fr\/produit\/hydraulic-triple-remote-valve-ford-600-700-800-2000-3000-4000-2610-2910-tractor\/","og_site_name":"Hydropartsholland","article_modified_time":"2025-03-11T11:34:22+00:00","og_image":[{"width":2560,"height":2560,"url":"https:\/\/hydropartsholland.com\/wp-content\/uploads\/2022\/07\/1-21-scaled.jpg","type":"image\/jpeg"}],"twitter_card":"summary_large_image","twitter_misc":{"Dur\u00e9e de lecture estim\u00e9e":"1 minute"},"schema":{"@context":"https:\/\/schema.org","@graph":[{"@type":"WebPage","@id":"https:\/\/hydropartsholland.com\/fr\/produit\/hydraulic-triple-remote-valve-ford-600-700-800-2000-3000-4000-2610-2910-tractor\/","url":"https:\/\/hydropartsholland.com\/fr\/produit\/hydraulic-triple-remote-valve-ford-600-700-800-2000-3000-4000-2610-2910-tractor\/","name":"Kit De Valves Hydrauliques Triples Command\u00e9es \u00c0 Distance Pour Ford 600 700 800 2000 3000 4000 2610 2910+ - Hydropartsholland","isPartOf":{"@id":"https:\/\/hydropartsholland.com\/#website"},"primaryImageOfPage":{"@id":"https:\/\/hydropartsholland.com\/fr\/produit\/hydraulic-triple-remote-valve-ford-600-700-800-2000-3000-4000-2610-2910-tractor\/#primaryimage"},"image":{"@id":"https:\/\/hydropartsholland.com\/fr\/produit\/hydraulic-triple-remote-valve-ford-600-700-800-2000-3000-4000-2610-2910-tractor\/#primaryimage"},"thumbnailUrl":"https:\/\/hydropartsholland.com\/wp-content\/uploads\/2022\/07\/1-21-scaled.jpg","datePublished":"2022-07-28T08:56:26+00:00","dateModified":"2025-03-11T11:34:22+00:00","description":"Kit de valve de commande \u00e0 distance triple pour tracteur Ford. Triple bobine. Double effet avec flexibles. Accouplements femelles.","breadcrumb":{"@id":"https:\/\/hydropartsholland.com\/fr\/produit\/hydraulic-triple-remote-valve-ford-600-700-800-2000-3000-4000-2610-2910-tractor\/#breadcrumb"},"inLanguage":"fr-FR","potentialAction":[{"@type":"ReadAction","target":["https:\/\/hydropartsholland.com\/fr\/produit\/hydraulic-triple-remote-valve-ford-600-700-800-2000-3000-4000-2610-2910-tractor\/"]}]},{"@type":"ImageObject","inLanguage":"fr-FR","@id":"https:\/\/hydropartsholland.com\/fr\/produit\/hydraulic-triple-remote-valve-ford-600-700-800-2000-3000-4000-2610-2910-tractor\/#primaryimage","url":"https:\/\/hydropartsholland.com\/wp-content\/uploads\/2022\/07\/1-21-scaled.jpg","contentUrl":"https:\/\/hydropartsholland.com\/wp-content\/uploads\/2022\/07\/1-21-scaled.jpg","width":2560,"height":2560},{"@type":"BreadcrumbList","@id":"https:\/\/hydropartsholland.com\/fr\/produit\/hydraulic-triple-remote-valve-ford-600-700-800-2000-3000-4000-2610-2910-tractor\/#breadcrumb","itemListElement":[{"@type":"ListItem","position":1,"name":"Home","item":"https:\/\/hydropartsholland.com\/"},{"@type":"ListItem","position":2,"name":"Boutique","item":"https:\/\/hydropartsholland.com\/fr\/boutique\/"},{"@type":"ListItem","position":3,"name":"Kit De Valves Hydrauliques Triples Command\u00e9es \u00c0 Distance Pour Ford 600 700 800 2000 3000 4000 2610 2910+"}]},{"@type":"WebSite","@id":"https:\/\/hydropartsholland.com\/#website","url":"https:\/\/hydropartsholland.com\/","name":"Hydropartsholland","description":"","publisher":{"@id":"https:\/\/hydropartsholland.com\/#organization"},"potentialAction":[{"@type":"SearchAction","target":{"@type":"EntryPoint","urlTemplate":"https:\/\/hydropartsholland.com\/?s={search_term_string}"},"query-input":"required name=search_term_string"}],"inLanguage":"fr-FR"},{"@type":"Organization","@id":"https:\/\/hydropartsholland.com\/#organization","name":"Spare Parts Holland","url":"https:\/\/hydropartsholland.com\/","logo":{"@type":"ImageObject","inLanguage":"fr-FR","@id":"https:\/\/hydropartsholland.com\/#\/schema\/logo\/image\/","url":"https:\/\/hydropartsholland.com\/wp-content\/uploads\/2022\/06\/spareparts-1.png","contentUrl":"https:\/\/hydropartsholland.com\/wp-content\/uploads\/2022\/06\/spareparts-1.png","width":824,"height":685,"caption":"Spare Parts Holland"},"image":{"@id":"https:\/\/hydropartsholland.com\/#\/schema\/logo\/image\/"}}]}},"_links":{"self":[{"href":"https:\/\/hydropartsholland.com\/fr\/wp-json\/wp\/v2\/product\/6339","targetHints":{"allow":["GET"]}}],"collection":[{"href":"https:\/\/hydropartsholland.com\/fr\/wp-json\/wp\/v2\/product"}],"about":[{"href":"https:\/\/hydropartsholland.com\/fr\/wp-json\/wp\/v2\/types\/product"}],"replies":[{"embeddable":true,"href":"https:\/\/hydropartsholland.com\/fr\/wp-json\/wp\/v2\/comments?post=6339"}],"wp:featuredmedia":[{"embeddable":true,"href":"https:\/\/hydropartsholland.com\/fr\/wp-json\/wp\/v2\/media\/29237"}],"wp:attachment":[{"href":"https:\/\/hydropartsholland.com\/fr\/wp-json\/wp\/v2\/media?parent=6339"}],"wp:term":[{"taxonomy":"product_cat","embeddable":true,"href":"https:\/\/hydropartsholland.com\/fr\/wp-json\/wp\/v2\/product_cat?post=6339"},{"taxonomy":"product_tag","embeddable":true,"href":"https:\/\/hydropartsholland.com\/fr\/wp-json\/wp\/v2\/product_tag?post=6339"}],"curies":[{"name":"wp","href":"https:\/\/api.w.org\/{rel}","templated":true}]}}