{"id":6332,"date":"2022-07-28T09:56:26","date_gmt":"2022-07-28T08:56:26","guid":{"rendered":"https:\/\/hydropartsholland.com\/product\/single-hydraulic-remote-kit-massey-ferguson-35-50-65-135-150-2\/"},"modified":"2025-03-11T12:34:19","modified_gmt":"2025-03-11T11:34:19","slug":"single-hydraulic-remote-kit-massey-ferguson-35-50-65-135-150-2","status":"publish","type":"product","link":"https:\/\/hydropartsholland.com\/fr\/produit\/single-hydraulic-remote-kit-massey-ferguson-35-50-65-135-150-2\/","title":{"rendered":"Kit De Valve De Contr\u00f4le Hydraulique \u00c0 Distance Simple Pour Massey Ferguson MF 35 50 65 135 150 &#8211; Simple Bobine (Noir)"},"content":{"rendered":"<p>Kit de valve de commande \u00e0 distance hydraulique pour tracteur Massey Ferguson.<\/p>\n<p>Ce kit de valve de commande \u00e0 distance hydraulique convient aux mod\u00e8les de tracteurs Massey Ferguson\u00a0:<\/p>\n<p>TRACTEUR MASSEY FERGUSON<\/p>\n<p>135, 150, 165, 175, 180, 230, 231, 235, 240, 245, 25, 250, 253, 255, 265, 270, 275, 282, 283, 290, 35, 35 UK, 360, 362, 375 , 383, 390, 398, 399, 50, 65, 85<\/p>\n<p>MASSEY FERGUSON INDUSTRIEL \/ CONSTRUCTION<\/p>\n<p>20, 202, 203, 204, 205, 20C, 20D, 20F, 2135, 30, 302, 304, 30B, 30D, 30E, 31, 40, 40B, 40E, 50C, 50D, 50E<\/p>\n<p>FERGUSON<\/p>\n<p>TO35,\u00a040,\u00a0Ag &amp; Ind 40, 50<\/p>\n<p>MASSEY HARRIS 50<\/p>\n<p>Ce kit de valve de commande \u00e0 distance ne s&#8217;adaptera pas aux mod\u00e8les de tracteur MF240 de 1986 &#8211; si vous \u00eates pr\u00eat \u00e0 modifier votre frein \u00e0 main, vous pourrez peut-\u00eatre l&#8217;adapter.<\/p>\n","protected":false},"excerpt":{"rendered":"<p>Kit de valve de commande \u00e0 distance hydraulique pour tracteur Massey Ferguson (Noir).<\/p>\n","protected":false},"featured_media":29139,"comment_status":"open","ping_status":"closed","template":"","meta":{"inline_featured_image":false},"product_cat":[630,633],"product_tag":[],"class_list":{"0":"post-6332","1":"product","2":"type-product","3":"status-publish","4":"has-post-thumbnail","6":"product_cat-kits-de-vanne-de-controle-a-distance","7":"product_cat-massey-ferguson-fr-3","9":"first","10":"instock","11":"taxable","12":"shipping-taxable","13":"purchasable","14":"product-type-simple"},"yoast_head":"<!-- This site is optimized with the Yoast SEO plugin v23.3 - https:\/\/yoast.com\/wordpress\/plugins\/seo\/ -->\n<title>Kit De Valve De Contr\u00f4le Hydraulique \u00c0 Distance Simple Pour Massey Ferguson MF 35 50 65 135 150 - Simple Bobine (Noir) - Hydropartsholland<\/title>\n<meta name=\"description\" content=\"Kit de valve de commande \u00e0 distance hydraulique pour tracteur Massey Ferguson. Pi\u00e8ce de tracteur de haute qualit\u00e9 et livraison rapide en France.\" \/>\n<meta name=\"robots\" content=\"index, follow, max-snippet:-1, max-image-preview:large, max-video-preview:-1\" \/>\n<link rel=\"canonical\" href=\"https:\/\/hydropartsholland.com\/fr\/produit\/single-hydraulic-remote-kit-massey-ferguson-35-50-65-135-150-2\/\" \/>\n<meta property=\"og:locale\" content=\"fr_FR\" \/>\n<meta property=\"og:type\" content=\"article\" \/>\n<meta property=\"og:title\" content=\"Kit De Valve De Contr\u00f4le Hydraulique \u00c0 Distance Simple Pour Massey Ferguson MF 35 50 65 135 150 - Simple Bobine (Noir) - Hydropartsholland\" \/>\n<meta property=\"og:description\" content=\"Kit de valve de commande \u00e0 distance hydraulique pour tracteur Massey Ferguson. Pi\u00e8ce de tracteur de haute qualit\u00e9 et livraison rapide en France.\" \/>\n<meta property=\"og:url\" content=\"https:\/\/hydropartsholland.com\/fr\/produit\/single-hydraulic-remote-kit-massey-ferguson-35-50-65-135-150-2\/\" \/>\n<meta property=\"og:site_name\" content=\"Hydropartsholland\" \/>\n<meta property=\"article:modified_time\" content=\"2025-03-11T11:34:19+00:00\" \/>\n<meta property=\"og:image\" content=\"https:\/\/hydropartsholland.com\/wp-content\/uploads\/2022\/07\/mf2.jpg\" \/>\n\t<meta property=\"og:image:width\" content=\"2047\" \/>\n\t<meta property=\"og:image:height\" content=\"1547\" \/>\n\t<meta property=\"og:image:type\" content=\"image\/jpeg\" \/>\n<meta name=\"twitter:card\" content=\"summary_large_image\" \/>\n<meta name=\"twitter:label1\" content=\"Dur\u00e9e de lecture estim\u00e9e\" \/>\n\t<meta name=\"twitter:data1\" content=\"1 minute\" \/>\n<script type=\"application\/ld+json\" class=\"yoast-schema-graph\">{\"@context\":\"https:\/\/schema.org\",\"@graph\":[{\"@type\":\"WebPage\",\"@id\":\"https:\/\/hydropartsholland.com\/fr\/produit\/single-hydraulic-remote-kit-massey-ferguson-35-50-65-135-150-2\/\",\"url\":\"https:\/\/hydropartsholland.com\/fr\/produit\/single-hydraulic-remote-kit-massey-ferguson-35-50-65-135-150-2\/\",\"name\":\"Kit De Valve De Contr\u00f4le Hydraulique \u00c0 Distance Simple Pour Massey Ferguson MF 35 50 65 135 150 - Simple Bobine (Noir) - Hydropartsholland\",\"isPartOf\":{\"@id\":\"https:\/\/hydropartsholland.com\/#website\"},\"primaryImageOfPage\":{\"@id\":\"https:\/\/hydropartsholland.com\/fr\/produit\/single-hydraulic-remote-kit-massey-ferguson-35-50-65-135-150-2\/#primaryimage\"},\"image\":{\"@id\":\"https:\/\/hydropartsholland.com\/fr\/produit\/single-hydraulic-remote-kit-massey-ferguson-35-50-65-135-150-2\/#primaryimage\"},\"thumbnailUrl\":\"https:\/\/hydropartsholland.com\/wp-content\/uploads\/2022\/07\/mf2.jpg\",\"datePublished\":\"2022-07-28T08:56:26+00:00\",\"dateModified\":\"2025-03-11T11:34:19+00:00\",\"description\":\"Kit de valve de commande \u00e0 distance hydraulique pour tracteur Massey Ferguson. Pi\u00e8ce de tracteur de haute qualit\u00e9 et livraison rapide en France.\",\"breadcrumb\":{\"@id\":\"https:\/\/hydropartsholland.com\/fr\/produit\/single-hydraulic-remote-kit-massey-ferguson-35-50-65-135-150-2\/#breadcrumb\"},\"inLanguage\":\"fr-FR\",\"potentialAction\":[{\"@type\":\"ReadAction\",\"target\":[\"https:\/\/hydropartsholland.com\/fr\/produit\/single-hydraulic-remote-kit-massey-ferguson-35-50-65-135-150-2\/\"]}]},{\"@type\":\"ImageObject\",\"inLanguage\":\"fr-FR\",\"@id\":\"https:\/\/hydropartsholland.com\/fr\/produit\/single-hydraulic-remote-kit-massey-ferguson-35-50-65-135-150-2\/#primaryimage\",\"url\":\"https:\/\/hydropartsholland.com\/wp-content\/uploads\/2022\/07\/mf2.jpg\",\"contentUrl\":\"https:\/\/hydropartsholland.com\/wp-content\/uploads\/2022\/07\/mf2.jpg\",\"width\":2047,\"height\":1547},{\"@type\":\"BreadcrumbList\",\"@id\":\"https:\/\/hydropartsholland.com\/fr\/produit\/single-hydraulic-remote-kit-massey-ferguson-35-50-65-135-150-2\/#breadcrumb\",\"itemListElement\":[{\"@type\":\"ListItem\",\"position\":1,\"name\":\"Home\",\"item\":\"https:\/\/hydropartsholland.com\/\"},{\"@type\":\"ListItem\",\"position\":2,\"name\":\"Boutique\",\"item\":\"https:\/\/hydropartsholland.com\/fr\/boutique\/\"},{\"@type\":\"ListItem\",\"position\":3,\"name\":\"Kit De Valve De Contr\u00f4le Hydraulique \u00c0 Distance Simple Pour Massey Ferguson MF 35 50 65 135 150 &#8211; Simple Bobine (Noir)\"}]},{\"@type\":\"WebSite\",\"@id\":\"https:\/\/hydropartsholland.com\/#website\",\"url\":\"https:\/\/hydropartsholland.com\/\",\"name\":\"Hydropartsholland\",\"description\":\"\",\"publisher\":{\"@id\":\"https:\/\/hydropartsholland.com\/#organization\"},\"potentialAction\":[{\"@type\":\"SearchAction\",\"target\":{\"@type\":\"EntryPoint\",\"urlTemplate\":\"https:\/\/hydropartsholland.com\/?s={search_term_string}\"},\"query-input\":\"required name=search_term_string\"}],\"inLanguage\":\"fr-FR\"},{\"@type\":\"Organization\",\"@id\":\"https:\/\/hydropartsholland.com\/#organization\",\"name\":\"Spare Parts Holland\",\"url\":\"https:\/\/hydropartsholland.com\/\",\"logo\":{\"@type\":\"ImageObject\",\"inLanguage\":\"fr-FR\",\"@id\":\"https:\/\/hydropartsholland.com\/#\/schema\/logo\/image\/\",\"url\":\"https:\/\/hydropartsholland.com\/wp-content\/uploads\/2022\/06\/spareparts-1.png\",\"contentUrl\":\"https:\/\/hydropartsholland.com\/wp-content\/uploads\/2022\/06\/spareparts-1.png\",\"width\":824,\"height\":685,\"caption\":\"Spare Parts Holland\"},\"image\":{\"@id\":\"https:\/\/hydropartsholland.com\/#\/schema\/logo\/image\/\"}}]}<\/script>\n<!-- \/ Yoast SEO plugin. -->","yoast_head_json":{"title":"Kit De Valve De Contr\u00f4le Hydraulique \u00c0 Distance Simple Pour Massey Ferguson MF 35 50 65 135 150 - Simple Bobine (Noir) - Hydropartsholland","description":"Kit de valve de commande \u00e0 distance hydraulique pour tracteur Massey Ferguson. Pi\u00e8ce de tracteur de haute qualit\u00e9 et livraison rapide en France.","robots":{"index":"index","follow":"follow","max-snippet":"max-snippet:-1","max-image-preview":"max-image-preview:large","max-video-preview":"max-video-preview:-1"},"canonical":"https:\/\/hydropartsholland.com\/fr\/produit\/single-hydraulic-remote-kit-massey-ferguson-35-50-65-135-150-2\/","og_locale":"fr_FR","og_type":"article","og_title":"Kit De Valve De Contr\u00f4le Hydraulique \u00c0 Distance Simple Pour Massey Ferguson MF 35 50 65 135 150 - Simple Bobine (Noir) - Hydropartsholland","og_description":"Kit de valve de commande \u00e0 distance hydraulique pour tracteur Massey Ferguson. Pi\u00e8ce de tracteur de haute qualit\u00e9 et livraison rapide en France.","og_url":"https:\/\/hydropartsholland.com\/fr\/produit\/single-hydraulic-remote-kit-massey-ferguson-35-50-65-135-150-2\/","og_site_name":"Hydropartsholland","article_modified_time":"2025-03-11T11:34:19+00:00","og_image":[{"width":2047,"height":1547,"url":"https:\/\/hydropartsholland.com\/wp-content\/uploads\/2022\/07\/mf2.jpg","type":"image\/jpeg"}],"twitter_card":"summary_large_image","twitter_misc":{"Dur\u00e9e de lecture estim\u00e9e":"1 minute"},"schema":{"@context":"https:\/\/schema.org","@graph":[{"@type":"WebPage","@id":"https:\/\/hydropartsholland.com\/fr\/produit\/single-hydraulic-remote-kit-massey-ferguson-35-50-65-135-150-2\/","url":"https:\/\/hydropartsholland.com\/fr\/produit\/single-hydraulic-remote-kit-massey-ferguson-35-50-65-135-150-2\/","name":"Kit De Valve De Contr\u00f4le Hydraulique \u00c0 Distance Simple Pour Massey Ferguson MF 35 50 65 135 150 - Simple Bobine (Noir) - Hydropartsholland","isPartOf":{"@id":"https:\/\/hydropartsholland.com\/#website"},"primaryImageOfPage":{"@id":"https:\/\/hydropartsholland.com\/fr\/produit\/single-hydraulic-remote-kit-massey-ferguson-35-50-65-135-150-2\/#primaryimage"},"image":{"@id":"https:\/\/hydropartsholland.com\/fr\/produit\/single-hydraulic-remote-kit-massey-ferguson-35-50-65-135-150-2\/#primaryimage"},"thumbnailUrl":"https:\/\/hydropartsholland.com\/wp-content\/uploads\/2022\/07\/mf2.jpg","datePublished":"2022-07-28T08:56:26+00:00","dateModified":"2025-03-11T11:34:19+00:00","description":"Kit de valve de commande \u00e0 distance hydraulique pour tracteur Massey Ferguson. Pi\u00e8ce de tracteur de haute qualit\u00e9 et livraison rapide en France.","breadcrumb":{"@id":"https:\/\/hydropartsholland.com\/fr\/produit\/single-hydraulic-remote-kit-massey-ferguson-35-50-65-135-150-2\/#breadcrumb"},"inLanguage":"fr-FR","potentialAction":[{"@type":"ReadAction","target":["https:\/\/hydropartsholland.com\/fr\/produit\/single-hydraulic-remote-kit-massey-ferguson-35-50-65-135-150-2\/"]}]},{"@type":"ImageObject","inLanguage":"fr-FR","@id":"https:\/\/hydropartsholland.com\/fr\/produit\/single-hydraulic-remote-kit-massey-ferguson-35-50-65-135-150-2\/#primaryimage","url":"https:\/\/hydropartsholland.com\/wp-content\/uploads\/2022\/07\/mf2.jpg","contentUrl":"https:\/\/hydropartsholland.com\/wp-content\/uploads\/2022\/07\/mf2.jpg","width":2047,"height":1547},{"@type":"BreadcrumbList","@id":"https:\/\/hydropartsholland.com\/fr\/produit\/single-hydraulic-remote-kit-massey-ferguson-35-50-65-135-150-2\/#breadcrumb","itemListElement":[{"@type":"ListItem","position":1,"name":"Home","item":"https:\/\/hydropartsholland.com\/"},{"@type":"ListItem","position":2,"name":"Boutique","item":"https:\/\/hydropartsholland.com\/fr\/boutique\/"},{"@type":"ListItem","position":3,"name":"Kit De Valve De Contr\u00f4le Hydraulique \u00c0 Distance Simple Pour Massey Ferguson MF 35 50 65 135 150 &#8211; Simple Bobine (Noir)"}]},{"@type":"WebSite","@id":"https:\/\/hydropartsholland.com\/#website","url":"https:\/\/hydropartsholland.com\/","name":"Hydropartsholland","description":"","publisher":{"@id":"https:\/\/hydropartsholland.com\/#organization"},"potentialAction":[{"@type":"SearchAction","target":{"@type":"EntryPoint","urlTemplate":"https:\/\/hydropartsholland.com\/?s={search_term_string}"},"query-input":"required name=search_term_string"}],"inLanguage":"fr-FR"},{"@type":"Organization","@id":"https:\/\/hydropartsholland.com\/#organization","name":"Spare Parts Holland","url":"https:\/\/hydropartsholland.com\/","logo":{"@type":"ImageObject","inLanguage":"fr-FR","@id":"https:\/\/hydropartsholland.com\/#\/schema\/logo\/image\/","url":"https:\/\/hydropartsholland.com\/wp-content\/uploads\/2022\/06\/spareparts-1.png","contentUrl":"https:\/\/hydropartsholland.com\/wp-content\/uploads\/2022\/06\/spareparts-1.png","width":824,"height":685,"caption":"Spare Parts Holland"},"image":{"@id":"https:\/\/hydropartsholland.com\/#\/schema\/logo\/image\/"}}]}},"_links":{"self":[{"href":"https:\/\/hydropartsholland.com\/fr\/wp-json\/wp\/v2\/product\/6332","targetHints":{"allow":["GET"]}}],"collection":[{"href":"https:\/\/hydropartsholland.com\/fr\/wp-json\/wp\/v2\/product"}],"about":[{"href":"https:\/\/hydropartsholland.com\/fr\/wp-json\/wp\/v2\/types\/product"}],"replies":[{"embeddable":true,"href":"https:\/\/hydropartsholland.com\/fr\/wp-json\/wp\/v2\/comments?post=6332"}],"wp:featuredmedia":[{"embeddable":true,"href":"https:\/\/hydropartsholland.com\/fr\/wp-json\/wp\/v2\/media\/29139"}],"wp:attachment":[{"href":"https:\/\/hydropartsholland.com\/fr\/wp-json\/wp\/v2\/media?parent=6332"}],"wp:term":[{"taxonomy":"product_cat","embeddable":true,"href":"https:\/\/hydropartsholland.com\/fr\/wp-json\/wp\/v2\/product_cat?post=6332"},{"taxonomy":"product_tag","embeddable":true,"href":"https:\/\/hydropartsholland.com\/fr\/wp-json\/wp\/v2\/product_tag?post=6332"}],"curies":[{"name":"wp","href":"https:\/\/api.w.org\/{rel}","templated":true}]}}