{"id":6309,"date":"2022-07-28T09:56:28","date_gmt":"2022-07-28T08:56:28","guid":{"rendered":"https:\/\/hydropartsholland.com\/product\/ford-tractor-new-hydraulic-remote-control-valve-kit-6410-6610-6710-6810\/"},"modified":"2025-03-11T12:34:10","modified_gmt":"2025-03-11T11:34:10","slug":"ford-tractor-new-hydraulic-remote-control-valve-kit-6410-6610-6710-6810","status":"publish","type":"product","link":"https:\/\/hydropartsholland.com\/fr\/produit\/ford-tractor-new-hydraulic-remote-control-valve-kit-6410-6610-6710-6810\/","title":{"rendered":"Kit De Valve De Contr\u00f4le Hydraulique Command\u00e9e \u00c0 Distance Pour Ford 5110 5610 6410 6610 6710 6810 7610 7710 7810 7910 8210"},"content":{"rendered":"<p>Kit de valve de commande \u00e0 distance hydraulique pour tracteurs Ford.<\/p>\n<ul>\n<li>Double bobine<\/li>\n<li>Simple \/ double effet avec flexibles<\/li>\n<li>Raccords rapides femelles<\/li>\n<\/ul>\n<p>Ce kit de vanne de commande \u00e0 distance hydraulique s&#8217;adapte \u00e0\u00a0:<\/p>\n<p>S\u00e9rie 5000 : 5110, 5610<\/p>\n<p>S\u00e9rie 6000 : 6410, 6610, 6710, 6810<\/p>\n<p>S\u00e9rie 7000 : 7610, 7710, 7810, 7910<\/p>\n<p>S\u00e9rie 8000 : 8210<\/p>\n","protected":false},"excerpt":{"rendered":"<ul>\n<li>Double bobine<\/li>\n<li>Simple \/ double effet avec flexibles<\/li>\n<li>Raccords rapides femelles<\/li>\n<\/ul>\n","protected":false},"featured_media":30438,"comment_status":"open","ping_status":"closed","template":"","meta":{"inline_featured_image":false},"product_cat":[630,632],"product_tag":[],"class_list":{"0":"post-6309","1":"product","2":"type-product","3":"status-publish","4":"has-post-thumbnail","6":"product_cat-kits-de-vanne-de-controle-a-distance","7":"product_cat-ford-fr-3","9":"first","10":"instock","11":"taxable","12":"shipping-taxable","13":"purchasable","14":"product-type-simple"},"yoast_head":"<!-- This site is optimized with the Yoast SEO plugin v23.3 - https:\/\/yoast.com\/wordpress\/plugins\/seo\/ -->\n<title>Kit De Valve De Contr\u00f4le Hydraulique Command\u00e9e \u00c0 Distance Pour Ford 5110 5610 6410 6610 6710 6810 7610 7710 7810 7910 8210 - Hydropartsholland<\/title>\n<meta name=\"description\" content=\"Kit de valve de commande \u00e0 distance hydraulique pour tracteurs Ford. Double bobine. Simple \/ double effet avec flexibles. Raccords rapides femelles.\" \/>\n<meta name=\"robots\" content=\"index, follow, max-snippet:-1, max-image-preview:large, max-video-preview:-1\" \/>\n<link rel=\"canonical\" href=\"https:\/\/hydropartsholland.com\/fr\/produit\/ford-tractor-new-hydraulic-remote-control-valve-kit-6410-6610-6710-6810\/\" \/>\n<meta property=\"og:locale\" content=\"fr_FR\" \/>\n<meta property=\"og:type\" content=\"article\" \/>\n<meta property=\"og:title\" content=\"Kit De Valve De Contr\u00f4le Hydraulique Command\u00e9e \u00c0 Distance Pour Ford 5110 5610 6410 6610 6710 6810 7610 7710 7810 7910 8210 - Hydropartsholland\" \/>\n<meta property=\"og:description\" content=\"Kit de valve de commande \u00e0 distance hydraulique pour tracteurs Ford. Double bobine. Simple \/ double effet avec flexibles. Raccords rapides femelles.\" \/>\n<meta property=\"og:url\" content=\"https:\/\/hydropartsholland.com\/fr\/produit\/ford-tractor-new-hydraulic-remote-control-valve-kit-6410-6610-6710-6810\/\" \/>\n<meta property=\"og:site_name\" content=\"Hydropartsholland\" \/>\n<meta property=\"article:modified_time\" content=\"2025-03-11T11:34:10+00:00\" \/>\n<meta property=\"og:image\" content=\"https:\/\/hydropartsholland.com\/wp-content\/uploads\/2022\/07\/DSCF6815-copy-3-1-scaled.jpg\" \/>\n\t<meta property=\"og:image:width\" content=\"2560\" \/>\n\t<meta property=\"og:image:height\" content=\"2560\" \/>\n\t<meta property=\"og:image:type\" content=\"image\/jpeg\" \/>\n<meta name=\"twitter:card\" content=\"summary_large_image\" \/>\n<meta name=\"twitter:label1\" content=\"Dur\u00e9e de lecture estim\u00e9e\" \/>\n\t<meta name=\"twitter:data1\" content=\"1 minute\" \/>\n<script type=\"application\/ld+json\" class=\"yoast-schema-graph\">{\"@context\":\"https:\/\/schema.org\",\"@graph\":[{\"@type\":\"WebPage\",\"@id\":\"https:\/\/hydropartsholland.com\/fr\/produit\/ford-tractor-new-hydraulic-remote-control-valve-kit-6410-6610-6710-6810\/\",\"url\":\"https:\/\/hydropartsholland.com\/fr\/produit\/ford-tractor-new-hydraulic-remote-control-valve-kit-6410-6610-6710-6810\/\",\"name\":\"Kit De Valve De Contr\u00f4le Hydraulique Command\u00e9e \u00c0 Distance Pour Ford 5110 5610 6410 6610 6710 6810 7610 7710 7810 7910 8210 - Hydropartsholland\",\"isPartOf\":{\"@id\":\"https:\/\/hydropartsholland.com\/#website\"},\"primaryImageOfPage\":{\"@id\":\"https:\/\/hydropartsholland.com\/fr\/produit\/ford-tractor-new-hydraulic-remote-control-valve-kit-6410-6610-6710-6810\/#primaryimage\"},\"image\":{\"@id\":\"https:\/\/hydropartsholland.com\/fr\/produit\/ford-tractor-new-hydraulic-remote-control-valve-kit-6410-6610-6710-6810\/#primaryimage\"},\"thumbnailUrl\":\"https:\/\/hydropartsholland.com\/wp-content\/uploads\/2022\/07\/DSCF6815-copy-3-1-scaled.jpg\",\"datePublished\":\"2022-07-28T08:56:28+00:00\",\"dateModified\":\"2025-03-11T11:34:10+00:00\",\"description\":\"Kit de valve de commande \u00e0 distance hydraulique pour tracteurs Ford. Double bobine. Simple \/ double effet avec flexibles. Raccords rapides femelles.\",\"breadcrumb\":{\"@id\":\"https:\/\/hydropartsholland.com\/fr\/produit\/ford-tractor-new-hydraulic-remote-control-valve-kit-6410-6610-6710-6810\/#breadcrumb\"},\"inLanguage\":\"fr-FR\",\"potentialAction\":[{\"@type\":\"ReadAction\",\"target\":[\"https:\/\/hydropartsholland.com\/fr\/produit\/ford-tractor-new-hydraulic-remote-control-valve-kit-6410-6610-6710-6810\/\"]}]},{\"@type\":\"ImageObject\",\"inLanguage\":\"fr-FR\",\"@id\":\"https:\/\/hydropartsholland.com\/fr\/produit\/ford-tractor-new-hydraulic-remote-control-valve-kit-6410-6610-6710-6810\/#primaryimage\",\"url\":\"https:\/\/hydropartsholland.com\/wp-content\/uploads\/2022\/07\/DSCF6815-copy-3-1-scaled.jpg\",\"contentUrl\":\"https:\/\/hydropartsholland.com\/wp-content\/uploads\/2022\/07\/DSCF6815-copy-3-1-scaled.jpg\",\"width\":2560,\"height\":2560},{\"@type\":\"BreadcrumbList\",\"@id\":\"https:\/\/hydropartsholland.com\/fr\/produit\/ford-tractor-new-hydraulic-remote-control-valve-kit-6410-6610-6710-6810\/#breadcrumb\",\"itemListElement\":[{\"@type\":\"ListItem\",\"position\":1,\"name\":\"Home\",\"item\":\"https:\/\/hydropartsholland.com\/\"},{\"@type\":\"ListItem\",\"position\":2,\"name\":\"Boutique\",\"item\":\"https:\/\/hydropartsholland.com\/fr\/boutique\/\"},{\"@type\":\"ListItem\",\"position\":3,\"name\":\"Kit De Valve De Contr\u00f4le Hydraulique Command\u00e9e \u00c0 Distance Pour Ford 5110 5610 6410 6610 6710 6810 7610 7710 7810 7910 8210\"}]},{\"@type\":\"WebSite\",\"@id\":\"https:\/\/hydropartsholland.com\/#website\",\"url\":\"https:\/\/hydropartsholland.com\/\",\"name\":\"Hydropartsholland\",\"description\":\"\",\"publisher\":{\"@id\":\"https:\/\/hydropartsholland.com\/#organization\"},\"potentialAction\":[{\"@type\":\"SearchAction\",\"target\":{\"@type\":\"EntryPoint\",\"urlTemplate\":\"https:\/\/hydropartsholland.com\/?s={search_term_string}\"},\"query-input\":\"required name=search_term_string\"}],\"inLanguage\":\"fr-FR\"},{\"@type\":\"Organization\",\"@id\":\"https:\/\/hydropartsholland.com\/#organization\",\"name\":\"Spare Parts Holland\",\"url\":\"https:\/\/hydropartsholland.com\/\",\"logo\":{\"@type\":\"ImageObject\",\"inLanguage\":\"fr-FR\",\"@id\":\"https:\/\/hydropartsholland.com\/#\/schema\/logo\/image\/\",\"url\":\"https:\/\/hydropartsholland.com\/wp-content\/uploads\/2022\/06\/spareparts-1.png\",\"contentUrl\":\"https:\/\/hydropartsholland.com\/wp-content\/uploads\/2022\/06\/spareparts-1.png\",\"width\":824,\"height\":685,\"caption\":\"Spare Parts Holland\"},\"image\":{\"@id\":\"https:\/\/hydropartsholland.com\/#\/schema\/logo\/image\/\"}}]}<\/script>\n<!-- \/ Yoast SEO plugin. -->","yoast_head_json":{"title":"Kit De Valve De Contr\u00f4le Hydraulique Command\u00e9e \u00c0 Distance Pour Ford 5110 5610 6410 6610 6710 6810 7610 7710 7810 7910 8210 - Hydropartsholland","description":"Kit de valve de commande \u00e0 distance hydraulique pour tracteurs Ford. Double bobine. Simple \/ double effet avec flexibles. Raccords rapides femelles.","robots":{"index":"index","follow":"follow","max-snippet":"max-snippet:-1","max-image-preview":"max-image-preview:large","max-video-preview":"max-video-preview:-1"},"canonical":"https:\/\/hydropartsholland.com\/fr\/produit\/ford-tractor-new-hydraulic-remote-control-valve-kit-6410-6610-6710-6810\/","og_locale":"fr_FR","og_type":"article","og_title":"Kit De Valve De Contr\u00f4le Hydraulique Command\u00e9e \u00c0 Distance Pour Ford 5110 5610 6410 6610 6710 6810 7610 7710 7810 7910 8210 - Hydropartsholland","og_description":"Kit de valve de commande \u00e0 distance hydraulique pour tracteurs Ford. Double bobine. Simple \/ double effet avec flexibles. Raccords rapides femelles.","og_url":"https:\/\/hydropartsholland.com\/fr\/produit\/ford-tractor-new-hydraulic-remote-control-valve-kit-6410-6610-6710-6810\/","og_site_name":"Hydropartsholland","article_modified_time":"2025-03-11T11:34:10+00:00","og_image":[{"width":2560,"height":2560,"url":"https:\/\/hydropartsholland.com\/wp-content\/uploads\/2022\/07\/DSCF6815-copy-3-1-scaled.jpg","type":"image\/jpeg"}],"twitter_card":"summary_large_image","twitter_misc":{"Dur\u00e9e de lecture estim\u00e9e":"1 minute"},"schema":{"@context":"https:\/\/schema.org","@graph":[{"@type":"WebPage","@id":"https:\/\/hydropartsholland.com\/fr\/produit\/ford-tractor-new-hydraulic-remote-control-valve-kit-6410-6610-6710-6810\/","url":"https:\/\/hydropartsholland.com\/fr\/produit\/ford-tractor-new-hydraulic-remote-control-valve-kit-6410-6610-6710-6810\/","name":"Kit De Valve De Contr\u00f4le Hydraulique Command\u00e9e \u00c0 Distance Pour Ford 5110 5610 6410 6610 6710 6810 7610 7710 7810 7910 8210 - Hydropartsholland","isPartOf":{"@id":"https:\/\/hydropartsholland.com\/#website"},"primaryImageOfPage":{"@id":"https:\/\/hydropartsholland.com\/fr\/produit\/ford-tractor-new-hydraulic-remote-control-valve-kit-6410-6610-6710-6810\/#primaryimage"},"image":{"@id":"https:\/\/hydropartsholland.com\/fr\/produit\/ford-tractor-new-hydraulic-remote-control-valve-kit-6410-6610-6710-6810\/#primaryimage"},"thumbnailUrl":"https:\/\/hydropartsholland.com\/wp-content\/uploads\/2022\/07\/DSCF6815-copy-3-1-scaled.jpg","datePublished":"2022-07-28T08:56:28+00:00","dateModified":"2025-03-11T11:34:10+00:00","description":"Kit de valve de commande \u00e0 distance hydraulique pour tracteurs Ford. Double bobine. Simple \/ double effet avec flexibles. Raccords rapides femelles.","breadcrumb":{"@id":"https:\/\/hydropartsholland.com\/fr\/produit\/ford-tractor-new-hydraulic-remote-control-valve-kit-6410-6610-6710-6810\/#breadcrumb"},"inLanguage":"fr-FR","potentialAction":[{"@type":"ReadAction","target":["https:\/\/hydropartsholland.com\/fr\/produit\/ford-tractor-new-hydraulic-remote-control-valve-kit-6410-6610-6710-6810\/"]}]},{"@type":"ImageObject","inLanguage":"fr-FR","@id":"https:\/\/hydropartsholland.com\/fr\/produit\/ford-tractor-new-hydraulic-remote-control-valve-kit-6410-6610-6710-6810\/#primaryimage","url":"https:\/\/hydropartsholland.com\/wp-content\/uploads\/2022\/07\/DSCF6815-copy-3-1-scaled.jpg","contentUrl":"https:\/\/hydropartsholland.com\/wp-content\/uploads\/2022\/07\/DSCF6815-copy-3-1-scaled.jpg","width":2560,"height":2560},{"@type":"BreadcrumbList","@id":"https:\/\/hydropartsholland.com\/fr\/produit\/ford-tractor-new-hydraulic-remote-control-valve-kit-6410-6610-6710-6810\/#breadcrumb","itemListElement":[{"@type":"ListItem","position":1,"name":"Home","item":"https:\/\/hydropartsholland.com\/"},{"@type":"ListItem","position":2,"name":"Boutique","item":"https:\/\/hydropartsholland.com\/fr\/boutique\/"},{"@type":"ListItem","position":3,"name":"Kit De Valve De Contr\u00f4le Hydraulique Command\u00e9e \u00c0 Distance Pour Ford 5110 5610 6410 6610 6710 6810 7610 7710 7810 7910 8210"}]},{"@type":"WebSite","@id":"https:\/\/hydropartsholland.com\/#website","url":"https:\/\/hydropartsholland.com\/","name":"Hydropartsholland","description":"","publisher":{"@id":"https:\/\/hydropartsholland.com\/#organization"},"potentialAction":[{"@type":"SearchAction","target":{"@type":"EntryPoint","urlTemplate":"https:\/\/hydropartsholland.com\/?s={search_term_string}"},"query-input":"required name=search_term_string"}],"inLanguage":"fr-FR"},{"@type":"Organization","@id":"https:\/\/hydropartsholland.com\/#organization","name":"Spare Parts Holland","url":"https:\/\/hydropartsholland.com\/","logo":{"@type":"ImageObject","inLanguage":"fr-FR","@id":"https:\/\/hydropartsholland.com\/#\/schema\/logo\/image\/","url":"https:\/\/hydropartsholland.com\/wp-content\/uploads\/2022\/06\/spareparts-1.png","contentUrl":"https:\/\/hydropartsholland.com\/wp-content\/uploads\/2022\/06\/spareparts-1.png","width":824,"height":685,"caption":"Spare Parts Holland"},"image":{"@id":"https:\/\/hydropartsholland.com\/#\/schema\/logo\/image\/"}}]}},"_links":{"self":[{"href":"https:\/\/hydropartsholland.com\/fr\/wp-json\/wp\/v2\/product\/6309","targetHints":{"allow":["GET"]}}],"collection":[{"href":"https:\/\/hydropartsholland.com\/fr\/wp-json\/wp\/v2\/product"}],"about":[{"href":"https:\/\/hydropartsholland.com\/fr\/wp-json\/wp\/v2\/types\/product"}],"replies":[{"embeddable":true,"href":"https:\/\/hydropartsholland.com\/fr\/wp-json\/wp\/v2\/comments?post=6309"}],"wp:featuredmedia":[{"embeddable":true,"href":"https:\/\/hydropartsholland.com\/fr\/wp-json\/wp\/v2\/media\/30438"}],"wp:attachment":[{"href":"https:\/\/hydropartsholland.com\/fr\/wp-json\/wp\/v2\/media?parent=6309"}],"wp:term":[{"taxonomy":"product_cat","embeddable":true,"href":"https:\/\/hydropartsholland.com\/fr\/wp-json\/wp\/v2\/product_cat?post=6309"},{"taxonomy":"product_tag","embeddable":true,"href":"https:\/\/hydropartsholland.com\/fr\/wp-json\/wp\/v2\/product_tag?post=6309"}],"curies":[{"name":"wp","href":"https:\/\/api.w.org\/{rel}","templated":true}]}}