{"id":6286,"date":"2022-07-28T09:56:31","date_gmt":"2022-07-28T08:56:31","guid":{"rendered":"https:\/\/hydropartsholland.com\/product\/ford-5000-5600-6600-power-steering-conversion-kit\/"},"modified":"2025-03-11T12:33:12","modified_gmt":"2025-03-11T11:33:12","slug":"ford-5000-5600-6600-power-steering-conversion-kit","status":"publish","type":"product","link":"https:\/\/hydropartsholland.com\/fr\/produit\/ford-5000-5600-6600-power-steering-conversion-kit\/","title":{"rendered":"Kit Direction Assistee Tracteur Ford 5000"},"content":{"rendered":"<div id=\"availability_feature_div\" class=\"celwidget\" data-feature-name=\"availability\" data-csa-c-type=\"widget\" data-csa-c-content-id=\"availability\" data-csa-c-slot-id=\"availability_feature_div\" data-csa-c-asin=\"B08FWN7VHS\" data-csa-c-is-in-initial-active-row=\"false\" data-csa-c-id=\"78x9d9-68v26m-auh6lm-u61q9z\" data-cel-widget=\"availability_feature_div\">\n<div id=\"availability\" class=\"a-section a-spacing-base a-spacing-top-micro }\">Nous ne savons pas quand cet article sera de nouveau approvisionn\u00e9 ni s&#8217;il le sera.<\/div>\n<div class=\"a-section a-spacing-mini\"><label class=\"a-form-label\">Taille: <\/label><span class=\"selection\">Ford 5000 5600, 6600<\/span><\/div>\n<\/div>\n<div id=\"twister_feature_div\" class=\"celwidget\" data-feature-name=\"twister\" data-csa-c-type=\"widget\" data-csa-c-content-id=\"twister\" data-csa-c-slot-id=\"twister_feature_div\" data-csa-c-asin=\"B08FWN7VHS\" data-csa-c-is-in-initial-active-row=\"false\" data-csa-c-id=\"ivicqt-45ex5x-j2undx-t0j9dy\" data-cel-widget=\"twister_feature_div\">\n<div id=\"twisterContainer\" class=\"addTwisterMargin\">\n<div class=\"a-section\">\n<form id=\"twister\" class=\"a-spacing-small\" action=\"https:\/\/www.amazon.fr\/gp\/product\" method=\"get\">\n<div id=\"variation_size_name\" class=\"a-section a-spacing-small\">\n<ul class=\"a-unordered-list a-nostyle a-button-list a-declarative a-button-toggle-group a-horizontal a-spacing-top-micro swatches swatchesSquare\" role=\"radiogroup\" data-csa-c-func-deps=\"aui-da-a-button-group\" data-csa-c-type=\"widget\" data-csa-interaction-events=\"click\" data-action=\"a-button-group\" data-a-button-group=\"{&quot;name&quot;:&quot;twister_size_name&quot;}\" data-csa-c-id=\"2ia85z-4bmuuo-a7vxdp-7oa2qr\">\n<li id=\"size_name_0\" class=\"swatchAvailable\" title=\"Cliquez pour s\u00e9lectionner Ford 4000-4600\" data-defaultasin=\"B08FX92G6M\" data-dp-url=\"\/dp\/B08FX92G6M\/ref=twister_B09YHJTJZ1?_encoding=UTF8&amp;psc=1\">\n<div class=\"tooltip\">\n<div class=\"twisterSwatchWrapper_0 twisterSwatchWrapper thinWidthOverride\">\n<div class=\"twisterTextDiv text\">\n<p class=\"a-text-left a-size-base\">Ford 4000-4600<\/p>\n<\/div>\n<div class=\"twisterSlotDiv \"><span id=\"size_name_0_price\" class=\"olp-message a-color-secondary\"><span class=\"a-size-mini olpWrapper\">1 option \u00e0 partir de 379,00\u00a0\u20ac<\/span><\/span><\/div>\n<\/div>\n<\/div>\n<\/li>\n<li id=\"size_name_1\" class=\"swatchSelect\" title=\"Cliquez pour s\u00e9lectionner Ford 5000 5600, 6600\" data-defaultasin=\"B08FWN7VHS\" data-dp-url=\"\">\n<div class=\"tooltip\">\n<div class=\"twisterSwatchWrapper_0 twisterSwatchWrapper thinWidthOverride\">\n<div class=\"twisterTextDiv text\">\n<p class=\"a-text-left a-size-base\">Ford 5000 5600, 6600<\/p>\n<\/div>\n<div class=\"twisterSlotDiv \"><span id=\"size_name_1_price\" class=\"olp-message a-color-price\"><span class=\"a-size-mini olpWrapper\">1 option \u00e0 partir de 379,00\u00a0\u20ac<\/span><\/span><\/div>\n<\/div>\n<\/div>\n<\/li>\n<\/ul>\n<\/div>\n<\/form>\n<\/div>\n<\/div>\n<\/div>\n<div id=\"productOverview_feature_div\" class=\"celwidget\" data-feature-name=\"productOverview\" data-csa-c-type=\"widget\" data-csa-c-content-id=\"productOverview\" data-csa-c-slot-id=\"productOverview_feature_div\" data-csa-c-asin=\"B08FWN7VHS\" data-csa-c-is-in-initial-active-row=\"false\" data-csa-c-id=\"371lai-8v14kt-unw0eh-tivrcn\" data-cel-widget=\"productOverview_feature_div\">Instructions de montage incluses<\/div>\n<div id=\"featurebullets_feature_div\" class=\"celwidget\" data-feature-name=\"featurebullets\" data-csa-c-type=\"widget\" data-csa-c-content-id=\"featurebullets\" data-csa-c-slot-id=\"featurebullets_feature_div\" data-csa-c-asin=\"B08FWN7VHS\" data-csa-c-is-in-initial-active-row=\"false\" data-csa-c-id=\"cwj6i2-6s31om-nt4f5z-nwgclk\" data-cel-widget=\"featurebullets_feature_div\">\n<div id=\"feature-bullets\" class=\"a-section a-spacing-medium a-spacing-top-small\">\n<ul class=\"a-unordered-list a-vertical a-spacing-mini\">\n<li><span class=\"a-list-item\">Convient pour Ford 5000, 5600 et 6600<\/span><\/li>\n<li><span class=\"a-list-item\">L&#8217;ensemble comprend: bride de montage, cylindre de direction assist\u00e9e, tige longue, pompe hydraulique, r\u00e9servoir d&#8217;huile, tuyau de pression, tuyau d&#8217;admission, tuyau de vidange, boutons de direction et mat\u00e9riel.<\/span><\/li>\n<\/ul>\n<\/div>\n<\/div>\n","protected":false},"excerpt":{"rendered":"<table align=\"center\">\n<tbody>\n<tr>\n<td>\n<div id=\"ds_div\"><span style=\"font-size: large;\">POWER STEERING CONVERSION KIT, Fits Ford 5000, 5600, 6600<\/span><\/div>\n<\/td>\n<\/tr>\n<\/tbody>\n<\/table>\n","protected":false},"featured_media":33503,"comment_status":"open","ping_status":"closed","template":"","meta":{"inline_featured_image":false},"product_cat":[619,623],"product_tag":[],"class_list":{"0":"post-6286","1":"product","2":"type-product","3":"status-publish","4":"has-post-thumbnail","6":"product_cat-kit-de-direction-assistee","7":"product_cat-ford-fordson-major-fr","9":"first","10":"instock","11":"taxable","12":"shipping-taxable","13":"purchasable","14":"product-type-simple"},"yoast_head":"<!-- This site is optimized with the Yoast SEO plugin v23.3 - https:\/\/yoast.com\/wordpress\/plugins\/seo\/ -->\n<title>Kit Direction Assistee Tracteur Ford 5000 - Hydropartsholland<\/title>\n<meta name=\"robots\" content=\"index, follow, max-snippet:-1, max-image-preview:large, max-video-preview:-1\" \/>\n<link rel=\"canonical\" href=\"https:\/\/hydropartsholland.com\/fr\/produit\/ford-5000-5600-6600-power-steering-conversion-kit\/\" \/>\n<meta property=\"og:locale\" content=\"fr_FR\" \/>\n<meta property=\"og:type\" content=\"article\" \/>\n<meta property=\"og:title\" content=\"Kit Direction Assistee Tracteur Ford 5000 - Hydropartsholland\" \/>\n<meta property=\"og:description\" content=\"POWER STEERING CONVERSION KIT, Fits Ford 5000, 5600, 6600\" \/>\n<meta property=\"og:url\" content=\"https:\/\/hydropartsholland.com\/fr\/produit\/ford-5000-5600-6600-power-steering-conversion-kit\/\" \/>\n<meta property=\"og:site_name\" content=\"Hydropartsholland\" \/>\n<meta property=\"article:modified_time\" content=\"2025-03-11T11:33:12+00:00\" \/>\n<meta property=\"og:image\" content=\"https:\/\/hydropartsholland.com\/wp-content\/uploads\/2022\/07\/DSCF8721-kopya-scaled.jpg\" \/>\n\t<meta property=\"og:image:width\" content=\"2560\" \/>\n\t<meta property=\"og:image:height\" content=\"2560\" \/>\n\t<meta property=\"og:image:type\" content=\"image\/jpeg\" \/>\n<meta name=\"twitter:card\" content=\"summary_large_image\" \/>\n<meta name=\"twitter:label1\" content=\"Dur\u00e9e de lecture estim\u00e9e\" \/>\n\t<meta name=\"twitter:data1\" content=\"1 minute\" \/>\n<script type=\"application\/ld+json\" class=\"yoast-schema-graph\">{\"@context\":\"https:\/\/schema.org\",\"@graph\":[{\"@type\":\"WebPage\",\"@id\":\"https:\/\/hydropartsholland.com\/fr\/produit\/ford-5000-5600-6600-power-steering-conversion-kit\/\",\"url\":\"https:\/\/hydropartsholland.com\/fr\/produit\/ford-5000-5600-6600-power-steering-conversion-kit\/\",\"name\":\"Kit Direction Assistee Tracteur Ford 5000 - Hydropartsholland\",\"isPartOf\":{\"@id\":\"https:\/\/hydropartsholland.com\/#website\"},\"primaryImageOfPage\":{\"@id\":\"https:\/\/hydropartsholland.com\/fr\/produit\/ford-5000-5600-6600-power-steering-conversion-kit\/#primaryimage\"},\"image\":{\"@id\":\"https:\/\/hydropartsholland.com\/fr\/produit\/ford-5000-5600-6600-power-steering-conversion-kit\/#primaryimage\"},\"thumbnailUrl\":\"https:\/\/hydropartsholland.com\/wp-content\/uploads\/2022\/07\/DSCF8721-kopya-scaled.jpg\",\"datePublished\":\"2022-07-28T08:56:31+00:00\",\"dateModified\":\"2025-03-11T11:33:12+00:00\",\"breadcrumb\":{\"@id\":\"https:\/\/hydropartsholland.com\/fr\/produit\/ford-5000-5600-6600-power-steering-conversion-kit\/#breadcrumb\"},\"inLanguage\":\"fr-FR\",\"potentialAction\":[{\"@type\":\"ReadAction\",\"target\":[\"https:\/\/hydropartsholland.com\/fr\/produit\/ford-5000-5600-6600-power-steering-conversion-kit\/\"]}]},{\"@type\":\"ImageObject\",\"inLanguage\":\"fr-FR\",\"@id\":\"https:\/\/hydropartsholland.com\/fr\/produit\/ford-5000-5600-6600-power-steering-conversion-kit\/#primaryimage\",\"url\":\"https:\/\/hydropartsholland.com\/wp-content\/uploads\/2022\/07\/DSCF8721-kopya-scaled.jpg\",\"contentUrl\":\"https:\/\/hydropartsholland.com\/wp-content\/uploads\/2022\/07\/DSCF8721-kopya-scaled.jpg\",\"width\":2560,\"height\":2560},{\"@type\":\"BreadcrumbList\",\"@id\":\"https:\/\/hydropartsholland.com\/fr\/produit\/ford-5000-5600-6600-power-steering-conversion-kit\/#breadcrumb\",\"itemListElement\":[{\"@type\":\"ListItem\",\"position\":1,\"name\":\"Home\",\"item\":\"https:\/\/hydropartsholland.com\/\"},{\"@type\":\"ListItem\",\"position\":2,\"name\":\"Boutique\",\"item\":\"https:\/\/hydropartsholland.com\/fr\/boutique\/\"},{\"@type\":\"ListItem\",\"position\":3,\"name\":\"Kit Direction Assistee Tracteur Ford 5000\"}]},{\"@type\":\"WebSite\",\"@id\":\"https:\/\/hydropartsholland.com\/#website\",\"url\":\"https:\/\/hydropartsholland.com\/\",\"name\":\"Hydropartsholland\",\"description\":\"\",\"publisher\":{\"@id\":\"https:\/\/hydropartsholland.com\/#organization\"},\"potentialAction\":[{\"@type\":\"SearchAction\",\"target\":{\"@type\":\"EntryPoint\",\"urlTemplate\":\"https:\/\/hydropartsholland.com\/?s={search_term_string}\"},\"query-input\":\"required name=search_term_string\"}],\"inLanguage\":\"fr-FR\"},{\"@type\":\"Organization\",\"@id\":\"https:\/\/hydropartsholland.com\/#organization\",\"name\":\"Spare Parts Holland\",\"url\":\"https:\/\/hydropartsholland.com\/\",\"logo\":{\"@type\":\"ImageObject\",\"inLanguage\":\"fr-FR\",\"@id\":\"https:\/\/hydropartsholland.com\/#\/schema\/logo\/image\/\",\"url\":\"https:\/\/hydropartsholland.com\/wp-content\/uploads\/2022\/06\/spareparts-1.png\",\"contentUrl\":\"https:\/\/hydropartsholland.com\/wp-content\/uploads\/2022\/06\/spareparts-1.png\",\"width\":824,\"height\":685,\"caption\":\"Spare Parts Holland\"},\"image\":{\"@id\":\"https:\/\/hydropartsholland.com\/#\/schema\/logo\/image\/\"}}]}<\/script>\n<!-- \/ Yoast SEO plugin. -->","yoast_head_json":{"title":"Kit Direction Assistee Tracteur Ford 5000 - Hydropartsholland","robots":{"index":"index","follow":"follow","max-snippet":"max-snippet:-1","max-image-preview":"max-image-preview:large","max-video-preview":"max-video-preview:-1"},"canonical":"https:\/\/hydropartsholland.com\/fr\/produit\/ford-5000-5600-6600-power-steering-conversion-kit\/","og_locale":"fr_FR","og_type":"article","og_title":"Kit Direction Assistee Tracteur Ford 5000 - Hydropartsholland","og_description":"POWER STEERING CONVERSION KIT, Fits Ford 5000, 5600, 6600","og_url":"https:\/\/hydropartsholland.com\/fr\/produit\/ford-5000-5600-6600-power-steering-conversion-kit\/","og_site_name":"Hydropartsholland","article_modified_time":"2025-03-11T11:33:12+00:00","og_image":[{"width":2560,"height":2560,"url":"https:\/\/hydropartsholland.com\/wp-content\/uploads\/2022\/07\/DSCF8721-kopya-scaled.jpg","type":"image\/jpeg"}],"twitter_card":"summary_large_image","twitter_misc":{"Dur\u00e9e de lecture estim\u00e9e":"1 minute"},"schema":{"@context":"https:\/\/schema.org","@graph":[{"@type":"WebPage","@id":"https:\/\/hydropartsholland.com\/fr\/produit\/ford-5000-5600-6600-power-steering-conversion-kit\/","url":"https:\/\/hydropartsholland.com\/fr\/produit\/ford-5000-5600-6600-power-steering-conversion-kit\/","name":"Kit Direction Assistee Tracteur Ford 5000 - Hydropartsholland","isPartOf":{"@id":"https:\/\/hydropartsholland.com\/#website"},"primaryImageOfPage":{"@id":"https:\/\/hydropartsholland.com\/fr\/produit\/ford-5000-5600-6600-power-steering-conversion-kit\/#primaryimage"},"image":{"@id":"https:\/\/hydropartsholland.com\/fr\/produit\/ford-5000-5600-6600-power-steering-conversion-kit\/#primaryimage"},"thumbnailUrl":"https:\/\/hydropartsholland.com\/wp-content\/uploads\/2022\/07\/DSCF8721-kopya-scaled.jpg","datePublished":"2022-07-28T08:56:31+00:00","dateModified":"2025-03-11T11:33:12+00:00","breadcrumb":{"@id":"https:\/\/hydropartsholland.com\/fr\/produit\/ford-5000-5600-6600-power-steering-conversion-kit\/#breadcrumb"},"inLanguage":"fr-FR","potentialAction":[{"@type":"ReadAction","target":["https:\/\/hydropartsholland.com\/fr\/produit\/ford-5000-5600-6600-power-steering-conversion-kit\/"]}]},{"@type":"ImageObject","inLanguage":"fr-FR","@id":"https:\/\/hydropartsholland.com\/fr\/produit\/ford-5000-5600-6600-power-steering-conversion-kit\/#primaryimage","url":"https:\/\/hydropartsholland.com\/wp-content\/uploads\/2022\/07\/DSCF8721-kopya-scaled.jpg","contentUrl":"https:\/\/hydropartsholland.com\/wp-content\/uploads\/2022\/07\/DSCF8721-kopya-scaled.jpg","width":2560,"height":2560},{"@type":"BreadcrumbList","@id":"https:\/\/hydropartsholland.com\/fr\/produit\/ford-5000-5600-6600-power-steering-conversion-kit\/#breadcrumb","itemListElement":[{"@type":"ListItem","position":1,"name":"Home","item":"https:\/\/hydropartsholland.com\/"},{"@type":"ListItem","position":2,"name":"Boutique","item":"https:\/\/hydropartsholland.com\/fr\/boutique\/"},{"@type":"ListItem","position":3,"name":"Kit Direction Assistee Tracteur Ford 5000"}]},{"@type":"WebSite","@id":"https:\/\/hydropartsholland.com\/#website","url":"https:\/\/hydropartsholland.com\/","name":"Hydropartsholland","description":"","publisher":{"@id":"https:\/\/hydropartsholland.com\/#organization"},"potentialAction":[{"@type":"SearchAction","target":{"@type":"EntryPoint","urlTemplate":"https:\/\/hydropartsholland.com\/?s={search_term_string}"},"query-input":"required name=search_term_string"}],"inLanguage":"fr-FR"},{"@type":"Organization","@id":"https:\/\/hydropartsholland.com\/#organization","name":"Spare Parts Holland","url":"https:\/\/hydropartsholland.com\/","logo":{"@type":"ImageObject","inLanguage":"fr-FR","@id":"https:\/\/hydropartsholland.com\/#\/schema\/logo\/image\/","url":"https:\/\/hydropartsholland.com\/wp-content\/uploads\/2022\/06\/spareparts-1.png","contentUrl":"https:\/\/hydropartsholland.com\/wp-content\/uploads\/2022\/06\/spareparts-1.png","width":824,"height":685,"caption":"Spare Parts Holland"},"image":{"@id":"https:\/\/hydropartsholland.com\/#\/schema\/logo\/image\/"}}]}},"_links":{"self":[{"href":"https:\/\/hydropartsholland.com\/fr\/wp-json\/wp\/v2\/product\/6286","targetHints":{"allow":["GET"]}}],"collection":[{"href":"https:\/\/hydropartsholland.com\/fr\/wp-json\/wp\/v2\/product"}],"about":[{"href":"https:\/\/hydropartsholland.com\/fr\/wp-json\/wp\/v2\/types\/product"}],"replies":[{"embeddable":true,"href":"https:\/\/hydropartsholland.com\/fr\/wp-json\/wp\/v2\/comments?post=6286"}],"wp:featuredmedia":[{"embeddable":true,"href":"https:\/\/hydropartsholland.com\/fr\/wp-json\/wp\/v2\/media\/33503"}],"wp:attachment":[{"href":"https:\/\/hydropartsholland.com\/fr\/wp-json\/wp\/v2\/media?parent=6286"}],"wp:term":[{"taxonomy":"product_cat","embeddable":true,"href":"https:\/\/hydropartsholland.com\/fr\/wp-json\/wp\/v2\/product_cat?post=6286"},{"taxonomy":"product_tag","embeddable":true,"href":"https:\/\/hydropartsholland.com\/fr\/wp-json\/wp\/v2\/product_tag?post=6286"}],"curies":[{"name":"wp","href":"https:\/\/api.w.org\/{rel}","templated":true}]}}