{"id":6216,"date":"2022-07-28T10:01:15","date_gmt":"2022-07-28T09:01:15","guid":{"rendered":"https:\/\/hydropartsholland.com\/product\/1-2-npt-hydraulic-quick-connect-couplers-couplings-poppet-pioneer-style-6-sets\/"},"modified":"2025-03-11T12:32:02","modified_gmt":"2025-03-11T11:32:02","slug":"1-2-npt-hydraulic-quick-connect-couplers-couplings-poppet-pioneer-style-6-sets","status":"publish","type":"product","link":"https:\/\/hydropartsholland.com\/fr\/produit\/1-2-npt-hydraulic-quick-connect-couplers-couplings-poppet-pioneer-style-6-sets\/","title":{"rendered":"1\/2 NPT raccords rapides hydrauliques embrayages, Poppet Pioneer Style 6 ensembles"},"content":{"rendered":"<div id=\"availability_feature_div\" class=\"celwidget\" data-feature-name=\"availability\" data-csa-c-type=\"widget\" data-csa-c-content-id=\"availability\" data-csa-c-slot-id=\"availability_feature_div\" data-csa-c-asin=\"B08FWTRG1Q\" data-csa-c-is-in-initial-active-row=\"false\" data-csa-c-id=\"8lo2oi-i96p7r-9vnim4-e8wzoj\" data-cel-widget=\"availability_feature_div\">\n<div id=\"availability\" class=\"a-section a-spacing-base a-spacing-top-micro }\">Nous ne savons pas quand cet article sera de nouveau approvisionn\u00e9 ni s&#8217;il le sera.<\/div>\n<div class=\"a-section a-spacing-mini\">\n<table class=\"a-normal a-spacing-micro\">\n<tbody>\n<tr class=\"a-spacing-small po-size\">\n<td class=\"a-span3\"><span class=\"a-size-base a-text-bold\">Taille<\/span><\/td>\n<td class=\"a-span9\"><span class=\"a-size-base po-break-word\">Small<\/span><\/td>\n<\/tr>\n<tr class=\"a-spacing-small po-material\">\n<td class=\"a-span3\"><span class=\"a-size-base a-text-bold\">Mat\u00e9riau<\/span><\/td>\n<td class=\"a-span9\"><span class=\"a-size-base po-break-word\">Pv<\/span><\/td>\n<\/tr>\n<tr class=\"a-spacing-small po-brand\">\n<td class=\"a-span3\"><span class=\"a-size-base a-text-bold\">Marque<\/span><\/td>\n<td class=\"a-span9\"><span class=\"a-size-base po-break-word\">Spare Parts Holland<\/span><\/td>\n<\/tr>\n<tr class=\"a-spacing-small po-thread.type\">\n<td class=\"a-span3\"><span class=\"a-size-base a-text-bold\">Type de fil<\/span><\/td>\n<td class=\"a-span9\"><span class=\"a-size-base po-break-word\">NPT<\/span><\/td>\n<\/tr>\n<tr class=\"a-spacing-small po-number_of_pieces\">\n<td class=\"a-span3\"><span class=\"a-size-base a-text-bold\">Nombre de pi\u00e8ces<\/span><\/td>\n<td class=\"a-span9\"><span class=\"a-size-base po-break-word\">6<\/span><\/td>\n<\/tr>\n<\/tbody>\n<\/table>\n<\/div>\n<\/div>\n<div id=\"featurebullets_feature_div\" class=\"celwidget\" data-feature-name=\"featurebullets\" data-csa-c-type=\"widget\" data-csa-c-content-id=\"featurebullets\" data-csa-c-slot-id=\"featurebullets_feature_div\" data-csa-c-asin=\"B08FWTRG1Q\" data-csa-c-is-in-initial-active-row=\"false\" data-csa-c-id=\"3l8i2k-y74jcd-75xsri-r2hkhn\" data-cel-widget=\"featurebullets_feature_div\">\n<div id=\"feature-bullets\" class=\"a-section a-spacing-medium a-spacing-top-small\">\n<hr \/>\n<h1 class=\"a-size-base-plus a-text-bold\">\u00c0 propos de cet article<\/h1>\n<ul class=\"a-unordered-list a-vertical a-spacing-mini\">\n<li><span class=\"a-list-item\">Ce lot de 6 raccords rapides hydrauliques contient les raccords rapides les plus courants dans l&#8217;agriculture, la construction et l&#8217;industrie du bois.<\/span><\/li>\n<li><span class=\"a-list-item\">Les accouplements rapides sont interchangeables avec tous les accouplements 1\/2\u2033 body ISO 5675 series\/Pioneer style y compris valve \u00e0 si\u00e8ge sph\u00e9rique, joint \u00e0 plaque et raccord 1\/2\u2033 Body ISO 7241-A.<\/span><\/li>\n<li><span class=\"a-list-item\">Sceau \u00e0 disque : d\u00e9bit nominal 12 GPM, d\u00e9bit maximal 24 GPM, classement 3600 PSI, 23 000 Psi Burst Rating (Coupled)<\/span><\/li>\n<li><span class=\"a-list-item\">La vanne \u00e0 si\u00e8ge sph\u00e9rique fonctionne parfaitement \u00e0 haute et basse pression.<\/span><\/li>\n<li><span class=\"a-list-item\">Comprend 4 fiches d&#8217;embrayage, 4 prises d&#8217;embrayage, 4 bouchons de poussi\u00e8re en PVC et 4 couvercles anti-poussi\u00e8re en PVC<\/span><\/li>\n<\/ul>\n<\/div>\n<\/div>\n","protected":false},"excerpt":{"rendered":"<p>Nous ne savons pas quand cet article sera de nouveau approvisionn\u00e9 ni s&#8217;il le sera. Taille Small Mat\u00e9riau Pv Marque Spare Parts Holland Type de fil NPT Nombre de pi\u00e8ces 6 \u00c0 propos de cet article Ce lot de 6 raccords rapides hydrauliques contient les raccords rapides les plus courants dans l&#8217;agriculture, la construction et<\/p>\n<div class=\"klb-readmore\"><a class=\"main-btn\" href=\"https:\/\/hydropartsholland.com\/fr\/produit\/1-2-npt-hydraulic-quick-connect-couplers-couplings-poppet-pioneer-style-6-sets\/\">Read More<\/a><\/div>\n","protected":false},"featured_media":28937,"comment_status":"open","ping_status":"closed","template":"","meta":{"inline_featured_image":false},"product_cat":[601],"product_tag":[],"class_list":{"0":"post-6216","1":"product","2":"type-product","3":"status-publish","4":"has-post-thumbnail","6":"product_cat-equipements-hydrauliques","8":"first","9":"instock","10":"taxable","11":"shipping-taxable","12":"purchasable","13":"product-type-simple"},"yoast_head":"<!-- This site is optimized with the Yoast SEO plugin v23.3 - https:\/\/yoast.com\/wordpress\/plugins\/seo\/ -->\n<title>1\/2 NPT raccords rapides hydrauliques embrayages, Poppet Pioneer Style 6 ensembles - Hydropartsholland<\/title>\n<meta name=\"robots\" content=\"index, follow, max-snippet:-1, max-image-preview:large, max-video-preview:-1\" \/>\n<link rel=\"canonical\" href=\"https:\/\/hydropartsholland.com\/fr\/produit\/1-2-npt-hydraulic-quick-connect-couplers-couplings-poppet-pioneer-style-6-sets\/\" \/>\n<meta property=\"og:locale\" content=\"fr_FR\" \/>\n<meta property=\"og:type\" content=\"article\" \/>\n<meta property=\"og:title\" content=\"1\/2 NPT raccords rapides hydrauliques embrayages, Poppet Pioneer Style 6 ensembles - Hydropartsholland\" \/>\n<meta property=\"og:description\" content=\"Nous ne savons pas quand cet article sera de nouveau approvisionn\u00e9 ni s&#8217;il le sera. Taille Small Mat\u00e9riau Pv Marque Spare Parts Holland Type de fil NPT Nombre de pi\u00e8ces 6 \u00c0 propos de cet article Ce lot de 6 raccords rapides hydrauliques contient les raccords rapides les plus courants dans l&#8217;agriculture, la construction etRead More\" \/>\n<meta property=\"og:url\" content=\"https:\/\/hydropartsholland.com\/fr\/produit\/1-2-npt-hydraulic-quick-connect-couplers-couplings-poppet-pioneer-style-6-sets\/\" \/>\n<meta property=\"og:site_name\" content=\"Hydropartsholland\" \/>\n<meta property=\"article:modified_time\" content=\"2025-03-11T11:32:02+00:00\" \/>\n<meta property=\"og:image\" content=\"https:\/\/hydropartsholland.com\/wp-content\/uploads\/2022\/07\/1-11-scaled.jpg\" \/>\n\t<meta property=\"og:image:width\" content=\"2560\" \/>\n\t<meta property=\"og:image:height\" content=\"2081\" \/>\n\t<meta property=\"og:image:type\" content=\"image\/jpeg\" \/>\n<meta name=\"twitter:card\" content=\"summary_large_image\" \/>\n<meta name=\"twitter:label1\" content=\"Dur\u00e9e de lecture estim\u00e9e\" \/>\n\t<meta name=\"twitter:data1\" content=\"1 minute\" \/>\n<script type=\"application\/ld+json\" class=\"yoast-schema-graph\">{\"@context\":\"https:\/\/schema.org\",\"@graph\":[{\"@type\":\"WebPage\",\"@id\":\"https:\/\/hydropartsholland.com\/fr\/produit\/1-2-npt-hydraulic-quick-connect-couplers-couplings-poppet-pioneer-style-6-sets\/\",\"url\":\"https:\/\/hydropartsholland.com\/fr\/produit\/1-2-npt-hydraulic-quick-connect-couplers-couplings-poppet-pioneer-style-6-sets\/\",\"name\":\"1\/2 NPT raccords rapides hydrauliques embrayages, Poppet Pioneer Style 6 ensembles - Hydropartsholland\",\"isPartOf\":{\"@id\":\"https:\/\/hydropartsholland.com\/#website\"},\"primaryImageOfPage\":{\"@id\":\"https:\/\/hydropartsholland.com\/fr\/produit\/1-2-npt-hydraulic-quick-connect-couplers-couplings-poppet-pioneer-style-6-sets\/#primaryimage\"},\"image\":{\"@id\":\"https:\/\/hydropartsholland.com\/fr\/produit\/1-2-npt-hydraulic-quick-connect-couplers-couplings-poppet-pioneer-style-6-sets\/#primaryimage\"},\"thumbnailUrl\":\"https:\/\/hydropartsholland.com\/wp-content\/uploads\/2022\/07\/1-11-scaled.jpg\",\"datePublished\":\"2022-07-28T09:01:15+00:00\",\"dateModified\":\"2025-03-11T11:32:02+00:00\",\"breadcrumb\":{\"@id\":\"https:\/\/hydropartsholland.com\/fr\/produit\/1-2-npt-hydraulic-quick-connect-couplers-couplings-poppet-pioneer-style-6-sets\/#breadcrumb\"},\"inLanguage\":\"fr-FR\",\"potentialAction\":[{\"@type\":\"ReadAction\",\"target\":[\"https:\/\/hydropartsholland.com\/fr\/produit\/1-2-npt-hydraulic-quick-connect-couplers-couplings-poppet-pioneer-style-6-sets\/\"]}]},{\"@type\":\"ImageObject\",\"inLanguage\":\"fr-FR\",\"@id\":\"https:\/\/hydropartsholland.com\/fr\/produit\/1-2-npt-hydraulic-quick-connect-couplers-couplings-poppet-pioneer-style-6-sets\/#primaryimage\",\"url\":\"https:\/\/hydropartsholland.com\/wp-content\/uploads\/2022\/07\/1-11-scaled.jpg\",\"contentUrl\":\"https:\/\/hydropartsholland.com\/wp-content\/uploads\/2022\/07\/1-11-scaled.jpg\",\"width\":2560,\"height\":2081},{\"@type\":\"BreadcrumbList\",\"@id\":\"https:\/\/hydropartsholland.com\/fr\/produit\/1-2-npt-hydraulic-quick-connect-couplers-couplings-poppet-pioneer-style-6-sets\/#breadcrumb\",\"itemListElement\":[{\"@type\":\"ListItem\",\"position\":1,\"name\":\"Home\",\"item\":\"https:\/\/hydropartsholland.com\/\"},{\"@type\":\"ListItem\",\"position\":2,\"name\":\"Boutique\",\"item\":\"https:\/\/hydropartsholland.com\/fr\/boutique\/\"},{\"@type\":\"ListItem\",\"position\":3,\"name\":\"1\/2 NPT raccords rapides hydrauliques embrayages, Poppet Pioneer Style 6 ensembles\"}]},{\"@type\":\"WebSite\",\"@id\":\"https:\/\/hydropartsholland.com\/#website\",\"url\":\"https:\/\/hydropartsholland.com\/\",\"name\":\"Hydropartsholland\",\"description\":\"\",\"publisher\":{\"@id\":\"https:\/\/hydropartsholland.com\/#organization\"},\"potentialAction\":[{\"@type\":\"SearchAction\",\"target\":{\"@type\":\"EntryPoint\",\"urlTemplate\":\"https:\/\/hydropartsholland.com\/?s={search_term_string}\"},\"query-input\":\"required name=search_term_string\"}],\"inLanguage\":\"fr-FR\"},{\"@type\":\"Organization\",\"@id\":\"https:\/\/hydropartsholland.com\/#organization\",\"name\":\"Spare Parts Holland\",\"url\":\"https:\/\/hydropartsholland.com\/\",\"logo\":{\"@type\":\"ImageObject\",\"inLanguage\":\"fr-FR\",\"@id\":\"https:\/\/hydropartsholland.com\/#\/schema\/logo\/image\/\",\"url\":\"https:\/\/hydropartsholland.com\/wp-content\/uploads\/2022\/06\/spareparts-1.png\",\"contentUrl\":\"https:\/\/hydropartsholland.com\/wp-content\/uploads\/2022\/06\/spareparts-1.png\",\"width\":824,\"height\":685,\"caption\":\"Spare Parts Holland\"},\"image\":{\"@id\":\"https:\/\/hydropartsholland.com\/#\/schema\/logo\/image\/\"}}]}<\/script>\n<!-- \/ Yoast SEO plugin. -->","yoast_head_json":{"title":"1\/2 NPT raccords rapides hydrauliques embrayages, Poppet Pioneer Style 6 ensembles - Hydropartsholland","robots":{"index":"index","follow":"follow","max-snippet":"max-snippet:-1","max-image-preview":"max-image-preview:large","max-video-preview":"max-video-preview:-1"},"canonical":"https:\/\/hydropartsholland.com\/fr\/produit\/1-2-npt-hydraulic-quick-connect-couplers-couplings-poppet-pioneer-style-6-sets\/","og_locale":"fr_FR","og_type":"article","og_title":"1\/2 NPT raccords rapides hydrauliques embrayages, Poppet Pioneer Style 6 ensembles - Hydropartsholland","og_description":"Nous ne savons pas quand cet article sera de nouveau approvisionn\u00e9 ni s&#8217;il le sera. Taille Small Mat\u00e9riau Pv Marque Spare Parts Holland Type de fil NPT Nombre de pi\u00e8ces 6 \u00c0 propos de cet article Ce lot de 6 raccords rapides hydrauliques contient les raccords rapides les plus courants dans l&#8217;agriculture, la construction etRead More","og_url":"https:\/\/hydropartsholland.com\/fr\/produit\/1-2-npt-hydraulic-quick-connect-couplers-couplings-poppet-pioneer-style-6-sets\/","og_site_name":"Hydropartsholland","article_modified_time":"2025-03-11T11:32:02+00:00","og_image":[{"width":2560,"height":2081,"url":"https:\/\/hydropartsholland.com\/wp-content\/uploads\/2022\/07\/1-11-scaled.jpg","type":"image\/jpeg"}],"twitter_card":"summary_large_image","twitter_misc":{"Dur\u00e9e de lecture estim\u00e9e":"1 minute"},"schema":{"@context":"https:\/\/schema.org","@graph":[{"@type":"WebPage","@id":"https:\/\/hydropartsholland.com\/fr\/produit\/1-2-npt-hydraulic-quick-connect-couplers-couplings-poppet-pioneer-style-6-sets\/","url":"https:\/\/hydropartsholland.com\/fr\/produit\/1-2-npt-hydraulic-quick-connect-couplers-couplings-poppet-pioneer-style-6-sets\/","name":"1\/2 NPT raccords rapides hydrauliques embrayages, Poppet Pioneer Style 6 ensembles - Hydropartsholland","isPartOf":{"@id":"https:\/\/hydropartsholland.com\/#website"},"primaryImageOfPage":{"@id":"https:\/\/hydropartsholland.com\/fr\/produit\/1-2-npt-hydraulic-quick-connect-couplers-couplings-poppet-pioneer-style-6-sets\/#primaryimage"},"image":{"@id":"https:\/\/hydropartsholland.com\/fr\/produit\/1-2-npt-hydraulic-quick-connect-couplers-couplings-poppet-pioneer-style-6-sets\/#primaryimage"},"thumbnailUrl":"https:\/\/hydropartsholland.com\/wp-content\/uploads\/2022\/07\/1-11-scaled.jpg","datePublished":"2022-07-28T09:01:15+00:00","dateModified":"2025-03-11T11:32:02+00:00","breadcrumb":{"@id":"https:\/\/hydropartsholland.com\/fr\/produit\/1-2-npt-hydraulic-quick-connect-couplers-couplings-poppet-pioneer-style-6-sets\/#breadcrumb"},"inLanguage":"fr-FR","potentialAction":[{"@type":"ReadAction","target":["https:\/\/hydropartsholland.com\/fr\/produit\/1-2-npt-hydraulic-quick-connect-couplers-couplings-poppet-pioneer-style-6-sets\/"]}]},{"@type":"ImageObject","inLanguage":"fr-FR","@id":"https:\/\/hydropartsholland.com\/fr\/produit\/1-2-npt-hydraulic-quick-connect-couplers-couplings-poppet-pioneer-style-6-sets\/#primaryimage","url":"https:\/\/hydropartsholland.com\/wp-content\/uploads\/2022\/07\/1-11-scaled.jpg","contentUrl":"https:\/\/hydropartsholland.com\/wp-content\/uploads\/2022\/07\/1-11-scaled.jpg","width":2560,"height":2081},{"@type":"BreadcrumbList","@id":"https:\/\/hydropartsholland.com\/fr\/produit\/1-2-npt-hydraulic-quick-connect-couplers-couplings-poppet-pioneer-style-6-sets\/#breadcrumb","itemListElement":[{"@type":"ListItem","position":1,"name":"Home","item":"https:\/\/hydropartsholland.com\/"},{"@type":"ListItem","position":2,"name":"Boutique","item":"https:\/\/hydropartsholland.com\/fr\/boutique\/"},{"@type":"ListItem","position":3,"name":"1\/2 NPT raccords rapides hydrauliques embrayages, Poppet Pioneer Style 6 ensembles"}]},{"@type":"WebSite","@id":"https:\/\/hydropartsholland.com\/#website","url":"https:\/\/hydropartsholland.com\/","name":"Hydropartsholland","description":"","publisher":{"@id":"https:\/\/hydropartsholland.com\/#organization"},"potentialAction":[{"@type":"SearchAction","target":{"@type":"EntryPoint","urlTemplate":"https:\/\/hydropartsholland.com\/?s={search_term_string}"},"query-input":"required name=search_term_string"}],"inLanguage":"fr-FR"},{"@type":"Organization","@id":"https:\/\/hydropartsholland.com\/#organization","name":"Spare Parts Holland","url":"https:\/\/hydropartsholland.com\/","logo":{"@type":"ImageObject","inLanguage":"fr-FR","@id":"https:\/\/hydropartsholland.com\/#\/schema\/logo\/image\/","url":"https:\/\/hydropartsholland.com\/wp-content\/uploads\/2022\/06\/spareparts-1.png","contentUrl":"https:\/\/hydropartsholland.com\/wp-content\/uploads\/2022\/06\/spareparts-1.png","width":824,"height":685,"caption":"Spare Parts Holland"},"image":{"@id":"https:\/\/hydropartsholland.com\/#\/schema\/logo\/image\/"}}]}},"_links":{"self":[{"href":"https:\/\/hydropartsholland.com\/fr\/wp-json\/wp\/v2\/product\/6216","targetHints":{"allow":["GET"]}}],"collection":[{"href":"https:\/\/hydropartsholland.com\/fr\/wp-json\/wp\/v2\/product"}],"about":[{"href":"https:\/\/hydropartsholland.com\/fr\/wp-json\/wp\/v2\/types\/product"}],"replies":[{"embeddable":true,"href":"https:\/\/hydropartsholland.com\/fr\/wp-json\/wp\/v2\/comments?post=6216"}],"wp:featuredmedia":[{"embeddable":true,"href":"https:\/\/hydropartsholland.com\/fr\/wp-json\/wp\/v2\/media\/28937"}],"wp:attachment":[{"href":"https:\/\/hydropartsholland.com\/fr\/wp-json\/wp\/v2\/media?parent=6216"}],"wp:term":[{"taxonomy":"product_cat","embeddable":true,"href":"https:\/\/hydropartsholland.com\/fr\/wp-json\/wp\/v2\/product_cat?post=6216"},{"taxonomy":"product_tag","embeddable":true,"href":"https:\/\/hydropartsholland.com\/fr\/wp-json\/wp\/v2\/product_tag?post=6216"}],"curies":[{"name":"wp","href":"https:\/\/api.w.org\/{rel}","templated":true}]}}