{"id":6055,"date":"2022-07-28T10:14:18","date_gmt":"2022-07-28T09:14:18","guid":{"rendered":"https:\/\/hydropartsholland.com\/product\/triple-hydraulic-remote-kit-massey-ferguson-mf-135-150-230-231-240-245-250-253\/"},"modified":"2025-03-11T12:29:13","modified_gmt":"2025-03-11T11:29:13","slug":"kit-commande-triple-hydraulique-massey-ferguson-mf-135-150-230-231-240-245-250-253","status":"publish","type":"product","link":"https:\/\/hydropartsholland.com\/fr\/produit\/kit-commande-triple-hydraulique-massey-ferguson-mf-135-150-230-231-240-245-250-253\/","title":{"rendered":"Kit Hydraulique Triple pour Massey Ferguson MF 135 150 230 231 240 245 250 253"},"content":{"rendered":"<p>Nouvelle unit\u00e9 de commande triple SCV pour tracteur Massey Ferguson 35 50 65 135 150 Tracteur 3x DW (6 ports).<\/p>\n<p>Comprend\u00a0:<\/p>\n<ul>\n<li>Tuyaux<\/li>\n<li>Attaches rapides<\/li>\n<li>Support<\/li>\n<\/ul>\n<p>Ce kit de t\u00e9l\u00e9commande hydraulique triple convient aux mod\u00e8les Massey Fergusson\u00a0:<\/p>\n<p>135, 150, 165, 175, 180, 230, 231, 235, 240, 245, 25, 250, 253, 255, 265, 270, 275, 282, 283, 290, 35, 35 UK, 360, 362, 375 383, 390, 398, 399, 50, 65, 85<\/p>\n<p>MASSEY FERGUSON INDUSTRIELLE<\/p>\n<p>20, 202, 203, 204, 205, 20C, 20D, 20F, 2135, 30, 302, 304, 30B, 30D, 30E, 31, 40, 40B, 40E, 50C, 50D, 50E<\/p>\n<p>FERGUSON<\/p>\n<p>TO35, 40, Ag &amp; Ind 40, 50<\/p>\n<p>MASSEY HARRIS 50<\/p>\n<p>Le kit de t\u00e9l\u00e9commande arri\u00e8re ne convient pas aux mod\u00e8les de tracteur MF240 de 1986. Si vous souhaitez modifier votre frein \u00e0 main, vous pourrez peut-\u00eatre le faire monter.<\/p>\n<ul>\n<li>D\u00e9bit nominal\/d\u00e9placement 45 l\/min 12 U.S.G.P.M<\/li>\n<li>Pression maximale d&#8217;usine : (commutation en s\u00e9rie) 315 bar 4 600 psi<\/li>\n<li>Max. contre-pression : 25 bars 360 psi<\/li>\n<li>Temp\u00e9rature de l&#8217;huile : avec joints NBR -20 \u00e0 80 C\u00b0 -4 \u00e0 176 F\u00b0 avec joints FPM (Viton) -20 \u00e0 100 C\u00b0 -4 \u00e0 212 F\u00b0<\/li>\n<li>Tension : Torgue de tension d&#8217;arbre de tige 30 Nm 22 Ibft<\/li>\n<\/ul>\n","protected":false},"excerpt":{"rendered":"<ul>\n<li>D\u00e9bit nominal\/d\u00e9placement 45 l\/min 12 U.S.G.P.M<\/li>\n<li>Pression maximale d&#8217;usine : (commutation en s\u00e9rie) 315 bar 4 600 psi<\/li>\n<li>Max. contre-pression : 25 bars 360 psi<\/li>\n<li>Temp\u00e9rature de l&#8217;huile : avec joints NBR -20 \u00e0 80 C\u00b0 -4 \u00e0 176 F\u00b0 avec joints FPM (Viton) -20 \u00e0 100 C\u00b0 -4 \u00e0 212 F\u00b0<\/li>\n<li>Tension : Torgue de tension d&#8217;arbre de tige 30 Nm 22 Ibft<\/li>\n<\/ul>\n","protected":false},"featured_media":3082,"comment_status":"open","ping_status":"closed","template":"","meta":{"inline_featured_image":false},"product_cat":[630,633],"product_tag":[],"class_list":{"0":"post-6055","1":"product","2":"type-product","3":"status-publish","4":"has-post-thumbnail","6":"product_cat-kits-de-vanne-de-controle-a-distance","7":"product_cat-massey-ferguson-fr-3","9":"first","10":"instock","11":"taxable","12":"shipping-taxable","13":"purchasable","14":"product-type-simple"},"yoast_head":"<!-- This site is optimized with the Yoast SEO plugin v23.3 - https:\/\/yoast.com\/wordpress\/plugins\/seo\/ -->\n<title>Kit Hydraulique Triple pour Massey Ferguson MF 135 150 230 231 240 245 250 253 - Hydropartsholland<\/title>\n<meta name=\"description\" content=\"Kit hydraulique triple pour Massey Ferguson MF 135 150 230 231 240 245 250 253.\" \/>\n<meta name=\"robots\" content=\"index, follow, max-snippet:-1, max-image-preview:large, max-video-preview:-1\" \/>\n<link rel=\"canonical\" href=\"https:\/\/hydropartsholland.com\/fr\/produit\/kit-commande-triple-hydraulique-massey-ferguson-mf-135-150-230-231-240-245-250-253\/\" \/>\n<meta property=\"og:locale\" content=\"fr_FR\" \/>\n<meta property=\"og:type\" content=\"article\" \/>\n<meta property=\"og:title\" content=\"Kit Hydraulique Triple pour Massey Ferguson MF 135 150 230 231 240 245 250 253 - Hydropartsholland\" \/>\n<meta property=\"og:description\" content=\"Kit hydraulique triple pour Massey Ferguson MF 135 150 230 231 240 245 250 253.\" \/>\n<meta property=\"og:url\" content=\"https:\/\/hydropartsholland.com\/fr\/produit\/kit-commande-triple-hydraulique-massey-ferguson-mf-135-150-230-231-240-245-250-253\/\" \/>\n<meta property=\"og:site_name\" content=\"Hydropartsholland\" \/>\n<meta property=\"article:modified_time\" content=\"2025-03-11T11:29:13+00:00\" \/>\n<meta property=\"og:image\" content=\"https:\/\/hydropartsholland.com\/wp-content\/uploads\/2022\/07\/s-l1600-4-1-4.jpg\" \/>\n\t<meta property=\"og:image:width\" content=\"1600\" \/>\n\t<meta property=\"og:image:height\" content=\"1285\" \/>\n\t<meta property=\"og:image:type\" content=\"image\/jpeg\" \/>\n<meta name=\"twitter:card\" content=\"summary_large_image\" \/>\n<meta name=\"twitter:label1\" content=\"Dur\u00e9e de lecture estim\u00e9e\" \/>\n\t<meta name=\"twitter:data1\" content=\"1 minute\" \/>\n<script type=\"application\/ld+json\" class=\"yoast-schema-graph\">{\"@context\":\"https:\/\/schema.org\",\"@graph\":[{\"@type\":\"WebPage\",\"@id\":\"https:\/\/hydropartsholland.com\/fr\/produit\/kit-commande-triple-hydraulique-massey-ferguson-mf-135-150-230-231-240-245-250-253\/\",\"url\":\"https:\/\/hydropartsholland.com\/fr\/produit\/kit-commande-triple-hydraulique-massey-ferguson-mf-135-150-230-231-240-245-250-253\/\",\"name\":\"Kit Hydraulique Triple pour Massey Ferguson MF 135 150 230 231 240 245 250 253 - Hydropartsholland\",\"isPartOf\":{\"@id\":\"https:\/\/hydropartsholland.com\/#website\"},\"primaryImageOfPage\":{\"@id\":\"https:\/\/hydropartsholland.com\/fr\/produit\/kit-commande-triple-hydraulique-massey-ferguson-mf-135-150-230-231-240-245-250-253\/#primaryimage\"},\"image\":{\"@id\":\"https:\/\/hydropartsholland.com\/fr\/produit\/kit-commande-triple-hydraulique-massey-ferguson-mf-135-150-230-231-240-245-250-253\/#primaryimage\"},\"thumbnailUrl\":\"https:\/\/hydropartsholland.com\/wp-content\/uploads\/2022\/07\/s-l1600-4-1-4.jpg\",\"datePublished\":\"2022-07-28T09:14:18+00:00\",\"dateModified\":\"2025-03-11T11:29:13+00:00\",\"description\":\"Kit hydraulique triple pour Massey Ferguson MF 135 150 230 231 240 245 250 253.\",\"breadcrumb\":{\"@id\":\"https:\/\/hydropartsholland.com\/fr\/produit\/kit-commande-triple-hydraulique-massey-ferguson-mf-135-150-230-231-240-245-250-253\/#breadcrumb\"},\"inLanguage\":\"fr-FR\",\"potentialAction\":[{\"@type\":\"ReadAction\",\"target\":[\"https:\/\/hydropartsholland.com\/fr\/produit\/kit-commande-triple-hydraulique-massey-ferguson-mf-135-150-230-231-240-245-250-253\/\"]}]},{\"@type\":\"ImageObject\",\"inLanguage\":\"fr-FR\",\"@id\":\"https:\/\/hydropartsholland.com\/fr\/produit\/kit-commande-triple-hydraulique-massey-ferguson-mf-135-150-230-231-240-245-250-253\/#primaryimage\",\"url\":\"https:\/\/hydropartsholland.com\/wp-content\/uploads\/2022\/07\/s-l1600-4-1-4.jpg\",\"contentUrl\":\"https:\/\/hydropartsholland.com\/wp-content\/uploads\/2022\/07\/s-l1600-4-1-4.jpg\",\"width\":1600,\"height\":1285},{\"@type\":\"BreadcrumbList\",\"@id\":\"https:\/\/hydropartsholland.com\/fr\/produit\/kit-commande-triple-hydraulique-massey-ferguson-mf-135-150-230-231-240-245-250-253\/#breadcrumb\",\"itemListElement\":[{\"@type\":\"ListItem\",\"position\":1,\"name\":\"Home\",\"item\":\"https:\/\/hydropartsholland.com\/\"},{\"@type\":\"ListItem\",\"position\":2,\"name\":\"Boutique\",\"item\":\"https:\/\/hydropartsholland.com\/fr\/boutique\/\"},{\"@type\":\"ListItem\",\"position\":3,\"name\":\"Kit Hydraulique Triple pour Massey Ferguson MF 135 150 230 231 240 245 250 253\"}]},{\"@type\":\"WebSite\",\"@id\":\"https:\/\/hydropartsholland.com\/#website\",\"url\":\"https:\/\/hydropartsholland.com\/\",\"name\":\"Hydropartsholland\",\"description\":\"\",\"publisher\":{\"@id\":\"https:\/\/hydropartsholland.com\/#organization\"},\"potentialAction\":[{\"@type\":\"SearchAction\",\"target\":{\"@type\":\"EntryPoint\",\"urlTemplate\":\"https:\/\/hydropartsholland.com\/?s={search_term_string}\"},\"query-input\":\"required name=search_term_string\"}],\"inLanguage\":\"fr-FR\"},{\"@type\":\"Organization\",\"@id\":\"https:\/\/hydropartsholland.com\/#organization\",\"name\":\"Spare Parts Holland\",\"url\":\"https:\/\/hydropartsholland.com\/\",\"logo\":{\"@type\":\"ImageObject\",\"inLanguage\":\"fr-FR\",\"@id\":\"https:\/\/hydropartsholland.com\/#\/schema\/logo\/image\/\",\"url\":\"https:\/\/hydropartsholland.com\/wp-content\/uploads\/2022\/06\/spareparts-1.png\",\"contentUrl\":\"https:\/\/hydropartsholland.com\/wp-content\/uploads\/2022\/06\/spareparts-1.png\",\"width\":824,\"height\":685,\"caption\":\"Spare Parts Holland\"},\"image\":{\"@id\":\"https:\/\/hydropartsholland.com\/#\/schema\/logo\/image\/\"}}]}<\/script>\n<!-- \/ Yoast SEO plugin. -->","yoast_head_json":{"title":"Kit Hydraulique Triple pour Massey Ferguson MF 135 150 230 231 240 245 250 253 - Hydropartsholland","description":"Kit hydraulique triple pour Massey Ferguson MF 135 150 230 231 240 245 250 253.","robots":{"index":"index","follow":"follow","max-snippet":"max-snippet:-1","max-image-preview":"max-image-preview:large","max-video-preview":"max-video-preview:-1"},"canonical":"https:\/\/hydropartsholland.com\/fr\/produit\/kit-commande-triple-hydraulique-massey-ferguson-mf-135-150-230-231-240-245-250-253\/","og_locale":"fr_FR","og_type":"article","og_title":"Kit Hydraulique Triple pour Massey Ferguson MF 135 150 230 231 240 245 250 253 - Hydropartsholland","og_description":"Kit hydraulique triple pour Massey Ferguson MF 135 150 230 231 240 245 250 253.","og_url":"https:\/\/hydropartsholland.com\/fr\/produit\/kit-commande-triple-hydraulique-massey-ferguson-mf-135-150-230-231-240-245-250-253\/","og_site_name":"Hydropartsholland","article_modified_time":"2025-03-11T11:29:13+00:00","og_image":[{"width":1600,"height":1285,"url":"https:\/\/hydropartsholland.com\/wp-content\/uploads\/2022\/07\/s-l1600-4-1-4.jpg","type":"image\/jpeg"}],"twitter_card":"summary_large_image","twitter_misc":{"Dur\u00e9e de lecture estim\u00e9e":"1 minute"},"schema":{"@context":"https:\/\/schema.org","@graph":[{"@type":"WebPage","@id":"https:\/\/hydropartsholland.com\/fr\/produit\/kit-commande-triple-hydraulique-massey-ferguson-mf-135-150-230-231-240-245-250-253\/","url":"https:\/\/hydropartsholland.com\/fr\/produit\/kit-commande-triple-hydraulique-massey-ferguson-mf-135-150-230-231-240-245-250-253\/","name":"Kit Hydraulique Triple pour Massey Ferguson MF 135 150 230 231 240 245 250 253 - Hydropartsholland","isPartOf":{"@id":"https:\/\/hydropartsholland.com\/#website"},"primaryImageOfPage":{"@id":"https:\/\/hydropartsholland.com\/fr\/produit\/kit-commande-triple-hydraulique-massey-ferguson-mf-135-150-230-231-240-245-250-253\/#primaryimage"},"image":{"@id":"https:\/\/hydropartsholland.com\/fr\/produit\/kit-commande-triple-hydraulique-massey-ferguson-mf-135-150-230-231-240-245-250-253\/#primaryimage"},"thumbnailUrl":"https:\/\/hydropartsholland.com\/wp-content\/uploads\/2022\/07\/s-l1600-4-1-4.jpg","datePublished":"2022-07-28T09:14:18+00:00","dateModified":"2025-03-11T11:29:13+00:00","description":"Kit hydraulique triple pour Massey Ferguson MF 135 150 230 231 240 245 250 253.","breadcrumb":{"@id":"https:\/\/hydropartsholland.com\/fr\/produit\/kit-commande-triple-hydraulique-massey-ferguson-mf-135-150-230-231-240-245-250-253\/#breadcrumb"},"inLanguage":"fr-FR","potentialAction":[{"@type":"ReadAction","target":["https:\/\/hydropartsholland.com\/fr\/produit\/kit-commande-triple-hydraulique-massey-ferguson-mf-135-150-230-231-240-245-250-253\/"]}]},{"@type":"ImageObject","inLanguage":"fr-FR","@id":"https:\/\/hydropartsholland.com\/fr\/produit\/kit-commande-triple-hydraulique-massey-ferguson-mf-135-150-230-231-240-245-250-253\/#primaryimage","url":"https:\/\/hydropartsholland.com\/wp-content\/uploads\/2022\/07\/s-l1600-4-1-4.jpg","contentUrl":"https:\/\/hydropartsholland.com\/wp-content\/uploads\/2022\/07\/s-l1600-4-1-4.jpg","width":1600,"height":1285},{"@type":"BreadcrumbList","@id":"https:\/\/hydropartsholland.com\/fr\/produit\/kit-commande-triple-hydraulique-massey-ferguson-mf-135-150-230-231-240-245-250-253\/#breadcrumb","itemListElement":[{"@type":"ListItem","position":1,"name":"Home","item":"https:\/\/hydropartsholland.com\/"},{"@type":"ListItem","position":2,"name":"Boutique","item":"https:\/\/hydropartsholland.com\/fr\/boutique\/"},{"@type":"ListItem","position":3,"name":"Kit Hydraulique Triple pour Massey Ferguson MF 135 150 230 231 240 245 250 253"}]},{"@type":"WebSite","@id":"https:\/\/hydropartsholland.com\/#website","url":"https:\/\/hydropartsholland.com\/","name":"Hydropartsholland","description":"","publisher":{"@id":"https:\/\/hydropartsholland.com\/#organization"},"potentialAction":[{"@type":"SearchAction","target":{"@type":"EntryPoint","urlTemplate":"https:\/\/hydropartsholland.com\/?s={search_term_string}"},"query-input":"required name=search_term_string"}],"inLanguage":"fr-FR"},{"@type":"Organization","@id":"https:\/\/hydropartsholland.com\/#organization","name":"Spare Parts Holland","url":"https:\/\/hydropartsholland.com\/","logo":{"@type":"ImageObject","inLanguage":"fr-FR","@id":"https:\/\/hydropartsholland.com\/#\/schema\/logo\/image\/","url":"https:\/\/hydropartsholland.com\/wp-content\/uploads\/2022\/06\/spareparts-1.png","contentUrl":"https:\/\/hydropartsholland.com\/wp-content\/uploads\/2022\/06\/spareparts-1.png","width":824,"height":685,"caption":"Spare Parts Holland"},"image":{"@id":"https:\/\/hydropartsholland.com\/#\/schema\/logo\/image\/"}}]}},"_links":{"self":[{"href":"https:\/\/hydropartsholland.com\/fr\/wp-json\/wp\/v2\/product\/6055","targetHints":{"allow":["GET"]}}],"collection":[{"href":"https:\/\/hydropartsholland.com\/fr\/wp-json\/wp\/v2\/product"}],"about":[{"href":"https:\/\/hydropartsholland.com\/fr\/wp-json\/wp\/v2\/types\/product"}],"replies":[{"embeddable":true,"href":"https:\/\/hydropartsholland.com\/fr\/wp-json\/wp\/v2\/comments?post=6055"}],"wp:featuredmedia":[{"embeddable":true,"href":"https:\/\/hydropartsholland.com\/fr\/wp-json\/wp\/v2\/media\/3082"}],"wp:attachment":[{"href":"https:\/\/hydropartsholland.com\/fr\/wp-json\/wp\/v2\/media?parent=6055"}],"wp:term":[{"taxonomy":"product_cat","embeddable":true,"href":"https:\/\/hydropartsholland.com\/fr\/wp-json\/wp\/v2\/product_cat?post=6055"},{"taxonomy":"product_tag","embeddable":true,"href":"https:\/\/hydropartsholland.com\/fr\/wp-json\/wp\/v2\/product_tag?post=6055"}],"curies":[{"name":"wp","href":"https:\/\/api.w.org\/{rel}","templated":true}]}}