{"id":5968,"date":"2025-07-22T14:51:26","date_gmt":"2025-07-22T13:51:26","guid":{"rendered":"https:\/\/hydropartsholland.com\/product\/power-steering-kit-ihc-ihc-case-353-423-433-453-523\/"},"modified":"2025-11-21T08:07:40","modified_gmt":"2025-11-21T07:07:40","slug":"kit-direction-assistee-case-ihc-353-423-433","status":"publish","type":"product","link":"https:\/\/hydropartsholland.com\/fr\/produit\/kit-direction-assistee-case-ihc-353-423-433\/","title":{"rendered":"Kit Direction Assistee CASE IHC 353 423 433 483 523 533 553 633 &#8211; Avec Pompe"},"content":{"rendered":"<p>Le kit de direction assist\u00e9e contient tout ce dont vous avez besoin. Kit de mise \u00e0 niveau de direction assist\u00e9e hydrom\u00e9canique pour tracteurs Case IH mod\u00e8les : 353, 423, 433, 453, 483, 523, 533, 553, 633.<\/p>\n<p>Vous devez changer le support et la barre d&#8217;attelage pour l&#8217;IH 724, vous devrez peut-\u00eatre remplacer le support de cylindre et la barre d&#8217;attelage (barre longue). Il peut \u00eatre n\u00e9cessaire de remplacer certaines pi\u00e8ces si vous avez un chargeur frontal sur le tracteur.<\/p>\n","protected":false},"excerpt":{"rendered":"<p>Vous devez changer le support et la barre d&#8217;attelage pour l&#8217;IH 724, vous devrez peut-\u00eatre remplacer le support de cylindre et la barre d&#8217;attelage (barre longue). Il peut \u00eatre n\u00e9cessaire de remplacer certaines pi\u00e8ces si vous avez un chargeur frontal sur le tracteur.<\/p>\n","protected":false},"featured_media":33573,"comment_status":"open","ping_status":"closed","template":"","meta":{"inline_featured_image":false},"product_cat":[619,624],"product_tag":[],"class_list":{"0":"post-5968","1":"product","2":"type-product","3":"status-publish","4":"has-post-thumbnail","6":"product_cat-kit-de-direction-assistee","7":"product_cat-case-ihc-fr-2","9":"first","10":"instock","11":"taxable","12":"shipping-taxable","13":"purchasable","14":"product-type-simple"},"yoast_head":"<!-- This site is optimized with the Yoast SEO plugin v23.3 - https:\/\/yoast.com\/wordpress\/plugins\/seo\/ -->\n<title>Kit Direction Assistee CASE IHC 353 423 433 483 523 533 553 633 - Avec Pompe - Hydropartsholland<\/title>\n<meta name=\"description\" content=\"Le kit de direction assist\u00e9e contient tout ce dont vous avez besoin. Kit de mise \u00e0 niveau de direction assist\u00e9e hydrom\u00e9canique pour tracteurs Case IH.\" \/>\n<meta name=\"robots\" content=\"index, follow, max-snippet:-1, max-image-preview:large, max-video-preview:-1\" \/>\n<link rel=\"canonical\" href=\"https:\/\/hydropartsholland.com\/fr\/produit\/kit-direction-assistee-case-ihc-353-423-433\/\" \/>\n<meta property=\"og:locale\" content=\"fr_FR\" \/>\n<meta property=\"og:type\" content=\"article\" \/>\n<meta property=\"og:title\" content=\"Kit Direction Assistee CASE IHC 353 423 433 483 523 533 553 633 - Avec Pompe - Hydropartsholland\" \/>\n<meta property=\"og:description\" content=\"Le kit de direction assist\u00e9e contient tout ce dont vous avez besoin. Kit de mise \u00e0 niveau de direction assist\u00e9e hydrom\u00e9canique pour tracteurs Case IH.\" \/>\n<meta property=\"og:url\" content=\"https:\/\/hydropartsholland.com\/fr\/produit\/kit-direction-assistee-case-ihc-353-423-433\/\" \/>\n<meta property=\"og:site_name\" content=\"Hydropartsholland\" \/>\n<meta property=\"article:modified_time\" content=\"2025-11-21T07:07:40+00:00\" \/>\n<meta property=\"og:image\" content=\"https:\/\/hydropartsholland.com\/wp-content\/uploads\/2022\/07\/DSCF8844-kopya-scaled-e1698131177475.jpg\" \/>\n\t<meta property=\"og:image:width\" content=\"2560\" \/>\n\t<meta property=\"og:image:height\" content=\"2560\" \/>\n\t<meta property=\"og:image:type\" content=\"image\/jpeg\" \/>\n<meta name=\"twitter:card\" content=\"summary_large_image\" \/>\n<meta name=\"twitter:label1\" content=\"Dur\u00e9e de lecture estim\u00e9e\" \/>\n\t<meta name=\"twitter:data1\" content=\"1 minute\" \/>\n<script type=\"application\/ld+json\" class=\"yoast-schema-graph\">{\"@context\":\"https:\/\/schema.org\",\"@graph\":[{\"@type\":\"WebPage\",\"@id\":\"https:\/\/hydropartsholland.com\/fr\/produit\/kit-direction-assistee-case-ihc-353-423-433\/\",\"url\":\"https:\/\/hydropartsholland.com\/fr\/produit\/kit-direction-assistee-case-ihc-353-423-433\/\",\"name\":\"Kit Direction Assistee CASE IHC 353 423 433 483 523 533 553 633 - Avec Pompe - Hydropartsholland\",\"isPartOf\":{\"@id\":\"https:\/\/hydropartsholland.com\/#website\"},\"primaryImageOfPage\":{\"@id\":\"https:\/\/hydropartsholland.com\/fr\/produit\/kit-direction-assistee-case-ihc-353-423-433\/#primaryimage\"},\"image\":{\"@id\":\"https:\/\/hydropartsholland.com\/fr\/produit\/kit-direction-assistee-case-ihc-353-423-433\/#primaryimage\"},\"thumbnailUrl\":\"https:\/\/hydropartsholland.com\/wp-content\/uploads\/2022\/07\/DSCF8844-kopya-scaled-e1698131177475.jpg\",\"datePublished\":\"2025-07-22T13:51:26+00:00\",\"dateModified\":\"2025-11-21T07:07:40+00:00\",\"description\":\"Le kit de direction assist\u00e9e contient tout ce dont vous avez besoin. Kit de mise \u00e0 niveau de direction assist\u00e9e hydrom\u00e9canique pour tracteurs Case IH.\",\"breadcrumb\":{\"@id\":\"https:\/\/hydropartsholland.com\/fr\/produit\/kit-direction-assistee-case-ihc-353-423-433\/#breadcrumb\"},\"inLanguage\":\"fr-FR\",\"potentialAction\":[{\"@type\":\"ReadAction\",\"target\":[\"https:\/\/hydropartsholland.com\/fr\/produit\/kit-direction-assistee-case-ihc-353-423-433\/\"]}]},{\"@type\":\"ImageObject\",\"inLanguage\":\"fr-FR\",\"@id\":\"https:\/\/hydropartsholland.com\/fr\/produit\/kit-direction-assistee-case-ihc-353-423-433\/#primaryimage\",\"url\":\"https:\/\/hydropartsholland.com\/wp-content\/uploads\/2022\/07\/DSCF8844-kopya-scaled-e1698131177475.jpg\",\"contentUrl\":\"https:\/\/hydropartsholland.com\/wp-content\/uploads\/2022\/07\/DSCF8844-kopya-scaled-e1698131177475.jpg\",\"width\":2560,\"height\":2560},{\"@type\":\"BreadcrumbList\",\"@id\":\"https:\/\/hydropartsholland.com\/fr\/produit\/kit-direction-assistee-case-ihc-353-423-433\/#breadcrumb\",\"itemListElement\":[{\"@type\":\"ListItem\",\"position\":1,\"name\":\"Home\",\"item\":\"https:\/\/hydropartsholland.com\/\"},{\"@type\":\"ListItem\",\"position\":2,\"name\":\"Boutique\",\"item\":\"https:\/\/hydropartsholland.com\/fr\/boutique\/\"},{\"@type\":\"ListItem\",\"position\":3,\"name\":\"Kit Direction Assistee CASE IHC 353 423 433 483 523 533 553 633 &#8211; Avec Pompe\"}]},{\"@type\":\"WebSite\",\"@id\":\"https:\/\/hydropartsholland.com\/#website\",\"url\":\"https:\/\/hydropartsholland.com\/\",\"name\":\"Hydropartsholland\",\"description\":\"\",\"publisher\":{\"@id\":\"https:\/\/hydropartsholland.com\/#organization\"},\"potentialAction\":[{\"@type\":\"SearchAction\",\"target\":{\"@type\":\"EntryPoint\",\"urlTemplate\":\"https:\/\/hydropartsholland.com\/?s={search_term_string}\"},\"query-input\":\"required name=search_term_string\"}],\"inLanguage\":\"fr-FR\"},{\"@type\":\"Organization\",\"@id\":\"https:\/\/hydropartsholland.com\/#organization\",\"name\":\"Spare Parts Holland\",\"url\":\"https:\/\/hydropartsholland.com\/\",\"logo\":{\"@type\":\"ImageObject\",\"inLanguage\":\"fr-FR\",\"@id\":\"https:\/\/hydropartsholland.com\/#\/schema\/logo\/image\/\",\"url\":\"https:\/\/hydropartsholland.com\/wp-content\/uploads\/2022\/06\/spareparts-1.png\",\"contentUrl\":\"https:\/\/hydropartsholland.com\/wp-content\/uploads\/2022\/06\/spareparts-1.png\",\"width\":824,\"height\":685,\"caption\":\"Spare Parts Holland\"},\"image\":{\"@id\":\"https:\/\/hydropartsholland.com\/#\/schema\/logo\/image\/\"}}]}<\/script>\n<!-- \/ Yoast SEO plugin. -->","yoast_head_json":{"title":"Kit Direction Assistee CASE IHC 353 423 433 483 523 533 553 633 - Avec Pompe - Hydropartsholland","description":"Le kit de direction assist\u00e9e contient tout ce dont vous avez besoin. Kit de mise \u00e0 niveau de direction assist\u00e9e hydrom\u00e9canique pour tracteurs Case IH.","robots":{"index":"index","follow":"follow","max-snippet":"max-snippet:-1","max-image-preview":"max-image-preview:large","max-video-preview":"max-video-preview:-1"},"canonical":"https:\/\/hydropartsholland.com\/fr\/produit\/kit-direction-assistee-case-ihc-353-423-433\/","og_locale":"fr_FR","og_type":"article","og_title":"Kit Direction Assistee CASE IHC 353 423 433 483 523 533 553 633 - Avec Pompe - Hydropartsholland","og_description":"Le kit de direction assist\u00e9e contient tout ce dont vous avez besoin. Kit de mise \u00e0 niveau de direction assist\u00e9e hydrom\u00e9canique pour tracteurs Case IH.","og_url":"https:\/\/hydropartsholland.com\/fr\/produit\/kit-direction-assistee-case-ihc-353-423-433\/","og_site_name":"Hydropartsholland","article_modified_time":"2025-11-21T07:07:40+00:00","og_image":[{"width":2560,"height":2560,"url":"https:\/\/hydropartsholland.com\/wp-content\/uploads\/2022\/07\/DSCF8844-kopya-scaled-e1698131177475.jpg","type":"image\/jpeg"}],"twitter_card":"summary_large_image","twitter_misc":{"Dur\u00e9e de lecture estim\u00e9e":"1 minute"},"schema":{"@context":"https:\/\/schema.org","@graph":[{"@type":"WebPage","@id":"https:\/\/hydropartsholland.com\/fr\/produit\/kit-direction-assistee-case-ihc-353-423-433\/","url":"https:\/\/hydropartsholland.com\/fr\/produit\/kit-direction-assistee-case-ihc-353-423-433\/","name":"Kit Direction Assistee CASE IHC 353 423 433 483 523 533 553 633 - Avec Pompe - Hydropartsholland","isPartOf":{"@id":"https:\/\/hydropartsholland.com\/#website"},"primaryImageOfPage":{"@id":"https:\/\/hydropartsholland.com\/fr\/produit\/kit-direction-assistee-case-ihc-353-423-433\/#primaryimage"},"image":{"@id":"https:\/\/hydropartsholland.com\/fr\/produit\/kit-direction-assistee-case-ihc-353-423-433\/#primaryimage"},"thumbnailUrl":"https:\/\/hydropartsholland.com\/wp-content\/uploads\/2022\/07\/DSCF8844-kopya-scaled-e1698131177475.jpg","datePublished":"2025-07-22T13:51:26+00:00","dateModified":"2025-11-21T07:07:40+00:00","description":"Le kit de direction assist\u00e9e contient tout ce dont vous avez besoin. Kit de mise \u00e0 niveau de direction assist\u00e9e hydrom\u00e9canique pour tracteurs Case IH.","breadcrumb":{"@id":"https:\/\/hydropartsholland.com\/fr\/produit\/kit-direction-assistee-case-ihc-353-423-433\/#breadcrumb"},"inLanguage":"fr-FR","potentialAction":[{"@type":"ReadAction","target":["https:\/\/hydropartsholland.com\/fr\/produit\/kit-direction-assistee-case-ihc-353-423-433\/"]}]},{"@type":"ImageObject","inLanguage":"fr-FR","@id":"https:\/\/hydropartsholland.com\/fr\/produit\/kit-direction-assistee-case-ihc-353-423-433\/#primaryimage","url":"https:\/\/hydropartsholland.com\/wp-content\/uploads\/2022\/07\/DSCF8844-kopya-scaled-e1698131177475.jpg","contentUrl":"https:\/\/hydropartsholland.com\/wp-content\/uploads\/2022\/07\/DSCF8844-kopya-scaled-e1698131177475.jpg","width":2560,"height":2560},{"@type":"BreadcrumbList","@id":"https:\/\/hydropartsholland.com\/fr\/produit\/kit-direction-assistee-case-ihc-353-423-433\/#breadcrumb","itemListElement":[{"@type":"ListItem","position":1,"name":"Home","item":"https:\/\/hydropartsholland.com\/"},{"@type":"ListItem","position":2,"name":"Boutique","item":"https:\/\/hydropartsholland.com\/fr\/boutique\/"},{"@type":"ListItem","position":3,"name":"Kit Direction Assistee CASE IHC 353 423 433 483 523 533 553 633 &#8211; Avec Pompe"}]},{"@type":"WebSite","@id":"https:\/\/hydropartsholland.com\/#website","url":"https:\/\/hydropartsholland.com\/","name":"Hydropartsholland","description":"","publisher":{"@id":"https:\/\/hydropartsholland.com\/#organization"},"potentialAction":[{"@type":"SearchAction","target":{"@type":"EntryPoint","urlTemplate":"https:\/\/hydropartsholland.com\/?s={search_term_string}"},"query-input":"required name=search_term_string"}],"inLanguage":"fr-FR"},{"@type":"Organization","@id":"https:\/\/hydropartsholland.com\/#organization","name":"Spare Parts Holland","url":"https:\/\/hydropartsholland.com\/","logo":{"@type":"ImageObject","inLanguage":"fr-FR","@id":"https:\/\/hydropartsholland.com\/#\/schema\/logo\/image\/","url":"https:\/\/hydropartsholland.com\/wp-content\/uploads\/2022\/06\/spareparts-1.png","contentUrl":"https:\/\/hydropartsholland.com\/wp-content\/uploads\/2022\/06\/spareparts-1.png","width":824,"height":685,"caption":"Spare Parts Holland"},"image":{"@id":"https:\/\/hydropartsholland.com\/#\/schema\/logo\/image\/"}}]}},"_links":{"self":[{"href":"https:\/\/hydropartsholland.com\/fr\/wp-json\/wp\/v2\/product\/5968","targetHints":{"allow":["GET"]}}],"collection":[{"href":"https:\/\/hydropartsholland.com\/fr\/wp-json\/wp\/v2\/product"}],"about":[{"href":"https:\/\/hydropartsholland.com\/fr\/wp-json\/wp\/v2\/types\/product"}],"replies":[{"embeddable":true,"href":"https:\/\/hydropartsholland.com\/fr\/wp-json\/wp\/v2\/comments?post=5968"}],"wp:featuredmedia":[{"embeddable":true,"href":"https:\/\/hydropartsholland.com\/fr\/wp-json\/wp\/v2\/media\/33573"}],"wp:attachment":[{"href":"https:\/\/hydropartsholland.com\/fr\/wp-json\/wp\/v2\/media?parent=5968"}],"wp:term":[{"taxonomy":"product_cat","embeddable":true,"href":"https:\/\/hydropartsholland.com\/fr\/wp-json\/wp\/v2\/product_cat?post=5968"},{"taxonomy":"product_tag","embeddable":true,"href":"https:\/\/hydropartsholland.com\/fr\/wp-json\/wp\/v2\/product_tag?post=5968"}],"curies":[{"name":"wp","href":"https:\/\/api.w.org\/{rel}","templated":true}]}}