{"id":5955,"date":"2025-07-22T14:50:55","date_gmt":"2025-07-22T13:50:55","guid":{"rendered":"https:\/\/hydropartsholland.com\/product\/hydraulic-remote-kit-massey-ferguson-mf-4-control-3-point-linkage\/"},"modified":"2025-03-11T12:27:19","modified_gmt":"2025-03-11T11:27:19","slug":"hydraulic-remote-kit-massey-ferguson-mf-4-control-3-point-linkage","status":"publish","type":"product","link":"https:\/\/hydropartsholland.com\/fr\/produit\/hydraulic-remote-kit-massey-ferguson-mf-4-control-3-point-linkage\/","title":{"rendered":"Kit Ditstribiteur Hydraulique pour Massey Ferguson 4 ports + contr\u00f4leur d&#8217;attelage 3 points."},"content":{"rendered":"<p>Kit Ditstribiteur Hydraulique pour Massey Ferguson 4 ports + contr\u00f4leur d&#8217;attelage 3 points.<\/p>\n<p>Le premier levier est en option \u00e0 simple effet ou \u00e0 double effet.<\/p>\n<p>Le deuxi\u00e8me levier est toujours \u00e0 double effet.<\/p>\n<p>Le troisi\u00e8me levier est pour le contr\u00f4le \u00e0 3 points.<\/p>\n<p>Vous pouvez \u00e9galement actionner l&#8217;attelage 3 points (mont\u00e9e et descente).<\/p>\n<p>Comprend les tuyaux, les raccords rapides et le support.<\/p>\n<p>Compatible avec les mod\u00e8les de tracteur Massey Ferguson :<\/p>\n<p>135, 150, 165, 175, 180, 230, 231, 235, 240, 245, 25, 250, 253, 255, 265, 270, 275, 282, 283, 290, 35, 35 UK, 360, 362, 375 , 383, 390, 398, 399, 50, 65, 85<\/p>\n<p>MASSEY FERGUSON INDUSTRIAL \/ CONSTRUCTION<\/p>\n<p>20, 202, 203, 204, 205, 20C, 20D, 20F, 2135, 30, 302, 304, 30B, 30D, 30E, 31, 40, 40B, 40E, 50C, 50D, 50E<\/p>\n<p>MASSEY FERGUSON<\/p>\n<p>TO35, 40, Ag &amp; Ind 40, 50<\/p>\n<p>MASSEY HARRIS 50<\/p>\n","protected":false},"excerpt":{"rendered":"<p>Kit Ditstribiteur Hydraulique pour Massey Ferguson 4 ports + contr\u00f4leur d&#8217;attelage 3 points.<\/p>\n","protected":false},"featured_media":29058,"comment_status":"open","ping_status":"closed","template":"","meta":{"inline_featured_image":false},"product_cat":[630,633],"product_tag":[],"class_list":{"0":"post-5955","1":"product","2":"type-product","3":"status-publish","4":"has-post-thumbnail","6":"product_cat-kits-de-vanne-de-controle-a-distance","7":"product_cat-massey-ferguson-fr-3","9":"first","10":"instock","11":"featured","12":"taxable","13":"shipping-taxable","14":"purchasable","15":"product-type-simple"},"yoast_head":"<!-- This site is optimized with the Yoast SEO plugin v23.3 - https:\/\/yoast.com\/wordpress\/plugins\/seo\/ -->\n<title>Kit Ditstribiteur Hydraulique pour Massey Ferguson 4 ports + contr\u00f4leur d&#039;attelage 3 points. - Hydropartsholland<\/title>\n<meta name=\"description\" content=\"Kit Ditstribiteur Hydraulique pour Massey Ferguson 4 ports + contr\u00f4leur d&#039;attelage 3 points.\" \/>\n<meta name=\"robots\" content=\"index, follow, max-snippet:-1, max-image-preview:large, max-video-preview:-1\" \/>\n<link rel=\"canonical\" href=\"https:\/\/hydropartsholland.com\/fr\/produit\/hydraulic-remote-kit-massey-ferguson-mf-4-control-3-point-linkage\/\" \/>\n<meta property=\"og:locale\" content=\"fr_FR\" \/>\n<meta property=\"og:type\" content=\"article\" \/>\n<meta property=\"og:title\" content=\"Kit Ditstribiteur Hydraulique pour Massey Ferguson 4 ports + contr\u00f4leur d&#039;attelage 3 points. - Hydropartsholland\" \/>\n<meta property=\"og:description\" content=\"Kit Ditstribiteur Hydraulique pour Massey Ferguson 4 ports + contr\u00f4leur d&#039;attelage 3 points.\" \/>\n<meta property=\"og:url\" content=\"https:\/\/hydropartsholland.com\/fr\/produit\/hydraulic-remote-kit-massey-ferguson-mf-4-control-3-point-linkage\/\" \/>\n<meta property=\"og:site_name\" content=\"Hydropartsholland\" \/>\n<meta property=\"article:modified_time\" content=\"2025-03-11T11:27:19+00:00\" \/>\n<meta property=\"og:image\" content=\"https:\/\/hydropartsholland.com\/wp-content\/uploads\/2022\/07\/3-13-scaled.jpg\" \/>\n\t<meta property=\"og:image:width\" content=\"2560\" \/>\n\t<meta property=\"og:image:height\" content=\"2560\" \/>\n\t<meta property=\"og:image:type\" content=\"image\/jpeg\" \/>\n<meta name=\"twitter:card\" content=\"summary_large_image\" \/>\n<meta name=\"twitter:label1\" content=\"Dur\u00e9e de lecture estim\u00e9e\" \/>\n\t<meta name=\"twitter:data1\" content=\"1 minute\" \/>\n<script type=\"application\/ld+json\" class=\"yoast-schema-graph\">{\"@context\":\"https:\/\/schema.org\",\"@graph\":[{\"@type\":\"WebPage\",\"@id\":\"https:\/\/hydropartsholland.com\/fr\/produit\/hydraulic-remote-kit-massey-ferguson-mf-4-control-3-point-linkage\/\",\"url\":\"https:\/\/hydropartsholland.com\/fr\/produit\/hydraulic-remote-kit-massey-ferguson-mf-4-control-3-point-linkage\/\",\"name\":\"Kit Ditstribiteur Hydraulique pour Massey Ferguson 4 ports + contr\u00f4leur d'attelage 3 points. - Hydropartsholland\",\"isPartOf\":{\"@id\":\"https:\/\/hydropartsholland.com\/#website\"},\"primaryImageOfPage\":{\"@id\":\"https:\/\/hydropartsholland.com\/fr\/produit\/hydraulic-remote-kit-massey-ferguson-mf-4-control-3-point-linkage\/#primaryimage\"},\"image\":{\"@id\":\"https:\/\/hydropartsholland.com\/fr\/produit\/hydraulic-remote-kit-massey-ferguson-mf-4-control-3-point-linkage\/#primaryimage\"},\"thumbnailUrl\":\"https:\/\/hydropartsholland.com\/wp-content\/uploads\/2022\/07\/3-13-scaled.jpg\",\"datePublished\":\"2025-07-22T13:50:55+00:00\",\"dateModified\":\"2025-03-11T11:27:19+00:00\",\"description\":\"Kit Ditstribiteur Hydraulique pour Massey Ferguson 4 ports + contr\u00f4leur d'attelage 3 points.\",\"breadcrumb\":{\"@id\":\"https:\/\/hydropartsholland.com\/fr\/produit\/hydraulic-remote-kit-massey-ferguson-mf-4-control-3-point-linkage\/#breadcrumb\"},\"inLanguage\":\"fr-FR\",\"potentialAction\":[{\"@type\":\"ReadAction\",\"target\":[\"https:\/\/hydropartsholland.com\/fr\/produit\/hydraulic-remote-kit-massey-ferguson-mf-4-control-3-point-linkage\/\"]}]},{\"@type\":\"ImageObject\",\"inLanguage\":\"fr-FR\",\"@id\":\"https:\/\/hydropartsholland.com\/fr\/produit\/hydraulic-remote-kit-massey-ferguson-mf-4-control-3-point-linkage\/#primaryimage\",\"url\":\"https:\/\/hydropartsholland.com\/wp-content\/uploads\/2022\/07\/3-13-scaled.jpg\",\"contentUrl\":\"https:\/\/hydropartsholland.com\/wp-content\/uploads\/2022\/07\/3-13-scaled.jpg\",\"width\":2560,\"height\":2560},{\"@type\":\"BreadcrumbList\",\"@id\":\"https:\/\/hydropartsholland.com\/fr\/produit\/hydraulic-remote-kit-massey-ferguson-mf-4-control-3-point-linkage\/#breadcrumb\",\"itemListElement\":[{\"@type\":\"ListItem\",\"position\":1,\"name\":\"Home\",\"item\":\"https:\/\/hydropartsholland.com\/\"},{\"@type\":\"ListItem\",\"position\":2,\"name\":\"Boutique\",\"item\":\"https:\/\/hydropartsholland.com\/fr\/boutique\/\"},{\"@type\":\"ListItem\",\"position\":3,\"name\":\"Kit Ditstribiteur Hydraulique pour Massey Ferguson 4 ports + contr\u00f4leur d&#8217;attelage 3 points.\"}]},{\"@type\":\"WebSite\",\"@id\":\"https:\/\/hydropartsholland.com\/#website\",\"url\":\"https:\/\/hydropartsholland.com\/\",\"name\":\"Hydropartsholland\",\"description\":\"\",\"publisher\":{\"@id\":\"https:\/\/hydropartsholland.com\/#organization\"},\"potentialAction\":[{\"@type\":\"SearchAction\",\"target\":{\"@type\":\"EntryPoint\",\"urlTemplate\":\"https:\/\/hydropartsholland.com\/?s={search_term_string}\"},\"query-input\":\"required name=search_term_string\"}],\"inLanguage\":\"fr-FR\"},{\"@type\":\"Organization\",\"@id\":\"https:\/\/hydropartsholland.com\/#organization\",\"name\":\"Spare Parts Holland\",\"url\":\"https:\/\/hydropartsholland.com\/\",\"logo\":{\"@type\":\"ImageObject\",\"inLanguage\":\"fr-FR\",\"@id\":\"https:\/\/hydropartsholland.com\/#\/schema\/logo\/image\/\",\"url\":\"https:\/\/hydropartsholland.com\/wp-content\/uploads\/2022\/06\/spareparts-1.png\",\"contentUrl\":\"https:\/\/hydropartsholland.com\/wp-content\/uploads\/2022\/06\/spareparts-1.png\",\"width\":824,\"height\":685,\"caption\":\"Spare Parts Holland\"},\"image\":{\"@id\":\"https:\/\/hydropartsholland.com\/#\/schema\/logo\/image\/\"}}]}<\/script>\n<!-- \/ Yoast SEO plugin. -->","yoast_head_json":{"title":"Kit Ditstribiteur Hydraulique pour Massey Ferguson 4 ports + contr\u00f4leur d'attelage 3 points. - Hydropartsholland","description":"Kit Ditstribiteur Hydraulique pour Massey Ferguson 4 ports + contr\u00f4leur d'attelage 3 points.","robots":{"index":"index","follow":"follow","max-snippet":"max-snippet:-1","max-image-preview":"max-image-preview:large","max-video-preview":"max-video-preview:-1"},"canonical":"https:\/\/hydropartsholland.com\/fr\/produit\/hydraulic-remote-kit-massey-ferguson-mf-4-control-3-point-linkage\/","og_locale":"fr_FR","og_type":"article","og_title":"Kit Ditstribiteur Hydraulique pour Massey Ferguson 4 ports + contr\u00f4leur d'attelage 3 points. - Hydropartsholland","og_description":"Kit Ditstribiteur Hydraulique pour Massey Ferguson 4 ports + contr\u00f4leur d'attelage 3 points.","og_url":"https:\/\/hydropartsholland.com\/fr\/produit\/hydraulic-remote-kit-massey-ferguson-mf-4-control-3-point-linkage\/","og_site_name":"Hydropartsholland","article_modified_time":"2025-03-11T11:27:19+00:00","og_image":[{"width":2560,"height":2560,"url":"https:\/\/hydropartsholland.com\/wp-content\/uploads\/2022\/07\/3-13-scaled.jpg","type":"image\/jpeg"}],"twitter_card":"summary_large_image","twitter_misc":{"Dur\u00e9e de lecture estim\u00e9e":"1 minute"},"schema":{"@context":"https:\/\/schema.org","@graph":[{"@type":"WebPage","@id":"https:\/\/hydropartsholland.com\/fr\/produit\/hydraulic-remote-kit-massey-ferguson-mf-4-control-3-point-linkage\/","url":"https:\/\/hydropartsholland.com\/fr\/produit\/hydraulic-remote-kit-massey-ferguson-mf-4-control-3-point-linkage\/","name":"Kit Ditstribiteur Hydraulique pour Massey Ferguson 4 ports + contr\u00f4leur d'attelage 3 points. - Hydropartsholland","isPartOf":{"@id":"https:\/\/hydropartsholland.com\/#website"},"primaryImageOfPage":{"@id":"https:\/\/hydropartsholland.com\/fr\/produit\/hydraulic-remote-kit-massey-ferguson-mf-4-control-3-point-linkage\/#primaryimage"},"image":{"@id":"https:\/\/hydropartsholland.com\/fr\/produit\/hydraulic-remote-kit-massey-ferguson-mf-4-control-3-point-linkage\/#primaryimage"},"thumbnailUrl":"https:\/\/hydropartsholland.com\/wp-content\/uploads\/2022\/07\/3-13-scaled.jpg","datePublished":"2025-07-22T13:50:55+00:00","dateModified":"2025-03-11T11:27:19+00:00","description":"Kit Ditstribiteur Hydraulique pour Massey Ferguson 4 ports + contr\u00f4leur d'attelage 3 points.","breadcrumb":{"@id":"https:\/\/hydropartsholland.com\/fr\/produit\/hydraulic-remote-kit-massey-ferguson-mf-4-control-3-point-linkage\/#breadcrumb"},"inLanguage":"fr-FR","potentialAction":[{"@type":"ReadAction","target":["https:\/\/hydropartsholland.com\/fr\/produit\/hydraulic-remote-kit-massey-ferguson-mf-4-control-3-point-linkage\/"]}]},{"@type":"ImageObject","inLanguage":"fr-FR","@id":"https:\/\/hydropartsholland.com\/fr\/produit\/hydraulic-remote-kit-massey-ferguson-mf-4-control-3-point-linkage\/#primaryimage","url":"https:\/\/hydropartsholland.com\/wp-content\/uploads\/2022\/07\/3-13-scaled.jpg","contentUrl":"https:\/\/hydropartsholland.com\/wp-content\/uploads\/2022\/07\/3-13-scaled.jpg","width":2560,"height":2560},{"@type":"BreadcrumbList","@id":"https:\/\/hydropartsholland.com\/fr\/produit\/hydraulic-remote-kit-massey-ferguson-mf-4-control-3-point-linkage\/#breadcrumb","itemListElement":[{"@type":"ListItem","position":1,"name":"Home","item":"https:\/\/hydropartsholland.com\/"},{"@type":"ListItem","position":2,"name":"Boutique","item":"https:\/\/hydropartsholland.com\/fr\/boutique\/"},{"@type":"ListItem","position":3,"name":"Kit Ditstribiteur Hydraulique pour Massey Ferguson 4 ports + contr\u00f4leur d&#8217;attelage 3 points."}]},{"@type":"WebSite","@id":"https:\/\/hydropartsholland.com\/#website","url":"https:\/\/hydropartsholland.com\/","name":"Hydropartsholland","description":"","publisher":{"@id":"https:\/\/hydropartsholland.com\/#organization"},"potentialAction":[{"@type":"SearchAction","target":{"@type":"EntryPoint","urlTemplate":"https:\/\/hydropartsholland.com\/?s={search_term_string}"},"query-input":"required name=search_term_string"}],"inLanguage":"fr-FR"},{"@type":"Organization","@id":"https:\/\/hydropartsholland.com\/#organization","name":"Spare Parts Holland","url":"https:\/\/hydropartsholland.com\/","logo":{"@type":"ImageObject","inLanguage":"fr-FR","@id":"https:\/\/hydropartsholland.com\/#\/schema\/logo\/image\/","url":"https:\/\/hydropartsholland.com\/wp-content\/uploads\/2022\/06\/spareparts-1.png","contentUrl":"https:\/\/hydropartsholland.com\/wp-content\/uploads\/2022\/06\/spareparts-1.png","width":824,"height":685,"caption":"Spare Parts Holland"},"image":{"@id":"https:\/\/hydropartsholland.com\/#\/schema\/logo\/image\/"}}]}},"_links":{"self":[{"href":"https:\/\/hydropartsholland.com\/fr\/wp-json\/wp\/v2\/product\/5955","targetHints":{"allow":["GET"]}}],"collection":[{"href":"https:\/\/hydropartsholland.com\/fr\/wp-json\/wp\/v2\/product"}],"about":[{"href":"https:\/\/hydropartsholland.com\/fr\/wp-json\/wp\/v2\/types\/product"}],"replies":[{"embeddable":true,"href":"https:\/\/hydropartsholland.com\/fr\/wp-json\/wp\/v2\/comments?post=5955"}],"wp:featuredmedia":[{"embeddable":true,"href":"https:\/\/hydropartsholland.com\/fr\/wp-json\/wp\/v2\/media\/29058"}],"wp:attachment":[{"href":"https:\/\/hydropartsholland.com\/fr\/wp-json\/wp\/v2\/media?parent=5955"}],"wp:term":[{"taxonomy":"product_cat","embeddable":true,"href":"https:\/\/hydropartsholland.com\/fr\/wp-json\/wp\/v2\/product_cat?post=5955"},{"taxonomy":"product_tag","embeddable":true,"href":"https:\/\/hydropartsholland.com\/fr\/wp-json\/wp\/v2\/product_tag?post=5955"}],"curies":[{"name":"wp","href":"https:\/\/api.w.org\/{rel}","templated":true}]}}