{"id":5935,"date":"2025-07-22T14:50:51","date_gmt":"2025-07-22T13:50:51","guid":{"rendered":"https:\/\/hydropartsholland.com\/product\/hydraulic-toplink-cat-2-2-480%e2%86%92690mm\/"},"modified":"2025-03-11T13:08:55","modified_gmt":"2025-03-11T12:08:55","slug":"hydraulic-toplink-cat-2-2-480%e2%86%92690mm","status":"publish","type":"product","link":"https:\/\/hydropartsholland.com\/fr\/produit\/hydraulic-toplink-cat-2-2-480%e2%86%92690mm\/","title":{"rendered":"Barre de Pouss\u00e9e Hydraulique Cat. 2-2 (480 &#8211; 690 mm) avec Clapet Anti-retour et 2 Flexibles Hydrauliques"},"content":{"rendered":"<p>La barre de pouss\u00e9e hydraulique que nous proposons remplace la barre de pouss\u00e9e hydraulique existante sur le tracteur et facilite votre travail quotidien. Cela n\u00e9cessite une soupape de commande \u00e0 double effet sur le tracteur &#8211; une combinaison imbattable en combinaison avec le clapet anti-retour int\u00e9gr\u00e9 *.<\/p>\n<p>* Lors du r\u00e9glage du barre de pouss\u00e9e hydraulique, il est tr\u00e8s important que la position ajust\u00e9e soit maintenue m\u00eame apr\u00e8s une longue p\u00e9riode de temps. Cela n&#8217;est gu\u00e8re possible barre de pouss\u00e9e hydraulique sans bloc de verrouillage, car les unit\u00e9s de commande du tracteur ne se verrouillent pas aussi fermement. Ce barre de pouss\u00e9e hydraulique est donc \u00e9quip\u00e9 d&#8217;un bloc de verrouillage. Avec cette soupape, l&#8217;huile dans le cylindre est enferm\u00e9e par un clapet anti-retour. Ce n&#8217;est que lorsque la pression d&#8217;huile revient du tracteur que la vanne s&#8217;ouvre et que le v\u00e9rin peut \u00eatre r\u00e9gl\u00e9.<\/p>\n<ul>\n<li>Finition et peinture de haute qualit\u00e9<\/li>\n<li>Comprend un clapet anti-retour<\/li>\n<li>2x connexion hydraulique<\/li>\n<\/ul>\n<p>Sp\u00e9cifications techniques:<\/p>\n<ul>\n<li>Connexion hydraulique : 3\/8&#8243;<\/li>\n<li>Pression hydraulique max. 250 barres<\/li>\n<li>Pouss\u00e9e : 3,5 tonnes<\/li>\n<li>Force de traction : 2,3 tonnes<\/li>\n<li>Poids : environ 9 kg<\/li>\n<li>2 x tuyau hydraulique avec bouchon et capuchon anti-poussi\u00e8re<\/li>\n<li>Connexion : passe-cloison 12-L taille 3 (connecteur de couplage commun), t\u00e9ton 18-1,5 SW22 + union<\/li>\n<li>D\u00e9signation flexible Blue Flex SAE 100 3\/8 R2AT DIN EN 853 2SN DN10 W.P.330<\/li>\n<li>Pression de travail : 180 bars<\/li>\n<\/ul>\n","protected":false},"excerpt":{"rendered":"<ul>\n<li>Finition et peinture de haute qualit\u00e9<\/li>\n<li>Comprend un clapet anti-retour<\/li>\n<li>2x connexion hydraulique<\/li>\n<\/ul>\n","protected":false},"featured_media":28741,"comment_status":"open","ping_status":"closed","template":"","meta":{"inline_featured_image":false},"product_cat":[603,605],"product_tag":[],"class_list":{"0":"post-5935","1":"product","2":"type-product","3":"status-publish","4":"has-post-thumbnail","6":"product_cat-kit-troisieme-point-hydraulique","7":"product_cat-cat-2","9":"first","10":"instock","11":"taxable","12":"shipping-taxable","13":"purchasable","14":"product-type-simple"},"yoast_head":"<!-- This site is optimized with the Yoast SEO plugin v23.3 - https:\/\/yoast.com\/wordpress\/plugins\/seo\/ -->\n<title>Barre de Pouss\u00e9e Hydraulique Cat. 2-2 (480 - 690 mm) avec Clapet Anti-retour et 2 Flexibles Hydrauliques - Hydropartsholland<\/title>\n<meta name=\"description\" content=\"La barre de pouss\u00e9e hydraulique que nous proposons remplace la barre de pouss\u00e9e hydraulique existante sur le tracteur et facilite votre travail quotidien.\" \/>\n<meta name=\"robots\" content=\"index, follow, max-snippet:-1, max-image-preview:large, max-video-preview:-1\" \/>\n<link rel=\"canonical\" href=\"https:\/\/hydropartsholland.com\/fr\/produit\/hydraulic-toplink-cat-2-2-480\u2192690mm\/\" \/>\n<meta property=\"og:locale\" content=\"fr_FR\" \/>\n<meta property=\"og:type\" content=\"article\" \/>\n<meta property=\"og:title\" content=\"Barre de Pouss\u00e9e Hydraulique Cat. 2-2 (480 - 690 mm) avec Clapet Anti-retour et 2 Flexibles Hydrauliques - Hydropartsholland\" \/>\n<meta property=\"og:description\" content=\"La barre de pouss\u00e9e hydraulique que nous proposons remplace la barre de pouss\u00e9e hydraulique existante sur le tracteur et facilite votre travail quotidien.\" \/>\n<meta property=\"og:url\" content=\"https:\/\/hydropartsholland.com\/fr\/produit\/hydraulic-toplink-cat-2-2-480\u2192690mm\/\" \/>\n<meta property=\"og:site_name\" content=\"Hydropartsholland\" \/>\n<meta property=\"article:modified_time\" content=\"2025-03-11T12:08:55+00:00\" \/>\n<meta property=\"og:image\" content=\"https:\/\/hydropartsholland.com\/wp-content\/uploads\/2022\/07\/1-4-scaled-e1698138732511.jpg\" \/>\n\t<meta property=\"og:image:width\" content=\"2560\" \/>\n\t<meta property=\"og:image:height\" content=\"2560\" \/>\n\t<meta property=\"og:image:type\" content=\"image\/jpeg\" \/>\n<meta name=\"twitter:card\" content=\"summary_large_image\" \/>\n<meta name=\"twitter:label1\" content=\"Dur\u00e9e de lecture estim\u00e9e\" \/>\n\t<meta name=\"twitter:data1\" content=\"1 minute\" \/>\n<script type=\"application\/ld+json\" class=\"yoast-schema-graph\">{\"@context\":\"https:\/\/schema.org\",\"@graph\":[{\"@type\":\"WebPage\",\"@id\":\"https:\/\/hydropartsholland.com\/fr\/produit\/hydraulic-toplink-cat-2-2-480%e2%86%92690mm\/\",\"url\":\"https:\/\/hydropartsholland.com\/fr\/produit\/hydraulic-toplink-cat-2-2-480%e2%86%92690mm\/\",\"name\":\"Barre de Pouss\u00e9e Hydraulique Cat. 2-2 (480 - 690 mm) avec Clapet Anti-retour et 2 Flexibles Hydrauliques - Hydropartsholland\",\"isPartOf\":{\"@id\":\"https:\/\/hydropartsholland.com\/#website\"},\"primaryImageOfPage\":{\"@id\":\"https:\/\/hydropartsholland.com\/fr\/produit\/hydraulic-toplink-cat-2-2-480%e2%86%92690mm\/#primaryimage\"},\"image\":{\"@id\":\"https:\/\/hydropartsholland.com\/fr\/produit\/hydraulic-toplink-cat-2-2-480%e2%86%92690mm\/#primaryimage\"},\"thumbnailUrl\":\"https:\/\/hydropartsholland.com\/wp-content\/uploads\/2022\/07\/1-4-scaled-e1698138732511.jpg\",\"datePublished\":\"2025-07-22T13:50:51+00:00\",\"dateModified\":\"2025-03-11T12:08:55+00:00\",\"description\":\"La barre de pouss\u00e9e hydraulique que nous proposons remplace la barre de pouss\u00e9e hydraulique existante sur le tracteur et facilite votre travail quotidien.\",\"breadcrumb\":{\"@id\":\"https:\/\/hydropartsholland.com\/fr\/produit\/hydraulic-toplink-cat-2-2-480%e2%86%92690mm\/#breadcrumb\"},\"inLanguage\":\"fr-FR\",\"potentialAction\":[{\"@type\":\"ReadAction\",\"target\":[\"https:\/\/hydropartsholland.com\/fr\/produit\/hydraulic-toplink-cat-2-2-480%e2%86%92690mm\/\"]}]},{\"@type\":\"ImageObject\",\"inLanguage\":\"fr-FR\",\"@id\":\"https:\/\/hydropartsholland.com\/fr\/produit\/hydraulic-toplink-cat-2-2-480%e2%86%92690mm\/#primaryimage\",\"url\":\"https:\/\/hydropartsholland.com\/wp-content\/uploads\/2022\/07\/1-4-scaled-e1698138732511.jpg\",\"contentUrl\":\"https:\/\/hydropartsholland.com\/wp-content\/uploads\/2022\/07\/1-4-scaled-e1698138732511.jpg\",\"width\":2560,\"height\":2560},{\"@type\":\"BreadcrumbList\",\"@id\":\"https:\/\/hydropartsholland.com\/fr\/produit\/hydraulic-toplink-cat-2-2-480%e2%86%92690mm\/#breadcrumb\",\"itemListElement\":[{\"@type\":\"ListItem\",\"position\":1,\"name\":\"Home\",\"item\":\"https:\/\/hydropartsholland.com\/\"},{\"@type\":\"ListItem\",\"position\":2,\"name\":\"Boutique\",\"item\":\"https:\/\/hydropartsholland.com\/fr\/boutique\/\"},{\"@type\":\"ListItem\",\"position\":3,\"name\":\"Barre de Pouss\u00e9e Hydraulique Cat. 2-2 (480 &#8211; 690 mm) avec Clapet Anti-retour et 2 Flexibles Hydrauliques\"}]},{\"@type\":\"WebSite\",\"@id\":\"https:\/\/hydropartsholland.com\/#website\",\"url\":\"https:\/\/hydropartsholland.com\/\",\"name\":\"Hydropartsholland\",\"description\":\"\",\"publisher\":{\"@id\":\"https:\/\/hydropartsholland.com\/#organization\"},\"potentialAction\":[{\"@type\":\"SearchAction\",\"target\":{\"@type\":\"EntryPoint\",\"urlTemplate\":\"https:\/\/hydropartsholland.com\/?s={search_term_string}\"},\"query-input\":\"required name=search_term_string\"}],\"inLanguage\":\"fr-FR\"},{\"@type\":\"Organization\",\"@id\":\"https:\/\/hydropartsholland.com\/#organization\",\"name\":\"Spare Parts Holland\",\"url\":\"https:\/\/hydropartsholland.com\/\",\"logo\":{\"@type\":\"ImageObject\",\"inLanguage\":\"fr-FR\",\"@id\":\"https:\/\/hydropartsholland.com\/#\/schema\/logo\/image\/\",\"url\":\"https:\/\/hydropartsholland.com\/wp-content\/uploads\/2022\/06\/spareparts-1.png\",\"contentUrl\":\"https:\/\/hydropartsholland.com\/wp-content\/uploads\/2022\/06\/spareparts-1.png\",\"width\":824,\"height\":685,\"caption\":\"Spare Parts Holland\"},\"image\":{\"@id\":\"https:\/\/hydropartsholland.com\/#\/schema\/logo\/image\/\"}}]}<\/script>\n<!-- \/ Yoast SEO plugin. -->","yoast_head_json":{"title":"Barre de Pouss\u00e9e Hydraulique Cat. 2-2 (480 - 690 mm) avec Clapet Anti-retour et 2 Flexibles Hydrauliques - Hydropartsholland","description":"La barre de pouss\u00e9e hydraulique que nous proposons remplace la barre de pouss\u00e9e hydraulique existante sur le tracteur et facilite votre travail quotidien.","robots":{"index":"index","follow":"follow","max-snippet":"max-snippet:-1","max-image-preview":"max-image-preview:large","max-video-preview":"max-video-preview:-1"},"canonical":"https:\/\/hydropartsholland.com\/fr\/produit\/hydraulic-toplink-cat-2-2-480\u2192690mm\/","og_locale":"fr_FR","og_type":"article","og_title":"Barre de Pouss\u00e9e Hydraulique Cat. 2-2 (480 - 690 mm) avec Clapet Anti-retour et 2 Flexibles Hydrauliques - Hydropartsholland","og_description":"La barre de pouss\u00e9e hydraulique que nous proposons remplace la barre de pouss\u00e9e hydraulique existante sur le tracteur et facilite votre travail quotidien.","og_url":"https:\/\/hydropartsholland.com\/fr\/produit\/hydraulic-toplink-cat-2-2-480\u2192690mm\/","og_site_name":"Hydropartsholland","article_modified_time":"2025-03-11T12:08:55+00:00","og_image":[{"width":2560,"height":2560,"url":"https:\/\/hydropartsholland.com\/wp-content\/uploads\/2022\/07\/1-4-scaled-e1698138732511.jpg","type":"image\/jpeg"}],"twitter_card":"summary_large_image","twitter_misc":{"Dur\u00e9e de lecture estim\u00e9e":"1 minute"},"schema":{"@context":"https:\/\/schema.org","@graph":[{"@type":"WebPage","@id":"https:\/\/hydropartsholland.com\/fr\/produit\/hydraulic-toplink-cat-2-2-480%e2%86%92690mm\/","url":"https:\/\/hydropartsholland.com\/fr\/produit\/hydraulic-toplink-cat-2-2-480%e2%86%92690mm\/","name":"Barre de Pouss\u00e9e Hydraulique Cat. 2-2 (480 - 690 mm) avec Clapet Anti-retour et 2 Flexibles Hydrauliques - Hydropartsholland","isPartOf":{"@id":"https:\/\/hydropartsholland.com\/#website"},"primaryImageOfPage":{"@id":"https:\/\/hydropartsholland.com\/fr\/produit\/hydraulic-toplink-cat-2-2-480%e2%86%92690mm\/#primaryimage"},"image":{"@id":"https:\/\/hydropartsholland.com\/fr\/produit\/hydraulic-toplink-cat-2-2-480%e2%86%92690mm\/#primaryimage"},"thumbnailUrl":"https:\/\/hydropartsholland.com\/wp-content\/uploads\/2022\/07\/1-4-scaled-e1698138732511.jpg","datePublished":"2025-07-22T13:50:51+00:00","dateModified":"2025-03-11T12:08:55+00:00","description":"La barre de pouss\u00e9e hydraulique que nous proposons remplace la barre de pouss\u00e9e hydraulique existante sur le tracteur et facilite votre travail quotidien.","breadcrumb":{"@id":"https:\/\/hydropartsholland.com\/fr\/produit\/hydraulic-toplink-cat-2-2-480%e2%86%92690mm\/#breadcrumb"},"inLanguage":"fr-FR","potentialAction":[{"@type":"ReadAction","target":["https:\/\/hydropartsholland.com\/fr\/produit\/hydraulic-toplink-cat-2-2-480%e2%86%92690mm\/"]}]},{"@type":"ImageObject","inLanguage":"fr-FR","@id":"https:\/\/hydropartsholland.com\/fr\/produit\/hydraulic-toplink-cat-2-2-480%e2%86%92690mm\/#primaryimage","url":"https:\/\/hydropartsholland.com\/wp-content\/uploads\/2022\/07\/1-4-scaled-e1698138732511.jpg","contentUrl":"https:\/\/hydropartsholland.com\/wp-content\/uploads\/2022\/07\/1-4-scaled-e1698138732511.jpg","width":2560,"height":2560},{"@type":"BreadcrumbList","@id":"https:\/\/hydropartsholland.com\/fr\/produit\/hydraulic-toplink-cat-2-2-480%e2%86%92690mm\/#breadcrumb","itemListElement":[{"@type":"ListItem","position":1,"name":"Home","item":"https:\/\/hydropartsholland.com\/"},{"@type":"ListItem","position":2,"name":"Boutique","item":"https:\/\/hydropartsholland.com\/fr\/boutique\/"},{"@type":"ListItem","position":3,"name":"Barre de Pouss\u00e9e Hydraulique Cat. 2-2 (480 &#8211; 690 mm) avec Clapet Anti-retour et 2 Flexibles Hydrauliques"}]},{"@type":"WebSite","@id":"https:\/\/hydropartsholland.com\/#website","url":"https:\/\/hydropartsholland.com\/","name":"Hydropartsholland","description":"","publisher":{"@id":"https:\/\/hydropartsholland.com\/#organization"},"potentialAction":[{"@type":"SearchAction","target":{"@type":"EntryPoint","urlTemplate":"https:\/\/hydropartsholland.com\/?s={search_term_string}"},"query-input":"required name=search_term_string"}],"inLanguage":"fr-FR"},{"@type":"Organization","@id":"https:\/\/hydropartsholland.com\/#organization","name":"Spare Parts Holland","url":"https:\/\/hydropartsholland.com\/","logo":{"@type":"ImageObject","inLanguage":"fr-FR","@id":"https:\/\/hydropartsholland.com\/#\/schema\/logo\/image\/","url":"https:\/\/hydropartsholland.com\/wp-content\/uploads\/2022\/06\/spareparts-1.png","contentUrl":"https:\/\/hydropartsholland.com\/wp-content\/uploads\/2022\/06\/spareparts-1.png","width":824,"height":685,"caption":"Spare Parts Holland"},"image":{"@id":"https:\/\/hydropartsholland.com\/#\/schema\/logo\/image\/"}}]}},"_links":{"self":[{"href":"https:\/\/hydropartsholland.com\/fr\/wp-json\/wp\/v2\/product\/5935","targetHints":{"allow":["GET"]}}],"collection":[{"href":"https:\/\/hydropartsholland.com\/fr\/wp-json\/wp\/v2\/product"}],"about":[{"href":"https:\/\/hydropartsholland.com\/fr\/wp-json\/wp\/v2\/types\/product"}],"replies":[{"embeddable":true,"href":"https:\/\/hydropartsholland.com\/fr\/wp-json\/wp\/v2\/comments?post=5935"}],"wp:featuredmedia":[{"embeddable":true,"href":"https:\/\/hydropartsholland.com\/fr\/wp-json\/wp\/v2\/media\/28741"}],"wp:attachment":[{"href":"https:\/\/hydropartsholland.com\/fr\/wp-json\/wp\/v2\/media?parent=5935"}],"wp:term":[{"taxonomy":"product_cat","embeddable":true,"href":"https:\/\/hydropartsholland.com\/fr\/wp-json\/wp\/v2\/product_cat?post=5935"},{"taxonomy":"product_tag","embeddable":true,"href":"https:\/\/hydropartsholland.com\/fr\/wp-json\/wp\/v2\/product_tag?post=5935"}],"curies":[{"name":"wp","href":"https:\/\/api.w.org\/{rel}","templated":true}]}}