{"id":5925,"date":"2025-07-22T14:50:48","date_gmt":"2025-07-22T13:50:48","guid":{"rendered":"https:\/\/hydropartsholland.com\/product\/case-international-tractor-levelling-box-assembly-3069056r91\/"},"modified":"2023-01-25T10:48:00","modified_gmt":"2023-01-25T09:48:00","slug":"case-international-tractor-levelling-box-assembly-3069056r91","status":"publish","type":"product","link":"https:\/\/hydropartsholland.com\/fr\/produit\/case-international-tractor-levelling-box-assembly-3069056r91\/","title":{"rendered":"Lien de levage pour CASE International 3069056R91"},"content":{"rendered":"<p>Ensemble de bo\u00eete de mise \u00e0 niveau pour les mod\u00e8les de tracteurs CASE International : 250, 275, 276, 354, 384, 385, 364, 384, 414, 424, 434, 444, 454, UK Series 385, 434,<\/p>\n<p>OEM S.14874 OEM 3069056R91<\/p>\n<p>longueur de l&#8217;arbre : 368 mm.<br \/>\nMin-Max : 560-700mm<\/p>\n<p>*Les num\u00e9ros de pi\u00e8ces d&#8217;origine sont uniquement \u00e0 des fins de comparaison.<\/p>\n","protected":false},"excerpt":{"rendered":"<p>Ensemble de bo\u00eete de mise \u00e0 niveau pour les mod\u00e8les de tracteurs CASE International : 276, 354, 385, 364, 384, 424, B414, 434, 444, 454, UK Series 385, 434. Lien de levage adapt\u00e9 pour CASE IH 250-275-276-354-384-414-434-444 et plus<\/p>\n","protected":false},"featured_media":3664,"comment_status":"open","ping_status":"closed","template":"","meta":{"inline_featured_image":false},"product_cat":[609,610],"product_tag":[],"class_list":{"0":"post-5925","1":"product","2":"type-product","3":"status-publish","4":"has-post-thumbnail","6":"product_cat-pieces-dembrayage","7":"product_cat-case-fr-2","9":"first","10":"instock","11":"taxable","12":"shipping-taxable","13":"purchasable","14":"product-type-simple"},"yoast_head":"<!-- This site is optimized with the Yoast SEO plugin v23.3 - https:\/\/yoast.com\/wordpress\/plugins\/seo\/ -->\n<title>Lien de levage pour CASE International 3069056R91 - Hydropartsholland<\/title>\n<meta name=\"description\" content=\"Ensemble de bo\u00eete de mise \u00e0 niveau pour les mod\u00e8les de tracteurs CASE International : 276, 354, 385, 364, 384, 424, B414, 434, 444, 454, UK Series 385, 434,\" \/>\n<meta name=\"robots\" content=\"index, follow, max-snippet:-1, max-image-preview:large, max-video-preview:-1\" \/>\n<link rel=\"canonical\" href=\"https:\/\/hydropartsholland.com\/fr\/produit\/case-international-tractor-levelling-box-assembly-3069056r91\/\" \/>\n<meta property=\"og:locale\" content=\"fr_FR\" \/>\n<meta property=\"og:type\" content=\"article\" \/>\n<meta property=\"og:title\" content=\"Lien de levage pour CASE International 3069056R91 - Hydropartsholland\" \/>\n<meta property=\"og:description\" content=\"Ensemble de bo\u00eete de mise \u00e0 niveau pour les mod\u00e8les de tracteurs CASE International : 276, 354, 385, 364, 384, 424, B414, 434, 444, 454, UK Series 385, 434,\" \/>\n<meta property=\"og:url\" content=\"https:\/\/hydropartsholland.com\/fr\/produit\/case-international-tractor-levelling-box-assembly-3069056r91\/\" \/>\n<meta property=\"og:site_name\" content=\"Hydropartsholland\" \/>\n<meta property=\"article:modified_time\" content=\"2023-01-25T09:48:00+00:00\" \/>\n<meta property=\"og:image\" content=\"https:\/\/hydropartsholland.com\/wp-content\/uploads\/2022\/07\/s-l1600-9-5.jpg\" \/>\n\t<meta property=\"og:image:width\" content=\"1001\" \/>\n\t<meta property=\"og:image:height\" content=\"651\" \/>\n\t<meta property=\"og:image:type\" content=\"image\/jpeg\" \/>\n<meta name=\"twitter:card\" content=\"summary_large_image\" \/>\n<meta name=\"twitter:label1\" content=\"Dur\u00e9e de lecture estim\u00e9e\" \/>\n\t<meta name=\"twitter:data1\" content=\"1 minute\" \/>\n<script type=\"application\/ld+json\" class=\"yoast-schema-graph\">{\"@context\":\"https:\/\/schema.org\",\"@graph\":[{\"@type\":\"WebPage\",\"@id\":\"https:\/\/hydropartsholland.com\/fr\/produit\/case-international-tractor-levelling-box-assembly-3069056r91\/\",\"url\":\"https:\/\/hydropartsholland.com\/fr\/produit\/case-international-tractor-levelling-box-assembly-3069056r91\/\",\"name\":\"Lien de levage pour CASE International 3069056R91 - Hydropartsholland\",\"isPartOf\":{\"@id\":\"https:\/\/hydropartsholland.com\/#website\"},\"primaryImageOfPage\":{\"@id\":\"https:\/\/hydropartsholland.com\/fr\/produit\/case-international-tractor-levelling-box-assembly-3069056r91\/#primaryimage\"},\"image\":{\"@id\":\"https:\/\/hydropartsholland.com\/fr\/produit\/case-international-tractor-levelling-box-assembly-3069056r91\/#primaryimage\"},\"thumbnailUrl\":\"https:\/\/hydropartsholland.com\/wp-content\/uploads\/2022\/07\/s-l1600-9-5.jpg\",\"datePublished\":\"2025-07-22T13:50:48+00:00\",\"dateModified\":\"2023-01-25T09:48:00+00:00\",\"description\":\"Ensemble de bo\u00eete de mise \u00e0 niveau pour les mod\u00e8les de tracteurs CASE International : 276, 354, 385, 364, 384, 424, B414, 434, 444, 454, UK Series 385, 434,\",\"breadcrumb\":{\"@id\":\"https:\/\/hydropartsholland.com\/fr\/produit\/case-international-tractor-levelling-box-assembly-3069056r91\/#breadcrumb\"},\"inLanguage\":\"fr-FR\",\"potentialAction\":[{\"@type\":\"ReadAction\",\"target\":[\"https:\/\/hydropartsholland.com\/fr\/produit\/case-international-tractor-levelling-box-assembly-3069056r91\/\"]}]},{\"@type\":\"ImageObject\",\"inLanguage\":\"fr-FR\",\"@id\":\"https:\/\/hydropartsholland.com\/fr\/produit\/case-international-tractor-levelling-box-assembly-3069056r91\/#primaryimage\",\"url\":\"https:\/\/hydropartsholland.com\/wp-content\/uploads\/2022\/07\/s-l1600-9-5.jpg\",\"contentUrl\":\"https:\/\/hydropartsholland.com\/wp-content\/uploads\/2022\/07\/s-l1600-9-5.jpg\",\"width\":1001,\"height\":651},{\"@type\":\"BreadcrumbList\",\"@id\":\"https:\/\/hydropartsholland.com\/fr\/produit\/case-international-tractor-levelling-box-assembly-3069056r91\/#breadcrumb\",\"itemListElement\":[{\"@type\":\"ListItem\",\"position\":1,\"name\":\"Home\",\"item\":\"https:\/\/hydropartsholland.com\/\"},{\"@type\":\"ListItem\",\"position\":2,\"name\":\"Boutique\",\"item\":\"https:\/\/hydropartsholland.com\/fr\/boutique\/\"},{\"@type\":\"ListItem\",\"position\":3,\"name\":\"Lien de levage pour CASE International 3069056R91\"}]},{\"@type\":\"WebSite\",\"@id\":\"https:\/\/hydropartsholland.com\/#website\",\"url\":\"https:\/\/hydropartsholland.com\/\",\"name\":\"Hydropartsholland\",\"description\":\"\",\"publisher\":{\"@id\":\"https:\/\/hydropartsholland.com\/#organization\"},\"potentialAction\":[{\"@type\":\"SearchAction\",\"target\":{\"@type\":\"EntryPoint\",\"urlTemplate\":\"https:\/\/hydropartsholland.com\/?s={search_term_string}\"},\"query-input\":\"required name=search_term_string\"}],\"inLanguage\":\"fr-FR\"},{\"@type\":\"Organization\",\"@id\":\"https:\/\/hydropartsholland.com\/#organization\",\"name\":\"Spare Parts Holland\",\"url\":\"https:\/\/hydropartsholland.com\/\",\"logo\":{\"@type\":\"ImageObject\",\"inLanguage\":\"fr-FR\",\"@id\":\"https:\/\/hydropartsholland.com\/#\/schema\/logo\/image\/\",\"url\":\"https:\/\/hydropartsholland.com\/wp-content\/uploads\/2022\/06\/spareparts-1.png\",\"contentUrl\":\"https:\/\/hydropartsholland.com\/wp-content\/uploads\/2022\/06\/spareparts-1.png\",\"width\":824,\"height\":685,\"caption\":\"Spare Parts Holland\"},\"image\":{\"@id\":\"https:\/\/hydropartsholland.com\/#\/schema\/logo\/image\/\"}}]}<\/script>\n<!-- \/ Yoast SEO plugin. -->","yoast_head_json":{"title":"Lien de levage pour CASE International 3069056R91 - Hydropartsholland","description":"Ensemble de bo\u00eete de mise \u00e0 niveau pour les mod\u00e8les de tracteurs CASE International : 276, 354, 385, 364, 384, 424, B414, 434, 444, 454, UK Series 385, 434,","robots":{"index":"index","follow":"follow","max-snippet":"max-snippet:-1","max-image-preview":"max-image-preview:large","max-video-preview":"max-video-preview:-1"},"canonical":"https:\/\/hydropartsholland.com\/fr\/produit\/case-international-tractor-levelling-box-assembly-3069056r91\/","og_locale":"fr_FR","og_type":"article","og_title":"Lien de levage pour CASE International 3069056R91 - Hydropartsholland","og_description":"Ensemble de bo\u00eete de mise \u00e0 niveau pour les mod\u00e8les de tracteurs CASE International : 276, 354, 385, 364, 384, 424, B414, 434, 444, 454, UK Series 385, 434,","og_url":"https:\/\/hydropartsholland.com\/fr\/produit\/case-international-tractor-levelling-box-assembly-3069056r91\/","og_site_name":"Hydropartsholland","article_modified_time":"2023-01-25T09:48:00+00:00","og_image":[{"width":1001,"height":651,"url":"https:\/\/hydropartsholland.com\/wp-content\/uploads\/2022\/07\/s-l1600-9-5.jpg","type":"image\/jpeg"}],"twitter_card":"summary_large_image","twitter_misc":{"Dur\u00e9e de lecture estim\u00e9e":"1 minute"},"schema":{"@context":"https:\/\/schema.org","@graph":[{"@type":"WebPage","@id":"https:\/\/hydropartsholland.com\/fr\/produit\/case-international-tractor-levelling-box-assembly-3069056r91\/","url":"https:\/\/hydropartsholland.com\/fr\/produit\/case-international-tractor-levelling-box-assembly-3069056r91\/","name":"Lien de levage pour CASE International 3069056R91 - Hydropartsholland","isPartOf":{"@id":"https:\/\/hydropartsholland.com\/#website"},"primaryImageOfPage":{"@id":"https:\/\/hydropartsholland.com\/fr\/produit\/case-international-tractor-levelling-box-assembly-3069056r91\/#primaryimage"},"image":{"@id":"https:\/\/hydropartsholland.com\/fr\/produit\/case-international-tractor-levelling-box-assembly-3069056r91\/#primaryimage"},"thumbnailUrl":"https:\/\/hydropartsholland.com\/wp-content\/uploads\/2022\/07\/s-l1600-9-5.jpg","datePublished":"2025-07-22T13:50:48+00:00","dateModified":"2023-01-25T09:48:00+00:00","description":"Ensemble de bo\u00eete de mise \u00e0 niveau pour les mod\u00e8les de tracteurs CASE International : 276, 354, 385, 364, 384, 424, B414, 434, 444, 454, UK Series 385, 434,","breadcrumb":{"@id":"https:\/\/hydropartsholland.com\/fr\/produit\/case-international-tractor-levelling-box-assembly-3069056r91\/#breadcrumb"},"inLanguage":"fr-FR","potentialAction":[{"@type":"ReadAction","target":["https:\/\/hydropartsholland.com\/fr\/produit\/case-international-tractor-levelling-box-assembly-3069056r91\/"]}]},{"@type":"ImageObject","inLanguage":"fr-FR","@id":"https:\/\/hydropartsholland.com\/fr\/produit\/case-international-tractor-levelling-box-assembly-3069056r91\/#primaryimage","url":"https:\/\/hydropartsholland.com\/wp-content\/uploads\/2022\/07\/s-l1600-9-5.jpg","contentUrl":"https:\/\/hydropartsholland.com\/wp-content\/uploads\/2022\/07\/s-l1600-9-5.jpg","width":1001,"height":651},{"@type":"BreadcrumbList","@id":"https:\/\/hydropartsholland.com\/fr\/produit\/case-international-tractor-levelling-box-assembly-3069056r91\/#breadcrumb","itemListElement":[{"@type":"ListItem","position":1,"name":"Home","item":"https:\/\/hydropartsholland.com\/"},{"@type":"ListItem","position":2,"name":"Boutique","item":"https:\/\/hydropartsholland.com\/fr\/boutique\/"},{"@type":"ListItem","position":3,"name":"Lien de levage pour CASE International 3069056R91"}]},{"@type":"WebSite","@id":"https:\/\/hydropartsholland.com\/#website","url":"https:\/\/hydropartsholland.com\/","name":"Hydropartsholland","description":"","publisher":{"@id":"https:\/\/hydropartsholland.com\/#organization"},"potentialAction":[{"@type":"SearchAction","target":{"@type":"EntryPoint","urlTemplate":"https:\/\/hydropartsholland.com\/?s={search_term_string}"},"query-input":"required name=search_term_string"}],"inLanguage":"fr-FR"},{"@type":"Organization","@id":"https:\/\/hydropartsholland.com\/#organization","name":"Spare Parts Holland","url":"https:\/\/hydropartsholland.com\/","logo":{"@type":"ImageObject","inLanguage":"fr-FR","@id":"https:\/\/hydropartsholland.com\/#\/schema\/logo\/image\/","url":"https:\/\/hydropartsholland.com\/wp-content\/uploads\/2022\/06\/spareparts-1.png","contentUrl":"https:\/\/hydropartsholland.com\/wp-content\/uploads\/2022\/06\/spareparts-1.png","width":824,"height":685,"caption":"Spare Parts Holland"},"image":{"@id":"https:\/\/hydropartsholland.com\/#\/schema\/logo\/image\/"}}]}},"_links":{"self":[{"href":"https:\/\/hydropartsholland.com\/fr\/wp-json\/wp\/v2\/product\/5925","targetHints":{"allow":["GET"]}}],"collection":[{"href":"https:\/\/hydropartsholland.com\/fr\/wp-json\/wp\/v2\/product"}],"about":[{"href":"https:\/\/hydropartsholland.com\/fr\/wp-json\/wp\/v2\/types\/product"}],"replies":[{"embeddable":true,"href":"https:\/\/hydropartsholland.com\/fr\/wp-json\/wp\/v2\/comments?post=5925"}],"wp:featuredmedia":[{"embeddable":true,"href":"https:\/\/hydropartsholland.com\/fr\/wp-json\/wp\/v2\/media\/3664"}],"wp:attachment":[{"href":"https:\/\/hydropartsholland.com\/fr\/wp-json\/wp\/v2\/media?parent=5925"}],"wp:term":[{"taxonomy":"product_cat","embeddable":true,"href":"https:\/\/hydropartsholland.com\/fr\/wp-json\/wp\/v2\/product_cat?post=5925"},{"taxonomy":"product_tag","embeddable":true,"href":"https:\/\/hydropartsholland.com\/fr\/wp-json\/wp\/v2\/product_tag?post=5925"}],"curies":[{"name":"wp","href":"https:\/\/api.w.org\/{rel}","templated":true}]}}