{"id":5922,"date":"2025-07-22T14:50:47","date_gmt":"2025-07-22T13:50:47","guid":{"rendered":"https:\/\/hydropartsholland.com\/product\/levelling-box-assembly-case-international\/"},"modified":"2023-08-31T12:00:50","modified_gmt":"2023-08-31T11:00:50","slug":"levelling-box-assembly-case-international","status":"publish","type":"product","link":"https:\/\/hydropartsholland.com\/fr\/produit\/levelling-box-assembly-case-international\/","title":{"rendered":"Lift Link pour CASE International 385-454-474-475 et plus"},"content":{"rendered":"<div>\n<p>Bo\u00eete de montage de liaison de levage pour tracteurs CASE International\u00a0385, 454, 474, 484, 485, 495, 574, 584, 585, 595, 684, 685, 695, 785, 795, 884, 885, 895, 895 et plus.<\/p>\n<p>OEM\u00a0:<\/p>\n<ul>\n<li>S.74506<\/li>\n<li>S74506<\/li>\n<li>74506<\/li>\n<\/ul>\n<p>&nbsp;<\/p>\n<ul>\n<li>Longueur de l&#8217;arbre : 400 mm<\/li>\n<li>Distance entre les fourches : 45 mm<\/li>\n<li>Min-Max\u00a0: 590-730\u00a0mm<\/li>\n<\/ul>\n<p>*Les num\u00e9ros de pi\u00e8ces d&#8217;origine sont uniquement \u00e0 des fins de comparaison.<\/p>\n<\/div>\n","protected":false},"excerpt":{"rendered":"<ul>\n<li>Longueur de l&#8217;arbre : 400 mm<\/li>\n<li>Distance entre les fourches : 45 mm<\/li>\n<li>Min-Max\u00a0: 590-730\u00a0mm<\/li>\n<\/ul>\n","protected":false},"featured_media":3680,"comment_status":"open","ping_status":"closed","template":"","meta":{"inline_featured_image":false},"product_cat":[609,610],"product_tag":[],"class_list":{"0":"post-5922","1":"product","2":"type-product","3":"status-publish","4":"has-post-thumbnail","6":"product_cat-pieces-dembrayage","7":"product_cat-case-fr-2","9":"first","10":"instock","11":"taxable","12":"shipping-taxable","13":"purchasable","14":"product-type-simple"},"yoast_head":"<!-- This site is optimized with the Yoast SEO plugin v23.3 - https:\/\/yoast.com\/wordpress\/plugins\/seo\/ -->\n<title>Lift Link pour CASE International 385-454-474-475 et plus - Hydropartsholland<\/title>\n<meta name=\"description\" content=\"Bo\u00eete de montage de liaison de levage pour tracteurs CASE International. Lien de levage adapt\u00e9 \u00e0 CASE IHC IH 385-454-474-475-484-485-495-574-584-585-595-674-684-685-695-784-785- 795--884-885-895- 895 et plusOEM S.74506 S74506 74506\" \/>\n<meta name=\"robots\" content=\"index, follow, max-snippet:-1, max-image-preview:large, max-video-preview:-1\" \/>\n<link rel=\"canonical\" href=\"https:\/\/hydropartsholland.com\/fr\/produit\/levelling-box-assembly-case-international\/\" \/>\n<meta property=\"og:locale\" content=\"fr_FR\" \/>\n<meta property=\"og:type\" content=\"article\" \/>\n<meta property=\"og:title\" content=\"Lift Link pour CASE International 385-454-474-475 et plus - Hydropartsholland\" \/>\n<meta property=\"og:description\" content=\"Bo\u00eete de montage de liaison de levage pour tracteurs CASE International. Lien de levage adapt\u00e9 \u00e0 CASE IHC IH 385-454-474-475-484-485-495-574-584-585-595-674-684-685-695-784-785- 795--884-885-895- 895 et plusOEM S.74506 S74506 74506\" \/>\n<meta property=\"og:url\" content=\"https:\/\/hydropartsholland.com\/fr\/produit\/levelling-box-assembly-case-international\/\" \/>\n<meta property=\"og:site_name\" content=\"Hydropartsholland\" \/>\n<meta property=\"article:modified_time\" content=\"2023-08-31T11:00:50+00:00\" \/>\n<meta property=\"og:image\" content=\"https:\/\/hydropartsholland.com\/wp-content\/uploads\/2022\/07\/s-l1600-2-5-4.jpg\" \/>\n\t<meta property=\"og:image:width\" content=\"952\" \/>\n\t<meta property=\"og:image:height\" content=\"509\" \/>\n\t<meta property=\"og:image:type\" content=\"image\/jpeg\" \/>\n<meta name=\"twitter:card\" content=\"summary_large_image\" \/>\n<meta name=\"twitter:label1\" content=\"Dur\u00e9e de lecture estim\u00e9e\" \/>\n\t<meta name=\"twitter:data1\" content=\"1 minute\" \/>\n<script type=\"application\/ld+json\" class=\"yoast-schema-graph\">{\"@context\":\"https:\/\/schema.org\",\"@graph\":[{\"@type\":\"WebPage\",\"@id\":\"https:\/\/hydropartsholland.com\/fr\/produit\/levelling-box-assembly-case-international\/\",\"url\":\"https:\/\/hydropartsholland.com\/fr\/produit\/levelling-box-assembly-case-international\/\",\"name\":\"Lift Link pour CASE International 385-454-474-475 et plus - Hydropartsholland\",\"isPartOf\":{\"@id\":\"https:\/\/hydropartsholland.com\/#website\"},\"primaryImageOfPage\":{\"@id\":\"https:\/\/hydropartsholland.com\/fr\/produit\/levelling-box-assembly-case-international\/#primaryimage\"},\"image\":{\"@id\":\"https:\/\/hydropartsholland.com\/fr\/produit\/levelling-box-assembly-case-international\/#primaryimage\"},\"thumbnailUrl\":\"https:\/\/hydropartsholland.com\/wp-content\/uploads\/2022\/07\/s-l1600-2-5-4.jpg\",\"datePublished\":\"2025-07-22T13:50:47+00:00\",\"dateModified\":\"2023-08-31T11:00:50+00:00\",\"description\":\"Bo\u00eete de montage de liaison de levage pour tracteurs CASE International. Lien de levage adapt\u00e9 \u00e0 CASE IHC IH 385-454-474-475-484-485-495-574-584-585-595-674-684-685-695-784-785- 795--884-885-895- 895 et plusOEM S.74506 S74506 74506\",\"breadcrumb\":{\"@id\":\"https:\/\/hydropartsholland.com\/fr\/produit\/levelling-box-assembly-case-international\/#breadcrumb\"},\"inLanguage\":\"fr-FR\",\"potentialAction\":[{\"@type\":\"ReadAction\",\"target\":[\"https:\/\/hydropartsholland.com\/fr\/produit\/levelling-box-assembly-case-international\/\"]}]},{\"@type\":\"ImageObject\",\"inLanguage\":\"fr-FR\",\"@id\":\"https:\/\/hydropartsholland.com\/fr\/produit\/levelling-box-assembly-case-international\/#primaryimage\",\"url\":\"https:\/\/hydropartsholland.com\/wp-content\/uploads\/2022\/07\/s-l1600-2-5-4.jpg\",\"contentUrl\":\"https:\/\/hydropartsholland.com\/wp-content\/uploads\/2022\/07\/s-l1600-2-5-4.jpg\",\"width\":952,\"height\":509},{\"@type\":\"BreadcrumbList\",\"@id\":\"https:\/\/hydropartsholland.com\/fr\/produit\/levelling-box-assembly-case-international\/#breadcrumb\",\"itemListElement\":[{\"@type\":\"ListItem\",\"position\":1,\"name\":\"Home\",\"item\":\"https:\/\/hydropartsholland.com\/\"},{\"@type\":\"ListItem\",\"position\":2,\"name\":\"Boutique\",\"item\":\"https:\/\/hydropartsholland.com\/fr\/boutique\/\"},{\"@type\":\"ListItem\",\"position\":3,\"name\":\"Lift Link pour CASE International 385-454-474-475 et plus\"}]},{\"@type\":\"WebSite\",\"@id\":\"https:\/\/hydropartsholland.com\/#website\",\"url\":\"https:\/\/hydropartsholland.com\/\",\"name\":\"Hydropartsholland\",\"description\":\"\",\"publisher\":{\"@id\":\"https:\/\/hydropartsholland.com\/#organization\"},\"potentialAction\":[{\"@type\":\"SearchAction\",\"target\":{\"@type\":\"EntryPoint\",\"urlTemplate\":\"https:\/\/hydropartsholland.com\/?s={search_term_string}\"},\"query-input\":\"required name=search_term_string\"}],\"inLanguage\":\"fr-FR\"},{\"@type\":\"Organization\",\"@id\":\"https:\/\/hydropartsholland.com\/#organization\",\"name\":\"Spare Parts Holland\",\"url\":\"https:\/\/hydropartsholland.com\/\",\"logo\":{\"@type\":\"ImageObject\",\"inLanguage\":\"fr-FR\",\"@id\":\"https:\/\/hydropartsholland.com\/#\/schema\/logo\/image\/\",\"url\":\"https:\/\/hydropartsholland.com\/wp-content\/uploads\/2022\/06\/spareparts-1.png\",\"contentUrl\":\"https:\/\/hydropartsholland.com\/wp-content\/uploads\/2022\/06\/spareparts-1.png\",\"width\":824,\"height\":685,\"caption\":\"Spare Parts Holland\"},\"image\":{\"@id\":\"https:\/\/hydropartsholland.com\/#\/schema\/logo\/image\/\"}}]}<\/script>\n<!-- \/ Yoast SEO plugin. -->","yoast_head_json":{"title":"Lift Link pour CASE International 385-454-474-475 et plus - Hydropartsholland","description":"Bo\u00eete de montage de liaison de levage pour tracteurs CASE International. Lien de levage adapt\u00e9 \u00e0 CASE IHC IH 385-454-474-475-484-485-495-574-584-585-595-674-684-685-695-784-785- 795--884-885-895- 895 et plusOEM S.74506 S74506 74506","robots":{"index":"index","follow":"follow","max-snippet":"max-snippet:-1","max-image-preview":"max-image-preview:large","max-video-preview":"max-video-preview:-1"},"canonical":"https:\/\/hydropartsholland.com\/fr\/produit\/levelling-box-assembly-case-international\/","og_locale":"fr_FR","og_type":"article","og_title":"Lift Link pour CASE International 385-454-474-475 et plus - Hydropartsholland","og_description":"Bo\u00eete de montage de liaison de levage pour tracteurs CASE International. Lien de levage adapt\u00e9 \u00e0 CASE IHC IH 385-454-474-475-484-485-495-574-584-585-595-674-684-685-695-784-785- 795--884-885-895- 895 et plusOEM S.74506 S74506 74506","og_url":"https:\/\/hydropartsholland.com\/fr\/produit\/levelling-box-assembly-case-international\/","og_site_name":"Hydropartsholland","article_modified_time":"2023-08-31T11:00:50+00:00","og_image":[{"width":952,"height":509,"url":"https:\/\/hydropartsholland.com\/wp-content\/uploads\/2022\/07\/s-l1600-2-5-4.jpg","type":"image\/jpeg"}],"twitter_card":"summary_large_image","twitter_misc":{"Dur\u00e9e de lecture estim\u00e9e":"1 minute"},"schema":{"@context":"https:\/\/schema.org","@graph":[{"@type":"WebPage","@id":"https:\/\/hydropartsholland.com\/fr\/produit\/levelling-box-assembly-case-international\/","url":"https:\/\/hydropartsholland.com\/fr\/produit\/levelling-box-assembly-case-international\/","name":"Lift Link pour CASE International 385-454-474-475 et plus - Hydropartsholland","isPartOf":{"@id":"https:\/\/hydropartsholland.com\/#website"},"primaryImageOfPage":{"@id":"https:\/\/hydropartsholland.com\/fr\/produit\/levelling-box-assembly-case-international\/#primaryimage"},"image":{"@id":"https:\/\/hydropartsholland.com\/fr\/produit\/levelling-box-assembly-case-international\/#primaryimage"},"thumbnailUrl":"https:\/\/hydropartsholland.com\/wp-content\/uploads\/2022\/07\/s-l1600-2-5-4.jpg","datePublished":"2025-07-22T13:50:47+00:00","dateModified":"2023-08-31T11:00:50+00:00","description":"Bo\u00eete de montage de liaison de levage pour tracteurs CASE International. Lien de levage adapt\u00e9 \u00e0 CASE IHC IH 385-454-474-475-484-485-495-574-584-585-595-674-684-685-695-784-785- 795--884-885-895- 895 et plusOEM S.74506 S74506 74506","breadcrumb":{"@id":"https:\/\/hydropartsholland.com\/fr\/produit\/levelling-box-assembly-case-international\/#breadcrumb"},"inLanguage":"fr-FR","potentialAction":[{"@type":"ReadAction","target":["https:\/\/hydropartsholland.com\/fr\/produit\/levelling-box-assembly-case-international\/"]}]},{"@type":"ImageObject","inLanguage":"fr-FR","@id":"https:\/\/hydropartsholland.com\/fr\/produit\/levelling-box-assembly-case-international\/#primaryimage","url":"https:\/\/hydropartsholland.com\/wp-content\/uploads\/2022\/07\/s-l1600-2-5-4.jpg","contentUrl":"https:\/\/hydropartsholland.com\/wp-content\/uploads\/2022\/07\/s-l1600-2-5-4.jpg","width":952,"height":509},{"@type":"BreadcrumbList","@id":"https:\/\/hydropartsholland.com\/fr\/produit\/levelling-box-assembly-case-international\/#breadcrumb","itemListElement":[{"@type":"ListItem","position":1,"name":"Home","item":"https:\/\/hydropartsholland.com\/"},{"@type":"ListItem","position":2,"name":"Boutique","item":"https:\/\/hydropartsholland.com\/fr\/boutique\/"},{"@type":"ListItem","position":3,"name":"Lift Link pour CASE International 385-454-474-475 et plus"}]},{"@type":"WebSite","@id":"https:\/\/hydropartsholland.com\/#website","url":"https:\/\/hydropartsholland.com\/","name":"Hydropartsholland","description":"","publisher":{"@id":"https:\/\/hydropartsholland.com\/#organization"},"potentialAction":[{"@type":"SearchAction","target":{"@type":"EntryPoint","urlTemplate":"https:\/\/hydropartsholland.com\/?s={search_term_string}"},"query-input":"required name=search_term_string"}],"inLanguage":"fr-FR"},{"@type":"Organization","@id":"https:\/\/hydropartsholland.com\/#organization","name":"Spare Parts Holland","url":"https:\/\/hydropartsholland.com\/","logo":{"@type":"ImageObject","inLanguage":"fr-FR","@id":"https:\/\/hydropartsholland.com\/#\/schema\/logo\/image\/","url":"https:\/\/hydropartsholland.com\/wp-content\/uploads\/2022\/06\/spareparts-1.png","contentUrl":"https:\/\/hydropartsholland.com\/wp-content\/uploads\/2022\/06\/spareparts-1.png","width":824,"height":685,"caption":"Spare Parts Holland"},"image":{"@id":"https:\/\/hydropartsholland.com\/#\/schema\/logo\/image\/"}}]}},"_links":{"self":[{"href":"https:\/\/hydropartsholland.com\/fr\/wp-json\/wp\/v2\/product\/5922","targetHints":{"allow":["GET"]}}],"collection":[{"href":"https:\/\/hydropartsholland.com\/fr\/wp-json\/wp\/v2\/product"}],"about":[{"href":"https:\/\/hydropartsholland.com\/fr\/wp-json\/wp\/v2\/types\/product"}],"replies":[{"embeddable":true,"href":"https:\/\/hydropartsholland.com\/fr\/wp-json\/wp\/v2\/comments?post=5922"}],"wp:featuredmedia":[{"embeddable":true,"href":"https:\/\/hydropartsholland.com\/fr\/wp-json\/wp\/v2\/media\/3680"}],"wp:attachment":[{"href":"https:\/\/hydropartsholland.com\/fr\/wp-json\/wp\/v2\/media?parent=5922"}],"wp:term":[{"taxonomy":"product_cat","embeddable":true,"href":"https:\/\/hydropartsholland.com\/fr\/wp-json\/wp\/v2\/product_cat?post=5922"},{"taxonomy":"product_tag","embeddable":true,"href":"https:\/\/hydropartsholland.com\/fr\/wp-json\/wp\/v2\/product_tag?post=5922"}],"curies":[{"name":"wp","href":"https:\/\/api.w.org\/{rel}","templated":true}]}}