{"id":5915,"date":"2025-07-22T14:50:45","date_gmt":"2025-07-22T13:50:45","guid":{"rendered":"https:\/\/hydropartsholland.com\/product\/leveling-assembly-fits-john-deere-4500-4600-4700-5200-5300-re45632-3pt-lift\/"},"modified":"2023-01-25T10:45:48","modified_gmt":"2023-01-25T09:45:48","slug":"leveling-assembly-fits-john-deere-4500-4600-4700-5200-5300-re45632-3pt-lift","status":"publish","type":"product","link":"https:\/\/hydropartsholland.com\/fr\/produit\/leveling-assembly-fits-john-deere-4500-4600-4700-5200-5300-re45632-3pt-lift\/","title":{"rendered":"Lien de levage avec John Deere 4500 4600 4700 5200 5300+ RE45632 3Pt Lift"},"content":{"rendered":"<p>Nouveau lien de levage de rechange<\/p>\n<p>Fabriqu\u00e9 pour les mod\u00e8les John Deere : 4500, 4600, 4700, 5200, 5300, 5400, 5500, 5210, 5310, 5410, 5510, 5220, 5320, 5420, 5520,5403, 5105, 5205, 5615, 525, 52515. 5, 52515 5425, 5625, 5725, 110 TRACTEUR, 110 CHARGEUR<\/p>\n<p>Informations techniques:<br \/>\nDroitier. (l&#8217;utilisation sur certains mod\u00e8les n\u00e9cessite des jantes arri\u00e8re de plus de 24&#8243;)<\/p>\n<p>Remplace les r\u00e9f\u00e9rences : RE243216, RE247409, RE45632<\/p>\n","protected":false},"excerpt":{"rendered":"<p>Nouveau lien de levage de rechange Fabriqu\u00e9 pour les mod\u00e8les John Deere : 4500, 4600, 4700, 5200, 5300, 5400, 5500, 5210, 5310, 5410, 5510, 5220, 5320, 5420, 5520,5403, 5105, 5205, 5615, 525, 52515. 5, 52515 5425, 5625, 5725, 110 TRACTEUR, 110 CHARGEUR Informations techniques: Droitier. (l&#8217;utilisation sur certains mod\u00e8les n\u00e9cessite des jantes arri\u00e8re de plus<\/p>\n<div class=\"klb-readmore\"><a class=\"main-btn\" href=\"https:\/\/hydropartsholland.com\/fr\/produit\/leveling-assembly-fits-john-deere-4500-4600-4700-5200-5300-re45632-3pt-lift\/\">Read More<\/a><\/div>\n","protected":false},"featured_media":3706,"comment_status":"open","ping_status":"closed","template":"","meta":{"inline_featured_image":false},"product_cat":[609,613],"product_tag":[],"class_list":{"0":"post-5915","1":"product","2":"type-product","3":"status-publish","4":"has-post-thumbnail","6":"product_cat-pieces-dembrayage","7":"product_cat-john-deere-fr","9":"first","10":"instock","11":"taxable","12":"shipping-taxable","13":"purchasable","14":"product-type-simple"},"yoast_head":"<!-- This site is optimized with the Yoast SEO plugin v23.3 - https:\/\/yoast.com\/wordpress\/plugins\/seo\/ -->\n<title>Lien de levage avec John Deere 4500 4600 4700 5200 5300+ RE45632 3Pt Lift - Hydropartsholland<\/title>\n<meta name=\"description\" content=\"Nouveau lien de levage de rechange. Fabriqu\u00e9 pour les mod\u00e8les John Deere : 4500, 4600, 4700, 5200, 5300, 5400, 5500, 5210, 5310, 5410, 5510, 5220, 5320, 5420, 5520,5403, 5105, 5205, 5615, 525, 52515. 5, 52515 5425, 5625, 5725, 110 TRACTEUR, 110 CHARGEUR\" \/>\n<meta name=\"robots\" content=\"index, follow, max-snippet:-1, max-image-preview:large, max-video-preview:-1\" \/>\n<link rel=\"canonical\" href=\"https:\/\/hydropartsholland.com\/fr\/produit\/leveling-assembly-fits-john-deere-4500-4600-4700-5200-5300-re45632-3pt-lift\/\" \/>\n<meta property=\"og:locale\" content=\"fr_FR\" \/>\n<meta property=\"og:type\" content=\"article\" \/>\n<meta property=\"og:title\" content=\"Lien de levage avec John Deere 4500 4600 4700 5200 5300+ RE45632 3Pt Lift - Hydropartsholland\" \/>\n<meta property=\"og:description\" content=\"Nouveau lien de levage de rechange. Fabriqu\u00e9 pour les mod\u00e8les John Deere : 4500, 4600, 4700, 5200, 5300, 5400, 5500, 5210, 5310, 5410, 5510, 5220, 5320, 5420, 5520,5403, 5105, 5205, 5615, 525, 52515. 5, 52515 5425, 5625, 5725, 110 TRACTEUR, 110 CHARGEUR\" \/>\n<meta property=\"og:url\" content=\"https:\/\/hydropartsholland.com\/fr\/produit\/leveling-assembly-fits-john-deere-4500-4600-4700-5200-5300-re45632-3pt-lift\/\" \/>\n<meta property=\"og:site_name\" content=\"Hydropartsholland\" \/>\n<meta property=\"article:modified_time\" content=\"2023-01-25T09:45:48+00:00\" \/>\n<meta property=\"og:image\" content=\"https:\/\/hydropartsholland.com\/wp-content\/uploads\/2022\/07\/s-l1600-2-6-4.jpg\" \/>\n\t<meta property=\"og:image:width\" content=\"1184\" \/>\n\t<meta property=\"og:image:height\" content=\"720\" \/>\n\t<meta property=\"og:image:type\" content=\"image\/jpeg\" \/>\n<meta name=\"twitter:card\" content=\"summary_large_image\" \/>\n<meta name=\"twitter:label1\" content=\"Dur\u00e9e de lecture estim\u00e9e\" \/>\n\t<meta name=\"twitter:data1\" content=\"1 minute\" \/>\n<script type=\"application\/ld+json\" class=\"yoast-schema-graph\">{\"@context\":\"https:\/\/schema.org\",\"@graph\":[{\"@type\":\"WebPage\",\"@id\":\"https:\/\/hydropartsholland.com\/fr\/produit\/leveling-assembly-fits-john-deere-4500-4600-4700-5200-5300-re45632-3pt-lift\/\",\"url\":\"https:\/\/hydropartsholland.com\/fr\/produit\/leveling-assembly-fits-john-deere-4500-4600-4700-5200-5300-re45632-3pt-lift\/\",\"name\":\"Lien de levage avec John Deere 4500 4600 4700 5200 5300+ RE45632 3Pt Lift - Hydropartsholland\",\"isPartOf\":{\"@id\":\"https:\/\/hydropartsholland.com\/#website\"},\"primaryImageOfPage\":{\"@id\":\"https:\/\/hydropartsholland.com\/fr\/produit\/leveling-assembly-fits-john-deere-4500-4600-4700-5200-5300-re45632-3pt-lift\/#primaryimage\"},\"image\":{\"@id\":\"https:\/\/hydropartsholland.com\/fr\/produit\/leveling-assembly-fits-john-deere-4500-4600-4700-5200-5300-re45632-3pt-lift\/#primaryimage\"},\"thumbnailUrl\":\"https:\/\/hydropartsholland.com\/wp-content\/uploads\/2022\/07\/s-l1600-2-6-4.jpg\",\"datePublished\":\"2025-07-22T13:50:45+00:00\",\"dateModified\":\"2023-01-25T09:45:48+00:00\",\"description\":\"Nouveau lien de levage de rechange. Fabriqu\u00e9 pour les mod\u00e8les John Deere : 4500, 4600, 4700, 5200, 5300, 5400, 5500, 5210, 5310, 5410, 5510, 5220, 5320, 5420, 5520,5403, 5105, 5205, 5615, 525, 52515. 5, 52515 5425, 5625, 5725, 110 TRACTEUR, 110 CHARGEUR\",\"breadcrumb\":{\"@id\":\"https:\/\/hydropartsholland.com\/fr\/produit\/leveling-assembly-fits-john-deere-4500-4600-4700-5200-5300-re45632-3pt-lift\/#breadcrumb\"},\"inLanguage\":\"fr-FR\",\"potentialAction\":[{\"@type\":\"ReadAction\",\"target\":[\"https:\/\/hydropartsholland.com\/fr\/produit\/leveling-assembly-fits-john-deere-4500-4600-4700-5200-5300-re45632-3pt-lift\/\"]}]},{\"@type\":\"ImageObject\",\"inLanguage\":\"fr-FR\",\"@id\":\"https:\/\/hydropartsholland.com\/fr\/produit\/leveling-assembly-fits-john-deere-4500-4600-4700-5200-5300-re45632-3pt-lift\/#primaryimage\",\"url\":\"https:\/\/hydropartsholland.com\/wp-content\/uploads\/2022\/07\/s-l1600-2-6-4.jpg\",\"contentUrl\":\"https:\/\/hydropartsholland.com\/wp-content\/uploads\/2022\/07\/s-l1600-2-6-4.jpg\",\"width\":1184,\"height\":720},{\"@type\":\"BreadcrumbList\",\"@id\":\"https:\/\/hydropartsholland.com\/fr\/produit\/leveling-assembly-fits-john-deere-4500-4600-4700-5200-5300-re45632-3pt-lift\/#breadcrumb\",\"itemListElement\":[{\"@type\":\"ListItem\",\"position\":1,\"name\":\"Home\",\"item\":\"https:\/\/hydropartsholland.com\/\"},{\"@type\":\"ListItem\",\"position\":2,\"name\":\"Boutique\",\"item\":\"https:\/\/hydropartsholland.com\/fr\/boutique\/\"},{\"@type\":\"ListItem\",\"position\":3,\"name\":\"Lien de levage avec John Deere 4500 4600 4700 5200 5300+ RE45632 3Pt Lift\"}]},{\"@type\":\"WebSite\",\"@id\":\"https:\/\/hydropartsholland.com\/#website\",\"url\":\"https:\/\/hydropartsholland.com\/\",\"name\":\"Hydropartsholland\",\"description\":\"\",\"publisher\":{\"@id\":\"https:\/\/hydropartsholland.com\/#organization\"},\"potentialAction\":[{\"@type\":\"SearchAction\",\"target\":{\"@type\":\"EntryPoint\",\"urlTemplate\":\"https:\/\/hydropartsholland.com\/?s={search_term_string}\"},\"query-input\":\"required name=search_term_string\"}],\"inLanguage\":\"fr-FR\"},{\"@type\":\"Organization\",\"@id\":\"https:\/\/hydropartsholland.com\/#organization\",\"name\":\"Spare Parts Holland\",\"url\":\"https:\/\/hydropartsholland.com\/\",\"logo\":{\"@type\":\"ImageObject\",\"inLanguage\":\"fr-FR\",\"@id\":\"https:\/\/hydropartsholland.com\/#\/schema\/logo\/image\/\",\"url\":\"https:\/\/hydropartsholland.com\/wp-content\/uploads\/2022\/06\/spareparts-1.png\",\"contentUrl\":\"https:\/\/hydropartsholland.com\/wp-content\/uploads\/2022\/06\/spareparts-1.png\",\"width\":824,\"height\":685,\"caption\":\"Spare Parts Holland\"},\"image\":{\"@id\":\"https:\/\/hydropartsholland.com\/#\/schema\/logo\/image\/\"}}]}<\/script>\n<!-- \/ Yoast SEO plugin. -->","yoast_head_json":{"title":"Lien de levage avec John Deere 4500 4600 4700 5200 5300+ RE45632 3Pt Lift - Hydropartsholland","description":"Nouveau lien de levage de rechange. Fabriqu\u00e9 pour les mod\u00e8les John Deere : 4500, 4600, 4700, 5200, 5300, 5400, 5500, 5210, 5310, 5410, 5510, 5220, 5320, 5420, 5520,5403, 5105, 5205, 5615, 525, 52515. 5, 52515 5425, 5625, 5725, 110 TRACTEUR, 110 CHARGEUR","robots":{"index":"index","follow":"follow","max-snippet":"max-snippet:-1","max-image-preview":"max-image-preview:large","max-video-preview":"max-video-preview:-1"},"canonical":"https:\/\/hydropartsholland.com\/fr\/produit\/leveling-assembly-fits-john-deere-4500-4600-4700-5200-5300-re45632-3pt-lift\/","og_locale":"fr_FR","og_type":"article","og_title":"Lien de levage avec John Deere 4500 4600 4700 5200 5300+ RE45632 3Pt Lift - Hydropartsholland","og_description":"Nouveau lien de levage de rechange. Fabriqu\u00e9 pour les mod\u00e8les John Deere : 4500, 4600, 4700, 5200, 5300, 5400, 5500, 5210, 5310, 5410, 5510, 5220, 5320, 5420, 5520,5403, 5105, 5205, 5615, 525, 52515. 5, 52515 5425, 5625, 5725, 110 TRACTEUR, 110 CHARGEUR","og_url":"https:\/\/hydropartsholland.com\/fr\/produit\/leveling-assembly-fits-john-deere-4500-4600-4700-5200-5300-re45632-3pt-lift\/","og_site_name":"Hydropartsholland","article_modified_time":"2023-01-25T09:45:48+00:00","og_image":[{"width":1184,"height":720,"url":"https:\/\/hydropartsholland.com\/wp-content\/uploads\/2022\/07\/s-l1600-2-6-4.jpg","type":"image\/jpeg"}],"twitter_card":"summary_large_image","twitter_misc":{"Dur\u00e9e de lecture estim\u00e9e":"1 minute"},"schema":{"@context":"https:\/\/schema.org","@graph":[{"@type":"WebPage","@id":"https:\/\/hydropartsholland.com\/fr\/produit\/leveling-assembly-fits-john-deere-4500-4600-4700-5200-5300-re45632-3pt-lift\/","url":"https:\/\/hydropartsholland.com\/fr\/produit\/leveling-assembly-fits-john-deere-4500-4600-4700-5200-5300-re45632-3pt-lift\/","name":"Lien de levage avec John Deere 4500 4600 4700 5200 5300+ RE45632 3Pt Lift - Hydropartsholland","isPartOf":{"@id":"https:\/\/hydropartsholland.com\/#website"},"primaryImageOfPage":{"@id":"https:\/\/hydropartsholland.com\/fr\/produit\/leveling-assembly-fits-john-deere-4500-4600-4700-5200-5300-re45632-3pt-lift\/#primaryimage"},"image":{"@id":"https:\/\/hydropartsholland.com\/fr\/produit\/leveling-assembly-fits-john-deere-4500-4600-4700-5200-5300-re45632-3pt-lift\/#primaryimage"},"thumbnailUrl":"https:\/\/hydropartsholland.com\/wp-content\/uploads\/2022\/07\/s-l1600-2-6-4.jpg","datePublished":"2025-07-22T13:50:45+00:00","dateModified":"2023-01-25T09:45:48+00:00","description":"Nouveau lien de levage de rechange. Fabriqu\u00e9 pour les mod\u00e8les John Deere : 4500, 4600, 4700, 5200, 5300, 5400, 5500, 5210, 5310, 5410, 5510, 5220, 5320, 5420, 5520,5403, 5105, 5205, 5615, 525, 52515. 5, 52515 5425, 5625, 5725, 110 TRACTEUR, 110 CHARGEUR","breadcrumb":{"@id":"https:\/\/hydropartsholland.com\/fr\/produit\/leveling-assembly-fits-john-deere-4500-4600-4700-5200-5300-re45632-3pt-lift\/#breadcrumb"},"inLanguage":"fr-FR","potentialAction":[{"@type":"ReadAction","target":["https:\/\/hydropartsholland.com\/fr\/produit\/leveling-assembly-fits-john-deere-4500-4600-4700-5200-5300-re45632-3pt-lift\/"]}]},{"@type":"ImageObject","inLanguage":"fr-FR","@id":"https:\/\/hydropartsholland.com\/fr\/produit\/leveling-assembly-fits-john-deere-4500-4600-4700-5200-5300-re45632-3pt-lift\/#primaryimage","url":"https:\/\/hydropartsholland.com\/wp-content\/uploads\/2022\/07\/s-l1600-2-6-4.jpg","contentUrl":"https:\/\/hydropartsholland.com\/wp-content\/uploads\/2022\/07\/s-l1600-2-6-4.jpg","width":1184,"height":720},{"@type":"BreadcrumbList","@id":"https:\/\/hydropartsholland.com\/fr\/produit\/leveling-assembly-fits-john-deere-4500-4600-4700-5200-5300-re45632-3pt-lift\/#breadcrumb","itemListElement":[{"@type":"ListItem","position":1,"name":"Home","item":"https:\/\/hydropartsholland.com\/"},{"@type":"ListItem","position":2,"name":"Boutique","item":"https:\/\/hydropartsholland.com\/fr\/boutique\/"},{"@type":"ListItem","position":3,"name":"Lien de levage avec John Deere 4500 4600 4700 5200 5300+ RE45632 3Pt Lift"}]},{"@type":"WebSite","@id":"https:\/\/hydropartsholland.com\/#website","url":"https:\/\/hydropartsholland.com\/","name":"Hydropartsholland","description":"","publisher":{"@id":"https:\/\/hydropartsholland.com\/#organization"},"potentialAction":[{"@type":"SearchAction","target":{"@type":"EntryPoint","urlTemplate":"https:\/\/hydropartsholland.com\/?s={search_term_string}"},"query-input":"required name=search_term_string"}],"inLanguage":"fr-FR"},{"@type":"Organization","@id":"https:\/\/hydropartsholland.com\/#organization","name":"Spare Parts Holland","url":"https:\/\/hydropartsholland.com\/","logo":{"@type":"ImageObject","inLanguage":"fr-FR","@id":"https:\/\/hydropartsholland.com\/#\/schema\/logo\/image\/","url":"https:\/\/hydropartsholland.com\/wp-content\/uploads\/2022\/06\/spareparts-1.png","contentUrl":"https:\/\/hydropartsholland.com\/wp-content\/uploads\/2022\/06\/spareparts-1.png","width":824,"height":685,"caption":"Spare Parts Holland"},"image":{"@id":"https:\/\/hydropartsholland.com\/#\/schema\/logo\/image\/"}}]}},"_links":{"self":[{"href":"https:\/\/hydropartsholland.com\/fr\/wp-json\/wp\/v2\/product\/5915","targetHints":{"allow":["GET"]}}],"collection":[{"href":"https:\/\/hydropartsholland.com\/fr\/wp-json\/wp\/v2\/product"}],"about":[{"href":"https:\/\/hydropartsholland.com\/fr\/wp-json\/wp\/v2\/types\/product"}],"replies":[{"embeddable":true,"href":"https:\/\/hydropartsholland.com\/fr\/wp-json\/wp\/v2\/comments?post=5915"}],"wp:featuredmedia":[{"embeddable":true,"href":"https:\/\/hydropartsholland.com\/fr\/wp-json\/wp\/v2\/media\/3706"}],"wp:attachment":[{"href":"https:\/\/hydropartsholland.com\/fr\/wp-json\/wp\/v2\/media?parent=5915"}],"wp:term":[{"taxonomy":"product_cat","embeddable":true,"href":"https:\/\/hydropartsholland.com\/fr\/wp-json\/wp\/v2\/product_cat?post=5915"},{"taxonomy":"product_tag","embeddable":true,"href":"https:\/\/hydropartsholland.com\/fr\/wp-json\/wp\/v2\/product_tag?post=5915"}],"curies":[{"name":"wp","href":"https:\/\/api.w.org\/{rel}","templated":true}]}}