{"id":5905,"date":"2025-07-22T14:50:44","date_gmt":"2025-07-22T13:50:44","guid":{"rendered":"https:\/\/hydropartsholland.com\/product\/hitch-lift-link-assembly-fits-john-deere-1020-1520-1530-2020-2030-2040-ar44551\/"},"modified":"2023-01-25T10:44:51","modified_gmt":"2023-01-25T09:44:51","slug":"hitch-lift-link-assembly-fits-john-deere-1020-1520-1530-2020-2030-2040-ar44551","status":"publish","type":"product","link":"https:\/\/hydropartsholland.com\/fr\/produit\/hitch-lift-link-assembly-fits-john-deere-1020-1520-1530-2020-2030-2040-ar44551\/","title":{"rendered":"Lien de levage pour tracteur John Deere 1020-1520-1530-2020-2030-2040-ar44551"},"content":{"rendered":"<p>Le lien de levage (droitier) pour les tracteurs John Deere se compose de L28374-17 et AMP48595<\/p>\n<p>COMPATIBLE AVEC JOHN DEERE\u00ae 820, 920, 1020, 1520, 830, 930, 1030, 1130, 1530, 1630, 1830, 2030, 2130, 2630, 2040, 2240, 2640, 2020, 2120, 140, 2140, 2140, 2140, 2140, 2140, 2140, 2140, 2140, 2140, 2140 2140 2155, 2350, 2550, 2750, 2355, 2555, 300, 300B, 400, 301, 302, 401, 310, 410<br \/>\nTous utilis\u00e9s avec des bras de traction non t\u00e9lescopiques \u00e0 3 points.<\/p>\n<p>Remplace :<br \/>\nAR44551, A-AR44551<\/p>\n","protected":false},"excerpt":{"rendered":"<p>Le lien de levage (droitier) pour les tracteurs John Deere se compose de L28374-17 et AMP48595 COMPATIBLE AVEC JOHN DEERE\u00ae 820, 920, 1020, 1520, 830, 930, 1030, 1130, 1530, 1630, 1830, 2030, 2130, 2630, 2040, 2240, 2640, 2020, 2120, 140, 2140, 2140, 2140, 2140, 2140, 2140, 2140, 2140, 2140, 2140 2140 2155, 2350, 2550, 2750,<\/p>\n<div class=\"klb-readmore\"><a class=\"main-btn\" href=\"https:\/\/hydropartsholland.com\/fr\/produit\/hitch-lift-link-assembly-fits-john-deere-1020-1520-1530-2020-2030-2040-ar44551\/\">Read More<\/a><\/div>\n","protected":false},"featured_media":3728,"comment_status":"open","ping_status":"closed","template":"","meta":{"inline_featured_image":false},"product_cat":[609,613],"product_tag":[],"class_list":{"0":"post-5905","1":"product","2":"type-product","3":"status-publish","4":"has-post-thumbnail","6":"product_cat-pieces-dembrayage","7":"product_cat-john-deere-fr","9":"first","10":"outofstock","11":"featured","12":"taxable","13":"shipping-taxable","14":"purchasable","15":"product-type-simple"},"yoast_head":"<!-- This site is optimized with the Yoast SEO plugin v23.3 - https:\/\/yoast.com\/wordpress\/plugins\/seo\/ -->\n<title>Lien de levage pour tracteur John Deere 1020-1520-1530-2020-2030-2040-ar44551 - Hydropartsholland<\/title>\n<meta name=\"description\" content=\"COMPATIBLE AVEC JOHN DEERE\u00ae 820, 920, 1020, 1520, 830, 930, 1030, 1130, 1530, 1630, 1830, 2030, 2130, 2630, 2040, 2240, 2640, 2020, 2120, 140, 2140, 2140, 2140, 2140, 2140, 2140, 2140, 2140, 2140, 2140 2140 2155, 2350, 2550, 2750, 2355, 2555, 300, 300B, 400, 301, 302, 401, 310, 410Tous utilis\u00e9s avec bras de traction non t\u00e9lescopiques \u00e0 3 points.\" \/>\n<meta name=\"robots\" content=\"index, follow, max-snippet:-1, max-image-preview:large, max-video-preview:-1\" \/>\n<link rel=\"canonical\" href=\"https:\/\/hydropartsholland.com\/fr\/produit\/hitch-lift-link-assembly-fits-john-deere-1020-1520-1530-2020-2030-2040-ar44551\/\" \/>\n<meta property=\"og:locale\" content=\"fr_FR\" \/>\n<meta property=\"og:type\" content=\"article\" \/>\n<meta property=\"og:title\" content=\"Lien de levage pour tracteur John Deere 1020-1520-1530-2020-2030-2040-ar44551 - Hydropartsholland\" \/>\n<meta property=\"og:description\" content=\"COMPATIBLE AVEC JOHN DEERE\u00ae 820, 920, 1020, 1520, 830, 930, 1030, 1130, 1530, 1630, 1830, 2030, 2130, 2630, 2040, 2240, 2640, 2020, 2120, 140, 2140, 2140, 2140, 2140, 2140, 2140, 2140, 2140, 2140, 2140 2140 2155, 2350, 2550, 2750, 2355, 2555, 300, 300B, 400, 301, 302, 401, 310, 410Tous utilis\u00e9s avec bras de traction non t\u00e9lescopiques \u00e0 3 points.\" \/>\n<meta property=\"og:url\" content=\"https:\/\/hydropartsholland.com\/fr\/produit\/hitch-lift-link-assembly-fits-john-deere-1020-1520-1530-2020-2030-2040-ar44551\/\" \/>\n<meta property=\"og:site_name\" content=\"Hydropartsholland\" \/>\n<meta property=\"article:modified_time\" content=\"2023-01-25T09:44:51+00:00\" \/>\n<meta property=\"og:image\" content=\"https:\/\/hydropartsholland.com\/wp-content\/uploads\/2022\/07\/s-l1600-3-8-2.jpg\" \/>\n\t<meta property=\"og:image:width\" content=\"1262\" \/>\n\t<meta property=\"og:image:height\" content=\"662\" \/>\n\t<meta property=\"og:image:type\" content=\"image\/jpeg\" \/>\n<meta name=\"twitter:card\" content=\"summary_large_image\" \/>\n<meta name=\"twitter:label1\" content=\"Dur\u00e9e de lecture estim\u00e9e\" \/>\n\t<meta name=\"twitter:data1\" content=\"1 minute\" \/>\n<script type=\"application\/ld+json\" class=\"yoast-schema-graph\">{\"@context\":\"https:\/\/schema.org\",\"@graph\":[{\"@type\":\"WebPage\",\"@id\":\"https:\/\/hydropartsholland.com\/fr\/produit\/hitch-lift-link-assembly-fits-john-deere-1020-1520-1530-2020-2030-2040-ar44551\/\",\"url\":\"https:\/\/hydropartsholland.com\/fr\/produit\/hitch-lift-link-assembly-fits-john-deere-1020-1520-1530-2020-2030-2040-ar44551\/\",\"name\":\"Lien de levage pour tracteur John Deere 1020-1520-1530-2020-2030-2040-ar44551 - Hydropartsholland\",\"isPartOf\":{\"@id\":\"https:\/\/hydropartsholland.com\/#website\"},\"primaryImageOfPage\":{\"@id\":\"https:\/\/hydropartsholland.com\/fr\/produit\/hitch-lift-link-assembly-fits-john-deere-1020-1520-1530-2020-2030-2040-ar44551\/#primaryimage\"},\"image\":{\"@id\":\"https:\/\/hydropartsholland.com\/fr\/produit\/hitch-lift-link-assembly-fits-john-deere-1020-1520-1530-2020-2030-2040-ar44551\/#primaryimage\"},\"thumbnailUrl\":\"https:\/\/hydropartsholland.com\/wp-content\/uploads\/2022\/07\/s-l1600-3-8-2.jpg\",\"datePublished\":\"2025-07-22T13:50:44+00:00\",\"dateModified\":\"2023-01-25T09:44:51+00:00\",\"description\":\"COMPATIBLE AVEC JOHN DEERE\u00ae 820, 920, 1020, 1520, 830, 930, 1030, 1130, 1530, 1630, 1830, 2030, 2130, 2630, 2040, 2240, 2640, 2020, 2120, 140, 2140, 2140, 2140, 2140, 2140, 2140, 2140, 2140, 2140, 2140 2140 2155, 2350, 2550, 2750, 2355, 2555, 300, 300B, 400, 301, 302, 401, 310, 410Tous utilis\u00e9s avec bras de traction non t\u00e9lescopiques \u00e0 3 points.\",\"breadcrumb\":{\"@id\":\"https:\/\/hydropartsholland.com\/fr\/produit\/hitch-lift-link-assembly-fits-john-deere-1020-1520-1530-2020-2030-2040-ar44551\/#breadcrumb\"},\"inLanguage\":\"fr-FR\",\"potentialAction\":[{\"@type\":\"ReadAction\",\"target\":[\"https:\/\/hydropartsholland.com\/fr\/produit\/hitch-lift-link-assembly-fits-john-deere-1020-1520-1530-2020-2030-2040-ar44551\/\"]}]},{\"@type\":\"ImageObject\",\"inLanguage\":\"fr-FR\",\"@id\":\"https:\/\/hydropartsholland.com\/fr\/produit\/hitch-lift-link-assembly-fits-john-deere-1020-1520-1530-2020-2030-2040-ar44551\/#primaryimage\",\"url\":\"https:\/\/hydropartsholland.com\/wp-content\/uploads\/2022\/07\/s-l1600-3-8-2.jpg\",\"contentUrl\":\"https:\/\/hydropartsholland.com\/wp-content\/uploads\/2022\/07\/s-l1600-3-8-2.jpg\",\"width\":1262,\"height\":662},{\"@type\":\"BreadcrumbList\",\"@id\":\"https:\/\/hydropartsholland.com\/fr\/produit\/hitch-lift-link-assembly-fits-john-deere-1020-1520-1530-2020-2030-2040-ar44551\/#breadcrumb\",\"itemListElement\":[{\"@type\":\"ListItem\",\"position\":1,\"name\":\"Home\",\"item\":\"https:\/\/hydropartsholland.com\/\"},{\"@type\":\"ListItem\",\"position\":2,\"name\":\"Boutique\",\"item\":\"https:\/\/hydropartsholland.com\/fr\/boutique\/\"},{\"@type\":\"ListItem\",\"position\":3,\"name\":\"Lien de levage pour tracteur John Deere 1020-1520-1530-2020-2030-2040-ar44551\"}]},{\"@type\":\"WebSite\",\"@id\":\"https:\/\/hydropartsholland.com\/#website\",\"url\":\"https:\/\/hydropartsholland.com\/\",\"name\":\"Hydropartsholland\",\"description\":\"\",\"publisher\":{\"@id\":\"https:\/\/hydropartsholland.com\/#organization\"},\"potentialAction\":[{\"@type\":\"SearchAction\",\"target\":{\"@type\":\"EntryPoint\",\"urlTemplate\":\"https:\/\/hydropartsholland.com\/?s={search_term_string}\"},\"query-input\":\"required name=search_term_string\"}],\"inLanguage\":\"fr-FR\"},{\"@type\":\"Organization\",\"@id\":\"https:\/\/hydropartsholland.com\/#organization\",\"name\":\"Spare Parts Holland\",\"url\":\"https:\/\/hydropartsholland.com\/\",\"logo\":{\"@type\":\"ImageObject\",\"inLanguage\":\"fr-FR\",\"@id\":\"https:\/\/hydropartsholland.com\/#\/schema\/logo\/image\/\",\"url\":\"https:\/\/hydropartsholland.com\/wp-content\/uploads\/2022\/06\/spareparts-1.png\",\"contentUrl\":\"https:\/\/hydropartsholland.com\/wp-content\/uploads\/2022\/06\/spareparts-1.png\",\"width\":824,\"height\":685,\"caption\":\"Spare Parts Holland\"},\"image\":{\"@id\":\"https:\/\/hydropartsholland.com\/#\/schema\/logo\/image\/\"}}]}<\/script>\n<!-- \/ Yoast SEO plugin. -->","yoast_head_json":{"title":"Lien de levage pour tracteur John Deere 1020-1520-1530-2020-2030-2040-ar44551 - Hydropartsholland","description":"COMPATIBLE AVEC JOHN DEERE\u00ae 820, 920, 1020, 1520, 830, 930, 1030, 1130, 1530, 1630, 1830, 2030, 2130, 2630, 2040, 2240, 2640, 2020, 2120, 140, 2140, 2140, 2140, 2140, 2140, 2140, 2140, 2140, 2140, 2140 2140 2155, 2350, 2550, 2750, 2355, 2555, 300, 300B, 400, 301, 302, 401, 310, 410Tous utilis\u00e9s avec bras de traction non t\u00e9lescopiques \u00e0 3 points.","robots":{"index":"index","follow":"follow","max-snippet":"max-snippet:-1","max-image-preview":"max-image-preview:large","max-video-preview":"max-video-preview:-1"},"canonical":"https:\/\/hydropartsholland.com\/fr\/produit\/hitch-lift-link-assembly-fits-john-deere-1020-1520-1530-2020-2030-2040-ar44551\/","og_locale":"fr_FR","og_type":"article","og_title":"Lien de levage pour tracteur John Deere 1020-1520-1530-2020-2030-2040-ar44551 - Hydropartsholland","og_description":"COMPATIBLE AVEC JOHN DEERE\u00ae 820, 920, 1020, 1520, 830, 930, 1030, 1130, 1530, 1630, 1830, 2030, 2130, 2630, 2040, 2240, 2640, 2020, 2120, 140, 2140, 2140, 2140, 2140, 2140, 2140, 2140, 2140, 2140, 2140 2140 2155, 2350, 2550, 2750, 2355, 2555, 300, 300B, 400, 301, 302, 401, 310, 410Tous utilis\u00e9s avec bras de traction non t\u00e9lescopiques \u00e0 3 points.","og_url":"https:\/\/hydropartsholland.com\/fr\/produit\/hitch-lift-link-assembly-fits-john-deere-1020-1520-1530-2020-2030-2040-ar44551\/","og_site_name":"Hydropartsholland","article_modified_time":"2023-01-25T09:44:51+00:00","og_image":[{"width":1262,"height":662,"url":"https:\/\/hydropartsholland.com\/wp-content\/uploads\/2022\/07\/s-l1600-3-8-2.jpg","type":"image\/jpeg"}],"twitter_card":"summary_large_image","twitter_misc":{"Dur\u00e9e de lecture estim\u00e9e":"1 minute"},"schema":{"@context":"https:\/\/schema.org","@graph":[{"@type":"WebPage","@id":"https:\/\/hydropartsholland.com\/fr\/produit\/hitch-lift-link-assembly-fits-john-deere-1020-1520-1530-2020-2030-2040-ar44551\/","url":"https:\/\/hydropartsholland.com\/fr\/produit\/hitch-lift-link-assembly-fits-john-deere-1020-1520-1530-2020-2030-2040-ar44551\/","name":"Lien de levage pour tracteur John Deere 1020-1520-1530-2020-2030-2040-ar44551 - Hydropartsholland","isPartOf":{"@id":"https:\/\/hydropartsholland.com\/#website"},"primaryImageOfPage":{"@id":"https:\/\/hydropartsholland.com\/fr\/produit\/hitch-lift-link-assembly-fits-john-deere-1020-1520-1530-2020-2030-2040-ar44551\/#primaryimage"},"image":{"@id":"https:\/\/hydropartsholland.com\/fr\/produit\/hitch-lift-link-assembly-fits-john-deere-1020-1520-1530-2020-2030-2040-ar44551\/#primaryimage"},"thumbnailUrl":"https:\/\/hydropartsholland.com\/wp-content\/uploads\/2022\/07\/s-l1600-3-8-2.jpg","datePublished":"2025-07-22T13:50:44+00:00","dateModified":"2023-01-25T09:44:51+00:00","description":"COMPATIBLE AVEC JOHN DEERE\u00ae 820, 920, 1020, 1520, 830, 930, 1030, 1130, 1530, 1630, 1830, 2030, 2130, 2630, 2040, 2240, 2640, 2020, 2120, 140, 2140, 2140, 2140, 2140, 2140, 2140, 2140, 2140, 2140, 2140 2140 2155, 2350, 2550, 2750, 2355, 2555, 300, 300B, 400, 301, 302, 401, 310, 410Tous utilis\u00e9s avec bras de traction non t\u00e9lescopiques \u00e0 3 points.","breadcrumb":{"@id":"https:\/\/hydropartsholland.com\/fr\/produit\/hitch-lift-link-assembly-fits-john-deere-1020-1520-1530-2020-2030-2040-ar44551\/#breadcrumb"},"inLanguage":"fr-FR","potentialAction":[{"@type":"ReadAction","target":["https:\/\/hydropartsholland.com\/fr\/produit\/hitch-lift-link-assembly-fits-john-deere-1020-1520-1530-2020-2030-2040-ar44551\/"]}]},{"@type":"ImageObject","inLanguage":"fr-FR","@id":"https:\/\/hydropartsholland.com\/fr\/produit\/hitch-lift-link-assembly-fits-john-deere-1020-1520-1530-2020-2030-2040-ar44551\/#primaryimage","url":"https:\/\/hydropartsholland.com\/wp-content\/uploads\/2022\/07\/s-l1600-3-8-2.jpg","contentUrl":"https:\/\/hydropartsholland.com\/wp-content\/uploads\/2022\/07\/s-l1600-3-8-2.jpg","width":1262,"height":662},{"@type":"BreadcrumbList","@id":"https:\/\/hydropartsholland.com\/fr\/produit\/hitch-lift-link-assembly-fits-john-deere-1020-1520-1530-2020-2030-2040-ar44551\/#breadcrumb","itemListElement":[{"@type":"ListItem","position":1,"name":"Home","item":"https:\/\/hydropartsholland.com\/"},{"@type":"ListItem","position":2,"name":"Boutique","item":"https:\/\/hydropartsholland.com\/fr\/boutique\/"},{"@type":"ListItem","position":3,"name":"Lien de levage pour tracteur John Deere 1020-1520-1530-2020-2030-2040-ar44551"}]},{"@type":"WebSite","@id":"https:\/\/hydropartsholland.com\/#website","url":"https:\/\/hydropartsholland.com\/","name":"Hydropartsholland","description":"","publisher":{"@id":"https:\/\/hydropartsholland.com\/#organization"},"potentialAction":[{"@type":"SearchAction","target":{"@type":"EntryPoint","urlTemplate":"https:\/\/hydropartsholland.com\/?s={search_term_string}"},"query-input":"required name=search_term_string"}],"inLanguage":"fr-FR"},{"@type":"Organization","@id":"https:\/\/hydropartsholland.com\/#organization","name":"Spare Parts Holland","url":"https:\/\/hydropartsholland.com\/","logo":{"@type":"ImageObject","inLanguage":"fr-FR","@id":"https:\/\/hydropartsholland.com\/#\/schema\/logo\/image\/","url":"https:\/\/hydropartsholland.com\/wp-content\/uploads\/2022\/06\/spareparts-1.png","contentUrl":"https:\/\/hydropartsholland.com\/wp-content\/uploads\/2022\/06\/spareparts-1.png","width":824,"height":685,"caption":"Spare Parts Holland"},"image":{"@id":"https:\/\/hydropartsholland.com\/#\/schema\/logo\/image\/"}}]}},"_links":{"self":[{"href":"https:\/\/hydropartsholland.com\/fr\/wp-json\/wp\/v2\/product\/5905","targetHints":{"allow":["GET"]}}],"collection":[{"href":"https:\/\/hydropartsholland.com\/fr\/wp-json\/wp\/v2\/product"}],"about":[{"href":"https:\/\/hydropartsholland.com\/fr\/wp-json\/wp\/v2\/types\/product"}],"replies":[{"embeddable":true,"href":"https:\/\/hydropartsholland.com\/fr\/wp-json\/wp\/v2\/comments?post=5905"}],"wp:featuredmedia":[{"embeddable":true,"href":"https:\/\/hydropartsholland.com\/fr\/wp-json\/wp\/v2\/media\/3728"}],"wp:attachment":[{"href":"https:\/\/hydropartsholland.com\/fr\/wp-json\/wp\/v2\/media?parent=5905"}],"wp:term":[{"taxonomy":"product_cat","embeddable":true,"href":"https:\/\/hydropartsholland.com\/fr\/wp-json\/wp\/v2\/product_cat?post=5905"},{"taxonomy":"product_tag","embeddable":true,"href":"https:\/\/hydropartsholland.com\/fr\/wp-json\/wp\/v2\/product_tag?post=5905"}],"curies":[{"name":"wp","href":"https:\/\/api.w.org\/{rel}","templated":true}]}}