{"id":5828,"date":"2025-07-22T14:50:29","date_gmt":"2025-07-22T13:50:29","guid":{"rendered":"https:\/\/hydropartsholland.com\/product\/power-steering-cylinder-fits-ford-tractor-e2nn3a540ba\/"},"modified":"2025-03-11T12:24:17","modified_gmt":"2025-03-11T11:24:17","slug":"power-steering-cylinder-fits-ford-tractor-e2nn3a540ba","status":"publish","type":"product","link":"https:\/\/hydropartsholland.com\/fr\/produit\/power-steering-cylinder-fits-ford-tractor-e2nn3a540ba\/","title":{"rendered":"V\u00e9rin de direction assist\u00e9e pour tracteur Ford E2NN3A540BA"},"content":{"rendered":"<p>* Nouveau cylindre de direction assist\u00e9e de rechange (avec extr\u00e9mit\u00e9s droite et gauche).<\/p>\n<p>*Convient aux mod\u00e8les Ford\u00a0:\u00a02000, 230A (Agriculture), 231, 234, 3000, 335, 3600, 4600 (Agriculture), 531 (Industriel)\u00a0601, 801, 2000AP &amp; LCG, 4000AP &amp; LCG, (1957 \u00e0 1964), 2000, 3000 (sauf 3400), 4000 (sauf 4410, 1965 \u00e0 1975), 2600, 3600, 4600 (si \u00e9quip\u00e9 de cylindres avec filetage femelle, 1975 et plus)<\/p>\n<p>*\u00a0Industriels\u00a0:\u00a0230A, 231, 234, 334, 530A, 531 (1965 et plus).<\/p>\n<p>*Remplace : D4NN3A540A (RH) &amp; D4NN3A547A (LH). Num\u00e9ro de produit &#8212; D4NN3A540A\u00a0-E9NN3A540AA-D4NN3A540AL-D4NN3D744A-E9NN3D547AA<\/p>\n<p>*Diam\u00e8tre de tige de cylindre de 0,500&#8243;, diam\u00e8tre de filetage m\u00e2le de 0,437&#8243;.<\/p>\n","protected":false},"excerpt":{"rendered":"<p>* Nouveau cylindre de direction assist\u00e9e de rechange (avec extr\u00e9mit\u00e9s droite et gauche). *Convient aux mod\u00e8les Ford\u00a0:\u00a02000, 230A (Agriculture), 231, 234, 3000, 335, 3600, 4600 (Agriculture), 531 (Industriel)\u00a0601, 801, 2000AP &amp; LCG, 4000AP &amp; LCG, (1957 \u00e0 1964), 2000, 3000 (sauf 3400), 4000 (sauf 4410, 1965 \u00e0 1975), 2600, 3600, 4600 (si \u00e9quip\u00e9 de cylindres<\/p>\n<div class=\"klb-readmore\"><a class=\"main-btn\" href=\"https:\/\/hydropartsholland.com\/fr\/produit\/power-steering-cylinder-fits-ford-tractor-e2nn3a540ba\/\">Read More<\/a><\/div>\n","protected":false},"featured_media":4062,"comment_status":"open","ping_status":"closed","template":"","meta":{"inline_featured_image":false},"product_cat":[614,616],"product_tag":[],"class_list":{"0":"post-5828","1":"product","2":"type-product","3":"status-publish","4":"has-post-thumbnail","6":"product_cat-verins-de-direction-assistee","7":"product_cat-ford-fr-2","9":"first","10":"instock","11":"taxable","12":"shipping-taxable","13":"purchasable","14":"product-type-simple"},"yoast_head":"<!-- This site is optimized with the Yoast SEO plugin v23.3 - https:\/\/yoast.com\/wordpress\/plugins\/seo\/ -->\n<title>V\u00e9rin de direction assist\u00e9e pour tracteur Ford E2NN3A540BA - Hydropartsholland<\/title>\n<meta name=\"robots\" content=\"index, follow, max-snippet:-1, max-image-preview:large, max-video-preview:-1\" \/>\n<link rel=\"canonical\" href=\"https:\/\/hydropartsholland.com\/fr\/produit\/power-steering-cylinder-fits-ford-tractor-e2nn3a540ba\/\" \/>\n<meta property=\"og:locale\" content=\"fr_FR\" \/>\n<meta property=\"og:type\" content=\"article\" \/>\n<meta property=\"og:title\" content=\"V\u00e9rin de direction assist\u00e9e pour tracteur Ford E2NN3A540BA - Hydropartsholland\" \/>\n<meta property=\"og:description\" content=\"* Nouveau cylindre de direction assist\u00e9e de rechange (avec extr\u00e9mit\u00e9s droite et gauche). *Convient aux mod\u00e8les Ford\u00a0:\u00a02000, 230A (Agriculture), 231, 234, 3000, 335, 3600, 4600 (Agriculture), 531 (Industriel)\u00a0601, 801, 2000AP &amp; LCG, 4000AP &amp; LCG, (1957 \u00e0 1964), 2000, 3000 (sauf 3400), 4000 (sauf 4410, 1965 \u00e0 1975), 2600, 3600, 4600 (si \u00e9quip\u00e9 de cylindresRead More\" \/>\n<meta property=\"og:url\" content=\"https:\/\/hydropartsholland.com\/fr\/produit\/power-steering-cylinder-fits-ford-tractor-e2nn3a540ba\/\" \/>\n<meta property=\"og:site_name\" content=\"Hydropartsholland\" \/>\n<meta property=\"article:modified_time\" content=\"2025-03-11T11:24:17+00:00\" \/>\n<meta property=\"og:image\" content=\"https:\/\/hydropartsholland.com\/wp-content\/uploads\/2022\/07\/s-l500-13.jpg\" \/>\n\t<meta property=\"og:image:width\" content=\"500\" \/>\n\t<meta property=\"og:image:height\" content=\"500\" \/>\n\t<meta property=\"og:image:type\" content=\"image\/jpeg\" \/>\n<meta name=\"twitter:card\" content=\"summary_large_image\" \/>\n<meta name=\"twitter:label1\" content=\"Dur\u00e9e de lecture estim\u00e9e\" \/>\n\t<meta name=\"twitter:data1\" content=\"1 minute\" \/>\n<script type=\"application\/ld+json\" class=\"yoast-schema-graph\">{\"@context\":\"https:\/\/schema.org\",\"@graph\":[{\"@type\":\"WebPage\",\"@id\":\"https:\/\/hydropartsholland.com\/fr\/produit\/power-steering-cylinder-fits-ford-tractor-e2nn3a540ba\/\",\"url\":\"https:\/\/hydropartsholland.com\/fr\/produit\/power-steering-cylinder-fits-ford-tractor-e2nn3a540ba\/\",\"name\":\"V\u00e9rin de direction assist\u00e9e pour tracteur Ford E2NN3A540BA - Hydropartsholland\",\"isPartOf\":{\"@id\":\"https:\/\/hydropartsholland.com\/#website\"},\"primaryImageOfPage\":{\"@id\":\"https:\/\/hydropartsholland.com\/fr\/produit\/power-steering-cylinder-fits-ford-tractor-e2nn3a540ba\/#primaryimage\"},\"image\":{\"@id\":\"https:\/\/hydropartsholland.com\/fr\/produit\/power-steering-cylinder-fits-ford-tractor-e2nn3a540ba\/#primaryimage\"},\"thumbnailUrl\":\"https:\/\/hydropartsholland.com\/wp-content\/uploads\/2022\/07\/s-l500-13.jpg\",\"datePublished\":\"2025-07-22T13:50:29+00:00\",\"dateModified\":\"2025-03-11T11:24:17+00:00\",\"breadcrumb\":{\"@id\":\"https:\/\/hydropartsholland.com\/fr\/produit\/power-steering-cylinder-fits-ford-tractor-e2nn3a540ba\/#breadcrumb\"},\"inLanguage\":\"fr-FR\",\"potentialAction\":[{\"@type\":\"ReadAction\",\"target\":[\"https:\/\/hydropartsholland.com\/fr\/produit\/power-steering-cylinder-fits-ford-tractor-e2nn3a540ba\/\"]}]},{\"@type\":\"ImageObject\",\"inLanguage\":\"fr-FR\",\"@id\":\"https:\/\/hydropartsholland.com\/fr\/produit\/power-steering-cylinder-fits-ford-tractor-e2nn3a540ba\/#primaryimage\",\"url\":\"https:\/\/hydropartsholland.com\/wp-content\/uploads\/2022\/07\/s-l500-13.jpg\",\"contentUrl\":\"https:\/\/hydropartsholland.com\/wp-content\/uploads\/2022\/07\/s-l500-13.jpg\",\"width\":500,\"height\":500},{\"@type\":\"BreadcrumbList\",\"@id\":\"https:\/\/hydropartsholland.com\/fr\/produit\/power-steering-cylinder-fits-ford-tractor-e2nn3a540ba\/#breadcrumb\",\"itemListElement\":[{\"@type\":\"ListItem\",\"position\":1,\"name\":\"Home\",\"item\":\"https:\/\/hydropartsholland.com\/\"},{\"@type\":\"ListItem\",\"position\":2,\"name\":\"Boutique\",\"item\":\"https:\/\/hydropartsholland.com\/fr\/boutique\/\"},{\"@type\":\"ListItem\",\"position\":3,\"name\":\"V\u00e9rin de direction assist\u00e9e pour tracteur Ford E2NN3A540BA\"}]},{\"@type\":\"WebSite\",\"@id\":\"https:\/\/hydropartsholland.com\/#website\",\"url\":\"https:\/\/hydropartsholland.com\/\",\"name\":\"Hydropartsholland\",\"description\":\"\",\"publisher\":{\"@id\":\"https:\/\/hydropartsholland.com\/#organization\"},\"potentialAction\":[{\"@type\":\"SearchAction\",\"target\":{\"@type\":\"EntryPoint\",\"urlTemplate\":\"https:\/\/hydropartsholland.com\/?s={search_term_string}\"},\"query-input\":\"required name=search_term_string\"}],\"inLanguage\":\"fr-FR\"},{\"@type\":\"Organization\",\"@id\":\"https:\/\/hydropartsholland.com\/#organization\",\"name\":\"Spare Parts Holland\",\"url\":\"https:\/\/hydropartsholland.com\/\",\"logo\":{\"@type\":\"ImageObject\",\"inLanguage\":\"fr-FR\",\"@id\":\"https:\/\/hydropartsholland.com\/#\/schema\/logo\/image\/\",\"url\":\"https:\/\/hydropartsholland.com\/wp-content\/uploads\/2022\/06\/spareparts-1.png\",\"contentUrl\":\"https:\/\/hydropartsholland.com\/wp-content\/uploads\/2022\/06\/spareparts-1.png\",\"width\":824,\"height\":685,\"caption\":\"Spare Parts Holland\"},\"image\":{\"@id\":\"https:\/\/hydropartsholland.com\/#\/schema\/logo\/image\/\"}}]}<\/script>\n<!-- \/ Yoast SEO plugin. -->","yoast_head_json":{"title":"V\u00e9rin de direction assist\u00e9e pour tracteur Ford E2NN3A540BA - Hydropartsholland","robots":{"index":"index","follow":"follow","max-snippet":"max-snippet:-1","max-image-preview":"max-image-preview:large","max-video-preview":"max-video-preview:-1"},"canonical":"https:\/\/hydropartsholland.com\/fr\/produit\/power-steering-cylinder-fits-ford-tractor-e2nn3a540ba\/","og_locale":"fr_FR","og_type":"article","og_title":"V\u00e9rin de direction assist\u00e9e pour tracteur Ford E2NN3A540BA - Hydropartsholland","og_description":"* Nouveau cylindre de direction assist\u00e9e de rechange (avec extr\u00e9mit\u00e9s droite et gauche). *Convient aux mod\u00e8les Ford\u00a0:\u00a02000, 230A (Agriculture), 231, 234, 3000, 335, 3600, 4600 (Agriculture), 531 (Industriel)\u00a0601, 801, 2000AP &amp; LCG, 4000AP &amp; LCG, (1957 \u00e0 1964), 2000, 3000 (sauf 3400), 4000 (sauf 4410, 1965 \u00e0 1975), 2600, 3600, 4600 (si \u00e9quip\u00e9 de cylindresRead More","og_url":"https:\/\/hydropartsholland.com\/fr\/produit\/power-steering-cylinder-fits-ford-tractor-e2nn3a540ba\/","og_site_name":"Hydropartsholland","article_modified_time":"2025-03-11T11:24:17+00:00","og_image":[{"width":500,"height":500,"url":"https:\/\/hydropartsholland.com\/wp-content\/uploads\/2022\/07\/s-l500-13.jpg","type":"image\/jpeg"}],"twitter_card":"summary_large_image","twitter_misc":{"Dur\u00e9e de lecture estim\u00e9e":"1 minute"},"schema":{"@context":"https:\/\/schema.org","@graph":[{"@type":"WebPage","@id":"https:\/\/hydropartsholland.com\/fr\/produit\/power-steering-cylinder-fits-ford-tractor-e2nn3a540ba\/","url":"https:\/\/hydropartsholland.com\/fr\/produit\/power-steering-cylinder-fits-ford-tractor-e2nn3a540ba\/","name":"V\u00e9rin de direction assist\u00e9e pour tracteur Ford E2NN3A540BA - Hydropartsholland","isPartOf":{"@id":"https:\/\/hydropartsholland.com\/#website"},"primaryImageOfPage":{"@id":"https:\/\/hydropartsholland.com\/fr\/produit\/power-steering-cylinder-fits-ford-tractor-e2nn3a540ba\/#primaryimage"},"image":{"@id":"https:\/\/hydropartsholland.com\/fr\/produit\/power-steering-cylinder-fits-ford-tractor-e2nn3a540ba\/#primaryimage"},"thumbnailUrl":"https:\/\/hydropartsholland.com\/wp-content\/uploads\/2022\/07\/s-l500-13.jpg","datePublished":"2025-07-22T13:50:29+00:00","dateModified":"2025-03-11T11:24:17+00:00","breadcrumb":{"@id":"https:\/\/hydropartsholland.com\/fr\/produit\/power-steering-cylinder-fits-ford-tractor-e2nn3a540ba\/#breadcrumb"},"inLanguage":"fr-FR","potentialAction":[{"@type":"ReadAction","target":["https:\/\/hydropartsholland.com\/fr\/produit\/power-steering-cylinder-fits-ford-tractor-e2nn3a540ba\/"]}]},{"@type":"ImageObject","inLanguage":"fr-FR","@id":"https:\/\/hydropartsholland.com\/fr\/produit\/power-steering-cylinder-fits-ford-tractor-e2nn3a540ba\/#primaryimage","url":"https:\/\/hydropartsholland.com\/wp-content\/uploads\/2022\/07\/s-l500-13.jpg","contentUrl":"https:\/\/hydropartsholland.com\/wp-content\/uploads\/2022\/07\/s-l500-13.jpg","width":500,"height":500},{"@type":"BreadcrumbList","@id":"https:\/\/hydropartsholland.com\/fr\/produit\/power-steering-cylinder-fits-ford-tractor-e2nn3a540ba\/#breadcrumb","itemListElement":[{"@type":"ListItem","position":1,"name":"Home","item":"https:\/\/hydropartsholland.com\/"},{"@type":"ListItem","position":2,"name":"Boutique","item":"https:\/\/hydropartsholland.com\/fr\/boutique\/"},{"@type":"ListItem","position":3,"name":"V\u00e9rin de direction assist\u00e9e pour tracteur Ford E2NN3A540BA"}]},{"@type":"WebSite","@id":"https:\/\/hydropartsholland.com\/#website","url":"https:\/\/hydropartsholland.com\/","name":"Hydropartsholland","description":"","publisher":{"@id":"https:\/\/hydropartsholland.com\/#organization"},"potentialAction":[{"@type":"SearchAction","target":{"@type":"EntryPoint","urlTemplate":"https:\/\/hydropartsholland.com\/?s={search_term_string}"},"query-input":"required name=search_term_string"}],"inLanguage":"fr-FR"},{"@type":"Organization","@id":"https:\/\/hydropartsholland.com\/#organization","name":"Spare Parts Holland","url":"https:\/\/hydropartsholland.com\/","logo":{"@type":"ImageObject","inLanguage":"fr-FR","@id":"https:\/\/hydropartsholland.com\/#\/schema\/logo\/image\/","url":"https:\/\/hydropartsholland.com\/wp-content\/uploads\/2022\/06\/spareparts-1.png","contentUrl":"https:\/\/hydropartsholland.com\/wp-content\/uploads\/2022\/06\/spareparts-1.png","width":824,"height":685,"caption":"Spare Parts Holland"},"image":{"@id":"https:\/\/hydropartsholland.com\/#\/schema\/logo\/image\/"}}]}},"_links":{"self":[{"href":"https:\/\/hydropartsholland.com\/fr\/wp-json\/wp\/v2\/product\/5828","targetHints":{"allow":["GET"]}}],"collection":[{"href":"https:\/\/hydropartsholland.com\/fr\/wp-json\/wp\/v2\/product"}],"about":[{"href":"https:\/\/hydropartsholland.com\/fr\/wp-json\/wp\/v2\/types\/product"}],"replies":[{"embeddable":true,"href":"https:\/\/hydropartsholland.com\/fr\/wp-json\/wp\/v2\/comments?post=5828"}],"wp:featuredmedia":[{"embeddable":true,"href":"https:\/\/hydropartsholland.com\/fr\/wp-json\/wp\/v2\/media\/4062"}],"wp:attachment":[{"href":"https:\/\/hydropartsholland.com\/fr\/wp-json\/wp\/v2\/media?parent=5828"}],"wp:term":[{"taxonomy":"product_cat","embeddable":true,"href":"https:\/\/hydropartsholland.com\/fr\/wp-json\/wp\/v2\/product_cat?post=5828"},{"taxonomy":"product_tag","embeddable":true,"href":"https:\/\/hydropartsholland.com\/fr\/wp-json\/wp\/v2\/product_tag?post=5828"}],"curies":[{"name":"wp","href":"https:\/\/api.w.org\/{rel}","templated":true}]}}