{"id":5808,"date":"2025-07-22T14:50:26","date_gmt":"2025-07-22T13:50:26","guid":{"rendered":"https:\/\/hydropartsholland.com\/product\/ball-holder-for-3-x-lower-link-ball-lower-link-catch-profile-cat-2\/"},"modified":"2025-03-11T12:24:12","modified_gmt":"2025-03-11T11:24:12","slug":"ball-holder-for-3-x-lower-link-ball-lower-link-catch-profile-cat-2","status":"publish","type":"product","link":"https:\/\/hydropartsholland.com\/fr\/produit\/ball-holder-for-3-x-lower-link-ball-lower-link-catch-profile-cat-2\/","title":{"rendered":"Support de boule pour 3 x rotules inf\u00e9rieures de bras pour profil cat 2 et cat 3"},"content":{"rendered":"<p>Support de boule pour 3 boules de bras inf\u00e9rieur, profil de capture de cat\u00e9gorie 2, support pour 3 boules de bras inf\u00e9rieur ou profil de capture de cat\u00e9gorie 2 et 3 ou boule de bras sup\u00e9rieur. Le support peut \u00eatre mont\u00e9 sur le remorqueur ou sur la machine de travail, de sorte que vous avez toujours les bonnes boules ou les bols collecteurs. Remarque : les boules sont plac\u00e9es avec le trou dans le support et fix\u00e9es avec la goupille vers le haut. Mat\u00e9riau : acier galvanis\u00e9. Hauteur : 225 mm. Largeur : 80 mm. Profondeur : 45 mm.<\/p>\n<ul class=\"a-unordered-list a-vertical a-spacing-mini\">\n<li><span class=\"a-list-item\">Support de boule pour 3 boules inf\u00e9rieures &#8211; Profil de capture cat 2 et cat 3<\/span><\/li>\n<li><span class=\"a-list-item\">Support de boule pour 3 x boule de bras inf\u00e9rieur ou profil de capture cat 2 et cat 3 ou sph\u00e8re de bras sup\u00e9rieur.<\/span><\/li>\n<li><span class=\"a-list-item\">Mat\u00e9riau : acier galvanis\u00e9<\/span><\/li>\n<\/ul>\n","protected":false},"excerpt":{"rendered":"<p>Support de boule pour 3 boules de bras inf\u00e9rieur, profil de capture de cat\u00e9gorie 2, support pour 3 boules de bras inf\u00e9rieur ou profil de capture de cat\u00e9gorie 2 et 3 ou boule de bras sup\u00e9rieur. Le support peut \u00eatre mont\u00e9 sur le remorqueur ou sur la machine de travail, de sorte que vous avez<\/p>\n<div class=\"klb-readmore\"><a class=\"main-btn\" href=\"https:\/\/hydropartsholland.com\/fr\/produit\/ball-holder-for-3-x-lower-link-ball-lower-link-catch-profile-cat-2\/\">Read More<\/a><\/div>\n","protected":false},"featured_media":29506,"comment_status":"open","ping_status":"closed","template":"","meta":{"inline_featured_image":false},"product_cat":[2190,495],"product_tag":[],"class_list":{"0":"post-5808","1":"product","2":"type-product","3":"status-publish","4":"has-post-thumbnail","6":"product_cat-crochet-dattelage-inferieur","7":"product_cat-pieces-de-chassis","9":"first","10":"instock","11":"featured","12":"taxable","13":"shipping-taxable","14":"purchasable","15":"product-type-simple"},"yoast_head":"<!-- This site is optimized with the Yoast SEO plugin v23.3 - https:\/\/yoast.com\/wordpress\/plugins\/seo\/ -->\n<title>Support de boule pour 3 x rotules inf\u00e9rieures de bras pour profil cat 2 et cat 3 - Hydropartsholland<\/title>\n<meta name=\"robots\" content=\"index, follow, max-snippet:-1, max-image-preview:large, max-video-preview:-1\" \/>\n<link rel=\"canonical\" href=\"https:\/\/hydropartsholland.com\/fr\/produit\/ball-holder-for-3-x-lower-link-ball-lower-link-catch-profile-cat-2\/\" \/>\n<meta property=\"og:locale\" content=\"fr_FR\" \/>\n<meta property=\"og:type\" content=\"article\" \/>\n<meta property=\"og:title\" content=\"Support de boule pour 3 x rotules inf\u00e9rieures de bras pour profil cat 2 et cat 3 - Hydropartsholland\" \/>\n<meta property=\"og:description\" content=\"Support de boule pour 3 boules de bras inf\u00e9rieur, profil de capture de cat\u00e9gorie 2, support pour 3 boules de bras inf\u00e9rieur ou profil de capture de cat\u00e9gorie 2 et 3 ou boule de bras sup\u00e9rieur. Le support peut \u00eatre mont\u00e9 sur le remorqueur ou sur la machine de travail, de sorte que vous avezRead More\" \/>\n<meta property=\"og:url\" content=\"https:\/\/hydropartsholland.com\/fr\/produit\/ball-holder-for-3-x-lower-link-ball-lower-link-catch-profile-cat-2\/\" \/>\n<meta property=\"og:site_name\" content=\"Hydropartsholland\" \/>\n<meta property=\"article:modified_time\" content=\"2025-03-11T11:24:12+00:00\" \/>\n<meta property=\"og:image\" content=\"https:\/\/hydropartsholland.com\/wp-content\/uploads\/2022\/07\/1-28-scaled.jpg\" \/>\n\t<meta property=\"og:image:width\" content=\"2560\" \/>\n\t<meta property=\"og:image:height\" content=\"2560\" \/>\n\t<meta property=\"og:image:type\" content=\"image\/jpeg\" \/>\n<meta name=\"twitter:card\" content=\"summary_large_image\" \/>\n<meta name=\"twitter:label1\" content=\"Dur\u00e9e de lecture estim\u00e9e\" \/>\n\t<meta name=\"twitter:data1\" content=\"1 minute\" \/>\n<script type=\"application\/ld+json\" class=\"yoast-schema-graph\">{\"@context\":\"https:\/\/schema.org\",\"@graph\":[{\"@type\":\"WebPage\",\"@id\":\"https:\/\/hydropartsholland.com\/fr\/produit\/ball-holder-for-3-x-lower-link-ball-lower-link-catch-profile-cat-2\/\",\"url\":\"https:\/\/hydropartsholland.com\/fr\/produit\/ball-holder-for-3-x-lower-link-ball-lower-link-catch-profile-cat-2\/\",\"name\":\"Support de boule pour 3 x rotules inf\u00e9rieures de bras pour profil cat 2 et cat 3 - Hydropartsholland\",\"isPartOf\":{\"@id\":\"https:\/\/hydropartsholland.com\/#website\"},\"primaryImageOfPage\":{\"@id\":\"https:\/\/hydropartsholland.com\/fr\/produit\/ball-holder-for-3-x-lower-link-ball-lower-link-catch-profile-cat-2\/#primaryimage\"},\"image\":{\"@id\":\"https:\/\/hydropartsholland.com\/fr\/produit\/ball-holder-for-3-x-lower-link-ball-lower-link-catch-profile-cat-2\/#primaryimage\"},\"thumbnailUrl\":\"https:\/\/hydropartsholland.com\/wp-content\/uploads\/2022\/07\/1-28-scaled.jpg\",\"datePublished\":\"2025-07-22T13:50:26+00:00\",\"dateModified\":\"2025-03-11T11:24:12+00:00\",\"breadcrumb\":{\"@id\":\"https:\/\/hydropartsholland.com\/fr\/produit\/ball-holder-for-3-x-lower-link-ball-lower-link-catch-profile-cat-2\/#breadcrumb\"},\"inLanguage\":\"fr-FR\",\"potentialAction\":[{\"@type\":\"ReadAction\",\"target\":[\"https:\/\/hydropartsholland.com\/fr\/produit\/ball-holder-for-3-x-lower-link-ball-lower-link-catch-profile-cat-2\/\"]}]},{\"@type\":\"ImageObject\",\"inLanguage\":\"fr-FR\",\"@id\":\"https:\/\/hydropartsholland.com\/fr\/produit\/ball-holder-for-3-x-lower-link-ball-lower-link-catch-profile-cat-2\/#primaryimage\",\"url\":\"https:\/\/hydropartsholland.com\/wp-content\/uploads\/2022\/07\/1-28-scaled.jpg\",\"contentUrl\":\"https:\/\/hydropartsholland.com\/wp-content\/uploads\/2022\/07\/1-28-scaled.jpg\",\"width\":2560,\"height\":2560},{\"@type\":\"BreadcrumbList\",\"@id\":\"https:\/\/hydropartsholland.com\/fr\/produit\/ball-holder-for-3-x-lower-link-ball-lower-link-catch-profile-cat-2\/#breadcrumb\",\"itemListElement\":[{\"@type\":\"ListItem\",\"position\":1,\"name\":\"Home\",\"item\":\"https:\/\/hydropartsholland.com\/\"},{\"@type\":\"ListItem\",\"position\":2,\"name\":\"Boutique\",\"item\":\"https:\/\/hydropartsholland.com\/fr\/boutique\/\"},{\"@type\":\"ListItem\",\"position\":3,\"name\":\"Support de boule pour 3 x rotules inf\u00e9rieures de bras pour profil cat 2 et cat 3\"}]},{\"@type\":\"WebSite\",\"@id\":\"https:\/\/hydropartsholland.com\/#website\",\"url\":\"https:\/\/hydropartsholland.com\/\",\"name\":\"Hydropartsholland\",\"description\":\"\",\"publisher\":{\"@id\":\"https:\/\/hydropartsholland.com\/#organization\"},\"potentialAction\":[{\"@type\":\"SearchAction\",\"target\":{\"@type\":\"EntryPoint\",\"urlTemplate\":\"https:\/\/hydropartsholland.com\/?s={search_term_string}\"},\"query-input\":\"required name=search_term_string\"}],\"inLanguage\":\"fr-FR\"},{\"@type\":\"Organization\",\"@id\":\"https:\/\/hydropartsholland.com\/#organization\",\"name\":\"Spare Parts Holland\",\"url\":\"https:\/\/hydropartsholland.com\/\",\"logo\":{\"@type\":\"ImageObject\",\"inLanguage\":\"fr-FR\",\"@id\":\"https:\/\/hydropartsholland.com\/#\/schema\/logo\/image\/\",\"url\":\"https:\/\/hydropartsholland.com\/wp-content\/uploads\/2022\/06\/spareparts-1.png\",\"contentUrl\":\"https:\/\/hydropartsholland.com\/wp-content\/uploads\/2022\/06\/spareparts-1.png\",\"width\":824,\"height\":685,\"caption\":\"Spare Parts Holland\"},\"image\":{\"@id\":\"https:\/\/hydropartsholland.com\/#\/schema\/logo\/image\/\"}}]}<\/script>\n<!-- \/ Yoast SEO plugin. -->","yoast_head_json":{"title":"Support de boule pour 3 x rotules inf\u00e9rieures de bras pour profil cat 2 et cat 3 - Hydropartsholland","robots":{"index":"index","follow":"follow","max-snippet":"max-snippet:-1","max-image-preview":"max-image-preview:large","max-video-preview":"max-video-preview:-1"},"canonical":"https:\/\/hydropartsholland.com\/fr\/produit\/ball-holder-for-3-x-lower-link-ball-lower-link-catch-profile-cat-2\/","og_locale":"fr_FR","og_type":"article","og_title":"Support de boule pour 3 x rotules inf\u00e9rieures de bras pour profil cat 2 et cat 3 - Hydropartsholland","og_description":"Support de boule pour 3 boules de bras inf\u00e9rieur, profil de capture de cat\u00e9gorie 2, support pour 3 boules de bras inf\u00e9rieur ou profil de capture de cat\u00e9gorie 2 et 3 ou boule de bras sup\u00e9rieur. Le support peut \u00eatre mont\u00e9 sur le remorqueur ou sur la machine de travail, de sorte que vous avezRead More","og_url":"https:\/\/hydropartsholland.com\/fr\/produit\/ball-holder-for-3-x-lower-link-ball-lower-link-catch-profile-cat-2\/","og_site_name":"Hydropartsholland","article_modified_time":"2025-03-11T11:24:12+00:00","og_image":[{"width":2560,"height":2560,"url":"https:\/\/hydropartsholland.com\/wp-content\/uploads\/2022\/07\/1-28-scaled.jpg","type":"image\/jpeg"}],"twitter_card":"summary_large_image","twitter_misc":{"Dur\u00e9e de lecture estim\u00e9e":"1 minute"},"schema":{"@context":"https:\/\/schema.org","@graph":[{"@type":"WebPage","@id":"https:\/\/hydropartsholland.com\/fr\/produit\/ball-holder-for-3-x-lower-link-ball-lower-link-catch-profile-cat-2\/","url":"https:\/\/hydropartsholland.com\/fr\/produit\/ball-holder-for-3-x-lower-link-ball-lower-link-catch-profile-cat-2\/","name":"Support de boule pour 3 x rotules inf\u00e9rieures de bras pour profil cat 2 et cat 3 - Hydropartsholland","isPartOf":{"@id":"https:\/\/hydropartsholland.com\/#website"},"primaryImageOfPage":{"@id":"https:\/\/hydropartsholland.com\/fr\/produit\/ball-holder-for-3-x-lower-link-ball-lower-link-catch-profile-cat-2\/#primaryimage"},"image":{"@id":"https:\/\/hydropartsholland.com\/fr\/produit\/ball-holder-for-3-x-lower-link-ball-lower-link-catch-profile-cat-2\/#primaryimage"},"thumbnailUrl":"https:\/\/hydropartsholland.com\/wp-content\/uploads\/2022\/07\/1-28-scaled.jpg","datePublished":"2025-07-22T13:50:26+00:00","dateModified":"2025-03-11T11:24:12+00:00","breadcrumb":{"@id":"https:\/\/hydropartsholland.com\/fr\/produit\/ball-holder-for-3-x-lower-link-ball-lower-link-catch-profile-cat-2\/#breadcrumb"},"inLanguage":"fr-FR","potentialAction":[{"@type":"ReadAction","target":["https:\/\/hydropartsholland.com\/fr\/produit\/ball-holder-for-3-x-lower-link-ball-lower-link-catch-profile-cat-2\/"]}]},{"@type":"ImageObject","inLanguage":"fr-FR","@id":"https:\/\/hydropartsholland.com\/fr\/produit\/ball-holder-for-3-x-lower-link-ball-lower-link-catch-profile-cat-2\/#primaryimage","url":"https:\/\/hydropartsholland.com\/wp-content\/uploads\/2022\/07\/1-28-scaled.jpg","contentUrl":"https:\/\/hydropartsholland.com\/wp-content\/uploads\/2022\/07\/1-28-scaled.jpg","width":2560,"height":2560},{"@type":"BreadcrumbList","@id":"https:\/\/hydropartsholland.com\/fr\/produit\/ball-holder-for-3-x-lower-link-ball-lower-link-catch-profile-cat-2\/#breadcrumb","itemListElement":[{"@type":"ListItem","position":1,"name":"Home","item":"https:\/\/hydropartsholland.com\/"},{"@type":"ListItem","position":2,"name":"Boutique","item":"https:\/\/hydropartsholland.com\/fr\/boutique\/"},{"@type":"ListItem","position":3,"name":"Support de boule pour 3 x rotules inf\u00e9rieures de bras pour profil cat 2 et cat 3"}]},{"@type":"WebSite","@id":"https:\/\/hydropartsholland.com\/#website","url":"https:\/\/hydropartsholland.com\/","name":"Hydropartsholland","description":"","publisher":{"@id":"https:\/\/hydropartsholland.com\/#organization"},"potentialAction":[{"@type":"SearchAction","target":{"@type":"EntryPoint","urlTemplate":"https:\/\/hydropartsholland.com\/?s={search_term_string}"},"query-input":"required name=search_term_string"}],"inLanguage":"fr-FR"},{"@type":"Organization","@id":"https:\/\/hydropartsholland.com\/#organization","name":"Spare Parts Holland","url":"https:\/\/hydropartsholland.com\/","logo":{"@type":"ImageObject","inLanguage":"fr-FR","@id":"https:\/\/hydropartsholland.com\/#\/schema\/logo\/image\/","url":"https:\/\/hydropartsholland.com\/wp-content\/uploads\/2022\/06\/spareparts-1.png","contentUrl":"https:\/\/hydropartsholland.com\/wp-content\/uploads\/2022\/06\/spareparts-1.png","width":824,"height":685,"caption":"Spare Parts Holland"},"image":{"@id":"https:\/\/hydropartsholland.com\/#\/schema\/logo\/image\/"}}]}},"_links":{"self":[{"href":"https:\/\/hydropartsholland.com\/fr\/wp-json\/wp\/v2\/product\/5808","targetHints":{"allow":["GET"]}}],"collection":[{"href":"https:\/\/hydropartsholland.com\/fr\/wp-json\/wp\/v2\/product"}],"about":[{"href":"https:\/\/hydropartsholland.com\/fr\/wp-json\/wp\/v2\/types\/product"}],"replies":[{"embeddable":true,"href":"https:\/\/hydropartsholland.com\/fr\/wp-json\/wp\/v2\/comments?post=5808"}],"wp:featuredmedia":[{"embeddable":true,"href":"https:\/\/hydropartsholland.com\/fr\/wp-json\/wp\/v2\/media\/29506"}],"wp:attachment":[{"href":"https:\/\/hydropartsholland.com\/fr\/wp-json\/wp\/v2\/media?parent=5808"}],"wp:term":[{"taxonomy":"product_cat","embeddable":true,"href":"https:\/\/hydropartsholland.com\/fr\/wp-json\/wp\/v2\/product_cat?post=5808"},{"taxonomy":"product_tag","embeddable":true,"href":"https:\/\/hydropartsholland.com\/fr\/wp-json\/wp\/v2\/product_tag?post=5808"}],"curies":[{"name":"wp","href":"https:\/\/api.w.org\/{rel}","templated":true}]}}