{"id":35316,"date":"2025-07-22T14:49:20","date_gmt":"2025-07-22T13:49:20","guid":{"rendered":"https:\/\/hydropartsholland.com\/?post_type=product&#038;p=35316"},"modified":"2025-03-11T12:20:22","modified_gmt":"2025-03-11T11:20:22","slug":"barre-de-poussee-hydraulique-cat-2-585-795-mm-avec-chape-de-saturn-crochet-et-clapet-anti-retour-course-210","status":"publish","type":"product","link":"https:\/\/hydropartsholland.com\/fr\/produit\/barre-de-poussee-hydraulique-cat-2-585-795-mm-avec-chape-de-saturn-crochet-et-clapet-anti-retour-course-210\/","title":{"rendered":"Barre de Pouss\u00e9e Hydraulique Cat 2 (585 &#8211; 795 mm) avec Chape de Saturn, Crochet et Clapet Anti-retour \u2013 Course 210"},"content":{"rendered":"<div>La barre de pouss\u00e9e hydraulique que nous proposons remplace la barre de pouss\u00e9e existante sur le tracteur et facilite votre travail quotidien. Pour cela, un distributeur \u00e0 double effet sur le tracteur est n\u00e9cessaire \u2013 une combinaison imbattable en combinaison avec le clapet anti-retour int\u00e9gr\u00e9*.<\/div>\n<div><\/div>\n<div>* Lors du r\u00e9glage du barre de pouss\u00e9e hydraulique, il est tr\u00e8s important que la position ajust\u00e9e soit maintenue m\u00eame apr\u00e8s une longue p\u00e9riode de temps. Ceci n&#8217;est gu\u00e8re possible avec des barre de pouss\u00e9e hydrauliques sans clapet anti-retour, car les unit\u00e9s de commande du tracteur ne se verrouillent pas aussi \u00e9troitement. Ce barre de pouss\u00e9e hydraulique est donc \u00e9quip\u00e9 d&#8217;un clapet anti-retour. Avec cette valve, l&#8217;huile est enferm\u00e9e dans le cylindre par un clapet anti-retour. Ce n&#8217;est que lorsqu&#8217;il y a \u00e0 nouveau de la pression d&#8217;huile provenant du tracteur que la vanne s&#8217;ouvre et que le v\u00e9rin peut \u00eatre r\u00e9gl\u00e9.<\/div>\n<ul>\n<li>Haute qualit\u00e9, peint en noir<\/li>\n<li>Incl. clapet anti-retour<\/li>\n<li>Barre de pouss\u00e9e cat. 2<\/li>\n<li>2 x raccords hydrauliques<\/li>\n<li>La livraison est enti\u00e8rement assembl\u00e9e<\/li>\n<li>2 x flexibles hydrauliques avec bouchon et cache-poussi\u00e8re<\/li>\n<\/ul>\n<div><strong>Sp\u00e9cifications techniques:<\/strong><\/div>\n<ul>\n<li>Raccordement : cloison 12 L taille 3 (raccord de couplage habituel), raccord 18-1,5 SW22 + raccord-union<\/li>\n<li>D\u00e9signation flexible Blue Flex SAE 100 3\/8 R2AT DIN EN 853 2SN DN10 W.P.330<\/li>\n<li>Pression de fonctionnement : 330 bars<\/li>\n<li>Longueur : 75cm<\/li>\n<\/ul>\n","protected":false},"excerpt":{"rendered":"<ul>\n<li>Haute qualit\u00e9, peint en noir<\/li>\n<li>Incl. clapet anti-retour<\/li>\n<li>2 x raccords hydrauliques<\/li>\n<li>La livraison est enti\u00e8rement assembl\u00e9e<\/li>\n<li>2 x flexibles hydrauliques avec bouchon et cache-poussi\u00e8re<\/li>\n<\/ul>\n","protected":false},"featured_media":35023,"comment_status":"open","ping_status":"closed","template":"","meta":{"inline_featured_image":false},"product_cat":[608],"product_tag":[],"class_list":{"0":"post-35316","1":"product","2":"type-product","3":"status-publish","4":"has-post-thumbnail","6":"product_cat-crochets-cat-3","8":"first","9":"instock","10":"taxable","11":"shipping-taxable","12":"purchasable","13":"product-type-simple"},"yoast_head":"<!-- This site is optimized with the Yoast SEO plugin v23.3 - https:\/\/yoast.com\/wordpress\/plugins\/seo\/ -->\n<title>Barre de Pouss\u00e9e Hydraulique Cat 2 (585 - 795 mm) avec Chape de Saturn, Crochet et Clapet Anti-retour \u2013 Course 210 - Hydropartsholland<\/title>\n<meta name=\"description\" content=\"La barre de pouss\u00e9e hydraulique que nous proposons remplace la barre de pouss\u00e9e existante sur le tracteur et facilite votre travail quotidien.\" \/>\n<meta name=\"robots\" content=\"index, follow, max-snippet:-1, max-image-preview:large, max-video-preview:-1\" \/>\n<link rel=\"canonical\" href=\"https:\/\/hydropartsholland.com\/fr\/produit\/barre-de-poussee-hydraulique-cat-2-585-795-mm-avec-chape-de-saturn-crochet-et-clapet-anti-retour-course-210\/\" \/>\n<meta property=\"og:locale\" content=\"fr_FR\" \/>\n<meta property=\"og:type\" content=\"article\" \/>\n<meta property=\"og:title\" content=\"Barre de Pouss\u00e9e Hydraulique Cat 2 (585 - 795 mm) avec Chape de Saturn, Crochet et Clapet Anti-retour \u2013 Course 210 - Hydropartsholland\" \/>\n<meta property=\"og:description\" content=\"La barre de pouss\u00e9e hydraulique que nous proposons remplace la barre de pouss\u00e9e existante sur le tracteur et facilite votre travail quotidien.\" \/>\n<meta property=\"og:url\" content=\"https:\/\/hydropartsholland.com\/fr\/produit\/barre-de-poussee-hydraulique-cat-2-585-795-mm-avec-chape-de-saturn-crochet-et-clapet-anti-retour-course-210\/\" \/>\n<meta property=\"og:site_name\" content=\"Hydropartsholland\" \/>\n<meta property=\"article:modified_time\" content=\"2025-03-11T11:20:22+00:00\" \/>\n<meta property=\"og:image\" content=\"https:\/\/hydropartsholland.com\/wp-content\/uploads\/2023\/10\/SPH320059-scaled.jpg\" \/>\n\t<meta property=\"og:image:width\" content=\"2560\" \/>\n\t<meta property=\"og:image:height\" content=\"2560\" \/>\n\t<meta property=\"og:image:type\" content=\"image\/jpeg\" \/>\n<meta name=\"twitter:card\" content=\"summary_large_image\" \/>\n<meta name=\"twitter:label1\" content=\"Dur\u00e9e de lecture estim\u00e9e\" \/>\n\t<meta name=\"twitter:data1\" content=\"1 minute\" \/>\n<script type=\"application\/ld+json\" class=\"yoast-schema-graph\">{\"@context\":\"https:\/\/schema.org\",\"@graph\":[{\"@type\":\"WebPage\",\"@id\":\"https:\/\/hydropartsholland.com\/fr\/produit\/barre-de-poussee-hydraulique-cat-2-585-795-mm-avec-chape-de-saturn-crochet-et-clapet-anti-retour-course-210\/\",\"url\":\"https:\/\/hydropartsholland.com\/fr\/produit\/barre-de-poussee-hydraulique-cat-2-585-795-mm-avec-chape-de-saturn-crochet-et-clapet-anti-retour-course-210\/\",\"name\":\"Barre de Pouss\u00e9e Hydraulique Cat 2 (585 - 795 mm) avec Chape de Saturn, Crochet et Clapet Anti-retour \u2013 Course 210 - Hydropartsholland\",\"isPartOf\":{\"@id\":\"https:\/\/hydropartsholland.com\/#website\"},\"primaryImageOfPage\":{\"@id\":\"https:\/\/hydropartsholland.com\/fr\/produit\/barre-de-poussee-hydraulique-cat-2-585-795-mm-avec-chape-de-saturn-crochet-et-clapet-anti-retour-course-210\/#primaryimage\"},\"image\":{\"@id\":\"https:\/\/hydropartsholland.com\/fr\/produit\/barre-de-poussee-hydraulique-cat-2-585-795-mm-avec-chape-de-saturn-crochet-et-clapet-anti-retour-course-210\/#primaryimage\"},\"thumbnailUrl\":\"https:\/\/hydropartsholland.com\/wp-content\/uploads\/2023\/10\/SPH320059-scaled.jpg\",\"datePublished\":\"2025-07-22T13:49:20+00:00\",\"dateModified\":\"2025-03-11T11:20:22+00:00\",\"description\":\"La barre de pouss\u00e9e hydraulique que nous proposons remplace la barre de pouss\u00e9e existante sur le tracteur et facilite votre travail quotidien.\",\"breadcrumb\":{\"@id\":\"https:\/\/hydropartsholland.com\/fr\/produit\/barre-de-poussee-hydraulique-cat-2-585-795-mm-avec-chape-de-saturn-crochet-et-clapet-anti-retour-course-210\/#breadcrumb\"},\"inLanguage\":\"fr-FR\",\"potentialAction\":[{\"@type\":\"ReadAction\",\"target\":[\"https:\/\/hydropartsholland.com\/fr\/produit\/barre-de-poussee-hydraulique-cat-2-585-795-mm-avec-chape-de-saturn-crochet-et-clapet-anti-retour-course-210\/\"]}]},{\"@type\":\"ImageObject\",\"inLanguage\":\"fr-FR\",\"@id\":\"https:\/\/hydropartsholland.com\/fr\/produit\/barre-de-poussee-hydraulique-cat-2-585-795-mm-avec-chape-de-saturn-crochet-et-clapet-anti-retour-course-210\/#primaryimage\",\"url\":\"https:\/\/hydropartsholland.com\/wp-content\/uploads\/2023\/10\/SPH320059-scaled.jpg\",\"contentUrl\":\"https:\/\/hydropartsholland.com\/wp-content\/uploads\/2023\/10\/SPH320059-scaled.jpg\",\"width\":2560,\"height\":2560},{\"@type\":\"BreadcrumbList\",\"@id\":\"https:\/\/hydropartsholland.com\/fr\/produit\/barre-de-poussee-hydraulique-cat-2-585-795-mm-avec-chape-de-saturn-crochet-et-clapet-anti-retour-course-210\/#breadcrumb\",\"itemListElement\":[{\"@type\":\"ListItem\",\"position\":1,\"name\":\"Home\",\"item\":\"https:\/\/hydropartsholland.com\/\"},{\"@type\":\"ListItem\",\"position\":2,\"name\":\"Boutique\",\"item\":\"https:\/\/hydropartsholland.com\/fr\/boutique\/\"},{\"@type\":\"ListItem\",\"position\":3,\"name\":\"Barre de Pouss\u00e9e Hydraulique Cat 2 (585 &#8211; 795 mm) avec Chape de Saturn, Crochet et Clapet Anti-retour \u2013 Course 210\"}]},{\"@type\":\"WebSite\",\"@id\":\"https:\/\/hydropartsholland.com\/#website\",\"url\":\"https:\/\/hydropartsholland.com\/\",\"name\":\"Hydropartsholland\",\"description\":\"\",\"publisher\":{\"@id\":\"https:\/\/hydropartsholland.com\/#organization\"},\"potentialAction\":[{\"@type\":\"SearchAction\",\"target\":{\"@type\":\"EntryPoint\",\"urlTemplate\":\"https:\/\/hydropartsholland.com\/?s={search_term_string}\"},\"query-input\":\"required name=search_term_string\"}],\"inLanguage\":\"fr-FR\"},{\"@type\":\"Organization\",\"@id\":\"https:\/\/hydropartsholland.com\/#organization\",\"name\":\"Spare Parts Holland\",\"url\":\"https:\/\/hydropartsholland.com\/\",\"logo\":{\"@type\":\"ImageObject\",\"inLanguage\":\"fr-FR\",\"@id\":\"https:\/\/hydropartsholland.com\/#\/schema\/logo\/image\/\",\"url\":\"https:\/\/hydropartsholland.com\/wp-content\/uploads\/2022\/06\/spareparts-1.png\",\"contentUrl\":\"https:\/\/hydropartsholland.com\/wp-content\/uploads\/2022\/06\/spareparts-1.png\",\"width\":824,\"height\":685,\"caption\":\"Spare Parts Holland\"},\"image\":{\"@id\":\"https:\/\/hydropartsholland.com\/#\/schema\/logo\/image\/\"}}]}<\/script>\n<!-- \/ Yoast SEO plugin. -->","yoast_head_json":{"title":"Barre de Pouss\u00e9e Hydraulique Cat 2 (585 - 795 mm) avec Chape de Saturn, Crochet et Clapet Anti-retour \u2013 Course 210 - Hydropartsholland","description":"La barre de pouss\u00e9e hydraulique que nous proposons remplace la barre de pouss\u00e9e existante sur le tracteur et facilite votre travail quotidien.","robots":{"index":"index","follow":"follow","max-snippet":"max-snippet:-1","max-image-preview":"max-image-preview:large","max-video-preview":"max-video-preview:-1"},"canonical":"https:\/\/hydropartsholland.com\/fr\/produit\/barre-de-poussee-hydraulique-cat-2-585-795-mm-avec-chape-de-saturn-crochet-et-clapet-anti-retour-course-210\/","og_locale":"fr_FR","og_type":"article","og_title":"Barre de Pouss\u00e9e Hydraulique Cat 2 (585 - 795 mm) avec Chape de Saturn, Crochet et Clapet Anti-retour \u2013 Course 210 - Hydropartsholland","og_description":"La barre de pouss\u00e9e hydraulique que nous proposons remplace la barre de pouss\u00e9e existante sur le tracteur et facilite votre travail quotidien.","og_url":"https:\/\/hydropartsholland.com\/fr\/produit\/barre-de-poussee-hydraulique-cat-2-585-795-mm-avec-chape-de-saturn-crochet-et-clapet-anti-retour-course-210\/","og_site_name":"Hydropartsholland","article_modified_time":"2025-03-11T11:20:22+00:00","og_image":[{"width":2560,"height":2560,"url":"https:\/\/hydropartsholland.com\/wp-content\/uploads\/2023\/10\/SPH320059-scaled.jpg","type":"image\/jpeg"}],"twitter_card":"summary_large_image","twitter_misc":{"Dur\u00e9e de lecture estim\u00e9e":"1 minute"},"schema":{"@context":"https:\/\/schema.org","@graph":[{"@type":"WebPage","@id":"https:\/\/hydropartsholland.com\/fr\/produit\/barre-de-poussee-hydraulique-cat-2-585-795-mm-avec-chape-de-saturn-crochet-et-clapet-anti-retour-course-210\/","url":"https:\/\/hydropartsholland.com\/fr\/produit\/barre-de-poussee-hydraulique-cat-2-585-795-mm-avec-chape-de-saturn-crochet-et-clapet-anti-retour-course-210\/","name":"Barre de Pouss\u00e9e Hydraulique Cat 2 (585 - 795 mm) avec Chape de Saturn, Crochet et Clapet Anti-retour \u2013 Course 210 - Hydropartsholland","isPartOf":{"@id":"https:\/\/hydropartsholland.com\/#website"},"primaryImageOfPage":{"@id":"https:\/\/hydropartsholland.com\/fr\/produit\/barre-de-poussee-hydraulique-cat-2-585-795-mm-avec-chape-de-saturn-crochet-et-clapet-anti-retour-course-210\/#primaryimage"},"image":{"@id":"https:\/\/hydropartsholland.com\/fr\/produit\/barre-de-poussee-hydraulique-cat-2-585-795-mm-avec-chape-de-saturn-crochet-et-clapet-anti-retour-course-210\/#primaryimage"},"thumbnailUrl":"https:\/\/hydropartsholland.com\/wp-content\/uploads\/2023\/10\/SPH320059-scaled.jpg","datePublished":"2025-07-22T13:49:20+00:00","dateModified":"2025-03-11T11:20:22+00:00","description":"La barre de pouss\u00e9e hydraulique que nous proposons remplace la barre de pouss\u00e9e existante sur le tracteur et facilite votre travail quotidien.","breadcrumb":{"@id":"https:\/\/hydropartsholland.com\/fr\/produit\/barre-de-poussee-hydraulique-cat-2-585-795-mm-avec-chape-de-saturn-crochet-et-clapet-anti-retour-course-210\/#breadcrumb"},"inLanguage":"fr-FR","potentialAction":[{"@type":"ReadAction","target":["https:\/\/hydropartsholland.com\/fr\/produit\/barre-de-poussee-hydraulique-cat-2-585-795-mm-avec-chape-de-saturn-crochet-et-clapet-anti-retour-course-210\/"]}]},{"@type":"ImageObject","inLanguage":"fr-FR","@id":"https:\/\/hydropartsholland.com\/fr\/produit\/barre-de-poussee-hydraulique-cat-2-585-795-mm-avec-chape-de-saturn-crochet-et-clapet-anti-retour-course-210\/#primaryimage","url":"https:\/\/hydropartsholland.com\/wp-content\/uploads\/2023\/10\/SPH320059-scaled.jpg","contentUrl":"https:\/\/hydropartsholland.com\/wp-content\/uploads\/2023\/10\/SPH320059-scaled.jpg","width":2560,"height":2560},{"@type":"BreadcrumbList","@id":"https:\/\/hydropartsholland.com\/fr\/produit\/barre-de-poussee-hydraulique-cat-2-585-795-mm-avec-chape-de-saturn-crochet-et-clapet-anti-retour-course-210\/#breadcrumb","itemListElement":[{"@type":"ListItem","position":1,"name":"Home","item":"https:\/\/hydropartsholland.com\/"},{"@type":"ListItem","position":2,"name":"Boutique","item":"https:\/\/hydropartsholland.com\/fr\/boutique\/"},{"@type":"ListItem","position":3,"name":"Barre de Pouss\u00e9e Hydraulique Cat 2 (585 &#8211; 795 mm) avec Chape de Saturn, Crochet et Clapet Anti-retour \u2013 Course 210"}]},{"@type":"WebSite","@id":"https:\/\/hydropartsholland.com\/#website","url":"https:\/\/hydropartsholland.com\/","name":"Hydropartsholland","description":"","publisher":{"@id":"https:\/\/hydropartsholland.com\/#organization"},"potentialAction":[{"@type":"SearchAction","target":{"@type":"EntryPoint","urlTemplate":"https:\/\/hydropartsholland.com\/?s={search_term_string}"},"query-input":"required name=search_term_string"}],"inLanguage":"fr-FR"},{"@type":"Organization","@id":"https:\/\/hydropartsholland.com\/#organization","name":"Spare Parts Holland","url":"https:\/\/hydropartsholland.com\/","logo":{"@type":"ImageObject","inLanguage":"fr-FR","@id":"https:\/\/hydropartsholland.com\/#\/schema\/logo\/image\/","url":"https:\/\/hydropartsholland.com\/wp-content\/uploads\/2022\/06\/spareparts-1.png","contentUrl":"https:\/\/hydropartsholland.com\/wp-content\/uploads\/2022\/06\/spareparts-1.png","width":824,"height":685,"caption":"Spare Parts Holland"},"image":{"@id":"https:\/\/hydropartsholland.com\/#\/schema\/logo\/image\/"}}]}},"_links":{"self":[{"href":"https:\/\/hydropartsholland.com\/fr\/wp-json\/wp\/v2\/product\/35316","targetHints":{"allow":["GET"]}}],"collection":[{"href":"https:\/\/hydropartsholland.com\/fr\/wp-json\/wp\/v2\/product"}],"about":[{"href":"https:\/\/hydropartsholland.com\/fr\/wp-json\/wp\/v2\/types\/product"}],"replies":[{"embeddable":true,"href":"https:\/\/hydropartsholland.com\/fr\/wp-json\/wp\/v2\/comments?post=35316"}],"wp:featuredmedia":[{"embeddable":true,"href":"https:\/\/hydropartsholland.com\/fr\/wp-json\/wp\/v2\/media\/35023"}],"wp:attachment":[{"href":"https:\/\/hydropartsholland.com\/fr\/wp-json\/wp\/v2\/media?parent=35316"}],"wp:term":[{"taxonomy":"product_cat","embeddable":true,"href":"https:\/\/hydropartsholland.com\/fr\/wp-json\/wp\/v2\/product_cat?post=35316"},{"taxonomy":"product_tag","embeddable":true,"href":"https:\/\/hydropartsholland.com\/fr\/wp-json\/wp\/v2\/product_tag?post=35316"}],"curies":[{"name":"wp","href":"https:\/\/api.w.org\/{rel}","templated":true}]}}