{"id":31012,"date":"2025-07-22T14:49:30","date_gmt":"2025-07-22T13:49:30","guid":{"rendered":"https:\/\/hydropartsholland.com\/product\/kit-de-flexibles-hydrauliques-de-type-vanne-de-liaison-superieure\/"},"modified":"2025-03-11T12:21:53","modified_gmt":"2025-03-11T11:21:53","slug":"kit-tuyau-hydraulique-top-link-valve-type","status":"publish","type":"product","link":"https:\/\/hydropartsholland.com\/fr\/produit\/kit-tuyau-hydraulique-top-link-valve-type\/","title":{"rendered":"Kit de flexibles hydrauliques de type vanne de liaison sup\u00e9rieure"},"content":{"rendered":"<p>Kit tuyau hydraulique Top Link &#8211; DIN EN853 1SN DN10WP 180 Bar-SAE 100 R1 AT 3\/8&#8243; WP 2610 PSI &#8211; Longueur tuyau 28,4&#8243; &#8211; Pression de travail 2610 PSI<\/p>\n<p>Kit de flexibles pr\u00eat \u00e0 \u00eatre install\u00e9 sur le bras sup\u00e9rieur hydraulique. &#8211; 2 tuyaux avec raccord banjo 3\/8&#8243; BSP (se connecte au raccord BSP sur notre maillon sup\u00e9rieur) et raccord rapide de type valve 1\/2&#8243; &#8211;<\/p>\n<p>Remarque : Les raccords banjo permettent aux flexibles de s&#8217;embo\u00eeter facilement. La couleur standard du capuchon anti-poussi\u00e8re est le bleu<\/p>\n","protected":false},"excerpt":{"rendered":"<p>Kit tuyau hydraulique Top Link &#8211; DIN EN853 1SN DN10WP 180 Bar-SAE 100 R1 AT 3\/8&#8243; WP 2610 PSI &#8211; Longueur tuyau 28,4&#8243; &#8211; Pression de travail 2610 PSI Kit de flexibles pr\u00eat \u00e0 \u00eatre install\u00e9 sur le bras sup\u00e9rieur hydraulique. &#8211; 2 tuyaux avec raccord banjo 3\/8&#8243; BSP (se connecte au raccord BSP sur<\/p>\n<div class=\"klb-readmore\"><a class=\"main-btn\" href=\"https:\/\/hydropartsholland.com\/fr\/produit\/kit-tuyau-hydraulique-top-link-valve-type\/\">Read More<\/a><\/div>\n","protected":false},"featured_media":30993,"comment_status":"open","ping_status":"closed","template":"","meta":{"inline_featured_image":false},"product_cat":[604,605,606,607,608],"product_tag":[],"class_list":{"0":"post-31012","1":"product","2":"type-product","3":"status-publish","4":"has-post-thumbnail","6":"product_cat-cat-1-fr","7":"product_cat-cat-2","8":"product_cat-crochets-cat-1","9":"product_cat-crochets-cat-2","10":"product_cat-crochets-cat-3","12":"first","13":"instock","14":"taxable","15":"shipping-taxable","16":"purchasable","17":"product-type-simple"},"yoast_head":"<!-- This site is optimized with the Yoast SEO plugin v23.3 - https:\/\/yoast.com\/wordpress\/plugins\/seo\/ -->\n<title>Kit de flexibles hydrauliques de type vanne de liaison sup\u00e9rieure - Hydropartsholland<\/title>\n<meta name=\"robots\" content=\"index, follow, max-snippet:-1, max-image-preview:large, max-video-preview:-1\" \/>\n<link rel=\"canonical\" href=\"https:\/\/hydropartsholland.com\/fr\/produit\/kit-tuyau-hydraulique-top-link-valve-type\/\" \/>\n<meta property=\"og:locale\" content=\"fr_FR\" \/>\n<meta property=\"og:type\" content=\"article\" \/>\n<meta property=\"og:title\" content=\"Kit de flexibles hydrauliques de type vanne de liaison sup\u00e9rieure - Hydropartsholland\" \/>\n<meta property=\"og:description\" content=\"Kit tuyau hydraulique Top Link &#8211; DIN EN853 1SN DN10WP 180 Bar-SAE 100 R1 AT 3\/8&#8243; WP 2610 PSI &#8211; Longueur tuyau 28,4&#8243; &#8211; Pression de travail 2610 PSI Kit de flexibles pr\u00eat \u00e0 \u00eatre install\u00e9 sur le bras sup\u00e9rieur hydraulique. &#8211; 2 tuyaux avec raccord banjo 3\/8&#8243; BSP (se connecte au raccord BSP surRead More\" \/>\n<meta property=\"og:url\" content=\"https:\/\/hydropartsholland.com\/fr\/produit\/kit-tuyau-hydraulique-top-link-valve-type\/\" \/>\n<meta property=\"og:site_name\" content=\"Hydropartsholland\" \/>\n<meta property=\"article:modified_time\" content=\"2025-03-11T11:21:53+00:00\" \/>\n<meta property=\"og:image\" content=\"https:\/\/hydropartsholland.com\/wp-content\/uploads\/2023\/05\/DSCF6502-copy-3-scaled.jpg\" \/>\n\t<meta property=\"og:image:width\" content=\"2560\" \/>\n\t<meta property=\"og:image:height\" content=\"2560\" \/>\n\t<meta property=\"og:image:type\" content=\"image\/jpeg\" \/>\n<meta name=\"twitter:card\" content=\"summary_large_image\" \/>\n<meta name=\"twitter:label1\" content=\"Dur\u00e9e de lecture estim\u00e9e\" \/>\n\t<meta name=\"twitter:data1\" content=\"1 minute\" \/>\n<script type=\"application\/ld+json\" class=\"yoast-schema-graph\">{\"@context\":\"https:\/\/schema.org\",\"@graph\":[{\"@type\":\"WebPage\",\"@id\":\"https:\/\/hydropartsholland.com\/fr\/produit\/kit-tuyau-hydraulique-top-link-valve-type\/\",\"url\":\"https:\/\/hydropartsholland.com\/fr\/produit\/kit-tuyau-hydraulique-top-link-valve-type\/\",\"name\":\"Kit de flexibles hydrauliques de type vanne de liaison sup\u00e9rieure - Hydropartsholland\",\"isPartOf\":{\"@id\":\"https:\/\/hydropartsholland.com\/#website\"},\"primaryImageOfPage\":{\"@id\":\"https:\/\/hydropartsholland.com\/fr\/produit\/kit-tuyau-hydraulique-top-link-valve-type\/#primaryimage\"},\"image\":{\"@id\":\"https:\/\/hydropartsholland.com\/fr\/produit\/kit-tuyau-hydraulique-top-link-valve-type\/#primaryimage\"},\"thumbnailUrl\":\"https:\/\/hydropartsholland.com\/wp-content\/uploads\/2023\/05\/DSCF6502-copy-3-scaled.jpg\",\"datePublished\":\"2025-07-22T13:49:30+00:00\",\"dateModified\":\"2025-03-11T11:21:53+00:00\",\"breadcrumb\":{\"@id\":\"https:\/\/hydropartsholland.com\/fr\/produit\/kit-tuyau-hydraulique-top-link-valve-type\/#breadcrumb\"},\"inLanguage\":\"fr-FR\",\"potentialAction\":[{\"@type\":\"ReadAction\",\"target\":[\"https:\/\/hydropartsholland.com\/fr\/produit\/kit-tuyau-hydraulique-top-link-valve-type\/\"]}]},{\"@type\":\"ImageObject\",\"inLanguage\":\"fr-FR\",\"@id\":\"https:\/\/hydropartsholland.com\/fr\/produit\/kit-tuyau-hydraulique-top-link-valve-type\/#primaryimage\",\"url\":\"https:\/\/hydropartsholland.com\/wp-content\/uploads\/2023\/05\/DSCF6502-copy-3-scaled.jpg\",\"contentUrl\":\"https:\/\/hydropartsholland.com\/wp-content\/uploads\/2023\/05\/DSCF6502-copy-3-scaled.jpg\",\"width\":2560,\"height\":2560},{\"@type\":\"BreadcrumbList\",\"@id\":\"https:\/\/hydropartsholland.com\/fr\/produit\/kit-tuyau-hydraulique-top-link-valve-type\/#breadcrumb\",\"itemListElement\":[{\"@type\":\"ListItem\",\"position\":1,\"name\":\"Home\",\"item\":\"https:\/\/hydropartsholland.com\/\"},{\"@type\":\"ListItem\",\"position\":2,\"name\":\"Boutique\",\"item\":\"https:\/\/hydropartsholland.com\/fr\/boutique\/\"},{\"@type\":\"ListItem\",\"position\":3,\"name\":\"Kit de flexibles hydrauliques de type vanne de liaison sup\u00e9rieure\"}]},{\"@type\":\"WebSite\",\"@id\":\"https:\/\/hydropartsholland.com\/#website\",\"url\":\"https:\/\/hydropartsholland.com\/\",\"name\":\"Hydropartsholland\",\"description\":\"\",\"publisher\":{\"@id\":\"https:\/\/hydropartsholland.com\/#organization\"},\"potentialAction\":[{\"@type\":\"SearchAction\",\"target\":{\"@type\":\"EntryPoint\",\"urlTemplate\":\"https:\/\/hydropartsholland.com\/?s={search_term_string}\"},\"query-input\":\"required name=search_term_string\"}],\"inLanguage\":\"fr-FR\"},{\"@type\":\"Organization\",\"@id\":\"https:\/\/hydropartsholland.com\/#organization\",\"name\":\"Spare Parts Holland\",\"url\":\"https:\/\/hydropartsholland.com\/\",\"logo\":{\"@type\":\"ImageObject\",\"inLanguage\":\"fr-FR\",\"@id\":\"https:\/\/hydropartsholland.com\/#\/schema\/logo\/image\/\",\"url\":\"https:\/\/hydropartsholland.com\/wp-content\/uploads\/2022\/06\/spareparts-1.png\",\"contentUrl\":\"https:\/\/hydropartsholland.com\/wp-content\/uploads\/2022\/06\/spareparts-1.png\",\"width\":824,\"height\":685,\"caption\":\"Spare Parts Holland\"},\"image\":{\"@id\":\"https:\/\/hydropartsholland.com\/#\/schema\/logo\/image\/\"}}]}<\/script>\n<!-- \/ Yoast SEO plugin. -->","yoast_head_json":{"title":"Kit de flexibles hydrauliques de type vanne de liaison sup\u00e9rieure - Hydropartsholland","robots":{"index":"index","follow":"follow","max-snippet":"max-snippet:-1","max-image-preview":"max-image-preview:large","max-video-preview":"max-video-preview:-1"},"canonical":"https:\/\/hydropartsholland.com\/fr\/produit\/kit-tuyau-hydraulique-top-link-valve-type\/","og_locale":"fr_FR","og_type":"article","og_title":"Kit de flexibles hydrauliques de type vanne de liaison sup\u00e9rieure - Hydropartsholland","og_description":"Kit tuyau hydraulique Top Link &#8211; DIN EN853 1SN DN10WP 180 Bar-SAE 100 R1 AT 3\/8&#8243; WP 2610 PSI &#8211; Longueur tuyau 28,4&#8243; &#8211; Pression de travail 2610 PSI Kit de flexibles pr\u00eat \u00e0 \u00eatre install\u00e9 sur le bras sup\u00e9rieur hydraulique. &#8211; 2 tuyaux avec raccord banjo 3\/8&#8243; BSP (se connecte au raccord BSP surRead More","og_url":"https:\/\/hydropartsholland.com\/fr\/produit\/kit-tuyau-hydraulique-top-link-valve-type\/","og_site_name":"Hydropartsholland","article_modified_time":"2025-03-11T11:21:53+00:00","og_image":[{"width":2560,"height":2560,"url":"https:\/\/hydropartsholland.com\/wp-content\/uploads\/2023\/05\/DSCF6502-copy-3-scaled.jpg","type":"image\/jpeg"}],"twitter_card":"summary_large_image","twitter_misc":{"Dur\u00e9e de lecture estim\u00e9e":"1 minute"},"schema":{"@context":"https:\/\/schema.org","@graph":[{"@type":"WebPage","@id":"https:\/\/hydropartsholland.com\/fr\/produit\/kit-tuyau-hydraulique-top-link-valve-type\/","url":"https:\/\/hydropartsholland.com\/fr\/produit\/kit-tuyau-hydraulique-top-link-valve-type\/","name":"Kit de flexibles hydrauliques de type vanne de liaison sup\u00e9rieure - Hydropartsholland","isPartOf":{"@id":"https:\/\/hydropartsholland.com\/#website"},"primaryImageOfPage":{"@id":"https:\/\/hydropartsholland.com\/fr\/produit\/kit-tuyau-hydraulique-top-link-valve-type\/#primaryimage"},"image":{"@id":"https:\/\/hydropartsholland.com\/fr\/produit\/kit-tuyau-hydraulique-top-link-valve-type\/#primaryimage"},"thumbnailUrl":"https:\/\/hydropartsholland.com\/wp-content\/uploads\/2023\/05\/DSCF6502-copy-3-scaled.jpg","datePublished":"2025-07-22T13:49:30+00:00","dateModified":"2025-03-11T11:21:53+00:00","breadcrumb":{"@id":"https:\/\/hydropartsholland.com\/fr\/produit\/kit-tuyau-hydraulique-top-link-valve-type\/#breadcrumb"},"inLanguage":"fr-FR","potentialAction":[{"@type":"ReadAction","target":["https:\/\/hydropartsholland.com\/fr\/produit\/kit-tuyau-hydraulique-top-link-valve-type\/"]}]},{"@type":"ImageObject","inLanguage":"fr-FR","@id":"https:\/\/hydropartsholland.com\/fr\/produit\/kit-tuyau-hydraulique-top-link-valve-type\/#primaryimage","url":"https:\/\/hydropartsholland.com\/wp-content\/uploads\/2023\/05\/DSCF6502-copy-3-scaled.jpg","contentUrl":"https:\/\/hydropartsholland.com\/wp-content\/uploads\/2023\/05\/DSCF6502-copy-3-scaled.jpg","width":2560,"height":2560},{"@type":"BreadcrumbList","@id":"https:\/\/hydropartsholland.com\/fr\/produit\/kit-tuyau-hydraulique-top-link-valve-type\/#breadcrumb","itemListElement":[{"@type":"ListItem","position":1,"name":"Home","item":"https:\/\/hydropartsholland.com\/"},{"@type":"ListItem","position":2,"name":"Boutique","item":"https:\/\/hydropartsholland.com\/fr\/boutique\/"},{"@type":"ListItem","position":3,"name":"Kit de flexibles hydrauliques de type vanne de liaison sup\u00e9rieure"}]},{"@type":"WebSite","@id":"https:\/\/hydropartsholland.com\/#website","url":"https:\/\/hydropartsholland.com\/","name":"Hydropartsholland","description":"","publisher":{"@id":"https:\/\/hydropartsholland.com\/#organization"},"potentialAction":[{"@type":"SearchAction","target":{"@type":"EntryPoint","urlTemplate":"https:\/\/hydropartsholland.com\/?s={search_term_string}"},"query-input":"required name=search_term_string"}],"inLanguage":"fr-FR"},{"@type":"Organization","@id":"https:\/\/hydropartsholland.com\/#organization","name":"Spare Parts Holland","url":"https:\/\/hydropartsholland.com\/","logo":{"@type":"ImageObject","inLanguage":"fr-FR","@id":"https:\/\/hydropartsholland.com\/#\/schema\/logo\/image\/","url":"https:\/\/hydropartsholland.com\/wp-content\/uploads\/2022\/06\/spareparts-1.png","contentUrl":"https:\/\/hydropartsholland.com\/wp-content\/uploads\/2022\/06\/spareparts-1.png","width":824,"height":685,"caption":"Spare Parts Holland"},"image":{"@id":"https:\/\/hydropartsholland.com\/#\/schema\/logo\/image\/"}}]}},"_links":{"self":[{"href":"https:\/\/hydropartsholland.com\/fr\/wp-json\/wp\/v2\/product\/31012","targetHints":{"allow":["GET"]}}],"collection":[{"href":"https:\/\/hydropartsholland.com\/fr\/wp-json\/wp\/v2\/product"}],"about":[{"href":"https:\/\/hydropartsholland.com\/fr\/wp-json\/wp\/v2\/types\/product"}],"replies":[{"embeddable":true,"href":"https:\/\/hydropartsholland.com\/fr\/wp-json\/wp\/v2\/comments?post=31012"}],"wp:featuredmedia":[{"embeddable":true,"href":"https:\/\/hydropartsholland.com\/fr\/wp-json\/wp\/v2\/media\/30993"}],"wp:attachment":[{"href":"https:\/\/hydropartsholland.com\/fr\/wp-json\/wp\/v2\/media?parent=31012"}],"wp:term":[{"taxonomy":"product_cat","embeddable":true,"href":"https:\/\/hydropartsholland.com\/fr\/wp-json\/wp\/v2\/product_cat?post=31012"},{"taxonomy":"product_tag","embeddable":true,"href":"https:\/\/hydropartsholland.com\/fr\/wp-json\/wp\/v2\/product_tag?post=31012"}],"curies":[{"name":"wp","href":"https:\/\/api.w.org\/{rel}","templated":true}]}}