{"id":13875,"date":"2025-07-22T14:49:55","date_gmt":"2025-07-22T13:49:55","guid":{"rendered":"https:\/\/hydropartsholland.com\/product\/verin-hydraulique-a-double-effet-avec-extremites-de-tube-15-2-plusieurs-variantes\/"},"modified":"2025-03-11T12:23:40","modified_gmt":"2025-03-11T11:23:40","slug":"verin-hydraulique-double-effet-avec-embouts-de-tube","status":"publish","type":"product","link":"https:\/\/hydropartsholland.com\/fr\/produit\/verin-hydraulique-double-effet-avec-embouts-de-tube\/","title":{"rendered":"V\u00e9rin hydraulique \u00e0 double effet avec extr\u00e9mit\u00e9s de tube 1,5&#8243;- 2&#8243; (diff\u00e9rentes variantes)"},"content":{"rendered":"<p>V\u00e9rin hydraulique \u00e0 double effet. Cylindre hydraulique \u00e0 tube transversal, al\u00e9sage de 1,5&#8243; et 2&#8243; et diverses courses. V\u00e9rins hydrauliques universels (1,5&#215;12).<\/p>\n<ul class=\"a-unordered-list a-vertical a-spacing-mini\">\n<li><span class=\"a-list-item\">Ce v\u00e9rin hydraulique universel \u00e0 tube transversal est un remplacement parfait pour les chargeurs frontaux<\/span><\/li>\n<li><span class=\"a-list-item\">Tube : Tube \u00e9tir\u00e9 \u00e0 froid aiguis\u00e9 \u00e0 haute r\u00e9sistance<\/span><\/li>\n<li><span class=\"a-list-item\">Tige : tige chrom\u00e9e dure polie et rectifi\u00e9e \u00e0 haute r\u00e9sistance CK45<\/span><\/li>\n<li><span class=\"a-list-item\">Presse-\u00e9toupe : Presse-\u00e9toupe filet\u00e9 de pr\u00e9cision avec bagues d&#8217;usure pour une longue dur\u00e9e de vie<\/span><\/li>\n<li><span class=\"a-list-item\">Piston : acier \u00e0 haute r\u00e9sistance pour les applications lourdes<\/span><\/li>\n<li><span class=\"a-list-item\">Extr\u00e9mit\u00e9s de base : supports d&#8217;extr\u00e9mit\u00e9 en acier soud\u00e9 \u00e0 haute r\u00e9sistance<\/span><\/li>\n<li><span class=\"a-list-item\">Joints de piston : joints compacts \u00e0 cinq composants de qualit\u00e9 sup\u00e9rieure pour d&#8217;excellentes performances<\/span><\/li>\n<li><span class=\"a-list-item\">Joints de tige : joint de tige en polyur\u00e9thane standard avec joint torique int\u00e9rieur, bagues d&#8217;usure en POM-C et racleur en polyur\u00e9thane<\/span><\/li>\n<li><span class=\"a-list-item\">Pression : 3500PSI <\/span><\/li>\n<li><span class=\"a-list-item\">Couleur: Noire<\/span><\/li>\n<li><span class=\"a-list-item\">Ports : SAE 6 (patron de joint torique)<\/span><\/li>\n<li><span class=\"a-list-item\">Pression : 3500PSI<\/span><\/li>\n<li><span class=\"a-list-item\">Charge de la colonne : 5 300 LB, v\u00e9rin hydraulique soud\u00e9<\/span><\/li>\n<\/ul>\n<div class=\"a-row a-expander-container a-expander-inline-container\">\n<div class=\"a-expander-content a-expander-extend-content a-expander-content-expanded\" aria-expanded=\"true\"><\/div>\n<\/div>\n","protected":false},"excerpt":{"rendered":"<ul>\n<li><span class=\"a-list-item\">Ports : SAE 6 (patron de joint torique)<\/span><\/li>\n<li><span class=\"a-list-item\">Pression : 3500PSI<\/span><\/li>\n<li><span class=\"a-list-item\">Charge de la colonne : 5 300 LB<\/span><\/li>\n<li><span class=\"a-list-item\">V\u00e9rin hydraulique soud\u00e9<\/span><\/li>\n<\/ul>\n","protected":false},"featured_media":13683,"comment_status":"open","ping_status":"closed","template":"","meta":{"inline_featured_image":false},"product_cat":[2187],"product_tag":[],"class_list":{"0":"post-13875","1":"product","2":"type-product","3":"status-publish","4":"has-post-thumbnail","6":"product_cat-cylindres-hydrauliques","8":"first","9":"instock","10":"taxable","11":"shipping-taxable","12":"purchasable","13":"product-type-variable"},"yoast_head":"<!-- This site is optimized with the Yoast SEO plugin v23.3 - https:\/\/yoast.com\/wordpress\/plugins\/seo\/ -->\n<title>V\u00e9rin hydraulique \u00e0 double effet avec extr\u00e9mit\u00e9s de tube 1,5&quot;- 2&quot; (diff\u00e9rentes variantes) - Hydropartsholland<\/title>\n<meta name=\"description\" content=\"Nos v\u00e9rins hydrauliques sont fabriqu\u00e9s en acier de haute qualit\u00e9 et constituent une solution intelligente pour remplacer les v\u00e9rins d\u00e9fectueux.\" \/>\n<meta name=\"robots\" content=\"index, follow, max-snippet:-1, max-image-preview:large, max-video-preview:-1\" \/>\n<link rel=\"canonical\" href=\"https:\/\/hydropartsholland.com\/fr\/produit\/verin-hydraulique-double-effet-avec-embouts-de-tube\/\" \/>\n<meta property=\"og:locale\" content=\"fr_FR\" \/>\n<meta property=\"og:type\" content=\"article\" \/>\n<meta property=\"og:title\" content=\"V\u00e9rin hydraulique \u00e0 double effet avec extr\u00e9mit\u00e9s de tube 1,5&quot;- 2&quot; (diff\u00e9rentes variantes) - Hydropartsholland\" \/>\n<meta property=\"og:description\" content=\"Nos v\u00e9rins hydrauliques sont fabriqu\u00e9s en acier de haute qualit\u00e9 et constituent une solution intelligente pour remplacer les v\u00e9rins d\u00e9fectueux.\" \/>\n<meta property=\"og:url\" content=\"https:\/\/hydropartsholland.com\/fr\/produit\/verin-hydraulique-double-effet-avec-embouts-de-tube\/\" \/>\n<meta property=\"og:site_name\" content=\"Hydropartsholland\" \/>\n<meta property=\"article:modified_time\" content=\"2025-03-11T11:23:40+00:00\" \/>\n<meta property=\"og:image\" content=\"https:\/\/hydropartsholland.com\/wp-content\/uploads\/2023\/01\/41DnmWoGmNL.jpg\" \/>\n\t<meta property=\"og:image:width\" content=\"817\" \/>\n\t<meta property=\"og:image:height\" content=\"802\" \/>\n\t<meta property=\"og:image:type\" content=\"image\/jpeg\" \/>\n<meta name=\"twitter:card\" content=\"summary_large_image\" \/>\n<meta name=\"twitter:label1\" content=\"Dur\u00e9e de lecture estim\u00e9e\" \/>\n\t<meta name=\"twitter:data1\" content=\"1 minute\" \/>\n<script type=\"application\/ld+json\" class=\"yoast-schema-graph\">{\"@context\":\"https:\/\/schema.org\",\"@graph\":[{\"@type\":\"WebPage\",\"@id\":\"https:\/\/hydropartsholland.com\/fr\/produit\/verin-hydraulique-double-effet-avec-embouts-de-tube\/\",\"url\":\"https:\/\/hydropartsholland.com\/fr\/produit\/verin-hydraulique-double-effet-avec-embouts-de-tube\/\",\"name\":\"V\u00e9rin hydraulique \u00e0 double effet avec extr\u00e9mit\u00e9s de tube 1,5\\\"- 2\\\" (diff\u00e9rentes variantes) - Hydropartsholland\",\"isPartOf\":{\"@id\":\"https:\/\/hydropartsholland.com\/#website\"},\"primaryImageOfPage\":{\"@id\":\"https:\/\/hydropartsholland.com\/fr\/produit\/verin-hydraulique-double-effet-avec-embouts-de-tube\/#primaryimage\"},\"image\":{\"@id\":\"https:\/\/hydropartsholland.com\/fr\/produit\/verin-hydraulique-double-effet-avec-embouts-de-tube\/#primaryimage\"},\"thumbnailUrl\":\"https:\/\/hydropartsholland.com\/wp-content\/uploads\/2023\/01\/41DnmWoGmNL.jpg\",\"datePublished\":\"2025-07-22T13:49:55+00:00\",\"dateModified\":\"2025-03-11T11:23:40+00:00\",\"description\":\"Nos v\u00e9rins hydrauliques sont fabriqu\u00e9s en acier de haute qualit\u00e9 et constituent une solution intelligente pour remplacer les v\u00e9rins d\u00e9fectueux.\",\"breadcrumb\":{\"@id\":\"https:\/\/hydropartsholland.com\/fr\/produit\/verin-hydraulique-double-effet-avec-embouts-de-tube\/#breadcrumb\"},\"inLanguage\":\"fr-FR\",\"potentialAction\":[{\"@type\":\"ReadAction\",\"target\":[\"https:\/\/hydropartsholland.com\/fr\/produit\/verin-hydraulique-double-effet-avec-embouts-de-tube\/\"]}]},{\"@type\":\"ImageObject\",\"inLanguage\":\"fr-FR\",\"@id\":\"https:\/\/hydropartsholland.com\/fr\/produit\/verin-hydraulique-double-effet-avec-embouts-de-tube\/#primaryimage\",\"url\":\"https:\/\/hydropartsholland.com\/wp-content\/uploads\/2023\/01\/41DnmWoGmNL.jpg\",\"contentUrl\":\"https:\/\/hydropartsholland.com\/wp-content\/uploads\/2023\/01\/41DnmWoGmNL.jpg\",\"width\":817,\"height\":802},{\"@type\":\"BreadcrumbList\",\"@id\":\"https:\/\/hydropartsholland.com\/fr\/produit\/verin-hydraulique-double-effet-avec-embouts-de-tube\/#breadcrumb\",\"itemListElement\":[{\"@type\":\"ListItem\",\"position\":1,\"name\":\"Home\",\"item\":\"https:\/\/hydropartsholland.com\/\"},{\"@type\":\"ListItem\",\"position\":2,\"name\":\"Boutique\",\"item\":\"https:\/\/hydropartsholland.com\/fr\/boutique\/\"},{\"@type\":\"ListItem\",\"position\":3,\"name\":\"V\u00e9rin hydraulique \u00e0 double effet avec extr\u00e9mit\u00e9s de tube 1,5&#8243;- 2&#8243; (diff\u00e9rentes variantes)\"}]},{\"@type\":\"WebSite\",\"@id\":\"https:\/\/hydropartsholland.com\/#website\",\"url\":\"https:\/\/hydropartsholland.com\/\",\"name\":\"Hydropartsholland\",\"description\":\"\",\"publisher\":{\"@id\":\"https:\/\/hydropartsholland.com\/#organization\"},\"potentialAction\":[{\"@type\":\"SearchAction\",\"target\":{\"@type\":\"EntryPoint\",\"urlTemplate\":\"https:\/\/hydropartsholland.com\/?s={search_term_string}\"},\"query-input\":\"required name=search_term_string\"}],\"inLanguage\":\"fr-FR\"},{\"@type\":\"Organization\",\"@id\":\"https:\/\/hydropartsholland.com\/#organization\",\"name\":\"Spare Parts Holland\",\"url\":\"https:\/\/hydropartsholland.com\/\",\"logo\":{\"@type\":\"ImageObject\",\"inLanguage\":\"fr-FR\",\"@id\":\"https:\/\/hydropartsholland.com\/#\/schema\/logo\/image\/\",\"url\":\"https:\/\/hydropartsholland.com\/wp-content\/uploads\/2022\/06\/spareparts-1.png\",\"contentUrl\":\"https:\/\/hydropartsholland.com\/wp-content\/uploads\/2022\/06\/spareparts-1.png\",\"width\":824,\"height\":685,\"caption\":\"Spare Parts Holland\"},\"image\":{\"@id\":\"https:\/\/hydropartsholland.com\/#\/schema\/logo\/image\/\"}}]}<\/script>\n<!-- \/ Yoast SEO plugin. -->","yoast_head_json":{"title":"V\u00e9rin hydraulique \u00e0 double effet avec extr\u00e9mit\u00e9s de tube 1,5\"- 2\" (diff\u00e9rentes variantes) - Hydropartsholland","description":"Nos v\u00e9rins hydrauliques sont fabriqu\u00e9s en acier de haute qualit\u00e9 et constituent une solution intelligente pour remplacer les v\u00e9rins d\u00e9fectueux.","robots":{"index":"index","follow":"follow","max-snippet":"max-snippet:-1","max-image-preview":"max-image-preview:large","max-video-preview":"max-video-preview:-1"},"canonical":"https:\/\/hydropartsholland.com\/fr\/produit\/verin-hydraulique-double-effet-avec-embouts-de-tube\/","og_locale":"fr_FR","og_type":"article","og_title":"V\u00e9rin hydraulique \u00e0 double effet avec extr\u00e9mit\u00e9s de tube 1,5\"- 2\" (diff\u00e9rentes variantes) - Hydropartsholland","og_description":"Nos v\u00e9rins hydrauliques sont fabriqu\u00e9s en acier de haute qualit\u00e9 et constituent une solution intelligente pour remplacer les v\u00e9rins d\u00e9fectueux.","og_url":"https:\/\/hydropartsholland.com\/fr\/produit\/verin-hydraulique-double-effet-avec-embouts-de-tube\/","og_site_name":"Hydropartsholland","article_modified_time":"2025-03-11T11:23:40+00:00","og_image":[{"width":817,"height":802,"url":"https:\/\/hydropartsholland.com\/wp-content\/uploads\/2023\/01\/41DnmWoGmNL.jpg","type":"image\/jpeg"}],"twitter_card":"summary_large_image","twitter_misc":{"Dur\u00e9e de lecture estim\u00e9e":"1 minute"},"schema":{"@context":"https:\/\/schema.org","@graph":[{"@type":"WebPage","@id":"https:\/\/hydropartsholland.com\/fr\/produit\/verin-hydraulique-double-effet-avec-embouts-de-tube\/","url":"https:\/\/hydropartsholland.com\/fr\/produit\/verin-hydraulique-double-effet-avec-embouts-de-tube\/","name":"V\u00e9rin hydraulique \u00e0 double effet avec extr\u00e9mit\u00e9s de tube 1,5\"- 2\" (diff\u00e9rentes variantes) - Hydropartsholland","isPartOf":{"@id":"https:\/\/hydropartsholland.com\/#website"},"primaryImageOfPage":{"@id":"https:\/\/hydropartsholland.com\/fr\/produit\/verin-hydraulique-double-effet-avec-embouts-de-tube\/#primaryimage"},"image":{"@id":"https:\/\/hydropartsholland.com\/fr\/produit\/verin-hydraulique-double-effet-avec-embouts-de-tube\/#primaryimage"},"thumbnailUrl":"https:\/\/hydropartsholland.com\/wp-content\/uploads\/2023\/01\/41DnmWoGmNL.jpg","datePublished":"2025-07-22T13:49:55+00:00","dateModified":"2025-03-11T11:23:40+00:00","description":"Nos v\u00e9rins hydrauliques sont fabriqu\u00e9s en acier de haute qualit\u00e9 et constituent une solution intelligente pour remplacer les v\u00e9rins d\u00e9fectueux.","breadcrumb":{"@id":"https:\/\/hydropartsholland.com\/fr\/produit\/verin-hydraulique-double-effet-avec-embouts-de-tube\/#breadcrumb"},"inLanguage":"fr-FR","potentialAction":[{"@type":"ReadAction","target":["https:\/\/hydropartsholland.com\/fr\/produit\/verin-hydraulique-double-effet-avec-embouts-de-tube\/"]}]},{"@type":"ImageObject","inLanguage":"fr-FR","@id":"https:\/\/hydropartsholland.com\/fr\/produit\/verin-hydraulique-double-effet-avec-embouts-de-tube\/#primaryimage","url":"https:\/\/hydropartsholland.com\/wp-content\/uploads\/2023\/01\/41DnmWoGmNL.jpg","contentUrl":"https:\/\/hydropartsholland.com\/wp-content\/uploads\/2023\/01\/41DnmWoGmNL.jpg","width":817,"height":802},{"@type":"BreadcrumbList","@id":"https:\/\/hydropartsholland.com\/fr\/produit\/verin-hydraulique-double-effet-avec-embouts-de-tube\/#breadcrumb","itemListElement":[{"@type":"ListItem","position":1,"name":"Home","item":"https:\/\/hydropartsholland.com\/"},{"@type":"ListItem","position":2,"name":"Boutique","item":"https:\/\/hydropartsholland.com\/fr\/boutique\/"},{"@type":"ListItem","position":3,"name":"V\u00e9rin hydraulique \u00e0 double effet avec extr\u00e9mit\u00e9s de tube 1,5&#8243;- 2&#8243; (diff\u00e9rentes variantes)"}]},{"@type":"WebSite","@id":"https:\/\/hydropartsholland.com\/#website","url":"https:\/\/hydropartsholland.com\/","name":"Hydropartsholland","description":"","publisher":{"@id":"https:\/\/hydropartsholland.com\/#organization"},"potentialAction":[{"@type":"SearchAction","target":{"@type":"EntryPoint","urlTemplate":"https:\/\/hydropartsholland.com\/?s={search_term_string}"},"query-input":"required name=search_term_string"}],"inLanguage":"fr-FR"},{"@type":"Organization","@id":"https:\/\/hydropartsholland.com\/#organization","name":"Spare Parts Holland","url":"https:\/\/hydropartsholland.com\/","logo":{"@type":"ImageObject","inLanguage":"fr-FR","@id":"https:\/\/hydropartsholland.com\/#\/schema\/logo\/image\/","url":"https:\/\/hydropartsholland.com\/wp-content\/uploads\/2022\/06\/spareparts-1.png","contentUrl":"https:\/\/hydropartsholland.com\/wp-content\/uploads\/2022\/06\/spareparts-1.png","width":824,"height":685,"caption":"Spare Parts Holland"},"image":{"@id":"https:\/\/hydropartsholland.com\/#\/schema\/logo\/image\/"}}]}},"_links":{"self":[{"href":"https:\/\/hydropartsholland.com\/fr\/wp-json\/wp\/v2\/product\/13875","targetHints":{"allow":["GET"]}}],"collection":[{"href":"https:\/\/hydropartsholland.com\/fr\/wp-json\/wp\/v2\/product"}],"about":[{"href":"https:\/\/hydropartsholland.com\/fr\/wp-json\/wp\/v2\/types\/product"}],"replies":[{"embeddable":true,"href":"https:\/\/hydropartsholland.com\/fr\/wp-json\/wp\/v2\/comments?post=13875"}],"wp:featuredmedia":[{"embeddable":true,"href":"https:\/\/hydropartsholland.com\/fr\/wp-json\/wp\/v2\/media\/13683"}],"wp:attachment":[{"href":"https:\/\/hydropartsholland.com\/fr\/wp-json\/wp\/v2\/media?parent=13875"}],"wp:term":[{"taxonomy":"product_cat","embeddable":true,"href":"https:\/\/hydropartsholland.com\/fr\/wp-json\/wp\/v2\/product_cat?post=13875"},{"taxonomy":"product_tag","embeddable":true,"href":"https:\/\/hydropartsholland.com\/fr\/wp-json\/wp\/v2\/product_tag?post=13875"}],"curies":[{"name":"wp","href":"https:\/\/api.w.org\/{rel}","templated":true}]}}