{"id":4974,"date":"2022-03-10T10:35:03","date_gmt":"2022-03-10T09:35:03","guid":{"rendered":"https:\/\/hydropartsholland.com\/politique-de-confidentialite\/"},"modified":"2023-04-21T13:59:38","modified_gmt":"2023-04-21T12:59:38","slug":"politique-de-confidentialite","status":"publish","type":"page","link":"https:\/\/hydropartsholland.com\/fr\/politique-de-confidentialite\/","title":{"rendered":"Politique de confidentialit\u00e9"},"content":{"rendered":"<p>Nous sommes conscients que vous nous accordez votre confiance. Nous consid\u00e9rons qu&#8217;il est de notre responsabilit\u00e9 de prot\u00e9ger votre vie priv\u00e9e. Sur cette page, nous vous ferons savoir quelles informations nous collectons lorsque vous utilisez notre site Web, pourquoi nous les collectons et comment nous les utilisons pour am\u00e9liorer votre exp\u00e9rience utilisateur. Ainsi, vous comprendrez exactement comment nous travaillons.<\/p><p>Cette politique de confidentialit\u00e9 s&#8217;applique aux services de sparepartsholland.com. Vous devez savoir que Sparepartsholland.com n&#8217;est pas responsable des politiques de confidentialit\u00e9 des autres sites et sources. En utilisant ce site Web, vous indiquez votre acceptation de cette politique de confidentialit\u00e9. Sparepartsholland.com respecte la vie priv\u00e9e de tous les utilisateurs de son site et veille \u00e0 ce que les informations personnelles que vous fournissez soient trait\u00e9es de mani\u00e8re confidentielle.<\/p><h2 class=\"wp-block-heading\">Utilisation de nos services<\/h2><p>Lorsque vous vous inscrivez \u00e0 l&#8217;un de nos services, nous vous demandons de fournir des informations personnelles. Ces donn\u00e9es seront utilis\u00e9es pour effectuer le service. Les donn\u00e9es sont stock\u00e9es sur les propres serveurs s\u00e9curis\u00e9s de Sparepartsholland.com ou sur ceux d&#8217;un tiers. Nous ne combinerons pas ces donn\u00e9es avec d&#8217;autres donn\u00e9es personnelles que nous pourrions avoir \u00e0 notre disposition.<\/p><h2 class=\"wp-block-heading\">Communication<\/h2><p>Lorsque vous nous envoyez des e-mails ou d&#8217;autres messages, nous pouvons conserver ces messages. Parfois, nous vous demanderons vos informations personnelles pertinentes \u00e0 la situation en question. Cela nous permet de traiter vos questions et de r\u00e9pondre \u00e0 vos demandes. Les donn\u00e9es sont stock\u00e9es sur les propres serveurs s\u00e9curis\u00e9s de Sparepartsholland.com ou sur ceux d&#8217;un tiers. Nous ne combinerons pas ces donn\u00e9es avec d&#8217;autres donn\u00e9es personnelles \u00e0 notre disposition.<\/p><h2 class=\"wp-block-heading\">Cookies<\/h2><p>Nous recueillons des donn\u00e9es \u00e0 des fins de recherche afin de mieux comprendre nos clients afin de pouvoir adapter nos services en cons\u00e9quence.<\/p><p>Ce site Web utilise des \u00ab cookies \u00bb (petits fichiers texte plac\u00e9s sur votre ordinateur) pour aider le site Web \u00e0 analyser la fa\u00e7on dont les utilisateurs utilisent le site. Les informations g\u00e9n\u00e9r\u00e9es par le cookie concernant votre utilisation du site Web peuvent \u00eatre transf\u00e9r\u00e9es aux propres serveurs s\u00e9curis\u00e9s de Sparepartsholland.com ou \u00e0 ceux d&#8217;un tiers. Nous utilisons ces informations pour suivre votre utilisation du site Web, pour compiler des rapports sur l&#8217;activit\u00e9 du site Web et pour fournir d&#8217;autres services li\u00e9s \u00e0 l&#8217;activit\u00e9 du site Web et \u00e0 l&#8217;utilisation d&#8217;Internet.<\/p><h2 class=\"wp-block-heading\">Objectifs<\/h2><p>Nous ne collectons ni n&#8217;utilisons d&#8217;informations \u00e0 des fins autres que celles d\u00e9crites dans la pr\u00e9sente politique de confidentialit\u00e9, sauf si nous avons obtenu votre consentement pr\u00e9alable.<\/p><h2 class=\"wp-block-heading\">Tiers<\/h2><p>Les informations ne sont pas partag\u00e9es avec des tiers. Dans certains cas, les informations peuvent \u00eatre partag\u00e9es en interne. Nos employ\u00e9s sont tenus de respecter la confidentialit\u00e9 de vos informations.<\/p><h2 class=\"wp-block-heading\">Changements<\/h2><p>Cette d\u00e9claration de confidentialit\u00e9 est adapt\u00e9e \u00e0 l&#8217;utilisation et aux possibilit\u00e9s de ce site. Tout ajustement et\/ou modification de ce site peut entra\u00eener des modifications de cette d\u00e9claration de confidentialit\u00e9. Il est donc conseill\u00e9 de consulter r\u00e9guli\u00e8rement cette d\u00e9claration de confidentialit\u00e9.<\/p><h2 class=\"wp-block-heading\">Choix pour les donn\u00e9es personnelles<\/h2><p>Nous offrons \u00e0 tous les visiteurs la possibilit\u00e9 d&#8217;afficher, de modifier ou de supprimer toute information personnelle qui nous est actuellement fournie.<\/p><h2 class=\"wp-block-heading\">Modifier \/ d\u00e9sinscrire la newsletter du service<\/h2><p>Au bas de chaque mailing, vous trouverez la possibilit\u00e9 de modifier vos coordonn\u00e9es ou de vous d\u00e9sinscrire.<\/p><h2 class=\"wp-block-heading\">Modifier\/d\u00e9sabonner la communication<\/h2><p>Si vous souhaitez modifier vos donn\u00e9es ou vous faire supprimer de nos fichiers, veuillez nous contacter. Voir les coordonn\u00e9es ci-dessous.<\/p><h2 class=\"wp-block-heading\">D\u00e9sactiver les cookies<\/h2><p>Par d\u00e9faut, la plupart des navigateurs sont configur\u00e9s pour accepter les cookies, mais vous pouvez r\u00e9initialiser votre navigateur pour refuser tous les cookies ou pour indiquer quand un cookie est envoy\u00e9. Cependant, certaines fonctionnalit\u00e9s et certains services, sur nos sites Web et sur d&#8217;autres, peuvent ne pas fonctionner correctement si les cookies sont d\u00e9sactiv\u00e9s dans votre navigateur.<\/p><h2 class=\"wp-block-heading\">Questions et commentaires<\/h2><p>Nous v\u00e9rifions r\u00e9guli\u00e8rement que nous respectons cette politique de confidentialit\u00e9. Si vous avez des questions concernant cette politique de confidentialit\u00e9, veuillez nous contacter :<\/p><p><strong>Sparepartsholland.com<\/strong><\/p><p>Fluitersweg 170, 7317BS Apeldoorn (NL)<\/p><p><a href=\"mailto:support@sparepartsholland.com\">support@sparepartsholland.com<\/a><\/p>","protected":false},"excerpt":{"rendered":"<p>Nous sommes conscients que vous nous accordez votre confiance. Nous consid\u00e9rons qu&#8217;il est de notre responsabilit\u00e9 de prot\u00e9ger votre vie priv\u00e9e. Sur cette page, nous vous ferons savoir quelles informations nous collectons lorsque vous utilisez notre site Web, pourquoi nous les collectons et comment nous les utilisons pour am\u00e9liorer votre exp\u00e9rience utilisateur. Ainsi, vous comprendrez<\/p>\n<div class=\"klb-readmore\"><a class=\"main-btn\" href=\"https:\/\/hydropartsholland.com\/fr\/politique-de-confidentialite\/\">Read More<\/a><\/div>\n","protected":false},"author":3,"featured_media":0,"parent":0,"menu_order":0,"comment_status":"closed","ping_status":"open","template":"","meta":{"inline_featured_image":false,"footnotes":""},"class_list":["post-4974","page","type-page","status-publish","hentry"],"yoast_head":"<!-- This site is optimized with the Yoast SEO plugin v23.3 - https:\/\/yoast.com\/wordpress\/plugins\/seo\/ -->\n<title>Politique de confidentialit\u00e9 - Hydropartsholland<\/title>\n<meta name=\"robots\" content=\"index, follow, max-snippet:-1, max-image-preview:large, max-video-preview:-1\" \/>\n<link rel=\"canonical\" href=\"https:\/\/hydropartsholland.com\/fr\/politique-de-confidentialite\/\" \/>\n<meta property=\"og:locale\" content=\"fr_FR\" \/>\n<meta property=\"og:type\" content=\"article\" \/>\n<meta property=\"og:title\" content=\"Politique de confidentialit\u00e9 - Hydropartsholland\" \/>\n<meta property=\"og:description\" content=\"Nous sommes conscients que vous nous accordez votre confiance. Nous consid\u00e9rons qu&#8217;il est de notre responsabilit\u00e9 de prot\u00e9ger votre vie priv\u00e9e. Sur cette page, nous vous ferons savoir quelles informations nous collectons lorsque vous utilisez notre site Web, pourquoi nous les collectons et comment nous les utilisons pour am\u00e9liorer votre exp\u00e9rience utilisateur. Ainsi, vous comprendrezRead More\" \/>\n<meta property=\"og:url\" content=\"https:\/\/hydropartsholland.com\/fr\/politique-de-confidentialite\/\" \/>\n<meta property=\"og:site_name\" content=\"Hydropartsholland\" \/>\n<meta property=\"article:modified_time\" content=\"2023-04-21T12:59:38+00:00\" \/>\n<meta name=\"twitter:card\" content=\"summary_large_image\" \/>\n<meta name=\"twitter:label1\" content=\"Dur\u00e9e de lecture estim\u00e9e\" \/>\n\t<meta name=\"twitter:data1\" content=\"3 minutes\" \/>\n<script type=\"application\/ld+json\" class=\"yoast-schema-graph\">{\"@context\":\"https:\/\/schema.org\",\"@graph\":[{\"@type\":\"WebPage\",\"@id\":\"https:\/\/hydropartsholland.com\/fr\/politique-de-confidentialite\/\",\"url\":\"https:\/\/hydropartsholland.com\/fr\/politique-de-confidentialite\/\",\"name\":\"Politique de confidentialit\u00e9 - Hydropartsholland\",\"isPartOf\":{\"@id\":\"https:\/\/hydropartsholland.com\/#website\"},\"datePublished\":\"2022-03-10T09:35:03+00:00\",\"dateModified\":\"2023-04-21T12:59:38+00:00\",\"breadcrumb\":{\"@id\":\"https:\/\/hydropartsholland.com\/fr\/politique-de-confidentialite\/#breadcrumb\"},\"inLanguage\":\"fr-FR\",\"potentialAction\":[{\"@type\":\"ReadAction\",\"target\":[\"https:\/\/hydropartsholland.com\/fr\/politique-de-confidentialite\/\"]}]},{\"@type\":\"BreadcrumbList\",\"@id\":\"https:\/\/hydropartsholland.com\/fr\/politique-de-confidentialite\/#breadcrumb\",\"itemListElement\":[{\"@type\":\"ListItem\",\"position\":1,\"name\":\"Home\",\"item\":\"https:\/\/hydropartsholland.com\/\"},{\"@type\":\"ListItem\",\"position\":2,\"name\":\"Politique de confidentialit\u00e9\"}]},{\"@type\":\"WebSite\",\"@id\":\"https:\/\/hydropartsholland.com\/#website\",\"url\":\"https:\/\/hydropartsholland.com\/\",\"name\":\"Hydropartsholland\",\"description\":\"\",\"publisher\":{\"@id\":\"https:\/\/hydropartsholland.com\/#organization\"},\"potentialAction\":[{\"@type\":\"SearchAction\",\"target\":{\"@type\":\"EntryPoint\",\"urlTemplate\":\"https:\/\/hydropartsholland.com\/?s={search_term_string}\"},\"query-input\":\"required name=search_term_string\"}],\"inLanguage\":\"fr-FR\"},{\"@type\":\"Organization\",\"@id\":\"https:\/\/hydropartsholland.com\/#organization\",\"name\":\"Spare Parts Holland\",\"url\":\"https:\/\/hydropartsholland.com\/\",\"logo\":{\"@type\":\"ImageObject\",\"inLanguage\":\"fr-FR\",\"@id\":\"https:\/\/hydropartsholland.com\/#\/schema\/logo\/image\/\",\"url\":\"https:\/\/hydropartsholland.com\/wp-content\/uploads\/2022\/06\/spareparts-1.png\",\"contentUrl\":\"https:\/\/hydropartsholland.com\/wp-content\/uploads\/2022\/06\/spareparts-1.png\",\"width\":824,\"height\":685,\"caption\":\"Spare Parts Holland\"},\"image\":{\"@id\":\"https:\/\/hydropartsholland.com\/#\/schema\/logo\/image\/\"}}]}<\/script>\n<!-- \/ Yoast SEO plugin. -->","yoast_head_json":{"title":"Politique de confidentialit\u00e9 - Hydropartsholland","robots":{"index":"index","follow":"follow","max-snippet":"max-snippet:-1","max-image-preview":"max-image-preview:large","max-video-preview":"max-video-preview:-1"},"canonical":"https:\/\/hydropartsholland.com\/fr\/politique-de-confidentialite\/","og_locale":"fr_FR","og_type":"article","og_title":"Politique de confidentialit\u00e9 - Hydropartsholland","og_description":"Nous sommes conscients que vous nous accordez votre confiance. Nous consid\u00e9rons qu&#8217;il est de notre responsabilit\u00e9 de prot\u00e9ger votre vie priv\u00e9e. Sur cette page, nous vous ferons savoir quelles informations nous collectons lorsque vous utilisez notre site Web, pourquoi nous les collectons et comment nous les utilisons pour am\u00e9liorer votre exp\u00e9rience utilisateur. Ainsi, vous comprendrezRead More","og_url":"https:\/\/hydropartsholland.com\/fr\/politique-de-confidentialite\/","og_site_name":"Hydropartsholland","article_modified_time":"2023-04-21T12:59:38+00:00","twitter_card":"summary_large_image","twitter_misc":{"Dur\u00e9e de lecture estim\u00e9e":"3 minutes"},"schema":{"@context":"https:\/\/schema.org","@graph":[{"@type":"WebPage","@id":"https:\/\/hydropartsholland.com\/fr\/politique-de-confidentialite\/","url":"https:\/\/hydropartsholland.com\/fr\/politique-de-confidentialite\/","name":"Politique de confidentialit\u00e9 - Hydropartsholland","isPartOf":{"@id":"https:\/\/hydropartsholland.com\/#website"},"datePublished":"2022-03-10T09:35:03+00:00","dateModified":"2023-04-21T12:59:38+00:00","breadcrumb":{"@id":"https:\/\/hydropartsholland.com\/fr\/politique-de-confidentialite\/#breadcrumb"},"inLanguage":"fr-FR","potentialAction":[{"@type":"ReadAction","target":["https:\/\/hydropartsholland.com\/fr\/politique-de-confidentialite\/"]}]},{"@type":"BreadcrumbList","@id":"https:\/\/hydropartsholland.com\/fr\/politique-de-confidentialite\/#breadcrumb","itemListElement":[{"@type":"ListItem","position":1,"name":"Home","item":"https:\/\/hydropartsholland.com\/"},{"@type":"ListItem","position":2,"name":"Politique de confidentialit\u00e9"}]},{"@type":"WebSite","@id":"https:\/\/hydropartsholland.com\/#website","url":"https:\/\/hydropartsholland.com\/","name":"Hydropartsholland","description":"","publisher":{"@id":"https:\/\/hydropartsholland.com\/#organization"},"potentialAction":[{"@type":"SearchAction","target":{"@type":"EntryPoint","urlTemplate":"https:\/\/hydropartsholland.com\/?s={search_term_string}"},"query-input":"required name=search_term_string"}],"inLanguage":"fr-FR"},{"@type":"Organization","@id":"https:\/\/hydropartsholland.com\/#organization","name":"Spare Parts Holland","url":"https:\/\/hydropartsholland.com\/","logo":{"@type":"ImageObject","inLanguage":"fr-FR","@id":"https:\/\/hydropartsholland.com\/#\/schema\/logo\/image\/","url":"https:\/\/hydropartsholland.com\/wp-content\/uploads\/2022\/06\/spareparts-1.png","contentUrl":"https:\/\/hydropartsholland.com\/wp-content\/uploads\/2022\/06\/spareparts-1.png","width":824,"height":685,"caption":"Spare Parts Holland"},"image":{"@id":"https:\/\/hydropartsholland.com\/#\/schema\/logo\/image\/"}}]}},"_links":{"self":[{"href":"https:\/\/hydropartsholland.com\/fr\/wp-json\/wp\/v2\/pages\/4974","targetHints":{"allow":["GET"]}}],"collection":[{"href":"https:\/\/hydropartsholland.com\/fr\/wp-json\/wp\/v2\/pages"}],"about":[{"href":"https:\/\/hydropartsholland.com\/fr\/wp-json\/wp\/v2\/types\/page"}],"author":[{"embeddable":true,"href":"https:\/\/hydropartsholland.com\/fr\/wp-json\/wp\/v2\/users\/3"}],"replies":[{"embeddable":true,"href":"https:\/\/hydropartsholland.com\/fr\/wp-json\/wp\/v2\/comments?post=4974"}],"version-history":[{"count":2,"href":"https:\/\/hydropartsholland.com\/fr\/wp-json\/wp\/v2\/pages\/4974\/revisions"}],"predecessor-version":[{"id":25346,"href":"https:\/\/hydropartsholland.com\/fr\/wp-json\/wp\/v2\/pages\/4974\/revisions\/25346"}],"wp:attachment":[{"href":"https:\/\/hydropartsholland.com\/fr\/wp-json\/wp\/v2\/media?parent=4974"}],"curies":[{"name":"wp","href":"https:\/\/api.w.org\/{rel}","templated":true}]}}