{"id":8374,"date":"2025-07-22T14:50:18","date_gmt":"2025-07-22T13:50:18","guid":{"rendered":"https:\/\/hydropartsholland.com\/product\/gancho-de-captura-del-eslabon-inferior-cat-1-conjunto-de-acoplador-rapido-cambio-rapido\/"},"modified":"2025-03-11T12:23:53","modified_gmt":"2025-03-11T11:23:53","slug":"enganche-rapido-para-soldar-cat-1","status":"publish","type":"product","link":"https:\/\/hydropartsholland.com\/es\/producto\/enganche-rapido-para-soldar-cat-1\/","title":{"rendered":"Enganche R\u00e1pido para Soldar Cat 1"},"content":{"rendered":"<p>Enganche r\u00e1pido para soldar Cat 1.<\/p>\n<p>Absolutamente ning\u00fan otro acoplador r\u00e1pido le brinda tanta flexibilidad para todos sus implementos, categor\u00eda #1<br \/>\nAhorro de tiempo: no se requieren modificaciones en el tractor o el implemento<\/p>\n<p>FLEXIBLE: el eslab\u00f3n superior se mantiene flexible para cortac\u00e9spedes, desbrozadoras y otros implementos<br \/>\nDURADERO Y ACCESIBLE: conecta f\u00e1cilmente dispositivos que no est\u00e1n estacionados. Acepta excavadora para postes<br \/>\nRequiere un brazo de elevaci\u00f3n recto de 5 cm en el extremo<\/p>\n<p>Establecer contenido:<\/p>\n<p>2x ganchos de enlace inferior (completos con tornillos + tuercas, etc.)<br \/>\n1x estabilizador<br \/>\n2x caja de llenado de 6 mm<br \/>\n2 bloques de relleno de 10 mm<br \/>\n2x llaves huecas<br \/>\nAnillo de soporte 8x para fijaci\u00f3n<\/p>\n","protected":false},"excerpt":{"rendered":"<p>2x Enganche R\u00e1pido para Soldar Cat 1 (completos con tornillos + tuercas, etc.)<br \/>\n1x estabilizador<br \/>\n2x caja de llenado de 6 mm<br \/>\n2 bloques de relleno de 10 mm<br \/>\n2x llaves huecas<br \/>\nAnillo de soporte 8x para fijaci\u00f3n<\/p>\n","protected":false},"featured_media":8153,"comment_status":"open","ping_status":"closed","template":"","meta":{"inline_featured_image":false},"product_cat":[2194],"product_tag":[],"class_list":{"0":"post-8374","1":"product","2":"type-product","3":"status-publish","4":"has-post-thumbnail","6":"product_cat-engaches_rapido","8":"first","9":"instock","10":"taxable","11":"shipping-taxable","12":"purchasable","13":"product-type-simple"},"yoast_head":"<!-- This site is optimized with the Yoast SEO plugin v23.3 - https:\/\/yoast.com\/wordpress\/plugins\/seo\/ -->\n<title>Enganche R\u00e1pido para Soldar Cat 1 - Hydropartsholland<\/title>\n<meta name=\"description\" content=\"Absolutamente ning\u00fan otro acoplador r\u00e1pido le brinda tanta flexibilidad para todos sus implementos, categor\u00eda #1.\" \/>\n<meta name=\"robots\" content=\"index, follow, max-snippet:-1, max-image-preview:large, max-video-preview:-1\" \/>\n<link rel=\"canonical\" href=\"https:\/\/hydropartsholland.com\/es\/producto\/enganche-rapido-para-soldar-cat-1\/\" \/>\n<meta property=\"og:locale\" content=\"es_ES\" \/>\n<meta property=\"og:type\" content=\"article\" \/>\n<meta property=\"og:title\" content=\"Enganche R\u00e1pido para Soldar Cat 1 - Hydropartsholland\" \/>\n<meta property=\"og:description\" content=\"Absolutamente ning\u00fan otro acoplador r\u00e1pido le brinda tanta flexibilidad para todos sus implementos, categor\u00eda #1.\" \/>\n<meta property=\"og:url\" content=\"https:\/\/hydropartsholland.com\/es\/producto\/enganche-rapido-para-soldar-cat-1\/\" \/>\n<meta property=\"og:site_name\" content=\"Hydropartsholland\" \/>\n<meta property=\"article:modified_time\" content=\"2025-03-11T11:23:53+00:00\" \/>\n<meta property=\"og:image\" content=\"https:\/\/hydropartsholland.com\/wp-content\/uploads\/2023\/01\/s-l1600-7.jpg\" \/>\n\t<meta property=\"og:image:width\" content=\"1600\" \/>\n\t<meta property=\"og:image:height\" content=\"1600\" \/>\n\t<meta property=\"og:image:type\" content=\"image\/jpeg\" \/>\n<meta name=\"twitter:card\" content=\"summary_large_image\" \/>\n<meta name=\"twitter:label1\" content=\"Tiempo de lectura\" \/>\n\t<meta name=\"twitter:data1\" content=\"1 minuto\" \/>\n<script type=\"application\/ld+json\" class=\"yoast-schema-graph\">{\"@context\":\"https:\/\/schema.org\",\"@graph\":[{\"@type\":\"WebPage\",\"@id\":\"https:\/\/hydropartsholland.com\/es\/producto\/enganche-rapido-para-soldar-cat-1\/\",\"url\":\"https:\/\/hydropartsholland.com\/es\/producto\/enganche-rapido-para-soldar-cat-1\/\",\"name\":\"Enganche R\u00e1pido para Soldar Cat 1 - Hydropartsholland\",\"isPartOf\":{\"@id\":\"https:\/\/hydropartsholland.com\/#website\"},\"primaryImageOfPage\":{\"@id\":\"https:\/\/hydropartsholland.com\/es\/producto\/enganche-rapido-para-soldar-cat-1\/#primaryimage\"},\"image\":{\"@id\":\"https:\/\/hydropartsholland.com\/es\/producto\/enganche-rapido-para-soldar-cat-1\/#primaryimage\"},\"thumbnailUrl\":\"https:\/\/hydropartsholland.com\/wp-content\/uploads\/2023\/01\/s-l1600-7.jpg\",\"datePublished\":\"2025-07-22T13:50:18+00:00\",\"dateModified\":\"2025-03-11T11:23:53+00:00\",\"description\":\"Absolutamente ning\u00fan otro acoplador r\u00e1pido le brinda tanta flexibilidad para todos sus implementos, categor\u00eda #1.\",\"breadcrumb\":{\"@id\":\"https:\/\/hydropartsholland.com\/es\/producto\/enganche-rapido-para-soldar-cat-1\/#breadcrumb\"},\"inLanguage\":\"es\",\"potentialAction\":[{\"@type\":\"ReadAction\",\"target\":[\"https:\/\/hydropartsholland.com\/es\/producto\/enganche-rapido-para-soldar-cat-1\/\"]}]},{\"@type\":\"ImageObject\",\"inLanguage\":\"es\",\"@id\":\"https:\/\/hydropartsholland.com\/es\/producto\/enganche-rapido-para-soldar-cat-1\/#primaryimage\",\"url\":\"https:\/\/hydropartsholland.com\/wp-content\/uploads\/2023\/01\/s-l1600-7.jpg\",\"contentUrl\":\"https:\/\/hydropartsholland.com\/wp-content\/uploads\/2023\/01\/s-l1600-7.jpg\",\"width\":1600,\"height\":1600},{\"@type\":\"BreadcrumbList\",\"@id\":\"https:\/\/hydropartsholland.com\/es\/producto\/enganche-rapido-para-soldar-cat-1\/#breadcrumb\",\"itemListElement\":[{\"@type\":\"ListItem\",\"position\":1,\"name\":\"Home\",\"item\":\"https:\/\/hydropartsholland.com\/\"},{\"@type\":\"ListItem\",\"position\":2,\"name\":\"Comercio\",\"item\":\"https:\/\/hydropartsholland.com\/es\/tienda\/\"},{\"@type\":\"ListItem\",\"position\":3,\"name\":\"Enganche R\u00e1pido para Soldar Cat 1\"}]},{\"@type\":\"WebSite\",\"@id\":\"https:\/\/hydropartsholland.com\/#website\",\"url\":\"https:\/\/hydropartsholland.com\/\",\"name\":\"Hydropartsholland\",\"description\":\"\",\"publisher\":{\"@id\":\"https:\/\/hydropartsholland.com\/#organization\"},\"potentialAction\":[{\"@type\":\"SearchAction\",\"target\":{\"@type\":\"EntryPoint\",\"urlTemplate\":\"https:\/\/hydropartsholland.com\/?s={search_term_string}\"},\"query-input\":\"required name=search_term_string\"}],\"inLanguage\":\"es\"},{\"@type\":\"Organization\",\"@id\":\"https:\/\/hydropartsholland.com\/#organization\",\"name\":\"Spare Parts Holland\",\"url\":\"https:\/\/hydropartsholland.com\/\",\"logo\":{\"@type\":\"ImageObject\",\"inLanguage\":\"es\",\"@id\":\"https:\/\/hydropartsholland.com\/#\/schema\/logo\/image\/\",\"url\":\"https:\/\/hydropartsholland.com\/wp-content\/uploads\/2022\/06\/spareparts-1.png\",\"contentUrl\":\"https:\/\/hydropartsholland.com\/wp-content\/uploads\/2022\/06\/spareparts-1.png\",\"width\":824,\"height\":685,\"caption\":\"Spare Parts Holland\"},\"image\":{\"@id\":\"https:\/\/hydropartsholland.com\/#\/schema\/logo\/image\/\"}}]}<\/script>\n<!-- \/ Yoast SEO plugin. -->","yoast_head_json":{"title":"Enganche R\u00e1pido para Soldar Cat 1 - Hydropartsholland","description":"Absolutamente ning\u00fan otro acoplador r\u00e1pido le brinda tanta flexibilidad para todos sus implementos, categor\u00eda #1.","robots":{"index":"index","follow":"follow","max-snippet":"max-snippet:-1","max-image-preview":"max-image-preview:large","max-video-preview":"max-video-preview:-1"},"canonical":"https:\/\/hydropartsholland.com\/es\/producto\/enganche-rapido-para-soldar-cat-1\/","og_locale":"es_ES","og_type":"article","og_title":"Enganche R\u00e1pido para Soldar Cat 1 - Hydropartsholland","og_description":"Absolutamente ning\u00fan otro acoplador r\u00e1pido le brinda tanta flexibilidad para todos sus implementos, categor\u00eda #1.","og_url":"https:\/\/hydropartsholland.com\/es\/producto\/enganche-rapido-para-soldar-cat-1\/","og_site_name":"Hydropartsholland","article_modified_time":"2025-03-11T11:23:53+00:00","og_image":[{"width":1600,"height":1600,"url":"https:\/\/hydropartsholland.com\/wp-content\/uploads\/2023\/01\/s-l1600-7.jpg","type":"image\/jpeg"}],"twitter_card":"summary_large_image","twitter_misc":{"Tiempo de lectura":"1 minuto"},"schema":{"@context":"https:\/\/schema.org","@graph":[{"@type":"WebPage","@id":"https:\/\/hydropartsholland.com\/es\/producto\/enganche-rapido-para-soldar-cat-1\/","url":"https:\/\/hydropartsholland.com\/es\/producto\/enganche-rapido-para-soldar-cat-1\/","name":"Enganche R\u00e1pido para Soldar Cat 1 - Hydropartsholland","isPartOf":{"@id":"https:\/\/hydropartsholland.com\/#website"},"primaryImageOfPage":{"@id":"https:\/\/hydropartsholland.com\/es\/producto\/enganche-rapido-para-soldar-cat-1\/#primaryimage"},"image":{"@id":"https:\/\/hydropartsholland.com\/es\/producto\/enganche-rapido-para-soldar-cat-1\/#primaryimage"},"thumbnailUrl":"https:\/\/hydropartsholland.com\/wp-content\/uploads\/2023\/01\/s-l1600-7.jpg","datePublished":"2025-07-22T13:50:18+00:00","dateModified":"2025-03-11T11:23:53+00:00","description":"Absolutamente ning\u00fan otro acoplador r\u00e1pido le brinda tanta flexibilidad para todos sus implementos, categor\u00eda #1.","breadcrumb":{"@id":"https:\/\/hydropartsholland.com\/es\/producto\/enganche-rapido-para-soldar-cat-1\/#breadcrumb"},"inLanguage":"es","potentialAction":[{"@type":"ReadAction","target":["https:\/\/hydropartsholland.com\/es\/producto\/enganche-rapido-para-soldar-cat-1\/"]}]},{"@type":"ImageObject","inLanguage":"es","@id":"https:\/\/hydropartsholland.com\/es\/producto\/enganche-rapido-para-soldar-cat-1\/#primaryimage","url":"https:\/\/hydropartsholland.com\/wp-content\/uploads\/2023\/01\/s-l1600-7.jpg","contentUrl":"https:\/\/hydropartsholland.com\/wp-content\/uploads\/2023\/01\/s-l1600-7.jpg","width":1600,"height":1600},{"@type":"BreadcrumbList","@id":"https:\/\/hydropartsholland.com\/es\/producto\/enganche-rapido-para-soldar-cat-1\/#breadcrumb","itemListElement":[{"@type":"ListItem","position":1,"name":"Home","item":"https:\/\/hydropartsholland.com\/"},{"@type":"ListItem","position":2,"name":"Comercio","item":"https:\/\/hydropartsholland.com\/es\/tienda\/"},{"@type":"ListItem","position":3,"name":"Enganche R\u00e1pido para Soldar Cat 1"}]},{"@type":"WebSite","@id":"https:\/\/hydropartsholland.com\/#website","url":"https:\/\/hydropartsholland.com\/","name":"Hydropartsholland","description":"","publisher":{"@id":"https:\/\/hydropartsholland.com\/#organization"},"potentialAction":[{"@type":"SearchAction","target":{"@type":"EntryPoint","urlTemplate":"https:\/\/hydropartsholland.com\/?s={search_term_string}"},"query-input":"required name=search_term_string"}],"inLanguage":"es"},{"@type":"Organization","@id":"https:\/\/hydropartsholland.com\/#organization","name":"Spare Parts Holland","url":"https:\/\/hydropartsholland.com\/","logo":{"@type":"ImageObject","inLanguage":"es","@id":"https:\/\/hydropartsholland.com\/#\/schema\/logo\/image\/","url":"https:\/\/hydropartsholland.com\/wp-content\/uploads\/2022\/06\/spareparts-1.png","contentUrl":"https:\/\/hydropartsholland.com\/wp-content\/uploads\/2022\/06\/spareparts-1.png","width":824,"height":685,"caption":"Spare Parts Holland"},"image":{"@id":"https:\/\/hydropartsholland.com\/#\/schema\/logo\/image\/"}}]}},"_links":{"self":[{"href":"https:\/\/hydropartsholland.com\/es\/wp-json\/wp\/v2\/product\/8374","targetHints":{"allow":["GET"]}}],"collection":[{"href":"https:\/\/hydropartsholland.com\/es\/wp-json\/wp\/v2\/product"}],"about":[{"href":"https:\/\/hydropartsholland.com\/es\/wp-json\/wp\/v2\/types\/product"}],"replies":[{"embeddable":true,"href":"https:\/\/hydropartsholland.com\/es\/wp-json\/wp\/v2\/comments?post=8374"}],"wp:featuredmedia":[{"embeddable":true,"href":"https:\/\/hydropartsholland.com\/es\/wp-json\/wp\/v2\/media\/8153"}],"wp:attachment":[{"href":"https:\/\/hydropartsholland.com\/es\/wp-json\/wp\/v2\/media?parent=8374"}],"wp:term":[{"taxonomy":"product_cat","embeddable":true,"href":"https:\/\/hydropartsholland.com\/es\/wp-json\/wp\/v2\/product_cat?post=8374"},{"taxonomy":"product_tag","embeddable":true,"href":"https:\/\/hydropartsholland.com\/es\/wp-json\/wp\/v2\/product_tag?post=8374"}],"curies":[{"name":"wp","href":"https:\/\/api.w.org\/{rel}","templated":true}]}}