{"id":6347,"date":"2022-07-28T09:56:25","date_gmt":"2022-07-28T08:56:25","guid":{"rendered":"https:\/\/hydropartsholland.com\/product\/ford-tractor-new-hydraulic-remote-control-valve-kit-600-800-601-2000-3000-4000\/"},"modified":"2025-03-11T12:34:24","modified_gmt":"2025-03-11T11:34:24","slug":"ford-tractor-new-hydraulic-remote-control-valve-kit-600-800-601-2000-3000-4000","status":"publish","type":"product","link":"https:\/\/hydropartsholland.com\/es\/producto\/ford-tractor-new-hydraulic-remote-control-valve-kit-600-800-601-2000-3000-4000\/","title":{"rendered":"Kit de V\u00e1lvula Remota Hidr\u00e1ulica Trasera para Ford 600 800 601 2000 3000 4000 &#8211; 1x DW"},"content":{"rendered":"<p>Kit de v\u00e1lvula remota Hidr\u00e1ulica trasera para tractor Ford.<\/p>\n<ul>\n<li>Bobina simple<\/li>\n<li>Simple\/doble efecto con mangueras<\/li>\n<li>Atajos femeninos<\/li>\n<\/ul>\n<p>Kit de v\u00e1lvula remota Hidr\u00e1ulica trasera adecuado para modelos de tractores Ford:<\/p>\n<p>501, 541, 600, 601, 611, 620, 621, 630, 631, 640, 641, 650, 651, 660, 661, 671, 681, 700, 740, 741, 771, 800, 801, 811, 820, 821, 840, 841, 850, 851, 860, 861, 871, 881, 900, 901, 940, 941, 950, 951, 960, 961, 971, 981, 1801, 1811, 1821, 1841, 1881, 1881, 2000 (3 cilindros), 2000 (4 cilindros), 2030, 2031, 2100, 2110 (3 cilindros), 2110 (4 cilindros), 2111, 2120 (3 cilindros), 2120 (4 cilindros), 2121, 2130, 2131, 2150, 2300, 2310, 2600, 2610, 2810, 2910, 3910, 4110 (3 cilindros), 4610, 4610SU, 3000, 3055, 3100, 3110, 3120 3120, 3190, 3300, 310, 3 6 36 , 3610 , 4000 (3 cilindros), 4000 (4 cilindros), 4000SU, 4030 (4 cilindros), 4031, 4040, 4100, 4110 (4 cilindros), 4120, 4121 , 4130 (3 cilindros), 4130 (4 cilindros) , 4131 , 4140 (3 cilindros), 4140 (3 cilindros), 4190, 4200, 4330, 4340, 4410, 4600, 4600SU<\/p>\n<p>Ford Industrial \/ Construcci\u00f3n<\/p>\n<p>230A, 231, 233, 234, 333, 334, 335, 340, 3400, 340A, 340B, 3500, 3550, 420, 4400, 445, 445A, 4500,<\/p>\n<p>515, 530A, 531, 532, 535, 540, 540A, 540B, 545, 545A<\/p>\n<p>309973F, 80309973, 309973, 309996,<\/p>\n<p>V\u00e1lvula con manijas: C9NNB950B, E1NNB950BB, E1NNB950BA, 83928704, 83944762<\/p>\n<p>** No es compatible con tractores compactos Ford **<\/p>\n","protected":false},"excerpt":{"rendered":"<ul>\n<li>Bobina simple<\/li>\n<li>Simple\/doble efecto con mangueras<\/li>\n<li>Atajos femeninos<\/li>\n<\/ul>\n","protected":false},"featured_media":29206,"comment_status":"open","ping_status":"closed","template":"","meta":{"inline_featured_image":false},"product_cat":[700,702],"product_tag":[],"class_list":{"0":"post-6347","1":"product","2":"type-product","3":"status-publish","4":"has-post-thumbnail","6":"product_cat-kit-de-valvula-remota-hidraulica-trasera","7":"product_cat-ford-es-3","9":"first","10":"instock","11":"taxable","12":"shipping-taxable","13":"purchasable","14":"product-type-simple"},"yoast_head":"<!-- This site is optimized with the Yoast SEO plugin v23.3 - https:\/\/yoast.com\/wordpress\/plugins\/seo\/ -->\n<title>Kit de V\u00e1lvula Remota Hidr\u00e1ulica Trasera para Ford 600 800 601 2000 3000 4000 - 1x DW - Hydropartsholland<\/title>\n<meta name=\"description\" content=\"Kit de v\u00e1lvula remota Hidr\u00e1ulica trasera adecuado para de tractores Ford. Bobina simple. Simple\/doble efecto con mangueras. Atajos femeninos.\" \/>\n<meta name=\"robots\" content=\"index, follow, max-snippet:-1, max-image-preview:large, max-video-preview:-1\" \/>\n<link rel=\"canonical\" href=\"https:\/\/hydropartsholland.com\/es\/producto\/ford-tractor-new-hydraulic-remote-control-valve-kit-600-800-601-2000-3000-4000\/\" \/>\n<meta property=\"og:locale\" content=\"es_ES\" \/>\n<meta property=\"og:type\" content=\"article\" \/>\n<meta property=\"og:title\" content=\"Kit de V\u00e1lvula Remota Hidr\u00e1ulica Trasera para Ford 600 800 601 2000 3000 4000 - 1x DW - Hydropartsholland\" \/>\n<meta property=\"og:description\" content=\"Kit de v\u00e1lvula remota Hidr\u00e1ulica trasera adecuado para de tractores Ford. Bobina simple. Simple\/doble efecto con mangueras. Atajos femeninos.\" \/>\n<meta property=\"og:url\" content=\"https:\/\/hydropartsholland.com\/es\/producto\/ford-tractor-new-hydraulic-remote-control-valve-kit-600-800-601-2000-3000-4000\/\" \/>\n<meta property=\"og:site_name\" content=\"Hydropartsholland\" \/>\n<meta property=\"article:modified_time\" content=\"2025-03-11T11:34:24+00:00\" \/>\n<meta property=\"og:image\" content=\"https:\/\/hydropartsholland.com\/wp-content\/uploads\/2022\/07\/1-19-scaled.jpg\" \/>\n\t<meta property=\"og:image:width\" content=\"2560\" \/>\n\t<meta property=\"og:image:height\" content=\"2560\" \/>\n\t<meta property=\"og:image:type\" content=\"image\/jpeg\" \/>\n<meta name=\"twitter:card\" content=\"summary_large_image\" \/>\n<meta name=\"twitter:label1\" content=\"Tiempo de lectura\" \/>\n\t<meta name=\"twitter:data1\" content=\"1 minuto\" \/>\n<script type=\"application\/ld+json\" class=\"yoast-schema-graph\">{\"@context\":\"https:\/\/schema.org\",\"@graph\":[{\"@type\":\"WebPage\",\"@id\":\"https:\/\/hydropartsholland.com\/es\/producto\/ford-tractor-new-hydraulic-remote-control-valve-kit-600-800-601-2000-3000-4000\/\",\"url\":\"https:\/\/hydropartsholland.com\/es\/producto\/ford-tractor-new-hydraulic-remote-control-valve-kit-600-800-601-2000-3000-4000\/\",\"name\":\"Kit de V\u00e1lvula Remota Hidr\u00e1ulica Trasera para Ford 600 800 601 2000 3000 4000 - 1x DW - Hydropartsholland\",\"isPartOf\":{\"@id\":\"https:\/\/hydropartsholland.com\/#website\"},\"primaryImageOfPage\":{\"@id\":\"https:\/\/hydropartsholland.com\/es\/producto\/ford-tractor-new-hydraulic-remote-control-valve-kit-600-800-601-2000-3000-4000\/#primaryimage\"},\"image\":{\"@id\":\"https:\/\/hydropartsholland.com\/es\/producto\/ford-tractor-new-hydraulic-remote-control-valve-kit-600-800-601-2000-3000-4000\/#primaryimage\"},\"thumbnailUrl\":\"https:\/\/hydropartsholland.com\/wp-content\/uploads\/2022\/07\/1-19-scaled.jpg\",\"datePublished\":\"2022-07-28T08:56:25+00:00\",\"dateModified\":\"2025-03-11T11:34:24+00:00\",\"description\":\"Kit de v\u00e1lvula remota Hidr\u00e1ulica trasera adecuado para de tractores Ford. Bobina simple. Simple\/doble efecto con mangueras. Atajos femeninos.\",\"breadcrumb\":{\"@id\":\"https:\/\/hydropartsholland.com\/es\/producto\/ford-tractor-new-hydraulic-remote-control-valve-kit-600-800-601-2000-3000-4000\/#breadcrumb\"},\"inLanguage\":\"es\",\"potentialAction\":[{\"@type\":\"ReadAction\",\"target\":[\"https:\/\/hydropartsholland.com\/es\/producto\/ford-tractor-new-hydraulic-remote-control-valve-kit-600-800-601-2000-3000-4000\/\"]}]},{\"@type\":\"ImageObject\",\"inLanguage\":\"es\",\"@id\":\"https:\/\/hydropartsholland.com\/es\/producto\/ford-tractor-new-hydraulic-remote-control-valve-kit-600-800-601-2000-3000-4000\/#primaryimage\",\"url\":\"https:\/\/hydropartsholland.com\/wp-content\/uploads\/2022\/07\/1-19-scaled.jpg\",\"contentUrl\":\"https:\/\/hydropartsholland.com\/wp-content\/uploads\/2022\/07\/1-19-scaled.jpg\",\"width\":2560,\"height\":2560},{\"@type\":\"BreadcrumbList\",\"@id\":\"https:\/\/hydropartsholland.com\/es\/producto\/ford-tractor-new-hydraulic-remote-control-valve-kit-600-800-601-2000-3000-4000\/#breadcrumb\",\"itemListElement\":[{\"@type\":\"ListItem\",\"position\":1,\"name\":\"Home\",\"item\":\"https:\/\/hydropartsholland.com\/\"},{\"@type\":\"ListItem\",\"position\":2,\"name\":\"Comercio\",\"item\":\"https:\/\/hydropartsholland.com\/es\/tienda\/\"},{\"@type\":\"ListItem\",\"position\":3,\"name\":\"Kit de V\u00e1lvula Remota Hidr\u00e1ulica Trasera para Ford 600 800 601 2000 3000 4000 &#8211; 1x DW\"}]},{\"@type\":\"WebSite\",\"@id\":\"https:\/\/hydropartsholland.com\/#website\",\"url\":\"https:\/\/hydropartsholland.com\/\",\"name\":\"Hydropartsholland\",\"description\":\"\",\"publisher\":{\"@id\":\"https:\/\/hydropartsholland.com\/#organization\"},\"potentialAction\":[{\"@type\":\"SearchAction\",\"target\":{\"@type\":\"EntryPoint\",\"urlTemplate\":\"https:\/\/hydropartsholland.com\/?s={search_term_string}\"},\"query-input\":\"required name=search_term_string\"}],\"inLanguage\":\"es\"},{\"@type\":\"Organization\",\"@id\":\"https:\/\/hydropartsholland.com\/#organization\",\"name\":\"Spare Parts Holland\",\"url\":\"https:\/\/hydropartsholland.com\/\",\"logo\":{\"@type\":\"ImageObject\",\"inLanguage\":\"es\",\"@id\":\"https:\/\/hydropartsholland.com\/#\/schema\/logo\/image\/\",\"url\":\"https:\/\/hydropartsholland.com\/wp-content\/uploads\/2022\/06\/spareparts-1.png\",\"contentUrl\":\"https:\/\/hydropartsholland.com\/wp-content\/uploads\/2022\/06\/spareparts-1.png\",\"width\":824,\"height\":685,\"caption\":\"Spare Parts Holland\"},\"image\":{\"@id\":\"https:\/\/hydropartsholland.com\/#\/schema\/logo\/image\/\"}}]}<\/script>\n<!-- \/ Yoast SEO plugin. -->","yoast_head_json":{"title":"Kit de V\u00e1lvula Remota Hidr\u00e1ulica Trasera para Ford 600 800 601 2000 3000 4000 - 1x DW - Hydropartsholland","description":"Kit de v\u00e1lvula remota Hidr\u00e1ulica trasera adecuado para de tractores Ford. Bobina simple. Simple\/doble efecto con mangueras. Atajos femeninos.","robots":{"index":"index","follow":"follow","max-snippet":"max-snippet:-1","max-image-preview":"max-image-preview:large","max-video-preview":"max-video-preview:-1"},"canonical":"https:\/\/hydropartsholland.com\/es\/producto\/ford-tractor-new-hydraulic-remote-control-valve-kit-600-800-601-2000-3000-4000\/","og_locale":"es_ES","og_type":"article","og_title":"Kit de V\u00e1lvula Remota Hidr\u00e1ulica Trasera para Ford 600 800 601 2000 3000 4000 - 1x DW - Hydropartsholland","og_description":"Kit de v\u00e1lvula remota Hidr\u00e1ulica trasera adecuado para de tractores Ford. Bobina simple. Simple\/doble efecto con mangueras. Atajos femeninos.","og_url":"https:\/\/hydropartsholland.com\/es\/producto\/ford-tractor-new-hydraulic-remote-control-valve-kit-600-800-601-2000-3000-4000\/","og_site_name":"Hydropartsholland","article_modified_time":"2025-03-11T11:34:24+00:00","og_image":[{"width":2560,"height":2560,"url":"https:\/\/hydropartsholland.com\/wp-content\/uploads\/2022\/07\/1-19-scaled.jpg","type":"image\/jpeg"}],"twitter_card":"summary_large_image","twitter_misc":{"Tiempo de lectura":"1 minuto"},"schema":{"@context":"https:\/\/schema.org","@graph":[{"@type":"WebPage","@id":"https:\/\/hydropartsholland.com\/es\/producto\/ford-tractor-new-hydraulic-remote-control-valve-kit-600-800-601-2000-3000-4000\/","url":"https:\/\/hydropartsholland.com\/es\/producto\/ford-tractor-new-hydraulic-remote-control-valve-kit-600-800-601-2000-3000-4000\/","name":"Kit de V\u00e1lvula Remota Hidr\u00e1ulica Trasera para Ford 600 800 601 2000 3000 4000 - 1x DW - Hydropartsholland","isPartOf":{"@id":"https:\/\/hydropartsholland.com\/#website"},"primaryImageOfPage":{"@id":"https:\/\/hydropartsholland.com\/es\/producto\/ford-tractor-new-hydraulic-remote-control-valve-kit-600-800-601-2000-3000-4000\/#primaryimage"},"image":{"@id":"https:\/\/hydropartsholland.com\/es\/producto\/ford-tractor-new-hydraulic-remote-control-valve-kit-600-800-601-2000-3000-4000\/#primaryimage"},"thumbnailUrl":"https:\/\/hydropartsholland.com\/wp-content\/uploads\/2022\/07\/1-19-scaled.jpg","datePublished":"2022-07-28T08:56:25+00:00","dateModified":"2025-03-11T11:34:24+00:00","description":"Kit de v\u00e1lvula remota Hidr\u00e1ulica trasera adecuado para de tractores Ford. Bobina simple. Simple\/doble efecto con mangueras. Atajos femeninos.","breadcrumb":{"@id":"https:\/\/hydropartsholland.com\/es\/producto\/ford-tractor-new-hydraulic-remote-control-valve-kit-600-800-601-2000-3000-4000\/#breadcrumb"},"inLanguage":"es","potentialAction":[{"@type":"ReadAction","target":["https:\/\/hydropartsholland.com\/es\/producto\/ford-tractor-new-hydraulic-remote-control-valve-kit-600-800-601-2000-3000-4000\/"]}]},{"@type":"ImageObject","inLanguage":"es","@id":"https:\/\/hydropartsholland.com\/es\/producto\/ford-tractor-new-hydraulic-remote-control-valve-kit-600-800-601-2000-3000-4000\/#primaryimage","url":"https:\/\/hydropartsholland.com\/wp-content\/uploads\/2022\/07\/1-19-scaled.jpg","contentUrl":"https:\/\/hydropartsholland.com\/wp-content\/uploads\/2022\/07\/1-19-scaled.jpg","width":2560,"height":2560},{"@type":"BreadcrumbList","@id":"https:\/\/hydropartsholland.com\/es\/producto\/ford-tractor-new-hydraulic-remote-control-valve-kit-600-800-601-2000-3000-4000\/#breadcrumb","itemListElement":[{"@type":"ListItem","position":1,"name":"Home","item":"https:\/\/hydropartsholland.com\/"},{"@type":"ListItem","position":2,"name":"Comercio","item":"https:\/\/hydropartsholland.com\/es\/tienda\/"},{"@type":"ListItem","position":3,"name":"Kit de V\u00e1lvula Remota Hidr\u00e1ulica Trasera para Ford 600 800 601 2000 3000 4000 &#8211; 1x DW"}]},{"@type":"WebSite","@id":"https:\/\/hydropartsholland.com\/#website","url":"https:\/\/hydropartsholland.com\/","name":"Hydropartsholland","description":"","publisher":{"@id":"https:\/\/hydropartsholland.com\/#organization"},"potentialAction":[{"@type":"SearchAction","target":{"@type":"EntryPoint","urlTemplate":"https:\/\/hydropartsholland.com\/?s={search_term_string}"},"query-input":"required name=search_term_string"}],"inLanguage":"es"},{"@type":"Organization","@id":"https:\/\/hydropartsholland.com\/#organization","name":"Spare Parts Holland","url":"https:\/\/hydropartsholland.com\/","logo":{"@type":"ImageObject","inLanguage":"es","@id":"https:\/\/hydropartsholland.com\/#\/schema\/logo\/image\/","url":"https:\/\/hydropartsholland.com\/wp-content\/uploads\/2022\/06\/spareparts-1.png","contentUrl":"https:\/\/hydropartsholland.com\/wp-content\/uploads\/2022\/06\/spareparts-1.png","width":824,"height":685,"caption":"Spare Parts Holland"},"image":{"@id":"https:\/\/hydropartsholland.com\/#\/schema\/logo\/image\/"}}]}},"_links":{"self":[{"href":"https:\/\/hydropartsholland.com\/es\/wp-json\/wp\/v2\/product\/6347","targetHints":{"allow":["GET"]}}],"collection":[{"href":"https:\/\/hydropartsholland.com\/es\/wp-json\/wp\/v2\/product"}],"about":[{"href":"https:\/\/hydropartsholland.com\/es\/wp-json\/wp\/v2\/types\/product"}],"replies":[{"embeddable":true,"href":"https:\/\/hydropartsholland.com\/es\/wp-json\/wp\/v2\/comments?post=6347"}],"wp:featuredmedia":[{"embeddable":true,"href":"https:\/\/hydropartsholland.com\/es\/wp-json\/wp\/v2\/media\/29206"}],"wp:attachment":[{"href":"https:\/\/hydropartsholland.com\/es\/wp-json\/wp\/v2\/media?parent=6347"}],"wp:term":[{"taxonomy":"product_cat","embeddable":true,"href":"https:\/\/hydropartsholland.com\/es\/wp-json\/wp\/v2\/product_cat?post=6347"},{"taxonomy":"product_tag","embeddable":true,"href":"https:\/\/hydropartsholland.com\/es\/wp-json\/wp\/v2\/product_tag?post=6347"}],"curies":[{"name":"wp","href":"https:\/\/api.w.org\/{rel}","templated":true}]}}