{"id":6218,"date":"2022-07-28T10:01:15","date_gmt":"2022-07-28T09:01:15","guid":{"rendered":"https:\/\/hydropartsholland.com\/product\/1-2-npt-hydraulic-quick-connect-couplers-couplings-poppet-pioneer-style-6-sets\/"},"modified":"2025-03-11T12:32:01","modified_gmt":"2025-03-11T11:32:01","slug":"1-2-npt-hydraulic-quick-connect-couplers-couplings-poppet-pioneer-style-6-sets","status":"publish","type":"product","link":"https:\/\/hydropartsholland.com\/es\/producto\/1-2-npt-hydraulic-quick-connect-couplers-couplings-poppet-pioneer-style-6-sets\/","title":{"rendered":"Acopladores R\u00e1pidos Hidr\u00e1ulicos NPT de 1\/2&#8243; &#8211; Estilo Pionero de Asiento &#8211; 6 juegos"},"content":{"rendered":"<p>Esta serie de acoplamientos son los acoplamientos r\u00e1pidos m\u00e1s comunes utilizados en la agricultura, la construcci\u00f3n y la tala. Son intercambiables con todos los acoplamientos de cuerpo de 1\/2&#8243; de la serie ISO 5675\/estilo Pioneer, incluida la v\u00e1lvula de asiento de bola, el sello de asiento y los acoplamientos de cuerpo de 1\/2&#8243; ISO 7241-A.<\/p>\n<ul>\n<li>Tama\u00f1o de la rosca: rosca NPT de 1\/2&#8243;, v\u00e1lvula de asiento<\/li>\n<\/ul>\n<p>Funciones:<\/p>\n<ul>\n<li>Tasa de flujo nominal: 12 GPM<\/li>\n<li>Caudal m\u00e1ximo: 24 GPM<\/li>\n<li>La v\u00e1lvula de asiento autosellante de acero endurecido sella excelentemente bajo alta y baja presi\u00f3n<\/li>\n<li>Clasificaci\u00f3n de 3600 PSI<\/li>\n<li>Clasificaci\u00f3n de r\u00e1faga de 23,000 PSI (emparejado)<\/li>\n<\/ul>\n<p>Intercambiable con:<\/p>\n<p>Fabricante &#8211; Macho &#8211; Hembra<\/p>\n<p>Serie Parker 4000 &#8211; 8010-4P &#8211; 4050-4P<br \/>\nSerie Safeway S20 &#8211; S71-4P &#8211; S25-4P<br \/>\nSerie NV\/NS m\u00e1s r\u00e1pida &#8211; NV 12 NPT M &#8211; NV 12 NPT F<br \/>\nSerie Stucchi IRV &#8211; 800501005<br \/>\nMIR12V &#8211; TNP 800501004<br \/>\nF IR12V NPT<br \/>\nSerie Dixon AG &#8211; AG4F4-PV &#8211; 4AGF4-PV<\/p>\n<p>Contenido:<\/p>\n<ul>\n<li>6 acoplamientos hembra<\/li>\n<li>6 acoplamientos macho<\/li>\n<li>6 tapones antipolvo de PVC<\/li>\n<li>6 tapas antipolvo de PVC<\/li>\n<\/ul>\n","protected":false},"excerpt":{"rendered":"<ul>\n<li>6 acoplamientos hembra<\/li>\n<li>6 acoplamientos macho<\/li>\n<li>6 tapones antipolvo de PVC<\/li>\n<li>6 tapas antipolvo de PVC<\/li>\n<\/ul>\n","protected":false},"featured_media":28939,"comment_status":"open","ping_status":"closed","template":"","meta":{"inline_featured_image":false},"product_cat":[672],"product_tag":[],"class_list":{"0":"post-6218","1":"product","2":"type-product","3":"status-publish","4":"has-post-thumbnail","6":"product_cat-equipos-hidraulicos","8":"first","9":"instock","10":"taxable","11":"shipping-taxable","12":"purchasable","13":"product-type-simple"},"yoast_head":"<!-- This site is optimized with the Yoast SEO plugin v23.3 - https:\/\/yoast.com\/wordpress\/plugins\/seo\/ -->\n<title>Acopladores R\u00e1pidos Hidr\u00e1ulicos NPT de 1\/2&quot; - Estilo Pionero de Asiento - 6 juegos - Hydropartsholland<\/title>\n<meta name=\"description\" content=\"Esta serie de acoplamientos son los acoplamientos r\u00e1pidos m\u00e1s comunes utilizados en la agricultura, la construcci\u00f3n y la tala.\" \/>\n<meta name=\"robots\" content=\"index, follow, max-snippet:-1, max-image-preview:large, max-video-preview:-1\" \/>\n<link rel=\"canonical\" href=\"https:\/\/hydropartsholland.com\/es\/producto\/1-2-npt-hydraulic-quick-connect-couplers-couplings-poppet-pioneer-style-6-sets\/\" \/>\n<meta property=\"og:locale\" content=\"es_ES\" \/>\n<meta property=\"og:type\" content=\"article\" \/>\n<meta property=\"og:title\" content=\"Acopladores R\u00e1pidos Hidr\u00e1ulicos NPT de 1\/2&quot; - Estilo Pionero de Asiento - 6 juegos - Hydropartsholland\" \/>\n<meta property=\"og:description\" content=\"Esta serie de acoplamientos son los acoplamientos r\u00e1pidos m\u00e1s comunes utilizados en la agricultura, la construcci\u00f3n y la tala.\" \/>\n<meta property=\"og:url\" content=\"https:\/\/hydropartsholland.com\/es\/producto\/1-2-npt-hydraulic-quick-connect-couplers-couplings-poppet-pioneer-style-6-sets\/\" \/>\n<meta property=\"og:site_name\" content=\"Hydropartsholland\" \/>\n<meta property=\"article:modified_time\" content=\"2025-03-11T11:32:01+00:00\" \/>\n<meta property=\"og:image\" content=\"https:\/\/hydropartsholland.com\/wp-content\/uploads\/2022\/07\/1-11-scaled.jpg\" \/>\n\t<meta property=\"og:image:width\" content=\"2560\" \/>\n\t<meta property=\"og:image:height\" content=\"2081\" \/>\n\t<meta property=\"og:image:type\" content=\"image\/jpeg\" \/>\n<meta name=\"twitter:card\" content=\"summary_large_image\" \/>\n<meta name=\"twitter:label1\" content=\"Tiempo de lectura\" \/>\n\t<meta name=\"twitter:data1\" content=\"1 minuto\" \/>\n<script type=\"application\/ld+json\" class=\"yoast-schema-graph\">{\"@context\":\"https:\/\/schema.org\",\"@graph\":[{\"@type\":\"WebPage\",\"@id\":\"https:\/\/hydropartsholland.com\/es\/producto\/1-2-npt-hydraulic-quick-connect-couplers-couplings-poppet-pioneer-style-6-sets\/\",\"url\":\"https:\/\/hydropartsholland.com\/es\/producto\/1-2-npt-hydraulic-quick-connect-couplers-couplings-poppet-pioneer-style-6-sets\/\",\"name\":\"Acopladores R\u00e1pidos Hidr\u00e1ulicos NPT de 1\/2\\\" - Estilo Pionero de Asiento - 6 juegos - Hydropartsholland\",\"isPartOf\":{\"@id\":\"https:\/\/hydropartsholland.com\/#website\"},\"primaryImageOfPage\":{\"@id\":\"https:\/\/hydropartsholland.com\/es\/producto\/1-2-npt-hydraulic-quick-connect-couplers-couplings-poppet-pioneer-style-6-sets\/#primaryimage\"},\"image\":{\"@id\":\"https:\/\/hydropartsholland.com\/es\/producto\/1-2-npt-hydraulic-quick-connect-couplers-couplings-poppet-pioneer-style-6-sets\/#primaryimage\"},\"thumbnailUrl\":\"https:\/\/hydropartsholland.com\/wp-content\/uploads\/2022\/07\/1-11-scaled.jpg\",\"datePublished\":\"2022-07-28T09:01:15+00:00\",\"dateModified\":\"2025-03-11T11:32:01+00:00\",\"description\":\"Esta serie de acoplamientos son los acoplamientos r\u00e1pidos m\u00e1s comunes utilizados en la agricultura, la construcci\u00f3n y la tala.\",\"breadcrumb\":{\"@id\":\"https:\/\/hydropartsholland.com\/es\/producto\/1-2-npt-hydraulic-quick-connect-couplers-couplings-poppet-pioneer-style-6-sets\/#breadcrumb\"},\"inLanguage\":\"es\",\"potentialAction\":[{\"@type\":\"ReadAction\",\"target\":[\"https:\/\/hydropartsholland.com\/es\/producto\/1-2-npt-hydraulic-quick-connect-couplers-couplings-poppet-pioneer-style-6-sets\/\"]}]},{\"@type\":\"ImageObject\",\"inLanguage\":\"es\",\"@id\":\"https:\/\/hydropartsholland.com\/es\/producto\/1-2-npt-hydraulic-quick-connect-couplers-couplings-poppet-pioneer-style-6-sets\/#primaryimage\",\"url\":\"https:\/\/hydropartsholland.com\/wp-content\/uploads\/2022\/07\/1-11-scaled.jpg\",\"contentUrl\":\"https:\/\/hydropartsholland.com\/wp-content\/uploads\/2022\/07\/1-11-scaled.jpg\",\"width\":2560,\"height\":2081},{\"@type\":\"BreadcrumbList\",\"@id\":\"https:\/\/hydropartsholland.com\/es\/producto\/1-2-npt-hydraulic-quick-connect-couplers-couplings-poppet-pioneer-style-6-sets\/#breadcrumb\",\"itemListElement\":[{\"@type\":\"ListItem\",\"position\":1,\"name\":\"Home\",\"item\":\"https:\/\/hydropartsholland.com\/\"},{\"@type\":\"ListItem\",\"position\":2,\"name\":\"Comercio\",\"item\":\"https:\/\/hydropartsholland.com\/es\/tienda\/\"},{\"@type\":\"ListItem\",\"position\":3,\"name\":\"Acopladores R\u00e1pidos Hidr\u00e1ulicos NPT de 1\/2&#8243; &#8211; Estilo Pionero de Asiento &#8211; 6 juegos\"}]},{\"@type\":\"WebSite\",\"@id\":\"https:\/\/hydropartsholland.com\/#website\",\"url\":\"https:\/\/hydropartsholland.com\/\",\"name\":\"Hydropartsholland\",\"description\":\"\",\"publisher\":{\"@id\":\"https:\/\/hydropartsholland.com\/#organization\"},\"potentialAction\":[{\"@type\":\"SearchAction\",\"target\":{\"@type\":\"EntryPoint\",\"urlTemplate\":\"https:\/\/hydropartsholland.com\/?s={search_term_string}\"},\"query-input\":\"required name=search_term_string\"}],\"inLanguage\":\"es\"},{\"@type\":\"Organization\",\"@id\":\"https:\/\/hydropartsholland.com\/#organization\",\"name\":\"Spare Parts Holland\",\"url\":\"https:\/\/hydropartsholland.com\/\",\"logo\":{\"@type\":\"ImageObject\",\"inLanguage\":\"es\",\"@id\":\"https:\/\/hydropartsholland.com\/#\/schema\/logo\/image\/\",\"url\":\"https:\/\/hydropartsholland.com\/wp-content\/uploads\/2022\/06\/spareparts-1.png\",\"contentUrl\":\"https:\/\/hydropartsholland.com\/wp-content\/uploads\/2022\/06\/spareparts-1.png\",\"width\":824,\"height\":685,\"caption\":\"Spare Parts Holland\"},\"image\":{\"@id\":\"https:\/\/hydropartsholland.com\/#\/schema\/logo\/image\/\"}}]}<\/script>\n<!-- \/ Yoast SEO plugin. -->","yoast_head_json":{"title":"Acopladores R\u00e1pidos Hidr\u00e1ulicos NPT de 1\/2\" - Estilo Pionero de Asiento - 6 juegos - Hydropartsholland","description":"Esta serie de acoplamientos son los acoplamientos r\u00e1pidos m\u00e1s comunes utilizados en la agricultura, la construcci\u00f3n y la tala.","robots":{"index":"index","follow":"follow","max-snippet":"max-snippet:-1","max-image-preview":"max-image-preview:large","max-video-preview":"max-video-preview:-1"},"canonical":"https:\/\/hydropartsholland.com\/es\/producto\/1-2-npt-hydraulic-quick-connect-couplers-couplings-poppet-pioneer-style-6-sets\/","og_locale":"es_ES","og_type":"article","og_title":"Acopladores R\u00e1pidos Hidr\u00e1ulicos NPT de 1\/2\" - Estilo Pionero de Asiento - 6 juegos - Hydropartsholland","og_description":"Esta serie de acoplamientos son los acoplamientos r\u00e1pidos m\u00e1s comunes utilizados en la agricultura, la construcci\u00f3n y la tala.","og_url":"https:\/\/hydropartsholland.com\/es\/producto\/1-2-npt-hydraulic-quick-connect-couplers-couplings-poppet-pioneer-style-6-sets\/","og_site_name":"Hydropartsholland","article_modified_time":"2025-03-11T11:32:01+00:00","og_image":[{"width":2560,"height":2081,"url":"https:\/\/hydropartsholland.com\/wp-content\/uploads\/2022\/07\/1-11-scaled.jpg","type":"image\/jpeg"}],"twitter_card":"summary_large_image","twitter_misc":{"Tiempo de lectura":"1 minuto"},"schema":{"@context":"https:\/\/schema.org","@graph":[{"@type":"WebPage","@id":"https:\/\/hydropartsholland.com\/es\/producto\/1-2-npt-hydraulic-quick-connect-couplers-couplings-poppet-pioneer-style-6-sets\/","url":"https:\/\/hydropartsholland.com\/es\/producto\/1-2-npt-hydraulic-quick-connect-couplers-couplings-poppet-pioneer-style-6-sets\/","name":"Acopladores R\u00e1pidos Hidr\u00e1ulicos NPT de 1\/2\" - Estilo Pionero de Asiento - 6 juegos - Hydropartsholland","isPartOf":{"@id":"https:\/\/hydropartsholland.com\/#website"},"primaryImageOfPage":{"@id":"https:\/\/hydropartsholland.com\/es\/producto\/1-2-npt-hydraulic-quick-connect-couplers-couplings-poppet-pioneer-style-6-sets\/#primaryimage"},"image":{"@id":"https:\/\/hydropartsholland.com\/es\/producto\/1-2-npt-hydraulic-quick-connect-couplers-couplings-poppet-pioneer-style-6-sets\/#primaryimage"},"thumbnailUrl":"https:\/\/hydropartsholland.com\/wp-content\/uploads\/2022\/07\/1-11-scaled.jpg","datePublished":"2022-07-28T09:01:15+00:00","dateModified":"2025-03-11T11:32:01+00:00","description":"Esta serie de acoplamientos son los acoplamientos r\u00e1pidos m\u00e1s comunes utilizados en la agricultura, la construcci\u00f3n y la tala.","breadcrumb":{"@id":"https:\/\/hydropartsholland.com\/es\/producto\/1-2-npt-hydraulic-quick-connect-couplers-couplings-poppet-pioneer-style-6-sets\/#breadcrumb"},"inLanguage":"es","potentialAction":[{"@type":"ReadAction","target":["https:\/\/hydropartsholland.com\/es\/producto\/1-2-npt-hydraulic-quick-connect-couplers-couplings-poppet-pioneer-style-6-sets\/"]}]},{"@type":"ImageObject","inLanguage":"es","@id":"https:\/\/hydropartsholland.com\/es\/producto\/1-2-npt-hydraulic-quick-connect-couplers-couplings-poppet-pioneer-style-6-sets\/#primaryimage","url":"https:\/\/hydropartsholland.com\/wp-content\/uploads\/2022\/07\/1-11-scaled.jpg","contentUrl":"https:\/\/hydropartsholland.com\/wp-content\/uploads\/2022\/07\/1-11-scaled.jpg","width":2560,"height":2081},{"@type":"BreadcrumbList","@id":"https:\/\/hydropartsholland.com\/es\/producto\/1-2-npt-hydraulic-quick-connect-couplers-couplings-poppet-pioneer-style-6-sets\/#breadcrumb","itemListElement":[{"@type":"ListItem","position":1,"name":"Home","item":"https:\/\/hydropartsholland.com\/"},{"@type":"ListItem","position":2,"name":"Comercio","item":"https:\/\/hydropartsholland.com\/es\/tienda\/"},{"@type":"ListItem","position":3,"name":"Acopladores R\u00e1pidos Hidr\u00e1ulicos NPT de 1\/2&#8243; &#8211; Estilo Pionero de Asiento &#8211; 6 juegos"}]},{"@type":"WebSite","@id":"https:\/\/hydropartsholland.com\/#website","url":"https:\/\/hydropartsholland.com\/","name":"Hydropartsholland","description":"","publisher":{"@id":"https:\/\/hydropartsholland.com\/#organization"},"potentialAction":[{"@type":"SearchAction","target":{"@type":"EntryPoint","urlTemplate":"https:\/\/hydropartsholland.com\/?s={search_term_string}"},"query-input":"required name=search_term_string"}],"inLanguage":"es"},{"@type":"Organization","@id":"https:\/\/hydropartsholland.com\/#organization","name":"Spare Parts Holland","url":"https:\/\/hydropartsholland.com\/","logo":{"@type":"ImageObject","inLanguage":"es","@id":"https:\/\/hydropartsholland.com\/#\/schema\/logo\/image\/","url":"https:\/\/hydropartsholland.com\/wp-content\/uploads\/2022\/06\/spareparts-1.png","contentUrl":"https:\/\/hydropartsholland.com\/wp-content\/uploads\/2022\/06\/spareparts-1.png","width":824,"height":685,"caption":"Spare Parts Holland"},"image":{"@id":"https:\/\/hydropartsholland.com\/#\/schema\/logo\/image\/"}}]}},"_links":{"self":[{"href":"https:\/\/hydropartsholland.com\/es\/wp-json\/wp\/v2\/product\/6218","targetHints":{"allow":["GET"]}}],"collection":[{"href":"https:\/\/hydropartsholland.com\/es\/wp-json\/wp\/v2\/product"}],"about":[{"href":"https:\/\/hydropartsholland.com\/es\/wp-json\/wp\/v2\/types\/product"}],"replies":[{"embeddable":true,"href":"https:\/\/hydropartsholland.com\/es\/wp-json\/wp\/v2\/comments?post=6218"}],"wp:featuredmedia":[{"embeddable":true,"href":"https:\/\/hydropartsholland.com\/es\/wp-json\/wp\/v2\/media\/28939"}],"wp:attachment":[{"href":"https:\/\/hydropartsholland.com\/es\/wp-json\/wp\/v2\/media?parent=6218"}],"wp:term":[{"taxonomy":"product_cat","embeddable":true,"href":"https:\/\/hydropartsholland.com\/es\/wp-json\/wp\/v2\/product_cat?post=6218"},{"taxonomy":"product_tag","embeddable":true,"href":"https:\/\/hydropartsholland.com\/es\/wp-json\/wp\/v2\/product_tag?post=6218"}],"curies":[{"name":"wp","href":"https:\/\/api.w.org\/{rel}","templated":true}]}}