{"id":6094,"date":"2022-07-28T10:11:36","date_gmt":"2022-07-28T09:11:36","guid":{"rendered":"https:\/\/hydropartsholland.com\/product\/levelling-box-lh-deutz-5206-5506-6006-6206-6806-7206\/"},"modified":"2025-03-11T12:30:25","modified_gmt":"2025-03-11T11:30:25","slug":"levelling-box-lh-deutz-5206-5506-6006-6206-6806-7206","status":"publish","type":"product","link":"https:\/\/hydropartsholland.com\/es\/producto\/levelling-box-lh-deutz-5206-5506-6006-6206-6806-7206\/","title":{"rendered":"02384369 03471320 &#8211; Barra de Elevaci\u00f3n Ajustable (Zurdo) para Deutz 5206 5506 6006 6206 6806 7206"},"content":{"rendered":"<p>Barra de elevaci\u00f3n ajustable, izquierda,\u00a0para suspensi\u00f3n de tres puntos en el tractor Deutz.<\/p>\n<p>Adecuado para modelos Deutz: 5005, 7505U, 5206, 5506, 6006, 6206, 6806, 7206.<\/p>\n<p>N\u00famero(s) de comparaci\u00f3n OEM: 02384369, 03471320, 04315453, 71804878.<\/p>\n<ul>\n<li>Versi\u00f3n: completa, izquierda<\/li>\n<li>Longitud: 520 mm -720 mm (m\u00ednimo-m\u00e1ximo)<\/li>\n<li>Horquilla interior: 22mm<\/li>\n<li>\u00d8: 20 mm<\/li>\n<\/ul>\n","protected":false},"excerpt":{"rendered":"<ul>\n<li>Versi\u00f3n: completa, izquierda<\/li>\n<li>Longitud: 520 mm -720 mm (m\u00ednimo-m\u00e1ximo)<\/li>\n<li>Horquilla interior: 22mm<\/li>\n<li>\u00d8: 20 mm<\/li>\n<\/ul>\n","protected":false},"featured_media":2920,"comment_status":"open","ping_status":"closed","template":"","meta":{"inline_featured_image":false},"product_cat":[680,682],"product_tag":[],"class_list":{"0":"post-6094","1":"product","2":"type-product","3":"status-publish","4":"has-post-thumbnail","6":"product_cat-piezas-de-enlace","7":"product_cat-deutz-es-2","9":"first","10":"instock","11":"taxable","12":"shipping-taxable","13":"purchasable","14":"product-type-simple"},"yoast_head":"<!-- This site is optimized with the Yoast SEO plugin v23.3 - https:\/\/yoast.com\/wordpress\/plugins\/seo\/ -->\n<title>02384369 03471320 - Barra de Elevaci\u00f3n Ajustable (Zurdo) para Deutz 5206 5506 6006 6206 6806 7206 - Hydropartsholland<\/title>\n<meta name=\"description\" content=\"Barra de elevaci\u00f3n ajustable, izquierda,\u00a0para suspensi\u00f3n de tres puntos en el tractor Deutz. Longitud: 520 mm -720 mm (m\u00ednimo-m\u00e1ximo).\" \/>\n<meta name=\"robots\" content=\"index, follow, max-snippet:-1, max-image-preview:large, max-video-preview:-1\" \/>\n<link rel=\"canonical\" href=\"https:\/\/hydropartsholland.com\/es\/producto\/levelling-box-lh-deutz-5206-5506-6006-6206-6806-7206\/\" \/>\n<meta property=\"og:locale\" content=\"es_ES\" \/>\n<meta property=\"og:type\" content=\"article\" \/>\n<meta property=\"og:title\" content=\"02384369 03471320 - Barra de Elevaci\u00f3n Ajustable (Zurdo) para Deutz 5206 5506 6006 6206 6806 7206 - Hydropartsholland\" \/>\n<meta property=\"og:description\" content=\"Barra de elevaci\u00f3n ajustable, izquierda,\u00a0para suspensi\u00f3n de tres puntos en el tractor Deutz. Longitud: 520 mm -720 mm (m\u00ednimo-m\u00e1ximo).\" \/>\n<meta property=\"og:url\" content=\"https:\/\/hydropartsholland.com\/es\/producto\/levelling-box-lh-deutz-5206-5506-6006-6206-6806-7206\/\" \/>\n<meta property=\"og:site_name\" content=\"Hydropartsholland\" \/>\n<meta property=\"article:modified_time\" content=\"2025-03-11T11:30:25+00:00\" \/>\n<meta property=\"og:image\" content=\"https:\/\/hydropartsholland.com\/wp-content\/uploads\/2022\/07\/s-l1600-7-5.jpg\" \/>\n\t<meta property=\"og:image:width\" content=\"1500\" \/>\n\t<meta property=\"og:image:height\" content=\"1500\" \/>\n\t<meta property=\"og:image:type\" content=\"image\/jpeg\" \/>\n<meta name=\"twitter:card\" content=\"summary_large_image\" \/>\n<meta name=\"twitter:label1\" content=\"Tiempo de lectura\" \/>\n\t<meta name=\"twitter:data1\" content=\"1 minuto\" \/>\n<script type=\"application\/ld+json\" class=\"yoast-schema-graph\">{\"@context\":\"https:\/\/schema.org\",\"@graph\":[{\"@type\":\"WebPage\",\"@id\":\"https:\/\/hydropartsholland.com\/es\/producto\/levelling-box-lh-deutz-5206-5506-6006-6206-6806-7206\/\",\"url\":\"https:\/\/hydropartsholland.com\/es\/producto\/levelling-box-lh-deutz-5206-5506-6006-6206-6806-7206\/\",\"name\":\"02384369 03471320 - Barra de Elevaci\u00f3n Ajustable (Zurdo) para Deutz 5206 5506 6006 6206 6806 7206 - Hydropartsholland\",\"isPartOf\":{\"@id\":\"https:\/\/hydropartsholland.com\/#website\"},\"primaryImageOfPage\":{\"@id\":\"https:\/\/hydropartsholland.com\/es\/producto\/levelling-box-lh-deutz-5206-5506-6006-6206-6806-7206\/#primaryimage\"},\"image\":{\"@id\":\"https:\/\/hydropartsholland.com\/es\/producto\/levelling-box-lh-deutz-5206-5506-6006-6206-6806-7206\/#primaryimage\"},\"thumbnailUrl\":\"https:\/\/hydropartsholland.com\/wp-content\/uploads\/2022\/07\/s-l1600-7-5.jpg\",\"datePublished\":\"2022-07-28T09:11:36+00:00\",\"dateModified\":\"2025-03-11T11:30:25+00:00\",\"description\":\"Barra de elevaci\u00f3n ajustable, izquierda,\u00a0para suspensi\u00f3n de tres puntos en el tractor Deutz. Longitud: 520 mm -720 mm (m\u00ednimo-m\u00e1ximo).\",\"breadcrumb\":{\"@id\":\"https:\/\/hydropartsholland.com\/es\/producto\/levelling-box-lh-deutz-5206-5506-6006-6206-6806-7206\/#breadcrumb\"},\"inLanguage\":\"es\",\"potentialAction\":[{\"@type\":\"ReadAction\",\"target\":[\"https:\/\/hydropartsholland.com\/es\/producto\/levelling-box-lh-deutz-5206-5506-6006-6206-6806-7206\/\"]}]},{\"@type\":\"ImageObject\",\"inLanguage\":\"es\",\"@id\":\"https:\/\/hydropartsholland.com\/es\/producto\/levelling-box-lh-deutz-5206-5506-6006-6206-6806-7206\/#primaryimage\",\"url\":\"https:\/\/hydropartsholland.com\/wp-content\/uploads\/2022\/07\/s-l1600-7-5.jpg\",\"contentUrl\":\"https:\/\/hydropartsholland.com\/wp-content\/uploads\/2022\/07\/s-l1600-7-5.jpg\",\"width\":1500,\"height\":1500},{\"@type\":\"BreadcrumbList\",\"@id\":\"https:\/\/hydropartsholland.com\/es\/producto\/levelling-box-lh-deutz-5206-5506-6006-6206-6806-7206\/#breadcrumb\",\"itemListElement\":[{\"@type\":\"ListItem\",\"position\":1,\"name\":\"Home\",\"item\":\"https:\/\/hydropartsholland.com\/\"},{\"@type\":\"ListItem\",\"position\":2,\"name\":\"Comercio\",\"item\":\"https:\/\/hydropartsholland.com\/es\/tienda\/\"},{\"@type\":\"ListItem\",\"position\":3,\"name\":\"02384369 03471320 &#8211; Barra de Elevaci\u00f3n Ajustable (Zurdo) para Deutz 5206 5506 6006 6206 6806 7206\"}]},{\"@type\":\"WebSite\",\"@id\":\"https:\/\/hydropartsholland.com\/#website\",\"url\":\"https:\/\/hydropartsholland.com\/\",\"name\":\"Hydropartsholland\",\"description\":\"\",\"publisher\":{\"@id\":\"https:\/\/hydropartsholland.com\/#organization\"},\"potentialAction\":[{\"@type\":\"SearchAction\",\"target\":{\"@type\":\"EntryPoint\",\"urlTemplate\":\"https:\/\/hydropartsholland.com\/?s={search_term_string}\"},\"query-input\":\"required name=search_term_string\"}],\"inLanguage\":\"es\"},{\"@type\":\"Organization\",\"@id\":\"https:\/\/hydropartsholland.com\/#organization\",\"name\":\"Spare Parts Holland\",\"url\":\"https:\/\/hydropartsholland.com\/\",\"logo\":{\"@type\":\"ImageObject\",\"inLanguage\":\"es\",\"@id\":\"https:\/\/hydropartsholland.com\/#\/schema\/logo\/image\/\",\"url\":\"https:\/\/hydropartsholland.com\/wp-content\/uploads\/2022\/06\/spareparts-1.png\",\"contentUrl\":\"https:\/\/hydropartsholland.com\/wp-content\/uploads\/2022\/06\/spareparts-1.png\",\"width\":824,\"height\":685,\"caption\":\"Spare Parts Holland\"},\"image\":{\"@id\":\"https:\/\/hydropartsholland.com\/#\/schema\/logo\/image\/\"}}]}<\/script>\n<!-- \/ Yoast SEO plugin. -->","yoast_head_json":{"title":"02384369 03471320 - Barra de Elevaci\u00f3n Ajustable (Zurdo) para Deutz 5206 5506 6006 6206 6806 7206 - Hydropartsholland","description":"Barra de elevaci\u00f3n ajustable, izquierda,\u00a0para suspensi\u00f3n de tres puntos en el tractor Deutz. Longitud: 520 mm -720 mm (m\u00ednimo-m\u00e1ximo).","robots":{"index":"index","follow":"follow","max-snippet":"max-snippet:-1","max-image-preview":"max-image-preview:large","max-video-preview":"max-video-preview:-1"},"canonical":"https:\/\/hydropartsholland.com\/es\/producto\/levelling-box-lh-deutz-5206-5506-6006-6206-6806-7206\/","og_locale":"es_ES","og_type":"article","og_title":"02384369 03471320 - Barra de Elevaci\u00f3n Ajustable (Zurdo) para Deutz 5206 5506 6006 6206 6806 7206 - Hydropartsholland","og_description":"Barra de elevaci\u00f3n ajustable, izquierda,\u00a0para suspensi\u00f3n de tres puntos en el tractor Deutz. Longitud: 520 mm -720 mm (m\u00ednimo-m\u00e1ximo).","og_url":"https:\/\/hydropartsholland.com\/es\/producto\/levelling-box-lh-deutz-5206-5506-6006-6206-6806-7206\/","og_site_name":"Hydropartsholland","article_modified_time":"2025-03-11T11:30:25+00:00","og_image":[{"width":1500,"height":1500,"url":"https:\/\/hydropartsholland.com\/wp-content\/uploads\/2022\/07\/s-l1600-7-5.jpg","type":"image\/jpeg"}],"twitter_card":"summary_large_image","twitter_misc":{"Tiempo de lectura":"1 minuto"},"schema":{"@context":"https:\/\/schema.org","@graph":[{"@type":"WebPage","@id":"https:\/\/hydropartsholland.com\/es\/producto\/levelling-box-lh-deutz-5206-5506-6006-6206-6806-7206\/","url":"https:\/\/hydropartsholland.com\/es\/producto\/levelling-box-lh-deutz-5206-5506-6006-6206-6806-7206\/","name":"02384369 03471320 - Barra de Elevaci\u00f3n Ajustable (Zurdo) para Deutz 5206 5506 6006 6206 6806 7206 - Hydropartsholland","isPartOf":{"@id":"https:\/\/hydropartsholland.com\/#website"},"primaryImageOfPage":{"@id":"https:\/\/hydropartsholland.com\/es\/producto\/levelling-box-lh-deutz-5206-5506-6006-6206-6806-7206\/#primaryimage"},"image":{"@id":"https:\/\/hydropartsholland.com\/es\/producto\/levelling-box-lh-deutz-5206-5506-6006-6206-6806-7206\/#primaryimage"},"thumbnailUrl":"https:\/\/hydropartsholland.com\/wp-content\/uploads\/2022\/07\/s-l1600-7-5.jpg","datePublished":"2022-07-28T09:11:36+00:00","dateModified":"2025-03-11T11:30:25+00:00","description":"Barra de elevaci\u00f3n ajustable, izquierda,\u00a0para suspensi\u00f3n de tres puntos en el tractor Deutz. Longitud: 520 mm -720 mm (m\u00ednimo-m\u00e1ximo).","breadcrumb":{"@id":"https:\/\/hydropartsholland.com\/es\/producto\/levelling-box-lh-deutz-5206-5506-6006-6206-6806-7206\/#breadcrumb"},"inLanguage":"es","potentialAction":[{"@type":"ReadAction","target":["https:\/\/hydropartsholland.com\/es\/producto\/levelling-box-lh-deutz-5206-5506-6006-6206-6806-7206\/"]}]},{"@type":"ImageObject","inLanguage":"es","@id":"https:\/\/hydropartsholland.com\/es\/producto\/levelling-box-lh-deutz-5206-5506-6006-6206-6806-7206\/#primaryimage","url":"https:\/\/hydropartsholland.com\/wp-content\/uploads\/2022\/07\/s-l1600-7-5.jpg","contentUrl":"https:\/\/hydropartsholland.com\/wp-content\/uploads\/2022\/07\/s-l1600-7-5.jpg","width":1500,"height":1500},{"@type":"BreadcrumbList","@id":"https:\/\/hydropartsholland.com\/es\/producto\/levelling-box-lh-deutz-5206-5506-6006-6206-6806-7206\/#breadcrumb","itemListElement":[{"@type":"ListItem","position":1,"name":"Home","item":"https:\/\/hydropartsholland.com\/"},{"@type":"ListItem","position":2,"name":"Comercio","item":"https:\/\/hydropartsholland.com\/es\/tienda\/"},{"@type":"ListItem","position":3,"name":"02384369 03471320 &#8211; Barra de Elevaci\u00f3n Ajustable (Zurdo) para Deutz 5206 5506 6006 6206 6806 7206"}]},{"@type":"WebSite","@id":"https:\/\/hydropartsholland.com\/#website","url":"https:\/\/hydropartsholland.com\/","name":"Hydropartsholland","description":"","publisher":{"@id":"https:\/\/hydropartsholland.com\/#organization"},"potentialAction":[{"@type":"SearchAction","target":{"@type":"EntryPoint","urlTemplate":"https:\/\/hydropartsholland.com\/?s={search_term_string}"},"query-input":"required name=search_term_string"}],"inLanguage":"es"},{"@type":"Organization","@id":"https:\/\/hydropartsholland.com\/#organization","name":"Spare Parts Holland","url":"https:\/\/hydropartsholland.com\/","logo":{"@type":"ImageObject","inLanguage":"es","@id":"https:\/\/hydropartsholland.com\/#\/schema\/logo\/image\/","url":"https:\/\/hydropartsholland.com\/wp-content\/uploads\/2022\/06\/spareparts-1.png","contentUrl":"https:\/\/hydropartsholland.com\/wp-content\/uploads\/2022\/06\/spareparts-1.png","width":824,"height":685,"caption":"Spare Parts Holland"},"image":{"@id":"https:\/\/hydropartsholland.com\/#\/schema\/logo\/image\/"}}]}},"_links":{"self":[{"href":"https:\/\/hydropartsholland.com\/es\/wp-json\/wp\/v2\/product\/6094","targetHints":{"allow":["GET"]}}],"collection":[{"href":"https:\/\/hydropartsholland.com\/es\/wp-json\/wp\/v2\/product"}],"about":[{"href":"https:\/\/hydropartsholland.com\/es\/wp-json\/wp\/v2\/types\/product"}],"replies":[{"embeddable":true,"href":"https:\/\/hydropartsholland.com\/es\/wp-json\/wp\/v2\/comments?post=6094"}],"wp:featuredmedia":[{"embeddable":true,"href":"https:\/\/hydropartsholland.com\/es\/wp-json\/wp\/v2\/media\/2920"}],"wp:attachment":[{"href":"https:\/\/hydropartsholland.com\/es\/wp-json\/wp\/v2\/media?parent=6094"}],"wp:term":[{"taxonomy":"product_cat","embeddable":true,"href":"https:\/\/hydropartsholland.com\/es\/wp-json\/wp\/v2\/product_cat?post=6094"},{"taxonomy":"product_tag","embeddable":true,"href":"https:\/\/hydropartsholland.com\/es\/wp-json\/wp\/v2\/product_tag?post=6094"}],"curies":[{"name":"wp","href":"https:\/\/api.w.org\/{rel}","templated":true}]}}