{"id":6014,"date":"2025-07-22T14:51:37","date_gmt":"2025-07-22T13:51:37","guid":{"rendered":"https:\/\/hydropartsholland.com\/product\/hydraulic-toplink-cat-2-2-680%e2%86%921036mm-356mm-stroke\/"},"modified":"2025-03-11T12:27:54","modified_gmt":"2025-03-11T11:27:54","slug":"hydraulic-toplink-cat-2-2-680%e2%86%921036mm-356mm-stroke","status":"publish","type":"product","link":"https:\/\/hydropartsholland.com\/es\/producto\/hydraulic-toplink-cat-2-2-680%e2%86%921036mm-356mm-stroke\/","title":{"rendered":"Tercer Punto Hidr\u00e1ulico Cat 2 (680 &#8211; 1036 mm) con Engache R\u00e1pido, Bloque de Bloqueo y 2 Mangueras"},"content":{"rendered":"<p>Tercer punto hidr\u00e1ulico Cat. 2 con engaches r\u00e1pido, bloque de bloqueo y 2 mangueras.<\/p>\n<p>El tercer punto hidr\u00e1ulico que ofrecemos reemplaza el tercer punto hidr\u00e1ulico existente en el tractor y facilita su trabajo diario. Esto requiere una v\u00e1lvula de control de doble efecto en el tractor, una combinaci\u00f3n imbatible en combinaci\u00f3n con el bloque de bloqueo integrado *.<\/p>\n<p>* Al ajustar el tercer punto hidr\u00e1ulico v\u00e1lvula, es muy importante que la posici\u00f3n ajustada se mantenga incluso despu\u00e9s de un largo per\u00edodo de tiempo. Esto es dif\u00edcilmente posible con acoplamientos superiores sin bloque de bloqueo, porque las unidades de control del tractor no se bloquean con tanta fuerza. Por lo tanto, este tercer punto hidr\u00e1ulico v\u00e1lvula est\u00e1 equipado con un bloque de bloqueo. Con esta v\u00e1lvula, el aceite del cilindro est\u00e1 encerrado por una v\u00e1lvula de retenci\u00f3n. Solo cuando la presi\u00f3n de aceite regresa del tractor, la v\u00e1lvula se abre y el cilindro se puede ajustar.<\/p>\n<ul>\n<li>Excelente calidad y acabado y pintado de negro<\/li>\n<li>Incluido bloque de bloqueo<\/li>\n<li>Tercer punto hidr\u00e1ulico cat. 2<\/li>\n<li>2 conexiones hidr\u00e1ulicas<\/li>\n<li>La entrega est\u00e1 completamente ensamblada<\/li>\n<\/ul>\n<p>Especificaciones t\u00e9cnicas:<\/p>\n<ul>\n<li>Mangueras hidr\u00e1ulicas: 3\/8&#8243;<\/li>\n<li>Peso: alrededor de 17 kg<\/li>\n<\/ul>\n<p>2 mangueras hidr\u00e1ulicas con acoplamientos r\u00e1pidos macho de 1\/2&#8243; y cubierta antipolvo<\/p>\n","protected":false},"excerpt":{"rendered":"<ul>\n<li>Excelente calidad y acabado y pintado de negro<\/li>\n<li>Incluido Bloque de bloqueo<\/li>\n<li>Tercer punto hidr\u00e1ulico cat. 2<\/li>\n<li>2 conexiones hidr\u00e1ulicas<\/li>\n<li>La entrega est\u00e1 completamente ensamblada<\/li>\n<\/ul>\n","protected":false},"featured_media":3227,"comment_status":"open","ping_status":"closed","template":"","meta":{"inline_featured_image":false},"product_cat":[674,678],"product_tag":[],"class_list":{"0":"post-6014","1":"product","2":"type-product","3":"status-publish","4":"has-post-thumbnail","6":"product_cat-tercer-punto-hidraulico","7":"product_cat-engache-cat-2","9":"first","10":"instock","11":"taxable","12":"shipping-taxable","13":"purchasable","14":"product-type-simple"},"yoast_head":"<!-- This site is optimized with the Yoast SEO plugin v23.3 - https:\/\/yoast.com\/wordpress\/plugins\/seo\/ -->\n<title>Tercer Punto Hidr\u00e1ulico Cat 2 (680 - 1036 mm) con Engache R\u00e1pido, Bloque de Bloqueo y 2 Mangueras - Hydropartsholland<\/title>\n<meta name=\"description\" content=\"El tercer punto hidr\u00e1ulico que ofrecemos reemplaza el enlace superior existente en el tractor y facilita su trabajo diario.\" \/>\n<meta name=\"robots\" content=\"index, follow, max-snippet:-1, max-image-preview:large, max-video-preview:-1\" \/>\n<link rel=\"canonical\" href=\"https:\/\/hydropartsholland.com\/es\/producto\/hydraulic-toplink-cat-2-2-680\u21921036mm-356mm-stroke\/\" \/>\n<meta property=\"og:locale\" content=\"es_ES\" \/>\n<meta property=\"og:type\" content=\"article\" \/>\n<meta property=\"og:title\" content=\"Tercer Punto Hidr\u00e1ulico Cat 2 (680 - 1036 mm) con Engache R\u00e1pido, Bloque de Bloqueo y 2 Mangueras - Hydropartsholland\" \/>\n<meta property=\"og:description\" content=\"El tercer punto hidr\u00e1ulico que ofrecemos reemplaza el enlace superior existente en el tractor y facilita su trabajo diario.\" \/>\n<meta property=\"og:url\" content=\"https:\/\/hydropartsholland.com\/es\/producto\/hydraulic-toplink-cat-2-2-680\u21921036mm-356mm-stroke\/\" \/>\n<meta property=\"og:site_name\" content=\"Hydropartsholland\" \/>\n<meta property=\"article:modified_time\" content=\"2025-03-11T11:27:54+00:00\" \/>\n<meta property=\"og:image\" content=\"https:\/\/hydropartsholland.com\/wp-content\/uploads\/2022\/07\/5-scaled-1.jpg\" \/>\n\t<meta property=\"og:image:width\" content=\"2560\" \/>\n\t<meta property=\"og:image:height\" content=\"2432\" \/>\n\t<meta property=\"og:image:type\" content=\"image\/jpeg\" \/>\n<meta name=\"twitter:card\" content=\"summary_large_image\" \/>\n<meta name=\"twitter:label1\" content=\"Tiempo de lectura\" \/>\n\t<meta name=\"twitter:data1\" content=\"1 minuto\" \/>\n<script type=\"application\/ld+json\" class=\"yoast-schema-graph\">{\"@context\":\"https:\/\/schema.org\",\"@graph\":[{\"@type\":\"WebPage\",\"@id\":\"https:\/\/hydropartsholland.com\/es\/producto\/hydraulic-toplink-cat-2-2-680%e2%86%921036mm-356mm-stroke\/\",\"url\":\"https:\/\/hydropartsholland.com\/es\/producto\/hydraulic-toplink-cat-2-2-680%e2%86%921036mm-356mm-stroke\/\",\"name\":\"Tercer Punto Hidr\u00e1ulico Cat 2 (680 - 1036 mm) con Engache R\u00e1pido, Bloque de Bloqueo y 2 Mangueras - Hydropartsholland\",\"isPartOf\":{\"@id\":\"https:\/\/hydropartsholland.com\/#website\"},\"primaryImageOfPage\":{\"@id\":\"https:\/\/hydropartsholland.com\/es\/producto\/hydraulic-toplink-cat-2-2-680%e2%86%921036mm-356mm-stroke\/#primaryimage\"},\"image\":{\"@id\":\"https:\/\/hydropartsholland.com\/es\/producto\/hydraulic-toplink-cat-2-2-680%e2%86%921036mm-356mm-stroke\/#primaryimage\"},\"thumbnailUrl\":\"https:\/\/hydropartsholland.com\/wp-content\/uploads\/2022\/07\/5-scaled-1.jpg\",\"datePublished\":\"2025-07-22T13:51:37+00:00\",\"dateModified\":\"2025-03-11T11:27:54+00:00\",\"description\":\"El tercer punto hidr\u00e1ulico que ofrecemos reemplaza el enlace superior existente en el tractor y facilita su trabajo diario.\",\"breadcrumb\":{\"@id\":\"https:\/\/hydropartsholland.com\/es\/producto\/hydraulic-toplink-cat-2-2-680%e2%86%921036mm-356mm-stroke\/#breadcrumb\"},\"inLanguage\":\"es\",\"potentialAction\":[{\"@type\":\"ReadAction\",\"target\":[\"https:\/\/hydropartsholland.com\/es\/producto\/hydraulic-toplink-cat-2-2-680%e2%86%921036mm-356mm-stroke\/\"]}]},{\"@type\":\"ImageObject\",\"inLanguage\":\"es\",\"@id\":\"https:\/\/hydropartsholland.com\/es\/producto\/hydraulic-toplink-cat-2-2-680%e2%86%921036mm-356mm-stroke\/#primaryimage\",\"url\":\"https:\/\/hydropartsholland.com\/wp-content\/uploads\/2022\/07\/5-scaled-1.jpg\",\"contentUrl\":\"https:\/\/hydropartsholland.com\/wp-content\/uploads\/2022\/07\/5-scaled-1.jpg\",\"width\":2560,\"height\":2432},{\"@type\":\"BreadcrumbList\",\"@id\":\"https:\/\/hydropartsholland.com\/es\/producto\/hydraulic-toplink-cat-2-2-680%e2%86%921036mm-356mm-stroke\/#breadcrumb\",\"itemListElement\":[{\"@type\":\"ListItem\",\"position\":1,\"name\":\"Home\",\"item\":\"https:\/\/hydropartsholland.com\/\"},{\"@type\":\"ListItem\",\"position\":2,\"name\":\"Comercio\",\"item\":\"https:\/\/hydropartsholland.com\/es\/tienda\/\"},{\"@type\":\"ListItem\",\"position\":3,\"name\":\"Tercer Punto Hidr\u00e1ulico Cat 2 (680 &#8211; 1036 mm) con Engache R\u00e1pido, Bloque de Bloqueo y 2 Mangueras\"}]},{\"@type\":\"WebSite\",\"@id\":\"https:\/\/hydropartsholland.com\/#website\",\"url\":\"https:\/\/hydropartsholland.com\/\",\"name\":\"Hydropartsholland\",\"description\":\"\",\"publisher\":{\"@id\":\"https:\/\/hydropartsholland.com\/#organization\"},\"potentialAction\":[{\"@type\":\"SearchAction\",\"target\":{\"@type\":\"EntryPoint\",\"urlTemplate\":\"https:\/\/hydropartsholland.com\/?s={search_term_string}\"},\"query-input\":\"required name=search_term_string\"}],\"inLanguage\":\"es\"},{\"@type\":\"Organization\",\"@id\":\"https:\/\/hydropartsholland.com\/#organization\",\"name\":\"Spare Parts Holland\",\"url\":\"https:\/\/hydropartsholland.com\/\",\"logo\":{\"@type\":\"ImageObject\",\"inLanguage\":\"es\",\"@id\":\"https:\/\/hydropartsholland.com\/#\/schema\/logo\/image\/\",\"url\":\"https:\/\/hydropartsholland.com\/wp-content\/uploads\/2022\/06\/spareparts-1.png\",\"contentUrl\":\"https:\/\/hydropartsholland.com\/wp-content\/uploads\/2022\/06\/spareparts-1.png\",\"width\":824,\"height\":685,\"caption\":\"Spare Parts Holland\"},\"image\":{\"@id\":\"https:\/\/hydropartsholland.com\/#\/schema\/logo\/image\/\"}}]}<\/script>\n<!-- \/ Yoast SEO plugin. -->","yoast_head_json":{"title":"Tercer Punto Hidr\u00e1ulico Cat 2 (680 - 1036 mm) con Engache R\u00e1pido, Bloque de Bloqueo y 2 Mangueras - Hydropartsholland","description":"El tercer punto hidr\u00e1ulico que ofrecemos reemplaza el enlace superior existente en el tractor y facilita su trabajo diario.","robots":{"index":"index","follow":"follow","max-snippet":"max-snippet:-1","max-image-preview":"max-image-preview:large","max-video-preview":"max-video-preview:-1"},"canonical":"https:\/\/hydropartsholland.com\/es\/producto\/hydraulic-toplink-cat-2-2-680\u21921036mm-356mm-stroke\/","og_locale":"es_ES","og_type":"article","og_title":"Tercer Punto Hidr\u00e1ulico Cat 2 (680 - 1036 mm) con Engache R\u00e1pido, Bloque de Bloqueo y 2 Mangueras - Hydropartsholland","og_description":"El tercer punto hidr\u00e1ulico que ofrecemos reemplaza el enlace superior existente en el tractor y facilita su trabajo diario.","og_url":"https:\/\/hydropartsholland.com\/es\/producto\/hydraulic-toplink-cat-2-2-680\u21921036mm-356mm-stroke\/","og_site_name":"Hydropartsholland","article_modified_time":"2025-03-11T11:27:54+00:00","og_image":[{"width":2560,"height":2432,"url":"https:\/\/hydropartsholland.com\/wp-content\/uploads\/2022\/07\/5-scaled-1.jpg","type":"image\/jpeg"}],"twitter_card":"summary_large_image","twitter_misc":{"Tiempo de lectura":"1 minuto"},"schema":{"@context":"https:\/\/schema.org","@graph":[{"@type":"WebPage","@id":"https:\/\/hydropartsholland.com\/es\/producto\/hydraulic-toplink-cat-2-2-680%e2%86%921036mm-356mm-stroke\/","url":"https:\/\/hydropartsholland.com\/es\/producto\/hydraulic-toplink-cat-2-2-680%e2%86%921036mm-356mm-stroke\/","name":"Tercer Punto Hidr\u00e1ulico Cat 2 (680 - 1036 mm) con Engache R\u00e1pido, Bloque de Bloqueo y 2 Mangueras - Hydropartsholland","isPartOf":{"@id":"https:\/\/hydropartsholland.com\/#website"},"primaryImageOfPage":{"@id":"https:\/\/hydropartsholland.com\/es\/producto\/hydraulic-toplink-cat-2-2-680%e2%86%921036mm-356mm-stroke\/#primaryimage"},"image":{"@id":"https:\/\/hydropartsholland.com\/es\/producto\/hydraulic-toplink-cat-2-2-680%e2%86%921036mm-356mm-stroke\/#primaryimage"},"thumbnailUrl":"https:\/\/hydropartsholland.com\/wp-content\/uploads\/2022\/07\/5-scaled-1.jpg","datePublished":"2025-07-22T13:51:37+00:00","dateModified":"2025-03-11T11:27:54+00:00","description":"El tercer punto hidr\u00e1ulico que ofrecemos reemplaza el enlace superior existente en el tractor y facilita su trabajo diario.","breadcrumb":{"@id":"https:\/\/hydropartsholland.com\/es\/producto\/hydraulic-toplink-cat-2-2-680%e2%86%921036mm-356mm-stroke\/#breadcrumb"},"inLanguage":"es","potentialAction":[{"@type":"ReadAction","target":["https:\/\/hydropartsholland.com\/es\/producto\/hydraulic-toplink-cat-2-2-680%e2%86%921036mm-356mm-stroke\/"]}]},{"@type":"ImageObject","inLanguage":"es","@id":"https:\/\/hydropartsholland.com\/es\/producto\/hydraulic-toplink-cat-2-2-680%e2%86%921036mm-356mm-stroke\/#primaryimage","url":"https:\/\/hydropartsholland.com\/wp-content\/uploads\/2022\/07\/5-scaled-1.jpg","contentUrl":"https:\/\/hydropartsholland.com\/wp-content\/uploads\/2022\/07\/5-scaled-1.jpg","width":2560,"height":2432},{"@type":"BreadcrumbList","@id":"https:\/\/hydropartsholland.com\/es\/producto\/hydraulic-toplink-cat-2-2-680%e2%86%921036mm-356mm-stroke\/#breadcrumb","itemListElement":[{"@type":"ListItem","position":1,"name":"Home","item":"https:\/\/hydropartsholland.com\/"},{"@type":"ListItem","position":2,"name":"Comercio","item":"https:\/\/hydropartsholland.com\/es\/tienda\/"},{"@type":"ListItem","position":3,"name":"Tercer Punto Hidr\u00e1ulico Cat 2 (680 &#8211; 1036 mm) con Engache R\u00e1pido, Bloque de Bloqueo y 2 Mangueras"}]},{"@type":"WebSite","@id":"https:\/\/hydropartsholland.com\/#website","url":"https:\/\/hydropartsholland.com\/","name":"Hydropartsholland","description":"","publisher":{"@id":"https:\/\/hydropartsholland.com\/#organization"},"potentialAction":[{"@type":"SearchAction","target":{"@type":"EntryPoint","urlTemplate":"https:\/\/hydropartsholland.com\/?s={search_term_string}"},"query-input":"required name=search_term_string"}],"inLanguage":"es"},{"@type":"Organization","@id":"https:\/\/hydropartsholland.com\/#organization","name":"Spare Parts Holland","url":"https:\/\/hydropartsholland.com\/","logo":{"@type":"ImageObject","inLanguage":"es","@id":"https:\/\/hydropartsholland.com\/#\/schema\/logo\/image\/","url":"https:\/\/hydropartsholland.com\/wp-content\/uploads\/2022\/06\/spareparts-1.png","contentUrl":"https:\/\/hydropartsholland.com\/wp-content\/uploads\/2022\/06\/spareparts-1.png","width":824,"height":685,"caption":"Spare Parts Holland"},"image":{"@id":"https:\/\/hydropartsholland.com\/#\/schema\/logo\/image\/"}}]}},"_links":{"self":[{"href":"https:\/\/hydropartsholland.com\/es\/wp-json\/wp\/v2\/product\/6014","targetHints":{"allow":["GET"]}}],"collection":[{"href":"https:\/\/hydropartsholland.com\/es\/wp-json\/wp\/v2\/product"}],"about":[{"href":"https:\/\/hydropartsholland.com\/es\/wp-json\/wp\/v2\/types\/product"}],"replies":[{"embeddable":true,"href":"https:\/\/hydropartsholland.com\/es\/wp-json\/wp\/v2\/comments?post=6014"}],"wp:featuredmedia":[{"embeddable":true,"href":"https:\/\/hydropartsholland.com\/es\/wp-json\/wp\/v2\/media\/3227"}],"wp:attachment":[{"href":"https:\/\/hydropartsholland.com\/es\/wp-json\/wp\/v2\/media?parent=6014"}],"wp:term":[{"taxonomy":"product_cat","embeddable":true,"href":"https:\/\/hydropartsholland.com\/es\/wp-json\/wp\/v2\/product_cat?post=6014"},{"taxonomy":"product_tag","embeddable":true,"href":"https:\/\/hydropartsholland.com\/es\/wp-json\/wp\/v2\/product_tag?post=6014"}],"curies":[{"name":"wp","href":"https:\/\/api.w.org\/{rel}","templated":true}]}}