{"id":5977,"date":"2025-07-22T14:51:30","date_gmt":"2025-07-22T13:51:30","guid":{"rendered":"https:\/\/hydropartsholland.com\/product\/sj11129-hydraulic-quick-connect-coupler-for-john-deere-tractors-re219421\/"},"modified":"2025-03-11T12:27:46","modified_gmt":"2025-03-11T11:27:46","slug":"sj11129-hydraulic-quick-connect-coupler-for-john-deere-tractors-re219421","status":"publish","type":"product","link":"https:\/\/hydropartsholland.com\/es\/producto\/sj11129-hydraulic-quick-connect-coupler-for-john-deere-tractors-re219421\/","title":{"rendered":"RE219421 &#8211; Acoplador Hidr\u00e1ulico de Conexi\u00f3n R\u00e1pida para Tractor John Deere"},"content":{"rendered":"<p>Enganche r\u00e1pido hidr\u00e1ulico para tractores John Deere. Compatible con los siguientes modelos de tractor John Deere: 5050E, 5055E, 5065E, 5083E, 5093E, 5105, 5200, 5205, 5210, 5220, 5225, 5300, 5303, 5310, 5320, 5325, 5400, 5403, 5 403, 5 403 , 5410, 5410, 5320, 5325, 5400, 5403 5500, 5503, 5510, 5520, 5525, 5615, 5625, 5715, 5725, 6100D, 6125D, 6140D.<\/p>\n<ul>\n<li>El acoplador r\u00e1pido hidr\u00e1ulico reemplaza la pieza: SJ11129, SJ30426, RE255758, RE219420, RE219421, RE73041<\/li>\n<li>Acoplamiento macho 1-3\/16&#8243;-12 ORFS UN<\/li>\n<\/ul>\n","protected":false},"excerpt":{"rendered":"<ul>\n<li>El acoplador r\u00e1pido hidr\u00e1ulico reemplaza la pieza: SJ11129, SJ30426, RE255758, RE219420, RE219421, RE73041<\/li>\n<li>Acoplamiento macho 1-3\/16&#8243;-12 ORFS UN<\/li>\n<\/ul>\n","protected":false},"featured_media":28918,"comment_status":"open","ping_status":"closed","template":"","meta":{"inline_featured_image":false},"product_cat":[672],"product_tag":[],"class_list":{"0":"post-5977","1":"product","2":"type-product","3":"status-publish","4":"has-post-thumbnail","6":"product_cat-equipos-hidraulicos","8":"first","9":"instock","10":"taxable","11":"shipping-taxable","12":"purchasable","13":"product-type-simple"},"yoast_head":"<!-- This site is optimized with the Yoast SEO plugin v23.3 - https:\/\/yoast.com\/wordpress\/plugins\/seo\/ -->\n<title>RE219421 - Acoplador Hidr\u00e1ulico de Conexi\u00f3n R\u00e1pida para Tractor John Deere - Hydropartsholland<\/title>\n<meta name=\"description\" content=\"El acoplador r\u00e1pido hidr\u00e1ulico para tractores John Deere reemplaza la pieza: SJ11129, SJ30426, RE255758, RE219420, RE219421, RE73041\" \/>\n<meta name=\"robots\" content=\"index, follow, max-snippet:-1, max-image-preview:large, max-video-preview:-1\" \/>\n<link rel=\"canonical\" href=\"https:\/\/hydropartsholland.com\/es\/producto\/sj11129-hydraulic-quick-connect-coupler-for-john-deere-tractors-re219421\/\" \/>\n<meta property=\"og:locale\" content=\"es_ES\" \/>\n<meta property=\"og:type\" content=\"article\" \/>\n<meta property=\"og:title\" content=\"RE219421 - Acoplador Hidr\u00e1ulico de Conexi\u00f3n R\u00e1pida para Tractor John Deere - Hydropartsholland\" \/>\n<meta property=\"og:description\" content=\"El acoplador r\u00e1pido hidr\u00e1ulico para tractores John Deere reemplaza la pieza: SJ11129, SJ30426, RE255758, RE219420, RE219421, RE73041\" \/>\n<meta property=\"og:url\" content=\"https:\/\/hydropartsholland.com\/es\/producto\/sj11129-hydraulic-quick-connect-coupler-for-john-deere-tractors-re219421\/\" \/>\n<meta property=\"og:site_name\" content=\"Hydropartsholland\" \/>\n<meta property=\"article:modified_time\" content=\"2025-03-11T11:27:46+00:00\" \/>\n<meta property=\"og:image\" content=\"https:\/\/hydropartsholland.com\/wp-content\/uploads\/2022\/07\/DSCF6942-copy-3-scaled.jpg\" \/>\n\t<meta property=\"og:image:width\" content=\"2560\" \/>\n\t<meta property=\"og:image:height\" content=\"2560\" \/>\n\t<meta property=\"og:image:type\" content=\"image\/jpeg\" \/>\n<meta name=\"twitter:card\" content=\"summary_large_image\" \/>\n<meta name=\"twitter:label1\" content=\"Tiempo de lectura\" \/>\n\t<meta name=\"twitter:data1\" content=\"1 minuto\" \/>\n<script type=\"application\/ld+json\" class=\"yoast-schema-graph\">{\"@context\":\"https:\/\/schema.org\",\"@graph\":[{\"@type\":\"WebPage\",\"@id\":\"https:\/\/hydropartsholland.com\/es\/producto\/sj11129-hydraulic-quick-connect-coupler-for-john-deere-tractors-re219421\/\",\"url\":\"https:\/\/hydropartsholland.com\/es\/producto\/sj11129-hydraulic-quick-connect-coupler-for-john-deere-tractors-re219421\/\",\"name\":\"RE219421 - Acoplador Hidr\u00e1ulico de Conexi\u00f3n R\u00e1pida para Tractor John Deere - Hydropartsholland\",\"isPartOf\":{\"@id\":\"https:\/\/hydropartsholland.com\/#website\"},\"primaryImageOfPage\":{\"@id\":\"https:\/\/hydropartsholland.com\/es\/producto\/sj11129-hydraulic-quick-connect-coupler-for-john-deere-tractors-re219421\/#primaryimage\"},\"image\":{\"@id\":\"https:\/\/hydropartsholland.com\/es\/producto\/sj11129-hydraulic-quick-connect-coupler-for-john-deere-tractors-re219421\/#primaryimage\"},\"thumbnailUrl\":\"https:\/\/hydropartsholland.com\/wp-content\/uploads\/2022\/07\/DSCF6942-copy-3-scaled.jpg\",\"datePublished\":\"2025-07-22T13:51:30+00:00\",\"dateModified\":\"2025-03-11T11:27:46+00:00\",\"description\":\"El acoplador r\u00e1pido hidr\u00e1ulico para tractores John Deere reemplaza la pieza: SJ11129, SJ30426, RE255758, RE219420, RE219421, RE73041\",\"breadcrumb\":{\"@id\":\"https:\/\/hydropartsholland.com\/es\/producto\/sj11129-hydraulic-quick-connect-coupler-for-john-deere-tractors-re219421\/#breadcrumb\"},\"inLanguage\":\"es\",\"potentialAction\":[{\"@type\":\"ReadAction\",\"target\":[\"https:\/\/hydropartsholland.com\/es\/producto\/sj11129-hydraulic-quick-connect-coupler-for-john-deere-tractors-re219421\/\"]}]},{\"@type\":\"ImageObject\",\"inLanguage\":\"es\",\"@id\":\"https:\/\/hydropartsholland.com\/es\/producto\/sj11129-hydraulic-quick-connect-coupler-for-john-deere-tractors-re219421\/#primaryimage\",\"url\":\"https:\/\/hydropartsholland.com\/wp-content\/uploads\/2022\/07\/DSCF6942-copy-3-scaled.jpg\",\"contentUrl\":\"https:\/\/hydropartsholland.com\/wp-content\/uploads\/2022\/07\/DSCF6942-copy-3-scaled.jpg\",\"width\":2560,\"height\":2560},{\"@type\":\"BreadcrumbList\",\"@id\":\"https:\/\/hydropartsholland.com\/es\/producto\/sj11129-hydraulic-quick-connect-coupler-for-john-deere-tractors-re219421\/#breadcrumb\",\"itemListElement\":[{\"@type\":\"ListItem\",\"position\":1,\"name\":\"Home\",\"item\":\"https:\/\/hydropartsholland.com\/\"},{\"@type\":\"ListItem\",\"position\":2,\"name\":\"Comercio\",\"item\":\"https:\/\/hydropartsholland.com\/es\/tienda\/\"},{\"@type\":\"ListItem\",\"position\":3,\"name\":\"RE219421 &#8211; Acoplador Hidr\u00e1ulico de Conexi\u00f3n R\u00e1pida para Tractor John Deere\"}]},{\"@type\":\"WebSite\",\"@id\":\"https:\/\/hydropartsholland.com\/#website\",\"url\":\"https:\/\/hydropartsholland.com\/\",\"name\":\"Hydropartsholland\",\"description\":\"\",\"publisher\":{\"@id\":\"https:\/\/hydropartsholland.com\/#organization\"},\"potentialAction\":[{\"@type\":\"SearchAction\",\"target\":{\"@type\":\"EntryPoint\",\"urlTemplate\":\"https:\/\/hydropartsholland.com\/?s={search_term_string}\"},\"query-input\":\"required name=search_term_string\"}],\"inLanguage\":\"es\"},{\"@type\":\"Organization\",\"@id\":\"https:\/\/hydropartsholland.com\/#organization\",\"name\":\"Spare Parts Holland\",\"url\":\"https:\/\/hydropartsholland.com\/\",\"logo\":{\"@type\":\"ImageObject\",\"inLanguage\":\"es\",\"@id\":\"https:\/\/hydropartsholland.com\/#\/schema\/logo\/image\/\",\"url\":\"https:\/\/hydropartsholland.com\/wp-content\/uploads\/2022\/06\/spareparts-1.png\",\"contentUrl\":\"https:\/\/hydropartsholland.com\/wp-content\/uploads\/2022\/06\/spareparts-1.png\",\"width\":824,\"height\":685,\"caption\":\"Spare Parts Holland\"},\"image\":{\"@id\":\"https:\/\/hydropartsholland.com\/#\/schema\/logo\/image\/\"}}]}<\/script>\n<!-- \/ Yoast SEO plugin. -->","yoast_head_json":{"title":"RE219421 - Acoplador Hidr\u00e1ulico de Conexi\u00f3n R\u00e1pida para Tractor John Deere - Hydropartsholland","description":"El acoplador r\u00e1pido hidr\u00e1ulico para tractores John Deere reemplaza la pieza: SJ11129, SJ30426, RE255758, RE219420, RE219421, RE73041","robots":{"index":"index","follow":"follow","max-snippet":"max-snippet:-1","max-image-preview":"max-image-preview:large","max-video-preview":"max-video-preview:-1"},"canonical":"https:\/\/hydropartsholland.com\/es\/producto\/sj11129-hydraulic-quick-connect-coupler-for-john-deere-tractors-re219421\/","og_locale":"es_ES","og_type":"article","og_title":"RE219421 - Acoplador Hidr\u00e1ulico de Conexi\u00f3n R\u00e1pida para Tractor John Deere - Hydropartsholland","og_description":"El acoplador r\u00e1pido hidr\u00e1ulico para tractores John Deere reemplaza la pieza: SJ11129, SJ30426, RE255758, RE219420, RE219421, RE73041","og_url":"https:\/\/hydropartsholland.com\/es\/producto\/sj11129-hydraulic-quick-connect-coupler-for-john-deere-tractors-re219421\/","og_site_name":"Hydropartsholland","article_modified_time":"2025-03-11T11:27:46+00:00","og_image":[{"width":2560,"height":2560,"url":"https:\/\/hydropartsholland.com\/wp-content\/uploads\/2022\/07\/DSCF6942-copy-3-scaled.jpg","type":"image\/jpeg"}],"twitter_card":"summary_large_image","twitter_misc":{"Tiempo de lectura":"1 minuto"},"schema":{"@context":"https:\/\/schema.org","@graph":[{"@type":"WebPage","@id":"https:\/\/hydropartsholland.com\/es\/producto\/sj11129-hydraulic-quick-connect-coupler-for-john-deere-tractors-re219421\/","url":"https:\/\/hydropartsholland.com\/es\/producto\/sj11129-hydraulic-quick-connect-coupler-for-john-deere-tractors-re219421\/","name":"RE219421 - Acoplador Hidr\u00e1ulico de Conexi\u00f3n R\u00e1pida para Tractor John Deere - Hydropartsholland","isPartOf":{"@id":"https:\/\/hydropartsholland.com\/#website"},"primaryImageOfPage":{"@id":"https:\/\/hydropartsholland.com\/es\/producto\/sj11129-hydraulic-quick-connect-coupler-for-john-deere-tractors-re219421\/#primaryimage"},"image":{"@id":"https:\/\/hydropartsholland.com\/es\/producto\/sj11129-hydraulic-quick-connect-coupler-for-john-deere-tractors-re219421\/#primaryimage"},"thumbnailUrl":"https:\/\/hydropartsholland.com\/wp-content\/uploads\/2022\/07\/DSCF6942-copy-3-scaled.jpg","datePublished":"2025-07-22T13:51:30+00:00","dateModified":"2025-03-11T11:27:46+00:00","description":"El acoplador r\u00e1pido hidr\u00e1ulico para tractores John Deere reemplaza la pieza: SJ11129, SJ30426, RE255758, RE219420, RE219421, RE73041","breadcrumb":{"@id":"https:\/\/hydropartsholland.com\/es\/producto\/sj11129-hydraulic-quick-connect-coupler-for-john-deere-tractors-re219421\/#breadcrumb"},"inLanguage":"es","potentialAction":[{"@type":"ReadAction","target":["https:\/\/hydropartsholland.com\/es\/producto\/sj11129-hydraulic-quick-connect-coupler-for-john-deere-tractors-re219421\/"]}]},{"@type":"ImageObject","inLanguage":"es","@id":"https:\/\/hydropartsholland.com\/es\/producto\/sj11129-hydraulic-quick-connect-coupler-for-john-deere-tractors-re219421\/#primaryimage","url":"https:\/\/hydropartsholland.com\/wp-content\/uploads\/2022\/07\/DSCF6942-copy-3-scaled.jpg","contentUrl":"https:\/\/hydropartsholland.com\/wp-content\/uploads\/2022\/07\/DSCF6942-copy-3-scaled.jpg","width":2560,"height":2560},{"@type":"BreadcrumbList","@id":"https:\/\/hydropartsholland.com\/es\/producto\/sj11129-hydraulic-quick-connect-coupler-for-john-deere-tractors-re219421\/#breadcrumb","itemListElement":[{"@type":"ListItem","position":1,"name":"Home","item":"https:\/\/hydropartsholland.com\/"},{"@type":"ListItem","position":2,"name":"Comercio","item":"https:\/\/hydropartsholland.com\/es\/tienda\/"},{"@type":"ListItem","position":3,"name":"RE219421 &#8211; Acoplador Hidr\u00e1ulico de Conexi\u00f3n R\u00e1pida para Tractor John Deere"}]},{"@type":"WebSite","@id":"https:\/\/hydropartsholland.com\/#website","url":"https:\/\/hydropartsholland.com\/","name":"Hydropartsholland","description":"","publisher":{"@id":"https:\/\/hydropartsholland.com\/#organization"},"potentialAction":[{"@type":"SearchAction","target":{"@type":"EntryPoint","urlTemplate":"https:\/\/hydropartsholland.com\/?s={search_term_string}"},"query-input":"required name=search_term_string"}],"inLanguage":"es"},{"@type":"Organization","@id":"https:\/\/hydropartsholland.com\/#organization","name":"Spare Parts Holland","url":"https:\/\/hydropartsholland.com\/","logo":{"@type":"ImageObject","inLanguage":"es","@id":"https:\/\/hydropartsholland.com\/#\/schema\/logo\/image\/","url":"https:\/\/hydropartsholland.com\/wp-content\/uploads\/2022\/06\/spareparts-1.png","contentUrl":"https:\/\/hydropartsholland.com\/wp-content\/uploads\/2022\/06\/spareparts-1.png","width":824,"height":685,"caption":"Spare Parts Holland"},"image":{"@id":"https:\/\/hydropartsholland.com\/#\/schema\/logo\/image\/"}}]}},"_links":{"self":[{"href":"https:\/\/hydropartsholland.com\/es\/wp-json\/wp\/v2\/product\/5977","targetHints":{"allow":["GET"]}}],"collection":[{"href":"https:\/\/hydropartsholland.com\/es\/wp-json\/wp\/v2\/product"}],"about":[{"href":"https:\/\/hydropartsholland.com\/es\/wp-json\/wp\/v2\/types\/product"}],"replies":[{"embeddable":true,"href":"https:\/\/hydropartsholland.com\/es\/wp-json\/wp\/v2\/comments?post=5977"}],"wp:featuredmedia":[{"embeddable":true,"href":"https:\/\/hydropartsholland.com\/es\/wp-json\/wp\/v2\/media\/28918"}],"wp:attachment":[{"href":"https:\/\/hydropartsholland.com\/es\/wp-json\/wp\/v2\/media?parent=5977"}],"wp:term":[{"taxonomy":"product_cat","embeddable":true,"href":"https:\/\/hydropartsholland.com\/es\/wp-json\/wp\/v2\/product_cat?post=5977"},{"taxonomy":"product_tag","embeddable":true,"href":"https:\/\/hydropartsholland.com\/es\/wp-json\/wp\/v2\/product_tag?post=5977"}],"curies":[{"name":"wp","href":"https:\/\/api.w.org\/{rel}","templated":true}]}}