{"id":5974,"date":"2025-07-22T14:51:28","date_gmt":"2025-07-22T13:51:28","guid":{"rendered":"https:\/\/hydropartsholland.com\/product\/tractor-remote-6-port-diverter-valve-manual-2-into-4-ports\/"},"modified":"2025-03-11T12:27:44","modified_gmt":"2025-03-11T11:27:44","slug":"tractor-remote-6-port-diverter-valve-manual-2-into-4-ports","status":"publish","type":"product","link":"https:\/\/hydropartsholland.com\/es\/producto\/tractor-remote-6-port-diverter-valve-manual-2-into-4-ports\/","title":{"rendered":"Desviador de V\u00e1lvula Piloto Manual &#8211; 6 puertos &#8211; 2 a 4 puertos"},"content":{"rendered":"<p>Desviador de v\u00e1lvula piloto manual &#8211; 6 puertos &#8211; 2 a 4 puertos<\/p>\n<p>Agregue un conjunto adicional de controles en la parte trasera de los tractores para cambiar f\u00e1cilmente de un circuito hidr\u00e1ulico a otro. C\u00f3mo funciona esto. Si tiene un tractor con solo un juego de controles y remolca su remolque\/funci\u00f3n con 2 funciones separadas, con el desviador de 6 puertos instalado en una conexi\u00f3n, ahora tiene dos conexiones remotas separadas. Solo puede realizar una u otra funci\u00f3n a la vez. Con la palanca en una direcci\u00f3n, el flujo de aceite es seg\u00fan su funci\u00f3n &#8216;est\u00e1ndar&#8217;. Gire la manija del desviador y fluir\u00e1 su segunda funci\u00f3n.<\/p>\n<p>La v\u00e1lvula desviadora tiene tres pares de conexiones. El primero es para la entrada a la v\u00e1lvula de control del tractor. Los otros dos juegos de acopladores son el forraje para su equipo de transporte trasero. Estos atajos son el estilo Poppet agr\u00edcola m\u00e1s com\u00fan. Serie ISO 7241-1 A.<\/p>\n<p>\u00bfQu\u00e9 obtienes en este paquete?<\/p>\n<ul>\n<li>Desviador manual de 6 puertos de 90 lpm<\/li>\n<li>2 acoplamientos macho<\/li>\n<li>4 acoplamientos hembra<\/li>\n<li>Incluyendo adaptadores<\/li>\n<\/ul>\n<p>Existe la opci\u00f3n de suministrar conjuntos de manguera de dos cables estampados para permitir el montaje fuera del camino de sus conexiones. La longitud de la manguera es de 80 cm.<\/p>\n<p>Las puertas centrales son empujadas por el tractor, las puertas laterales son sus dos funciones.<\/p>\n<ul>\n<li>1\/2&#8243; tiene puerto Bspp 90 lpm<\/li>\n<\/ul>\n<p>Tambi\u00e9n vendemos adaptadores macho hembra de 90\u00b0 si desea reorientar sus poppets. Elige un tama\u00f1o de 1\/2&#8243; en la tienda y a\u00f1\u00e1delo al carrito.<\/p>\n","protected":false},"excerpt":{"rendered":"<ul>\n<li>Desviador manual de 6 puertos de 90 lpm<\/li>\n<li>2 acoplamientos macho<\/li>\n<li>4 acoplamientos hembra<\/li>\n<li>Incluyendo adaptadores<\/li>\n<\/ul>\n","protected":false},"featured_media":32693,"comment_status":"open","ping_status":"closed","template":"","meta":{"inline_featured_image":false},"product_cat":[672,700,638,702,701],"product_tag":[],"class_list":{"0":"post-5974","1":"product","2":"type-product","3":"status-publish","4":"has-post-thumbnail","6":"product_cat-equipos-hidraulicos","7":"product_cat-kit-de-valvula-remota-hidraulica-trasera","8":"product_cat-massey-ferguson-es","9":"product_cat-ford-es-3","10":"product_cat-fiat-es-2","12":"first","13":"instock","14":"featured","15":"taxable","16":"shipping-taxable","17":"purchasable","18":"product-type-simple"},"yoast_head":"<!-- This site is optimized with the Yoast SEO plugin v23.3 - https:\/\/yoast.com\/wordpress\/plugins\/seo\/ -->\n<title>Desviador de V\u00e1lvula Piloto Manual - 6 puertos - 2 a 4 puertos - Hydropartsholland<\/title>\n<meta name=\"description\" content=\"Agregue un conjunto adicional de controles en la parte trasera de los tractores para cambiar f\u00e1cilmente de un circuito hidr\u00e1ulico a otro.\" \/>\n<meta name=\"robots\" content=\"index, follow, max-snippet:-1, max-image-preview:large, max-video-preview:-1\" \/>\n<link rel=\"canonical\" href=\"https:\/\/hydropartsholland.com\/es\/producto\/tractor-remote-6-port-diverter-valve-manual-2-into-4-ports\/\" \/>\n<meta property=\"og:locale\" content=\"es_ES\" \/>\n<meta property=\"og:type\" content=\"article\" \/>\n<meta property=\"og:title\" content=\"Desviador de V\u00e1lvula Piloto Manual - 6 puertos - 2 a 4 puertos - Hydropartsholland\" \/>\n<meta property=\"og:description\" content=\"Agregue un conjunto adicional de controles en la parte trasera de los tractores para cambiar f\u00e1cilmente de un circuito hidr\u00e1ulico a otro.\" \/>\n<meta property=\"og:url\" content=\"https:\/\/hydropartsholland.com\/es\/producto\/tractor-remote-6-port-diverter-valve-manual-2-into-4-ports\/\" \/>\n<meta property=\"og:site_name\" content=\"Hydropartsholland\" \/>\n<meta property=\"article:modified_time\" content=\"2025-03-11T11:27:44+00:00\" \/>\n<meta property=\"og:image\" content=\"https:\/\/hydropartsholland.com\/wp-content\/uploads\/2022\/07\/Ana-resim.jpg\" \/>\n\t<meta property=\"og:image:width\" content=\"1600\" \/>\n\t<meta property=\"og:image:height\" content=\"1148\" \/>\n\t<meta property=\"og:image:type\" content=\"image\/jpeg\" \/>\n<meta name=\"twitter:card\" content=\"summary_large_image\" \/>\n<meta name=\"twitter:label1\" content=\"Tiempo de lectura\" \/>\n\t<meta name=\"twitter:data1\" content=\"2 minutos\" \/>\n<script type=\"application\/ld+json\" class=\"yoast-schema-graph\">{\"@context\":\"https:\/\/schema.org\",\"@graph\":[{\"@type\":\"WebPage\",\"@id\":\"https:\/\/hydropartsholland.com\/es\/producto\/tractor-remote-6-port-diverter-valve-manual-2-into-4-ports\/\",\"url\":\"https:\/\/hydropartsholland.com\/es\/producto\/tractor-remote-6-port-diverter-valve-manual-2-into-4-ports\/\",\"name\":\"Desviador de V\u00e1lvula Piloto Manual - 6 puertos - 2 a 4 puertos - Hydropartsholland\",\"isPartOf\":{\"@id\":\"https:\/\/hydropartsholland.com\/#website\"},\"primaryImageOfPage\":{\"@id\":\"https:\/\/hydropartsholland.com\/es\/producto\/tractor-remote-6-port-diverter-valve-manual-2-into-4-ports\/#primaryimage\"},\"image\":{\"@id\":\"https:\/\/hydropartsholland.com\/es\/producto\/tractor-remote-6-port-diverter-valve-manual-2-into-4-ports\/#primaryimage\"},\"thumbnailUrl\":\"https:\/\/hydropartsholland.com\/wp-content\/uploads\/2022\/07\/Ana-resim.jpg\",\"datePublished\":\"2025-07-22T13:51:28+00:00\",\"dateModified\":\"2025-03-11T11:27:44+00:00\",\"description\":\"Agregue un conjunto adicional de controles en la parte trasera de los tractores para cambiar f\u00e1cilmente de un circuito hidr\u00e1ulico a otro.\",\"breadcrumb\":{\"@id\":\"https:\/\/hydropartsholland.com\/es\/producto\/tractor-remote-6-port-diverter-valve-manual-2-into-4-ports\/#breadcrumb\"},\"inLanguage\":\"es\",\"potentialAction\":[{\"@type\":\"ReadAction\",\"target\":[\"https:\/\/hydropartsholland.com\/es\/producto\/tractor-remote-6-port-diverter-valve-manual-2-into-4-ports\/\"]}]},{\"@type\":\"ImageObject\",\"inLanguage\":\"es\",\"@id\":\"https:\/\/hydropartsholland.com\/es\/producto\/tractor-remote-6-port-diverter-valve-manual-2-into-4-ports\/#primaryimage\",\"url\":\"https:\/\/hydropartsholland.com\/wp-content\/uploads\/2022\/07\/Ana-resim.jpg\",\"contentUrl\":\"https:\/\/hydropartsholland.com\/wp-content\/uploads\/2022\/07\/Ana-resim.jpg\",\"width\":1600,\"height\":1148},{\"@type\":\"BreadcrumbList\",\"@id\":\"https:\/\/hydropartsholland.com\/es\/producto\/tractor-remote-6-port-diverter-valve-manual-2-into-4-ports\/#breadcrumb\",\"itemListElement\":[{\"@type\":\"ListItem\",\"position\":1,\"name\":\"Home\",\"item\":\"https:\/\/hydropartsholland.com\/\"},{\"@type\":\"ListItem\",\"position\":2,\"name\":\"Comercio\",\"item\":\"https:\/\/hydropartsholland.com\/es\/tienda\/\"},{\"@type\":\"ListItem\",\"position\":3,\"name\":\"Desviador de V\u00e1lvula Piloto Manual &#8211; 6 puertos &#8211; 2 a 4 puertos\"}]},{\"@type\":\"WebSite\",\"@id\":\"https:\/\/hydropartsholland.com\/#website\",\"url\":\"https:\/\/hydropartsholland.com\/\",\"name\":\"Hydropartsholland\",\"description\":\"\",\"publisher\":{\"@id\":\"https:\/\/hydropartsholland.com\/#organization\"},\"potentialAction\":[{\"@type\":\"SearchAction\",\"target\":{\"@type\":\"EntryPoint\",\"urlTemplate\":\"https:\/\/hydropartsholland.com\/?s={search_term_string}\"},\"query-input\":\"required name=search_term_string\"}],\"inLanguage\":\"es\"},{\"@type\":\"Organization\",\"@id\":\"https:\/\/hydropartsholland.com\/#organization\",\"name\":\"Spare Parts Holland\",\"url\":\"https:\/\/hydropartsholland.com\/\",\"logo\":{\"@type\":\"ImageObject\",\"inLanguage\":\"es\",\"@id\":\"https:\/\/hydropartsholland.com\/#\/schema\/logo\/image\/\",\"url\":\"https:\/\/hydropartsholland.com\/wp-content\/uploads\/2022\/06\/spareparts-1.png\",\"contentUrl\":\"https:\/\/hydropartsholland.com\/wp-content\/uploads\/2022\/06\/spareparts-1.png\",\"width\":824,\"height\":685,\"caption\":\"Spare Parts Holland\"},\"image\":{\"@id\":\"https:\/\/hydropartsholland.com\/#\/schema\/logo\/image\/\"}}]}<\/script>\n<!-- \/ Yoast SEO plugin. -->","yoast_head_json":{"title":"Desviador de V\u00e1lvula Piloto Manual - 6 puertos - 2 a 4 puertos - Hydropartsholland","description":"Agregue un conjunto adicional de controles en la parte trasera de los tractores para cambiar f\u00e1cilmente de un circuito hidr\u00e1ulico a otro.","robots":{"index":"index","follow":"follow","max-snippet":"max-snippet:-1","max-image-preview":"max-image-preview:large","max-video-preview":"max-video-preview:-1"},"canonical":"https:\/\/hydropartsholland.com\/es\/producto\/tractor-remote-6-port-diverter-valve-manual-2-into-4-ports\/","og_locale":"es_ES","og_type":"article","og_title":"Desviador de V\u00e1lvula Piloto Manual - 6 puertos - 2 a 4 puertos - Hydropartsholland","og_description":"Agregue un conjunto adicional de controles en la parte trasera de los tractores para cambiar f\u00e1cilmente de un circuito hidr\u00e1ulico a otro.","og_url":"https:\/\/hydropartsholland.com\/es\/producto\/tractor-remote-6-port-diverter-valve-manual-2-into-4-ports\/","og_site_name":"Hydropartsholland","article_modified_time":"2025-03-11T11:27:44+00:00","og_image":[{"width":1600,"height":1148,"url":"https:\/\/hydropartsholland.com\/wp-content\/uploads\/2022\/07\/Ana-resim.jpg","type":"image\/jpeg"}],"twitter_card":"summary_large_image","twitter_misc":{"Tiempo de lectura":"2 minutos"},"schema":{"@context":"https:\/\/schema.org","@graph":[{"@type":"WebPage","@id":"https:\/\/hydropartsholland.com\/es\/producto\/tractor-remote-6-port-diverter-valve-manual-2-into-4-ports\/","url":"https:\/\/hydropartsholland.com\/es\/producto\/tractor-remote-6-port-diverter-valve-manual-2-into-4-ports\/","name":"Desviador de V\u00e1lvula Piloto Manual - 6 puertos - 2 a 4 puertos - Hydropartsholland","isPartOf":{"@id":"https:\/\/hydropartsholland.com\/#website"},"primaryImageOfPage":{"@id":"https:\/\/hydropartsholland.com\/es\/producto\/tractor-remote-6-port-diverter-valve-manual-2-into-4-ports\/#primaryimage"},"image":{"@id":"https:\/\/hydropartsholland.com\/es\/producto\/tractor-remote-6-port-diverter-valve-manual-2-into-4-ports\/#primaryimage"},"thumbnailUrl":"https:\/\/hydropartsholland.com\/wp-content\/uploads\/2022\/07\/Ana-resim.jpg","datePublished":"2025-07-22T13:51:28+00:00","dateModified":"2025-03-11T11:27:44+00:00","description":"Agregue un conjunto adicional de controles en la parte trasera de los tractores para cambiar f\u00e1cilmente de un circuito hidr\u00e1ulico a otro.","breadcrumb":{"@id":"https:\/\/hydropartsholland.com\/es\/producto\/tractor-remote-6-port-diverter-valve-manual-2-into-4-ports\/#breadcrumb"},"inLanguage":"es","potentialAction":[{"@type":"ReadAction","target":["https:\/\/hydropartsholland.com\/es\/producto\/tractor-remote-6-port-diverter-valve-manual-2-into-4-ports\/"]}]},{"@type":"ImageObject","inLanguage":"es","@id":"https:\/\/hydropartsholland.com\/es\/producto\/tractor-remote-6-port-diverter-valve-manual-2-into-4-ports\/#primaryimage","url":"https:\/\/hydropartsholland.com\/wp-content\/uploads\/2022\/07\/Ana-resim.jpg","contentUrl":"https:\/\/hydropartsholland.com\/wp-content\/uploads\/2022\/07\/Ana-resim.jpg","width":1600,"height":1148},{"@type":"BreadcrumbList","@id":"https:\/\/hydropartsholland.com\/es\/producto\/tractor-remote-6-port-diverter-valve-manual-2-into-4-ports\/#breadcrumb","itemListElement":[{"@type":"ListItem","position":1,"name":"Home","item":"https:\/\/hydropartsholland.com\/"},{"@type":"ListItem","position":2,"name":"Comercio","item":"https:\/\/hydropartsholland.com\/es\/tienda\/"},{"@type":"ListItem","position":3,"name":"Desviador de V\u00e1lvula Piloto Manual &#8211; 6 puertos &#8211; 2 a 4 puertos"}]},{"@type":"WebSite","@id":"https:\/\/hydropartsholland.com\/#website","url":"https:\/\/hydropartsholland.com\/","name":"Hydropartsholland","description":"","publisher":{"@id":"https:\/\/hydropartsholland.com\/#organization"},"potentialAction":[{"@type":"SearchAction","target":{"@type":"EntryPoint","urlTemplate":"https:\/\/hydropartsholland.com\/?s={search_term_string}"},"query-input":"required name=search_term_string"}],"inLanguage":"es"},{"@type":"Organization","@id":"https:\/\/hydropartsholland.com\/#organization","name":"Spare Parts Holland","url":"https:\/\/hydropartsholland.com\/","logo":{"@type":"ImageObject","inLanguage":"es","@id":"https:\/\/hydropartsholland.com\/#\/schema\/logo\/image\/","url":"https:\/\/hydropartsholland.com\/wp-content\/uploads\/2022\/06\/spareparts-1.png","contentUrl":"https:\/\/hydropartsholland.com\/wp-content\/uploads\/2022\/06\/spareparts-1.png","width":824,"height":685,"caption":"Spare Parts Holland"},"image":{"@id":"https:\/\/hydropartsholland.com\/#\/schema\/logo\/image\/"}}]}},"_links":{"self":[{"href":"https:\/\/hydropartsholland.com\/es\/wp-json\/wp\/v2\/product\/5974","targetHints":{"allow":["GET"]}}],"collection":[{"href":"https:\/\/hydropartsholland.com\/es\/wp-json\/wp\/v2\/product"}],"about":[{"href":"https:\/\/hydropartsholland.com\/es\/wp-json\/wp\/v2\/types\/product"}],"replies":[{"embeddable":true,"href":"https:\/\/hydropartsholland.com\/es\/wp-json\/wp\/v2\/comments?post=5974"}],"wp:featuredmedia":[{"embeddable":true,"href":"https:\/\/hydropartsholland.com\/es\/wp-json\/wp\/v2\/media\/32693"}],"wp:attachment":[{"href":"https:\/\/hydropartsholland.com\/es\/wp-json\/wp\/v2\/media?parent=5974"}],"wp:term":[{"taxonomy":"product_cat","embeddable":true,"href":"https:\/\/hydropartsholland.com\/es\/wp-json\/wp\/v2\/product_cat?post=5974"},{"taxonomy":"product_tag","embeddable":true,"href":"https:\/\/hydropartsholland.com\/es\/wp-json\/wp\/v2\/product_tag?post=5974"}],"curies":[{"name":"wp","href":"https:\/\/api.w.org\/{rel}","templated":true}]}}