{"id":5863,"date":"2025-07-22T14:50:42","date_gmt":"2025-07-22T13:50:42","guid":{"rendered":"https:\/\/hydropartsholland.com\/product\/hydraulic-top-link-cat-1-1-360%e2%86%92470-mm\/"},"modified":"2025-03-11T13:07:47","modified_gmt":"2025-03-11T12:07:47","slug":"hydraulic-top-link-cat-1-1-360%e2%86%92470-mm","status":"publish","type":"product","link":"https:\/\/hydropartsholland.com\/es\/producto\/hydraulic-top-link-cat-1-1-360%e2%86%92470-mm\/","title":{"rendered":"Tercer Punto Hidr\u00e1ulico Cat 1-1 (360 &#8211; 470 mm) con Bloque de Bloqueo y 2 Mangueras"},"content":{"rendered":"<div>\n<p>Tercer Punto Hidr\u00e1ulico hidr\u00e1ulico cat 1 con bloque de bloqueo, 360-470 mm, con 2 x manguera.<\/p>\n<p>El tercer punto hidr\u00e1ulico que ofrecemos reemplaza el tercer punto hidr\u00e1ulico existente en el tractor y facilita su trabajo diario. Para ello es necesaria una v\u00e1lvula de control de doble efecto en el tractor, una combinaci\u00f3n imbatible en combinaci\u00f3n con el bloque de bloqueo integrado *.<\/p>\n<p>* Al ajustar el tercer punto hidr\u00e1ulico , es muy importante que la posici\u00f3n ajustada se mantenga incluso despu\u00e9s de un largo per\u00edodo de tiempo. Esto es dif\u00edcilmente posible con los tercer punto hidr\u00e1ulicos sin bloque de bloqueo, ya que las unidades de control del tractor no se bloquean con tanta fuerza. Por lo tanto, este tercer punto hidr\u00e1ulico est\u00e1 equipado con un bloque de bloqueo. Con esta v\u00e1lvula, el aceite est\u00e1 encerrado en el cilindro por una v\u00e1lvula de retenci\u00f3n. Solo cuando vuelve a haber presi\u00f3n de aceite en el tractor, se abre la v\u00e1lvula y se puede ajustar el cilindro.<\/p>\n<p>Mobiliario:<\/p>\n<\/div>\n<div>\n<ul>\n<li>Alta calidad y mano de obra y pintado<\/li>\n<li>Incluido Bloque de bloqueo<\/li>\n<li>2 conexiones hidr\u00e1ulicas<\/li>\n<li>La entrega est\u00e1 completamente ensamblada<\/li>\n<\/ul>\n<p>Especificaciones t\u00e9cnicas:<\/p>\n<ul>\n<li>Conexi\u00f3n hidr\u00e1ulica: 3\/8&#8243;<\/li>\n<li>Tercer punto hidr\u00e1ulico del tractor con orificios para pasadores de \u00d819 mm (3\/4&#8221;) en ambos extremos (el pist\u00f3n se puede girar seg\u00fan sea necesario)<\/li>\n<li>Ancho de bola: 44 mm (1-3\/4&#8221;) (ambos extremos)<\/li>\n<li>Di\u00e1metro del cilindro: \u00d850mm (2&#8221;)<\/li>\n<li>Di\u00e1metro de la biela superior Cat 1: \u00d830 mm (1-3\/16&#8221;)<\/li>\n<li>Presi\u00f3n hidr\u00e1ulica m\u00e1x. 250 bares<\/li>\n<li>Empuje: 3500 kg<\/li>\n<li>Fuerza de tracci\u00f3n: 2300 kg<\/li>\n<li>Peso alrededor de 8 kg<\/li>\n<li>2 mangueras hidr\u00e1ulicas con tap\u00f3n y cubierta antipolvo<\/li>\n<\/ul>\n<\/div>\n<div>\n<ul>\n<li>Conexi\u00f3n: 12-L mampara talla 3 (conector de acoplamiento habitual), racor 18-1,5 SW22 + racor<\/li>\n<li>Denominaci\u00f3n de la manguera Blue Flex SAE 100 3\/8 R2AT DIN EN 853 2SN DN10<\/li>\n<li>Presi\u00f3n de funcionamiento: 180 bar<\/li>\n<li>Longitud: 75cm<\/li>\n<\/ul>\n<\/div>\n","protected":false},"excerpt":{"rendered":"<ul>\n<li>Alta calidad y mano de obra y pintado<\/li>\n<li>Incluido Bloque de bloqueo<\/li>\n<li>2 conexiones hidr\u00e1ulicas<\/li>\n<li>La entrega est\u00e1 completamente ensamblada<\/li>\n<\/ul>\n","protected":false},"featured_media":3855,"comment_status":"open","ping_status":"closed","template":"","meta":{"inline_featured_image":false},"product_cat":[674,675],"product_tag":[],"class_list":{"0":"post-5863","1":"product","2":"type-product","3":"status-publish","4":"has-post-thumbnail","6":"product_cat-tercer-punto-hidraulico","7":"product_cat-cat-1-es","9":"first","10":"instock","11":"taxable","12":"shipping-taxable","13":"purchasable","14":"product-type-simple"},"yoast_head":"<!-- This site is optimized with the Yoast SEO plugin v23.3 - https:\/\/yoast.com\/wordpress\/plugins\/seo\/ -->\n<title>Tercer Punto Hidr\u00e1ulico Cat 1-1 (360 - 470 mm) con Bloque de Bloqueo y 2 Mangueras - Hydropartsholland<\/title>\n<meta name=\"description\" content=\"El tercer punto hidr\u00e1ulico que ofrecemos reemplaza el tercer punto hidr\u00e1ulico existente en el tractor y facilita su trabajo diario.\" \/>\n<meta name=\"robots\" content=\"index, follow, max-snippet:-1, max-image-preview:large, max-video-preview:-1\" \/>\n<link rel=\"canonical\" href=\"https:\/\/hydropartsholland.com\/es\/producto\/hydraulic-top-link-cat-1-1-360\u2192470-mm\/\" \/>\n<meta property=\"og:locale\" content=\"es_ES\" \/>\n<meta property=\"og:type\" content=\"article\" \/>\n<meta property=\"og:title\" content=\"Tercer Punto Hidr\u00e1ulico Cat 1-1 (360 - 470 mm) con Bloque de Bloqueo y 2 Mangueras - Hydropartsholland\" \/>\n<meta property=\"og:description\" content=\"El tercer punto hidr\u00e1ulico que ofrecemos reemplaza el tercer punto hidr\u00e1ulico existente en el tractor y facilita su trabajo diario.\" \/>\n<meta property=\"og:url\" content=\"https:\/\/hydropartsholland.com\/es\/producto\/hydraulic-top-link-cat-1-1-360\u2192470-mm\/\" \/>\n<meta property=\"og:site_name\" content=\"Hydropartsholland\" \/>\n<meta property=\"article:modified_time\" content=\"2025-03-11T12:07:47+00:00\" \/>\n<meta property=\"og:image\" content=\"https:\/\/hydropartsholland.com\/wp-content\/uploads\/2022\/07\/WhatsApp-Image-2022-02-04-at-01.27.59-1.jpeg\" \/>\n\t<meta property=\"og:image:width\" content=\"1075\" \/>\n\t<meta property=\"og:image:height\" content=\"839\" \/>\n\t<meta property=\"og:image:type\" content=\"image\/jpeg\" \/>\n<meta name=\"twitter:card\" content=\"summary_large_image\" \/>\n<meta name=\"twitter:label1\" content=\"Tiempo de lectura\" \/>\n\t<meta name=\"twitter:data1\" content=\"2 minutos\" \/>\n<script type=\"application\/ld+json\" class=\"yoast-schema-graph\">{\"@context\":\"https:\/\/schema.org\",\"@graph\":[{\"@type\":\"WebPage\",\"@id\":\"https:\/\/hydropartsholland.com\/es\/producto\/hydraulic-top-link-cat-1-1-360%e2%86%92470-mm\/\",\"url\":\"https:\/\/hydropartsholland.com\/es\/producto\/hydraulic-top-link-cat-1-1-360%e2%86%92470-mm\/\",\"name\":\"Tercer Punto Hidr\u00e1ulico Cat 1-1 (360 - 470 mm) con Bloque de Bloqueo y 2 Mangueras - Hydropartsholland\",\"isPartOf\":{\"@id\":\"https:\/\/hydropartsholland.com\/#website\"},\"primaryImageOfPage\":{\"@id\":\"https:\/\/hydropartsholland.com\/es\/producto\/hydraulic-top-link-cat-1-1-360%e2%86%92470-mm\/#primaryimage\"},\"image\":{\"@id\":\"https:\/\/hydropartsholland.com\/es\/producto\/hydraulic-top-link-cat-1-1-360%e2%86%92470-mm\/#primaryimage\"},\"thumbnailUrl\":\"https:\/\/hydropartsholland.com\/wp-content\/uploads\/2022\/07\/WhatsApp-Image-2022-02-04-at-01.27.59-1.jpeg\",\"datePublished\":\"2025-07-22T13:50:42+00:00\",\"dateModified\":\"2025-03-11T12:07:47+00:00\",\"description\":\"El tercer punto hidr\u00e1ulico que ofrecemos reemplaza el tercer punto hidr\u00e1ulico existente en el tractor y facilita su trabajo diario.\",\"breadcrumb\":{\"@id\":\"https:\/\/hydropartsholland.com\/es\/producto\/hydraulic-top-link-cat-1-1-360%e2%86%92470-mm\/#breadcrumb\"},\"inLanguage\":\"es\",\"potentialAction\":[{\"@type\":\"ReadAction\",\"target\":[\"https:\/\/hydropartsholland.com\/es\/producto\/hydraulic-top-link-cat-1-1-360%e2%86%92470-mm\/\"]}]},{\"@type\":\"ImageObject\",\"inLanguage\":\"es\",\"@id\":\"https:\/\/hydropartsholland.com\/es\/producto\/hydraulic-top-link-cat-1-1-360%e2%86%92470-mm\/#primaryimage\",\"url\":\"https:\/\/hydropartsholland.com\/wp-content\/uploads\/2022\/07\/WhatsApp-Image-2022-02-04-at-01.27.59-1.jpeg\",\"contentUrl\":\"https:\/\/hydropartsholland.com\/wp-content\/uploads\/2022\/07\/WhatsApp-Image-2022-02-04-at-01.27.59-1.jpeg\",\"width\":1075,\"height\":839},{\"@type\":\"BreadcrumbList\",\"@id\":\"https:\/\/hydropartsholland.com\/es\/producto\/hydraulic-top-link-cat-1-1-360%e2%86%92470-mm\/#breadcrumb\",\"itemListElement\":[{\"@type\":\"ListItem\",\"position\":1,\"name\":\"Home\",\"item\":\"https:\/\/hydropartsholland.com\/\"},{\"@type\":\"ListItem\",\"position\":2,\"name\":\"Comercio\",\"item\":\"https:\/\/hydropartsholland.com\/es\/tienda\/\"},{\"@type\":\"ListItem\",\"position\":3,\"name\":\"Tercer Punto Hidr\u00e1ulico Cat 1-1 (360 &#8211; 470 mm) con Bloque de Bloqueo y 2 Mangueras\"}]},{\"@type\":\"WebSite\",\"@id\":\"https:\/\/hydropartsholland.com\/#website\",\"url\":\"https:\/\/hydropartsholland.com\/\",\"name\":\"Hydropartsholland\",\"description\":\"\",\"publisher\":{\"@id\":\"https:\/\/hydropartsholland.com\/#organization\"},\"potentialAction\":[{\"@type\":\"SearchAction\",\"target\":{\"@type\":\"EntryPoint\",\"urlTemplate\":\"https:\/\/hydropartsholland.com\/?s={search_term_string}\"},\"query-input\":\"required name=search_term_string\"}],\"inLanguage\":\"es\"},{\"@type\":\"Organization\",\"@id\":\"https:\/\/hydropartsholland.com\/#organization\",\"name\":\"Spare Parts Holland\",\"url\":\"https:\/\/hydropartsholland.com\/\",\"logo\":{\"@type\":\"ImageObject\",\"inLanguage\":\"es\",\"@id\":\"https:\/\/hydropartsholland.com\/#\/schema\/logo\/image\/\",\"url\":\"https:\/\/hydropartsholland.com\/wp-content\/uploads\/2022\/06\/spareparts-1.png\",\"contentUrl\":\"https:\/\/hydropartsholland.com\/wp-content\/uploads\/2022\/06\/spareparts-1.png\",\"width\":824,\"height\":685,\"caption\":\"Spare Parts Holland\"},\"image\":{\"@id\":\"https:\/\/hydropartsholland.com\/#\/schema\/logo\/image\/\"}}]}<\/script>\n<!-- \/ Yoast SEO plugin. -->","yoast_head_json":{"title":"Tercer Punto Hidr\u00e1ulico Cat 1-1 (360 - 470 mm) con Bloque de Bloqueo y 2 Mangueras - Hydropartsholland","description":"El tercer punto hidr\u00e1ulico que ofrecemos reemplaza el tercer punto hidr\u00e1ulico existente en el tractor y facilita su trabajo diario.","robots":{"index":"index","follow":"follow","max-snippet":"max-snippet:-1","max-image-preview":"max-image-preview:large","max-video-preview":"max-video-preview:-1"},"canonical":"https:\/\/hydropartsholland.com\/es\/producto\/hydraulic-top-link-cat-1-1-360\u2192470-mm\/","og_locale":"es_ES","og_type":"article","og_title":"Tercer Punto Hidr\u00e1ulico Cat 1-1 (360 - 470 mm) con Bloque de Bloqueo y 2 Mangueras - Hydropartsholland","og_description":"El tercer punto hidr\u00e1ulico que ofrecemos reemplaza el tercer punto hidr\u00e1ulico existente en el tractor y facilita su trabajo diario.","og_url":"https:\/\/hydropartsholland.com\/es\/producto\/hydraulic-top-link-cat-1-1-360\u2192470-mm\/","og_site_name":"Hydropartsholland","article_modified_time":"2025-03-11T12:07:47+00:00","og_image":[{"width":1075,"height":839,"url":"https:\/\/hydropartsholland.com\/wp-content\/uploads\/2022\/07\/WhatsApp-Image-2022-02-04-at-01.27.59-1.jpeg","type":"image\/jpeg"}],"twitter_card":"summary_large_image","twitter_misc":{"Tiempo de lectura":"2 minutos"},"schema":{"@context":"https:\/\/schema.org","@graph":[{"@type":"WebPage","@id":"https:\/\/hydropartsholland.com\/es\/producto\/hydraulic-top-link-cat-1-1-360%e2%86%92470-mm\/","url":"https:\/\/hydropartsholland.com\/es\/producto\/hydraulic-top-link-cat-1-1-360%e2%86%92470-mm\/","name":"Tercer Punto Hidr\u00e1ulico Cat 1-1 (360 - 470 mm) con Bloque de Bloqueo y 2 Mangueras - Hydropartsholland","isPartOf":{"@id":"https:\/\/hydropartsholland.com\/#website"},"primaryImageOfPage":{"@id":"https:\/\/hydropartsholland.com\/es\/producto\/hydraulic-top-link-cat-1-1-360%e2%86%92470-mm\/#primaryimage"},"image":{"@id":"https:\/\/hydropartsholland.com\/es\/producto\/hydraulic-top-link-cat-1-1-360%e2%86%92470-mm\/#primaryimage"},"thumbnailUrl":"https:\/\/hydropartsholland.com\/wp-content\/uploads\/2022\/07\/WhatsApp-Image-2022-02-04-at-01.27.59-1.jpeg","datePublished":"2025-07-22T13:50:42+00:00","dateModified":"2025-03-11T12:07:47+00:00","description":"El tercer punto hidr\u00e1ulico que ofrecemos reemplaza el tercer punto hidr\u00e1ulico existente en el tractor y facilita su trabajo diario.","breadcrumb":{"@id":"https:\/\/hydropartsholland.com\/es\/producto\/hydraulic-top-link-cat-1-1-360%e2%86%92470-mm\/#breadcrumb"},"inLanguage":"es","potentialAction":[{"@type":"ReadAction","target":["https:\/\/hydropartsholland.com\/es\/producto\/hydraulic-top-link-cat-1-1-360%e2%86%92470-mm\/"]}]},{"@type":"ImageObject","inLanguage":"es","@id":"https:\/\/hydropartsholland.com\/es\/producto\/hydraulic-top-link-cat-1-1-360%e2%86%92470-mm\/#primaryimage","url":"https:\/\/hydropartsholland.com\/wp-content\/uploads\/2022\/07\/WhatsApp-Image-2022-02-04-at-01.27.59-1.jpeg","contentUrl":"https:\/\/hydropartsholland.com\/wp-content\/uploads\/2022\/07\/WhatsApp-Image-2022-02-04-at-01.27.59-1.jpeg","width":1075,"height":839},{"@type":"BreadcrumbList","@id":"https:\/\/hydropartsholland.com\/es\/producto\/hydraulic-top-link-cat-1-1-360%e2%86%92470-mm\/#breadcrumb","itemListElement":[{"@type":"ListItem","position":1,"name":"Home","item":"https:\/\/hydropartsholland.com\/"},{"@type":"ListItem","position":2,"name":"Comercio","item":"https:\/\/hydropartsholland.com\/es\/tienda\/"},{"@type":"ListItem","position":3,"name":"Tercer Punto Hidr\u00e1ulico Cat 1-1 (360 &#8211; 470 mm) con Bloque de Bloqueo y 2 Mangueras"}]},{"@type":"WebSite","@id":"https:\/\/hydropartsholland.com\/#website","url":"https:\/\/hydropartsholland.com\/","name":"Hydropartsholland","description":"","publisher":{"@id":"https:\/\/hydropartsholland.com\/#organization"},"potentialAction":[{"@type":"SearchAction","target":{"@type":"EntryPoint","urlTemplate":"https:\/\/hydropartsholland.com\/?s={search_term_string}"},"query-input":"required name=search_term_string"}],"inLanguage":"es"},{"@type":"Organization","@id":"https:\/\/hydropartsholland.com\/#organization","name":"Spare Parts Holland","url":"https:\/\/hydropartsholland.com\/","logo":{"@type":"ImageObject","inLanguage":"es","@id":"https:\/\/hydropartsholland.com\/#\/schema\/logo\/image\/","url":"https:\/\/hydropartsholland.com\/wp-content\/uploads\/2022\/06\/spareparts-1.png","contentUrl":"https:\/\/hydropartsholland.com\/wp-content\/uploads\/2022\/06\/spareparts-1.png","width":824,"height":685,"caption":"Spare Parts Holland"},"image":{"@id":"https:\/\/hydropartsholland.com\/#\/schema\/logo\/image\/"}}]}},"_links":{"self":[{"href":"https:\/\/hydropartsholland.com\/es\/wp-json\/wp\/v2\/product\/5863","targetHints":{"allow":["GET"]}}],"collection":[{"href":"https:\/\/hydropartsholland.com\/es\/wp-json\/wp\/v2\/product"}],"about":[{"href":"https:\/\/hydropartsholland.com\/es\/wp-json\/wp\/v2\/types\/product"}],"replies":[{"embeddable":true,"href":"https:\/\/hydropartsholland.com\/es\/wp-json\/wp\/v2\/comments?post=5863"}],"wp:featuredmedia":[{"embeddable":true,"href":"https:\/\/hydropartsholland.com\/es\/wp-json\/wp\/v2\/media\/3855"}],"wp:attachment":[{"href":"https:\/\/hydropartsholland.com\/es\/wp-json\/wp\/v2\/media?parent=5863"}],"wp:term":[{"taxonomy":"product_cat","embeddable":true,"href":"https:\/\/hydropartsholland.com\/es\/wp-json\/wp\/v2\/product_cat?post=5863"},{"taxonomy":"product_tag","embeddable":true,"href":"https:\/\/hydropartsholland.com\/es\/wp-json\/wp\/v2\/product_tag?post=5863"}],"curies":[{"name":"wp","href":"https:\/\/api.w.org\/{rel}","templated":true}]}}