{"id":5860,"date":"2025-07-22T14:50:33","date_gmt":"2025-07-22T13:50:33","guid":{"rendered":"https:\/\/hydropartsholland.com\/product\/double-acting-hydraulic-cylinder-with-end-plug-hole\/"},"modified":"2025-03-11T13:04:51","modified_gmt":"2025-03-11T12:04:51","slug":"cilindro-hidraulico-de-doble-efecto-con-tapon-agujero","status":"publish","type":"product","link":"https:\/\/hydropartsholland.com\/es\/producto\/cilindro-hidraulico-de-doble-efecto-con-tapon-agujero\/","title":{"rendered":"Cilindro Hidr\u00e1ulico de Doble Efecto Con Orificio Tap\u00f3n Final (varias variantes)"},"content":{"rendered":"<p>Nuestros cilindros hidr\u00e1ulicos est\u00e1n hechos de acero de alta calidad y son una soluci\u00f3n inteligente para reemplazar cilindros defectuosos o para adaptarlos a requisitos individuales. El cilindro hidr\u00e1ulico est\u00e1 hecho de un tubo de acero pulido. El tubo revestido desde el interior estaba hecho del material S235 JR. El v\u00e1stago del pist\u00f3n se ha cromado duro, al igual que las mordazas del pist\u00f3n. Este tratamiento superficial especial suaviza el acero y reduce al m\u00ednimo el desgaste de las juntas. Este tipo de cromado tambi\u00e9n aumenta significativamente la resistencia. Esto tambi\u00e9n nos permite garantizar una larga vida \u00fatil gracias a la protecci\u00f3n contra la corrosi\u00f3n. La fuerza de compresi\u00f3n y tracci\u00f3n especificada por nosotros se especifica a una presi\u00f3n de funcionamiento de 180 bar.<\/p>\n<ul>\n<li>V\u00e1stago de pist\u00f3n cromado duro<\/li>\n<li>Tubo de acero pulido<\/li>\n<li>Presi\u00f3n de funcionamiento 180bar<\/li>\n<li>Tambi\u00e9n puede cargarlo hasta una presi\u00f3n m\u00e1xima de 230 bar.<\/li>\n<li>Pintado de negro<\/li>\n<li>Puertos de 3\/8\u201d<\/li>\n<\/ul>\n","protected":false},"excerpt":{"rendered":"<ul>\n<li>V\u00e1stago de pist\u00f3n cromado duro<\/li>\n<li>Tubo de acero pulido<\/li>\n<li>Presi\u00f3n de funcionamiento 180bar<\/li>\n<li>Tambi\u00e9n puede cargarlo hasta una presi\u00f3n m\u00e1xima de 230 bar.<\/li>\n<li>Pintado de negro<\/li>\n<li>Puertos de 3\/8\u201d<\/li>\n<\/ul>\n","protected":false},"featured_media":33265,"comment_status":"open","ping_status":"closed","template":"","meta":{"inline_featured_image":false},"product_cat":[2189],"product_tag":[],"class_list":{"0":"post-5860","1":"product","2":"type-product","3":"status-publish","4":"has-post-thumbnail","6":"product_cat-cilindros-hidraulicos","8":"first","9":"instock","10":"taxable","11":"shipping-taxable","12":"purchasable","13":"product-type-variable"},"yoast_head":"<!-- This site is optimized with the Yoast SEO plugin v23.3 - https:\/\/yoast.com\/wordpress\/plugins\/seo\/ -->\n<title>Cilindro Hidr\u00e1ulico de Doble Efecto Con Orificio Tap\u00f3n Final (varias variantes) - Hydropartsholland<\/title>\n<meta name=\"description\" content=\"Nuestros cilindros hidr\u00e1ulicos est\u00e1n hechos de acero de alta calidad y son una soluci\u00f3n inteligente para reemplazar cilindros defectuosos.\" \/>\n<meta name=\"robots\" content=\"index, follow, max-snippet:-1, max-image-preview:large, max-video-preview:-1\" \/>\n<link rel=\"canonical\" href=\"https:\/\/hydropartsholland.com\/es\/producto\/cilindro-hidraulico-de-doble-efecto-con-tapon-agujero\/\" \/>\n<meta property=\"og:locale\" content=\"es_ES\" \/>\n<meta property=\"og:type\" content=\"article\" \/>\n<meta property=\"og:title\" content=\"Cilindro Hidr\u00e1ulico de Doble Efecto Con Orificio Tap\u00f3n Final (varias variantes) - Hydropartsholland\" \/>\n<meta property=\"og:description\" content=\"Nuestros cilindros hidr\u00e1ulicos est\u00e1n hechos de acero de alta calidad y son una soluci\u00f3n inteligente para reemplazar cilindros defectuosos.\" \/>\n<meta property=\"og:url\" content=\"https:\/\/hydropartsholland.com\/es\/producto\/cilindro-hidraulico-de-doble-efecto-con-tapon-agujero\/\" \/>\n<meta property=\"og:site_name\" content=\"Hydropartsholland\" \/>\n<meta property=\"article:modified_time\" content=\"2025-03-11T12:04:51+00:00\" \/>\n<meta property=\"og:image\" content=\"https:\/\/hydropartsholland.com\/wp-content\/uploads\/2022\/07\/1-39-scaled.jpg\" \/>\n\t<meta property=\"og:image:width\" content=\"2560\" \/>\n\t<meta property=\"og:image:height\" content=\"2560\" \/>\n\t<meta property=\"og:image:type\" content=\"image\/jpeg\" \/>\n<meta name=\"twitter:card\" content=\"summary_large_image\" \/>\n<meta name=\"twitter:label1\" content=\"Tiempo de lectura\" \/>\n\t<meta name=\"twitter:data1\" content=\"1 minuto\" \/>\n<script type=\"application\/ld+json\" class=\"yoast-schema-graph\">{\"@context\":\"https:\/\/schema.org\",\"@graph\":[{\"@type\":\"WebPage\",\"@id\":\"https:\/\/hydropartsholland.com\/es\/producto\/cilindro-hidraulico-de-doble-efecto-con-tapon-agujero\/\",\"url\":\"https:\/\/hydropartsholland.com\/es\/producto\/cilindro-hidraulico-de-doble-efecto-con-tapon-agujero\/\",\"name\":\"Cilindro Hidr\u00e1ulico de Doble Efecto Con Orificio Tap\u00f3n Final (varias variantes) - Hydropartsholland\",\"isPartOf\":{\"@id\":\"https:\/\/hydropartsholland.com\/#website\"},\"primaryImageOfPage\":{\"@id\":\"https:\/\/hydropartsholland.com\/es\/producto\/cilindro-hidraulico-de-doble-efecto-con-tapon-agujero\/#primaryimage\"},\"image\":{\"@id\":\"https:\/\/hydropartsholland.com\/es\/producto\/cilindro-hidraulico-de-doble-efecto-con-tapon-agujero\/#primaryimage\"},\"thumbnailUrl\":\"https:\/\/hydropartsholland.com\/wp-content\/uploads\/2022\/07\/1-39-scaled.jpg\",\"datePublished\":\"2025-07-22T13:50:33+00:00\",\"dateModified\":\"2025-03-11T12:04:51+00:00\",\"description\":\"Nuestros cilindros hidr\u00e1ulicos est\u00e1n hechos de acero de alta calidad y son una soluci\u00f3n inteligente para reemplazar cilindros defectuosos.\",\"breadcrumb\":{\"@id\":\"https:\/\/hydropartsholland.com\/es\/producto\/cilindro-hidraulico-de-doble-efecto-con-tapon-agujero\/#breadcrumb\"},\"inLanguage\":\"es\",\"potentialAction\":[{\"@type\":\"ReadAction\",\"target\":[\"https:\/\/hydropartsholland.com\/es\/producto\/cilindro-hidraulico-de-doble-efecto-con-tapon-agujero\/\"]}]},{\"@type\":\"ImageObject\",\"inLanguage\":\"es\",\"@id\":\"https:\/\/hydropartsholland.com\/es\/producto\/cilindro-hidraulico-de-doble-efecto-con-tapon-agujero\/#primaryimage\",\"url\":\"https:\/\/hydropartsholland.com\/wp-content\/uploads\/2022\/07\/1-39-scaled.jpg\",\"contentUrl\":\"https:\/\/hydropartsholland.com\/wp-content\/uploads\/2022\/07\/1-39-scaled.jpg\",\"width\":2560,\"height\":2560},{\"@type\":\"BreadcrumbList\",\"@id\":\"https:\/\/hydropartsholland.com\/es\/producto\/cilindro-hidraulico-de-doble-efecto-con-tapon-agujero\/#breadcrumb\",\"itemListElement\":[{\"@type\":\"ListItem\",\"position\":1,\"name\":\"Home\",\"item\":\"https:\/\/hydropartsholland.com\/\"},{\"@type\":\"ListItem\",\"position\":2,\"name\":\"Comercio\",\"item\":\"https:\/\/hydropartsholland.com\/es\/tienda\/\"},{\"@type\":\"ListItem\",\"position\":3,\"name\":\"Cilindro Hidr\u00e1ulico de Doble Efecto Con Orificio Tap\u00f3n Final (varias variantes)\"}]},{\"@type\":\"WebSite\",\"@id\":\"https:\/\/hydropartsholland.com\/#website\",\"url\":\"https:\/\/hydropartsholland.com\/\",\"name\":\"Hydropartsholland\",\"description\":\"\",\"publisher\":{\"@id\":\"https:\/\/hydropartsholland.com\/#organization\"},\"potentialAction\":[{\"@type\":\"SearchAction\",\"target\":{\"@type\":\"EntryPoint\",\"urlTemplate\":\"https:\/\/hydropartsholland.com\/?s={search_term_string}\"},\"query-input\":\"required name=search_term_string\"}],\"inLanguage\":\"es\"},{\"@type\":\"Organization\",\"@id\":\"https:\/\/hydropartsholland.com\/#organization\",\"name\":\"Spare Parts Holland\",\"url\":\"https:\/\/hydropartsholland.com\/\",\"logo\":{\"@type\":\"ImageObject\",\"inLanguage\":\"es\",\"@id\":\"https:\/\/hydropartsholland.com\/#\/schema\/logo\/image\/\",\"url\":\"https:\/\/hydropartsholland.com\/wp-content\/uploads\/2022\/06\/spareparts-1.png\",\"contentUrl\":\"https:\/\/hydropartsholland.com\/wp-content\/uploads\/2022\/06\/spareparts-1.png\",\"width\":824,\"height\":685,\"caption\":\"Spare Parts Holland\"},\"image\":{\"@id\":\"https:\/\/hydropartsholland.com\/#\/schema\/logo\/image\/\"}}]}<\/script>\n<!-- \/ Yoast SEO plugin. -->","yoast_head_json":{"title":"Cilindro Hidr\u00e1ulico de Doble Efecto Con Orificio Tap\u00f3n Final (varias variantes) - Hydropartsholland","description":"Nuestros cilindros hidr\u00e1ulicos est\u00e1n hechos de acero de alta calidad y son una soluci\u00f3n inteligente para reemplazar cilindros defectuosos.","robots":{"index":"index","follow":"follow","max-snippet":"max-snippet:-1","max-image-preview":"max-image-preview:large","max-video-preview":"max-video-preview:-1"},"canonical":"https:\/\/hydropartsholland.com\/es\/producto\/cilindro-hidraulico-de-doble-efecto-con-tapon-agujero\/","og_locale":"es_ES","og_type":"article","og_title":"Cilindro Hidr\u00e1ulico de Doble Efecto Con Orificio Tap\u00f3n Final (varias variantes) - Hydropartsholland","og_description":"Nuestros cilindros hidr\u00e1ulicos est\u00e1n hechos de acero de alta calidad y son una soluci\u00f3n inteligente para reemplazar cilindros defectuosos.","og_url":"https:\/\/hydropartsholland.com\/es\/producto\/cilindro-hidraulico-de-doble-efecto-con-tapon-agujero\/","og_site_name":"Hydropartsholland","article_modified_time":"2025-03-11T12:04:51+00:00","og_image":[{"width":2560,"height":2560,"url":"https:\/\/hydropartsholland.com\/wp-content\/uploads\/2022\/07\/1-39-scaled.jpg","type":"image\/jpeg"}],"twitter_card":"summary_large_image","twitter_misc":{"Tiempo de lectura":"1 minuto"},"schema":{"@context":"https:\/\/schema.org","@graph":[{"@type":"WebPage","@id":"https:\/\/hydropartsholland.com\/es\/producto\/cilindro-hidraulico-de-doble-efecto-con-tapon-agujero\/","url":"https:\/\/hydropartsholland.com\/es\/producto\/cilindro-hidraulico-de-doble-efecto-con-tapon-agujero\/","name":"Cilindro Hidr\u00e1ulico de Doble Efecto Con Orificio Tap\u00f3n Final (varias variantes) - Hydropartsholland","isPartOf":{"@id":"https:\/\/hydropartsholland.com\/#website"},"primaryImageOfPage":{"@id":"https:\/\/hydropartsholland.com\/es\/producto\/cilindro-hidraulico-de-doble-efecto-con-tapon-agujero\/#primaryimage"},"image":{"@id":"https:\/\/hydropartsholland.com\/es\/producto\/cilindro-hidraulico-de-doble-efecto-con-tapon-agujero\/#primaryimage"},"thumbnailUrl":"https:\/\/hydropartsholland.com\/wp-content\/uploads\/2022\/07\/1-39-scaled.jpg","datePublished":"2025-07-22T13:50:33+00:00","dateModified":"2025-03-11T12:04:51+00:00","description":"Nuestros cilindros hidr\u00e1ulicos est\u00e1n hechos de acero de alta calidad y son una soluci\u00f3n inteligente para reemplazar cilindros defectuosos.","breadcrumb":{"@id":"https:\/\/hydropartsholland.com\/es\/producto\/cilindro-hidraulico-de-doble-efecto-con-tapon-agujero\/#breadcrumb"},"inLanguage":"es","potentialAction":[{"@type":"ReadAction","target":["https:\/\/hydropartsholland.com\/es\/producto\/cilindro-hidraulico-de-doble-efecto-con-tapon-agujero\/"]}]},{"@type":"ImageObject","inLanguage":"es","@id":"https:\/\/hydropartsholland.com\/es\/producto\/cilindro-hidraulico-de-doble-efecto-con-tapon-agujero\/#primaryimage","url":"https:\/\/hydropartsholland.com\/wp-content\/uploads\/2022\/07\/1-39-scaled.jpg","contentUrl":"https:\/\/hydropartsholland.com\/wp-content\/uploads\/2022\/07\/1-39-scaled.jpg","width":2560,"height":2560},{"@type":"BreadcrumbList","@id":"https:\/\/hydropartsholland.com\/es\/producto\/cilindro-hidraulico-de-doble-efecto-con-tapon-agujero\/#breadcrumb","itemListElement":[{"@type":"ListItem","position":1,"name":"Home","item":"https:\/\/hydropartsholland.com\/"},{"@type":"ListItem","position":2,"name":"Comercio","item":"https:\/\/hydropartsholland.com\/es\/tienda\/"},{"@type":"ListItem","position":3,"name":"Cilindro Hidr\u00e1ulico de Doble Efecto Con Orificio Tap\u00f3n Final (varias variantes)"}]},{"@type":"WebSite","@id":"https:\/\/hydropartsholland.com\/#website","url":"https:\/\/hydropartsholland.com\/","name":"Hydropartsholland","description":"","publisher":{"@id":"https:\/\/hydropartsholland.com\/#organization"},"potentialAction":[{"@type":"SearchAction","target":{"@type":"EntryPoint","urlTemplate":"https:\/\/hydropartsholland.com\/?s={search_term_string}"},"query-input":"required name=search_term_string"}],"inLanguage":"es"},{"@type":"Organization","@id":"https:\/\/hydropartsholland.com\/#organization","name":"Spare Parts Holland","url":"https:\/\/hydropartsholland.com\/","logo":{"@type":"ImageObject","inLanguage":"es","@id":"https:\/\/hydropartsholland.com\/#\/schema\/logo\/image\/","url":"https:\/\/hydropartsholland.com\/wp-content\/uploads\/2022\/06\/spareparts-1.png","contentUrl":"https:\/\/hydropartsholland.com\/wp-content\/uploads\/2022\/06\/spareparts-1.png","width":824,"height":685,"caption":"Spare Parts Holland"},"image":{"@id":"https:\/\/hydropartsholland.com\/#\/schema\/logo\/image\/"}}]}},"_links":{"self":[{"href":"https:\/\/hydropartsholland.com\/es\/wp-json\/wp\/v2\/product\/5860","targetHints":{"allow":["GET"]}}],"collection":[{"href":"https:\/\/hydropartsholland.com\/es\/wp-json\/wp\/v2\/product"}],"about":[{"href":"https:\/\/hydropartsholland.com\/es\/wp-json\/wp\/v2\/types\/product"}],"replies":[{"embeddable":true,"href":"https:\/\/hydropartsholland.com\/es\/wp-json\/wp\/v2\/comments?post=5860"}],"wp:featuredmedia":[{"embeddable":true,"href":"https:\/\/hydropartsholland.com\/es\/wp-json\/wp\/v2\/media\/33265"}],"wp:attachment":[{"href":"https:\/\/hydropartsholland.com\/es\/wp-json\/wp\/v2\/media?parent=5860"}],"wp:term":[{"taxonomy":"product_cat","embeddable":true,"href":"https:\/\/hydropartsholland.com\/es\/wp-json\/wp\/v2\/product_cat?post=5860"},{"taxonomy":"product_tag","embeddable":true,"href":"https:\/\/hydropartsholland.com\/es\/wp-json\/wp\/v2\/product_tag?post=5860"}],"curies":[{"name":"wp","href":"https:\/\/api.w.org\/{rel}","templated":true}]}}