{"id":5837,"date":"2025-07-22T14:50:31","date_gmt":"2025-07-22T13:50:31","guid":{"rendered":"https:\/\/hydropartsholland.com\/product\/hydraulic-toplink-cat-3-3-700%e2%86%92980mm-280mm-stroke-with-ball-joint-hook-heavy-duty\/"},"modified":"2025-03-11T13:02:37","modified_gmt":"2025-03-11T12:02:37","slug":"hydraulic-toplink-cat-3-3-700%e2%86%92980mm-280mm-stroke-with-ball-joint-hook-heavy-duty","status":"publish","type":"product","link":"https:\/\/hydropartsholland.com\/es\/producto\/hydraulic-toplink-cat-3-3-700%e2%86%92980mm-280mm-stroke-with-ball-joint-hook-heavy-duty\/","title":{"rendered":"Tercer Punto Hidr\u00e1ulico Cat 3 (700 &#8211; 980 mm) Tiempos 280 mm con Cabeza de Horquilla y Bloque de Bloqueo"},"content":{"rendered":"<div>\n<p>El tercer punto hidr\u00e1ulico que ofrecemos reemplaza el tercer punto hidr\u00e1ulico existente en el tractor y facilita su trabajo diario. Para ello es necesaria una v\u00e1lvula de control de doble efecto en el tractor: una combinaci\u00f3n imbatible en combinaci\u00f3n con el bloque de bloqueo integrado *.<\/p>\n<p>* Al ajustar el tercer punto hidr\u00e1ulico, es muy importante que la posici\u00f3n ajustada se mantenga incluso despu\u00e9s de un largo per\u00edodo de tiempo. Esto es dif\u00edcilmente posible con los tercer punto hidr\u00e1ulicos sin bloque de bloqueo, ya que las unidades de control del tractor no se bloquean con tanta fuerza. Por lo tanto, este tercer punto hidr\u00e1ulico est\u00e1 equipado con un bloque de bloqueo. Con esta v\u00e1lvula, el aceite est\u00e1 encerrado en el cilindro por una v\u00e1lvula de retenci\u00f3n. Solo cuando vuelve a haber presi\u00f3n de aceite en el tractor, se abre la v\u00e1lvula y se puede ajustar el cilindro.<\/p>\n<p>Mobiliario:<\/p>\n<\/div>\n<ul>\n<li>Alta calidad y mano de obra y pintado<\/li>\n<li>Incluido Bloque de bloqueo<\/li>\n<li>2 conexiones hidr\u00e1ulicas<\/li>\n<li>La entrega est\u00e1 completamente ensamblada<\/li>\n<\/ul>\n<div>\n<p>2 mangueras hidr\u00e1ulicas con tap\u00f3n y cubierta antipolvo<\/p>\n<p>Especificaciones t\u00e9cnicas:<\/p>\n<ul>\n<li>Conexi\u00f3n: 12-L mampara talla 3 (conector de acoplamiento habitual), racor 18-1,5 SW22 + racor<\/li>\n<li>Denominaci\u00f3n de la manguera Blue Flex SAE 100 3\/8 R2AT DIN EN 853 2SN DN10 W.P.330<\/li>\n<li>Presi\u00f3n de funcionamiento: 330 bar<\/li>\n<li>Longitud: 75cm<\/li>\n<\/ul>\n<\/div>\n","protected":false},"excerpt":{"rendered":"<ul>\n<li>Alta calidad y mano de obra y pintado<\/li>\n<li>Incluido Bloque de bloqueo<\/li>\n<li>2 conexiones hidr\u00e1ulicas<\/li>\n<li>La entrega est\u00e1 completamente ensamblada<\/li>\n<\/ul>\n","protected":false},"featured_media":33802,"comment_status":"open","ping_status":"closed","template":"","meta":{"inline_featured_image":false},"product_cat":[679],"product_tag":[],"class_list":{"0":"post-5837","1":"product","2":"type-product","3":"status-publish","4":"has-post-thumbnail","6":"product_cat-enganche-rapido-cat-3","8":"first","9":"instock","10":"taxable","11":"shipping-taxable","12":"purchasable","13":"product-type-simple"},"yoast_head":"<!-- This site is optimized with the Yoast SEO plugin v23.3 - https:\/\/yoast.com\/wordpress\/plugins\/seo\/ -->\n<title>Tercer Punto Hidr\u00e1ulico Cat 3 (700 - 980 mm) Tiempos 280 mm con Cabeza de Horquilla y Bloque de Bloqueo - Hydropartsholland<\/title>\n<meta name=\"description\" content=\"El tercer punto hidr\u00e1ulico que ofrecemos reemplaza el tercer punto hidr\u00e1ulico existente en el tractor y facilita su trabajo diario.\" \/>\n<meta name=\"robots\" content=\"index, follow, max-snippet:-1, max-image-preview:large, max-video-preview:-1\" \/>\n<link rel=\"canonical\" href=\"https:\/\/hydropartsholland.com\/es\/producto\/hydraulic-toplink-cat-3-3-700\u2192980mm-280mm-stroke-with-ball-joint-hook-heavy-duty\/\" \/>\n<meta property=\"og:locale\" content=\"es_ES\" \/>\n<meta property=\"og:type\" content=\"article\" \/>\n<meta property=\"og:title\" content=\"Tercer Punto Hidr\u00e1ulico Cat 3 (700 - 980 mm) Tiempos 280 mm con Cabeza de Horquilla y Bloque de Bloqueo - Hydropartsholland\" \/>\n<meta property=\"og:description\" content=\"El tercer punto hidr\u00e1ulico que ofrecemos reemplaza el tercer punto hidr\u00e1ulico existente en el tractor y facilita su trabajo diario.\" \/>\n<meta property=\"og:url\" content=\"https:\/\/hydropartsholland.com\/es\/producto\/hydraulic-toplink-cat-3-3-700\u2192980mm-280mm-stroke-with-ball-joint-hook-heavy-duty\/\" \/>\n<meta property=\"og:site_name\" content=\"Hydropartsholland\" \/>\n<meta property=\"article:modified_time\" content=\"2025-03-11T12:02:37+00:00\" \/>\n<meta property=\"og:image\" content=\"https:\/\/hydropartsholland.com\/wp-content\/uploads\/2022\/07\/DSCF8951-copy-scaled.jpg\" \/>\n\t<meta property=\"og:image:width\" content=\"2560\" \/>\n\t<meta property=\"og:image:height\" content=\"2560\" \/>\n\t<meta property=\"og:image:type\" content=\"image\/jpeg\" \/>\n<meta name=\"twitter:card\" content=\"summary_large_image\" \/>\n<meta name=\"twitter:label1\" content=\"Tiempo de lectura\" \/>\n\t<meta name=\"twitter:data1\" content=\"1 minuto\" \/>\n<script type=\"application\/ld+json\" class=\"yoast-schema-graph\">{\"@context\":\"https:\/\/schema.org\",\"@graph\":[{\"@type\":\"WebPage\",\"@id\":\"https:\/\/hydropartsholland.com\/es\/producto\/hydraulic-toplink-cat-3-3-700%e2%86%92980mm-280mm-stroke-with-ball-joint-hook-heavy-duty\/\",\"url\":\"https:\/\/hydropartsholland.com\/es\/producto\/hydraulic-toplink-cat-3-3-700%e2%86%92980mm-280mm-stroke-with-ball-joint-hook-heavy-duty\/\",\"name\":\"Tercer Punto Hidr\u00e1ulico Cat 3 (700 - 980 mm) Tiempos 280 mm con Cabeza de Horquilla y Bloque de Bloqueo - Hydropartsholland\",\"isPartOf\":{\"@id\":\"https:\/\/hydropartsholland.com\/#website\"},\"primaryImageOfPage\":{\"@id\":\"https:\/\/hydropartsholland.com\/es\/producto\/hydraulic-toplink-cat-3-3-700%e2%86%92980mm-280mm-stroke-with-ball-joint-hook-heavy-duty\/#primaryimage\"},\"image\":{\"@id\":\"https:\/\/hydropartsholland.com\/es\/producto\/hydraulic-toplink-cat-3-3-700%e2%86%92980mm-280mm-stroke-with-ball-joint-hook-heavy-duty\/#primaryimage\"},\"thumbnailUrl\":\"https:\/\/hydropartsholland.com\/wp-content\/uploads\/2022\/07\/DSCF8951-copy-scaled.jpg\",\"datePublished\":\"2025-07-22T13:50:31+00:00\",\"dateModified\":\"2025-03-11T12:02:37+00:00\",\"description\":\"El tercer punto hidr\u00e1ulico que ofrecemos reemplaza el tercer punto hidr\u00e1ulico existente en el tractor y facilita su trabajo diario.\",\"breadcrumb\":{\"@id\":\"https:\/\/hydropartsholland.com\/es\/producto\/hydraulic-toplink-cat-3-3-700%e2%86%92980mm-280mm-stroke-with-ball-joint-hook-heavy-duty\/#breadcrumb\"},\"inLanguage\":\"es\",\"potentialAction\":[{\"@type\":\"ReadAction\",\"target\":[\"https:\/\/hydropartsholland.com\/es\/producto\/hydraulic-toplink-cat-3-3-700%e2%86%92980mm-280mm-stroke-with-ball-joint-hook-heavy-duty\/\"]}]},{\"@type\":\"ImageObject\",\"inLanguage\":\"es\",\"@id\":\"https:\/\/hydropartsholland.com\/es\/producto\/hydraulic-toplink-cat-3-3-700%e2%86%92980mm-280mm-stroke-with-ball-joint-hook-heavy-duty\/#primaryimage\",\"url\":\"https:\/\/hydropartsholland.com\/wp-content\/uploads\/2022\/07\/DSCF8951-copy-scaled.jpg\",\"contentUrl\":\"https:\/\/hydropartsholland.com\/wp-content\/uploads\/2022\/07\/DSCF8951-copy-scaled.jpg\",\"width\":2560,\"height\":2560},{\"@type\":\"BreadcrumbList\",\"@id\":\"https:\/\/hydropartsholland.com\/es\/producto\/hydraulic-toplink-cat-3-3-700%e2%86%92980mm-280mm-stroke-with-ball-joint-hook-heavy-duty\/#breadcrumb\",\"itemListElement\":[{\"@type\":\"ListItem\",\"position\":1,\"name\":\"Home\",\"item\":\"https:\/\/hydropartsholland.com\/\"},{\"@type\":\"ListItem\",\"position\":2,\"name\":\"Comercio\",\"item\":\"https:\/\/hydropartsholland.com\/es\/tienda\/\"},{\"@type\":\"ListItem\",\"position\":3,\"name\":\"Tercer Punto Hidr\u00e1ulico Cat 3 (700 &#8211; 980 mm) Tiempos 280 mm con Cabeza de Horquilla y Bloque de Bloqueo\"}]},{\"@type\":\"WebSite\",\"@id\":\"https:\/\/hydropartsholland.com\/#website\",\"url\":\"https:\/\/hydropartsholland.com\/\",\"name\":\"Hydropartsholland\",\"description\":\"\",\"publisher\":{\"@id\":\"https:\/\/hydropartsholland.com\/#organization\"},\"potentialAction\":[{\"@type\":\"SearchAction\",\"target\":{\"@type\":\"EntryPoint\",\"urlTemplate\":\"https:\/\/hydropartsholland.com\/?s={search_term_string}\"},\"query-input\":\"required name=search_term_string\"}],\"inLanguage\":\"es\"},{\"@type\":\"Organization\",\"@id\":\"https:\/\/hydropartsholland.com\/#organization\",\"name\":\"Spare Parts Holland\",\"url\":\"https:\/\/hydropartsholland.com\/\",\"logo\":{\"@type\":\"ImageObject\",\"inLanguage\":\"es\",\"@id\":\"https:\/\/hydropartsholland.com\/#\/schema\/logo\/image\/\",\"url\":\"https:\/\/hydropartsholland.com\/wp-content\/uploads\/2022\/06\/spareparts-1.png\",\"contentUrl\":\"https:\/\/hydropartsholland.com\/wp-content\/uploads\/2022\/06\/spareparts-1.png\",\"width\":824,\"height\":685,\"caption\":\"Spare Parts Holland\"},\"image\":{\"@id\":\"https:\/\/hydropartsholland.com\/#\/schema\/logo\/image\/\"}}]}<\/script>\n<!-- \/ Yoast SEO plugin. -->","yoast_head_json":{"title":"Tercer Punto Hidr\u00e1ulico Cat 3 (700 - 980 mm) Tiempos 280 mm con Cabeza de Horquilla y Bloque de Bloqueo - Hydropartsholland","description":"El tercer punto hidr\u00e1ulico que ofrecemos reemplaza el tercer punto hidr\u00e1ulico existente en el tractor y facilita su trabajo diario.","robots":{"index":"index","follow":"follow","max-snippet":"max-snippet:-1","max-image-preview":"max-image-preview:large","max-video-preview":"max-video-preview:-1"},"canonical":"https:\/\/hydropartsholland.com\/es\/producto\/hydraulic-toplink-cat-3-3-700\u2192980mm-280mm-stroke-with-ball-joint-hook-heavy-duty\/","og_locale":"es_ES","og_type":"article","og_title":"Tercer Punto Hidr\u00e1ulico Cat 3 (700 - 980 mm) Tiempos 280 mm con Cabeza de Horquilla y Bloque de Bloqueo - Hydropartsholland","og_description":"El tercer punto hidr\u00e1ulico que ofrecemos reemplaza el tercer punto hidr\u00e1ulico existente en el tractor y facilita su trabajo diario.","og_url":"https:\/\/hydropartsholland.com\/es\/producto\/hydraulic-toplink-cat-3-3-700\u2192980mm-280mm-stroke-with-ball-joint-hook-heavy-duty\/","og_site_name":"Hydropartsholland","article_modified_time":"2025-03-11T12:02:37+00:00","og_image":[{"width":2560,"height":2560,"url":"https:\/\/hydropartsholland.com\/wp-content\/uploads\/2022\/07\/DSCF8951-copy-scaled.jpg","type":"image\/jpeg"}],"twitter_card":"summary_large_image","twitter_misc":{"Tiempo de lectura":"1 minuto"},"schema":{"@context":"https:\/\/schema.org","@graph":[{"@type":"WebPage","@id":"https:\/\/hydropartsholland.com\/es\/producto\/hydraulic-toplink-cat-3-3-700%e2%86%92980mm-280mm-stroke-with-ball-joint-hook-heavy-duty\/","url":"https:\/\/hydropartsholland.com\/es\/producto\/hydraulic-toplink-cat-3-3-700%e2%86%92980mm-280mm-stroke-with-ball-joint-hook-heavy-duty\/","name":"Tercer Punto Hidr\u00e1ulico Cat 3 (700 - 980 mm) Tiempos 280 mm con Cabeza de Horquilla y Bloque de Bloqueo - Hydropartsholland","isPartOf":{"@id":"https:\/\/hydropartsholland.com\/#website"},"primaryImageOfPage":{"@id":"https:\/\/hydropartsholland.com\/es\/producto\/hydraulic-toplink-cat-3-3-700%e2%86%92980mm-280mm-stroke-with-ball-joint-hook-heavy-duty\/#primaryimage"},"image":{"@id":"https:\/\/hydropartsholland.com\/es\/producto\/hydraulic-toplink-cat-3-3-700%e2%86%92980mm-280mm-stroke-with-ball-joint-hook-heavy-duty\/#primaryimage"},"thumbnailUrl":"https:\/\/hydropartsholland.com\/wp-content\/uploads\/2022\/07\/DSCF8951-copy-scaled.jpg","datePublished":"2025-07-22T13:50:31+00:00","dateModified":"2025-03-11T12:02:37+00:00","description":"El tercer punto hidr\u00e1ulico que ofrecemos reemplaza el tercer punto hidr\u00e1ulico existente en el tractor y facilita su trabajo diario.","breadcrumb":{"@id":"https:\/\/hydropartsholland.com\/es\/producto\/hydraulic-toplink-cat-3-3-700%e2%86%92980mm-280mm-stroke-with-ball-joint-hook-heavy-duty\/#breadcrumb"},"inLanguage":"es","potentialAction":[{"@type":"ReadAction","target":["https:\/\/hydropartsholland.com\/es\/producto\/hydraulic-toplink-cat-3-3-700%e2%86%92980mm-280mm-stroke-with-ball-joint-hook-heavy-duty\/"]}]},{"@type":"ImageObject","inLanguage":"es","@id":"https:\/\/hydropartsholland.com\/es\/producto\/hydraulic-toplink-cat-3-3-700%e2%86%92980mm-280mm-stroke-with-ball-joint-hook-heavy-duty\/#primaryimage","url":"https:\/\/hydropartsholland.com\/wp-content\/uploads\/2022\/07\/DSCF8951-copy-scaled.jpg","contentUrl":"https:\/\/hydropartsholland.com\/wp-content\/uploads\/2022\/07\/DSCF8951-copy-scaled.jpg","width":2560,"height":2560},{"@type":"BreadcrumbList","@id":"https:\/\/hydropartsholland.com\/es\/producto\/hydraulic-toplink-cat-3-3-700%e2%86%92980mm-280mm-stroke-with-ball-joint-hook-heavy-duty\/#breadcrumb","itemListElement":[{"@type":"ListItem","position":1,"name":"Home","item":"https:\/\/hydropartsholland.com\/"},{"@type":"ListItem","position":2,"name":"Comercio","item":"https:\/\/hydropartsholland.com\/es\/tienda\/"},{"@type":"ListItem","position":3,"name":"Tercer Punto Hidr\u00e1ulico Cat 3 (700 &#8211; 980 mm) Tiempos 280 mm con Cabeza de Horquilla y Bloque de Bloqueo"}]},{"@type":"WebSite","@id":"https:\/\/hydropartsholland.com\/#website","url":"https:\/\/hydropartsholland.com\/","name":"Hydropartsholland","description":"","publisher":{"@id":"https:\/\/hydropartsholland.com\/#organization"},"potentialAction":[{"@type":"SearchAction","target":{"@type":"EntryPoint","urlTemplate":"https:\/\/hydropartsholland.com\/?s={search_term_string}"},"query-input":"required name=search_term_string"}],"inLanguage":"es"},{"@type":"Organization","@id":"https:\/\/hydropartsholland.com\/#organization","name":"Spare Parts Holland","url":"https:\/\/hydropartsholland.com\/","logo":{"@type":"ImageObject","inLanguage":"es","@id":"https:\/\/hydropartsholland.com\/#\/schema\/logo\/image\/","url":"https:\/\/hydropartsholland.com\/wp-content\/uploads\/2022\/06\/spareparts-1.png","contentUrl":"https:\/\/hydropartsholland.com\/wp-content\/uploads\/2022\/06\/spareparts-1.png","width":824,"height":685,"caption":"Spare Parts Holland"},"image":{"@id":"https:\/\/hydropartsholland.com\/#\/schema\/logo\/image\/"}}]}},"_links":{"self":[{"href":"https:\/\/hydropartsholland.com\/es\/wp-json\/wp\/v2\/product\/5837","targetHints":{"allow":["GET"]}}],"collection":[{"href":"https:\/\/hydropartsholland.com\/es\/wp-json\/wp\/v2\/product"}],"about":[{"href":"https:\/\/hydropartsholland.com\/es\/wp-json\/wp\/v2\/types\/product"}],"replies":[{"embeddable":true,"href":"https:\/\/hydropartsholland.com\/es\/wp-json\/wp\/v2\/comments?post=5837"}],"wp:featuredmedia":[{"embeddable":true,"href":"https:\/\/hydropartsholland.com\/es\/wp-json\/wp\/v2\/media\/33802"}],"wp:attachment":[{"href":"https:\/\/hydropartsholland.com\/es\/wp-json\/wp\/v2\/media?parent=5837"}],"wp:term":[{"taxonomy":"product_cat","embeddable":true,"href":"https:\/\/hydropartsholland.com\/es\/wp-json\/wp\/v2\/product_cat?post=5837"},{"taxonomy":"product_tag","embeddable":true,"href":"https:\/\/hydropartsholland.com\/es\/wp-json\/wp\/v2\/product_tag?post=5837"}],"curies":[{"name":"wp","href":"https:\/\/api.w.org\/{rel}","templated":true}]}}