{"id":5814,"date":"2025-07-22T14:50:27","date_gmt":"2025-07-22T13:50:27","guid":{"rendered":"https:\/\/hydropartsholland.com\/product\/2-x-category-cat-2s-tractor-lower-link-quick-release-hitch-ball-hook-weld-on-end\/"},"modified":"2025-03-11T12:24:12","modified_gmt":"2025-03-11T11:24:12","slug":"2-x-category-cat-2-tractor-lower-link-quick-release-hitch-ball-hook-weld-on-end-2","status":"publish","type":"product","link":"https:\/\/hydropartsholland.com\/es\/producto\/2-x-category-cat-2-tractor-lower-link-quick-release-hitch-ball-hook-weld-on-end-2\/","title":{"rendered":"Juego Enganches R\u00e1pido para Soldar Cat 2S, Coplamiento R\u00e1pido Hasta 66 kW\/90 CV, Juego de 2 Unidades + Bola"},"content":{"rendered":"<p>Categor\u00eda Cat 2S Tractor Brazo inferior Liberaci\u00f3n r\u00e1pida Bola de enganche Gancho soldado en el extremo 66 KW \/ 90 PS.<\/p>\n<p>El gancho de captura se utiliza para recoger implementos agr\u00edcolas a trav\u00e9s del sistema hidr\u00e1ulico delantero o trasero de un tractor o tractor. El acoplador r\u00e1pido se acopla autom\u00e1ticamente y se bloquea. Un bloqueo de seguridad evita la apertura accidental. El gancho de captura est\u00e1 soldado al eslab\u00f3n inferior.<\/p>\n<p>Este conjunto consta de dos ganchos de captura, cada uno con una bola de enlace inferior.<\/p>\n<p>Datos t\u00e9cnicos del enganche r\u00e1pido del brazo inferior con seguro autom\u00e1tico:<\/p>\n<div>\n<div><\/div>\n<ul>\n<li>Hasta 66 kW \/ 90 CV<\/li>\n<li>Utilizable en ambos lados<\/li>\n<li>Para soldar al brazo inferior<\/li>\n<li>Los ganchos de captura est\u00e1n parcialmente recubiertos con imprimaci\u00f3n antioxidante, cuyo color puede diferir de la imagen.<\/li>\n<li>\u00c1rea de soldadura: 85 mm x 32 mm<\/li>\n<li>Peso aproximado. 3,3 kg con bal\u00f3n<\/li>\n<li>Ancho: 32 mm<\/li>\n<li>profundidad: 56 mm<\/li>\n<li>largo: 115 mm<\/li>\n<li>Datos t\u00e9cnicos bola brazo inferior Cat.2S<\/li>\n<li>28 x 56 x 45 mm de acero (4140<\/li>\n<li>A: 45mm<\/li>\n<li>B: \u00d8 interior : 28 mm<\/li>\n<li>C: \u00d8 exterior: 56 mm<\/li>\n<\/ul>\n<\/div>\n","protected":false},"excerpt":{"rendered":"<ul>\n<li>Hasta 66 kW \/ 90 CV<\/li>\n<li>Utilizable en ambos lados<\/li>\n<li>Para soldar al brazo inferior<\/li>\n<li>Los ganchos de captura est\u00e1n parcialmente recubiertos con imprimaci\u00f3n antioxidante, cuyo color puede diferir de la imagen.<\/li>\n<li>\u00c1rea de soldadura: 85 mm x 32 mm<\/li>\n<li>Peso aproximado. 3,3 kg con bal\u00f3n<\/li>\n<li>Ancho: 32 mm<\/li>\n<li>profundidad: 56 mm<\/li>\n<li>largo: 115 mm<\/li>\n<li>Datos t\u00e9cnicos bola brazo inferior Cat 2S<\/li>\n<li>28 x 56 x 45 mm de acero (4140<\/li>\n<li>A: 45mm<\/li>\n<li>B: \u00d8 interior : 28 mm<\/li>\n<li>C: \u00d8 exterior: 56 mm<\/li>\n<\/ul>\n","protected":false},"featured_media":27944,"comment_status":"open","ping_status":"closed","template":"","meta":{"inline_featured_image":false},"product_cat":[2194],"product_tag":[],"class_list":{"0":"post-5814","1":"product","2":"type-product","3":"status-publish","4":"has-post-thumbnail","6":"product_cat-engaches_rapido","8":"first","9":"instock","10":"taxable","11":"shipping-taxable","12":"purchasable","13":"product-type-simple"},"yoast_head":"<!-- This site is optimized with the Yoast SEO plugin v23.3 - https:\/\/yoast.com\/wordpress\/plugins\/seo\/ -->\n<title>Juego Enganches R\u00e1pido para Soldar Cat 2S, Coplamiento R\u00e1pido Hasta 66 kW\/90 CV, Juego de 2 Unidades + Bola - Hydropartsholland<\/title>\n<meta name=\"description\" content=\"El gancho de captura se utiliza para recoger implementos agr\u00edcolas a trav\u00e9s del sistema hidr\u00e1ulico delantero o trasero de un tractor o tractor.\" \/>\n<meta name=\"robots\" content=\"index, follow, max-snippet:-1, max-image-preview:large, max-video-preview:-1\" \/>\n<link rel=\"canonical\" href=\"https:\/\/hydropartsholland.com\/es\/producto\/2-x-category-cat-2-tractor-lower-link-quick-release-hitch-ball-hook-weld-on-end-2\/\" \/>\n<meta property=\"og:locale\" content=\"es_ES\" \/>\n<meta property=\"og:type\" content=\"article\" \/>\n<meta property=\"og:title\" content=\"Juego Enganches R\u00e1pido para Soldar Cat 2S, Coplamiento R\u00e1pido Hasta 66 kW\/90 CV, Juego de 2 Unidades + Bola - Hydropartsholland\" \/>\n<meta property=\"og:description\" content=\"El gancho de captura se utiliza para recoger implementos agr\u00edcolas a trav\u00e9s del sistema hidr\u00e1ulico delantero o trasero de un tractor o tractor.\" \/>\n<meta property=\"og:url\" content=\"https:\/\/hydropartsholland.com\/es\/producto\/2-x-category-cat-2-tractor-lower-link-quick-release-hitch-ball-hook-weld-on-end-2\/\" \/>\n<meta property=\"og:site_name\" content=\"Hydropartsholland\" \/>\n<meta property=\"article:modified_time\" content=\"2025-03-11T11:24:12+00:00\" \/>\n<meta property=\"og:image\" content=\"https:\/\/hydropartsholland.com\/wp-content\/uploads\/2022\/07\/DSCF7226-copy-2-scaled.jpg\" \/>\n\t<meta property=\"og:image:width\" content=\"2560\" \/>\n\t<meta property=\"og:image:height\" content=\"2560\" \/>\n\t<meta property=\"og:image:type\" content=\"image\/jpeg\" \/>\n<meta name=\"twitter:card\" content=\"summary_large_image\" \/>\n<meta name=\"twitter:label1\" content=\"Tiempo de lectura\" \/>\n\t<meta name=\"twitter:data1\" content=\"1 minuto\" \/>\n<script type=\"application\/ld+json\" class=\"yoast-schema-graph\">{\"@context\":\"https:\/\/schema.org\",\"@graph\":[{\"@type\":\"WebPage\",\"@id\":\"https:\/\/hydropartsholland.com\/es\/producto\/2-x-category-cat-2-tractor-lower-link-quick-release-hitch-ball-hook-weld-on-end-2\/\",\"url\":\"https:\/\/hydropartsholland.com\/es\/producto\/2-x-category-cat-2-tractor-lower-link-quick-release-hitch-ball-hook-weld-on-end-2\/\",\"name\":\"Juego Enganches R\u00e1pido para Soldar Cat 2S, Coplamiento R\u00e1pido Hasta 66 kW\/90 CV, Juego de 2 Unidades + Bola - Hydropartsholland\",\"isPartOf\":{\"@id\":\"https:\/\/hydropartsholland.com\/#website\"},\"primaryImageOfPage\":{\"@id\":\"https:\/\/hydropartsholland.com\/es\/producto\/2-x-category-cat-2-tractor-lower-link-quick-release-hitch-ball-hook-weld-on-end-2\/#primaryimage\"},\"image\":{\"@id\":\"https:\/\/hydropartsholland.com\/es\/producto\/2-x-category-cat-2-tractor-lower-link-quick-release-hitch-ball-hook-weld-on-end-2\/#primaryimage\"},\"thumbnailUrl\":\"https:\/\/hydropartsholland.com\/wp-content\/uploads\/2022\/07\/DSCF7226-copy-2-scaled.jpg\",\"datePublished\":\"2025-07-22T13:50:27+00:00\",\"dateModified\":\"2025-03-11T11:24:12+00:00\",\"description\":\"El gancho de captura se utiliza para recoger implementos agr\u00edcolas a trav\u00e9s del sistema hidr\u00e1ulico delantero o trasero de un tractor o tractor.\",\"breadcrumb\":{\"@id\":\"https:\/\/hydropartsholland.com\/es\/producto\/2-x-category-cat-2-tractor-lower-link-quick-release-hitch-ball-hook-weld-on-end-2\/#breadcrumb\"},\"inLanguage\":\"es\",\"potentialAction\":[{\"@type\":\"ReadAction\",\"target\":[\"https:\/\/hydropartsholland.com\/es\/producto\/2-x-category-cat-2-tractor-lower-link-quick-release-hitch-ball-hook-weld-on-end-2\/\"]}]},{\"@type\":\"ImageObject\",\"inLanguage\":\"es\",\"@id\":\"https:\/\/hydropartsholland.com\/es\/producto\/2-x-category-cat-2-tractor-lower-link-quick-release-hitch-ball-hook-weld-on-end-2\/#primaryimage\",\"url\":\"https:\/\/hydropartsholland.com\/wp-content\/uploads\/2022\/07\/DSCF7226-copy-2-scaled.jpg\",\"contentUrl\":\"https:\/\/hydropartsholland.com\/wp-content\/uploads\/2022\/07\/DSCF7226-copy-2-scaled.jpg\",\"width\":2560,\"height\":2560},{\"@type\":\"BreadcrumbList\",\"@id\":\"https:\/\/hydropartsholland.com\/es\/producto\/2-x-category-cat-2-tractor-lower-link-quick-release-hitch-ball-hook-weld-on-end-2\/#breadcrumb\",\"itemListElement\":[{\"@type\":\"ListItem\",\"position\":1,\"name\":\"Home\",\"item\":\"https:\/\/hydropartsholland.com\/\"},{\"@type\":\"ListItem\",\"position\":2,\"name\":\"Comercio\",\"item\":\"https:\/\/hydropartsholland.com\/es\/tienda\/\"},{\"@type\":\"ListItem\",\"position\":3,\"name\":\"Juego Enganches R\u00e1pido para Soldar Cat 2S, Coplamiento R\u00e1pido Hasta 66 kW\/90 CV, Juego de 2 Unidades + Bola\"}]},{\"@type\":\"WebSite\",\"@id\":\"https:\/\/hydropartsholland.com\/#website\",\"url\":\"https:\/\/hydropartsholland.com\/\",\"name\":\"Hydropartsholland\",\"description\":\"\",\"publisher\":{\"@id\":\"https:\/\/hydropartsholland.com\/#organization\"},\"potentialAction\":[{\"@type\":\"SearchAction\",\"target\":{\"@type\":\"EntryPoint\",\"urlTemplate\":\"https:\/\/hydropartsholland.com\/?s={search_term_string}\"},\"query-input\":\"required name=search_term_string\"}],\"inLanguage\":\"es\"},{\"@type\":\"Organization\",\"@id\":\"https:\/\/hydropartsholland.com\/#organization\",\"name\":\"Spare Parts Holland\",\"url\":\"https:\/\/hydropartsholland.com\/\",\"logo\":{\"@type\":\"ImageObject\",\"inLanguage\":\"es\",\"@id\":\"https:\/\/hydropartsholland.com\/#\/schema\/logo\/image\/\",\"url\":\"https:\/\/hydropartsholland.com\/wp-content\/uploads\/2022\/06\/spareparts-1.png\",\"contentUrl\":\"https:\/\/hydropartsholland.com\/wp-content\/uploads\/2022\/06\/spareparts-1.png\",\"width\":824,\"height\":685,\"caption\":\"Spare Parts Holland\"},\"image\":{\"@id\":\"https:\/\/hydropartsholland.com\/#\/schema\/logo\/image\/\"}}]}<\/script>\n<!-- \/ Yoast SEO plugin. -->","yoast_head_json":{"title":"Juego Enganches R\u00e1pido para Soldar Cat 2S, Coplamiento R\u00e1pido Hasta 66 kW\/90 CV, Juego de 2 Unidades + Bola - Hydropartsholland","description":"El gancho de captura se utiliza para recoger implementos agr\u00edcolas a trav\u00e9s del sistema hidr\u00e1ulico delantero o trasero de un tractor o tractor.","robots":{"index":"index","follow":"follow","max-snippet":"max-snippet:-1","max-image-preview":"max-image-preview:large","max-video-preview":"max-video-preview:-1"},"canonical":"https:\/\/hydropartsholland.com\/es\/producto\/2-x-category-cat-2-tractor-lower-link-quick-release-hitch-ball-hook-weld-on-end-2\/","og_locale":"es_ES","og_type":"article","og_title":"Juego Enganches R\u00e1pido para Soldar Cat 2S, Coplamiento R\u00e1pido Hasta 66 kW\/90 CV, Juego de 2 Unidades + Bola - Hydropartsholland","og_description":"El gancho de captura se utiliza para recoger implementos agr\u00edcolas a trav\u00e9s del sistema hidr\u00e1ulico delantero o trasero de un tractor o tractor.","og_url":"https:\/\/hydropartsholland.com\/es\/producto\/2-x-category-cat-2-tractor-lower-link-quick-release-hitch-ball-hook-weld-on-end-2\/","og_site_name":"Hydropartsholland","article_modified_time":"2025-03-11T11:24:12+00:00","og_image":[{"width":2560,"height":2560,"url":"https:\/\/hydropartsholland.com\/wp-content\/uploads\/2022\/07\/DSCF7226-copy-2-scaled.jpg","type":"image\/jpeg"}],"twitter_card":"summary_large_image","twitter_misc":{"Tiempo de lectura":"1 minuto"},"schema":{"@context":"https:\/\/schema.org","@graph":[{"@type":"WebPage","@id":"https:\/\/hydropartsholland.com\/es\/producto\/2-x-category-cat-2-tractor-lower-link-quick-release-hitch-ball-hook-weld-on-end-2\/","url":"https:\/\/hydropartsholland.com\/es\/producto\/2-x-category-cat-2-tractor-lower-link-quick-release-hitch-ball-hook-weld-on-end-2\/","name":"Juego Enganches R\u00e1pido para Soldar Cat 2S, Coplamiento R\u00e1pido Hasta 66 kW\/90 CV, Juego de 2 Unidades + Bola - Hydropartsholland","isPartOf":{"@id":"https:\/\/hydropartsholland.com\/#website"},"primaryImageOfPage":{"@id":"https:\/\/hydropartsholland.com\/es\/producto\/2-x-category-cat-2-tractor-lower-link-quick-release-hitch-ball-hook-weld-on-end-2\/#primaryimage"},"image":{"@id":"https:\/\/hydropartsholland.com\/es\/producto\/2-x-category-cat-2-tractor-lower-link-quick-release-hitch-ball-hook-weld-on-end-2\/#primaryimage"},"thumbnailUrl":"https:\/\/hydropartsholland.com\/wp-content\/uploads\/2022\/07\/DSCF7226-copy-2-scaled.jpg","datePublished":"2025-07-22T13:50:27+00:00","dateModified":"2025-03-11T11:24:12+00:00","description":"El gancho de captura se utiliza para recoger implementos agr\u00edcolas a trav\u00e9s del sistema hidr\u00e1ulico delantero o trasero de un tractor o tractor.","breadcrumb":{"@id":"https:\/\/hydropartsholland.com\/es\/producto\/2-x-category-cat-2-tractor-lower-link-quick-release-hitch-ball-hook-weld-on-end-2\/#breadcrumb"},"inLanguage":"es","potentialAction":[{"@type":"ReadAction","target":["https:\/\/hydropartsholland.com\/es\/producto\/2-x-category-cat-2-tractor-lower-link-quick-release-hitch-ball-hook-weld-on-end-2\/"]}]},{"@type":"ImageObject","inLanguage":"es","@id":"https:\/\/hydropartsholland.com\/es\/producto\/2-x-category-cat-2-tractor-lower-link-quick-release-hitch-ball-hook-weld-on-end-2\/#primaryimage","url":"https:\/\/hydropartsholland.com\/wp-content\/uploads\/2022\/07\/DSCF7226-copy-2-scaled.jpg","contentUrl":"https:\/\/hydropartsholland.com\/wp-content\/uploads\/2022\/07\/DSCF7226-copy-2-scaled.jpg","width":2560,"height":2560},{"@type":"BreadcrumbList","@id":"https:\/\/hydropartsholland.com\/es\/producto\/2-x-category-cat-2-tractor-lower-link-quick-release-hitch-ball-hook-weld-on-end-2\/#breadcrumb","itemListElement":[{"@type":"ListItem","position":1,"name":"Home","item":"https:\/\/hydropartsholland.com\/"},{"@type":"ListItem","position":2,"name":"Comercio","item":"https:\/\/hydropartsholland.com\/es\/tienda\/"},{"@type":"ListItem","position":3,"name":"Juego Enganches R\u00e1pido para Soldar Cat 2S, Coplamiento R\u00e1pido Hasta 66 kW\/90 CV, Juego de 2 Unidades + Bola"}]},{"@type":"WebSite","@id":"https:\/\/hydropartsholland.com\/#website","url":"https:\/\/hydropartsholland.com\/","name":"Hydropartsholland","description":"","publisher":{"@id":"https:\/\/hydropartsholland.com\/#organization"},"potentialAction":[{"@type":"SearchAction","target":{"@type":"EntryPoint","urlTemplate":"https:\/\/hydropartsholland.com\/?s={search_term_string}"},"query-input":"required name=search_term_string"}],"inLanguage":"es"},{"@type":"Organization","@id":"https:\/\/hydropartsholland.com\/#organization","name":"Spare Parts Holland","url":"https:\/\/hydropartsholland.com\/","logo":{"@type":"ImageObject","inLanguage":"es","@id":"https:\/\/hydropartsholland.com\/#\/schema\/logo\/image\/","url":"https:\/\/hydropartsholland.com\/wp-content\/uploads\/2022\/06\/spareparts-1.png","contentUrl":"https:\/\/hydropartsholland.com\/wp-content\/uploads\/2022\/06\/spareparts-1.png","width":824,"height":685,"caption":"Spare Parts Holland"},"image":{"@id":"https:\/\/hydropartsholland.com\/#\/schema\/logo\/image\/"}}]}},"_links":{"self":[{"href":"https:\/\/hydropartsholland.com\/es\/wp-json\/wp\/v2\/product\/5814","targetHints":{"allow":["GET"]}}],"collection":[{"href":"https:\/\/hydropartsholland.com\/es\/wp-json\/wp\/v2\/product"}],"about":[{"href":"https:\/\/hydropartsholland.com\/es\/wp-json\/wp\/v2\/types\/product"}],"replies":[{"embeddable":true,"href":"https:\/\/hydropartsholland.com\/es\/wp-json\/wp\/v2\/comments?post=5814"}],"wp:featuredmedia":[{"embeddable":true,"href":"https:\/\/hydropartsholland.com\/es\/wp-json\/wp\/v2\/media\/27944"}],"wp:attachment":[{"href":"https:\/\/hydropartsholland.com\/es\/wp-json\/wp\/v2\/media?parent=5814"}],"wp:term":[{"taxonomy":"product_cat","embeddable":true,"href":"https:\/\/hydropartsholland.com\/es\/wp-json\/wp\/v2\/product_cat?post=5814"},{"taxonomy":"product_tag","embeddable":true,"href":"https:\/\/hydropartsholland.com\/es\/wp-json\/wp\/v2\/product_tag?post=5814"}],"curies":[{"name":"wp","href":"https:\/\/api.w.org\/{rel}","templated":true}]}}