{"id":35324,"date":"2025-07-22T14:49:20","date_gmt":"2025-07-22T13:49:20","guid":{"rendered":"https:\/\/hydropartsholland.com\/product\/tercer-punto-hidraulico-cat-2-585-795-mm-con-cabeza-de-horquilla-enganche-rapido-y-bloque-de-bloqueo-tiempos-210\/"},"modified":"2025-03-11T12:20:21","modified_gmt":"2025-03-11T11:20:21","slug":"hydraulic-top-link-cat-2-585-795-with-ball-joint-hook-and-saturn-clevis-stroke-210","status":"publish","type":"product","link":"https:\/\/hydropartsholland.com\/es\/producto\/hydraulic-top-link-cat-2-585-795-with-ball-joint-hook-and-saturn-clevis-stroke-210\/","title":{"rendered":"Tercer Punto Hidr\u00e1ulico Cat 2 (585 &#8211; 795 mm) con Cabeza de Horquilla, Enganche R\u00e1pido y Bloque de Bloqueo \u2013 Tiempos 210"},"content":{"rendered":"<div>El tercer punto hidr\u00e1ulico que ofrecemos reemplaza el tercer punto existente en el tractor y facilita su trabajo diario. Para ello es necesaria una v\u00e1lvula de control de doble efecto en el tractor: una combinaci\u00f3n inmejorable en combinaci\u00f3n con el bloque de bloqueo integrado*.<\/div>\n<div><\/div>\n<div>* Al ajustar el tercer punto hidr\u00e1ulico v\u00e1lvula, es muy importante que la posici\u00f3n ajustada se mantenga incluso despu\u00e9s de un largo per\u00edodo de tiempo. Esto es casi imposible en el caso de brazos superiores sin bloque de bloqueo, ya que las unidades de control del tractor no se bloquean con tanta fuerza. Por lo tanto, este tercer punto hidr\u00e1ulico v\u00e1lvula est\u00e1 equipado con un bloque de bloqueo. Con esta v\u00e1lvula, el aceite queda encerrado en el cilindro mediante una v\u00e1lvula de retenci\u00f3n. S\u00f3lo cuando vuelve a haber presi\u00f3n de aceite del tractor se abre la v\u00e1lvula y se puede ajustar el cilindro.<\/div>\n<ul>\n<li>Alta calidad, pintada de negro<\/li>\n<li>Incluido. bloque de bloqueo<\/li>\n<li>Tercer punto hidr\u00e1ulico Cat 2<\/li>\n<li>2 x conexi\u00f3n hidr\u00e1ulica<\/li>\n<li>La entrega est\u00e1 completamente montada.<\/li>\n<li>2 x manguera hidr\u00e1ulica con tap\u00f3n y cubierta antipolvo<\/li>\n<\/ul>\n<div><strong>Especificaciones t\u00e9cnicas:<\/strong><\/div>\n<ul>\n<li>Conexi\u00f3n: mamparo 12-L tama\u00f1o 3 (conector de acople habitual), tetina 18-1,5 SW22 + racor<\/li>\n<li>Denominaci\u00f3n de la manguera Blue Flex SAE 100 3\/8 R2AT DIN EN 853 2SN DN10 W.P.330<\/li>\n<li>Presi\u00f3n de funcionamiento: 330 bares<\/li>\n<li>Longitud: 75cm<\/li>\n<\/ul>\n","protected":false},"excerpt":{"rendered":"<ul>\n<li>Alta calidad, pintada de negro<\/li>\n<li>Incluido. bloque de bloqueo<\/li>\n<li>2 x conexi\u00f3n hidr\u00e1ulica<\/li>\n<li>La entrega est\u00e1 completamente montada.<\/li>\n<li>2 x manguera hidr\u00e1ulica con tap\u00f3n y cubierta antipolvo<\/li>\n<\/ul>\n","protected":false},"featured_media":35025,"comment_status":"open","ping_status":"closed","template":"","meta":{"inline_featured_image":false},"product_cat":[679],"product_tag":[],"class_list":{"0":"post-35324","1":"product","2":"type-product","3":"status-publish","4":"has-post-thumbnail","6":"product_cat-enganche-rapido-cat-3","8":"first","9":"instock","10":"taxable","11":"shipping-taxable","12":"purchasable","13":"product-type-simple"},"yoast_head":"<!-- This site is optimized with the Yoast SEO plugin v23.3 - https:\/\/yoast.com\/wordpress\/plugins\/seo\/ -->\n<title>Tercer Punto Hidr\u00e1ulico Cat 2 (585 - 795 mm) con Cabeza de Horquilla, Enganche R\u00e1pido y Bloque de Bloqueo \u2013 Tiempos 210 - Hydropartsholland<\/title>\n<meta name=\"description\" content=\"El tercer punto hidr\u00e1ulico que ofrecemos reemplaza el tercer punto existente en el tractor y facilita su trabajo diario. Alta calidad, pintada de negro.\" \/>\n<meta name=\"robots\" content=\"index, follow, max-snippet:-1, max-image-preview:large, max-video-preview:-1\" \/>\n<link rel=\"canonical\" href=\"https:\/\/hydropartsholland.com\/es\/producto\/hydraulic-top-link-cat-2-585-795-with-ball-joint-hook-and-saturn-clevis-stroke-210\/\" \/>\n<meta property=\"og:locale\" content=\"es_ES\" \/>\n<meta property=\"og:type\" content=\"article\" \/>\n<meta property=\"og:title\" content=\"Tercer Punto Hidr\u00e1ulico Cat 2 (585 - 795 mm) con Cabeza de Horquilla, Enganche R\u00e1pido y Bloque de Bloqueo \u2013 Tiempos 210 - Hydropartsholland\" \/>\n<meta property=\"og:description\" content=\"El tercer punto hidr\u00e1ulico que ofrecemos reemplaza el tercer punto existente en el tractor y facilita su trabajo diario. Alta calidad, pintada de negro.\" \/>\n<meta property=\"og:url\" content=\"https:\/\/hydropartsholland.com\/es\/producto\/hydraulic-top-link-cat-2-585-795-with-ball-joint-hook-and-saturn-clevis-stroke-210\/\" \/>\n<meta property=\"og:site_name\" content=\"Hydropartsholland\" \/>\n<meta property=\"article:modified_time\" content=\"2025-03-11T11:20:21+00:00\" \/>\n<meta property=\"og:image\" content=\"https:\/\/hydropartsholland.com\/wp-content\/uploads\/2023\/10\/SPH320059-scaled.jpg\" \/>\n\t<meta property=\"og:image:width\" content=\"2560\" \/>\n\t<meta property=\"og:image:height\" content=\"2560\" \/>\n\t<meta property=\"og:image:type\" content=\"image\/jpeg\" \/>\n<meta name=\"twitter:card\" content=\"summary_large_image\" \/>\n<meta name=\"twitter:label1\" content=\"Tiempo de lectura\" \/>\n\t<meta name=\"twitter:data1\" content=\"1 minuto\" \/>\n<script type=\"application\/ld+json\" class=\"yoast-schema-graph\">{\"@context\":\"https:\/\/schema.org\",\"@graph\":[{\"@type\":\"WebPage\",\"@id\":\"https:\/\/hydropartsholland.com\/es\/producto\/hydraulic-top-link-cat-2-585-795-with-ball-joint-hook-and-saturn-clevis-stroke-210\/\",\"url\":\"https:\/\/hydropartsholland.com\/es\/producto\/hydraulic-top-link-cat-2-585-795-with-ball-joint-hook-and-saturn-clevis-stroke-210\/\",\"name\":\"Tercer Punto Hidr\u00e1ulico Cat 2 (585 - 795 mm) con Cabeza de Horquilla, Enganche R\u00e1pido y Bloque de Bloqueo \u2013 Tiempos 210 - Hydropartsholland\",\"isPartOf\":{\"@id\":\"https:\/\/hydropartsholland.com\/#website\"},\"primaryImageOfPage\":{\"@id\":\"https:\/\/hydropartsholland.com\/es\/producto\/hydraulic-top-link-cat-2-585-795-with-ball-joint-hook-and-saturn-clevis-stroke-210\/#primaryimage\"},\"image\":{\"@id\":\"https:\/\/hydropartsholland.com\/es\/producto\/hydraulic-top-link-cat-2-585-795-with-ball-joint-hook-and-saturn-clevis-stroke-210\/#primaryimage\"},\"thumbnailUrl\":\"https:\/\/hydropartsholland.com\/wp-content\/uploads\/2023\/10\/SPH320059-scaled.jpg\",\"datePublished\":\"2025-07-22T13:49:20+00:00\",\"dateModified\":\"2025-03-11T11:20:21+00:00\",\"description\":\"El tercer punto hidr\u00e1ulico que ofrecemos reemplaza el tercer punto existente en el tractor y facilita su trabajo diario. Alta calidad, pintada de negro.\",\"breadcrumb\":{\"@id\":\"https:\/\/hydropartsholland.com\/es\/producto\/hydraulic-top-link-cat-2-585-795-with-ball-joint-hook-and-saturn-clevis-stroke-210\/#breadcrumb\"},\"inLanguage\":\"es\",\"potentialAction\":[{\"@type\":\"ReadAction\",\"target\":[\"https:\/\/hydropartsholland.com\/es\/producto\/hydraulic-top-link-cat-2-585-795-with-ball-joint-hook-and-saturn-clevis-stroke-210\/\"]}]},{\"@type\":\"ImageObject\",\"inLanguage\":\"es\",\"@id\":\"https:\/\/hydropartsholland.com\/es\/producto\/hydraulic-top-link-cat-2-585-795-with-ball-joint-hook-and-saturn-clevis-stroke-210\/#primaryimage\",\"url\":\"https:\/\/hydropartsholland.com\/wp-content\/uploads\/2023\/10\/SPH320059-scaled.jpg\",\"contentUrl\":\"https:\/\/hydropartsholland.com\/wp-content\/uploads\/2023\/10\/SPH320059-scaled.jpg\",\"width\":2560,\"height\":2560},{\"@type\":\"BreadcrumbList\",\"@id\":\"https:\/\/hydropartsholland.com\/es\/producto\/hydraulic-top-link-cat-2-585-795-with-ball-joint-hook-and-saturn-clevis-stroke-210\/#breadcrumb\",\"itemListElement\":[{\"@type\":\"ListItem\",\"position\":1,\"name\":\"Home\",\"item\":\"https:\/\/hydropartsholland.com\/\"},{\"@type\":\"ListItem\",\"position\":2,\"name\":\"Comercio\",\"item\":\"https:\/\/hydropartsholland.com\/es\/tienda\/\"},{\"@type\":\"ListItem\",\"position\":3,\"name\":\"Tercer Punto Hidr\u00e1ulico Cat 2 (585 &#8211; 795 mm) con Cabeza de Horquilla, Enganche R\u00e1pido y Bloque de Bloqueo \u2013 Tiempos 210\"}]},{\"@type\":\"WebSite\",\"@id\":\"https:\/\/hydropartsholland.com\/#website\",\"url\":\"https:\/\/hydropartsholland.com\/\",\"name\":\"Hydropartsholland\",\"description\":\"\",\"publisher\":{\"@id\":\"https:\/\/hydropartsholland.com\/#organization\"},\"potentialAction\":[{\"@type\":\"SearchAction\",\"target\":{\"@type\":\"EntryPoint\",\"urlTemplate\":\"https:\/\/hydropartsholland.com\/?s={search_term_string}\"},\"query-input\":\"required name=search_term_string\"}],\"inLanguage\":\"es\"},{\"@type\":\"Organization\",\"@id\":\"https:\/\/hydropartsholland.com\/#organization\",\"name\":\"Spare Parts Holland\",\"url\":\"https:\/\/hydropartsholland.com\/\",\"logo\":{\"@type\":\"ImageObject\",\"inLanguage\":\"es\",\"@id\":\"https:\/\/hydropartsholland.com\/#\/schema\/logo\/image\/\",\"url\":\"https:\/\/hydropartsholland.com\/wp-content\/uploads\/2022\/06\/spareparts-1.png\",\"contentUrl\":\"https:\/\/hydropartsholland.com\/wp-content\/uploads\/2022\/06\/spareparts-1.png\",\"width\":824,\"height\":685,\"caption\":\"Spare Parts Holland\"},\"image\":{\"@id\":\"https:\/\/hydropartsholland.com\/#\/schema\/logo\/image\/\"}}]}<\/script>\n<!-- \/ Yoast SEO plugin. -->","yoast_head_json":{"title":"Tercer Punto Hidr\u00e1ulico Cat 2 (585 - 795 mm) con Cabeza de Horquilla, Enganche R\u00e1pido y Bloque de Bloqueo \u2013 Tiempos 210 - Hydropartsholland","description":"El tercer punto hidr\u00e1ulico que ofrecemos reemplaza el tercer punto existente en el tractor y facilita su trabajo diario. Alta calidad, pintada de negro.","robots":{"index":"index","follow":"follow","max-snippet":"max-snippet:-1","max-image-preview":"max-image-preview:large","max-video-preview":"max-video-preview:-1"},"canonical":"https:\/\/hydropartsholland.com\/es\/producto\/hydraulic-top-link-cat-2-585-795-with-ball-joint-hook-and-saturn-clevis-stroke-210\/","og_locale":"es_ES","og_type":"article","og_title":"Tercer Punto Hidr\u00e1ulico Cat 2 (585 - 795 mm) con Cabeza de Horquilla, Enganche R\u00e1pido y Bloque de Bloqueo \u2013 Tiempos 210 - Hydropartsholland","og_description":"El tercer punto hidr\u00e1ulico que ofrecemos reemplaza el tercer punto existente en el tractor y facilita su trabajo diario. Alta calidad, pintada de negro.","og_url":"https:\/\/hydropartsholland.com\/es\/producto\/hydraulic-top-link-cat-2-585-795-with-ball-joint-hook-and-saturn-clevis-stroke-210\/","og_site_name":"Hydropartsholland","article_modified_time":"2025-03-11T11:20:21+00:00","og_image":[{"width":2560,"height":2560,"url":"https:\/\/hydropartsholland.com\/wp-content\/uploads\/2023\/10\/SPH320059-scaled.jpg","type":"image\/jpeg"}],"twitter_card":"summary_large_image","twitter_misc":{"Tiempo de lectura":"1 minuto"},"schema":{"@context":"https:\/\/schema.org","@graph":[{"@type":"WebPage","@id":"https:\/\/hydropartsholland.com\/es\/producto\/hydraulic-top-link-cat-2-585-795-with-ball-joint-hook-and-saturn-clevis-stroke-210\/","url":"https:\/\/hydropartsholland.com\/es\/producto\/hydraulic-top-link-cat-2-585-795-with-ball-joint-hook-and-saturn-clevis-stroke-210\/","name":"Tercer Punto Hidr\u00e1ulico Cat 2 (585 - 795 mm) con Cabeza de Horquilla, Enganche R\u00e1pido y Bloque de Bloqueo \u2013 Tiempos 210 - Hydropartsholland","isPartOf":{"@id":"https:\/\/hydropartsholland.com\/#website"},"primaryImageOfPage":{"@id":"https:\/\/hydropartsholland.com\/es\/producto\/hydraulic-top-link-cat-2-585-795-with-ball-joint-hook-and-saturn-clevis-stroke-210\/#primaryimage"},"image":{"@id":"https:\/\/hydropartsholland.com\/es\/producto\/hydraulic-top-link-cat-2-585-795-with-ball-joint-hook-and-saturn-clevis-stroke-210\/#primaryimage"},"thumbnailUrl":"https:\/\/hydropartsholland.com\/wp-content\/uploads\/2023\/10\/SPH320059-scaled.jpg","datePublished":"2025-07-22T13:49:20+00:00","dateModified":"2025-03-11T11:20:21+00:00","description":"El tercer punto hidr\u00e1ulico que ofrecemos reemplaza el tercer punto existente en el tractor y facilita su trabajo diario. Alta calidad, pintada de negro.","breadcrumb":{"@id":"https:\/\/hydropartsholland.com\/es\/producto\/hydraulic-top-link-cat-2-585-795-with-ball-joint-hook-and-saturn-clevis-stroke-210\/#breadcrumb"},"inLanguage":"es","potentialAction":[{"@type":"ReadAction","target":["https:\/\/hydropartsholland.com\/es\/producto\/hydraulic-top-link-cat-2-585-795-with-ball-joint-hook-and-saturn-clevis-stroke-210\/"]}]},{"@type":"ImageObject","inLanguage":"es","@id":"https:\/\/hydropartsholland.com\/es\/producto\/hydraulic-top-link-cat-2-585-795-with-ball-joint-hook-and-saturn-clevis-stroke-210\/#primaryimage","url":"https:\/\/hydropartsholland.com\/wp-content\/uploads\/2023\/10\/SPH320059-scaled.jpg","contentUrl":"https:\/\/hydropartsholland.com\/wp-content\/uploads\/2023\/10\/SPH320059-scaled.jpg","width":2560,"height":2560},{"@type":"BreadcrumbList","@id":"https:\/\/hydropartsholland.com\/es\/producto\/hydraulic-top-link-cat-2-585-795-with-ball-joint-hook-and-saturn-clevis-stroke-210\/#breadcrumb","itemListElement":[{"@type":"ListItem","position":1,"name":"Home","item":"https:\/\/hydropartsholland.com\/"},{"@type":"ListItem","position":2,"name":"Comercio","item":"https:\/\/hydropartsholland.com\/es\/tienda\/"},{"@type":"ListItem","position":3,"name":"Tercer Punto Hidr\u00e1ulico Cat 2 (585 &#8211; 795 mm) con Cabeza de Horquilla, Enganche R\u00e1pido y Bloque de Bloqueo \u2013 Tiempos 210"}]},{"@type":"WebSite","@id":"https:\/\/hydropartsholland.com\/#website","url":"https:\/\/hydropartsholland.com\/","name":"Hydropartsholland","description":"","publisher":{"@id":"https:\/\/hydropartsholland.com\/#organization"},"potentialAction":[{"@type":"SearchAction","target":{"@type":"EntryPoint","urlTemplate":"https:\/\/hydropartsholland.com\/?s={search_term_string}"},"query-input":"required name=search_term_string"}],"inLanguage":"es"},{"@type":"Organization","@id":"https:\/\/hydropartsholland.com\/#organization","name":"Spare Parts Holland","url":"https:\/\/hydropartsholland.com\/","logo":{"@type":"ImageObject","inLanguage":"es","@id":"https:\/\/hydropartsholland.com\/#\/schema\/logo\/image\/","url":"https:\/\/hydropartsholland.com\/wp-content\/uploads\/2022\/06\/spareparts-1.png","contentUrl":"https:\/\/hydropartsholland.com\/wp-content\/uploads\/2022\/06\/spareparts-1.png","width":824,"height":685,"caption":"Spare Parts Holland"},"image":{"@id":"https:\/\/hydropartsholland.com\/#\/schema\/logo\/image\/"}}]}},"_links":{"self":[{"href":"https:\/\/hydropartsholland.com\/es\/wp-json\/wp\/v2\/product\/35324","targetHints":{"allow":["GET"]}}],"collection":[{"href":"https:\/\/hydropartsholland.com\/es\/wp-json\/wp\/v2\/product"}],"about":[{"href":"https:\/\/hydropartsholland.com\/es\/wp-json\/wp\/v2\/types\/product"}],"replies":[{"embeddable":true,"href":"https:\/\/hydropartsholland.com\/es\/wp-json\/wp\/v2\/comments?post=35324"}],"wp:featuredmedia":[{"embeddable":true,"href":"https:\/\/hydropartsholland.com\/es\/wp-json\/wp\/v2\/media\/35025"}],"wp:attachment":[{"href":"https:\/\/hydropartsholland.com\/es\/wp-json\/wp\/v2\/media?parent=35324"}],"wp:term":[{"taxonomy":"product_cat","embeddable":true,"href":"https:\/\/hydropartsholland.com\/es\/wp-json\/wp\/v2\/product_cat?post=35324"},{"taxonomy":"product_tag","embeddable":true,"href":"https:\/\/hydropartsholland.com\/es\/wp-json\/wp\/v2\/product_tag?post=35324"}],"curies":[{"name":"wp","href":"https:\/\/api.w.org\/{rel}","templated":true}]}}