{"id":35317,"date":"2025-07-22T14:49:19","date_gmt":"2025-07-22T13:49:19","guid":{"rendered":"https:\/\/hydropartsholland.com\/?post_type=product&#038;p=35317"},"modified":"2025-03-11T12:20:20","modified_gmt":"2025-03-11T11:20:20","slug":"tercer-punto-hidraulico-cat-3-o324-655-935-mm-con-engache-rapido-bloque-de-bloqueo-et-2-mangueras","status":"publish","type":"product","link":"https:\/\/hydropartsholland.com\/es\/producto\/tercer-punto-hidraulico-cat-3-o324-655-935-mm-con-engache-rapido-bloque-de-bloqueo-et-2-mangueras\/","title":{"rendered":"Tercer Punto Hidr\u00e1ulico Cat 3 &#8211; \u00d832,4 (655 &#8211; 935 mm) con Engache R\u00e1pido, Bloque de Bloqueo et 2 Mangueras"},"content":{"rendered":"<p>Tercer punto hidr\u00e1ulico Cat. 3 con engache r\u00e1pido, bloque de bloqueo et 2 mangueras.<\/p>\n<p>El tercer punto hidr\u00e1ulico que ofrecemos reemplaza el tercer puntor existente en el tractor y facilita su trabajo diario. Esto requiere una v\u00e1lvula de control de doble efecto en el tractor, una combinaci\u00f3n imbatible en combinaci\u00f3n con el bloque de bloqueo integrado *.<\/p>\n<p>* Al ajustar el tercer punto hidr\u00e1ulico, es muy importante que la posici\u00f3n ajustada se mantenga incluso despu\u00e9s de un largo per\u00edodo de tiempo. Esto es dif\u00edcilmente posible con los tercer punto hidr\u00e1ulico sin bloque de bloqueo, porque las unidades de control del tractor no se bloquean con tanta fuerza. Por lo tanto, este tercer punto hidr\u00e1ulico est\u00e1 equipado con un bloque de bloqueo. Con esta v\u00e1lvula, el aceite del cilindro est\u00e1 encerrado por una v\u00e1lvula de retenci\u00f3n. Solo cuando la presi\u00f3n de aceite regresa del tractor, la v\u00e1lvula se abre y el cilindro se puede ajustar.<\/p>\n<ul>\n<li>Acabado de alta calidad y pintado de negro.<\/li>\n<li>Incluye bloque de bloqueo<\/li>\n<li>Tercer punto Cat 3<\/li>\n<li>2 x conexi\u00f3n hidr\u00e1ulica<\/li>\n<li>La entrega est\u00e1 completamente ensamblada<\/li>\n<\/ul>\n<p><strong>Especificaciones t\u00e9cnicas:<\/strong><\/p>\n<ul>\n<li>Categor\u00eda: 3<\/li>\n<li>Orificio de alfiler: 32,4<\/li>\n<li>Di\u00e1metro del cilindro: 80 X 90<\/li>\n<li>Di\u00e1metro de la varilla: 40 mm<\/li>\n<li>Presi\u00f3n hidr\u00e1ulica m\u00e1x. 250 barras<\/li>\n<li>Empuje: 12 toneladas<\/li>\n<\/ul>\n<p>2 mangueras hidr\u00e1ulicas con tap\u00f3n y tapa antipolvo<\/p>\n<ul>\n<li>Conexi\u00f3n: 12-L mamparo tama\u00f1o 3 (conector de acoplamiento com\u00fan), boquilla 18-1.5 SW22 + uni\u00f3n<\/li>\n<li>Denominaci\u00f3n de la manguera Blue Flex SAE 100 3\/8 R2AT DIN EN 853 2SN DN10 W.P.330<\/li>\n<li>Presi\u00f3n de trabajo: 180 bar<\/li>\n<\/ul>\n","protected":false},"excerpt":{"rendered":"<ul>\n<li>Acabado de alta calidad y pintado de negro<\/li>\n<li>Incluye bloque de bloqueo<\/li>\n<li>2 x conexi\u00f3n hidr\u00e1ulica<\/li>\n<li>La entrega est\u00e1 completamente ensamblada.<\/li>\n<\/ul>\n","protected":false},"featured_media":34900,"comment_status":"open","ping_status":"closed","template":"","meta":{"inline_featured_image":false},"product_cat":[],"product_tag":[],"class_list":{"0":"post-35317","1":"product","2":"type-product","3":"status-publish","4":"has-post-thumbnail","7":"first","8":"instock","9":"taxable","10":"shipping-taxable","11":"purchasable","12":"product-type-simple"},"yoast_head":"<!-- This site is optimized with the Yoast SEO plugin v23.3 - https:\/\/yoast.com\/wordpress\/plugins\/seo\/ -->\n<title>Tercer Punto Hidr\u00e1ulico Cat 3 - \u00d832,4 (655 - 935 mm) con Engache R\u00e1pido, Bloque de Bloqueo et 2 Mangueras - Hydropartsholland<\/title>\n<meta name=\"description\" content=\"El tercer punto hidr\u00e1ulico que ofrecemos reemplaza el tercer punto existente en el tractor y facilita su trabajo diario. Acabado de alta calidad.\" \/>\n<meta name=\"robots\" content=\"index, follow, max-snippet:-1, max-image-preview:large, max-video-preview:-1\" \/>\n<link rel=\"canonical\" href=\"https:\/\/hydropartsholland.com\/es\/producto\/tercer-punto-hidraulico-cat-3-o324-655-935-mm-con-engache-rapido-bloque-de-bloqueo-et-2-mangueras\/\" \/>\n<meta property=\"og:locale\" content=\"es_ES\" \/>\n<meta property=\"og:type\" content=\"article\" \/>\n<meta property=\"og:title\" content=\"Tercer Punto Hidr\u00e1ulico Cat 3 - \u00d832,4 (655 - 935 mm) con Engache R\u00e1pido, Bloque de Bloqueo et 2 Mangueras - Hydropartsholland\" \/>\n<meta property=\"og:description\" content=\"El tercer punto hidr\u00e1ulico que ofrecemos reemplaza el tercer punto existente en el tractor y facilita su trabajo diario. Acabado de alta calidad.\" \/>\n<meta property=\"og:url\" content=\"https:\/\/hydropartsholland.com\/es\/producto\/tercer-punto-hidraulico-cat-3-o324-655-935-mm-con-engache-rapido-bloque-de-bloqueo-et-2-mangueras\/\" \/>\n<meta property=\"og:site_name\" content=\"Hydropartsholland\" \/>\n<meta property=\"article:modified_time\" content=\"2025-03-11T11:20:20+00:00\" \/>\n<meta property=\"og:image\" content=\"https:\/\/hydropartsholland.com\/wp-content\/uploads\/2023\/10\/2-scaled.jpg\" \/>\n\t<meta property=\"og:image:width\" content=\"2560\" \/>\n\t<meta property=\"og:image:height\" content=\"2560\" \/>\n\t<meta property=\"og:image:type\" content=\"image\/jpeg\" \/>\n<meta name=\"twitter:card\" content=\"summary_large_image\" \/>\n<meta name=\"twitter:label1\" content=\"Tiempo de lectura\" \/>\n\t<meta name=\"twitter:data1\" content=\"2 minutos\" \/>\n<script type=\"application\/ld+json\" class=\"yoast-schema-graph\">{\"@context\":\"https:\/\/schema.org\",\"@graph\":[{\"@type\":\"WebPage\",\"@id\":\"https:\/\/hydropartsholland.com\/es\/producto\/tercer-punto-hidraulico-cat-3-o324-655-935-mm-con-engache-rapido-bloque-de-bloqueo-et-2-mangueras\/\",\"url\":\"https:\/\/hydropartsholland.com\/es\/producto\/tercer-punto-hidraulico-cat-3-o324-655-935-mm-con-engache-rapido-bloque-de-bloqueo-et-2-mangueras\/\",\"name\":\"Tercer Punto Hidr\u00e1ulico Cat 3 - \u00d832,4 (655 - 935 mm) con Engache R\u00e1pido, Bloque de Bloqueo et 2 Mangueras - Hydropartsholland\",\"isPartOf\":{\"@id\":\"https:\/\/hydropartsholland.com\/#website\"},\"primaryImageOfPage\":{\"@id\":\"https:\/\/hydropartsholland.com\/es\/producto\/tercer-punto-hidraulico-cat-3-o324-655-935-mm-con-engache-rapido-bloque-de-bloqueo-et-2-mangueras\/#primaryimage\"},\"image\":{\"@id\":\"https:\/\/hydropartsholland.com\/es\/producto\/tercer-punto-hidraulico-cat-3-o324-655-935-mm-con-engache-rapido-bloque-de-bloqueo-et-2-mangueras\/#primaryimage\"},\"thumbnailUrl\":\"https:\/\/hydropartsholland.com\/wp-content\/uploads\/2023\/10\/2-scaled.jpg\",\"datePublished\":\"2025-07-22T13:49:19+00:00\",\"dateModified\":\"2025-03-11T11:20:20+00:00\",\"description\":\"El tercer punto hidr\u00e1ulico que ofrecemos reemplaza el tercer punto existente en el tractor y facilita su trabajo diario. Acabado de alta calidad.\",\"breadcrumb\":{\"@id\":\"https:\/\/hydropartsholland.com\/es\/producto\/tercer-punto-hidraulico-cat-3-o324-655-935-mm-con-engache-rapido-bloque-de-bloqueo-et-2-mangueras\/#breadcrumb\"},\"inLanguage\":\"es\",\"potentialAction\":[{\"@type\":\"ReadAction\",\"target\":[\"https:\/\/hydropartsholland.com\/es\/producto\/tercer-punto-hidraulico-cat-3-o324-655-935-mm-con-engache-rapido-bloque-de-bloqueo-et-2-mangueras\/\"]}]},{\"@type\":\"ImageObject\",\"inLanguage\":\"es\",\"@id\":\"https:\/\/hydropartsholland.com\/es\/producto\/tercer-punto-hidraulico-cat-3-o324-655-935-mm-con-engache-rapido-bloque-de-bloqueo-et-2-mangueras\/#primaryimage\",\"url\":\"https:\/\/hydropartsholland.com\/wp-content\/uploads\/2023\/10\/2-scaled.jpg\",\"contentUrl\":\"https:\/\/hydropartsholland.com\/wp-content\/uploads\/2023\/10\/2-scaled.jpg\",\"width\":2560,\"height\":2560},{\"@type\":\"BreadcrumbList\",\"@id\":\"https:\/\/hydropartsholland.com\/es\/producto\/tercer-punto-hidraulico-cat-3-o324-655-935-mm-con-engache-rapido-bloque-de-bloqueo-et-2-mangueras\/#breadcrumb\",\"itemListElement\":[{\"@type\":\"ListItem\",\"position\":1,\"name\":\"Home\",\"item\":\"https:\/\/hydropartsholland.com\/\"},{\"@type\":\"ListItem\",\"position\":2,\"name\":\"Comercio\",\"item\":\"https:\/\/hydropartsholland.com\/es\/tienda\/\"},{\"@type\":\"ListItem\",\"position\":3,\"name\":\"Tercer Punto Hidr\u00e1ulico Cat 3 &#8211; \u00d832,4 (655 &#8211; 935 mm) con Engache R\u00e1pido, Bloque de Bloqueo et 2 Mangueras\"}]},{\"@type\":\"WebSite\",\"@id\":\"https:\/\/hydropartsholland.com\/#website\",\"url\":\"https:\/\/hydropartsholland.com\/\",\"name\":\"Hydropartsholland\",\"description\":\"\",\"publisher\":{\"@id\":\"https:\/\/hydropartsholland.com\/#organization\"},\"potentialAction\":[{\"@type\":\"SearchAction\",\"target\":{\"@type\":\"EntryPoint\",\"urlTemplate\":\"https:\/\/hydropartsholland.com\/?s={search_term_string}\"},\"query-input\":\"required name=search_term_string\"}],\"inLanguage\":\"es\"},{\"@type\":\"Organization\",\"@id\":\"https:\/\/hydropartsholland.com\/#organization\",\"name\":\"Spare Parts Holland\",\"url\":\"https:\/\/hydropartsholland.com\/\",\"logo\":{\"@type\":\"ImageObject\",\"inLanguage\":\"es\",\"@id\":\"https:\/\/hydropartsholland.com\/#\/schema\/logo\/image\/\",\"url\":\"https:\/\/hydropartsholland.com\/wp-content\/uploads\/2022\/06\/spareparts-1.png\",\"contentUrl\":\"https:\/\/hydropartsholland.com\/wp-content\/uploads\/2022\/06\/spareparts-1.png\",\"width\":824,\"height\":685,\"caption\":\"Spare Parts Holland\"},\"image\":{\"@id\":\"https:\/\/hydropartsholland.com\/#\/schema\/logo\/image\/\"}}]}<\/script>\n<!-- \/ Yoast SEO plugin. -->","yoast_head_json":{"title":"Tercer Punto Hidr\u00e1ulico Cat 3 - \u00d832,4 (655 - 935 mm) con Engache R\u00e1pido, Bloque de Bloqueo et 2 Mangueras - Hydropartsholland","description":"El tercer punto hidr\u00e1ulico que ofrecemos reemplaza el tercer punto existente en el tractor y facilita su trabajo diario. Acabado de alta calidad.","robots":{"index":"index","follow":"follow","max-snippet":"max-snippet:-1","max-image-preview":"max-image-preview:large","max-video-preview":"max-video-preview:-1"},"canonical":"https:\/\/hydropartsholland.com\/es\/producto\/tercer-punto-hidraulico-cat-3-o324-655-935-mm-con-engache-rapido-bloque-de-bloqueo-et-2-mangueras\/","og_locale":"es_ES","og_type":"article","og_title":"Tercer Punto Hidr\u00e1ulico Cat 3 - \u00d832,4 (655 - 935 mm) con Engache R\u00e1pido, Bloque de Bloqueo et 2 Mangueras - Hydropartsholland","og_description":"El tercer punto hidr\u00e1ulico que ofrecemos reemplaza el tercer punto existente en el tractor y facilita su trabajo diario. Acabado de alta calidad.","og_url":"https:\/\/hydropartsholland.com\/es\/producto\/tercer-punto-hidraulico-cat-3-o324-655-935-mm-con-engache-rapido-bloque-de-bloqueo-et-2-mangueras\/","og_site_name":"Hydropartsholland","article_modified_time":"2025-03-11T11:20:20+00:00","og_image":[{"width":2560,"height":2560,"url":"https:\/\/hydropartsholland.com\/wp-content\/uploads\/2023\/10\/2-scaled.jpg","type":"image\/jpeg"}],"twitter_card":"summary_large_image","twitter_misc":{"Tiempo de lectura":"2 minutos"},"schema":{"@context":"https:\/\/schema.org","@graph":[{"@type":"WebPage","@id":"https:\/\/hydropartsholland.com\/es\/producto\/tercer-punto-hidraulico-cat-3-o324-655-935-mm-con-engache-rapido-bloque-de-bloqueo-et-2-mangueras\/","url":"https:\/\/hydropartsholland.com\/es\/producto\/tercer-punto-hidraulico-cat-3-o324-655-935-mm-con-engache-rapido-bloque-de-bloqueo-et-2-mangueras\/","name":"Tercer Punto Hidr\u00e1ulico Cat 3 - \u00d832,4 (655 - 935 mm) con Engache R\u00e1pido, Bloque de Bloqueo et 2 Mangueras - Hydropartsholland","isPartOf":{"@id":"https:\/\/hydropartsholland.com\/#website"},"primaryImageOfPage":{"@id":"https:\/\/hydropartsholland.com\/es\/producto\/tercer-punto-hidraulico-cat-3-o324-655-935-mm-con-engache-rapido-bloque-de-bloqueo-et-2-mangueras\/#primaryimage"},"image":{"@id":"https:\/\/hydropartsholland.com\/es\/producto\/tercer-punto-hidraulico-cat-3-o324-655-935-mm-con-engache-rapido-bloque-de-bloqueo-et-2-mangueras\/#primaryimage"},"thumbnailUrl":"https:\/\/hydropartsholland.com\/wp-content\/uploads\/2023\/10\/2-scaled.jpg","datePublished":"2025-07-22T13:49:19+00:00","dateModified":"2025-03-11T11:20:20+00:00","description":"El tercer punto hidr\u00e1ulico que ofrecemos reemplaza el tercer punto existente en el tractor y facilita su trabajo diario. Acabado de alta calidad.","breadcrumb":{"@id":"https:\/\/hydropartsholland.com\/es\/producto\/tercer-punto-hidraulico-cat-3-o324-655-935-mm-con-engache-rapido-bloque-de-bloqueo-et-2-mangueras\/#breadcrumb"},"inLanguage":"es","potentialAction":[{"@type":"ReadAction","target":["https:\/\/hydropartsholland.com\/es\/producto\/tercer-punto-hidraulico-cat-3-o324-655-935-mm-con-engache-rapido-bloque-de-bloqueo-et-2-mangueras\/"]}]},{"@type":"ImageObject","inLanguage":"es","@id":"https:\/\/hydropartsholland.com\/es\/producto\/tercer-punto-hidraulico-cat-3-o324-655-935-mm-con-engache-rapido-bloque-de-bloqueo-et-2-mangueras\/#primaryimage","url":"https:\/\/hydropartsholland.com\/wp-content\/uploads\/2023\/10\/2-scaled.jpg","contentUrl":"https:\/\/hydropartsholland.com\/wp-content\/uploads\/2023\/10\/2-scaled.jpg","width":2560,"height":2560},{"@type":"BreadcrumbList","@id":"https:\/\/hydropartsholland.com\/es\/producto\/tercer-punto-hidraulico-cat-3-o324-655-935-mm-con-engache-rapido-bloque-de-bloqueo-et-2-mangueras\/#breadcrumb","itemListElement":[{"@type":"ListItem","position":1,"name":"Home","item":"https:\/\/hydropartsholland.com\/"},{"@type":"ListItem","position":2,"name":"Comercio","item":"https:\/\/hydropartsholland.com\/es\/tienda\/"},{"@type":"ListItem","position":3,"name":"Tercer Punto Hidr\u00e1ulico Cat 3 &#8211; \u00d832,4 (655 &#8211; 935 mm) con Engache R\u00e1pido, Bloque de Bloqueo et 2 Mangueras"}]},{"@type":"WebSite","@id":"https:\/\/hydropartsholland.com\/#website","url":"https:\/\/hydropartsholland.com\/","name":"Hydropartsholland","description":"","publisher":{"@id":"https:\/\/hydropartsholland.com\/#organization"},"potentialAction":[{"@type":"SearchAction","target":{"@type":"EntryPoint","urlTemplate":"https:\/\/hydropartsholland.com\/?s={search_term_string}"},"query-input":"required name=search_term_string"}],"inLanguage":"es"},{"@type":"Organization","@id":"https:\/\/hydropartsholland.com\/#organization","name":"Spare Parts Holland","url":"https:\/\/hydropartsholland.com\/","logo":{"@type":"ImageObject","inLanguage":"es","@id":"https:\/\/hydropartsholland.com\/#\/schema\/logo\/image\/","url":"https:\/\/hydropartsholland.com\/wp-content\/uploads\/2022\/06\/spareparts-1.png","contentUrl":"https:\/\/hydropartsholland.com\/wp-content\/uploads\/2022\/06\/spareparts-1.png","width":824,"height":685,"caption":"Spare Parts Holland"},"image":{"@id":"https:\/\/hydropartsholland.com\/#\/schema\/logo\/image\/"}}]}},"_links":{"self":[{"href":"https:\/\/hydropartsholland.com\/es\/wp-json\/wp\/v2\/product\/35317","targetHints":{"allow":["GET"]}}],"collection":[{"href":"https:\/\/hydropartsholland.com\/es\/wp-json\/wp\/v2\/product"}],"about":[{"href":"https:\/\/hydropartsholland.com\/es\/wp-json\/wp\/v2\/types\/product"}],"replies":[{"embeddable":true,"href":"https:\/\/hydropartsholland.com\/es\/wp-json\/wp\/v2\/comments?post=35317"}],"wp:featuredmedia":[{"embeddable":true,"href":"https:\/\/hydropartsholland.com\/es\/wp-json\/wp\/v2\/media\/34900"}],"wp:attachment":[{"href":"https:\/\/hydropartsholland.com\/es\/wp-json\/wp\/v2\/media?parent=35317"}],"wp:term":[{"taxonomy":"product_cat","embeddable":true,"href":"https:\/\/hydropartsholland.com\/es\/wp-json\/wp\/v2\/product_cat?post=35317"},{"taxonomy":"product_tag","embeddable":true,"href":"https:\/\/hydropartsholland.com\/es\/wp-json\/wp\/v2\/product_tag?post=35317"}],"curies":[{"name":"wp","href":"https:\/\/api.w.org\/{rel}","templated":true}]}}