{"id":32607,"date":"2025-07-22T14:49:22","date_gmt":"2025-07-22T13:49:22","guid":{"rendered":"https:\/\/hydropartsholland.com\/?post_type=product&#038;p=32607"},"modified":"2025-03-11T12:20:28","modified_gmt":"2025-03-11T11:20:28","slug":"ganchos-de-cuchara-de-tractor-gancho-de-agarre-pesado-gancho-de-remolque","status":"publish","type":"product","link":"https:\/\/hydropartsholland.com\/es\/producto\/ganchos-de-cuchara-de-tractor-gancho-de-agarre-pesado-gancho-de-remolque\/","title":{"rendered":"Ganchos de Cuchara de Tractor &#8211; Gancho de Agarre pesado Gancho de Remolque"},"content":{"rendered":"<p>Este juego de ganchos para cangilones de tractor hace que su cangil\u00f3n de tractor sea a\u00fan m\u00e1s \u00fatil. El juego de ganchos para cangilones tractores es de alta calidad y muy resistente debido a su placa trasera engrosada, base s\u00f3lida y soldaduras perfectas.<\/p>\n<p>El conjunto contiene:<\/p>\n<ul>\n<li>2 ganchos de agarre atornillables (3\/8&#8243;)<\/li>\n<li>2 placas de acero 4.25&#8243; x 3.25&#8243;<\/li>\n<li>4 tornillos clase 10.9<\/li>\n<li>4 nueces clase 10.9<\/li>\n<\/ul>\n","protected":false},"excerpt":{"rendered":"<p>El conjunto contiene:<\/p>\n<ul>\n<li>2 ganchos de agarre atornillables (3\/8&#8243;)<\/li>\n<li>2 placas de acero 4.25&#8243; x 3.25&#8243;<\/li>\n<li>4 tornillos clase 10.9<\/li>\n<li>4 nueces clase 10.9<\/li>\n<\/ul>\n","protected":false},"featured_media":32315,"comment_status":"open","ping_status":"closed","template":"","meta":{"inline_featured_image":false},"product_cat":[682,681,683,684,2194,494],"product_tag":[],"class_list":{"0":"post-32607","1":"product","2":"type-product","3":"status-publish","4":"has-post-thumbnail","6":"product_cat-deutz-es-2","7":"product_cat-case-ihc-es","8":"product_cat-ford-es","9":"product_cat-john-deere-es","10":"product_cat-engaches_rapido","11":"product_cat-partes-de-carroceria-del-tractor","13":"first","14":"outofstock","15":"taxable","16":"shipping-taxable","17":"purchasable","18":"product-type-simple"},"yoast_head":"<!-- This site is optimized with the Yoast SEO plugin v23.3 - https:\/\/yoast.com\/wordpress\/plugins\/seo\/ -->\n<title>Ganchos de Cuchara de Tractor - Gancho de Agarre pesado Gancho de Remolque - Hydropartsholland<\/title>\n<meta name=\"description\" content=\"Este juego de ganchos para cangilones de tractor hace que su cangil\u00f3n de tractor sea a\u00fan m\u00e1s \u00fatil. El juego es de alta calidad.\" \/>\n<meta name=\"robots\" content=\"index, follow, max-snippet:-1, max-image-preview:large, max-video-preview:-1\" \/>\n<link rel=\"canonical\" href=\"https:\/\/hydropartsholland.com\/es\/producto\/ganchos-de-cuchara-de-tractor-gancho-de-agarre-pesado-gancho-de-remolque\/\" \/>\n<meta property=\"og:locale\" content=\"es_ES\" \/>\n<meta property=\"og:type\" content=\"article\" \/>\n<meta property=\"og:title\" content=\"Ganchos de Cuchara de Tractor - Gancho de Agarre pesado Gancho de Remolque - Hydropartsholland\" \/>\n<meta property=\"og:description\" content=\"Este juego de ganchos para cangilones de tractor hace que su cangil\u00f3n de tractor sea a\u00fan m\u00e1s \u00fatil. El juego es de alta calidad.\" \/>\n<meta property=\"og:url\" content=\"https:\/\/hydropartsholland.com\/es\/producto\/ganchos-de-cuchara-de-tractor-gancho-de-agarre-pesado-gancho-de-remolque\/\" \/>\n<meta property=\"og:site_name\" content=\"Hydropartsholland\" \/>\n<meta property=\"article:modified_time\" content=\"2025-03-11T11:20:28+00:00\" \/>\n<meta property=\"og:image\" content=\"https:\/\/hydropartsholland.com\/wp-content\/uploads\/2023\/07\/3.jpg\" \/>\n\t<meta property=\"og:image:width\" content=\"731\" \/>\n\t<meta property=\"og:image:height\" content=\"498\" \/>\n\t<meta property=\"og:image:type\" content=\"image\/jpeg\" \/>\n<meta name=\"twitter:card\" content=\"summary_large_image\" \/>\n<meta name=\"twitter:label1\" content=\"Tiempo de lectura\" \/>\n\t<meta name=\"twitter:data1\" content=\"1 minuto\" \/>\n<script type=\"application\/ld+json\" class=\"yoast-schema-graph\">{\"@context\":\"https:\/\/schema.org\",\"@graph\":[{\"@type\":\"WebPage\",\"@id\":\"https:\/\/hydropartsholland.com\/es\/producto\/ganchos-de-cuchara-de-tractor-gancho-de-agarre-pesado-gancho-de-remolque\/\",\"url\":\"https:\/\/hydropartsholland.com\/es\/producto\/ganchos-de-cuchara-de-tractor-gancho-de-agarre-pesado-gancho-de-remolque\/\",\"name\":\"Ganchos de Cuchara de Tractor - Gancho de Agarre pesado Gancho de Remolque - Hydropartsholland\",\"isPartOf\":{\"@id\":\"https:\/\/hydropartsholland.com\/#website\"},\"primaryImageOfPage\":{\"@id\":\"https:\/\/hydropartsholland.com\/es\/producto\/ganchos-de-cuchara-de-tractor-gancho-de-agarre-pesado-gancho-de-remolque\/#primaryimage\"},\"image\":{\"@id\":\"https:\/\/hydropartsholland.com\/es\/producto\/ganchos-de-cuchara-de-tractor-gancho-de-agarre-pesado-gancho-de-remolque\/#primaryimage\"},\"thumbnailUrl\":\"https:\/\/hydropartsholland.com\/wp-content\/uploads\/2023\/07\/3.jpg\",\"datePublished\":\"2025-07-22T13:49:22+00:00\",\"dateModified\":\"2025-03-11T11:20:28+00:00\",\"description\":\"Este juego de ganchos para cangilones de tractor hace que su cangil\u00f3n de tractor sea a\u00fan m\u00e1s \u00fatil. El juego es de alta calidad.\",\"breadcrumb\":{\"@id\":\"https:\/\/hydropartsholland.com\/es\/producto\/ganchos-de-cuchara-de-tractor-gancho-de-agarre-pesado-gancho-de-remolque\/#breadcrumb\"},\"inLanguage\":\"es\",\"potentialAction\":[{\"@type\":\"ReadAction\",\"target\":[\"https:\/\/hydropartsholland.com\/es\/producto\/ganchos-de-cuchara-de-tractor-gancho-de-agarre-pesado-gancho-de-remolque\/\"]}]},{\"@type\":\"ImageObject\",\"inLanguage\":\"es\",\"@id\":\"https:\/\/hydropartsholland.com\/es\/producto\/ganchos-de-cuchara-de-tractor-gancho-de-agarre-pesado-gancho-de-remolque\/#primaryimage\",\"url\":\"https:\/\/hydropartsholland.com\/wp-content\/uploads\/2023\/07\/3.jpg\",\"contentUrl\":\"https:\/\/hydropartsholland.com\/wp-content\/uploads\/2023\/07\/3.jpg\",\"width\":731,\"height\":498},{\"@type\":\"BreadcrumbList\",\"@id\":\"https:\/\/hydropartsholland.com\/es\/producto\/ganchos-de-cuchara-de-tractor-gancho-de-agarre-pesado-gancho-de-remolque\/#breadcrumb\",\"itemListElement\":[{\"@type\":\"ListItem\",\"position\":1,\"name\":\"Home\",\"item\":\"https:\/\/hydropartsholland.com\/\"},{\"@type\":\"ListItem\",\"position\":2,\"name\":\"Comercio\",\"item\":\"https:\/\/hydropartsholland.com\/es\/tienda\/\"},{\"@type\":\"ListItem\",\"position\":3,\"name\":\"Ganchos de Cuchara de Tractor &#8211; Gancho de Agarre pesado Gancho de Remolque\"}]},{\"@type\":\"WebSite\",\"@id\":\"https:\/\/hydropartsholland.com\/#website\",\"url\":\"https:\/\/hydropartsholland.com\/\",\"name\":\"Hydropartsholland\",\"description\":\"\",\"publisher\":{\"@id\":\"https:\/\/hydropartsholland.com\/#organization\"},\"potentialAction\":[{\"@type\":\"SearchAction\",\"target\":{\"@type\":\"EntryPoint\",\"urlTemplate\":\"https:\/\/hydropartsholland.com\/?s={search_term_string}\"},\"query-input\":\"required name=search_term_string\"}],\"inLanguage\":\"es\"},{\"@type\":\"Organization\",\"@id\":\"https:\/\/hydropartsholland.com\/#organization\",\"name\":\"Spare Parts Holland\",\"url\":\"https:\/\/hydropartsholland.com\/\",\"logo\":{\"@type\":\"ImageObject\",\"inLanguage\":\"es\",\"@id\":\"https:\/\/hydropartsholland.com\/#\/schema\/logo\/image\/\",\"url\":\"https:\/\/hydropartsholland.com\/wp-content\/uploads\/2022\/06\/spareparts-1.png\",\"contentUrl\":\"https:\/\/hydropartsholland.com\/wp-content\/uploads\/2022\/06\/spareparts-1.png\",\"width\":824,\"height\":685,\"caption\":\"Spare Parts Holland\"},\"image\":{\"@id\":\"https:\/\/hydropartsholland.com\/#\/schema\/logo\/image\/\"}}]}<\/script>\n<!-- \/ Yoast SEO plugin. -->","yoast_head_json":{"title":"Ganchos de Cuchara de Tractor - Gancho de Agarre pesado Gancho de Remolque - Hydropartsholland","description":"Este juego de ganchos para cangilones de tractor hace que su cangil\u00f3n de tractor sea a\u00fan m\u00e1s \u00fatil. El juego es de alta calidad.","robots":{"index":"index","follow":"follow","max-snippet":"max-snippet:-1","max-image-preview":"max-image-preview:large","max-video-preview":"max-video-preview:-1"},"canonical":"https:\/\/hydropartsholland.com\/es\/producto\/ganchos-de-cuchara-de-tractor-gancho-de-agarre-pesado-gancho-de-remolque\/","og_locale":"es_ES","og_type":"article","og_title":"Ganchos de Cuchara de Tractor - Gancho de Agarre pesado Gancho de Remolque - Hydropartsholland","og_description":"Este juego de ganchos para cangilones de tractor hace que su cangil\u00f3n de tractor sea a\u00fan m\u00e1s \u00fatil. El juego es de alta calidad.","og_url":"https:\/\/hydropartsholland.com\/es\/producto\/ganchos-de-cuchara-de-tractor-gancho-de-agarre-pesado-gancho-de-remolque\/","og_site_name":"Hydropartsholland","article_modified_time":"2025-03-11T11:20:28+00:00","og_image":[{"width":731,"height":498,"url":"https:\/\/hydropartsholland.com\/wp-content\/uploads\/2023\/07\/3.jpg","type":"image\/jpeg"}],"twitter_card":"summary_large_image","twitter_misc":{"Tiempo de lectura":"1 minuto"},"schema":{"@context":"https:\/\/schema.org","@graph":[{"@type":"WebPage","@id":"https:\/\/hydropartsholland.com\/es\/producto\/ganchos-de-cuchara-de-tractor-gancho-de-agarre-pesado-gancho-de-remolque\/","url":"https:\/\/hydropartsholland.com\/es\/producto\/ganchos-de-cuchara-de-tractor-gancho-de-agarre-pesado-gancho-de-remolque\/","name":"Ganchos de Cuchara de Tractor - Gancho de Agarre pesado Gancho de Remolque - Hydropartsholland","isPartOf":{"@id":"https:\/\/hydropartsholland.com\/#website"},"primaryImageOfPage":{"@id":"https:\/\/hydropartsholland.com\/es\/producto\/ganchos-de-cuchara-de-tractor-gancho-de-agarre-pesado-gancho-de-remolque\/#primaryimage"},"image":{"@id":"https:\/\/hydropartsholland.com\/es\/producto\/ganchos-de-cuchara-de-tractor-gancho-de-agarre-pesado-gancho-de-remolque\/#primaryimage"},"thumbnailUrl":"https:\/\/hydropartsholland.com\/wp-content\/uploads\/2023\/07\/3.jpg","datePublished":"2025-07-22T13:49:22+00:00","dateModified":"2025-03-11T11:20:28+00:00","description":"Este juego de ganchos para cangilones de tractor hace que su cangil\u00f3n de tractor sea a\u00fan m\u00e1s \u00fatil. El juego es de alta calidad.","breadcrumb":{"@id":"https:\/\/hydropartsholland.com\/es\/producto\/ganchos-de-cuchara-de-tractor-gancho-de-agarre-pesado-gancho-de-remolque\/#breadcrumb"},"inLanguage":"es","potentialAction":[{"@type":"ReadAction","target":["https:\/\/hydropartsholland.com\/es\/producto\/ganchos-de-cuchara-de-tractor-gancho-de-agarre-pesado-gancho-de-remolque\/"]}]},{"@type":"ImageObject","inLanguage":"es","@id":"https:\/\/hydropartsholland.com\/es\/producto\/ganchos-de-cuchara-de-tractor-gancho-de-agarre-pesado-gancho-de-remolque\/#primaryimage","url":"https:\/\/hydropartsholland.com\/wp-content\/uploads\/2023\/07\/3.jpg","contentUrl":"https:\/\/hydropartsholland.com\/wp-content\/uploads\/2023\/07\/3.jpg","width":731,"height":498},{"@type":"BreadcrumbList","@id":"https:\/\/hydropartsholland.com\/es\/producto\/ganchos-de-cuchara-de-tractor-gancho-de-agarre-pesado-gancho-de-remolque\/#breadcrumb","itemListElement":[{"@type":"ListItem","position":1,"name":"Home","item":"https:\/\/hydropartsholland.com\/"},{"@type":"ListItem","position":2,"name":"Comercio","item":"https:\/\/hydropartsholland.com\/es\/tienda\/"},{"@type":"ListItem","position":3,"name":"Ganchos de Cuchara de Tractor &#8211; Gancho de Agarre pesado Gancho de Remolque"}]},{"@type":"WebSite","@id":"https:\/\/hydropartsholland.com\/#website","url":"https:\/\/hydropartsholland.com\/","name":"Hydropartsholland","description":"","publisher":{"@id":"https:\/\/hydropartsholland.com\/#organization"},"potentialAction":[{"@type":"SearchAction","target":{"@type":"EntryPoint","urlTemplate":"https:\/\/hydropartsholland.com\/?s={search_term_string}"},"query-input":"required name=search_term_string"}],"inLanguage":"es"},{"@type":"Organization","@id":"https:\/\/hydropartsholland.com\/#organization","name":"Spare Parts Holland","url":"https:\/\/hydropartsholland.com\/","logo":{"@type":"ImageObject","inLanguage":"es","@id":"https:\/\/hydropartsholland.com\/#\/schema\/logo\/image\/","url":"https:\/\/hydropartsholland.com\/wp-content\/uploads\/2022\/06\/spareparts-1.png","contentUrl":"https:\/\/hydropartsholland.com\/wp-content\/uploads\/2022\/06\/spareparts-1.png","width":824,"height":685,"caption":"Spare Parts Holland"},"image":{"@id":"https:\/\/hydropartsholland.com\/#\/schema\/logo\/image\/"}}]}},"_links":{"self":[{"href":"https:\/\/hydropartsholland.com\/es\/wp-json\/wp\/v2\/product\/32607","targetHints":{"allow":["GET"]}}],"collection":[{"href":"https:\/\/hydropartsholland.com\/es\/wp-json\/wp\/v2\/product"}],"about":[{"href":"https:\/\/hydropartsholland.com\/es\/wp-json\/wp\/v2\/types\/product"}],"replies":[{"embeddable":true,"href":"https:\/\/hydropartsholland.com\/es\/wp-json\/wp\/v2\/comments?post=32607"}],"wp:featuredmedia":[{"embeddable":true,"href":"https:\/\/hydropartsholland.com\/es\/wp-json\/wp\/v2\/media\/32315"}],"wp:attachment":[{"href":"https:\/\/hydropartsholland.com\/es\/wp-json\/wp\/v2\/media?parent=32607"}],"wp:term":[{"taxonomy":"product_cat","embeddable":true,"href":"https:\/\/hydropartsholland.com\/es\/wp-json\/wp\/v2\/product_cat?post=32607"},{"taxonomy":"product_tag","embeddable":true,"href":"https:\/\/hydropartsholland.com\/es\/wp-json\/wp\/v2\/product_tag?post=32607"}],"curies":[{"name":"wp","href":"https:\/\/api.w.org\/{rel}","templated":true}]}}