{"id":31029,"date":"2025-07-22T14:49:30","date_gmt":"2025-07-22T13:49:30","guid":{"rendered":"https:\/\/hydropartsholland.com\/?post_type=product&#038;p=31029"},"modified":"2025-03-11T12:20:47","modified_gmt":"2025-03-11T11:20:47","slug":"bola-de-enlace-inferior-gato-1-gato-2-bola-de-captura-para-gancho-de-captura-de-acoplamiento-rapido-de-enlace-inferior","status":"publish","type":"product","link":"https:\/\/hydropartsholland.com\/es\/producto\/bola-de-enlace-inferior-gato-1-gato-2-bola-de-captura-para-gancho-de-captura-de-acoplamiento-rapido-de-enlace-inferior\/","title":{"rendered":"Bola de enlace inferior gato 1 gato 2 bola de captura para gancho de captura de acoplamiento r\u00e1pido de enlace inferior"},"content":{"rendered":"<p>Descripci\u00f3n<br \/>\nBola de enganche del eslab\u00f3n inferior para enganche r\u00e1pido del enganche del eslab\u00f3n inferior<br \/>\nBola de enganche del eslab\u00f3n inferior para enganche r\u00e1pido del enganche del eslab\u00f3n inferior<br \/>\nFabricado en acero en diferentes categor\u00edas.<\/p>\n","protected":false},"excerpt":{"rendered":"<p>Descripci\u00f3n<br \/>\nBola de enganche del eslab\u00f3n inferior para enganche r\u00e1pido del enganche del eslab\u00f3n inferior<br \/>\nBola de enganche del eslab\u00f3n inferior para enganche r\u00e1pido del enganche del eslab\u00f3n inferior<br \/>\nFabricado en acero en diferentes categor\u00edas.<\/p>\n","protected":false},"featured_media":31022,"comment_status":"open","ping_status":"closed","template":"","meta":{"inline_featured_image":false},"product_cat":[682,681,683,684,2194,494],"product_tag":[],"class_list":{"0":"post-31029","1":"product","2":"type-product","3":"status-publish","4":"has-post-thumbnail","6":"product_cat-deutz-es-2","7":"product_cat-case-ihc-es","8":"product_cat-ford-es","9":"product_cat-john-deere-es","10":"product_cat-engaches_rapido","11":"product_cat-partes-de-carroceria-del-tractor","13":"first","14":"instock","15":"taxable","16":"shipping-taxable","17":"purchasable","18":"product-type-variable"},"yoast_head":"<!-- This site is optimized with the Yoast SEO plugin v23.3 - https:\/\/yoast.com\/wordpress\/plugins\/seo\/ -->\n<title>Bola de enlace inferior gato 1 gato 2 bola de captura para gancho de captura de acoplamiento r\u00e1pido de enlace inferior - Hydropartsholland<\/title>\n<meta name=\"description\" content=\"Descripci\u00f3nBola de enganche del eslab\u00f3n inferior para enganche r\u00e1pido del enganche del eslab\u00f3n inferiorBola de enganche del eslab\u00f3n inferior para enganche r\u00e1pido del enganche del eslab\u00f3n inferiorFabricado en acero en diferentes categor\u00edas.\" \/>\n<meta name=\"robots\" content=\"index, follow, max-snippet:-1, max-image-preview:large, max-video-preview:-1\" \/>\n<link rel=\"canonical\" href=\"https:\/\/hydropartsholland.com\/es\/producto\/bola-de-enlace-inferior-gato-1-gato-2-bola-de-captura-para-gancho-de-captura-de-acoplamiento-rapido-de-enlace-inferior\/\" \/>\n<meta property=\"og:locale\" content=\"es_ES\" \/>\n<meta property=\"og:type\" content=\"article\" \/>\n<meta property=\"og:title\" content=\"Bola de enlace inferior gato 1 gato 2 bola de captura para gancho de captura de acoplamiento r\u00e1pido de enlace inferior - Hydropartsholland\" \/>\n<meta property=\"og:description\" content=\"Descripci\u00f3nBola de enganche del eslab\u00f3n inferior para enganche r\u00e1pido del enganche del eslab\u00f3n inferiorBola de enganche del eslab\u00f3n inferior para enganche r\u00e1pido del enganche del eslab\u00f3n inferiorFabricado en acero en diferentes categor\u00edas.\" \/>\n<meta property=\"og:url\" content=\"https:\/\/hydropartsholland.com\/es\/producto\/bola-de-enlace-inferior-gato-1-gato-2-bola-de-captura-para-gancho-de-captura-de-acoplamiento-rapido-de-enlace-inferior\/\" \/>\n<meta property=\"og:site_name\" content=\"Hydropartsholland\" \/>\n<meta property=\"article:modified_time\" content=\"2025-03-11T11:20:47+00:00\" \/>\n<meta property=\"og:image\" content=\"https:\/\/hydropartsholland.com\/wp-content\/uploads\/2023\/05\/01501_bf208ba1-0eda-4036-8cac-9931343d3b61_2048x2048.jpg\" \/>\n\t<meta property=\"og:image:width\" content=\"1056\" \/>\n\t<meta property=\"og:image:height\" content=\"1020\" \/>\n\t<meta property=\"og:image:type\" content=\"image\/jpeg\" \/>\n<meta name=\"twitter:card\" content=\"summary_large_image\" \/>\n<meta name=\"twitter:label1\" content=\"Tiempo de lectura\" \/>\n\t<meta name=\"twitter:data1\" content=\"1 minuto\" \/>\n<script type=\"application\/ld+json\" class=\"yoast-schema-graph\">{\"@context\":\"https:\/\/schema.org\",\"@graph\":[{\"@type\":\"WebPage\",\"@id\":\"https:\/\/hydropartsholland.com\/es\/producto\/bola-de-enlace-inferior-gato-1-gato-2-bola-de-captura-para-gancho-de-captura-de-acoplamiento-rapido-de-enlace-inferior\/\",\"url\":\"https:\/\/hydropartsholland.com\/es\/producto\/bola-de-enlace-inferior-gato-1-gato-2-bola-de-captura-para-gancho-de-captura-de-acoplamiento-rapido-de-enlace-inferior\/\",\"name\":\"Bola de enlace inferior gato 1 gato 2 bola de captura para gancho de captura de acoplamiento r\u00e1pido de enlace inferior - Hydropartsholland\",\"isPartOf\":{\"@id\":\"https:\/\/hydropartsholland.com\/#website\"},\"primaryImageOfPage\":{\"@id\":\"https:\/\/hydropartsholland.com\/es\/producto\/bola-de-enlace-inferior-gato-1-gato-2-bola-de-captura-para-gancho-de-captura-de-acoplamiento-rapido-de-enlace-inferior\/#primaryimage\"},\"image\":{\"@id\":\"https:\/\/hydropartsholland.com\/es\/producto\/bola-de-enlace-inferior-gato-1-gato-2-bola-de-captura-para-gancho-de-captura-de-acoplamiento-rapido-de-enlace-inferior\/#primaryimage\"},\"thumbnailUrl\":\"https:\/\/hydropartsholland.com\/wp-content\/uploads\/2023\/05\/01501_bf208ba1-0eda-4036-8cac-9931343d3b61_2048x2048.jpg\",\"datePublished\":\"2025-07-22T13:49:30+00:00\",\"dateModified\":\"2025-03-11T11:20:47+00:00\",\"description\":\"Descripci\u00f3nBola de enganche del eslab\u00f3n inferior para enganche r\u00e1pido del enganche del eslab\u00f3n inferiorBola de enganche del eslab\u00f3n inferior para enganche r\u00e1pido del enganche del eslab\u00f3n inferiorFabricado en acero en diferentes categor\u00edas.\",\"breadcrumb\":{\"@id\":\"https:\/\/hydropartsholland.com\/es\/producto\/bola-de-enlace-inferior-gato-1-gato-2-bola-de-captura-para-gancho-de-captura-de-acoplamiento-rapido-de-enlace-inferior\/#breadcrumb\"},\"inLanguage\":\"es\",\"potentialAction\":[{\"@type\":\"ReadAction\",\"target\":[\"https:\/\/hydropartsholland.com\/es\/producto\/bola-de-enlace-inferior-gato-1-gato-2-bola-de-captura-para-gancho-de-captura-de-acoplamiento-rapido-de-enlace-inferior\/\"]}]},{\"@type\":\"ImageObject\",\"inLanguage\":\"es\",\"@id\":\"https:\/\/hydropartsholland.com\/es\/producto\/bola-de-enlace-inferior-gato-1-gato-2-bola-de-captura-para-gancho-de-captura-de-acoplamiento-rapido-de-enlace-inferior\/#primaryimage\",\"url\":\"https:\/\/hydropartsholland.com\/wp-content\/uploads\/2023\/05\/01501_bf208ba1-0eda-4036-8cac-9931343d3b61_2048x2048.jpg\",\"contentUrl\":\"https:\/\/hydropartsholland.com\/wp-content\/uploads\/2023\/05\/01501_bf208ba1-0eda-4036-8cac-9931343d3b61_2048x2048.jpg\",\"width\":1056,\"height\":1020},{\"@type\":\"BreadcrumbList\",\"@id\":\"https:\/\/hydropartsholland.com\/es\/producto\/bola-de-enlace-inferior-gato-1-gato-2-bola-de-captura-para-gancho-de-captura-de-acoplamiento-rapido-de-enlace-inferior\/#breadcrumb\",\"itemListElement\":[{\"@type\":\"ListItem\",\"position\":1,\"name\":\"Home\",\"item\":\"https:\/\/hydropartsholland.com\/\"},{\"@type\":\"ListItem\",\"position\":2,\"name\":\"Comercio\",\"item\":\"https:\/\/hydropartsholland.com\/es\/tienda\/\"},{\"@type\":\"ListItem\",\"position\":3,\"name\":\"Bola de enlace inferior gato 1 gato 2 bola de captura para gancho de captura de acoplamiento r\u00e1pido de enlace inferior\"}]},{\"@type\":\"WebSite\",\"@id\":\"https:\/\/hydropartsholland.com\/#website\",\"url\":\"https:\/\/hydropartsholland.com\/\",\"name\":\"Hydropartsholland\",\"description\":\"\",\"publisher\":{\"@id\":\"https:\/\/hydropartsholland.com\/#organization\"},\"potentialAction\":[{\"@type\":\"SearchAction\",\"target\":{\"@type\":\"EntryPoint\",\"urlTemplate\":\"https:\/\/hydropartsholland.com\/?s={search_term_string}\"},\"query-input\":\"required name=search_term_string\"}],\"inLanguage\":\"es\"},{\"@type\":\"Organization\",\"@id\":\"https:\/\/hydropartsholland.com\/#organization\",\"name\":\"Spare Parts Holland\",\"url\":\"https:\/\/hydropartsholland.com\/\",\"logo\":{\"@type\":\"ImageObject\",\"inLanguage\":\"es\",\"@id\":\"https:\/\/hydropartsholland.com\/#\/schema\/logo\/image\/\",\"url\":\"https:\/\/hydropartsholland.com\/wp-content\/uploads\/2022\/06\/spareparts-1.png\",\"contentUrl\":\"https:\/\/hydropartsholland.com\/wp-content\/uploads\/2022\/06\/spareparts-1.png\",\"width\":824,\"height\":685,\"caption\":\"Spare Parts Holland\"},\"image\":{\"@id\":\"https:\/\/hydropartsholland.com\/#\/schema\/logo\/image\/\"}}]}<\/script>\n<!-- \/ Yoast SEO plugin. -->","yoast_head_json":{"title":"Bola de enlace inferior gato 1 gato 2 bola de captura para gancho de captura de acoplamiento r\u00e1pido de enlace inferior - Hydropartsholland","description":"Descripci\u00f3nBola de enganche del eslab\u00f3n inferior para enganche r\u00e1pido del enganche del eslab\u00f3n inferiorBola de enganche del eslab\u00f3n inferior para enganche r\u00e1pido del enganche del eslab\u00f3n inferiorFabricado en acero en diferentes categor\u00edas.","robots":{"index":"index","follow":"follow","max-snippet":"max-snippet:-1","max-image-preview":"max-image-preview:large","max-video-preview":"max-video-preview:-1"},"canonical":"https:\/\/hydropartsholland.com\/es\/producto\/bola-de-enlace-inferior-gato-1-gato-2-bola-de-captura-para-gancho-de-captura-de-acoplamiento-rapido-de-enlace-inferior\/","og_locale":"es_ES","og_type":"article","og_title":"Bola de enlace inferior gato 1 gato 2 bola de captura para gancho de captura de acoplamiento r\u00e1pido de enlace inferior - Hydropartsholland","og_description":"Descripci\u00f3nBola de enganche del eslab\u00f3n inferior para enganche r\u00e1pido del enganche del eslab\u00f3n inferiorBola de enganche del eslab\u00f3n inferior para enganche r\u00e1pido del enganche del eslab\u00f3n inferiorFabricado en acero en diferentes categor\u00edas.","og_url":"https:\/\/hydropartsholland.com\/es\/producto\/bola-de-enlace-inferior-gato-1-gato-2-bola-de-captura-para-gancho-de-captura-de-acoplamiento-rapido-de-enlace-inferior\/","og_site_name":"Hydropartsholland","article_modified_time":"2025-03-11T11:20:47+00:00","og_image":[{"width":1056,"height":1020,"url":"https:\/\/hydropartsholland.com\/wp-content\/uploads\/2023\/05\/01501_bf208ba1-0eda-4036-8cac-9931343d3b61_2048x2048.jpg","type":"image\/jpeg"}],"twitter_card":"summary_large_image","twitter_misc":{"Tiempo de lectura":"1 minuto"},"schema":{"@context":"https:\/\/schema.org","@graph":[{"@type":"WebPage","@id":"https:\/\/hydropartsholland.com\/es\/producto\/bola-de-enlace-inferior-gato-1-gato-2-bola-de-captura-para-gancho-de-captura-de-acoplamiento-rapido-de-enlace-inferior\/","url":"https:\/\/hydropartsholland.com\/es\/producto\/bola-de-enlace-inferior-gato-1-gato-2-bola-de-captura-para-gancho-de-captura-de-acoplamiento-rapido-de-enlace-inferior\/","name":"Bola de enlace inferior gato 1 gato 2 bola de captura para gancho de captura de acoplamiento r\u00e1pido de enlace inferior - Hydropartsholland","isPartOf":{"@id":"https:\/\/hydropartsholland.com\/#website"},"primaryImageOfPage":{"@id":"https:\/\/hydropartsholland.com\/es\/producto\/bola-de-enlace-inferior-gato-1-gato-2-bola-de-captura-para-gancho-de-captura-de-acoplamiento-rapido-de-enlace-inferior\/#primaryimage"},"image":{"@id":"https:\/\/hydropartsholland.com\/es\/producto\/bola-de-enlace-inferior-gato-1-gato-2-bola-de-captura-para-gancho-de-captura-de-acoplamiento-rapido-de-enlace-inferior\/#primaryimage"},"thumbnailUrl":"https:\/\/hydropartsholland.com\/wp-content\/uploads\/2023\/05\/01501_bf208ba1-0eda-4036-8cac-9931343d3b61_2048x2048.jpg","datePublished":"2025-07-22T13:49:30+00:00","dateModified":"2025-03-11T11:20:47+00:00","description":"Descripci\u00f3nBola de enganche del eslab\u00f3n inferior para enganche r\u00e1pido del enganche del eslab\u00f3n inferiorBola de enganche del eslab\u00f3n inferior para enganche r\u00e1pido del enganche del eslab\u00f3n inferiorFabricado en acero en diferentes categor\u00edas.","breadcrumb":{"@id":"https:\/\/hydropartsholland.com\/es\/producto\/bola-de-enlace-inferior-gato-1-gato-2-bola-de-captura-para-gancho-de-captura-de-acoplamiento-rapido-de-enlace-inferior\/#breadcrumb"},"inLanguage":"es","potentialAction":[{"@type":"ReadAction","target":["https:\/\/hydropartsholland.com\/es\/producto\/bola-de-enlace-inferior-gato-1-gato-2-bola-de-captura-para-gancho-de-captura-de-acoplamiento-rapido-de-enlace-inferior\/"]}]},{"@type":"ImageObject","inLanguage":"es","@id":"https:\/\/hydropartsholland.com\/es\/producto\/bola-de-enlace-inferior-gato-1-gato-2-bola-de-captura-para-gancho-de-captura-de-acoplamiento-rapido-de-enlace-inferior\/#primaryimage","url":"https:\/\/hydropartsholland.com\/wp-content\/uploads\/2023\/05\/01501_bf208ba1-0eda-4036-8cac-9931343d3b61_2048x2048.jpg","contentUrl":"https:\/\/hydropartsholland.com\/wp-content\/uploads\/2023\/05\/01501_bf208ba1-0eda-4036-8cac-9931343d3b61_2048x2048.jpg","width":1056,"height":1020},{"@type":"BreadcrumbList","@id":"https:\/\/hydropartsholland.com\/es\/producto\/bola-de-enlace-inferior-gato-1-gato-2-bola-de-captura-para-gancho-de-captura-de-acoplamiento-rapido-de-enlace-inferior\/#breadcrumb","itemListElement":[{"@type":"ListItem","position":1,"name":"Home","item":"https:\/\/hydropartsholland.com\/"},{"@type":"ListItem","position":2,"name":"Comercio","item":"https:\/\/hydropartsholland.com\/es\/tienda\/"},{"@type":"ListItem","position":3,"name":"Bola de enlace inferior gato 1 gato 2 bola de captura para gancho de captura de acoplamiento r\u00e1pido de enlace inferior"}]},{"@type":"WebSite","@id":"https:\/\/hydropartsholland.com\/#website","url":"https:\/\/hydropartsholland.com\/","name":"Hydropartsholland","description":"","publisher":{"@id":"https:\/\/hydropartsholland.com\/#organization"},"potentialAction":[{"@type":"SearchAction","target":{"@type":"EntryPoint","urlTemplate":"https:\/\/hydropartsholland.com\/?s={search_term_string}"},"query-input":"required name=search_term_string"}],"inLanguage":"es"},{"@type":"Organization","@id":"https:\/\/hydropartsholland.com\/#organization","name":"Spare Parts Holland","url":"https:\/\/hydropartsholland.com\/","logo":{"@type":"ImageObject","inLanguage":"es","@id":"https:\/\/hydropartsholland.com\/#\/schema\/logo\/image\/","url":"https:\/\/hydropartsholland.com\/wp-content\/uploads\/2022\/06\/spareparts-1.png","contentUrl":"https:\/\/hydropartsholland.com\/wp-content\/uploads\/2022\/06\/spareparts-1.png","width":824,"height":685,"caption":"Spare Parts Holland"},"image":{"@id":"https:\/\/hydropartsholland.com\/#\/schema\/logo\/image\/"}}]}},"_links":{"self":[{"href":"https:\/\/hydropartsholland.com\/es\/wp-json\/wp\/v2\/product\/31029","targetHints":{"allow":["GET"]}}],"collection":[{"href":"https:\/\/hydropartsholland.com\/es\/wp-json\/wp\/v2\/product"}],"about":[{"href":"https:\/\/hydropartsholland.com\/es\/wp-json\/wp\/v2\/types\/product"}],"replies":[{"embeddable":true,"href":"https:\/\/hydropartsholland.com\/es\/wp-json\/wp\/v2\/comments?post=31029"}],"wp:featuredmedia":[{"embeddable":true,"href":"https:\/\/hydropartsholland.com\/es\/wp-json\/wp\/v2\/media\/31022"}],"wp:attachment":[{"href":"https:\/\/hydropartsholland.com\/es\/wp-json\/wp\/v2\/media?parent=31029"}],"wp:term":[{"taxonomy":"product_cat","embeddable":true,"href":"https:\/\/hydropartsholland.com\/es\/wp-json\/wp\/v2\/product_cat?post=31029"},{"taxonomy":"product_tag","embeddable":true,"href":"https:\/\/hydropartsholland.com\/es\/wp-json\/wp\/v2\/product_tag?post=31029"}],"curies":[{"name":"wp","href":"https:\/\/api.w.org\/{rel}","templated":true}]}}