{"id":31015,"date":"2025-07-22T14:49:30","date_gmt":"2025-07-22T13:49:30","guid":{"rendered":"https:\/\/hydropartsholland.com\/product\/kit-de-manguera-hidraulica-tipo-valvula-de-enlace-superior\/"},"modified":"2025-03-11T12:20:48","modified_gmt":"2025-03-11T11:20:48","slug":"kit-de-manguera-tipo-valvula-de-enlace-superior-hidraulico","status":"publish","type":"product","link":"https:\/\/hydropartsholland.com\/es\/producto\/kit-de-manguera-tipo-valvula-de-enlace-superior-hidraulico\/","title":{"rendered":"Kit de manguera hidr\u00e1ulica tipo v\u00e1lvula de enlace superior"},"content":{"rendered":"<p>Kit Manguera Hidr\u00e1ulica Top Link &#8211; DIN EN853 1SN DN10WP 180 Bar-SAE 100 R1 AT 3\/8&#8243; WP 2610 PSI &#8211; Longitud Manguera 28,4&#8243; &#8211; Presi\u00f3n de trabajo 2610 PSI<\/p>\n<p>Kit de mangueras listo para instalar en el enlace superior hidr\u00e1ulico. &#8211; 2 mangueras con racor banjo BSP de 3\/8&#8243; (se conecta al racor BSP en nuestro eslab\u00f3n superior) y acople r\u00e1pido tipo v\u00e1lvula de 1\/2&#8243; &#8211;<\/p>\n<p>Nota: Los accesorios tipo banjo permiten que las mangueras encajen f\u00e1cilmente. El color est\u00e1ndar de la tapa antipolvo es azul.<\/p>\n","protected":false},"excerpt":{"rendered":"<p>Kit Manguera Hidr\u00e1ulica Top Link &#8211; DIN EN853 1SN DN10WP 180 Bar-SAE 100 R1 AT 3\/8&#8243; WP 2610 PSI &#8211; Longitud Manguera 28,4&#8243; &#8211; Presi\u00f3n de trabajo 2610 PSI Kit de mangueras listo para instalar en el enlace superior hidr\u00e1ulico. &#8211; 2 mangueras con racor banjo BSP de 3\/8&#8243; (se conecta al racor BSP en<\/p>\n<div class=\"klb-readmore\"><a class=\"main-btn\" href=\"https:\/\/hydropartsholland.com\/es\/producto\/kit-de-manguera-tipo-valvula-de-enlace-superior-hidraulico\/\">Read More<\/a><\/div>\n","protected":false},"featured_media":30995,"comment_status":"open","ping_status":"closed","template":"","meta":{"inline_featured_image":false},"product_cat":[675,676,677,678,679],"product_tag":[],"class_list":{"0":"post-31015","1":"product","2":"type-product","3":"status-publish","4":"has-post-thumbnail","6":"product_cat-cat-1-es","7":"product_cat-cat-2-es","8":"product_cat-engache-rapido-cat-1","9":"product_cat-engache-cat-2","10":"product_cat-enganche-rapido-cat-3","12":"first","13":"instock","14":"taxable","15":"shipping-taxable","16":"purchasable","17":"product-type-simple"},"yoast_head":"<!-- This site is optimized with the Yoast SEO plugin v23.3 - https:\/\/yoast.com\/wordpress\/plugins\/seo\/ -->\n<title>Kit de manguera hidr\u00e1ulica tipo v\u00e1lvula de enlace superior - Hydropartsholland<\/title>\n<meta name=\"robots\" content=\"index, follow, max-snippet:-1, max-image-preview:large, max-video-preview:-1\" \/>\n<link rel=\"canonical\" href=\"https:\/\/hydropartsholland.com\/es\/producto\/kit-de-manguera-tipo-valvula-de-enlace-superior-hidraulico\/\" \/>\n<meta property=\"og:locale\" content=\"es_ES\" \/>\n<meta property=\"og:type\" content=\"article\" \/>\n<meta property=\"og:title\" content=\"Kit de manguera hidr\u00e1ulica tipo v\u00e1lvula de enlace superior - Hydropartsholland\" \/>\n<meta property=\"og:description\" content=\"Kit Manguera Hidr\u00e1ulica Top Link &#8211; DIN EN853 1SN DN10WP 180 Bar-SAE 100 R1 AT 3\/8&#8243; WP 2610 PSI &#8211; Longitud Manguera 28,4&#8243; &#8211; Presi\u00f3n de trabajo 2610 PSI Kit de mangueras listo para instalar en el enlace superior hidr\u00e1ulico. &#8211; 2 mangueras con racor banjo BSP de 3\/8&#8243; (se conecta al racor BSP enRead More\" \/>\n<meta property=\"og:url\" content=\"https:\/\/hydropartsholland.com\/es\/producto\/kit-de-manguera-tipo-valvula-de-enlace-superior-hidraulico\/\" \/>\n<meta property=\"og:site_name\" content=\"Hydropartsholland\" \/>\n<meta property=\"article:modified_time\" content=\"2025-03-11T11:20:48+00:00\" \/>\n<meta property=\"og:image\" content=\"https:\/\/hydropartsholland.com\/wp-content\/uploads\/2023\/05\/DSCF6502-copy-3-scaled.jpg\" \/>\n\t<meta property=\"og:image:width\" content=\"2560\" \/>\n\t<meta property=\"og:image:height\" content=\"2560\" \/>\n\t<meta property=\"og:image:type\" content=\"image\/jpeg\" \/>\n<meta name=\"twitter:card\" content=\"summary_large_image\" \/>\n<meta name=\"twitter:label1\" content=\"Tiempo de lectura\" \/>\n\t<meta name=\"twitter:data1\" content=\"1 minuto\" \/>\n<script type=\"application\/ld+json\" class=\"yoast-schema-graph\">{\"@context\":\"https:\/\/schema.org\",\"@graph\":[{\"@type\":\"WebPage\",\"@id\":\"https:\/\/hydropartsholland.com\/es\/producto\/kit-de-manguera-tipo-valvula-de-enlace-superior-hidraulico\/\",\"url\":\"https:\/\/hydropartsholland.com\/es\/producto\/kit-de-manguera-tipo-valvula-de-enlace-superior-hidraulico\/\",\"name\":\"Kit de manguera hidr\u00e1ulica tipo v\u00e1lvula de enlace superior - Hydropartsholland\",\"isPartOf\":{\"@id\":\"https:\/\/hydropartsholland.com\/#website\"},\"primaryImageOfPage\":{\"@id\":\"https:\/\/hydropartsholland.com\/es\/producto\/kit-de-manguera-tipo-valvula-de-enlace-superior-hidraulico\/#primaryimage\"},\"image\":{\"@id\":\"https:\/\/hydropartsholland.com\/es\/producto\/kit-de-manguera-tipo-valvula-de-enlace-superior-hidraulico\/#primaryimage\"},\"thumbnailUrl\":\"https:\/\/hydropartsholland.com\/wp-content\/uploads\/2023\/05\/DSCF6502-copy-3-scaled.jpg\",\"datePublished\":\"2025-07-22T13:49:30+00:00\",\"dateModified\":\"2025-03-11T11:20:48+00:00\",\"breadcrumb\":{\"@id\":\"https:\/\/hydropartsholland.com\/es\/producto\/kit-de-manguera-tipo-valvula-de-enlace-superior-hidraulico\/#breadcrumb\"},\"inLanguage\":\"es\",\"potentialAction\":[{\"@type\":\"ReadAction\",\"target\":[\"https:\/\/hydropartsholland.com\/es\/producto\/kit-de-manguera-tipo-valvula-de-enlace-superior-hidraulico\/\"]}]},{\"@type\":\"ImageObject\",\"inLanguage\":\"es\",\"@id\":\"https:\/\/hydropartsholland.com\/es\/producto\/kit-de-manguera-tipo-valvula-de-enlace-superior-hidraulico\/#primaryimage\",\"url\":\"https:\/\/hydropartsholland.com\/wp-content\/uploads\/2023\/05\/DSCF6502-copy-3-scaled.jpg\",\"contentUrl\":\"https:\/\/hydropartsholland.com\/wp-content\/uploads\/2023\/05\/DSCF6502-copy-3-scaled.jpg\",\"width\":2560,\"height\":2560},{\"@type\":\"BreadcrumbList\",\"@id\":\"https:\/\/hydropartsholland.com\/es\/producto\/kit-de-manguera-tipo-valvula-de-enlace-superior-hidraulico\/#breadcrumb\",\"itemListElement\":[{\"@type\":\"ListItem\",\"position\":1,\"name\":\"Home\",\"item\":\"https:\/\/hydropartsholland.com\/\"},{\"@type\":\"ListItem\",\"position\":2,\"name\":\"Comercio\",\"item\":\"https:\/\/hydropartsholland.com\/es\/tienda\/\"},{\"@type\":\"ListItem\",\"position\":3,\"name\":\"Kit de manguera hidr\u00e1ulica tipo v\u00e1lvula de enlace superior\"}]},{\"@type\":\"WebSite\",\"@id\":\"https:\/\/hydropartsholland.com\/#website\",\"url\":\"https:\/\/hydropartsholland.com\/\",\"name\":\"Hydropartsholland\",\"description\":\"\",\"publisher\":{\"@id\":\"https:\/\/hydropartsholland.com\/#organization\"},\"potentialAction\":[{\"@type\":\"SearchAction\",\"target\":{\"@type\":\"EntryPoint\",\"urlTemplate\":\"https:\/\/hydropartsholland.com\/?s={search_term_string}\"},\"query-input\":\"required name=search_term_string\"}],\"inLanguage\":\"es\"},{\"@type\":\"Organization\",\"@id\":\"https:\/\/hydropartsholland.com\/#organization\",\"name\":\"Spare Parts Holland\",\"url\":\"https:\/\/hydropartsholland.com\/\",\"logo\":{\"@type\":\"ImageObject\",\"inLanguage\":\"es\",\"@id\":\"https:\/\/hydropartsholland.com\/#\/schema\/logo\/image\/\",\"url\":\"https:\/\/hydropartsholland.com\/wp-content\/uploads\/2022\/06\/spareparts-1.png\",\"contentUrl\":\"https:\/\/hydropartsholland.com\/wp-content\/uploads\/2022\/06\/spareparts-1.png\",\"width\":824,\"height\":685,\"caption\":\"Spare Parts Holland\"},\"image\":{\"@id\":\"https:\/\/hydropartsholland.com\/#\/schema\/logo\/image\/\"}}]}<\/script>\n<!-- \/ Yoast SEO plugin. -->","yoast_head_json":{"title":"Kit de manguera hidr\u00e1ulica tipo v\u00e1lvula de enlace superior - Hydropartsholland","robots":{"index":"index","follow":"follow","max-snippet":"max-snippet:-1","max-image-preview":"max-image-preview:large","max-video-preview":"max-video-preview:-1"},"canonical":"https:\/\/hydropartsholland.com\/es\/producto\/kit-de-manguera-tipo-valvula-de-enlace-superior-hidraulico\/","og_locale":"es_ES","og_type":"article","og_title":"Kit de manguera hidr\u00e1ulica tipo v\u00e1lvula de enlace superior - Hydropartsholland","og_description":"Kit Manguera Hidr\u00e1ulica Top Link &#8211; DIN EN853 1SN DN10WP 180 Bar-SAE 100 R1 AT 3\/8&#8243; WP 2610 PSI &#8211; Longitud Manguera 28,4&#8243; &#8211; Presi\u00f3n de trabajo 2610 PSI Kit de mangueras listo para instalar en el enlace superior hidr\u00e1ulico. &#8211; 2 mangueras con racor banjo BSP de 3\/8&#8243; (se conecta al racor BSP enRead More","og_url":"https:\/\/hydropartsholland.com\/es\/producto\/kit-de-manguera-tipo-valvula-de-enlace-superior-hidraulico\/","og_site_name":"Hydropartsholland","article_modified_time":"2025-03-11T11:20:48+00:00","og_image":[{"width":2560,"height":2560,"url":"https:\/\/hydropartsholland.com\/wp-content\/uploads\/2023\/05\/DSCF6502-copy-3-scaled.jpg","type":"image\/jpeg"}],"twitter_card":"summary_large_image","twitter_misc":{"Tiempo de lectura":"1 minuto"},"schema":{"@context":"https:\/\/schema.org","@graph":[{"@type":"WebPage","@id":"https:\/\/hydropartsholland.com\/es\/producto\/kit-de-manguera-tipo-valvula-de-enlace-superior-hidraulico\/","url":"https:\/\/hydropartsholland.com\/es\/producto\/kit-de-manguera-tipo-valvula-de-enlace-superior-hidraulico\/","name":"Kit de manguera hidr\u00e1ulica tipo v\u00e1lvula de enlace superior - Hydropartsholland","isPartOf":{"@id":"https:\/\/hydropartsholland.com\/#website"},"primaryImageOfPage":{"@id":"https:\/\/hydropartsholland.com\/es\/producto\/kit-de-manguera-tipo-valvula-de-enlace-superior-hidraulico\/#primaryimage"},"image":{"@id":"https:\/\/hydropartsholland.com\/es\/producto\/kit-de-manguera-tipo-valvula-de-enlace-superior-hidraulico\/#primaryimage"},"thumbnailUrl":"https:\/\/hydropartsholland.com\/wp-content\/uploads\/2023\/05\/DSCF6502-copy-3-scaled.jpg","datePublished":"2025-07-22T13:49:30+00:00","dateModified":"2025-03-11T11:20:48+00:00","breadcrumb":{"@id":"https:\/\/hydropartsholland.com\/es\/producto\/kit-de-manguera-tipo-valvula-de-enlace-superior-hidraulico\/#breadcrumb"},"inLanguage":"es","potentialAction":[{"@type":"ReadAction","target":["https:\/\/hydropartsholland.com\/es\/producto\/kit-de-manguera-tipo-valvula-de-enlace-superior-hidraulico\/"]}]},{"@type":"ImageObject","inLanguage":"es","@id":"https:\/\/hydropartsholland.com\/es\/producto\/kit-de-manguera-tipo-valvula-de-enlace-superior-hidraulico\/#primaryimage","url":"https:\/\/hydropartsholland.com\/wp-content\/uploads\/2023\/05\/DSCF6502-copy-3-scaled.jpg","contentUrl":"https:\/\/hydropartsholland.com\/wp-content\/uploads\/2023\/05\/DSCF6502-copy-3-scaled.jpg","width":2560,"height":2560},{"@type":"BreadcrumbList","@id":"https:\/\/hydropartsholland.com\/es\/producto\/kit-de-manguera-tipo-valvula-de-enlace-superior-hidraulico\/#breadcrumb","itemListElement":[{"@type":"ListItem","position":1,"name":"Home","item":"https:\/\/hydropartsholland.com\/"},{"@type":"ListItem","position":2,"name":"Comercio","item":"https:\/\/hydropartsholland.com\/es\/tienda\/"},{"@type":"ListItem","position":3,"name":"Kit de manguera hidr\u00e1ulica tipo v\u00e1lvula de enlace superior"}]},{"@type":"WebSite","@id":"https:\/\/hydropartsholland.com\/#website","url":"https:\/\/hydropartsholland.com\/","name":"Hydropartsholland","description":"","publisher":{"@id":"https:\/\/hydropartsholland.com\/#organization"},"potentialAction":[{"@type":"SearchAction","target":{"@type":"EntryPoint","urlTemplate":"https:\/\/hydropartsholland.com\/?s={search_term_string}"},"query-input":"required name=search_term_string"}],"inLanguage":"es"},{"@type":"Organization","@id":"https:\/\/hydropartsholland.com\/#organization","name":"Spare Parts Holland","url":"https:\/\/hydropartsholland.com\/","logo":{"@type":"ImageObject","inLanguage":"es","@id":"https:\/\/hydropartsholland.com\/#\/schema\/logo\/image\/","url":"https:\/\/hydropartsholland.com\/wp-content\/uploads\/2022\/06\/spareparts-1.png","contentUrl":"https:\/\/hydropartsholland.com\/wp-content\/uploads\/2022\/06\/spareparts-1.png","width":824,"height":685,"caption":"Spare Parts Holland"},"image":{"@id":"https:\/\/hydropartsholland.com\/#\/schema\/logo\/image\/"}}]}},"_links":{"self":[{"href":"https:\/\/hydropartsholland.com\/es\/wp-json\/wp\/v2\/product\/31015","targetHints":{"allow":["GET"]}}],"collection":[{"href":"https:\/\/hydropartsholland.com\/es\/wp-json\/wp\/v2\/product"}],"about":[{"href":"https:\/\/hydropartsholland.com\/es\/wp-json\/wp\/v2\/types\/product"}],"replies":[{"embeddable":true,"href":"https:\/\/hydropartsholland.com\/es\/wp-json\/wp\/v2\/comments?post=31015"}],"wp:featuredmedia":[{"embeddable":true,"href":"https:\/\/hydropartsholland.com\/es\/wp-json\/wp\/v2\/media\/30995"}],"wp:attachment":[{"href":"https:\/\/hydropartsholland.com\/es\/wp-json\/wp\/v2\/media?parent=31015"}],"wp:term":[{"taxonomy":"product_cat","embeddable":true,"href":"https:\/\/hydropartsholland.com\/es\/wp-json\/wp\/v2\/product_cat?post=31015"},{"taxonomy":"product_tag","embeddable":true,"href":"https:\/\/hydropartsholland.com\/es\/wp-json\/wp\/v2\/product_tag?post=31015"}],"curies":[{"name":"wp","href":"https:\/\/api.w.org\/{rel}","templated":true}]}}