{"id":23421,"date":"2025-07-22T14:49:47","date_gmt":"2025-07-22T13:49:47","guid":{"rendered":"https:\/\/hydropartsholland.com\/?post_type=product&#038;p=23421"},"modified":"2025-03-11T12:22:20","modified_gmt":"2025-03-11T11:22:20","slug":"cilindro-hidraulico-de-efecto-simple-estandar","status":"publish","type":"product","link":"https:\/\/hydropartsholland.com\/es\/producto\/cilindro-hidraulico-de-efecto-simple-estandar\/","title":{"rendered":"Cilindro Hidr\u00e1ulico de Simple Efecto Est\u00e1ndar (varias variantes)."},"content":{"rendered":"<p>Cilindro hidr\u00e1ulico est\u00e1ndar de simple efecto. Puertos de 3\/8&#8243;. Di\u00e1metro del pist\u00f3n y del v\u00e1stago seleccionable. Carrera seleccionable.<\/p>\n<p>Cantidades m\u00e1s grandes disponibles bajo pedido.<\/p>\n<p><strong>Caracter\u00edsticas especiales: <\/strong><\/p>\n<ul>\n<li>Totalmente ensamblado<\/li>\n<li>Dise\u00f1o innovador \u00fanico<\/li>\n<li>Anillo de bloqueo especial en el pist\u00f3n<\/li>\n<\/ul>\n<p><strong>ventajas:<\/strong><\/p>\n<ul>\n<li>Inmediatamente listo para usar<\/li>\n<li>Larga vida \u00fatil<\/li>\n<li>Alto nivel de seguridad operativa<\/li>\n<\/ul>\n<p><strong>Propiedades:<\/strong><\/p>\n<ul>\n<li>Todo tipo de fijaci\u00f3n posible<\/li>\n<li>Carga radial m\u00e1xima: 10% de la fuerza axial<\/li>\n<li>La presi\u00f3n m\u00e1xima de funcionamiento depende de la carga m\u00e1xima de pandeo<\/li>\n<li>Todos los cilindros est\u00e1n pintados de negro. Esto puede mostrar signos de ara\u00f1azos y solo se usa para proteger contra la corrosi\u00f3n durante el almacenamiento o el transporte. Por lo tanto, los ara\u00f1azos no son un defecto ni un motivo de reclamaci\u00f3n.<\/li>\n<\/ul>\n<p><strong>Informaci\u00f3n t\u00e9cnica:<\/strong><\/p>\n<ul>\n<li>Intercambiable con otras marcas.<\/li>\n<li>Medio: aceite mineral, HLP ISO VG 32 a ISO VG<\/li>\n<li>Limpieza del medio: ISO 4406 22\/20\/ 17 o NAS 9<\/li>\n<li>\u00a1Nota impotante! \u00a1Proteja las salpicaduras de soldadura!<\/li>\n<\/ul>\n","protected":false},"excerpt":{"rendered":"<ul>\n<li>Inmediatamente listo para usar<\/li>\n<li>Larga vida \u00fatil<\/li>\n<li>Alto nivel de seguridad operativa<\/li>\n<\/ul>\n","protected":false},"featured_media":33380,"comment_status":"open","ping_status":"closed","template":"","meta":{"inline_featured_image":false},"product_cat":[2189],"product_tag":[],"class_list":{"0":"post-23421","1":"product","2":"type-product","3":"status-publish","4":"has-post-thumbnail","6":"product_cat-cilindros-hidraulicos","8":"first","9":"instock","10":"taxable","11":"shipping-taxable","12":"purchasable","13":"product-type-variable"},"yoast_head":"<!-- This site is optimized with the Yoast SEO plugin v23.3 - https:\/\/yoast.com\/wordpress\/plugins\/seo\/ -->\n<title>Cilindro Hidr\u00e1ulico de Simple Efecto Est\u00e1ndar (varias variantes). - Hydropartsholland<\/title>\n<meta name=\"description\" content=\"Nuestros cilindros hidr\u00e1ulicos est\u00e1n hechos de acero de alta calidad y son una soluci\u00f3n inteligente para reemplazar cilindros defectuosos. Env\u00edo r\u00e1pido.\" \/>\n<meta name=\"robots\" content=\"index, follow, max-snippet:-1, max-image-preview:large, max-video-preview:-1\" \/>\n<link rel=\"canonical\" href=\"https:\/\/hydropartsholland.com\/es\/producto\/cilindro-hidraulico-de-efecto-simple-estandar\/\" \/>\n<meta property=\"og:locale\" content=\"es_ES\" \/>\n<meta property=\"og:type\" content=\"article\" \/>\n<meta property=\"og:title\" content=\"Cilindro Hidr\u00e1ulico de Simple Efecto Est\u00e1ndar (varias variantes). - Hydropartsholland\" \/>\n<meta property=\"og:description\" content=\"Nuestros cilindros hidr\u00e1ulicos est\u00e1n hechos de acero de alta calidad y son una soluci\u00f3n inteligente para reemplazar cilindros defectuosos. Env\u00edo r\u00e1pido.\" \/>\n<meta property=\"og:url\" content=\"https:\/\/hydropartsholland.com\/es\/producto\/cilindro-hidraulico-de-efecto-simple-estandar\/\" \/>\n<meta property=\"og:site_name\" content=\"Hydropartsholland\" \/>\n<meta property=\"article:modified_time\" content=\"2025-03-11T11:22:20+00:00\" \/>\n<meta property=\"og:image\" content=\"https:\/\/hydropartsholland.com\/wp-content\/uploads\/2023\/04\/T.-Standart-scaled.jpg\" \/>\n\t<meta property=\"og:image:width\" content=\"2560\" \/>\n\t<meta property=\"og:image:height\" content=\"2560\" \/>\n\t<meta property=\"og:image:type\" content=\"image\/jpeg\" \/>\n<meta name=\"twitter:card\" content=\"summary_large_image\" \/>\n<meta name=\"twitter:label1\" content=\"Tiempo de lectura\" \/>\n\t<meta name=\"twitter:data1\" content=\"1 minuto\" \/>\n<script type=\"application\/ld+json\" class=\"yoast-schema-graph\">{\"@context\":\"https:\/\/schema.org\",\"@graph\":[{\"@type\":\"WebPage\",\"@id\":\"https:\/\/hydropartsholland.com\/es\/producto\/cilindro-hidraulico-de-efecto-simple-estandar\/\",\"url\":\"https:\/\/hydropartsholland.com\/es\/producto\/cilindro-hidraulico-de-efecto-simple-estandar\/\",\"name\":\"Cilindro Hidr\u00e1ulico de Simple Efecto Est\u00e1ndar (varias variantes). - Hydropartsholland\",\"isPartOf\":{\"@id\":\"https:\/\/hydropartsholland.com\/#website\"},\"primaryImageOfPage\":{\"@id\":\"https:\/\/hydropartsholland.com\/es\/producto\/cilindro-hidraulico-de-efecto-simple-estandar\/#primaryimage\"},\"image\":{\"@id\":\"https:\/\/hydropartsholland.com\/es\/producto\/cilindro-hidraulico-de-efecto-simple-estandar\/#primaryimage\"},\"thumbnailUrl\":\"https:\/\/hydropartsholland.com\/wp-content\/uploads\/2023\/04\/T.-Standart-scaled.jpg\",\"datePublished\":\"2025-07-22T13:49:47+00:00\",\"dateModified\":\"2025-03-11T11:22:20+00:00\",\"description\":\"Nuestros cilindros hidr\u00e1ulicos est\u00e1n hechos de acero de alta calidad y son una soluci\u00f3n inteligente para reemplazar cilindros defectuosos. Env\u00edo r\u00e1pido.\",\"breadcrumb\":{\"@id\":\"https:\/\/hydropartsholland.com\/es\/producto\/cilindro-hidraulico-de-efecto-simple-estandar\/#breadcrumb\"},\"inLanguage\":\"es\",\"potentialAction\":[{\"@type\":\"ReadAction\",\"target\":[\"https:\/\/hydropartsholland.com\/es\/producto\/cilindro-hidraulico-de-efecto-simple-estandar\/\"]}]},{\"@type\":\"ImageObject\",\"inLanguage\":\"es\",\"@id\":\"https:\/\/hydropartsholland.com\/es\/producto\/cilindro-hidraulico-de-efecto-simple-estandar\/#primaryimage\",\"url\":\"https:\/\/hydropartsholland.com\/wp-content\/uploads\/2023\/04\/T.-Standart-scaled.jpg\",\"contentUrl\":\"https:\/\/hydropartsholland.com\/wp-content\/uploads\/2023\/04\/T.-Standart-scaled.jpg\",\"width\":2560,\"height\":2560},{\"@type\":\"BreadcrumbList\",\"@id\":\"https:\/\/hydropartsholland.com\/es\/producto\/cilindro-hidraulico-de-efecto-simple-estandar\/#breadcrumb\",\"itemListElement\":[{\"@type\":\"ListItem\",\"position\":1,\"name\":\"Home\",\"item\":\"https:\/\/hydropartsholland.com\/\"},{\"@type\":\"ListItem\",\"position\":2,\"name\":\"Comercio\",\"item\":\"https:\/\/hydropartsholland.com\/es\/tienda\/\"},{\"@type\":\"ListItem\",\"position\":3,\"name\":\"Cilindro Hidr\u00e1ulico de Simple Efecto Est\u00e1ndar (varias variantes).\"}]},{\"@type\":\"WebSite\",\"@id\":\"https:\/\/hydropartsholland.com\/#website\",\"url\":\"https:\/\/hydropartsholland.com\/\",\"name\":\"Hydropartsholland\",\"description\":\"\",\"publisher\":{\"@id\":\"https:\/\/hydropartsholland.com\/#organization\"},\"potentialAction\":[{\"@type\":\"SearchAction\",\"target\":{\"@type\":\"EntryPoint\",\"urlTemplate\":\"https:\/\/hydropartsholland.com\/?s={search_term_string}\"},\"query-input\":\"required name=search_term_string\"}],\"inLanguage\":\"es\"},{\"@type\":\"Organization\",\"@id\":\"https:\/\/hydropartsholland.com\/#organization\",\"name\":\"Spare Parts Holland\",\"url\":\"https:\/\/hydropartsholland.com\/\",\"logo\":{\"@type\":\"ImageObject\",\"inLanguage\":\"es\",\"@id\":\"https:\/\/hydropartsholland.com\/#\/schema\/logo\/image\/\",\"url\":\"https:\/\/hydropartsholland.com\/wp-content\/uploads\/2022\/06\/spareparts-1.png\",\"contentUrl\":\"https:\/\/hydropartsholland.com\/wp-content\/uploads\/2022\/06\/spareparts-1.png\",\"width\":824,\"height\":685,\"caption\":\"Spare Parts Holland\"},\"image\":{\"@id\":\"https:\/\/hydropartsholland.com\/#\/schema\/logo\/image\/\"}}]}<\/script>\n<!-- \/ Yoast SEO plugin. -->","yoast_head_json":{"title":"Cilindro Hidr\u00e1ulico de Simple Efecto Est\u00e1ndar (varias variantes). - Hydropartsholland","description":"Nuestros cilindros hidr\u00e1ulicos est\u00e1n hechos de acero de alta calidad y son una soluci\u00f3n inteligente para reemplazar cilindros defectuosos. Env\u00edo r\u00e1pido.","robots":{"index":"index","follow":"follow","max-snippet":"max-snippet:-1","max-image-preview":"max-image-preview:large","max-video-preview":"max-video-preview:-1"},"canonical":"https:\/\/hydropartsholland.com\/es\/producto\/cilindro-hidraulico-de-efecto-simple-estandar\/","og_locale":"es_ES","og_type":"article","og_title":"Cilindro Hidr\u00e1ulico de Simple Efecto Est\u00e1ndar (varias variantes). - Hydropartsholland","og_description":"Nuestros cilindros hidr\u00e1ulicos est\u00e1n hechos de acero de alta calidad y son una soluci\u00f3n inteligente para reemplazar cilindros defectuosos. Env\u00edo r\u00e1pido.","og_url":"https:\/\/hydropartsholland.com\/es\/producto\/cilindro-hidraulico-de-efecto-simple-estandar\/","og_site_name":"Hydropartsholland","article_modified_time":"2025-03-11T11:22:20+00:00","og_image":[{"width":2560,"height":2560,"url":"https:\/\/hydropartsholland.com\/wp-content\/uploads\/2023\/04\/T.-Standart-scaled.jpg","type":"image\/jpeg"}],"twitter_card":"summary_large_image","twitter_misc":{"Tiempo de lectura":"1 minuto"},"schema":{"@context":"https:\/\/schema.org","@graph":[{"@type":"WebPage","@id":"https:\/\/hydropartsholland.com\/es\/producto\/cilindro-hidraulico-de-efecto-simple-estandar\/","url":"https:\/\/hydropartsholland.com\/es\/producto\/cilindro-hidraulico-de-efecto-simple-estandar\/","name":"Cilindro Hidr\u00e1ulico de Simple Efecto Est\u00e1ndar (varias variantes). - Hydropartsholland","isPartOf":{"@id":"https:\/\/hydropartsholland.com\/#website"},"primaryImageOfPage":{"@id":"https:\/\/hydropartsholland.com\/es\/producto\/cilindro-hidraulico-de-efecto-simple-estandar\/#primaryimage"},"image":{"@id":"https:\/\/hydropartsholland.com\/es\/producto\/cilindro-hidraulico-de-efecto-simple-estandar\/#primaryimage"},"thumbnailUrl":"https:\/\/hydropartsholland.com\/wp-content\/uploads\/2023\/04\/T.-Standart-scaled.jpg","datePublished":"2025-07-22T13:49:47+00:00","dateModified":"2025-03-11T11:22:20+00:00","description":"Nuestros cilindros hidr\u00e1ulicos est\u00e1n hechos de acero de alta calidad y son una soluci\u00f3n inteligente para reemplazar cilindros defectuosos. Env\u00edo r\u00e1pido.","breadcrumb":{"@id":"https:\/\/hydropartsholland.com\/es\/producto\/cilindro-hidraulico-de-efecto-simple-estandar\/#breadcrumb"},"inLanguage":"es","potentialAction":[{"@type":"ReadAction","target":["https:\/\/hydropartsholland.com\/es\/producto\/cilindro-hidraulico-de-efecto-simple-estandar\/"]}]},{"@type":"ImageObject","inLanguage":"es","@id":"https:\/\/hydropartsholland.com\/es\/producto\/cilindro-hidraulico-de-efecto-simple-estandar\/#primaryimage","url":"https:\/\/hydropartsholland.com\/wp-content\/uploads\/2023\/04\/T.-Standart-scaled.jpg","contentUrl":"https:\/\/hydropartsholland.com\/wp-content\/uploads\/2023\/04\/T.-Standart-scaled.jpg","width":2560,"height":2560},{"@type":"BreadcrumbList","@id":"https:\/\/hydropartsholland.com\/es\/producto\/cilindro-hidraulico-de-efecto-simple-estandar\/#breadcrumb","itemListElement":[{"@type":"ListItem","position":1,"name":"Home","item":"https:\/\/hydropartsholland.com\/"},{"@type":"ListItem","position":2,"name":"Comercio","item":"https:\/\/hydropartsholland.com\/es\/tienda\/"},{"@type":"ListItem","position":3,"name":"Cilindro Hidr\u00e1ulico de Simple Efecto Est\u00e1ndar (varias variantes)."}]},{"@type":"WebSite","@id":"https:\/\/hydropartsholland.com\/#website","url":"https:\/\/hydropartsholland.com\/","name":"Hydropartsholland","description":"","publisher":{"@id":"https:\/\/hydropartsholland.com\/#organization"},"potentialAction":[{"@type":"SearchAction","target":{"@type":"EntryPoint","urlTemplate":"https:\/\/hydropartsholland.com\/?s={search_term_string}"},"query-input":"required name=search_term_string"}],"inLanguage":"es"},{"@type":"Organization","@id":"https:\/\/hydropartsholland.com\/#organization","name":"Spare Parts Holland","url":"https:\/\/hydropartsholland.com\/","logo":{"@type":"ImageObject","inLanguage":"es","@id":"https:\/\/hydropartsholland.com\/#\/schema\/logo\/image\/","url":"https:\/\/hydropartsholland.com\/wp-content\/uploads\/2022\/06\/spareparts-1.png","contentUrl":"https:\/\/hydropartsholland.com\/wp-content\/uploads\/2022\/06\/spareparts-1.png","width":824,"height":685,"caption":"Spare Parts Holland"},"image":{"@id":"https:\/\/hydropartsholland.com\/#\/schema\/logo\/image\/"}}]}},"_links":{"self":[{"href":"https:\/\/hydropartsholland.com\/es\/wp-json\/wp\/v2\/product\/23421","targetHints":{"allow":["GET"]}}],"collection":[{"href":"https:\/\/hydropartsholland.com\/es\/wp-json\/wp\/v2\/product"}],"about":[{"href":"https:\/\/hydropartsholland.com\/es\/wp-json\/wp\/v2\/types\/product"}],"replies":[{"embeddable":true,"href":"https:\/\/hydropartsholland.com\/es\/wp-json\/wp\/v2\/comments?post=23421"}],"wp:featuredmedia":[{"embeddable":true,"href":"https:\/\/hydropartsholland.com\/es\/wp-json\/wp\/v2\/media\/33380"}],"wp:attachment":[{"href":"https:\/\/hydropartsholland.com\/es\/wp-json\/wp\/v2\/media?parent=23421"}],"wp:term":[{"taxonomy":"product_cat","embeddable":true,"href":"https:\/\/hydropartsholland.com\/es\/wp-json\/wp\/v2\/product_cat?post=23421"},{"taxonomy":"product_tag","embeddable":true,"href":"https:\/\/hydropartsholland.com\/es\/wp-json\/wp\/v2\/product_tag?post=23421"}],"curies":[{"name":"wp","href":"https:\/\/api.w.org\/{rel}","templated":true}]}}