{"id":6515,"date":"2022-11-30T19:59:30","date_gmt":"2022-11-30T18:59:30","guid":{"rendered":"https:\/\/hydropartsholland.com\/refund_returns\/"},"modified":"2022-12-07T17:40:02","modified_gmt":"2022-12-07T17:40:02","slug":"refund_returns","status":"publish","type":"page","link":"https:\/\/hydropartsholland.com\/es\/refund_returns\/","title":{"rendered":"Pol\u00edtica de reembolso y devoluciones"},"content":{"rendered":"<p><\/p><p><\/p><h3>Overview<\/h3><p>Nuestra pol\u00edtica de reembolso y devoluciones tiene una duraci\u00f3n de 30 d\u00edas. Si han pasado 30 d\u00edas desde su compra, no podemos ofrecerle un reembolso completo o cambio.<\/p><p>Para ser elegible para una devoluci\u00f3n, su art\u00edculo debe estar sin usar y en las mismas condiciones en que lo recibi\u00f3. Tambi\u00e9n debe estar en el embalaje original.<\/p><p>Varios tipos de bienes est\u00e1n exentos de ser devueltos. <\/p><p>Art\u00edculos no retornables:<\/p><ul class=\"wp-block-list\"><li>Productos que contienen vidrio<\/li>\n\n<li>productos usados<\/li><\/ul><p>Para completar su devoluci\u00f3n, requerimos un recibo o comprobante de compra.<\/p><p>\u00a1No nos devuelva su compra sin la confirmaci\u00f3n de un miembro del personal! <\/p><p><\/p><h2>Refunds<\/h2><p>Una vez que se reciba e inspeccione su devoluci\u00f3n, le enviaremos un correo electr\u00f3nico para notificarle que hemos recibido su art\u00edculo devuelto. Tambi\u00e9n le notificaremos la aprobaci\u00f3n o rechazo de su reembolso.<\/p><p>Si se aprueba, se procesar\u00e1 su reembolso y se aplicar\u00e1 autom\u00e1ticamente un cr\u00e9dito a su tarjeta de cr\u00e9dito o m\u00e9todo de pago original, dentro de una cierta cantidad de d\u00edas.<\/p><p><b>Reembolsos atrasados o perdidos<\/b><\/p><p>Si a\u00fan no ha recibido un reembolso, primero verifique su cuenta bancaria nuevamente.<\/p><p>Luego, comun\u00edquese con la compa\u00f1\u00eda de su tarjeta de cr\u00e9dito, puede tomar alg\u00fan tiempo antes de que se publique oficialmente su reembolso.<\/p><p>A continuaci\u00f3n, p\u00f3ngase en contacto con su banco. A menudo hay alg\u00fan tiempo de procesamiento antes de que se publique un reembolso.<\/p><p>Si ha hecho todo esto y a\u00fan no ha recibido su reembolso, cont\u00e1ctenos en {email address}.<\/p><p><b>Art\u00edculos a la venta<\/b><\/p><p>Solo se pueden reembolsar los art\u00edculos de precio regular. Los art\u00edculos en oferta no se pueden reembolsar.<\/p><p><\/p><h2>Exchanges<\/h2><p>Solo reemplazamos art\u00edculos si est\u00e1n defectuosos o da\u00f1ados. Si necesita cambiarlo por el mismo art\u00edculo, env\u00edenos un correo electr\u00f3nico a {email address} y env\u00eda tu art\u00edculo a: {physical address}.<\/p><p><\/p><h2>Gifts<\/h2><p>Si el art\u00edculo se marc\u00f3 como regalo cuando se compr\u00f3 y se le envi\u00f3 directamente, recibir\u00e1 un cr\u00e9dito de regalo por el valor de su devoluci\u00f3n. Una vez que se reciba el art\u00edculo devuelto, se le enviar\u00e1 por correo un certificado de regalo.<\/p><p>Si el art\u00edculo no se marc\u00f3 como un regalo cuando se compr\u00f3, o si el obsequio envi\u00f3 el pedido para entreg\u00e1rselo a usted m\u00e1s tarde, le enviaremos un reembolso al obsequio y se enterar\u00e1 de su devoluci\u00f3n.<\/p><p><\/p><h2>Shipping returns<\/h2><p>Para devolver su producto, debe enviarlo por correo a: {physical address}.<\/p><p>Usted ser\u00e1 responsable de pagar sus propios costos de env\u00edo para devolver su art\u00edculo. Los gastos de env\u00edo no son reembolsables. Si recibe un reembolso, el costo del env\u00edo de devoluci\u00f3n se deducir\u00e1 de su reembolso.<\/p><p>Dependiendo de d\u00f3nde viva, el tiempo que puede tardar en llegarle el producto intercambiado puede variar.<\/p><p>Si est\u00e1 devolviendo art\u00edculos m\u00e1s caros, puede considerar usar un servicio de env\u00edo rastreable o comprar un seguro de env\u00edo. No garantizamos que recibiremos su art\u00edculo devuelto.<\/p><p><\/p><h2>Need help?<\/h2><p>Cont\u00e1ctenos en {email} para preguntas relacionadas con reembolsos y devoluciones.<\/p>","protected":false},"excerpt":{"rendered":"<p>Overview Nuestra pol\u00edtica de reembolso y devoluciones tiene una duraci\u00f3n de 30 d\u00edas. Si han pasado 30 d\u00edas desde su compra, no podemos ofrecerle un reembolso completo o cambio. Para ser elegible para una devoluci\u00f3n, su art\u00edculo debe estar sin usar y en las mismas condiciones en que lo recibi\u00f3. Tambi\u00e9n debe estar en el<\/p>\n<div class=\"klb-readmore\"><a class=\"main-btn\" href=\"https:\/\/hydropartsholland.com\/es\/refund_returns\/\">Read More<\/a><\/div>\n","protected":false},"author":3,"featured_media":0,"parent":0,"menu_order":0,"comment_status":"closed","ping_status":"closed","template":"","meta":{"inline_featured_image":false,"footnotes":""},"class_list":["post-6515","page","type-page","status-publish","hentry"],"yoast_head":"<!-- This site is optimized with the Yoast SEO plugin v23.3 - https:\/\/yoast.com\/wordpress\/plugins\/seo\/ -->\n<title>Pol\u00edtica de reembolso y devoluciones - Hydropartsholland<\/title>\n<meta name=\"robots\" content=\"index, follow, max-snippet:-1, max-image-preview:large, max-video-preview:-1\" \/>\n<link rel=\"canonical\" href=\"https:\/\/hydropartsholland.com\/es\/refund_returns\/\" \/>\n<meta property=\"og:locale\" content=\"es_ES\" \/>\n<meta property=\"og:type\" content=\"article\" \/>\n<meta property=\"og:title\" content=\"Pol\u00edtica de reembolso y devoluciones - Hydropartsholland\" \/>\n<meta property=\"og:description\" content=\"Overview Nuestra pol\u00edtica de reembolso y devoluciones tiene una duraci\u00f3n de 30 d\u00edas. Si han pasado 30 d\u00edas desde su compra, no podemos ofrecerle un reembolso completo o cambio. Para ser elegible para una devoluci\u00f3n, su art\u00edculo debe estar sin usar y en las mismas condiciones en que lo recibi\u00f3. Tambi\u00e9n debe estar en elRead More\" \/>\n<meta property=\"og:url\" content=\"https:\/\/hydropartsholland.com\/es\/refund_returns\/\" \/>\n<meta property=\"og:site_name\" content=\"Hydropartsholland\" \/>\n<meta property=\"article:modified_time\" content=\"2022-12-07T17:40:02+00:00\" \/>\n<meta name=\"twitter:card\" content=\"summary_large_image\" \/>\n<meta name=\"twitter:label1\" content=\"Tiempo de lectura\" \/>\n\t<meta name=\"twitter:data1\" content=\"3 minutos\" \/>\n<script type=\"application\/ld+json\" class=\"yoast-schema-graph\">{\"@context\":\"https:\/\/schema.org\",\"@graph\":[{\"@type\":\"WebPage\",\"@id\":\"https:\/\/hydropartsholland.com\/es\/refund_returns\/\",\"url\":\"https:\/\/hydropartsholland.com\/es\/refund_returns\/\",\"name\":\"Pol\u00edtica de reembolso y devoluciones - Hydropartsholland\",\"isPartOf\":{\"@id\":\"https:\/\/hydropartsholland.com\/#website\"},\"datePublished\":\"2022-11-30T18:59:30+00:00\",\"dateModified\":\"2022-12-07T17:40:02+00:00\",\"breadcrumb\":{\"@id\":\"https:\/\/hydropartsholland.com\/es\/refund_returns\/#breadcrumb\"},\"inLanguage\":\"es\",\"potentialAction\":[{\"@type\":\"ReadAction\",\"target\":[\"https:\/\/hydropartsholland.com\/es\/refund_returns\/\"]}]},{\"@type\":\"BreadcrumbList\",\"@id\":\"https:\/\/hydropartsholland.com\/es\/refund_returns\/#breadcrumb\",\"itemListElement\":[{\"@type\":\"ListItem\",\"position\":1,\"name\":\"Home\",\"item\":\"https:\/\/hydropartsholland.com\/\"},{\"@type\":\"ListItem\",\"position\":2,\"name\":\"Pol\u00edtica de reembolso y devoluciones\"}]},{\"@type\":\"WebSite\",\"@id\":\"https:\/\/hydropartsholland.com\/#website\",\"url\":\"https:\/\/hydropartsholland.com\/\",\"name\":\"Hydropartsholland\",\"description\":\"\",\"publisher\":{\"@id\":\"https:\/\/hydropartsholland.com\/#organization\"},\"potentialAction\":[{\"@type\":\"SearchAction\",\"target\":{\"@type\":\"EntryPoint\",\"urlTemplate\":\"https:\/\/hydropartsholland.com\/?s={search_term_string}\"},\"query-input\":\"required name=search_term_string\"}],\"inLanguage\":\"es\"},{\"@type\":\"Organization\",\"@id\":\"https:\/\/hydropartsholland.com\/#organization\",\"name\":\"Spare Parts Holland\",\"url\":\"https:\/\/hydropartsholland.com\/\",\"logo\":{\"@type\":\"ImageObject\",\"inLanguage\":\"es\",\"@id\":\"https:\/\/hydropartsholland.com\/#\/schema\/logo\/image\/\",\"url\":\"https:\/\/hydropartsholland.com\/wp-content\/uploads\/2022\/06\/spareparts-1.png\",\"contentUrl\":\"https:\/\/hydropartsholland.com\/wp-content\/uploads\/2022\/06\/spareparts-1.png\",\"width\":824,\"height\":685,\"caption\":\"Spare Parts Holland\"},\"image\":{\"@id\":\"https:\/\/hydropartsholland.com\/#\/schema\/logo\/image\/\"}}]}<\/script>\n<!-- \/ Yoast SEO plugin. -->","yoast_head_json":{"title":"Pol\u00edtica de reembolso y devoluciones - Hydropartsholland","robots":{"index":"index","follow":"follow","max-snippet":"max-snippet:-1","max-image-preview":"max-image-preview:large","max-video-preview":"max-video-preview:-1"},"canonical":"https:\/\/hydropartsholland.com\/es\/refund_returns\/","og_locale":"es_ES","og_type":"article","og_title":"Pol\u00edtica de reembolso y devoluciones - Hydropartsholland","og_description":"Overview Nuestra pol\u00edtica de reembolso y devoluciones tiene una duraci\u00f3n de 30 d\u00edas. Si han pasado 30 d\u00edas desde su compra, no podemos ofrecerle un reembolso completo o cambio. Para ser elegible para una devoluci\u00f3n, su art\u00edculo debe estar sin usar y en las mismas condiciones en que lo recibi\u00f3. Tambi\u00e9n debe estar en elRead More","og_url":"https:\/\/hydropartsholland.com\/es\/refund_returns\/","og_site_name":"Hydropartsholland","article_modified_time":"2022-12-07T17:40:02+00:00","twitter_card":"summary_large_image","twitter_misc":{"Tiempo de lectura":"3 minutos"},"schema":{"@context":"https:\/\/schema.org","@graph":[{"@type":"WebPage","@id":"https:\/\/hydropartsholland.com\/es\/refund_returns\/","url":"https:\/\/hydropartsholland.com\/es\/refund_returns\/","name":"Pol\u00edtica de reembolso y devoluciones - Hydropartsholland","isPartOf":{"@id":"https:\/\/hydropartsholland.com\/#website"},"datePublished":"2022-11-30T18:59:30+00:00","dateModified":"2022-12-07T17:40:02+00:00","breadcrumb":{"@id":"https:\/\/hydropartsholland.com\/es\/refund_returns\/#breadcrumb"},"inLanguage":"es","potentialAction":[{"@type":"ReadAction","target":["https:\/\/hydropartsholland.com\/es\/refund_returns\/"]}]},{"@type":"BreadcrumbList","@id":"https:\/\/hydropartsholland.com\/es\/refund_returns\/#breadcrumb","itemListElement":[{"@type":"ListItem","position":1,"name":"Home","item":"https:\/\/hydropartsholland.com\/"},{"@type":"ListItem","position":2,"name":"Pol\u00edtica de reembolso y devoluciones"}]},{"@type":"WebSite","@id":"https:\/\/hydropartsholland.com\/#website","url":"https:\/\/hydropartsholland.com\/","name":"Hydropartsholland","description":"","publisher":{"@id":"https:\/\/hydropartsholland.com\/#organization"},"potentialAction":[{"@type":"SearchAction","target":{"@type":"EntryPoint","urlTemplate":"https:\/\/hydropartsholland.com\/?s={search_term_string}"},"query-input":"required name=search_term_string"}],"inLanguage":"es"},{"@type":"Organization","@id":"https:\/\/hydropartsholland.com\/#organization","name":"Spare Parts Holland","url":"https:\/\/hydropartsholland.com\/","logo":{"@type":"ImageObject","inLanguage":"es","@id":"https:\/\/hydropartsholland.com\/#\/schema\/logo\/image\/","url":"https:\/\/hydropartsholland.com\/wp-content\/uploads\/2022\/06\/spareparts-1.png","contentUrl":"https:\/\/hydropartsholland.com\/wp-content\/uploads\/2022\/06\/spareparts-1.png","width":824,"height":685,"caption":"Spare Parts Holland"},"image":{"@id":"https:\/\/hydropartsholland.com\/#\/schema\/logo\/image\/"}}]}},"_links":{"self":[{"href":"https:\/\/hydropartsholland.com\/es\/wp-json\/wp\/v2\/pages\/6515","targetHints":{"allow":["GET"]}}],"collection":[{"href":"https:\/\/hydropartsholland.com\/es\/wp-json\/wp\/v2\/pages"}],"about":[{"href":"https:\/\/hydropartsholland.com\/es\/wp-json\/wp\/v2\/types\/page"}],"author":[{"embeddable":true,"href":"https:\/\/hydropartsholland.com\/es\/wp-json\/wp\/v2\/users\/3"}],"replies":[{"embeddable":true,"href":"https:\/\/hydropartsholland.com\/es\/wp-json\/wp\/v2\/comments?post=6515"}],"version-history":[{"count":2,"href":"https:\/\/hydropartsholland.com\/es\/wp-json\/wp\/v2\/pages\/6515\/revisions"}],"predecessor-version":[{"id":6523,"href":"https:\/\/hydropartsholland.com\/es\/wp-json\/wp\/v2\/pages\/6515\/revisions\/6523"}],"wp:attachment":[{"href":"https:\/\/hydropartsholland.com\/es\/wp-json\/wp\/v2\/media?parent=6515"}],"curies":[{"name":"wp","href":"https:\/\/api.w.org\/{rel}","templated":true}]}}