{"id":8437,"date":"2025-07-22T14:50:26","date_gmt":"2025-07-22T13:50:26","guid":{"rendered":"https:\/\/hydropartsholland.com\/product\/servolenkungszylinder-passend-fuer-ford-traktor-e3nn3a540ba\/"},"modified":"2025-03-11T12:24:08","modified_gmt":"2025-03-11T11:24:08","slug":"lenkzylinder-passend-fuer-ford-traktor-e3nn3a540ba","status":"publish","type":"product","link":"https:\/\/hydropartsholland.com\/de\/produkt\/lenkzylinder-passend-fuer-ford-traktor-e3nn3a540ba\/","title":{"rendered":"E3NN3A540BA &#8211; Lenkzylinder f\u00fcr Ford Schlepper"},"content":{"rendered":"<p><b>Passend f\u00fcr Ford-Traktormodelle:<\/b><\/p>\n<p>555B Indust\/Const, 5110, 5610, 5610S 6610, 6610S, 6810, 6810S, 7610, 7610S, 7810, 7810S<\/p>\n<ul>\n<li>Ersetzt OEM-Nummern: E3NN3A540BA, 83948953, 82980558<\/li>\n<li>100% getestet<\/li>\n<li>Schwarz lackiert<\/li>\n<\/ul>\n","protected":false},"excerpt":{"rendered":"<ul>\n<li>Ersetzt OEM-Nummern: E3NN3A540BA, 83948953, 82980558<\/li>\n<li>100% getestet<\/li>\n<li>Schwarz lackiert<\/li>\n<\/ul>\n","protected":false},"featured_media":7745,"comment_status":"open","ping_status":"closed","template":"","meta":{"inline_featured_image":false},"product_cat":[652,654],"product_tag":[],"class_list":{"0":"post-8437","1":"product","2":"type-product","3":"status-publish","4":"has-post-thumbnail","6":"product_cat-servolenkung-zylinder","7":"product_cat-ford-de-2","9":"first","10":"instock","11":"taxable","12":"shipping-taxable","13":"purchasable","14":"product-type-simple"},"yoast_head":"<!-- This site is optimized with the Yoast SEO plugin v23.3 - https:\/\/yoast.com\/wordpress\/plugins\/seo\/ -->\n<title>E3NN3A540BA - Lenkzylinder f\u00fcr Ford Schlepper - Hydropartsholland<\/title>\n<meta name=\"description\" content=\"Lenkzylinder f\u00fcr Ford Schlepper. Passend f\u00fcr Ford-Traktormodelle: 5110, 5610, 5610S 6610, 6610S, 6810, 6810S, 7610, 7610S, 7810, 7810S.\" \/>\n<meta name=\"robots\" content=\"index, follow, max-snippet:-1, max-image-preview:large, max-video-preview:-1\" \/>\n<link rel=\"canonical\" href=\"https:\/\/hydropartsholland.com\/de\/produkt\/lenkzylinder-passend-fuer-ford-traktor-e3nn3a540ba\/\" \/>\n<meta property=\"og:locale\" content=\"de_DE\" \/>\n<meta property=\"og:type\" content=\"article\" \/>\n<meta property=\"og:title\" content=\"E3NN3A540BA - Lenkzylinder f\u00fcr Ford Schlepper - Hydropartsholland\" \/>\n<meta property=\"og:description\" content=\"Lenkzylinder f\u00fcr Ford Schlepper. Passend f\u00fcr Ford-Traktormodelle: 5110, 5610, 5610S 6610, 6610S, 6810, 6810S, 7610, 7610S, 7810, 7810S.\" \/>\n<meta property=\"og:url\" content=\"https:\/\/hydropartsholland.com\/de\/produkt\/lenkzylinder-passend-fuer-ford-traktor-e3nn3a540ba\/\" \/>\n<meta property=\"og:site_name\" content=\"Hydropartsholland\" \/>\n<meta property=\"article:modified_time\" content=\"2025-03-11T11:24:08+00:00\" \/>\n<meta property=\"og:image\" content=\"https:\/\/hydropartsholland.com\/wp-content\/uploads\/2023\/01\/s-l1600-2.jpg\" \/>\n\t<meta property=\"og:image:width\" content=\"1600\" \/>\n\t<meta property=\"og:image:height\" content=\"1600\" \/>\n\t<meta property=\"og:image:type\" content=\"image\/jpeg\" \/>\n<meta name=\"twitter:card\" content=\"summary_large_image\" \/>\n<meta name=\"twitter:label1\" content=\"Gesch\u00e4tzte Lesezeit\" \/>\n\t<meta name=\"twitter:data1\" content=\"1\u00a0Minute\" \/>\n<script type=\"application\/ld+json\" class=\"yoast-schema-graph\">{\"@context\":\"https:\/\/schema.org\",\"@graph\":[{\"@type\":\"WebPage\",\"@id\":\"https:\/\/hydropartsholland.com\/de\/produkt\/lenkzylinder-passend-fuer-ford-traktor-e3nn3a540ba\/\",\"url\":\"https:\/\/hydropartsholland.com\/de\/produkt\/lenkzylinder-passend-fuer-ford-traktor-e3nn3a540ba\/\",\"name\":\"E3NN3A540BA - Lenkzylinder f\u00fcr Ford Schlepper - Hydropartsholland\",\"isPartOf\":{\"@id\":\"https:\/\/hydropartsholland.com\/#website\"},\"primaryImageOfPage\":{\"@id\":\"https:\/\/hydropartsholland.com\/de\/produkt\/lenkzylinder-passend-fuer-ford-traktor-e3nn3a540ba\/#primaryimage\"},\"image\":{\"@id\":\"https:\/\/hydropartsholland.com\/de\/produkt\/lenkzylinder-passend-fuer-ford-traktor-e3nn3a540ba\/#primaryimage\"},\"thumbnailUrl\":\"https:\/\/hydropartsholland.com\/wp-content\/uploads\/2023\/01\/s-l1600-2.jpg\",\"datePublished\":\"2025-07-22T13:50:26+00:00\",\"dateModified\":\"2025-03-11T11:24:08+00:00\",\"description\":\"Lenkzylinder f\u00fcr Ford Schlepper. Passend f\u00fcr Ford-Traktormodelle: 5110, 5610, 5610S 6610, 6610S, 6810, 6810S, 7610, 7610S, 7810, 7810S.\",\"breadcrumb\":{\"@id\":\"https:\/\/hydropartsholland.com\/de\/produkt\/lenkzylinder-passend-fuer-ford-traktor-e3nn3a540ba\/#breadcrumb\"},\"inLanguage\":\"de\",\"potentialAction\":[{\"@type\":\"ReadAction\",\"target\":[\"https:\/\/hydropartsholland.com\/de\/produkt\/lenkzylinder-passend-fuer-ford-traktor-e3nn3a540ba\/\"]}]},{\"@type\":\"ImageObject\",\"inLanguage\":\"de\",\"@id\":\"https:\/\/hydropartsholland.com\/de\/produkt\/lenkzylinder-passend-fuer-ford-traktor-e3nn3a540ba\/#primaryimage\",\"url\":\"https:\/\/hydropartsholland.com\/wp-content\/uploads\/2023\/01\/s-l1600-2.jpg\",\"contentUrl\":\"https:\/\/hydropartsholland.com\/wp-content\/uploads\/2023\/01\/s-l1600-2.jpg\",\"width\":1600,\"height\":1600},{\"@type\":\"BreadcrumbList\",\"@id\":\"https:\/\/hydropartsholland.com\/de\/produkt\/lenkzylinder-passend-fuer-ford-traktor-e3nn3a540ba\/#breadcrumb\",\"itemListElement\":[{\"@type\":\"ListItem\",\"position\":1,\"name\":\"Home\",\"item\":\"https:\/\/hydropartsholland.com\/\"},{\"@type\":\"ListItem\",\"position\":2,\"name\":\"Gesch\u00e4ft\",\"item\":\"https:\/\/hydropartsholland.com\/de\/shop-3\/\"},{\"@type\":\"ListItem\",\"position\":3,\"name\":\"E3NN3A540BA &#8211; Lenkzylinder f\u00fcr Ford Schlepper\"}]},{\"@type\":\"WebSite\",\"@id\":\"https:\/\/hydropartsholland.com\/#website\",\"url\":\"https:\/\/hydropartsholland.com\/\",\"name\":\"Hydropartsholland\",\"description\":\"\",\"publisher\":{\"@id\":\"https:\/\/hydropartsholland.com\/#organization\"},\"potentialAction\":[{\"@type\":\"SearchAction\",\"target\":{\"@type\":\"EntryPoint\",\"urlTemplate\":\"https:\/\/hydropartsholland.com\/?s={search_term_string}\"},\"query-input\":\"required name=search_term_string\"}],\"inLanguage\":\"de\"},{\"@type\":\"Organization\",\"@id\":\"https:\/\/hydropartsholland.com\/#organization\",\"name\":\"Spare Parts Holland\",\"url\":\"https:\/\/hydropartsholland.com\/\",\"logo\":{\"@type\":\"ImageObject\",\"inLanguage\":\"de\",\"@id\":\"https:\/\/hydropartsholland.com\/#\/schema\/logo\/image\/\",\"url\":\"https:\/\/hydropartsholland.com\/wp-content\/uploads\/2022\/06\/spareparts-1.png\",\"contentUrl\":\"https:\/\/hydropartsholland.com\/wp-content\/uploads\/2022\/06\/spareparts-1.png\",\"width\":824,\"height\":685,\"caption\":\"Spare Parts Holland\"},\"image\":{\"@id\":\"https:\/\/hydropartsholland.com\/#\/schema\/logo\/image\/\"}}]}<\/script>\n<!-- \/ Yoast SEO plugin. -->","yoast_head_json":{"title":"E3NN3A540BA - Lenkzylinder f\u00fcr Ford Schlepper - Hydropartsholland","description":"Lenkzylinder f\u00fcr Ford Schlepper. Passend f\u00fcr Ford-Traktormodelle: 5110, 5610, 5610S 6610, 6610S, 6810, 6810S, 7610, 7610S, 7810, 7810S.","robots":{"index":"index","follow":"follow","max-snippet":"max-snippet:-1","max-image-preview":"max-image-preview:large","max-video-preview":"max-video-preview:-1"},"canonical":"https:\/\/hydropartsholland.com\/de\/produkt\/lenkzylinder-passend-fuer-ford-traktor-e3nn3a540ba\/","og_locale":"de_DE","og_type":"article","og_title":"E3NN3A540BA - Lenkzylinder f\u00fcr Ford Schlepper - Hydropartsholland","og_description":"Lenkzylinder f\u00fcr Ford Schlepper. Passend f\u00fcr Ford-Traktormodelle: 5110, 5610, 5610S 6610, 6610S, 6810, 6810S, 7610, 7610S, 7810, 7810S.","og_url":"https:\/\/hydropartsholland.com\/de\/produkt\/lenkzylinder-passend-fuer-ford-traktor-e3nn3a540ba\/","og_site_name":"Hydropartsholland","article_modified_time":"2025-03-11T11:24:08+00:00","og_image":[{"width":1600,"height":1600,"url":"https:\/\/hydropartsholland.com\/wp-content\/uploads\/2023\/01\/s-l1600-2.jpg","type":"image\/jpeg"}],"twitter_card":"summary_large_image","twitter_misc":{"Gesch\u00e4tzte Lesezeit":"1\u00a0Minute"},"schema":{"@context":"https:\/\/schema.org","@graph":[{"@type":"WebPage","@id":"https:\/\/hydropartsholland.com\/de\/produkt\/lenkzylinder-passend-fuer-ford-traktor-e3nn3a540ba\/","url":"https:\/\/hydropartsholland.com\/de\/produkt\/lenkzylinder-passend-fuer-ford-traktor-e3nn3a540ba\/","name":"E3NN3A540BA - Lenkzylinder f\u00fcr Ford Schlepper - Hydropartsholland","isPartOf":{"@id":"https:\/\/hydropartsholland.com\/#website"},"primaryImageOfPage":{"@id":"https:\/\/hydropartsholland.com\/de\/produkt\/lenkzylinder-passend-fuer-ford-traktor-e3nn3a540ba\/#primaryimage"},"image":{"@id":"https:\/\/hydropartsholland.com\/de\/produkt\/lenkzylinder-passend-fuer-ford-traktor-e3nn3a540ba\/#primaryimage"},"thumbnailUrl":"https:\/\/hydropartsholland.com\/wp-content\/uploads\/2023\/01\/s-l1600-2.jpg","datePublished":"2025-07-22T13:50:26+00:00","dateModified":"2025-03-11T11:24:08+00:00","description":"Lenkzylinder f\u00fcr Ford Schlepper. Passend f\u00fcr Ford-Traktormodelle: 5110, 5610, 5610S 6610, 6610S, 6810, 6810S, 7610, 7610S, 7810, 7810S.","breadcrumb":{"@id":"https:\/\/hydropartsholland.com\/de\/produkt\/lenkzylinder-passend-fuer-ford-traktor-e3nn3a540ba\/#breadcrumb"},"inLanguage":"de","potentialAction":[{"@type":"ReadAction","target":["https:\/\/hydropartsholland.com\/de\/produkt\/lenkzylinder-passend-fuer-ford-traktor-e3nn3a540ba\/"]}]},{"@type":"ImageObject","inLanguage":"de","@id":"https:\/\/hydropartsholland.com\/de\/produkt\/lenkzylinder-passend-fuer-ford-traktor-e3nn3a540ba\/#primaryimage","url":"https:\/\/hydropartsholland.com\/wp-content\/uploads\/2023\/01\/s-l1600-2.jpg","contentUrl":"https:\/\/hydropartsholland.com\/wp-content\/uploads\/2023\/01\/s-l1600-2.jpg","width":1600,"height":1600},{"@type":"BreadcrumbList","@id":"https:\/\/hydropartsholland.com\/de\/produkt\/lenkzylinder-passend-fuer-ford-traktor-e3nn3a540ba\/#breadcrumb","itemListElement":[{"@type":"ListItem","position":1,"name":"Home","item":"https:\/\/hydropartsholland.com\/"},{"@type":"ListItem","position":2,"name":"Gesch\u00e4ft","item":"https:\/\/hydropartsholland.com\/de\/shop-3\/"},{"@type":"ListItem","position":3,"name":"E3NN3A540BA &#8211; Lenkzylinder f\u00fcr Ford Schlepper"}]},{"@type":"WebSite","@id":"https:\/\/hydropartsholland.com\/#website","url":"https:\/\/hydropartsholland.com\/","name":"Hydropartsholland","description":"","publisher":{"@id":"https:\/\/hydropartsholland.com\/#organization"},"potentialAction":[{"@type":"SearchAction","target":{"@type":"EntryPoint","urlTemplate":"https:\/\/hydropartsholland.com\/?s={search_term_string}"},"query-input":"required name=search_term_string"}],"inLanguage":"de"},{"@type":"Organization","@id":"https:\/\/hydropartsholland.com\/#organization","name":"Spare Parts Holland","url":"https:\/\/hydropartsholland.com\/","logo":{"@type":"ImageObject","inLanguage":"de","@id":"https:\/\/hydropartsholland.com\/#\/schema\/logo\/image\/","url":"https:\/\/hydropartsholland.com\/wp-content\/uploads\/2022\/06\/spareparts-1.png","contentUrl":"https:\/\/hydropartsholland.com\/wp-content\/uploads\/2022\/06\/spareparts-1.png","width":824,"height":685,"caption":"Spare Parts Holland"},"image":{"@id":"https:\/\/hydropartsholland.com\/#\/schema\/logo\/image\/"}}]}},"_links":{"self":[{"href":"https:\/\/hydropartsholland.com\/de\/wp-json\/wp\/v2\/product\/8437","targetHints":{"allow":["GET"]}}],"collection":[{"href":"https:\/\/hydropartsholland.com\/de\/wp-json\/wp\/v2\/product"}],"about":[{"href":"https:\/\/hydropartsholland.com\/de\/wp-json\/wp\/v2\/types\/product"}],"replies":[{"embeddable":true,"href":"https:\/\/hydropartsholland.com\/de\/wp-json\/wp\/v2\/comments?post=8437"}],"wp:featuredmedia":[{"embeddable":true,"href":"https:\/\/hydropartsholland.com\/de\/wp-json\/wp\/v2\/media\/7745"}],"wp:attachment":[{"href":"https:\/\/hydropartsholland.com\/de\/wp-json\/wp\/v2\/media?parent=8437"}],"wp:term":[{"taxonomy":"product_cat","embeddable":true,"href":"https:\/\/hydropartsholland.com\/de\/wp-json\/wp\/v2\/product_cat?post=8437"},{"taxonomy":"product_tag","embeddable":true,"href":"https:\/\/hydropartsholland.com\/de\/wp-json\/wp\/v2\/product_tag?post=8437"}],"curies":[{"name":"wp","href":"https:\/\/api.w.org\/{rel}","templated":true}]}}