{"id":8424,"date":"2025-07-22T14:50:23","date_gmt":"2025-07-22T13:50:23","guid":{"rendered":"https:\/\/hydropartsholland.com\/product\/oberlenkerbolzen-mit-sicherungsbolzen-kette-o19-o22-o25-o32\/"},"modified":"2025-03-11T12:24:02","modified_gmt":"2025-03-11T11:24:02","slug":"oberlenkerbolzen-mit-sicherungsbolzen-kette-o19-o22-o25-o32","status":"publish","type":"product","link":"https:\/\/hydropartsholland.com\/de\/produkt\/oberlenkerbolzen-mit-sicherungsbolzen-kette-o19-o22-o25-o32\/","title":{"rendered":"Oberlenkerbolzen mit Sicherungsbolzen + Kette  \u00d819-\u00d822-\u00d825-\u00d832"},"content":{"rendered":"<p>Oberlenkerbolzen mit Sicherungsbolzen + Kette. Verschiedene Varianten erh\u00e4ltlich. Geeignet f\u00fcr Schlepper, Traktoren, Oldtimer und Ger\u00e4te.<\/p>\n<ul>\n<li>Vollmetall<\/li>\n<li>Mit Kette<\/li>\n<li>Mit Klappstecker<\/li>\n<li>Galvanisch verzinkt<\/li>\n<\/ul>\n","protected":false},"excerpt":{"rendered":"<ul>\n<li>Vollmetall<\/li>\n<li>Mit Kette<\/li>\n<li>Mit Klappstecker<\/li>\n<li>Galvanisch verzinkt<\/li>\n<\/ul>\n","protected":false},"featured_media":7860,"comment_status":"open","ping_status":"closed","template":"","meta":{"inline_featured_image":false},"product_cat":[496],"product_tag":[],"class_list":{"0":"post-8424","1":"product","2":"type-product","3":"status-publish","4":"has-post-thumbnail","6":"product_cat-karosseriezubehor","8":"first","9":"instock","10":"taxable","11":"shipping-taxable","12":"purchasable","13":"product-type-variable"},"yoast_head":"<!-- This site is optimized with the Yoast SEO plugin v23.3 - https:\/\/yoast.com\/wordpress\/plugins\/seo\/ -->\n<title>Oberlenkerbolzen mit Sicherungsbolzen + Kette \u00d819-\u00d822-\u00d825-\u00d832 - Hydropartsholland<\/title>\n<meta name=\"description\" content=\"Oberlenkerbolzen mit Sicherungsbolzen + Kette. Verschiedene Varianten erh\u00e4ltlich. Geeignet f\u00fcr Schlepper, Traktoren, Oldtimer und Ger\u00e4te.\" \/>\n<meta name=\"robots\" content=\"index, follow, max-snippet:-1, max-image-preview:large, max-video-preview:-1\" \/>\n<link rel=\"canonical\" href=\"https:\/\/hydropartsholland.com\/de\/produkt\/oberlenkerbolzen-mit-sicherungsbolzen-kette-o19-o22-o25-o32\/\" \/>\n<meta property=\"og:locale\" content=\"de_DE\" \/>\n<meta property=\"og:type\" content=\"article\" \/>\n<meta property=\"og:title\" content=\"Oberlenkerbolzen mit Sicherungsbolzen + Kette \u00d819-\u00d822-\u00d825-\u00d832 - Hydropartsholland\" \/>\n<meta property=\"og:description\" content=\"Oberlenkerbolzen mit Sicherungsbolzen + Kette. Verschiedene Varianten erh\u00e4ltlich. Geeignet f\u00fcr Schlepper, Traktoren, Oldtimer und Ger\u00e4te.\" \/>\n<meta property=\"og:url\" content=\"https:\/\/hydropartsholland.com\/de\/produkt\/oberlenkerbolzen-mit-sicherungsbolzen-kette-o19-o22-o25-o32\/\" \/>\n<meta property=\"og:site_name\" content=\"Hydropartsholland\" \/>\n<meta property=\"article:modified_time\" content=\"2025-03-11T11:24:02+00:00\" \/>\n<meta property=\"og:image\" content=\"https:\/\/hydropartsholland.com\/wp-content\/uploads\/2023\/01\/s-l1600-5.jpg\" \/>\n\t<meta property=\"og:image:width\" content=\"1062\" \/>\n\t<meta property=\"og:image:height\" content=\"797\" \/>\n\t<meta property=\"og:image:type\" content=\"image\/jpeg\" \/>\n<meta name=\"twitter:card\" content=\"summary_large_image\" \/>\n<meta name=\"twitter:label1\" content=\"Gesch\u00e4tzte Lesezeit\" \/>\n\t<meta name=\"twitter:data1\" content=\"1\u00a0Minute\" \/>\n<script type=\"application\/ld+json\" class=\"yoast-schema-graph\">{\"@context\":\"https:\/\/schema.org\",\"@graph\":[{\"@type\":\"WebPage\",\"@id\":\"https:\/\/hydropartsholland.com\/de\/produkt\/oberlenkerbolzen-mit-sicherungsbolzen-kette-o19-o22-o25-o32\/\",\"url\":\"https:\/\/hydropartsholland.com\/de\/produkt\/oberlenkerbolzen-mit-sicherungsbolzen-kette-o19-o22-o25-o32\/\",\"name\":\"Oberlenkerbolzen mit Sicherungsbolzen + Kette \u00d819-\u00d822-\u00d825-\u00d832 - Hydropartsholland\",\"isPartOf\":{\"@id\":\"https:\/\/hydropartsholland.com\/#website\"},\"primaryImageOfPage\":{\"@id\":\"https:\/\/hydropartsholland.com\/de\/produkt\/oberlenkerbolzen-mit-sicherungsbolzen-kette-o19-o22-o25-o32\/#primaryimage\"},\"image\":{\"@id\":\"https:\/\/hydropartsholland.com\/de\/produkt\/oberlenkerbolzen-mit-sicherungsbolzen-kette-o19-o22-o25-o32\/#primaryimage\"},\"thumbnailUrl\":\"https:\/\/hydropartsholland.com\/wp-content\/uploads\/2023\/01\/s-l1600-5.jpg\",\"datePublished\":\"2025-07-22T13:50:23+00:00\",\"dateModified\":\"2025-03-11T11:24:02+00:00\",\"description\":\"Oberlenkerbolzen mit Sicherungsbolzen + Kette. Verschiedene Varianten erh\u00e4ltlich. Geeignet f\u00fcr Schlepper, Traktoren, Oldtimer und Ger\u00e4te.\",\"breadcrumb\":{\"@id\":\"https:\/\/hydropartsholland.com\/de\/produkt\/oberlenkerbolzen-mit-sicherungsbolzen-kette-o19-o22-o25-o32\/#breadcrumb\"},\"inLanguage\":\"de\",\"potentialAction\":[{\"@type\":\"ReadAction\",\"target\":[\"https:\/\/hydropartsholland.com\/de\/produkt\/oberlenkerbolzen-mit-sicherungsbolzen-kette-o19-o22-o25-o32\/\"]}]},{\"@type\":\"ImageObject\",\"inLanguage\":\"de\",\"@id\":\"https:\/\/hydropartsholland.com\/de\/produkt\/oberlenkerbolzen-mit-sicherungsbolzen-kette-o19-o22-o25-o32\/#primaryimage\",\"url\":\"https:\/\/hydropartsholland.com\/wp-content\/uploads\/2023\/01\/s-l1600-5.jpg\",\"contentUrl\":\"https:\/\/hydropartsholland.com\/wp-content\/uploads\/2023\/01\/s-l1600-5.jpg\",\"width\":1062,\"height\":797},{\"@type\":\"BreadcrumbList\",\"@id\":\"https:\/\/hydropartsholland.com\/de\/produkt\/oberlenkerbolzen-mit-sicherungsbolzen-kette-o19-o22-o25-o32\/#breadcrumb\",\"itemListElement\":[{\"@type\":\"ListItem\",\"position\":1,\"name\":\"Home\",\"item\":\"https:\/\/hydropartsholland.com\/\"},{\"@type\":\"ListItem\",\"position\":2,\"name\":\"Gesch\u00e4ft\",\"item\":\"https:\/\/hydropartsholland.com\/de\/shop-3\/\"},{\"@type\":\"ListItem\",\"position\":3,\"name\":\"Oberlenkerbolzen mit Sicherungsbolzen + Kette \u00d819-\u00d822-\u00d825-\u00d832\"}]},{\"@type\":\"WebSite\",\"@id\":\"https:\/\/hydropartsholland.com\/#website\",\"url\":\"https:\/\/hydropartsholland.com\/\",\"name\":\"Hydropartsholland\",\"description\":\"\",\"publisher\":{\"@id\":\"https:\/\/hydropartsholland.com\/#organization\"},\"potentialAction\":[{\"@type\":\"SearchAction\",\"target\":{\"@type\":\"EntryPoint\",\"urlTemplate\":\"https:\/\/hydropartsholland.com\/?s={search_term_string}\"},\"query-input\":\"required name=search_term_string\"}],\"inLanguage\":\"de\"},{\"@type\":\"Organization\",\"@id\":\"https:\/\/hydropartsholland.com\/#organization\",\"name\":\"Spare Parts Holland\",\"url\":\"https:\/\/hydropartsholland.com\/\",\"logo\":{\"@type\":\"ImageObject\",\"inLanguage\":\"de\",\"@id\":\"https:\/\/hydropartsholland.com\/#\/schema\/logo\/image\/\",\"url\":\"https:\/\/hydropartsholland.com\/wp-content\/uploads\/2022\/06\/spareparts-1.png\",\"contentUrl\":\"https:\/\/hydropartsholland.com\/wp-content\/uploads\/2022\/06\/spareparts-1.png\",\"width\":824,\"height\":685,\"caption\":\"Spare Parts Holland\"},\"image\":{\"@id\":\"https:\/\/hydropartsholland.com\/#\/schema\/logo\/image\/\"}}]}<\/script>\n<!-- \/ Yoast SEO plugin. -->","yoast_head_json":{"title":"Oberlenkerbolzen mit Sicherungsbolzen + Kette \u00d819-\u00d822-\u00d825-\u00d832 - Hydropartsholland","description":"Oberlenkerbolzen mit Sicherungsbolzen + Kette. Verschiedene Varianten erh\u00e4ltlich. Geeignet f\u00fcr Schlepper, Traktoren, Oldtimer und Ger\u00e4te.","robots":{"index":"index","follow":"follow","max-snippet":"max-snippet:-1","max-image-preview":"max-image-preview:large","max-video-preview":"max-video-preview:-1"},"canonical":"https:\/\/hydropartsholland.com\/de\/produkt\/oberlenkerbolzen-mit-sicherungsbolzen-kette-o19-o22-o25-o32\/","og_locale":"de_DE","og_type":"article","og_title":"Oberlenkerbolzen mit Sicherungsbolzen + Kette \u00d819-\u00d822-\u00d825-\u00d832 - Hydropartsholland","og_description":"Oberlenkerbolzen mit Sicherungsbolzen + Kette. Verschiedene Varianten erh\u00e4ltlich. Geeignet f\u00fcr Schlepper, Traktoren, Oldtimer und Ger\u00e4te.","og_url":"https:\/\/hydropartsholland.com\/de\/produkt\/oberlenkerbolzen-mit-sicherungsbolzen-kette-o19-o22-o25-o32\/","og_site_name":"Hydropartsholland","article_modified_time":"2025-03-11T11:24:02+00:00","og_image":[{"width":1062,"height":797,"url":"https:\/\/hydropartsholland.com\/wp-content\/uploads\/2023\/01\/s-l1600-5.jpg","type":"image\/jpeg"}],"twitter_card":"summary_large_image","twitter_misc":{"Gesch\u00e4tzte Lesezeit":"1\u00a0Minute"},"schema":{"@context":"https:\/\/schema.org","@graph":[{"@type":"WebPage","@id":"https:\/\/hydropartsholland.com\/de\/produkt\/oberlenkerbolzen-mit-sicherungsbolzen-kette-o19-o22-o25-o32\/","url":"https:\/\/hydropartsholland.com\/de\/produkt\/oberlenkerbolzen-mit-sicherungsbolzen-kette-o19-o22-o25-o32\/","name":"Oberlenkerbolzen mit Sicherungsbolzen + Kette \u00d819-\u00d822-\u00d825-\u00d832 - Hydropartsholland","isPartOf":{"@id":"https:\/\/hydropartsholland.com\/#website"},"primaryImageOfPage":{"@id":"https:\/\/hydropartsholland.com\/de\/produkt\/oberlenkerbolzen-mit-sicherungsbolzen-kette-o19-o22-o25-o32\/#primaryimage"},"image":{"@id":"https:\/\/hydropartsholland.com\/de\/produkt\/oberlenkerbolzen-mit-sicherungsbolzen-kette-o19-o22-o25-o32\/#primaryimage"},"thumbnailUrl":"https:\/\/hydropartsholland.com\/wp-content\/uploads\/2023\/01\/s-l1600-5.jpg","datePublished":"2025-07-22T13:50:23+00:00","dateModified":"2025-03-11T11:24:02+00:00","description":"Oberlenkerbolzen mit Sicherungsbolzen + Kette. Verschiedene Varianten erh\u00e4ltlich. Geeignet f\u00fcr Schlepper, Traktoren, Oldtimer und Ger\u00e4te.","breadcrumb":{"@id":"https:\/\/hydropartsholland.com\/de\/produkt\/oberlenkerbolzen-mit-sicherungsbolzen-kette-o19-o22-o25-o32\/#breadcrumb"},"inLanguage":"de","potentialAction":[{"@type":"ReadAction","target":["https:\/\/hydropartsholland.com\/de\/produkt\/oberlenkerbolzen-mit-sicherungsbolzen-kette-o19-o22-o25-o32\/"]}]},{"@type":"ImageObject","inLanguage":"de","@id":"https:\/\/hydropartsholland.com\/de\/produkt\/oberlenkerbolzen-mit-sicherungsbolzen-kette-o19-o22-o25-o32\/#primaryimage","url":"https:\/\/hydropartsholland.com\/wp-content\/uploads\/2023\/01\/s-l1600-5.jpg","contentUrl":"https:\/\/hydropartsholland.com\/wp-content\/uploads\/2023\/01\/s-l1600-5.jpg","width":1062,"height":797},{"@type":"BreadcrumbList","@id":"https:\/\/hydropartsholland.com\/de\/produkt\/oberlenkerbolzen-mit-sicherungsbolzen-kette-o19-o22-o25-o32\/#breadcrumb","itemListElement":[{"@type":"ListItem","position":1,"name":"Home","item":"https:\/\/hydropartsholland.com\/"},{"@type":"ListItem","position":2,"name":"Gesch\u00e4ft","item":"https:\/\/hydropartsholland.com\/de\/shop-3\/"},{"@type":"ListItem","position":3,"name":"Oberlenkerbolzen mit Sicherungsbolzen + Kette \u00d819-\u00d822-\u00d825-\u00d832"}]},{"@type":"WebSite","@id":"https:\/\/hydropartsholland.com\/#website","url":"https:\/\/hydropartsholland.com\/","name":"Hydropartsholland","description":"","publisher":{"@id":"https:\/\/hydropartsholland.com\/#organization"},"potentialAction":[{"@type":"SearchAction","target":{"@type":"EntryPoint","urlTemplate":"https:\/\/hydropartsholland.com\/?s={search_term_string}"},"query-input":"required name=search_term_string"}],"inLanguage":"de"},{"@type":"Organization","@id":"https:\/\/hydropartsholland.com\/#organization","name":"Spare Parts Holland","url":"https:\/\/hydropartsholland.com\/","logo":{"@type":"ImageObject","inLanguage":"de","@id":"https:\/\/hydropartsholland.com\/#\/schema\/logo\/image\/","url":"https:\/\/hydropartsholland.com\/wp-content\/uploads\/2022\/06\/spareparts-1.png","contentUrl":"https:\/\/hydropartsholland.com\/wp-content\/uploads\/2022\/06\/spareparts-1.png","width":824,"height":685,"caption":"Spare Parts Holland"},"image":{"@id":"https:\/\/hydropartsholland.com\/#\/schema\/logo\/image\/"}}]}},"_links":{"self":[{"href":"https:\/\/hydropartsholland.com\/de\/wp-json\/wp\/v2\/product\/8424","targetHints":{"allow":["GET"]}}],"collection":[{"href":"https:\/\/hydropartsholland.com\/de\/wp-json\/wp\/v2\/product"}],"about":[{"href":"https:\/\/hydropartsholland.com\/de\/wp-json\/wp\/v2\/types\/product"}],"replies":[{"embeddable":true,"href":"https:\/\/hydropartsholland.com\/de\/wp-json\/wp\/v2\/comments?post=8424"}],"wp:featuredmedia":[{"embeddable":true,"href":"https:\/\/hydropartsholland.com\/de\/wp-json\/wp\/v2\/media\/7860"}],"wp:attachment":[{"href":"https:\/\/hydropartsholland.com\/de\/wp-json\/wp\/v2\/media?parent=8424"}],"wp:term":[{"taxonomy":"product_cat","embeddable":true,"href":"https:\/\/hydropartsholland.com\/de\/wp-json\/wp\/v2\/product_cat?post=8424"},{"taxonomy":"product_tag","embeddable":true,"href":"https:\/\/hydropartsholland.com\/de\/wp-json\/wp\/v2\/product_tag?post=8424"}],"curies":[{"name":"wp","href":"https:\/\/api.w.org\/{rel}","templated":true}]}}