{"id":8419,"date":"2025-07-22T14:50:22","date_gmt":"2025-07-22T13:50:22","guid":{"rendered":"https:\/\/hydropartsholland.com\/product\/hydraulische-schnellkupplung-1-2-entfernter-halterungssatz\/"},"modified":"2026-02-23T09:39:13","modified_gmt":"2026-02-23T08:39:13","slug":"hydraulische-schnellkupplung-1-2-entfernter-halterungssatz","status":"publish","type":"product","link":"https:\/\/hydropartsholland.com\/de\/produkt\/hydraulische-schnellkupplung-1-2-entfernter-halterungssatz\/","title":{"rendered":"Abrei\u00dfhalter f\u00fcr versch Steckkupplungen Hydraulik BG3 Halter f\u00fcr Muffe Kupplung"},"content":{"rendered":"<p>Das Set beinhaltet: Einzel (1): 2 x Seegeringe Doppelt (2): 4 x Seegeringe Quart\u00e4r (4): 8 x Seegeringe Sechs (6) : 12 x Seegeringe.<\/p>\n<ul>\n<li>Abrei\u00dfhalter zum Anschrauben oder Anschwei\u00dfen.<\/li>\n<li>Materialst\u00e4rke: 5 mm<\/li>\n<li>Material: Stahl roh (Verzinkt)<\/li>\n<li>Push-Pull-H\u00fclsen mit 1-1\/2&#8243; Durchmesser (1\/2&#8243; K\u00f6rpergr\u00f6\u00dfe).<\/li>\n<li>Robustes Design<\/li>\n<\/ul>\n","protected":false},"excerpt":{"rendered":"<ul>\n<li>Abrei\u00dfhalter zum Anschrauben oder Anschwei\u00dfen.<\/li>\n<li>Materialst\u00e4rke: 5 mm<\/li>\n<li>Material: Stahl roh (Verzinkt)<\/li>\n<li>Push-Pull-H\u00fclsen mit 1-1\/2&#8243; Durchmesser (1\/2&#8243; K\u00f6rpergr\u00f6\u00dfe)<\/li>\n<li>Robustes Design<\/li>\n<\/ul>\n","protected":false},"featured_media":7896,"comment_status":"open","ping_status":"closed","template":"","meta":{"inline_featured_image":false},"product_cat":[639],"product_tag":[],"class_list":{"0":"post-8419","1":"product","2":"type-product","3":"status-publish","4":"has-post-thumbnail","6":"product_cat-hydraulische-teile-de","8":"first","9":"instock","10":"taxable","11":"shipping-taxable","12":"purchasable","13":"product-type-variable","14":"has-default-attributes"},"yoast_head":"<!-- This site is optimized with the Yoast SEO plugin v23.3 - https:\/\/yoast.com\/wordpress\/plugins\/seo\/ -->\n<title>Abrei\u00dfhalter f\u00fcr versch Steckkupplungen Hydraulik BG3 Halter f\u00fcr Muffe Kupplung - Hydropartsholland<\/title>\n<meta name=\"description\" content=\"Abrei\u00dfhalterung f\u00fcr Schnellkupplung. Push-Pull-H\u00fclsen mit 1-1\/2&quot; Durchmesser (1\/2&quot; K\u00f6rpergr\u00f6\u00dfe). Robustes Design. Materialst\u00e4rke: 5 mm.\" \/>\n<meta name=\"robots\" content=\"index, follow, max-snippet:-1, max-image-preview:large, max-video-preview:-1\" \/>\n<link rel=\"canonical\" href=\"https:\/\/hydropartsholland.com\/de\/produkt\/hydraulische-schnellkupplung-1-2-entfernter-halterungssatz\/\" \/>\n<meta property=\"og:locale\" content=\"de_DE\" \/>\n<meta property=\"og:type\" content=\"article\" \/>\n<meta property=\"og:title\" content=\"Abrei\u00dfhalter f\u00fcr versch Steckkupplungen Hydraulik BG3 Halter f\u00fcr Muffe Kupplung - Hydropartsholland\" \/>\n<meta property=\"og:description\" content=\"Abrei\u00dfhalterung f\u00fcr Schnellkupplung. Push-Pull-H\u00fclsen mit 1-1\/2&quot; Durchmesser (1\/2&quot; K\u00f6rpergr\u00f6\u00dfe). Robustes Design. Materialst\u00e4rke: 5 mm.\" \/>\n<meta property=\"og:url\" content=\"https:\/\/hydropartsholland.com\/de\/produkt\/hydraulische-schnellkupplung-1-2-entfernter-halterungssatz\/\" \/>\n<meta property=\"og:site_name\" content=\"Hydropartsholland\" \/>\n<meta property=\"article:modified_time\" content=\"2026-02-23T08:39:13+00:00\" \/>\n<meta property=\"og:image\" content=\"https:\/\/hydropartsholland.com\/wp-content\/uploads\/2023\/01\/2-gfff-1.jpg\" \/>\n\t<meta property=\"og:image:width\" content=\"2256\" \/>\n\t<meta property=\"og:image:height\" content=\"1992\" \/>\n\t<meta property=\"og:image:type\" content=\"image\/jpeg\" \/>\n<meta name=\"twitter:card\" content=\"summary_large_image\" \/>\n<meta name=\"twitter:label1\" content=\"Gesch\u00e4tzte Lesezeit\" \/>\n\t<meta name=\"twitter:data1\" content=\"1\u00a0Minute\" \/>\n<script type=\"application\/ld+json\" class=\"yoast-schema-graph\">{\"@context\":\"https:\/\/schema.org\",\"@graph\":[{\"@type\":\"WebPage\",\"@id\":\"https:\/\/hydropartsholland.com\/de\/produkt\/hydraulische-schnellkupplung-1-2-entfernter-halterungssatz\/\",\"url\":\"https:\/\/hydropartsholland.com\/de\/produkt\/hydraulische-schnellkupplung-1-2-entfernter-halterungssatz\/\",\"name\":\"Abrei\u00dfhalter f\u00fcr versch Steckkupplungen Hydraulik BG3 Halter f\u00fcr Muffe Kupplung - Hydropartsholland\",\"isPartOf\":{\"@id\":\"https:\/\/hydropartsholland.com\/#website\"},\"primaryImageOfPage\":{\"@id\":\"https:\/\/hydropartsholland.com\/de\/produkt\/hydraulische-schnellkupplung-1-2-entfernter-halterungssatz\/#primaryimage\"},\"image\":{\"@id\":\"https:\/\/hydropartsholland.com\/de\/produkt\/hydraulische-schnellkupplung-1-2-entfernter-halterungssatz\/#primaryimage\"},\"thumbnailUrl\":\"https:\/\/hydropartsholland.com\/wp-content\/uploads\/2023\/01\/2-gfff-1.jpg\",\"datePublished\":\"2025-07-22T13:50:22+00:00\",\"dateModified\":\"2026-02-23T08:39:13+00:00\",\"description\":\"Abrei\u00dfhalterung f\u00fcr Schnellkupplung. Push-Pull-H\u00fclsen mit 1-1\/2\\\" Durchmesser (1\/2\\\" K\u00f6rpergr\u00f6\u00dfe). Robustes Design. Materialst\u00e4rke: 5 mm.\",\"breadcrumb\":{\"@id\":\"https:\/\/hydropartsholland.com\/de\/produkt\/hydraulische-schnellkupplung-1-2-entfernter-halterungssatz\/#breadcrumb\"},\"inLanguage\":\"de\",\"potentialAction\":[{\"@type\":\"ReadAction\",\"target\":[\"https:\/\/hydropartsholland.com\/de\/produkt\/hydraulische-schnellkupplung-1-2-entfernter-halterungssatz\/\"]}]},{\"@type\":\"ImageObject\",\"inLanguage\":\"de\",\"@id\":\"https:\/\/hydropartsholland.com\/de\/produkt\/hydraulische-schnellkupplung-1-2-entfernter-halterungssatz\/#primaryimage\",\"url\":\"https:\/\/hydropartsholland.com\/wp-content\/uploads\/2023\/01\/2-gfff-1.jpg\",\"contentUrl\":\"https:\/\/hydropartsholland.com\/wp-content\/uploads\/2023\/01\/2-gfff-1.jpg\",\"width\":2256,\"height\":1992},{\"@type\":\"BreadcrumbList\",\"@id\":\"https:\/\/hydropartsholland.com\/de\/produkt\/hydraulische-schnellkupplung-1-2-entfernter-halterungssatz\/#breadcrumb\",\"itemListElement\":[{\"@type\":\"ListItem\",\"position\":1,\"name\":\"Home\",\"item\":\"https:\/\/hydropartsholland.com\/\"},{\"@type\":\"ListItem\",\"position\":2,\"name\":\"Gesch\u00e4ft\",\"item\":\"https:\/\/hydropartsholland.com\/de\/shop-3\/\"},{\"@type\":\"ListItem\",\"position\":3,\"name\":\"Abrei\u00dfhalter f\u00fcr versch Steckkupplungen Hydraulik BG3 Halter f\u00fcr Muffe Kupplung\"}]},{\"@type\":\"WebSite\",\"@id\":\"https:\/\/hydropartsholland.com\/#website\",\"url\":\"https:\/\/hydropartsholland.com\/\",\"name\":\"Hydropartsholland\",\"description\":\"\",\"publisher\":{\"@id\":\"https:\/\/hydropartsholland.com\/#organization\"},\"potentialAction\":[{\"@type\":\"SearchAction\",\"target\":{\"@type\":\"EntryPoint\",\"urlTemplate\":\"https:\/\/hydropartsholland.com\/?s={search_term_string}\"},\"query-input\":\"required name=search_term_string\"}],\"inLanguage\":\"de\"},{\"@type\":\"Organization\",\"@id\":\"https:\/\/hydropartsholland.com\/#organization\",\"name\":\"Spare Parts Holland\",\"url\":\"https:\/\/hydropartsholland.com\/\",\"logo\":{\"@type\":\"ImageObject\",\"inLanguage\":\"de\",\"@id\":\"https:\/\/hydropartsholland.com\/#\/schema\/logo\/image\/\",\"url\":\"https:\/\/hydropartsholland.com\/wp-content\/uploads\/2022\/06\/spareparts-1.png\",\"contentUrl\":\"https:\/\/hydropartsholland.com\/wp-content\/uploads\/2022\/06\/spareparts-1.png\",\"width\":824,\"height\":685,\"caption\":\"Spare Parts Holland\"},\"image\":{\"@id\":\"https:\/\/hydropartsholland.com\/#\/schema\/logo\/image\/\"}}]}<\/script>\n<!-- \/ Yoast SEO plugin. -->","yoast_head_json":{"title":"Abrei\u00dfhalter f\u00fcr versch Steckkupplungen Hydraulik BG3 Halter f\u00fcr Muffe Kupplung - Hydropartsholland","description":"Abrei\u00dfhalterung f\u00fcr Schnellkupplung. Push-Pull-H\u00fclsen mit 1-1\/2\" Durchmesser (1\/2\" K\u00f6rpergr\u00f6\u00dfe). Robustes Design. Materialst\u00e4rke: 5 mm.","robots":{"index":"index","follow":"follow","max-snippet":"max-snippet:-1","max-image-preview":"max-image-preview:large","max-video-preview":"max-video-preview:-1"},"canonical":"https:\/\/hydropartsholland.com\/de\/produkt\/hydraulische-schnellkupplung-1-2-entfernter-halterungssatz\/","og_locale":"de_DE","og_type":"article","og_title":"Abrei\u00dfhalter f\u00fcr versch Steckkupplungen Hydraulik BG3 Halter f\u00fcr Muffe Kupplung - Hydropartsholland","og_description":"Abrei\u00dfhalterung f\u00fcr Schnellkupplung. Push-Pull-H\u00fclsen mit 1-1\/2\" Durchmesser (1\/2\" K\u00f6rpergr\u00f6\u00dfe). Robustes Design. Materialst\u00e4rke: 5 mm.","og_url":"https:\/\/hydropartsholland.com\/de\/produkt\/hydraulische-schnellkupplung-1-2-entfernter-halterungssatz\/","og_site_name":"Hydropartsholland","article_modified_time":"2026-02-23T08:39:13+00:00","og_image":[{"width":2256,"height":1992,"url":"https:\/\/hydropartsholland.com\/wp-content\/uploads\/2023\/01\/2-gfff-1.jpg","type":"image\/jpeg"}],"twitter_card":"summary_large_image","twitter_misc":{"Gesch\u00e4tzte Lesezeit":"1\u00a0Minute"},"schema":{"@context":"https:\/\/schema.org","@graph":[{"@type":"WebPage","@id":"https:\/\/hydropartsholland.com\/de\/produkt\/hydraulische-schnellkupplung-1-2-entfernter-halterungssatz\/","url":"https:\/\/hydropartsholland.com\/de\/produkt\/hydraulische-schnellkupplung-1-2-entfernter-halterungssatz\/","name":"Abrei\u00dfhalter f\u00fcr versch Steckkupplungen Hydraulik BG3 Halter f\u00fcr Muffe Kupplung - Hydropartsholland","isPartOf":{"@id":"https:\/\/hydropartsholland.com\/#website"},"primaryImageOfPage":{"@id":"https:\/\/hydropartsholland.com\/de\/produkt\/hydraulische-schnellkupplung-1-2-entfernter-halterungssatz\/#primaryimage"},"image":{"@id":"https:\/\/hydropartsholland.com\/de\/produkt\/hydraulische-schnellkupplung-1-2-entfernter-halterungssatz\/#primaryimage"},"thumbnailUrl":"https:\/\/hydropartsholland.com\/wp-content\/uploads\/2023\/01\/2-gfff-1.jpg","datePublished":"2025-07-22T13:50:22+00:00","dateModified":"2026-02-23T08:39:13+00:00","description":"Abrei\u00dfhalterung f\u00fcr Schnellkupplung. Push-Pull-H\u00fclsen mit 1-1\/2\" Durchmesser (1\/2\" K\u00f6rpergr\u00f6\u00dfe). Robustes Design. Materialst\u00e4rke: 5 mm.","breadcrumb":{"@id":"https:\/\/hydropartsholland.com\/de\/produkt\/hydraulische-schnellkupplung-1-2-entfernter-halterungssatz\/#breadcrumb"},"inLanguage":"de","potentialAction":[{"@type":"ReadAction","target":["https:\/\/hydropartsholland.com\/de\/produkt\/hydraulische-schnellkupplung-1-2-entfernter-halterungssatz\/"]}]},{"@type":"ImageObject","inLanguage":"de","@id":"https:\/\/hydropartsholland.com\/de\/produkt\/hydraulische-schnellkupplung-1-2-entfernter-halterungssatz\/#primaryimage","url":"https:\/\/hydropartsholland.com\/wp-content\/uploads\/2023\/01\/2-gfff-1.jpg","contentUrl":"https:\/\/hydropartsholland.com\/wp-content\/uploads\/2023\/01\/2-gfff-1.jpg","width":2256,"height":1992},{"@type":"BreadcrumbList","@id":"https:\/\/hydropartsholland.com\/de\/produkt\/hydraulische-schnellkupplung-1-2-entfernter-halterungssatz\/#breadcrumb","itemListElement":[{"@type":"ListItem","position":1,"name":"Home","item":"https:\/\/hydropartsholland.com\/"},{"@type":"ListItem","position":2,"name":"Gesch\u00e4ft","item":"https:\/\/hydropartsholland.com\/de\/shop-3\/"},{"@type":"ListItem","position":3,"name":"Abrei\u00dfhalter f\u00fcr versch Steckkupplungen Hydraulik BG3 Halter f\u00fcr Muffe Kupplung"}]},{"@type":"WebSite","@id":"https:\/\/hydropartsholland.com\/#website","url":"https:\/\/hydropartsholland.com\/","name":"Hydropartsholland","description":"","publisher":{"@id":"https:\/\/hydropartsholland.com\/#organization"},"potentialAction":[{"@type":"SearchAction","target":{"@type":"EntryPoint","urlTemplate":"https:\/\/hydropartsholland.com\/?s={search_term_string}"},"query-input":"required name=search_term_string"}],"inLanguage":"de"},{"@type":"Organization","@id":"https:\/\/hydropartsholland.com\/#organization","name":"Spare Parts Holland","url":"https:\/\/hydropartsholland.com\/","logo":{"@type":"ImageObject","inLanguage":"de","@id":"https:\/\/hydropartsholland.com\/#\/schema\/logo\/image\/","url":"https:\/\/hydropartsholland.com\/wp-content\/uploads\/2022\/06\/spareparts-1.png","contentUrl":"https:\/\/hydropartsholland.com\/wp-content\/uploads\/2022\/06\/spareparts-1.png","width":824,"height":685,"caption":"Spare Parts Holland"},"image":{"@id":"https:\/\/hydropartsholland.com\/#\/schema\/logo\/image\/"}}]}},"_links":{"self":[{"href":"https:\/\/hydropartsholland.com\/de\/wp-json\/wp\/v2\/product\/8419","targetHints":{"allow":["GET"]}}],"collection":[{"href":"https:\/\/hydropartsholland.com\/de\/wp-json\/wp\/v2\/product"}],"about":[{"href":"https:\/\/hydropartsholland.com\/de\/wp-json\/wp\/v2\/types\/product"}],"replies":[{"embeddable":true,"href":"https:\/\/hydropartsholland.com\/de\/wp-json\/wp\/v2\/comments?post=8419"}],"wp:featuredmedia":[{"embeddable":true,"href":"https:\/\/hydropartsholland.com\/de\/wp-json\/wp\/v2\/media\/7896"}],"wp:attachment":[{"href":"https:\/\/hydropartsholland.com\/de\/wp-json\/wp\/v2\/media?parent=8419"}],"wp:term":[{"taxonomy":"product_cat","embeddable":true,"href":"https:\/\/hydropartsholland.com\/de\/wp-json\/wp\/v2\/product_cat?post=8419"},{"taxonomy":"product_tag","embeddable":true,"href":"https:\/\/hydropartsholland.com\/de\/wp-json\/wp\/v2\/product_tag?post=8419"}],"curies":[{"name":"wp","href":"https:\/\/api.w.org\/{rel}","templated":true}]}}