{"id":6390,"date":"2022-07-28T09:56:21","date_gmt":"2022-07-28T08:56:21","guid":{"rendered":"https:\/\/hydropartsholland.com\/product\/hydraulic-dual-remote-valve-ford-600-700-800-2000-3000-4000-2610-2910-tractor\/"},"modified":"2025-08-02T18:00:30","modified_gmt":"2025-08-02T17:00:30","slug":"hydraulic-dual-remote-valve-ford-600-700-800-2000-3000-4000-2610-2910-tractor","status":"publish","type":"product","link":"https:\/\/hydropartsholland.com\/de\/produkt\/hydraulic-dual-remote-valve-ford-600-700-800-2000-3000-4000-2610-2910-tractor\/","title":{"rendered":"Steuerger\u00e4t f\u00fcr Ford 2000 3000 2600 3910 4600 Schlepper 2X DW"},"content":{"rendered":"<p>Steuerger\u00e4t f\u00fcr hinder dem Schlepper.<\/p>\n<ul>\n<li>Doppelspule<\/li>\n<li>Einfach- und doppeltwirkend mit Schl\u00e4uchen<\/li>\n<li>Weibliche Kupplungen<\/li>\n<\/ul>\n<p>Diese Steuerger\u00e4t passt Ford Schlepper Modelle:<\/p>\n<p>FORD-TRAKTOR<\/p>\n<p>501, 541, 600, 601, 611, 620, 621, 630, 631, 640, 641, 650, 651, 660, 661, 671, 681, 700, 740, 741, 771, 800, 801, 811, 820, 821, 840, 841, 850, 851, 860, 861, 871, 881, 900, 901, 940, 941, 950, 951, 960, 961, 971, 981, 1801, 1811, 1821, 1841, 1871, 1881, 2000 (3 Zylinder), 2000 (4 Zylinder), 2030, 2031, 2100, 2110 (3 Zylinder), 2110 (4 Zylinder), 2111, 2120 (3 Zylinder), 2120 (4 Zylinder), 2121, 2130, 2131, 2150, 2300,\u00a0, 2310, 2600, 2610,\u00a02810, 2910, 3910, 4110 (3 Zylinder), 4610, 4610SU, 3000, 3055, 3100, 3110, 3150 , 3190, 3300, 3310, 3330, 3600, 3610, 3900, 4000 (3 Zylinder), 4000 (4 Zylinder), 4000SU, 4030 (4 Zylinder), 4031, 4040, 4100, 4110 (4 Zylinder), 4120, 4121 , 4130 (3 Zylinder), 4130 (4 Zylinder), 4131, 4140 (3 Zylinder), 4140 (3 Zylinder), 4190, 4200, 4330, 4340, 4410, 4600, 4600SU<\/p>\n<p>Ford Industrie \/ Bauwesen<\/p>\n<p>230A, 231, 233, 234, 333, 334, 335, 340, 3400, 340A, 340B, 3500, 3550, 420, 4400, 445, 445A, 4500,<\/p>\n<p>515, 530A, 531, 532, 535, 540, 540A, 540B, 545, 545A<\/p>\n<p>309973F, 80309973, 309973, 309996,<\/p>\n<p>Steuerger\u00e4t mit Hebeln: C9NNB950B, E1NNB950BB, E1NNB950BA, 83928704, 83944762<\/p>\n","protected":false},"excerpt":{"rendered":"<ul>\n<li>Doppelspule<\/li>\n<li>Einfach- und doppeltwirkend mit Schl\u00e4uchen<\/li>\n<li>Weibliche Kupplungen<\/li>\n<\/ul>\n","protected":false},"featured_media":29255,"comment_status":"open","ping_status":"closed","template":"","meta":{"inline_featured_image":false},"product_cat":[668,670],"product_tag":[],"class_list":{"0":"post-6390","1":"product","2":"type-product","3":"status-publish","4":"has-post-thumbnail","6":"product_cat-steuergerate-hydraulikventile","7":"product_cat-ford-de-3","9":"first","10":"instock","11":"taxable","12":"shipping-taxable","13":"purchasable","14":"product-type-simple"},"yoast_head":"<!-- This site is optimized with the Yoast SEO plugin v23.3 - https:\/\/yoast.com\/wordpress\/plugins\/seo\/ -->\n<title>Steuerger\u00e4t f\u00fcr Ford 2000 3000 2600 3910 4600 Schlepper 2X DW - Hydropartsholland<\/title>\n<meta name=\"description\" content=\"Steuerger\u00e4t mit Hebeln f\u00fcr hinder dem Schlepper. Doppelspule. Einfach- und doppeltwirkend mit Schl\u00e4uchen. Weibliche Kupplungen.\" \/>\n<meta name=\"robots\" content=\"index, follow, max-snippet:-1, max-image-preview:large, max-video-preview:-1\" \/>\n<link rel=\"canonical\" href=\"https:\/\/hydropartsholland.com\/de\/produkt\/hydraulic-dual-remote-valve-ford-600-700-800-2000-3000-4000-2610-2910-tractor\/\" \/>\n<meta property=\"og:locale\" content=\"de_DE\" \/>\n<meta property=\"og:type\" content=\"article\" \/>\n<meta property=\"og:title\" content=\"Steuerger\u00e4t f\u00fcr Ford 2000 3000 2600 3910 4600 Schlepper 2X DW - Hydropartsholland\" \/>\n<meta property=\"og:description\" content=\"Steuerger\u00e4t mit Hebeln f\u00fcr hinder dem Schlepper. Doppelspule. Einfach- und doppeltwirkend mit Schl\u00e4uchen. Weibliche Kupplungen.\" \/>\n<meta property=\"og:url\" content=\"https:\/\/hydropartsholland.com\/de\/produkt\/hydraulic-dual-remote-valve-ford-600-700-800-2000-3000-4000-2610-2910-tractor\/\" \/>\n<meta property=\"og:site_name\" content=\"Hydropartsholland\" \/>\n<meta property=\"article:modified_time\" content=\"2025-08-02T17:00:30+00:00\" \/>\n<meta property=\"og:image\" content=\"https:\/\/hydropartsholland.com\/wp-content\/uploads\/2022\/07\/DSCF6759-scaled.jpg\" \/>\n\t<meta property=\"og:image:width\" content=\"2560\" \/>\n\t<meta property=\"og:image:height\" content=\"1920\" \/>\n\t<meta property=\"og:image:type\" content=\"image\/jpeg\" \/>\n<meta name=\"twitter:card\" content=\"summary_large_image\" \/>\n<meta name=\"twitter:label1\" content=\"Gesch\u00e4tzte Lesezeit\" \/>\n\t<meta name=\"twitter:data1\" content=\"1\u00a0Minute\" \/>\n<script type=\"application\/ld+json\" class=\"yoast-schema-graph\">{\"@context\":\"https:\/\/schema.org\",\"@graph\":[{\"@type\":\"WebPage\",\"@id\":\"https:\/\/hydropartsholland.com\/de\/produkt\/hydraulic-dual-remote-valve-ford-600-700-800-2000-3000-4000-2610-2910-tractor\/\",\"url\":\"https:\/\/hydropartsholland.com\/de\/produkt\/hydraulic-dual-remote-valve-ford-600-700-800-2000-3000-4000-2610-2910-tractor\/\",\"name\":\"Steuerger\u00e4t f\u00fcr Ford 2000 3000 2600 3910 4600 Schlepper 2X DW - Hydropartsholland\",\"isPartOf\":{\"@id\":\"https:\/\/hydropartsholland.com\/#website\"},\"primaryImageOfPage\":{\"@id\":\"https:\/\/hydropartsholland.com\/de\/produkt\/hydraulic-dual-remote-valve-ford-600-700-800-2000-3000-4000-2610-2910-tractor\/#primaryimage\"},\"image\":{\"@id\":\"https:\/\/hydropartsholland.com\/de\/produkt\/hydraulic-dual-remote-valve-ford-600-700-800-2000-3000-4000-2610-2910-tractor\/#primaryimage\"},\"thumbnailUrl\":\"https:\/\/hydropartsholland.com\/wp-content\/uploads\/2022\/07\/DSCF6759-scaled.jpg\",\"datePublished\":\"2022-07-28T08:56:21+00:00\",\"dateModified\":\"2025-08-02T17:00:30+00:00\",\"description\":\"Steuerger\u00e4t mit Hebeln f\u00fcr hinder dem Schlepper. Doppelspule. Einfach- und doppeltwirkend mit Schl\u00e4uchen. Weibliche Kupplungen.\",\"breadcrumb\":{\"@id\":\"https:\/\/hydropartsholland.com\/de\/produkt\/hydraulic-dual-remote-valve-ford-600-700-800-2000-3000-4000-2610-2910-tractor\/#breadcrumb\"},\"inLanguage\":\"de\",\"potentialAction\":[{\"@type\":\"ReadAction\",\"target\":[\"https:\/\/hydropartsholland.com\/de\/produkt\/hydraulic-dual-remote-valve-ford-600-700-800-2000-3000-4000-2610-2910-tractor\/\"]}]},{\"@type\":\"ImageObject\",\"inLanguage\":\"de\",\"@id\":\"https:\/\/hydropartsholland.com\/de\/produkt\/hydraulic-dual-remote-valve-ford-600-700-800-2000-3000-4000-2610-2910-tractor\/#primaryimage\",\"url\":\"https:\/\/hydropartsholland.com\/wp-content\/uploads\/2022\/07\/DSCF6759-scaled.jpg\",\"contentUrl\":\"https:\/\/hydropartsholland.com\/wp-content\/uploads\/2022\/07\/DSCF6759-scaled.jpg\",\"width\":2560,\"height\":1920},{\"@type\":\"BreadcrumbList\",\"@id\":\"https:\/\/hydropartsholland.com\/de\/produkt\/hydraulic-dual-remote-valve-ford-600-700-800-2000-3000-4000-2610-2910-tractor\/#breadcrumb\",\"itemListElement\":[{\"@type\":\"ListItem\",\"position\":1,\"name\":\"Home\",\"item\":\"https:\/\/hydropartsholland.com\/\"},{\"@type\":\"ListItem\",\"position\":2,\"name\":\"Gesch\u00e4ft\",\"item\":\"https:\/\/hydropartsholland.com\/de\/shop-3\/\"},{\"@type\":\"ListItem\",\"position\":3,\"name\":\"Steuerger\u00e4t f\u00fcr Ford 2000 3000 2600 3910 4600 Schlepper 2X DW\"}]},{\"@type\":\"WebSite\",\"@id\":\"https:\/\/hydropartsholland.com\/#website\",\"url\":\"https:\/\/hydropartsholland.com\/\",\"name\":\"Hydropartsholland\",\"description\":\"\",\"publisher\":{\"@id\":\"https:\/\/hydropartsholland.com\/#organization\"},\"potentialAction\":[{\"@type\":\"SearchAction\",\"target\":{\"@type\":\"EntryPoint\",\"urlTemplate\":\"https:\/\/hydropartsholland.com\/?s={search_term_string}\"},\"query-input\":\"required name=search_term_string\"}],\"inLanguage\":\"de\"},{\"@type\":\"Organization\",\"@id\":\"https:\/\/hydropartsholland.com\/#organization\",\"name\":\"Spare Parts Holland\",\"url\":\"https:\/\/hydropartsholland.com\/\",\"logo\":{\"@type\":\"ImageObject\",\"inLanguage\":\"de\",\"@id\":\"https:\/\/hydropartsholland.com\/#\/schema\/logo\/image\/\",\"url\":\"https:\/\/hydropartsholland.com\/wp-content\/uploads\/2022\/06\/spareparts-1.png\",\"contentUrl\":\"https:\/\/hydropartsholland.com\/wp-content\/uploads\/2022\/06\/spareparts-1.png\",\"width\":824,\"height\":685,\"caption\":\"Spare Parts Holland\"},\"image\":{\"@id\":\"https:\/\/hydropartsholland.com\/#\/schema\/logo\/image\/\"}}]}<\/script>\n<!-- \/ Yoast SEO plugin. -->","yoast_head_json":{"title":"Steuerger\u00e4t f\u00fcr Ford 2000 3000 2600 3910 4600 Schlepper 2X DW - Hydropartsholland","description":"Steuerger\u00e4t mit Hebeln f\u00fcr hinder dem Schlepper. Doppelspule. Einfach- und doppeltwirkend mit Schl\u00e4uchen. Weibliche Kupplungen.","robots":{"index":"index","follow":"follow","max-snippet":"max-snippet:-1","max-image-preview":"max-image-preview:large","max-video-preview":"max-video-preview:-1"},"canonical":"https:\/\/hydropartsholland.com\/de\/produkt\/hydraulic-dual-remote-valve-ford-600-700-800-2000-3000-4000-2610-2910-tractor\/","og_locale":"de_DE","og_type":"article","og_title":"Steuerger\u00e4t f\u00fcr Ford 2000 3000 2600 3910 4600 Schlepper 2X DW - Hydropartsholland","og_description":"Steuerger\u00e4t mit Hebeln f\u00fcr hinder dem Schlepper. Doppelspule. Einfach- und doppeltwirkend mit Schl\u00e4uchen. Weibliche Kupplungen.","og_url":"https:\/\/hydropartsholland.com\/de\/produkt\/hydraulic-dual-remote-valve-ford-600-700-800-2000-3000-4000-2610-2910-tractor\/","og_site_name":"Hydropartsholland","article_modified_time":"2025-08-02T17:00:30+00:00","og_image":[{"width":2560,"height":1920,"url":"https:\/\/hydropartsholland.com\/wp-content\/uploads\/2022\/07\/DSCF6759-scaled.jpg","type":"image\/jpeg"}],"twitter_card":"summary_large_image","twitter_misc":{"Gesch\u00e4tzte Lesezeit":"1\u00a0Minute"},"schema":{"@context":"https:\/\/schema.org","@graph":[{"@type":"WebPage","@id":"https:\/\/hydropartsholland.com\/de\/produkt\/hydraulic-dual-remote-valve-ford-600-700-800-2000-3000-4000-2610-2910-tractor\/","url":"https:\/\/hydropartsholland.com\/de\/produkt\/hydraulic-dual-remote-valve-ford-600-700-800-2000-3000-4000-2610-2910-tractor\/","name":"Steuerger\u00e4t f\u00fcr Ford 2000 3000 2600 3910 4600 Schlepper 2X DW - Hydropartsholland","isPartOf":{"@id":"https:\/\/hydropartsholland.com\/#website"},"primaryImageOfPage":{"@id":"https:\/\/hydropartsholland.com\/de\/produkt\/hydraulic-dual-remote-valve-ford-600-700-800-2000-3000-4000-2610-2910-tractor\/#primaryimage"},"image":{"@id":"https:\/\/hydropartsholland.com\/de\/produkt\/hydraulic-dual-remote-valve-ford-600-700-800-2000-3000-4000-2610-2910-tractor\/#primaryimage"},"thumbnailUrl":"https:\/\/hydropartsholland.com\/wp-content\/uploads\/2022\/07\/DSCF6759-scaled.jpg","datePublished":"2022-07-28T08:56:21+00:00","dateModified":"2025-08-02T17:00:30+00:00","description":"Steuerger\u00e4t mit Hebeln f\u00fcr hinder dem Schlepper. Doppelspule. Einfach- und doppeltwirkend mit Schl\u00e4uchen. Weibliche Kupplungen.","breadcrumb":{"@id":"https:\/\/hydropartsholland.com\/de\/produkt\/hydraulic-dual-remote-valve-ford-600-700-800-2000-3000-4000-2610-2910-tractor\/#breadcrumb"},"inLanguage":"de","potentialAction":[{"@type":"ReadAction","target":["https:\/\/hydropartsholland.com\/de\/produkt\/hydraulic-dual-remote-valve-ford-600-700-800-2000-3000-4000-2610-2910-tractor\/"]}]},{"@type":"ImageObject","inLanguage":"de","@id":"https:\/\/hydropartsholland.com\/de\/produkt\/hydraulic-dual-remote-valve-ford-600-700-800-2000-3000-4000-2610-2910-tractor\/#primaryimage","url":"https:\/\/hydropartsholland.com\/wp-content\/uploads\/2022\/07\/DSCF6759-scaled.jpg","contentUrl":"https:\/\/hydropartsholland.com\/wp-content\/uploads\/2022\/07\/DSCF6759-scaled.jpg","width":2560,"height":1920},{"@type":"BreadcrumbList","@id":"https:\/\/hydropartsholland.com\/de\/produkt\/hydraulic-dual-remote-valve-ford-600-700-800-2000-3000-4000-2610-2910-tractor\/#breadcrumb","itemListElement":[{"@type":"ListItem","position":1,"name":"Home","item":"https:\/\/hydropartsholland.com\/"},{"@type":"ListItem","position":2,"name":"Gesch\u00e4ft","item":"https:\/\/hydropartsholland.com\/de\/shop-3\/"},{"@type":"ListItem","position":3,"name":"Steuerger\u00e4t f\u00fcr Ford 2000 3000 2600 3910 4600 Schlepper 2X DW"}]},{"@type":"WebSite","@id":"https:\/\/hydropartsholland.com\/#website","url":"https:\/\/hydropartsholland.com\/","name":"Hydropartsholland","description":"","publisher":{"@id":"https:\/\/hydropartsholland.com\/#organization"},"potentialAction":[{"@type":"SearchAction","target":{"@type":"EntryPoint","urlTemplate":"https:\/\/hydropartsholland.com\/?s={search_term_string}"},"query-input":"required name=search_term_string"}],"inLanguage":"de"},{"@type":"Organization","@id":"https:\/\/hydropartsholland.com\/#organization","name":"Spare Parts Holland","url":"https:\/\/hydropartsholland.com\/","logo":{"@type":"ImageObject","inLanguage":"de","@id":"https:\/\/hydropartsholland.com\/#\/schema\/logo\/image\/","url":"https:\/\/hydropartsholland.com\/wp-content\/uploads\/2022\/06\/spareparts-1.png","contentUrl":"https:\/\/hydropartsholland.com\/wp-content\/uploads\/2022\/06\/spareparts-1.png","width":824,"height":685,"caption":"Spare Parts Holland"},"image":{"@id":"https:\/\/hydropartsholland.com\/#\/schema\/logo\/image\/"}}]}},"_links":{"self":[{"href":"https:\/\/hydropartsholland.com\/de\/wp-json\/wp\/v2\/product\/6390","targetHints":{"allow":["GET"]}}],"collection":[{"href":"https:\/\/hydropartsholland.com\/de\/wp-json\/wp\/v2\/product"}],"about":[{"href":"https:\/\/hydropartsholland.com\/de\/wp-json\/wp\/v2\/types\/product"}],"replies":[{"embeddable":true,"href":"https:\/\/hydropartsholland.com\/de\/wp-json\/wp\/v2\/comments?post=6390"}],"wp:featuredmedia":[{"embeddable":true,"href":"https:\/\/hydropartsholland.com\/de\/wp-json\/wp\/v2\/media\/29255"}],"wp:attachment":[{"href":"https:\/\/hydropartsholland.com\/de\/wp-json\/wp\/v2\/media?parent=6390"}],"wp:term":[{"taxonomy":"product_cat","embeddable":true,"href":"https:\/\/hydropartsholland.com\/de\/wp-json\/wp\/v2\/product_cat?post=6390"},{"taxonomy":"product_tag","embeddable":true,"href":"https:\/\/hydropartsholland.com\/de\/wp-json\/wp\/v2\/product_tag?post=6390"}],"curies":[{"name":"wp","href":"https:\/\/api.w.org\/{rel}","templated":true}]}}