{"id":6333,"date":"2022-07-28T09:56:26","date_gmt":"2022-07-28T08:56:26","guid":{"rendered":"https:\/\/hydropartsholland.com\/product\/single-hydraulic-remote-kit-massey-ferguson-35-50-65-135-150-2\/"},"modified":"2025-03-11T12:34:18","modified_gmt":"2025-03-11T11:34:18","slug":"single-hydraulic-remote-kit-massey-ferguson-35-50-65-135-150-2","status":"publish","type":"product","link":"https:\/\/hydropartsholland.com\/de\/produkt\/single-hydraulic-remote-kit-massey-ferguson-35-50-65-135-150-2\/","title":{"rendered":"Steuerger\u00e4t f\u00fcr Massey Ferguson 35 50 65 135 150 Schlepper 1x DW"},"content":{"rendered":"<p>Hinteres hydraulisches Steuerger\u00e4t (1x DW) f\u00fcr Massey Ferguson Schleppers.<\/p>\n<p>Inklusive:<\/p>\n<ul>\n<li>Schl\u00e4uche<\/li>\n<li>Schnellkupplungen<\/li>\n<li>Halterung<\/li>\n<\/ul>\n<p><span class=\"a-list-item\">Geeignet f\u00fcr Massey Ferguson Schlepper Modelle: <\/span><\/p>\n<p><span class=\"a-list-item\">135, 150, 165, 175, 180, 230, 231, 235, 240, 245, 25, 250, 253, 255, 265, 270, 275, 282, 283, 290, 35, 35 UK, 360, 362, 375, 383, 390, 398, 399, 50, 65, 85<\/span><\/p>\n<p><strong><span class=\"a-list-item\">Dieses Set ist nicht f\u00fcr 1986 MF240 Traktor Modelle geeignet, au\u00dfer Sie passen die Handbremse an.<\/span><\/strong><\/p>\n","protected":false},"excerpt":{"rendered":"<p>Inklusive:<\/p>\n<ul>\n<li>Schl\u00e4uche<\/li>\n<li>Schnellkupplungen<\/li>\n<li>Halterung<\/li>\n<\/ul>\n","protected":false},"featured_media":29140,"comment_status":"open","ping_status":"closed","template":"","meta":{"inline_featured_image":false},"product_cat":[668,637],"product_tag":[],"class_list":{"0":"post-6333","1":"product","2":"type-product","3":"status-publish","4":"has-post-thumbnail","6":"product_cat-steuergerate-hydraulikventile","7":"product_cat-massey-ferguson-de","9":"first","10":"instock","11":"taxable","12":"shipping-taxable","13":"purchasable","14":"product-type-simple"},"yoast_head":"<!-- This site is optimized with the Yoast SEO plugin v23.3 - https:\/\/yoast.com\/wordpress\/plugins\/seo\/ -->\n<title>Steuerger\u00e4t f\u00fcr Massey Ferguson 35 50 65 135 150 Schlepper 1x DW - Hydropartsholland<\/title>\n<meta name=\"description\" content=\"Hinteres hydraulisches Steuerger\u00e4t (1 x DW) f\u00fcr Massey Ferguson Schleppers. Inklusive: Schl\u00e4uche, Schnellkupplungen und Halterung.\" \/>\n<meta name=\"robots\" content=\"index, follow, max-snippet:-1, max-image-preview:large, max-video-preview:-1\" \/>\n<link rel=\"canonical\" href=\"https:\/\/hydropartsholland.com\/de\/produkt\/single-hydraulic-remote-kit-massey-ferguson-35-50-65-135-150-2\/\" \/>\n<meta property=\"og:locale\" content=\"de_DE\" \/>\n<meta property=\"og:type\" content=\"article\" \/>\n<meta property=\"og:title\" content=\"Steuerger\u00e4t f\u00fcr Massey Ferguson 35 50 65 135 150 Schlepper 1x DW - Hydropartsholland\" \/>\n<meta property=\"og:description\" content=\"Hinteres hydraulisches Steuerger\u00e4t (1 x DW) f\u00fcr Massey Ferguson Schleppers. Inklusive: Schl\u00e4uche, Schnellkupplungen und Halterung.\" \/>\n<meta property=\"og:url\" content=\"https:\/\/hydropartsholland.com\/de\/produkt\/single-hydraulic-remote-kit-massey-ferguson-35-50-65-135-150-2\/\" \/>\n<meta property=\"og:site_name\" content=\"Hydropartsholland\" \/>\n<meta property=\"article:modified_time\" content=\"2025-03-11T11:34:18+00:00\" \/>\n<meta property=\"og:image\" content=\"https:\/\/hydropartsholland.com\/wp-content\/uploads\/2022\/07\/mf2.jpg\" \/>\n\t<meta property=\"og:image:width\" content=\"2047\" \/>\n\t<meta property=\"og:image:height\" content=\"1547\" \/>\n\t<meta property=\"og:image:type\" content=\"image\/jpeg\" \/>\n<meta name=\"twitter:card\" content=\"summary_large_image\" \/>\n<meta name=\"twitter:label1\" content=\"Gesch\u00e4tzte Lesezeit\" \/>\n\t<meta name=\"twitter:data1\" content=\"1\u00a0Minute\" \/>\n<script type=\"application\/ld+json\" class=\"yoast-schema-graph\">{\"@context\":\"https:\/\/schema.org\",\"@graph\":[{\"@type\":\"WebPage\",\"@id\":\"https:\/\/hydropartsholland.com\/de\/produkt\/single-hydraulic-remote-kit-massey-ferguson-35-50-65-135-150-2\/\",\"url\":\"https:\/\/hydropartsholland.com\/de\/produkt\/single-hydraulic-remote-kit-massey-ferguson-35-50-65-135-150-2\/\",\"name\":\"Steuerger\u00e4t f\u00fcr Massey Ferguson 35 50 65 135 150 Schlepper 1x DW - Hydropartsholland\",\"isPartOf\":{\"@id\":\"https:\/\/hydropartsholland.com\/#website\"},\"primaryImageOfPage\":{\"@id\":\"https:\/\/hydropartsholland.com\/de\/produkt\/single-hydraulic-remote-kit-massey-ferguson-35-50-65-135-150-2\/#primaryimage\"},\"image\":{\"@id\":\"https:\/\/hydropartsholland.com\/de\/produkt\/single-hydraulic-remote-kit-massey-ferguson-35-50-65-135-150-2\/#primaryimage\"},\"thumbnailUrl\":\"https:\/\/hydropartsholland.com\/wp-content\/uploads\/2022\/07\/mf2.jpg\",\"datePublished\":\"2022-07-28T08:56:26+00:00\",\"dateModified\":\"2025-03-11T11:34:18+00:00\",\"description\":\"Hinteres hydraulisches Steuerger\u00e4t (1 x DW) f\u00fcr Massey Ferguson Schleppers. Inklusive: Schl\u00e4uche, Schnellkupplungen und Halterung.\",\"breadcrumb\":{\"@id\":\"https:\/\/hydropartsholland.com\/de\/produkt\/single-hydraulic-remote-kit-massey-ferguson-35-50-65-135-150-2\/#breadcrumb\"},\"inLanguage\":\"de\",\"potentialAction\":[{\"@type\":\"ReadAction\",\"target\":[\"https:\/\/hydropartsholland.com\/de\/produkt\/single-hydraulic-remote-kit-massey-ferguson-35-50-65-135-150-2\/\"]}]},{\"@type\":\"ImageObject\",\"inLanguage\":\"de\",\"@id\":\"https:\/\/hydropartsholland.com\/de\/produkt\/single-hydraulic-remote-kit-massey-ferguson-35-50-65-135-150-2\/#primaryimage\",\"url\":\"https:\/\/hydropartsholland.com\/wp-content\/uploads\/2022\/07\/mf2.jpg\",\"contentUrl\":\"https:\/\/hydropartsholland.com\/wp-content\/uploads\/2022\/07\/mf2.jpg\",\"width\":2047,\"height\":1547},{\"@type\":\"BreadcrumbList\",\"@id\":\"https:\/\/hydropartsholland.com\/de\/produkt\/single-hydraulic-remote-kit-massey-ferguson-35-50-65-135-150-2\/#breadcrumb\",\"itemListElement\":[{\"@type\":\"ListItem\",\"position\":1,\"name\":\"Home\",\"item\":\"https:\/\/hydropartsholland.com\/\"},{\"@type\":\"ListItem\",\"position\":2,\"name\":\"Gesch\u00e4ft\",\"item\":\"https:\/\/hydropartsholland.com\/de\/shop-3\/\"},{\"@type\":\"ListItem\",\"position\":3,\"name\":\"Steuerger\u00e4t f\u00fcr Massey Ferguson 35 50 65 135 150 Schlepper 1x DW\"}]},{\"@type\":\"WebSite\",\"@id\":\"https:\/\/hydropartsholland.com\/#website\",\"url\":\"https:\/\/hydropartsholland.com\/\",\"name\":\"Hydropartsholland\",\"description\":\"\",\"publisher\":{\"@id\":\"https:\/\/hydropartsholland.com\/#organization\"},\"potentialAction\":[{\"@type\":\"SearchAction\",\"target\":{\"@type\":\"EntryPoint\",\"urlTemplate\":\"https:\/\/hydropartsholland.com\/?s={search_term_string}\"},\"query-input\":\"required name=search_term_string\"}],\"inLanguage\":\"de\"},{\"@type\":\"Organization\",\"@id\":\"https:\/\/hydropartsholland.com\/#organization\",\"name\":\"Spare Parts Holland\",\"url\":\"https:\/\/hydropartsholland.com\/\",\"logo\":{\"@type\":\"ImageObject\",\"inLanguage\":\"de\",\"@id\":\"https:\/\/hydropartsholland.com\/#\/schema\/logo\/image\/\",\"url\":\"https:\/\/hydropartsholland.com\/wp-content\/uploads\/2022\/06\/spareparts-1.png\",\"contentUrl\":\"https:\/\/hydropartsholland.com\/wp-content\/uploads\/2022\/06\/spareparts-1.png\",\"width\":824,\"height\":685,\"caption\":\"Spare Parts Holland\"},\"image\":{\"@id\":\"https:\/\/hydropartsholland.com\/#\/schema\/logo\/image\/\"}}]}<\/script>\n<!-- \/ Yoast SEO plugin. -->","yoast_head_json":{"title":"Steuerger\u00e4t f\u00fcr Massey Ferguson 35 50 65 135 150 Schlepper 1x DW - Hydropartsholland","description":"Hinteres hydraulisches Steuerger\u00e4t (1 x DW) f\u00fcr Massey Ferguson Schleppers. Inklusive: Schl\u00e4uche, Schnellkupplungen und Halterung.","robots":{"index":"index","follow":"follow","max-snippet":"max-snippet:-1","max-image-preview":"max-image-preview:large","max-video-preview":"max-video-preview:-1"},"canonical":"https:\/\/hydropartsholland.com\/de\/produkt\/single-hydraulic-remote-kit-massey-ferguson-35-50-65-135-150-2\/","og_locale":"de_DE","og_type":"article","og_title":"Steuerger\u00e4t f\u00fcr Massey Ferguson 35 50 65 135 150 Schlepper 1x DW - Hydropartsholland","og_description":"Hinteres hydraulisches Steuerger\u00e4t (1 x DW) f\u00fcr Massey Ferguson Schleppers. Inklusive: Schl\u00e4uche, Schnellkupplungen und Halterung.","og_url":"https:\/\/hydropartsholland.com\/de\/produkt\/single-hydraulic-remote-kit-massey-ferguson-35-50-65-135-150-2\/","og_site_name":"Hydropartsholland","article_modified_time":"2025-03-11T11:34:18+00:00","og_image":[{"width":2047,"height":1547,"url":"https:\/\/hydropartsholland.com\/wp-content\/uploads\/2022\/07\/mf2.jpg","type":"image\/jpeg"}],"twitter_card":"summary_large_image","twitter_misc":{"Gesch\u00e4tzte Lesezeit":"1\u00a0Minute"},"schema":{"@context":"https:\/\/schema.org","@graph":[{"@type":"WebPage","@id":"https:\/\/hydropartsholland.com\/de\/produkt\/single-hydraulic-remote-kit-massey-ferguson-35-50-65-135-150-2\/","url":"https:\/\/hydropartsholland.com\/de\/produkt\/single-hydraulic-remote-kit-massey-ferguson-35-50-65-135-150-2\/","name":"Steuerger\u00e4t f\u00fcr Massey Ferguson 35 50 65 135 150 Schlepper 1x DW - Hydropartsholland","isPartOf":{"@id":"https:\/\/hydropartsholland.com\/#website"},"primaryImageOfPage":{"@id":"https:\/\/hydropartsholland.com\/de\/produkt\/single-hydraulic-remote-kit-massey-ferguson-35-50-65-135-150-2\/#primaryimage"},"image":{"@id":"https:\/\/hydropartsholland.com\/de\/produkt\/single-hydraulic-remote-kit-massey-ferguson-35-50-65-135-150-2\/#primaryimage"},"thumbnailUrl":"https:\/\/hydropartsholland.com\/wp-content\/uploads\/2022\/07\/mf2.jpg","datePublished":"2022-07-28T08:56:26+00:00","dateModified":"2025-03-11T11:34:18+00:00","description":"Hinteres hydraulisches Steuerger\u00e4t (1 x DW) f\u00fcr Massey Ferguson Schleppers. Inklusive: Schl\u00e4uche, Schnellkupplungen und Halterung.","breadcrumb":{"@id":"https:\/\/hydropartsholland.com\/de\/produkt\/single-hydraulic-remote-kit-massey-ferguson-35-50-65-135-150-2\/#breadcrumb"},"inLanguage":"de","potentialAction":[{"@type":"ReadAction","target":["https:\/\/hydropartsholland.com\/de\/produkt\/single-hydraulic-remote-kit-massey-ferguson-35-50-65-135-150-2\/"]}]},{"@type":"ImageObject","inLanguage":"de","@id":"https:\/\/hydropartsholland.com\/de\/produkt\/single-hydraulic-remote-kit-massey-ferguson-35-50-65-135-150-2\/#primaryimage","url":"https:\/\/hydropartsholland.com\/wp-content\/uploads\/2022\/07\/mf2.jpg","contentUrl":"https:\/\/hydropartsholland.com\/wp-content\/uploads\/2022\/07\/mf2.jpg","width":2047,"height":1547},{"@type":"BreadcrumbList","@id":"https:\/\/hydropartsholland.com\/de\/produkt\/single-hydraulic-remote-kit-massey-ferguson-35-50-65-135-150-2\/#breadcrumb","itemListElement":[{"@type":"ListItem","position":1,"name":"Home","item":"https:\/\/hydropartsholland.com\/"},{"@type":"ListItem","position":2,"name":"Gesch\u00e4ft","item":"https:\/\/hydropartsholland.com\/de\/shop-3\/"},{"@type":"ListItem","position":3,"name":"Steuerger\u00e4t f\u00fcr Massey Ferguson 35 50 65 135 150 Schlepper 1x DW"}]},{"@type":"WebSite","@id":"https:\/\/hydropartsholland.com\/#website","url":"https:\/\/hydropartsholland.com\/","name":"Hydropartsholland","description":"","publisher":{"@id":"https:\/\/hydropartsholland.com\/#organization"},"potentialAction":[{"@type":"SearchAction","target":{"@type":"EntryPoint","urlTemplate":"https:\/\/hydropartsholland.com\/?s={search_term_string}"},"query-input":"required name=search_term_string"}],"inLanguage":"de"},{"@type":"Organization","@id":"https:\/\/hydropartsholland.com\/#organization","name":"Spare Parts Holland","url":"https:\/\/hydropartsholland.com\/","logo":{"@type":"ImageObject","inLanguage":"de","@id":"https:\/\/hydropartsholland.com\/#\/schema\/logo\/image\/","url":"https:\/\/hydropartsholland.com\/wp-content\/uploads\/2022\/06\/spareparts-1.png","contentUrl":"https:\/\/hydropartsholland.com\/wp-content\/uploads\/2022\/06\/spareparts-1.png","width":824,"height":685,"caption":"Spare Parts Holland"},"image":{"@id":"https:\/\/hydropartsholland.com\/#\/schema\/logo\/image\/"}}]}},"_links":{"self":[{"href":"https:\/\/hydropartsholland.com\/de\/wp-json\/wp\/v2\/product\/6333","targetHints":{"allow":["GET"]}}],"collection":[{"href":"https:\/\/hydropartsholland.com\/de\/wp-json\/wp\/v2\/product"}],"about":[{"href":"https:\/\/hydropartsholland.com\/de\/wp-json\/wp\/v2\/types\/product"}],"replies":[{"embeddable":true,"href":"https:\/\/hydropartsholland.com\/de\/wp-json\/wp\/v2\/comments?post=6333"}],"wp:featuredmedia":[{"embeddable":true,"href":"https:\/\/hydropartsholland.com\/de\/wp-json\/wp\/v2\/media\/29140"}],"wp:attachment":[{"href":"https:\/\/hydropartsholland.com\/de\/wp-json\/wp\/v2\/media?parent=6333"}],"wp:term":[{"taxonomy":"product_cat","embeddable":true,"href":"https:\/\/hydropartsholland.com\/de\/wp-json\/wp\/v2\/product_cat?post=6333"},{"taxonomy":"product_tag","embeddable":true,"href":"https:\/\/hydropartsholland.com\/de\/wp-json\/wp\/v2\/product_tag?post=6333"}],"curies":[{"name":"wp","href":"https:\/\/api.w.org\/{rel}","templated":true}]}}