{"id":6313,"date":"2022-07-28T09:56:28","date_gmt":"2022-07-28T08:56:28","guid":{"rendered":"https:\/\/hydropartsholland.com\/product\/rear-hydraulic-remote-kit-massey-ferguson-mf-hydraulic-lift-control\/"},"modified":"2025-03-11T12:59:04","modified_gmt":"2025-03-11T11:59:04","slug":"rear-hydraulic-remote-kit-massey-ferguson-mf-hydraulic-lift-control","status":"publish","type":"product","link":"https:\/\/hydropartsholland.com\/de\/produkt\/rear-hydraulic-remote-kit-massey-ferguson-mf-hydraulic-lift-control\/","title":{"rendered":"Steuerger\u00e4t f\u00fcr Massey Ferguson 35 50 65 135 150 Schlepper 3x DW"},"content":{"rendered":"<p>Hinteres hydraulisches Steuerger\u00e4t f\u00fcr Massey Ferguson Schleppers, dreifache Spule.<\/p>\n<p>Inklusive:<\/p>\n<ul>\n<li>Schl\u00e4uche<\/li>\n<li>Schnellkupplungen<\/li>\n<li>Halterung<\/li>\n<\/ul>\n<p>Steuerger\u00e4t Passend f\u00fcr Massey Ferguson Modelle:<\/p>\n<p>MASSEY FERGUSON TRAKTOR<\/p>\n<p>135, 150, 165, 175, 180, 230, 231, 235, 240, 245, 25, 250, 253, 255, 265, 270, 275, 282, 283, 290, 35, 35 Gro\u00dfbritannien, 360, 362, 375 , 383, 390, 398, 399, 50, 65, 85<\/p>\n<p>MASSEY FERGUSON INDUSTRIE \/ BAU<\/p>\n<p>20, 202, 203, 204, 205, 20C, 20D, 20F, 2135, 30, 302, 304, 30B, 30D, 30E, 31, 40, 40B, 40E, 50C, 50D, 50E<\/p>\n<p>FERGUSON<\/p>\n<p>TO35, 40, Ag &amp; Ind 40, 50<\/p>\n<p>Massey Harris 50<\/p>\n<p><strong>Das hintere Steuerger\u00e4t passt nicht b\u00fcndig auf die 1986er MF240-Traktormodelle &#8211; wenn Sie bereit sind, Ihre Handbremse zu modifizieren, k\u00f6nnen Sie sie m\u00f6glicherweise anpassen lassen.<\/strong><\/p>\n","protected":false},"excerpt":{"rendered":"<p>Inklusive:<\/p>\n<ul>\n<li>Schl\u00e4uche<\/li>\n<li>Schnellkupplungen<\/li>\n<li>Halterung<\/li>\n<\/ul>\n","protected":false},"featured_media":29125,"comment_status":"open","ping_status":"closed","template":"","meta":{"inline_featured_image":false},"product_cat":[668,637],"product_tag":[],"class_list":{"0":"post-6313","1":"product","2":"type-product","3":"status-publish","4":"has-post-thumbnail","6":"product_cat-steuergerate-hydraulikventile","7":"product_cat-massey-ferguson-de","9":"first","10":"instock","11":"taxable","12":"shipping-taxable","13":"purchasable","14":"product-type-simple"},"yoast_head":"<!-- This site is optimized with the Yoast SEO plugin v23.3 - https:\/\/yoast.com\/wordpress\/plugins\/seo\/ -->\n<title>Steuerger\u00e4t f\u00fcr Massey Ferguson 35 50 65 135 150 Schlepper 3x DW - Hydropartsholland<\/title>\n<meta name=\"description\" content=\"Hinteres hydraulisches Steuerger\u00e4t f\u00fcr Massey Ferguson Schleppers. Inklusive: Schl\u00e4uche, Schnellkupplungen und Halterung.\" \/>\n<meta name=\"robots\" content=\"index, follow, max-snippet:-1, max-image-preview:large, max-video-preview:-1\" \/>\n<link rel=\"canonical\" href=\"https:\/\/hydropartsholland.com\/de\/produkt\/rear-hydraulic-remote-kit-massey-ferguson-mf-hydraulic-lift-control\/\" \/>\n<meta property=\"og:locale\" content=\"de_DE\" \/>\n<meta property=\"og:type\" content=\"article\" \/>\n<meta property=\"og:title\" content=\"Steuerger\u00e4t f\u00fcr Massey Ferguson 35 50 65 135 150 Schlepper 3x DW - Hydropartsholland\" \/>\n<meta property=\"og:description\" content=\"Hinteres hydraulisches Steuerger\u00e4t f\u00fcr Massey Ferguson Schleppers. Inklusive: Schl\u00e4uche, Schnellkupplungen und Halterung.\" \/>\n<meta property=\"og:url\" content=\"https:\/\/hydropartsholland.com\/de\/produkt\/rear-hydraulic-remote-kit-massey-ferguson-mf-hydraulic-lift-control\/\" \/>\n<meta property=\"og:site_name\" content=\"Hydropartsholland\" \/>\n<meta property=\"article:modified_time\" content=\"2025-03-11T11:59:04+00:00\" \/>\n<meta property=\"og:image\" content=\"https:\/\/hydropartsholland.com\/wp-content\/uploads\/2022\/07\/81539519_857405461381717_3318670699328962560_o-1.jpg\" \/>\n\t<meta property=\"og:image:width\" content=\"2047\" \/>\n\t<meta property=\"og:image:height\" content=\"1182\" \/>\n\t<meta property=\"og:image:type\" content=\"image\/jpeg\" \/>\n<meta name=\"twitter:card\" content=\"summary_large_image\" \/>\n<meta name=\"twitter:label1\" content=\"Gesch\u00e4tzte Lesezeit\" \/>\n\t<meta name=\"twitter:data1\" content=\"1\u00a0Minute\" \/>\n<script type=\"application\/ld+json\" class=\"yoast-schema-graph\">{\"@context\":\"https:\/\/schema.org\",\"@graph\":[{\"@type\":\"WebPage\",\"@id\":\"https:\/\/hydropartsholland.com\/de\/produkt\/rear-hydraulic-remote-kit-massey-ferguson-mf-hydraulic-lift-control\/\",\"url\":\"https:\/\/hydropartsholland.com\/de\/produkt\/rear-hydraulic-remote-kit-massey-ferguson-mf-hydraulic-lift-control\/\",\"name\":\"Steuerger\u00e4t f\u00fcr Massey Ferguson 35 50 65 135 150 Schlepper 3x DW - Hydropartsholland\",\"isPartOf\":{\"@id\":\"https:\/\/hydropartsholland.com\/#website\"},\"primaryImageOfPage\":{\"@id\":\"https:\/\/hydropartsholland.com\/de\/produkt\/rear-hydraulic-remote-kit-massey-ferguson-mf-hydraulic-lift-control\/#primaryimage\"},\"image\":{\"@id\":\"https:\/\/hydropartsholland.com\/de\/produkt\/rear-hydraulic-remote-kit-massey-ferguson-mf-hydraulic-lift-control\/#primaryimage\"},\"thumbnailUrl\":\"https:\/\/hydropartsholland.com\/wp-content\/uploads\/2022\/07\/81539519_857405461381717_3318670699328962560_o-1.jpg\",\"datePublished\":\"2022-07-28T08:56:28+00:00\",\"dateModified\":\"2025-03-11T11:59:04+00:00\",\"description\":\"Hinteres hydraulisches Steuerger\u00e4t f\u00fcr Massey Ferguson Schleppers. Inklusive: Schl\u00e4uche, Schnellkupplungen und Halterung.\",\"breadcrumb\":{\"@id\":\"https:\/\/hydropartsholland.com\/de\/produkt\/rear-hydraulic-remote-kit-massey-ferguson-mf-hydraulic-lift-control\/#breadcrumb\"},\"inLanguage\":\"de\",\"potentialAction\":[{\"@type\":\"ReadAction\",\"target\":[\"https:\/\/hydropartsholland.com\/de\/produkt\/rear-hydraulic-remote-kit-massey-ferguson-mf-hydraulic-lift-control\/\"]}]},{\"@type\":\"ImageObject\",\"inLanguage\":\"de\",\"@id\":\"https:\/\/hydropartsholland.com\/de\/produkt\/rear-hydraulic-remote-kit-massey-ferguson-mf-hydraulic-lift-control\/#primaryimage\",\"url\":\"https:\/\/hydropartsholland.com\/wp-content\/uploads\/2022\/07\/81539519_857405461381717_3318670699328962560_o-1.jpg\",\"contentUrl\":\"https:\/\/hydropartsholland.com\/wp-content\/uploads\/2022\/07\/81539519_857405461381717_3318670699328962560_o-1.jpg\",\"width\":2047,\"height\":1182},{\"@type\":\"BreadcrumbList\",\"@id\":\"https:\/\/hydropartsholland.com\/de\/produkt\/rear-hydraulic-remote-kit-massey-ferguson-mf-hydraulic-lift-control\/#breadcrumb\",\"itemListElement\":[{\"@type\":\"ListItem\",\"position\":1,\"name\":\"Home\",\"item\":\"https:\/\/hydropartsholland.com\/\"},{\"@type\":\"ListItem\",\"position\":2,\"name\":\"Gesch\u00e4ft\",\"item\":\"https:\/\/hydropartsholland.com\/de\/shop-3\/\"},{\"@type\":\"ListItem\",\"position\":3,\"name\":\"Steuerger\u00e4t f\u00fcr Massey Ferguson 35 50 65 135 150 Schlepper 3x DW\"}]},{\"@type\":\"WebSite\",\"@id\":\"https:\/\/hydropartsholland.com\/#website\",\"url\":\"https:\/\/hydropartsholland.com\/\",\"name\":\"Hydropartsholland\",\"description\":\"\",\"publisher\":{\"@id\":\"https:\/\/hydropartsholland.com\/#organization\"},\"potentialAction\":[{\"@type\":\"SearchAction\",\"target\":{\"@type\":\"EntryPoint\",\"urlTemplate\":\"https:\/\/hydropartsholland.com\/?s={search_term_string}\"},\"query-input\":\"required name=search_term_string\"}],\"inLanguage\":\"de\"},{\"@type\":\"Organization\",\"@id\":\"https:\/\/hydropartsholland.com\/#organization\",\"name\":\"Spare Parts Holland\",\"url\":\"https:\/\/hydropartsholland.com\/\",\"logo\":{\"@type\":\"ImageObject\",\"inLanguage\":\"de\",\"@id\":\"https:\/\/hydropartsholland.com\/#\/schema\/logo\/image\/\",\"url\":\"https:\/\/hydropartsholland.com\/wp-content\/uploads\/2022\/06\/spareparts-1.png\",\"contentUrl\":\"https:\/\/hydropartsholland.com\/wp-content\/uploads\/2022\/06\/spareparts-1.png\",\"width\":824,\"height\":685,\"caption\":\"Spare Parts Holland\"},\"image\":{\"@id\":\"https:\/\/hydropartsholland.com\/#\/schema\/logo\/image\/\"}}]}<\/script>\n<!-- \/ Yoast SEO plugin. -->","yoast_head_json":{"title":"Steuerger\u00e4t f\u00fcr Massey Ferguson 35 50 65 135 150 Schlepper 3x DW - Hydropartsholland","description":"Hinteres hydraulisches Steuerger\u00e4t f\u00fcr Massey Ferguson Schleppers. Inklusive: Schl\u00e4uche, Schnellkupplungen und Halterung.","robots":{"index":"index","follow":"follow","max-snippet":"max-snippet:-1","max-image-preview":"max-image-preview:large","max-video-preview":"max-video-preview:-1"},"canonical":"https:\/\/hydropartsholland.com\/de\/produkt\/rear-hydraulic-remote-kit-massey-ferguson-mf-hydraulic-lift-control\/","og_locale":"de_DE","og_type":"article","og_title":"Steuerger\u00e4t f\u00fcr Massey Ferguson 35 50 65 135 150 Schlepper 3x DW - Hydropartsholland","og_description":"Hinteres hydraulisches Steuerger\u00e4t f\u00fcr Massey Ferguson Schleppers. Inklusive: Schl\u00e4uche, Schnellkupplungen und Halterung.","og_url":"https:\/\/hydropartsholland.com\/de\/produkt\/rear-hydraulic-remote-kit-massey-ferguson-mf-hydraulic-lift-control\/","og_site_name":"Hydropartsholland","article_modified_time":"2025-03-11T11:59:04+00:00","og_image":[{"width":2047,"height":1182,"url":"https:\/\/hydropartsholland.com\/wp-content\/uploads\/2022\/07\/81539519_857405461381717_3318670699328962560_o-1.jpg","type":"image\/jpeg"}],"twitter_card":"summary_large_image","twitter_misc":{"Gesch\u00e4tzte Lesezeit":"1\u00a0Minute"},"schema":{"@context":"https:\/\/schema.org","@graph":[{"@type":"WebPage","@id":"https:\/\/hydropartsholland.com\/de\/produkt\/rear-hydraulic-remote-kit-massey-ferguson-mf-hydraulic-lift-control\/","url":"https:\/\/hydropartsholland.com\/de\/produkt\/rear-hydraulic-remote-kit-massey-ferguson-mf-hydraulic-lift-control\/","name":"Steuerger\u00e4t f\u00fcr Massey Ferguson 35 50 65 135 150 Schlepper 3x DW - Hydropartsholland","isPartOf":{"@id":"https:\/\/hydropartsholland.com\/#website"},"primaryImageOfPage":{"@id":"https:\/\/hydropartsholland.com\/de\/produkt\/rear-hydraulic-remote-kit-massey-ferguson-mf-hydraulic-lift-control\/#primaryimage"},"image":{"@id":"https:\/\/hydropartsholland.com\/de\/produkt\/rear-hydraulic-remote-kit-massey-ferguson-mf-hydraulic-lift-control\/#primaryimage"},"thumbnailUrl":"https:\/\/hydropartsholland.com\/wp-content\/uploads\/2022\/07\/81539519_857405461381717_3318670699328962560_o-1.jpg","datePublished":"2022-07-28T08:56:28+00:00","dateModified":"2025-03-11T11:59:04+00:00","description":"Hinteres hydraulisches Steuerger\u00e4t f\u00fcr Massey Ferguson Schleppers. Inklusive: Schl\u00e4uche, Schnellkupplungen und Halterung.","breadcrumb":{"@id":"https:\/\/hydropartsholland.com\/de\/produkt\/rear-hydraulic-remote-kit-massey-ferguson-mf-hydraulic-lift-control\/#breadcrumb"},"inLanguage":"de","potentialAction":[{"@type":"ReadAction","target":["https:\/\/hydropartsholland.com\/de\/produkt\/rear-hydraulic-remote-kit-massey-ferguson-mf-hydraulic-lift-control\/"]}]},{"@type":"ImageObject","inLanguage":"de","@id":"https:\/\/hydropartsholland.com\/de\/produkt\/rear-hydraulic-remote-kit-massey-ferguson-mf-hydraulic-lift-control\/#primaryimage","url":"https:\/\/hydropartsholland.com\/wp-content\/uploads\/2022\/07\/81539519_857405461381717_3318670699328962560_o-1.jpg","contentUrl":"https:\/\/hydropartsholland.com\/wp-content\/uploads\/2022\/07\/81539519_857405461381717_3318670699328962560_o-1.jpg","width":2047,"height":1182},{"@type":"BreadcrumbList","@id":"https:\/\/hydropartsholland.com\/de\/produkt\/rear-hydraulic-remote-kit-massey-ferguson-mf-hydraulic-lift-control\/#breadcrumb","itemListElement":[{"@type":"ListItem","position":1,"name":"Home","item":"https:\/\/hydropartsholland.com\/"},{"@type":"ListItem","position":2,"name":"Gesch\u00e4ft","item":"https:\/\/hydropartsholland.com\/de\/shop-3\/"},{"@type":"ListItem","position":3,"name":"Steuerger\u00e4t f\u00fcr Massey Ferguson 35 50 65 135 150 Schlepper 3x DW"}]},{"@type":"WebSite","@id":"https:\/\/hydropartsholland.com\/#website","url":"https:\/\/hydropartsholland.com\/","name":"Hydropartsholland","description":"","publisher":{"@id":"https:\/\/hydropartsholland.com\/#organization"},"potentialAction":[{"@type":"SearchAction","target":{"@type":"EntryPoint","urlTemplate":"https:\/\/hydropartsholland.com\/?s={search_term_string}"},"query-input":"required name=search_term_string"}],"inLanguage":"de"},{"@type":"Organization","@id":"https:\/\/hydropartsholland.com\/#organization","name":"Spare Parts Holland","url":"https:\/\/hydropartsholland.com\/","logo":{"@type":"ImageObject","inLanguage":"de","@id":"https:\/\/hydropartsholland.com\/#\/schema\/logo\/image\/","url":"https:\/\/hydropartsholland.com\/wp-content\/uploads\/2022\/06\/spareparts-1.png","contentUrl":"https:\/\/hydropartsholland.com\/wp-content\/uploads\/2022\/06\/spareparts-1.png","width":824,"height":685,"caption":"Spare Parts Holland"},"image":{"@id":"https:\/\/hydropartsholland.com\/#\/schema\/logo\/image\/"}}]}},"_links":{"self":[{"href":"https:\/\/hydropartsholland.com\/de\/wp-json\/wp\/v2\/product\/6313","targetHints":{"allow":["GET"]}}],"collection":[{"href":"https:\/\/hydropartsholland.com\/de\/wp-json\/wp\/v2\/product"}],"about":[{"href":"https:\/\/hydropartsholland.com\/de\/wp-json\/wp\/v2\/types\/product"}],"replies":[{"embeddable":true,"href":"https:\/\/hydropartsholland.com\/de\/wp-json\/wp\/v2\/comments?post=6313"}],"wp:featuredmedia":[{"embeddable":true,"href":"https:\/\/hydropartsholland.com\/de\/wp-json\/wp\/v2\/media\/29125"}],"wp:attachment":[{"href":"https:\/\/hydropartsholland.com\/de\/wp-json\/wp\/v2\/media?parent=6313"}],"wp:term":[{"taxonomy":"product_cat","embeddable":true,"href":"https:\/\/hydropartsholland.com\/de\/wp-json\/wp\/v2\/product_cat?post=6313"},{"taxonomy":"product_tag","embeddable":true,"href":"https:\/\/hydropartsholland.com\/de\/wp-json\/wp\/v2\/product_tag?post=6313"}],"curies":[{"name":"wp","href":"https:\/\/api.w.org\/{rel}","templated":true}]}}