{"id":6210,"date":"2022-07-28T10:02:08","date_gmt":"2022-07-28T09:02:08","guid":{"rendered":"https:\/\/hydropartsholland.com\/product\/tractor-pto-air-compressor-twin-cylinder-with-hose-pipe-field-on-site-pump-tyres\/"},"modified":"2025-03-11T12:31:58","modified_gmt":"2025-03-11T11:31:58","slug":"tractor-pto-air-compressor-twin-cylinder-with-hose-pipe-field-on-site-pump-tyres","status":"publish","type":"product","link":"https:\/\/hydropartsholland.com\/de\/produkt\/tractor-pto-air-compressor-twin-cylinder-with-hose-pipe-field-on-site-pump-tyres\/","title":{"rendered":"PTO2 Zapfwellenkompressor \/ Zapfwellendruckluftpumpe f\u00fcr Schlepper"},"content":{"rendered":"<p>Traktor-Zapfwellen-Luftkompressor-Doppelzylinder mit Schlauchleitung, Feld vor Ort, Pumpenreifen<\/p>\n<ul>\n<li>Spezifikationen \u2013 Handliches und tragbares Ger\u00e4t<\/li>\n<li>Vorteile \u2013 Einfache Montage am Traktor<\/li>\n<li>Anwendung \u2013 Entwickelt, um den Reifen eines Traktors schnell und effizient aufzupumpen<\/li>\n<li>Ideale L\u00f6sung f\u00fcr die Notluftversorgung<\/li>\n<li>Eigenschaften &#8211; Antrieb \u00fcber die Zapfwelle eines Traktors<\/li>\n<li>Konzipiert f\u00fcr die Aufbewahrung von Werkzeugk\u00e4sten<\/li>\n<li>Motordrehzahl (U\/min): 1500<\/li>\n<li>Zapfwellendrehzahl des Traktors (U\/min): 540<\/li>\n<\/ul>\n<p>Besteht aus:<\/p>\n<ul>\n<li>Kompressor mit Zapfwellenantrieb<\/li>\n<li>4,5 m Gummi-Luftschlauch<\/li>\n<li>Reifenventilanschluss<\/li>\n<li>Schnellspannstift zum Festhalten des Zapfwellenkompressors<br \/>\nZapfwelle<\/li>\n<\/ul>\n<p>&nbsp;<\/p>\n<ul>\n<li>160819<\/li>\n<li>Bohrungsma\u00dfe 55 mm<\/li>\n<li>Kapazit\u00e4t 90<\/li>\n<li>Umdrehungen pro Minute 1500 U\/min<\/li>\n<li>Betriebsdruck 8 BAR<\/li>\n<li>Hub 42 mm<\/li>\n<li>Zylinder Nummer 2<\/li>\n<li>Hubvolumen 90 l\/min<\/li>\n<li>Zapfwellendrehzahl 540 U\/min<\/li>\n<\/ul>\n","protected":false},"excerpt":{"rendered":"<ul>\n<li>Kompressor mit Zapfwellenantrieb<\/li>\n<li>4,5 m Gummi-Luftschlauch<\/li>\n<li>Reifenventilanschluss<\/li>\n<li>Schnellspannstift zum Festhalten des Zapfwellenkompressors<br \/>\nZapfwelle<\/li>\n<\/ul>\n","protected":false},"featured_media":29578,"comment_status":"open","ping_status":"closed","template":"","meta":{"inline_featured_image":false},"product_cat":[496],"product_tag":[],"class_list":{"0":"post-6210","1":"product","2":"type-product","3":"status-publish","4":"has-post-thumbnail","6":"product_cat-karosseriezubehor","8":"first","9":"instock","10":"taxable","11":"shipping-taxable","12":"purchasable","13":"product-type-simple"},"yoast_head":"<!-- This site is optimized with the Yoast SEO plugin v23.3 - https:\/\/yoast.com\/wordpress\/plugins\/seo\/ -->\n<title>PTO2 Zapfwellenkompressor \/ Zapfwellendruckluftpumpe f\u00fcr Schlepper - Hydropartsholland<\/title>\n<meta name=\"description\" content=\"Erstellt um schnell und effizient Schlepperreifen aufzupumpen- Ideale L\u00f6sung f\u00fcr Notf\u00e4lle. Angetrieben durch die Gelenkwelle des Schleppers.\" \/>\n<meta name=\"robots\" content=\"index, follow, max-snippet:-1, max-image-preview:large, max-video-preview:-1\" \/>\n<link rel=\"canonical\" href=\"https:\/\/hydropartsholland.com\/de\/produkt\/tractor-pto-air-compressor-twin-cylinder-with-hose-pipe-field-on-site-pump-tyres\/\" \/>\n<meta property=\"og:locale\" content=\"de_DE\" \/>\n<meta property=\"og:type\" content=\"article\" \/>\n<meta property=\"og:title\" content=\"PTO2 Zapfwellenkompressor \/ Zapfwellendruckluftpumpe f\u00fcr Schlepper - Hydropartsholland\" \/>\n<meta property=\"og:description\" content=\"Erstellt um schnell und effizient Schlepperreifen aufzupumpen- Ideale L\u00f6sung f\u00fcr Notf\u00e4lle. Angetrieben durch die Gelenkwelle des Schleppers.\" \/>\n<meta property=\"og:url\" content=\"https:\/\/hydropartsholland.com\/de\/produkt\/tractor-pto-air-compressor-twin-cylinder-with-hose-pipe-field-on-site-pump-tyres\/\" \/>\n<meta property=\"og:site_name\" content=\"Hydropartsholland\" \/>\n<meta property=\"article:modified_time\" content=\"2025-03-11T11:31:58+00:00\" \/>\n<meta property=\"og:image\" content=\"https:\/\/hydropartsholland.com\/wp-content\/uploads\/2022\/07\/1-31.jpg\" \/>\n\t<meta property=\"og:image:width\" content=\"800\" \/>\n\t<meta property=\"og:image:height\" content=\"489\" \/>\n\t<meta property=\"og:image:type\" content=\"image\/jpeg\" \/>\n<meta name=\"twitter:card\" content=\"summary_large_image\" \/>\n<meta name=\"twitter:label1\" content=\"Gesch\u00e4tzte Lesezeit\" \/>\n\t<meta name=\"twitter:data1\" content=\"1\u00a0Minute\" \/>\n<script type=\"application\/ld+json\" class=\"yoast-schema-graph\">{\"@context\":\"https:\/\/schema.org\",\"@graph\":[{\"@type\":\"WebPage\",\"@id\":\"https:\/\/hydropartsholland.com\/de\/produkt\/tractor-pto-air-compressor-twin-cylinder-with-hose-pipe-field-on-site-pump-tyres\/\",\"url\":\"https:\/\/hydropartsholland.com\/de\/produkt\/tractor-pto-air-compressor-twin-cylinder-with-hose-pipe-field-on-site-pump-tyres\/\",\"name\":\"PTO2 Zapfwellenkompressor \/ Zapfwellendruckluftpumpe f\u00fcr Schlepper - Hydropartsholland\",\"isPartOf\":{\"@id\":\"https:\/\/hydropartsholland.com\/#website\"},\"primaryImageOfPage\":{\"@id\":\"https:\/\/hydropartsholland.com\/de\/produkt\/tractor-pto-air-compressor-twin-cylinder-with-hose-pipe-field-on-site-pump-tyres\/#primaryimage\"},\"image\":{\"@id\":\"https:\/\/hydropartsholland.com\/de\/produkt\/tractor-pto-air-compressor-twin-cylinder-with-hose-pipe-field-on-site-pump-tyres\/#primaryimage\"},\"thumbnailUrl\":\"https:\/\/hydropartsholland.com\/wp-content\/uploads\/2022\/07\/1-31.jpg\",\"datePublished\":\"2022-07-28T09:02:08+00:00\",\"dateModified\":\"2025-03-11T11:31:58+00:00\",\"description\":\"Erstellt um schnell und effizient Schlepperreifen aufzupumpen- Ideale L\u00f6sung f\u00fcr Notf\u00e4lle. Angetrieben durch die Gelenkwelle des Schleppers.\",\"breadcrumb\":{\"@id\":\"https:\/\/hydropartsholland.com\/de\/produkt\/tractor-pto-air-compressor-twin-cylinder-with-hose-pipe-field-on-site-pump-tyres\/#breadcrumb\"},\"inLanguage\":\"de\",\"potentialAction\":[{\"@type\":\"ReadAction\",\"target\":[\"https:\/\/hydropartsholland.com\/de\/produkt\/tractor-pto-air-compressor-twin-cylinder-with-hose-pipe-field-on-site-pump-tyres\/\"]}]},{\"@type\":\"ImageObject\",\"inLanguage\":\"de\",\"@id\":\"https:\/\/hydropartsholland.com\/de\/produkt\/tractor-pto-air-compressor-twin-cylinder-with-hose-pipe-field-on-site-pump-tyres\/#primaryimage\",\"url\":\"https:\/\/hydropartsholland.com\/wp-content\/uploads\/2022\/07\/1-31.jpg\",\"contentUrl\":\"https:\/\/hydropartsholland.com\/wp-content\/uploads\/2022\/07\/1-31.jpg\",\"width\":800,\"height\":489},{\"@type\":\"BreadcrumbList\",\"@id\":\"https:\/\/hydropartsholland.com\/de\/produkt\/tractor-pto-air-compressor-twin-cylinder-with-hose-pipe-field-on-site-pump-tyres\/#breadcrumb\",\"itemListElement\":[{\"@type\":\"ListItem\",\"position\":1,\"name\":\"Home\",\"item\":\"https:\/\/hydropartsholland.com\/\"},{\"@type\":\"ListItem\",\"position\":2,\"name\":\"Gesch\u00e4ft\",\"item\":\"https:\/\/hydropartsholland.com\/de\/shop-3\/\"},{\"@type\":\"ListItem\",\"position\":3,\"name\":\"PTO2 Zapfwellenkompressor \/ Zapfwellendruckluftpumpe f\u00fcr Schlepper\"}]},{\"@type\":\"WebSite\",\"@id\":\"https:\/\/hydropartsholland.com\/#website\",\"url\":\"https:\/\/hydropartsholland.com\/\",\"name\":\"Hydropartsholland\",\"description\":\"\",\"publisher\":{\"@id\":\"https:\/\/hydropartsholland.com\/#organization\"},\"potentialAction\":[{\"@type\":\"SearchAction\",\"target\":{\"@type\":\"EntryPoint\",\"urlTemplate\":\"https:\/\/hydropartsholland.com\/?s={search_term_string}\"},\"query-input\":\"required name=search_term_string\"}],\"inLanguage\":\"de\"},{\"@type\":\"Organization\",\"@id\":\"https:\/\/hydropartsholland.com\/#organization\",\"name\":\"Spare Parts Holland\",\"url\":\"https:\/\/hydropartsholland.com\/\",\"logo\":{\"@type\":\"ImageObject\",\"inLanguage\":\"de\",\"@id\":\"https:\/\/hydropartsholland.com\/#\/schema\/logo\/image\/\",\"url\":\"https:\/\/hydropartsholland.com\/wp-content\/uploads\/2022\/06\/spareparts-1.png\",\"contentUrl\":\"https:\/\/hydropartsholland.com\/wp-content\/uploads\/2022\/06\/spareparts-1.png\",\"width\":824,\"height\":685,\"caption\":\"Spare Parts Holland\"},\"image\":{\"@id\":\"https:\/\/hydropartsholland.com\/#\/schema\/logo\/image\/\"}}]}<\/script>\n<!-- \/ Yoast SEO plugin. -->","yoast_head_json":{"title":"PTO2 Zapfwellenkompressor \/ Zapfwellendruckluftpumpe f\u00fcr Schlepper - Hydropartsholland","description":"Erstellt um schnell und effizient Schlepperreifen aufzupumpen- Ideale L\u00f6sung f\u00fcr Notf\u00e4lle. Angetrieben durch die Gelenkwelle des Schleppers.","robots":{"index":"index","follow":"follow","max-snippet":"max-snippet:-1","max-image-preview":"max-image-preview:large","max-video-preview":"max-video-preview:-1"},"canonical":"https:\/\/hydropartsholland.com\/de\/produkt\/tractor-pto-air-compressor-twin-cylinder-with-hose-pipe-field-on-site-pump-tyres\/","og_locale":"de_DE","og_type":"article","og_title":"PTO2 Zapfwellenkompressor \/ Zapfwellendruckluftpumpe f\u00fcr Schlepper - Hydropartsholland","og_description":"Erstellt um schnell und effizient Schlepperreifen aufzupumpen- Ideale L\u00f6sung f\u00fcr Notf\u00e4lle. Angetrieben durch die Gelenkwelle des Schleppers.","og_url":"https:\/\/hydropartsholland.com\/de\/produkt\/tractor-pto-air-compressor-twin-cylinder-with-hose-pipe-field-on-site-pump-tyres\/","og_site_name":"Hydropartsholland","article_modified_time":"2025-03-11T11:31:58+00:00","og_image":[{"width":800,"height":489,"url":"https:\/\/hydropartsholland.com\/wp-content\/uploads\/2022\/07\/1-31.jpg","type":"image\/jpeg"}],"twitter_card":"summary_large_image","twitter_misc":{"Gesch\u00e4tzte Lesezeit":"1\u00a0Minute"},"schema":{"@context":"https:\/\/schema.org","@graph":[{"@type":"WebPage","@id":"https:\/\/hydropartsholland.com\/de\/produkt\/tractor-pto-air-compressor-twin-cylinder-with-hose-pipe-field-on-site-pump-tyres\/","url":"https:\/\/hydropartsholland.com\/de\/produkt\/tractor-pto-air-compressor-twin-cylinder-with-hose-pipe-field-on-site-pump-tyres\/","name":"PTO2 Zapfwellenkompressor \/ Zapfwellendruckluftpumpe f\u00fcr Schlepper - Hydropartsholland","isPartOf":{"@id":"https:\/\/hydropartsholland.com\/#website"},"primaryImageOfPage":{"@id":"https:\/\/hydropartsholland.com\/de\/produkt\/tractor-pto-air-compressor-twin-cylinder-with-hose-pipe-field-on-site-pump-tyres\/#primaryimage"},"image":{"@id":"https:\/\/hydropartsholland.com\/de\/produkt\/tractor-pto-air-compressor-twin-cylinder-with-hose-pipe-field-on-site-pump-tyres\/#primaryimage"},"thumbnailUrl":"https:\/\/hydropartsholland.com\/wp-content\/uploads\/2022\/07\/1-31.jpg","datePublished":"2022-07-28T09:02:08+00:00","dateModified":"2025-03-11T11:31:58+00:00","description":"Erstellt um schnell und effizient Schlepperreifen aufzupumpen- Ideale L\u00f6sung f\u00fcr Notf\u00e4lle. Angetrieben durch die Gelenkwelle des Schleppers.","breadcrumb":{"@id":"https:\/\/hydropartsholland.com\/de\/produkt\/tractor-pto-air-compressor-twin-cylinder-with-hose-pipe-field-on-site-pump-tyres\/#breadcrumb"},"inLanguage":"de","potentialAction":[{"@type":"ReadAction","target":["https:\/\/hydropartsholland.com\/de\/produkt\/tractor-pto-air-compressor-twin-cylinder-with-hose-pipe-field-on-site-pump-tyres\/"]}]},{"@type":"ImageObject","inLanguage":"de","@id":"https:\/\/hydropartsholland.com\/de\/produkt\/tractor-pto-air-compressor-twin-cylinder-with-hose-pipe-field-on-site-pump-tyres\/#primaryimage","url":"https:\/\/hydropartsholland.com\/wp-content\/uploads\/2022\/07\/1-31.jpg","contentUrl":"https:\/\/hydropartsholland.com\/wp-content\/uploads\/2022\/07\/1-31.jpg","width":800,"height":489},{"@type":"BreadcrumbList","@id":"https:\/\/hydropartsholland.com\/de\/produkt\/tractor-pto-air-compressor-twin-cylinder-with-hose-pipe-field-on-site-pump-tyres\/#breadcrumb","itemListElement":[{"@type":"ListItem","position":1,"name":"Home","item":"https:\/\/hydropartsholland.com\/"},{"@type":"ListItem","position":2,"name":"Gesch\u00e4ft","item":"https:\/\/hydropartsholland.com\/de\/shop-3\/"},{"@type":"ListItem","position":3,"name":"PTO2 Zapfwellenkompressor \/ Zapfwellendruckluftpumpe f\u00fcr Schlepper"}]},{"@type":"WebSite","@id":"https:\/\/hydropartsholland.com\/#website","url":"https:\/\/hydropartsholland.com\/","name":"Hydropartsholland","description":"","publisher":{"@id":"https:\/\/hydropartsholland.com\/#organization"},"potentialAction":[{"@type":"SearchAction","target":{"@type":"EntryPoint","urlTemplate":"https:\/\/hydropartsholland.com\/?s={search_term_string}"},"query-input":"required name=search_term_string"}],"inLanguage":"de"},{"@type":"Organization","@id":"https:\/\/hydropartsholland.com\/#organization","name":"Spare Parts Holland","url":"https:\/\/hydropartsholland.com\/","logo":{"@type":"ImageObject","inLanguage":"de","@id":"https:\/\/hydropartsholland.com\/#\/schema\/logo\/image\/","url":"https:\/\/hydropartsholland.com\/wp-content\/uploads\/2022\/06\/spareparts-1.png","contentUrl":"https:\/\/hydropartsholland.com\/wp-content\/uploads\/2022\/06\/spareparts-1.png","width":824,"height":685,"caption":"Spare Parts Holland"},"image":{"@id":"https:\/\/hydropartsholland.com\/#\/schema\/logo\/image\/"}}]}},"_links":{"self":[{"href":"https:\/\/hydropartsholland.com\/de\/wp-json\/wp\/v2\/product\/6210","targetHints":{"allow":["GET"]}}],"collection":[{"href":"https:\/\/hydropartsholland.com\/de\/wp-json\/wp\/v2\/product"}],"about":[{"href":"https:\/\/hydropartsholland.com\/de\/wp-json\/wp\/v2\/types\/product"}],"replies":[{"embeddable":true,"href":"https:\/\/hydropartsholland.com\/de\/wp-json\/wp\/v2\/comments?post=6210"}],"wp:featuredmedia":[{"embeddable":true,"href":"https:\/\/hydropartsholland.com\/de\/wp-json\/wp\/v2\/media\/29578"}],"wp:attachment":[{"href":"https:\/\/hydropartsholland.com\/de\/wp-json\/wp\/v2\/media?parent=6210"}],"wp:term":[{"taxonomy":"product_cat","embeddable":true,"href":"https:\/\/hydropartsholland.com\/de\/wp-json\/wp\/v2\/product_cat?post=6210"},{"taxonomy":"product_tag","embeddable":true,"href":"https:\/\/hydropartsholland.com\/de\/wp-json\/wp\/v2\/product_tag?post=6210"}],"curies":[{"name":"wp","href":"https:\/\/api.w.org\/{rel}","templated":true}]}}