{"id":6193,"date":"2022-07-28T10:04:13","date_gmt":"2022-07-28T09:04:13","guid":{"rendered":"https:\/\/hydropartsholland.com\/product\/fiat-600-640-power-steering-conversion-kit\/"},"modified":"2025-03-11T12:31:52","modified_gmt":"2025-03-11T11:31:52","slug":"fiat-600-640-power-steering-conversion-kit","status":"publish","type":"product","link":"https:\/\/hydropartsholland.com\/de\/produkt\/fiat-600-640-power-steering-conversion-kit\/","title":{"rendered":"Hydromechanische Lenkhilfe \/ Servolenkung Nachr\u00fcstsatz f\u00fcr Fiat 600-640"},"content":{"rendered":"<p>Umr\u00fcstsatz f\u00fcr Servolenkung, passend f\u00fcr Fiat 600\u2013640 Schlepper. Entwickelt, um Traktoren mit manueller Lenkung Servounterst\u00fctzung hinzuzuf\u00fcgen, nicht als Ersatz f\u00fcr OEM.<\/p>\n<ul>\n<li>Wenn Sie einen Frontlader am Traktor haben, passt das Kit m\u00f6glicherweise nicht oder muss ge\u00e4ndert werden<\/li>\n<\/ul>\n","protected":false},"excerpt":{"rendered":"<ul>\n<li>Wenn Sie einen Frontlader am Traktor haben, passt das Kit m\u00f6glicherweise nicht oder muss ge\u00e4ndert werden<\/li>\n<\/ul>\n","protected":false},"featured_media":33534,"comment_status":"open","ping_status":"closed","template":"","meta":{"inline_featured_image":false},"product_cat":[657,660],"product_tag":[],"class_list":{"0":"post-6193","1":"product","2":"type-product","3":"status-publish","4":"has-post-thumbnail","6":"product_cat-servolenkung-nachruestsaetze","7":"product_cat-fiat-de","9":"first","10":"instock","11":"taxable","12":"shipping-taxable","13":"purchasable","14":"product-type-simple"},"yoast_head":"<!-- This site is optimized with the Yoast SEO plugin v23.3 - https:\/\/yoast.com\/wordpress\/plugins\/seo\/ -->\n<title>Hydromechanische Lenkhilfe \/ Servolenkung Nachr\u00fcstsatz f\u00fcr Fiat 600-640 - Hydropartsholland<\/title>\n<meta name=\"description\" content=\"Umr\u00fcstsatz f\u00fcr Servolenkung, passend f\u00fcr Fiat 600\u2013640 Schlepper. Entwickelt, um Traktoren mit manueller Lenkung Servounterst\u00fctzung hinzuzuf\u00fcgen.\" \/>\n<meta name=\"robots\" content=\"index, follow, max-snippet:-1, max-image-preview:large, max-video-preview:-1\" \/>\n<link rel=\"canonical\" href=\"https:\/\/hydropartsholland.com\/de\/produkt\/fiat-600-640-power-steering-conversion-kit\/\" \/>\n<meta property=\"og:locale\" content=\"de_DE\" \/>\n<meta property=\"og:type\" content=\"article\" \/>\n<meta property=\"og:title\" content=\"Hydromechanische Lenkhilfe \/ Servolenkung Nachr\u00fcstsatz f\u00fcr Fiat 600-640 - Hydropartsholland\" \/>\n<meta property=\"og:description\" content=\"Umr\u00fcstsatz f\u00fcr Servolenkung, passend f\u00fcr Fiat 600\u2013640 Schlepper. Entwickelt, um Traktoren mit manueller Lenkung Servounterst\u00fctzung hinzuzuf\u00fcgen.\" \/>\n<meta property=\"og:url\" content=\"https:\/\/hydropartsholland.com\/de\/produkt\/fiat-600-640-power-steering-conversion-kit\/\" \/>\n<meta property=\"og:site_name\" content=\"Hydropartsholland\" \/>\n<meta property=\"article:modified_time\" content=\"2025-03-11T11:31:52+00:00\" \/>\n<meta property=\"og:image\" content=\"https:\/\/hydropartsholland.com\/wp-content\/uploads\/2022\/07\/DSCF8770-kopya-scaled.jpg\" \/>\n\t<meta property=\"og:image:width\" content=\"2560\" \/>\n\t<meta property=\"og:image:height\" content=\"2560\" \/>\n\t<meta property=\"og:image:type\" content=\"image\/jpeg\" \/>\n<meta name=\"twitter:card\" content=\"summary_large_image\" \/>\n<script type=\"application\/ld+json\" class=\"yoast-schema-graph\">{\"@context\":\"https:\/\/schema.org\",\"@graph\":[{\"@type\":\"WebPage\",\"@id\":\"https:\/\/hydropartsholland.com\/de\/produkt\/fiat-600-640-power-steering-conversion-kit\/\",\"url\":\"https:\/\/hydropartsholland.com\/de\/produkt\/fiat-600-640-power-steering-conversion-kit\/\",\"name\":\"Hydromechanische Lenkhilfe \/ Servolenkung Nachr\u00fcstsatz f\u00fcr Fiat 600-640 - Hydropartsholland\",\"isPartOf\":{\"@id\":\"https:\/\/hydropartsholland.com\/#website\"},\"primaryImageOfPage\":{\"@id\":\"https:\/\/hydropartsholland.com\/de\/produkt\/fiat-600-640-power-steering-conversion-kit\/#primaryimage\"},\"image\":{\"@id\":\"https:\/\/hydropartsholland.com\/de\/produkt\/fiat-600-640-power-steering-conversion-kit\/#primaryimage\"},\"thumbnailUrl\":\"https:\/\/hydropartsholland.com\/wp-content\/uploads\/2022\/07\/DSCF8770-kopya-scaled.jpg\",\"datePublished\":\"2022-07-28T09:04:13+00:00\",\"dateModified\":\"2025-03-11T11:31:52+00:00\",\"description\":\"Umr\u00fcstsatz f\u00fcr Servolenkung, passend f\u00fcr Fiat 600\u2013640 Schlepper. Entwickelt, um Traktoren mit manueller Lenkung Servounterst\u00fctzung hinzuzuf\u00fcgen.\",\"breadcrumb\":{\"@id\":\"https:\/\/hydropartsholland.com\/de\/produkt\/fiat-600-640-power-steering-conversion-kit\/#breadcrumb\"},\"inLanguage\":\"de\",\"potentialAction\":[{\"@type\":\"ReadAction\",\"target\":[\"https:\/\/hydropartsholland.com\/de\/produkt\/fiat-600-640-power-steering-conversion-kit\/\"]}]},{\"@type\":\"ImageObject\",\"inLanguage\":\"de\",\"@id\":\"https:\/\/hydropartsholland.com\/de\/produkt\/fiat-600-640-power-steering-conversion-kit\/#primaryimage\",\"url\":\"https:\/\/hydropartsholland.com\/wp-content\/uploads\/2022\/07\/DSCF8770-kopya-scaled.jpg\",\"contentUrl\":\"https:\/\/hydropartsholland.com\/wp-content\/uploads\/2022\/07\/DSCF8770-kopya-scaled.jpg\",\"width\":2560,\"height\":2560},{\"@type\":\"BreadcrumbList\",\"@id\":\"https:\/\/hydropartsholland.com\/de\/produkt\/fiat-600-640-power-steering-conversion-kit\/#breadcrumb\",\"itemListElement\":[{\"@type\":\"ListItem\",\"position\":1,\"name\":\"Home\",\"item\":\"https:\/\/hydropartsholland.com\/\"},{\"@type\":\"ListItem\",\"position\":2,\"name\":\"Gesch\u00e4ft\",\"item\":\"https:\/\/hydropartsholland.com\/de\/shop-3\/\"},{\"@type\":\"ListItem\",\"position\":3,\"name\":\"Hydromechanische Lenkhilfe \/ Servolenkung Nachr\u00fcstsatz f\u00fcr Fiat 600-640\"}]},{\"@type\":\"WebSite\",\"@id\":\"https:\/\/hydropartsholland.com\/#website\",\"url\":\"https:\/\/hydropartsholland.com\/\",\"name\":\"Hydropartsholland\",\"description\":\"\",\"publisher\":{\"@id\":\"https:\/\/hydropartsholland.com\/#organization\"},\"potentialAction\":[{\"@type\":\"SearchAction\",\"target\":{\"@type\":\"EntryPoint\",\"urlTemplate\":\"https:\/\/hydropartsholland.com\/?s={search_term_string}\"},\"query-input\":\"required name=search_term_string\"}],\"inLanguage\":\"de\"},{\"@type\":\"Organization\",\"@id\":\"https:\/\/hydropartsholland.com\/#organization\",\"name\":\"Spare Parts Holland\",\"url\":\"https:\/\/hydropartsholland.com\/\",\"logo\":{\"@type\":\"ImageObject\",\"inLanguage\":\"de\",\"@id\":\"https:\/\/hydropartsholland.com\/#\/schema\/logo\/image\/\",\"url\":\"https:\/\/hydropartsholland.com\/wp-content\/uploads\/2022\/06\/spareparts-1.png\",\"contentUrl\":\"https:\/\/hydropartsholland.com\/wp-content\/uploads\/2022\/06\/spareparts-1.png\",\"width\":824,\"height\":685,\"caption\":\"Spare Parts Holland\"},\"image\":{\"@id\":\"https:\/\/hydropartsholland.com\/#\/schema\/logo\/image\/\"}}]}<\/script>\n<!-- \/ Yoast SEO plugin. -->","yoast_head_json":{"title":"Hydromechanische Lenkhilfe \/ Servolenkung Nachr\u00fcstsatz f\u00fcr Fiat 600-640 - Hydropartsholland","description":"Umr\u00fcstsatz f\u00fcr Servolenkung, passend f\u00fcr Fiat 600\u2013640 Schlepper. Entwickelt, um Traktoren mit manueller Lenkung Servounterst\u00fctzung hinzuzuf\u00fcgen.","robots":{"index":"index","follow":"follow","max-snippet":"max-snippet:-1","max-image-preview":"max-image-preview:large","max-video-preview":"max-video-preview:-1"},"canonical":"https:\/\/hydropartsholland.com\/de\/produkt\/fiat-600-640-power-steering-conversion-kit\/","og_locale":"de_DE","og_type":"article","og_title":"Hydromechanische Lenkhilfe \/ Servolenkung Nachr\u00fcstsatz f\u00fcr Fiat 600-640 - Hydropartsholland","og_description":"Umr\u00fcstsatz f\u00fcr Servolenkung, passend f\u00fcr Fiat 600\u2013640 Schlepper. Entwickelt, um Traktoren mit manueller Lenkung Servounterst\u00fctzung hinzuzuf\u00fcgen.","og_url":"https:\/\/hydropartsholland.com\/de\/produkt\/fiat-600-640-power-steering-conversion-kit\/","og_site_name":"Hydropartsholland","article_modified_time":"2025-03-11T11:31:52+00:00","og_image":[{"width":2560,"height":2560,"url":"https:\/\/hydropartsholland.com\/wp-content\/uploads\/2022\/07\/DSCF8770-kopya-scaled.jpg","type":"image\/jpeg"}],"twitter_card":"summary_large_image","schema":{"@context":"https:\/\/schema.org","@graph":[{"@type":"WebPage","@id":"https:\/\/hydropartsholland.com\/de\/produkt\/fiat-600-640-power-steering-conversion-kit\/","url":"https:\/\/hydropartsholland.com\/de\/produkt\/fiat-600-640-power-steering-conversion-kit\/","name":"Hydromechanische Lenkhilfe \/ Servolenkung Nachr\u00fcstsatz f\u00fcr Fiat 600-640 - Hydropartsholland","isPartOf":{"@id":"https:\/\/hydropartsholland.com\/#website"},"primaryImageOfPage":{"@id":"https:\/\/hydropartsholland.com\/de\/produkt\/fiat-600-640-power-steering-conversion-kit\/#primaryimage"},"image":{"@id":"https:\/\/hydropartsholland.com\/de\/produkt\/fiat-600-640-power-steering-conversion-kit\/#primaryimage"},"thumbnailUrl":"https:\/\/hydropartsholland.com\/wp-content\/uploads\/2022\/07\/DSCF8770-kopya-scaled.jpg","datePublished":"2022-07-28T09:04:13+00:00","dateModified":"2025-03-11T11:31:52+00:00","description":"Umr\u00fcstsatz f\u00fcr Servolenkung, passend f\u00fcr Fiat 600\u2013640 Schlepper. Entwickelt, um Traktoren mit manueller Lenkung Servounterst\u00fctzung hinzuzuf\u00fcgen.","breadcrumb":{"@id":"https:\/\/hydropartsholland.com\/de\/produkt\/fiat-600-640-power-steering-conversion-kit\/#breadcrumb"},"inLanguage":"de","potentialAction":[{"@type":"ReadAction","target":["https:\/\/hydropartsholland.com\/de\/produkt\/fiat-600-640-power-steering-conversion-kit\/"]}]},{"@type":"ImageObject","inLanguage":"de","@id":"https:\/\/hydropartsholland.com\/de\/produkt\/fiat-600-640-power-steering-conversion-kit\/#primaryimage","url":"https:\/\/hydropartsholland.com\/wp-content\/uploads\/2022\/07\/DSCF8770-kopya-scaled.jpg","contentUrl":"https:\/\/hydropartsholland.com\/wp-content\/uploads\/2022\/07\/DSCF8770-kopya-scaled.jpg","width":2560,"height":2560},{"@type":"BreadcrumbList","@id":"https:\/\/hydropartsholland.com\/de\/produkt\/fiat-600-640-power-steering-conversion-kit\/#breadcrumb","itemListElement":[{"@type":"ListItem","position":1,"name":"Home","item":"https:\/\/hydropartsholland.com\/"},{"@type":"ListItem","position":2,"name":"Gesch\u00e4ft","item":"https:\/\/hydropartsholland.com\/de\/shop-3\/"},{"@type":"ListItem","position":3,"name":"Hydromechanische Lenkhilfe \/ Servolenkung Nachr\u00fcstsatz f\u00fcr Fiat 600-640"}]},{"@type":"WebSite","@id":"https:\/\/hydropartsholland.com\/#website","url":"https:\/\/hydropartsholland.com\/","name":"Hydropartsholland","description":"","publisher":{"@id":"https:\/\/hydropartsholland.com\/#organization"},"potentialAction":[{"@type":"SearchAction","target":{"@type":"EntryPoint","urlTemplate":"https:\/\/hydropartsholland.com\/?s={search_term_string}"},"query-input":"required name=search_term_string"}],"inLanguage":"de"},{"@type":"Organization","@id":"https:\/\/hydropartsholland.com\/#organization","name":"Spare Parts Holland","url":"https:\/\/hydropartsholland.com\/","logo":{"@type":"ImageObject","inLanguage":"de","@id":"https:\/\/hydropartsholland.com\/#\/schema\/logo\/image\/","url":"https:\/\/hydropartsholland.com\/wp-content\/uploads\/2022\/06\/spareparts-1.png","contentUrl":"https:\/\/hydropartsholland.com\/wp-content\/uploads\/2022\/06\/spareparts-1.png","width":824,"height":685,"caption":"Spare Parts Holland"},"image":{"@id":"https:\/\/hydropartsholland.com\/#\/schema\/logo\/image\/"}}]}},"_links":{"self":[{"href":"https:\/\/hydropartsholland.com\/de\/wp-json\/wp\/v2\/product\/6193","targetHints":{"allow":["GET"]}}],"collection":[{"href":"https:\/\/hydropartsholland.com\/de\/wp-json\/wp\/v2\/product"}],"about":[{"href":"https:\/\/hydropartsholland.com\/de\/wp-json\/wp\/v2\/types\/product"}],"replies":[{"embeddable":true,"href":"https:\/\/hydropartsholland.com\/de\/wp-json\/wp\/v2\/comments?post=6193"}],"wp:featuredmedia":[{"embeddable":true,"href":"https:\/\/hydropartsholland.com\/de\/wp-json\/wp\/v2\/media\/33534"}],"wp:attachment":[{"href":"https:\/\/hydropartsholland.com\/de\/wp-json\/wp\/v2\/media?parent=6193"}],"wp:term":[{"taxonomy":"product_cat","embeddable":true,"href":"https:\/\/hydropartsholland.com\/de\/wp-json\/wp\/v2\/product_cat?post=6193"},{"taxonomy":"product_tag","embeddable":true,"href":"https:\/\/hydropartsholland.com\/de\/wp-json\/wp\/v2\/product_tag?post=6193"}],"curies":[{"name":"wp","href":"https:\/\/api.w.org\/{rel}","templated":true}]}}