{"id":6056,"date":"2022-07-28T10:14:18","date_gmt":"2022-07-28T09:14:18","guid":{"rendered":"https:\/\/hydropartsholland.com\/product\/triple-hydraulic-remote-kit-massey-ferguson-mf-135-150-230-231-240-245-250-253\/"},"modified":"2025-03-11T12:29:14","modified_gmt":"2025-03-11T11:29:14","slug":"triple-hydraulic-remote-kit-massey-ferguson-mf-135-150-230-231-240-245-250-253","status":"publish","type":"product","link":"https:\/\/hydropartsholland.com\/de\/produkt\/triple-hydraulic-remote-kit-massey-ferguson-mf-135-150-230-231-240-245-250-253\/","title":{"rendered":"Steuerger\u00e4t 3W f\u00fcr Massey Ferguson Schlepper 35 50 65 135 150 175 180 230 231 235 240"},"content":{"rendered":"<p>Neues Zusatzsteuerger\u00e4t f\u00fcr Massey Ferguson Schleppers.<\/p>\n<p>Enth\u00e4lt:<\/p>\n<ul>\n<li>Schl\u00e4uche<\/li>\n<li>Scnhnellkupplungen<\/li>\n<li>Halterung<\/li>\n<\/ul>\n<p>Dieses Steuerger\u00e4t passt zu Schleppermodellen von Massey Ferguson:<\/p>\n<p><strong>MASSEY FERGUSON TRAKTOR<\/strong><\/p>\n<p>135, 150, 165, 175, 180, 230, 231, 235, 240, 245, 25, 250, 253, 255, 265, 270, 275, 282, 283, 290, 35, 35 UK, 360, 362, 375 383, 390, 398, 399, 50, 65, 85.<\/p>\n<p><strong>MASSEY FERGUSON INDUSTRIAL \/ CONSTRUCTION<\/strong><\/p>\n<p>20, 202, 203, 204, 205, 20C, 20D, 20F, 2135, 30, 302, 304, 30B, 30D, 30E, 31, 40, 40B, 40E, 50C, 50D, 50E<\/p>\n<p><strong>FERGUSON<\/strong><\/p>\n<p>TO35, 40, Ag &amp; Ind 40, 50<\/p>\n<p><strong>MASSEY HARRIS 50<\/strong><\/p>\n<p>Das hintere Steuergerat passt nicht b\u00fcndig auf die Traktormodelle des MF240 von 1986. Wenn Sie bereit sind, Ihre Handbremse zu modifizieren, k\u00f6nnen Sie sie m\u00f6glicherweise montieren lassen.<\/p>\n<ul>\n<li>Nenndurchfluss \/ Hubvolumen: 45 l\/min \/ 12 U.S.G.P.M<\/li>\n<li>Maximaler Betriebsdruck (Reihenschaltung): 315 bar \/ 4600 PSI<\/li>\n<li>Max. Gegendruck: 25 Bar \/ 360 PSI<\/li>\n<li>\u00d6ltemperatur mit NBR-Dichtungen: -20 bis 80 C\u02da \/ -4 bis 176 F \u02da &#8211;\u00a0 mit FPM (Viton) Dichtungen -20 bis 100 C\u02da -4 bis 212 F \u02da<\/li>\n<li>Anzugsmoment Spurstange: 30 Nm 22 Ibft<\/li>\n<\/ul>\n","protected":false},"excerpt":{"rendered":"<ul>\n<li>Nenndurchfluss \/ Hubvolumen: 45 l\/min \/ 12 U.S.G.P.M<\/li>\n<li>Maximaler Betriebsdruck (Reihenschaltung): 315 bar \/ 4600 PSI<\/li>\n<li>max. Gegendruck: 25 Bar \/ 360 PSI<\/li>\n<li>\u00d6ltemperatur mit NBR-Dichtungen: -20 bis 80 C\u02da \/ -4 bis 176 F \u02da &#8211;\u00a0 mit FPM (Viton) Dichtungen -20 bis 100 C\u02da -4 bis 212 F \u02da<\/li>\n<li>Anzugsmoment Spurstange: 30 Nm 22 Ibft<\/li>\n<\/ul>\n","protected":false},"featured_media":3083,"comment_status":"open","ping_status":"closed","template":"","meta":{"inline_featured_image":false},"product_cat":[668,637],"product_tag":[],"class_list":{"0":"post-6056","1":"product","2":"type-product","3":"status-publish","4":"has-post-thumbnail","6":"product_cat-steuergerate-hydraulikventile","7":"product_cat-massey-ferguson-de","9":"first","10":"instock","11":"taxable","12":"shipping-taxable","13":"purchasable","14":"product-type-simple"},"yoast_head":"<!-- This site is optimized with the Yoast SEO plugin v23.3 - https:\/\/yoast.com\/wordpress\/plugins\/seo\/ -->\n<title>Steuerger\u00e4t 3W f\u00fcr Massey Ferguson Schlepper 35 50 65 135 150 175 180 230 231 235 240 - Hydropartsholland<\/title>\n<meta name=\"description\" content=\"Neues Zusatzsteuerger\u00e4t f\u00fcr Massey Ferguson Schleppers.\u00a0Enth\u00e4lt: Schl\u00e4uche, Scnhnellkupplungen und Halterung. Schnelle Lieferung weltweit.\" \/>\n<meta name=\"robots\" content=\"index, follow, max-snippet:-1, max-image-preview:large, max-video-preview:-1\" \/>\n<link rel=\"canonical\" href=\"https:\/\/hydropartsholland.com\/de\/produkt\/triple-hydraulic-remote-kit-massey-ferguson-mf-135-150-230-231-240-245-250-253\/\" \/>\n<meta property=\"og:locale\" content=\"de_DE\" \/>\n<meta property=\"og:type\" content=\"article\" \/>\n<meta property=\"og:title\" content=\"Steuerger\u00e4t 3W f\u00fcr Massey Ferguson Schlepper 35 50 65 135 150 175 180 230 231 235 240 - Hydropartsholland\" \/>\n<meta property=\"og:description\" content=\"Neues Zusatzsteuerger\u00e4t f\u00fcr Massey Ferguson Schleppers.\u00a0Enth\u00e4lt: Schl\u00e4uche, Scnhnellkupplungen und Halterung. Schnelle Lieferung weltweit.\" \/>\n<meta property=\"og:url\" content=\"https:\/\/hydropartsholland.com\/de\/produkt\/triple-hydraulic-remote-kit-massey-ferguson-mf-135-150-230-231-240-245-250-253\/\" \/>\n<meta property=\"og:site_name\" content=\"Hydropartsholland\" \/>\n<meta property=\"article:modified_time\" content=\"2025-03-11T11:29:14+00:00\" \/>\n<meta property=\"og:image\" content=\"https:\/\/hydropartsholland.com\/wp-content\/uploads\/2022\/07\/s-l1600-4-1-4.jpg\" \/>\n\t<meta property=\"og:image:width\" content=\"1600\" \/>\n\t<meta property=\"og:image:height\" content=\"1285\" \/>\n\t<meta property=\"og:image:type\" content=\"image\/jpeg\" \/>\n<meta name=\"twitter:card\" content=\"summary_large_image\" \/>\n<meta name=\"twitter:label1\" content=\"Gesch\u00e4tzte Lesezeit\" \/>\n\t<meta name=\"twitter:data1\" content=\"1\u00a0Minute\" \/>\n<script type=\"application\/ld+json\" class=\"yoast-schema-graph\">{\"@context\":\"https:\/\/schema.org\",\"@graph\":[{\"@type\":\"WebPage\",\"@id\":\"https:\/\/hydropartsholland.com\/de\/produkt\/triple-hydraulic-remote-kit-massey-ferguson-mf-135-150-230-231-240-245-250-253\/\",\"url\":\"https:\/\/hydropartsholland.com\/de\/produkt\/triple-hydraulic-remote-kit-massey-ferguson-mf-135-150-230-231-240-245-250-253\/\",\"name\":\"Steuerger\u00e4t 3W f\u00fcr Massey Ferguson Schlepper 35 50 65 135 150 175 180 230 231 235 240 - Hydropartsholland\",\"isPartOf\":{\"@id\":\"https:\/\/hydropartsholland.com\/#website\"},\"primaryImageOfPage\":{\"@id\":\"https:\/\/hydropartsholland.com\/de\/produkt\/triple-hydraulic-remote-kit-massey-ferguson-mf-135-150-230-231-240-245-250-253\/#primaryimage\"},\"image\":{\"@id\":\"https:\/\/hydropartsholland.com\/de\/produkt\/triple-hydraulic-remote-kit-massey-ferguson-mf-135-150-230-231-240-245-250-253\/#primaryimage\"},\"thumbnailUrl\":\"https:\/\/hydropartsholland.com\/wp-content\/uploads\/2022\/07\/s-l1600-4-1-4.jpg\",\"datePublished\":\"2022-07-28T09:14:18+00:00\",\"dateModified\":\"2025-03-11T11:29:14+00:00\",\"description\":\"Neues Zusatzsteuerger\u00e4t f\u00fcr Massey Ferguson Schleppers.\u00a0Enth\u00e4lt: Schl\u00e4uche, Scnhnellkupplungen und Halterung. Schnelle Lieferung weltweit.\",\"breadcrumb\":{\"@id\":\"https:\/\/hydropartsholland.com\/de\/produkt\/triple-hydraulic-remote-kit-massey-ferguson-mf-135-150-230-231-240-245-250-253\/#breadcrumb\"},\"inLanguage\":\"de\",\"potentialAction\":[{\"@type\":\"ReadAction\",\"target\":[\"https:\/\/hydropartsholland.com\/de\/produkt\/triple-hydraulic-remote-kit-massey-ferguson-mf-135-150-230-231-240-245-250-253\/\"]}]},{\"@type\":\"ImageObject\",\"inLanguage\":\"de\",\"@id\":\"https:\/\/hydropartsholland.com\/de\/produkt\/triple-hydraulic-remote-kit-massey-ferguson-mf-135-150-230-231-240-245-250-253\/#primaryimage\",\"url\":\"https:\/\/hydropartsholland.com\/wp-content\/uploads\/2022\/07\/s-l1600-4-1-4.jpg\",\"contentUrl\":\"https:\/\/hydropartsholland.com\/wp-content\/uploads\/2022\/07\/s-l1600-4-1-4.jpg\",\"width\":1600,\"height\":1285},{\"@type\":\"BreadcrumbList\",\"@id\":\"https:\/\/hydropartsholland.com\/de\/produkt\/triple-hydraulic-remote-kit-massey-ferguson-mf-135-150-230-231-240-245-250-253\/#breadcrumb\",\"itemListElement\":[{\"@type\":\"ListItem\",\"position\":1,\"name\":\"Home\",\"item\":\"https:\/\/hydropartsholland.com\/\"},{\"@type\":\"ListItem\",\"position\":2,\"name\":\"Gesch\u00e4ft\",\"item\":\"https:\/\/hydropartsholland.com\/de\/shop-3\/\"},{\"@type\":\"ListItem\",\"position\":3,\"name\":\"Steuerger\u00e4t 3W f\u00fcr Massey Ferguson Schlepper 35 50 65 135 150 175 180 230 231 235 240\"}]},{\"@type\":\"WebSite\",\"@id\":\"https:\/\/hydropartsholland.com\/#website\",\"url\":\"https:\/\/hydropartsholland.com\/\",\"name\":\"Hydropartsholland\",\"description\":\"\",\"publisher\":{\"@id\":\"https:\/\/hydropartsholland.com\/#organization\"},\"potentialAction\":[{\"@type\":\"SearchAction\",\"target\":{\"@type\":\"EntryPoint\",\"urlTemplate\":\"https:\/\/hydropartsholland.com\/?s={search_term_string}\"},\"query-input\":\"required name=search_term_string\"}],\"inLanguage\":\"de\"},{\"@type\":\"Organization\",\"@id\":\"https:\/\/hydropartsholland.com\/#organization\",\"name\":\"Spare Parts Holland\",\"url\":\"https:\/\/hydropartsholland.com\/\",\"logo\":{\"@type\":\"ImageObject\",\"inLanguage\":\"de\",\"@id\":\"https:\/\/hydropartsholland.com\/#\/schema\/logo\/image\/\",\"url\":\"https:\/\/hydropartsholland.com\/wp-content\/uploads\/2022\/06\/spareparts-1.png\",\"contentUrl\":\"https:\/\/hydropartsholland.com\/wp-content\/uploads\/2022\/06\/spareparts-1.png\",\"width\":824,\"height\":685,\"caption\":\"Spare Parts Holland\"},\"image\":{\"@id\":\"https:\/\/hydropartsholland.com\/#\/schema\/logo\/image\/\"}}]}<\/script>\n<!-- \/ Yoast SEO plugin. -->","yoast_head_json":{"title":"Steuerger\u00e4t 3W f\u00fcr Massey Ferguson Schlepper 35 50 65 135 150 175 180 230 231 235 240 - Hydropartsholland","description":"Neues Zusatzsteuerger\u00e4t f\u00fcr Massey Ferguson Schleppers.\u00a0Enth\u00e4lt: Schl\u00e4uche, Scnhnellkupplungen und Halterung. Schnelle Lieferung weltweit.","robots":{"index":"index","follow":"follow","max-snippet":"max-snippet:-1","max-image-preview":"max-image-preview:large","max-video-preview":"max-video-preview:-1"},"canonical":"https:\/\/hydropartsholland.com\/de\/produkt\/triple-hydraulic-remote-kit-massey-ferguson-mf-135-150-230-231-240-245-250-253\/","og_locale":"de_DE","og_type":"article","og_title":"Steuerger\u00e4t 3W f\u00fcr Massey Ferguson Schlepper 35 50 65 135 150 175 180 230 231 235 240 - Hydropartsholland","og_description":"Neues Zusatzsteuerger\u00e4t f\u00fcr Massey Ferguson Schleppers.\u00a0Enth\u00e4lt: Schl\u00e4uche, Scnhnellkupplungen und Halterung. Schnelle Lieferung weltweit.","og_url":"https:\/\/hydropartsholland.com\/de\/produkt\/triple-hydraulic-remote-kit-massey-ferguson-mf-135-150-230-231-240-245-250-253\/","og_site_name":"Hydropartsholland","article_modified_time":"2025-03-11T11:29:14+00:00","og_image":[{"width":1600,"height":1285,"url":"https:\/\/hydropartsholland.com\/wp-content\/uploads\/2022\/07\/s-l1600-4-1-4.jpg","type":"image\/jpeg"}],"twitter_card":"summary_large_image","twitter_misc":{"Gesch\u00e4tzte Lesezeit":"1\u00a0Minute"},"schema":{"@context":"https:\/\/schema.org","@graph":[{"@type":"WebPage","@id":"https:\/\/hydropartsholland.com\/de\/produkt\/triple-hydraulic-remote-kit-massey-ferguson-mf-135-150-230-231-240-245-250-253\/","url":"https:\/\/hydropartsholland.com\/de\/produkt\/triple-hydraulic-remote-kit-massey-ferguson-mf-135-150-230-231-240-245-250-253\/","name":"Steuerger\u00e4t 3W f\u00fcr Massey Ferguson Schlepper 35 50 65 135 150 175 180 230 231 235 240 - Hydropartsholland","isPartOf":{"@id":"https:\/\/hydropartsholland.com\/#website"},"primaryImageOfPage":{"@id":"https:\/\/hydropartsholland.com\/de\/produkt\/triple-hydraulic-remote-kit-massey-ferguson-mf-135-150-230-231-240-245-250-253\/#primaryimage"},"image":{"@id":"https:\/\/hydropartsholland.com\/de\/produkt\/triple-hydraulic-remote-kit-massey-ferguson-mf-135-150-230-231-240-245-250-253\/#primaryimage"},"thumbnailUrl":"https:\/\/hydropartsholland.com\/wp-content\/uploads\/2022\/07\/s-l1600-4-1-4.jpg","datePublished":"2022-07-28T09:14:18+00:00","dateModified":"2025-03-11T11:29:14+00:00","description":"Neues Zusatzsteuerger\u00e4t f\u00fcr Massey Ferguson Schleppers.\u00a0Enth\u00e4lt: Schl\u00e4uche, Scnhnellkupplungen und Halterung. Schnelle Lieferung weltweit.","breadcrumb":{"@id":"https:\/\/hydropartsholland.com\/de\/produkt\/triple-hydraulic-remote-kit-massey-ferguson-mf-135-150-230-231-240-245-250-253\/#breadcrumb"},"inLanguage":"de","potentialAction":[{"@type":"ReadAction","target":["https:\/\/hydropartsholland.com\/de\/produkt\/triple-hydraulic-remote-kit-massey-ferguson-mf-135-150-230-231-240-245-250-253\/"]}]},{"@type":"ImageObject","inLanguage":"de","@id":"https:\/\/hydropartsholland.com\/de\/produkt\/triple-hydraulic-remote-kit-massey-ferguson-mf-135-150-230-231-240-245-250-253\/#primaryimage","url":"https:\/\/hydropartsholland.com\/wp-content\/uploads\/2022\/07\/s-l1600-4-1-4.jpg","contentUrl":"https:\/\/hydropartsholland.com\/wp-content\/uploads\/2022\/07\/s-l1600-4-1-4.jpg","width":1600,"height":1285},{"@type":"BreadcrumbList","@id":"https:\/\/hydropartsholland.com\/de\/produkt\/triple-hydraulic-remote-kit-massey-ferguson-mf-135-150-230-231-240-245-250-253\/#breadcrumb","itemListElement":[{"@type":"ListItem","position":1,"name":"Home","item":"https:\/\/hydropartsholland.com\/"},{"@type":"ListItem","position":2,"name":"Gesch\u00e4ft","item":"https:\/\/hydropartsholland.com\/de\/shop-3\/"},{"@type":"ListItem","position":3,"name":"Steuerger\u00e4t 3W f\u00fcr Massey Ferguson Schlepper 35 50 65 135 150 175 180 230 231 235 240"}]},{"@type":"WebSite","@id":"https:\/\/hydropartsholland.com\/#website","url":"https:\/\/hydropartsholland.com\/","name":"Hydropartsholland","description":"","publisher":{"@id":"https:\/\/hydropartsholland.com\/#organization"},"potentialAction":[{"@type":"SearchAction","target":{"@type":"EntryPoint","urlTemplate":"https:\/\/hydropartsholland.com\/?s={search_term_string}"},"query-input":"required name=search_term_string"}],"inLanguage":"de"},{"@type":"Organization","@id":"https:\/\/hydropartsholland.com\/#organization","name":"Spare Parts Holland","url":"https:\/\/hydropartsholland.com\/","logo":{"@type":"ImageObject","inLanguage":"de","@id":"https:\/\/hydropartsholland.com\/#\/schema\/logo\/image\/","url":"https:\/\/hydropartsholland.com\/wp-content\/uploads\/2022\/06\/spareparts-1.png","contentUrl":"https:\/\/hydropartsholland.com\/wp-content\/uploads\/2022\/06\/spareparts-1.png","width":824,"height":685,"caption":"Spare Parts Holland"},"image":{"@id":"https:\/\/hydropartsholland.com\/#\/schema\/logo\/image\/"}}]}},"_links":{"self":[{"href":"https:\/\/hydropartsholland.com\/de\/wp-json\/wp\/v2\/product\/6056","targetHints":{"allow":["GET"]}}],"collection":[{"href":"https:\/\/hydropartsholland.com\/de\/wp-json\/wp\/v2\/product"}],"about":[{"href":"https:\/\/hydropartsholland.com\/de\/wp-json\/wp\/v2\/types\/product"}],"replies":[{"embeddable":true,"href":"https:\/\/hydropartsholland.com\/de\/wp-json\/wp\/v2\/comments?post=6056"}],"wp:featuredmedia":[{"embeddable":true,"href":"https:\/\/hydropartsholland.com\/de\/wp-json\/wp\/v2\/media\/3083"}],"wp:attachment":[{"href":"https:\/\/hydropartsholland.com\/de\/wp-json\/wp\/v2\/media?parent=6056"}],"wp:term":[{"taxonomy":"product_cat","embeddable":true,"href":"https:\/\/hydropartsholland.com\/de\/wp-json\/wp\/v2\/product_cat?post=6056"},{"taxonomy":"product_tag","embeddable":true,"href":"https:\/\/hydropartsholland.com\/de\/wp-json\/wp\/v2\/product_tag?post=6056"}],"curies":[{"name":"wp","href":"https:\/\/api.w.org\/{rel}","templated":true}]}}