{"id":6019,"date":"2025-07-22T14:51:41","date_gmt":"2025-07-22T13:51:41","guid":{"rendered":"https:\/\/hydropartsholland.com\/product\/hydraulic-toplink-cat-2-2550%e2%86%92776mm-226mm-stroke\/"},"modified":"2025-03-11T12:28:56","modified_gmt":"2025-03-11T11:28:56","slug":"hydraulic-toplink-cat-2-2550%e2%86%92776mm-226mm-stroke","status":"publish","type":"product","link":"https:\/\/hydropartsholland.com\/de\/produkt\/hydraulic-toplink-cat-2-2550%e2%86%92776mm-226mm-stroke\/","title":{"rendered":"Hydraulischer Oberlenker Kat. 2 (550-776 mm) mit Fanghaken, Sperrblock und 2 Schl\u00e4uchen"},"content":{"rendered":"<p>Der von uns angebotene hydraulische Oberlenker ersetzt den vorhandenen Oberlenker am Schlepper und erleichtert Ihnen die t\u00e4gliche Arbeit. Daf\u00fcr ist ein doppeltwirkendes Steuerventil am Schlepper erforderlich \u2013 in Kombination mit dem integrierten Sperrblock* eine unschlagbare Kombination.<\/p>\n<p>* Beim Einstellen des Oberlenkers ist es sehr wichtig, dass die eingestellte Position auch nach l\u00e4ngerer Zeit beibehalten wird. Bei Oberlenker ohne Sperrblock ist dies kaum m\u00f6glich, da die Steuerger\u00e4te des Traktors nicht so dicht schlie\u00dfen. Dieser Oberlenker ist daher mit einem Sperrblock ausgestattet. Bei diesem Ventil wird das \u00d6l im Zylinder durch ein R\u00fcckschlagventil eingeschlossen. Erst wenn der \u00d6ldruck vom Traktor zur\u00fcckkehrt, \u00f6ffnet das Ventil und der Zylinder kann verstellt werden.<\/p>\n<ul>\n<li>Hochwertig verarbeitet und schwarz lackiert<\/li>\n<li>Incl. Sperrblock<\/li>\n<li>2 x Hydraulikschl\u00e4uche<\/li>\n<li>Die Lieferung erfolgt komplett montiert<\/li>\n<\/ul>\n<p><strong>Technische Spezifikationen:<\/strong><\/p>\n<ul>\n<li>Hydraulikschl\u00e4uche: 3\/8&#8243;<\/li>\n<li>Gewicht ca. 15 kg<\/li>\n<li>2 x Hydraulikschl\u00e4uche mit 1\/2&#8243; Schnellkupplungen und Staubschutz<\/li>\n<\/ul>\n","protected":false},"excerpt":{"rendered":"<ul>\n<li>Hochwertig verarbeitet und schwarz lackiert<\/li>\n<li>Incl. Sperrblock<\/li>\n<li>2 x Hydraulikschl\u00e4uche<\/li>\n<li>Die Lieferung erfolgt komplett montiert<\/li>\n<\/ul>\n","protected":false},"featured_media":3226,"comment_status":"open","ping_status":"closed","template":"","meta":{"inline_featured_image":false},"product_cat":[641,645],"product_tag":[],"class_list":{"0":"post-6019","1":"product","2":"type-product","3":"status-publish","4":"has-post-thumbnail","6":"product_cat-hydraulische-oberlenker","7":"product_cat-unterlenker-fanghaken-kat-2","9":"first","10":"instock","11":"taxable","12":"shipping-taxable","13":"purchasable","14":"product-type-simple"},"yoast_head":"<!-- This site is optimized with the Yoast SEO plugin v23.3 - https:\/\/yoast.com\/wordpress\/plugins\/seo\/ -->\n<title>Hydraulischer Oberlenker Kat. 2 (550-776 mm) mit Fanghaken, Sperrblock und 2 Schl\u00e4uchen - Hydropartsholland<\/title>\n<meta name=\"description\" content=\"Der von uns angebotene hydraulische Oberlenker ersetzt den vorhandenen Oberlenker am Schlepper und erleichtert Ihnen die t\u00e4gliche Arbeit.\" \/>\n<meta name=\"robots\" content=\"index, follow, max-snippet:-1, max-image-preview:large, max-video-preview:-1\" \/>\n<link rel=\"canonical\" href=\"https:\/\/hydropartsholland.com\/de\/produkt\/hydraulic-toplink-cat-2-2550\u2192776mm-226mm-stroke\/\" \/>\n<meta property=\"og:locale\" content=\"de_DE\" \/>\n<meta property=\"og:type\" content=\"article\" \/>\n<meta property=\"og:title\" content=\"Hydraulischer Oberlenker Kat. 2 (550-776 mm) mit Fanghaken, Sperrblock und 2 Schl\u00e4uchen - Hydropartsholland\" \/>\n<meta property=\"og:description\" content=\"Der von uns angebotene hydraulische Oberlenker ersetzt den vorhandenen Oberlenker am Schlepper und erleichtert Ihnen die t\u00e4gliche Arbeit.\" \/>\n<meta property=\"og:url\" content=\"https:\/\/hydropartsholland.com\/de\/produkt\/hydraulic-toplink-cat-2-2550\u2192776mm-226mm-stroke\/\" \/>\n<meta property=\"og:site_name\" content=\"Hydropartsholland\" \/>\n<meta property=\"article:modified_time\" content=\"2025-03-11T11:28:56+00:00\" \/>\n<meta property=\"og:image\" content=\"https:\/\/hydropartsholland.com\/wp-content\/uploads\/2022\/07\/5-scaled-1.jpg\" \/>\n\t<meta property=\"og:image:width\" content=\"2560\" \/>\n\t<meta property=\"og:image:height\" content=\"2432\" \/>\n\t<meta property=\"og:image:type\" content=\"image\/jpeg\" \/>\n<meta name=\"twitter:card\" content=\"summary_large_image\" \/>\n<meta name=\"twitter:label1\" content=\"Gesch\u00e4tzte Lesezeit\" \/>\n\t<meta name=\"twitter:data1\" content=\"1\u00a0Minute\" \/>\n<script type=\"application\/ld+json\" class=\"yoast-schema-graph\">{\"@context\":\"https:\/\/schema.org\",\"@graph\":[{\"@type\":\"WebPage\",\"@id\":\"https:\/\/hydropartsholland.com\/de\/produkt\/hydraulic-toplink-cat-2-2550%e2%86%92776mm-226mm-stroke\/\",\"url\":\"https:\/\/hydropartsholland.com\/de\/produkt\/hydraulic-toplink-cat-2-2550%e2%86%92776mm-226mm-stroke\/\",\"name\":\"Hydraulischer Oberlenker Kat. 2 (550-776 mm) mit Fanghaken, Sperrblock und 2 Schl\u00e4uchen - Hydropartsholland\",\"isPartOf\":{\"@id\":\"https:\/\/hydropartsholland.com\/#website\"},\"primaryImageOfPage\":{\"@id\":\"https:\/\/hydropartsholland.com\/de\/produkt\/hydraulic-toplink-cat-2-2550%e2%86%92776mm-226mm-stroke\/#primaryimage\"},\"image\":{\"@id\":\"https:\/\/hydropartsholland.com\/de\/produkt\/hydraulic-toplink-cat-2-2550%e2%86%92776mm-226mm-stroke\/#primaryimage\"},\"thumbnailUrl\":\"https:\/\/hydropartsholland.com\/wp-content\/uploads\/2022\/07\/5-scaled-1.jpg\",\"datePublished\":\"2025-07-22T13:51:41+00:00\",\"dateModified\":\"2025-03-11T11:28:56+00:00\",\"description\":\"Der von uns angebotene hydraulische Oberlenker ersetzt den vorhandenen Oberlenker am Schlepper und erleichtert Ihnen die t\u00e4gliche Arbeit.\",\"breadcrumb\":{\"@id\":\"https:\/\/hydropartsholland.com\/de\/produkt\/hydraulic-toplink-cat-2-2550%e2%86%92776mm-226mm-stroke\/#breadcrumb\"},\"inLanguage\":\"de\",\"potentialAction\":[{\"@type\":\"ReadAction\",\"target\":[\"https:\/\/hydropartsholland.com\/de\/produkt\/hydraulic-toplink-cat-2-2550%e2%86%92776mm-226mm-stroke\/\"]}]},{\"@type\":\"ImageObject\",\"inLanguage\":\"de\",\"@id\":\"https:\/\/hydropartsholland.com\/de\/produkt\/hydraulic-toplink-cat-2-2550%e2%86%92776mm-226mm-stroke\/#primaryimage\",\"url\":\"https:\/\/hydropartsholland.com\/wp-content\/uploads\/2022\/07\/5-scaled-1.jpg\",\"contentUrl\":\"https:\/\/hydropartsholland.com\/wp-content\/uploads\/2022\/07\/5-scaled-1.jpg\",\"width\":2560,\"height\":2432},{\"@type\":\"BreadcrumbList\",\"@id\":\"https:\/\/hydropartsholland.com\/de\/produkt\/hydraulic-toplink-cat-2-2550%e2%86%92776mm-226mm-stroke\/#breadcrumb\",\"itemListElement\":[{\"@type\":\"ListItem\",\"position\":1,\"name\":\"Home\",\"item\":\"https:\/\/hydropartsholland.com\/\"},{\"@type\":\"ListItem\",\"position\":2,\"name\":\"Gesch\u00e4ft\",\"item\":\"https:\/\/hydropartsholland.com\/de\/shop-3\/\"},{\"@type\":\"ListItem\",\"position\":3,\"name\":\"Hydraulischer Oberlenker Kat. 2 (550-776 mm) mit Fanghaken, Sperrblock und 2 Schl\u00e4uchen\"}]},{\"@type\":\"WebSite\",\"@id\":\"https:\/\/hydropartsholland.com\/#website\",\"url\":\"https:\/\/hydropartsholland.com\/\",\"name\":\"Hydropartsholland\",\"description\":\"\",\"publisher\":{\"@id\":\"https:\/\/hydropartsholland.com\/#organization\"},\"potentialAction\":[{\"@type\":\"SearchAction\",\"target\":{\"@type\":\"EntryPoint\",\"urlTemplate\":\"https:\/\/hydropartsholland.com\/?s={search_term_string}\"},\"query-input\":\"required name=search_term_string\"}],\"inLanguage\":\"de\"},{\"@type\":\"Organization\",\"@id\":\"https:\/\/hydropartsholland.com\/#organization\",\"name\":\"Spare Parts Holland\",\"url\":\"https:\/\/hydropartsholland.com\/\",\"logo\":{\"@type\":\"ImageObject\",\"inLanguage\":\"de\",\"@id\":\"https:\/\/hydropartsholland.com\/#\/schema\/logo\/image\/\",\"url\":\"https:\/\/hydropartsholland.com\/wp-content\/uploads\/2022\/06\/spareparts-1.png\",\"contentUrl\":\"https:\/\/hydropartsholland.com\/wp-content\/uploads\/2022\/06\/spareparts-1.png\",\"width\":824,\"height\":685,\"caption\":\"Spare Parts Holland\"},\"image\":{\"@id\":\"https:\/\/hydropartsholland.com\/#\/schema\/logo\/image\/\"}}]}<\/script>\n<!-- \/ Yoast SEO plugin. -->","yoast_head_json":{"title":"Hydraulischer Oberlenker Kat. 2 (550-776 mm) mit Fanghaken, Sperrblock und 2 Schl\u00e4uchen - Hydropartsholland","description":"Der von uns angebotene hydraulische Oberlenker ersetzt den vorhandenen Oberlenker am Schlepper und erleichtert Ihnen die t\u00e4gliche Arbeit.","robots":{"index":"index","follow":"follow","max-snippet":"max-snippet:-1","max-image-preview":"max-image-preview:large","max-video-preview":"max-video-preview:-1"},"canonical":"https:\/\/hydropartsholland.com\/de\/produkt\/hydraulic-toplink-cat-2-2550\u2192776mm-226mm-stroke\/","og_locale":"de_DE","og_type":"article","og_title":"Hydraulischer Oberlenker Kat. 2 (550-776 mm) mit Fanghaken, Sperrblock und 2 Schl\u00e4uchen - Hydropartsholland","og_description":"Der von uns angebotene hydraulische Oberlenker ersetzt den vorhandenen Oberlenker am Schlepper und erleichtert Ihnen die t\u00e4gliche Arbeit.","og_url":"https:\/\/hydropartsholland.com\/de\/produkt\/hydraulic-toplink-cat-2-2550\u2192776mm-226mm-stroke\/","og_site_name":"Hydropartsholland","article_modified_time":"2025-03-11T11:28:56+00:00","og_image":[{"width":2560,"height":2432,"url":"https:\/\/hydropartsholland.com\/wp-content\/uploads\/2022\/07\/5-scaled-1.jpg","type":"image\/jpeg"}],"twitter_card":"summary_large_image","twitter_misc":{"Gesch\u00e4tzte Lesezeit":"1\u00a0Minute"},"schema":{"@context":"https:\/\/schema.org","@graph":[{"@type":"WebPage","@id":"https:\/\/hydropartsholland.com\/de\/produkt\/hydraulic-toplink-cat-2-2550%e2%86%92776mm-226mm-stroke\/","url":"https:\/\/hydropartsholland.com\/de\/produkt\/hydraulic-toplink-cat-2-2550%e2%86%92776mm-226mm-stroke\/","name":"Hydraulischer Oberlenker Kat. 2 (550-776 mm) mit Fanghaken, Sperrblock und 2 Schl\u00e4uchen - Hydropartsholland","isPartOf":{"@id":"https:\/\/hydropartsholland.com\/#website"},"primaryImageOfPage":{"@id":"https:\/\/hydropartsholland.com\/de\/produkt\/hydraulic-toplink-cat-2-2550%e2%86%92776mm-226mm-stroke\/#primaryimage"},"image":{"@id":"https:\/\/hydropartsholland.com\/de\/produkt\/hydraulic-toplink-cat-2-2550%e2%86%92776mm-226mm-stroke\/#primaryimage"},"thumbnailUrl":"https:\/\/hydropartsholland.com\/wp-content\/uploads\/2022\/07\/5-scaled-1.jpg","datePublished":"2025-07-22T13:51:41+00:00","dateModified":"2025-03-11T11:28:56+00:00","description":"Der von uns angebotene hydraulische Oberlenker ersetzt den vorhandenen Oberlenker am Schlepper und erleichtert Ihnen die t\u00e4gliche Arbeit.","breadcrumb":{"@id":"https:\/\/hydropartsholland.com\/de\/produkt\/hydraulic-toplink-cat-2-2550%e2%86%92776mm-226mm-stroke\/#breadcrumb"},"inLanguage":"de","potentialAction":[{"@type":"ReadAction","target":["https:\/\/hydropartsholland.com\/de\/produkt\/hydraulic-toplink-cat-2-2550%e2%86%92776mm-226mm-stroke\/"]}]},{"@type":"ImageObject","inLanguage":"de","@id":"https:\/\/hydropartsholland.com\/de\/produkt\/hydraulic-toplink-cat-2-2550%e2%86%92776mm-226mm-stroke\/#primaryimage","url":"https:\/\/hydropartsholland.com\/wp-content\/uploads\/2022\/07\/5-scaled-1.jpg","contentUrl":"https:\/\/hydropartsholland.com\/wp-content\/uploads\/2022\/07\/5-scaled-1.jpg","width":2560,"height":2432},{"@type":"BreadcrumbList","@id":"https:\/\/hydropartsholland.com\/de\/produkt\/hydraulic-toplink-cat-2-2550%e2%86%92776mm-226mm-stroke\/#breadcrumb","itemListElement":[{"@type":"ListItem","position":1,"name":"Home","item":"https:\/\/hydropartsholland.com\/"},{"@type":"ListItem","position":2,"name":"Gesch\u00e4ft","item":"https:\/\/hydropartsholland.com\/de\/shop-3\/"},{"@type":"ListItem","position":3,"name":"Hydraulischer Oberlenker Kat. 2 (550-776 mm) mit Fanghaken, Sperrblock und 2 Schl\u00e4uchen"}]},{"@type":"WebSite","@id":"https:\/\/hydropartsholland.com\/#website","url":"https:\/\/hydropartsholland.com\/","name":"Hydropartsholland","description":"","publisher":{"@id":"https:\/\/hydropartsholland.com\/#organization"},"potentialAction":[{"@type":"SearchAction","target":{"@type":"EntryPoint","urlTemplate":"https:\/\/hydropartsholland.com\/?s={search_term_string}"},"query-input":"required name=search_term_string"}],"inLanguage":"de"},{"@type":"Organization","@id":"https:\/\/hydropartsholland.com\/#organization","name":"Spare Parts Holland","url":"https:\/\/hydropartsholland.com\/","logo":{"@type":"ImageObject","inLanguage":"de","@id":"https:\/\/hydropartsholland.com\/#\/schema\/logo\/image\/","url":"https:\/\/hydropartsholland.com\/wp-content\/uploads\/2022\/06\/spareparts-1.png","contentUrl":"https:\/\/hydropartsholland.com\/wp-content\/uploads\/2022\/06\/spareparts-1.png","width":824,"height":685,"caption":"Spare Parts Holland"},"image":{"@id":"https:\/\/hydropartsholland.com\/#\/schema\/logo\/image\/"}}]}},"_links":{"self":[{"href":"https:\/\/hydropartsholland.com\/de\/wp-json\/wp\/v2\/product\/6019","targetHints":{"allow":["GET"]}}],"collection":[{"href":"https:\/\/hydropartsholland.com\/de\/wp-json\/wp\/v2\/product"}],"about":[{"href":"https:\/\/hydropartsholland.com\/de\/wp-json\/wp\/v2\/types\/product"}],"replies":[{"embeddable":true,"href":"https:\/\/hydropartsholland.com\/de\/wp-json\/wp\/v2\/comments?post=6019"}],"wp:featuredmedia":[{"embeddable":true,"href":"https:\/\/hydropartsholland.com\/de\/wp-json\/wp\/v2\/media\/3226"}],"wp:attachment":[{"href":"https:\/\/hydropartsholland.com\/de\/wp-json\/wp\/v2\/media?parent=6019"}],"wp:term":[{"taxonomy":"product_cat","embeddable":true,"href":"https:\/\/hydropartsholland.com\/de\/wp-json\/wp\/v2\/product_cat?post=6019"},{"taxonomy":"product_tag","embeddable":true,"href":"https:\/\/hydropartsholland.com\/de\/wp-json\/wp\/v2\/product_tag?post=6019"}],"curies":[{"name":"wp","href":"https:\/\/api.w.org\/{rel}","templated":true}]}}