{"id":5966,"date":"2025-07-22T14:51:24","date_gmt":"2025-07-22T13:51:24","guid":{"rendered":"https:\/\/hydropartsholland.com\/product\/hydraulic-trailer-brake-cylinder-internal-spring-25-mm-tractor-agricultural\/"},"modified":"2025-03-11T12:27:42","modified_gmt":"2025-03-11T11:27:42","slug":"hydraulic-trailer-brake-cylinder-internal-spring-25-mm-tractor-agricultural","status":"publish","type":"product","link":"https:\/\/hydropartsholland.com\/de\/produkt\/hydraulic-trailer-brake-cylinder-internal-spring-25-mm-tractor-agricultural\/","title":{"rendered":"Hydraulischer Bremszylinder f\u00fcr Anh\u00e4nger mit R\u00fcckholfeder 25 mm &#8211; Schlepper \/ Landwirtschaft"},"content":{"rendered":"<p>Hydraulischer einfachwirkender Bremszylinder mit innenliegender 25 mm R\u00fcckholfeder f\u00fcr Anh\u00e4nger hinter dem Schlepper.<\/p>\n<ul>\n<li>Einbaul\u00e4nge: 290 mm<\/li>\n<li>Nabe: 70mm<\/li>\n<li>Kolben-\u00d8: 40&#215;50 mm<\/li>\n<li>Kolbenstangen-\u00d8: 25 mm<\/li>\n<li>Zylinder-\u00d8: 50 mm<\/li>\n<li>Gabelloch: 15mm<\/li>\n<li>Anschluss: G 3\/8&#8243; max.<\/li>\n<li>Arbeitsdruck: 250 bar<\/li>\n<li>Komplett in schwarzer Farbe lackiert.<\/li>\n<\/ul>\n<p>Siehe die technischen Abmessungen auf den beigef\u00fcgten Fotos.<\/p>\n","protected":false},"excerpt":{"rendered":"<ul>\n<li>Einbaul\u00e4nge: 290 mm<\/li>\n<li>Nabe: 70mm<\/li>\n<li>Kolben-\u00d8: 40&#215;50 mm<\/li>\n<li>Kolbenstangen-\u00d8: 25 mm<\/li>\n<li>Zylinder-\u00d8: 50 mm<\/li>\n<li>Gabelloch: 15mm<\/li>\n<li>Anschluss: G 3\/8&#8243; max.<\/li>\n<li>Arbeitsdruck: 250 bar<\/li>\n<li>Komplett in schwarzer Farbe lackiert.<\/li>\n<\/ul>\n","protected":false},"featured_media":33389,"comment_status":"open","ping_status":"closed","template":"","meta":{"inline_featured_image":false},"product_cat":[2188],"product_tag":[],"class_list":{"0":"post-5966","1":"product","2":"type-product","3":"status-publish","4":"has-post-thumbnail","6":"product_cat-hydraulische-zylinder","8":"first","9":"instock","10":"taxable","11":"shipping-taxable","12":"purchasable","13":"product-type-simple"},"yoast_head":"<!-- This site is optimized with the Yoast SEO plugin v23.3 - https:\/\/yoast.com\/wordpress\/plugins\/seo\/ -->\n<title>Hydraulischer Bremszylinder f\u00fcr Anh\u00e4nger mit R\u00fcckholfeder 25 mm - Schlepper \/ Landwirtschaft - Hydropartsholland<\/title>\n<meta name=\"description\" content=\"Hydraulischer einfachwirkender Bremszylinder mit innenliegender 25 mm R\u00fcckholfeder f\u00fcr Anh\u00e4nger hinter dem Schlepper. Siehe die technischen Abmessungen auf den beigef\u00fcgten Fotos.\" \/>\n<meta name=\"robots\" content=\"index, follow, max-snippet:-1, max-image-preview:large, max-video-preview:-1\" \/>\n<link rel=\"canonical\" href=\"https:\/\/hydropartsholland.com\/de\/produkt\/hydraulic-trailer-brake-cylinder-internal-spring-25-mm-tractor-agricultural\/\" \/>\n<meta property=\"og:locale\" content=\"de_DE\" \/>\n<meta property=\"og:type\" content=\"article\" \/>\n<meta property=\"og:title\" content=\"Hydraulischer Bremszylinder f\u00fcr Anh\u00e4nger mit R\u00fcckholfeder 25 mm - Schlepper \/ Landwirtschaft - Hydropartsholland\" \/>\n<meta property=\"og:description\" content=\"Hydraulischer einfachwirkender Bremszylinder mit innenliegender 25 mm R\u00fcckholfeder f\u00fcr Anh\u00e4nger hinter dem Schlepper. Siehe die technischen Abmessungen auf den beigef\u00fcgten Fotos.\" \/>\n<meta property=\"og:url\" content=\"https:\/\/hydropartsholland.com\/de\/produkt\/hydraulic-trailer-brake-cylinder-internal-spring-25-mm-tractor-agricultural\/\" \/>\n<meta property=\"og:site_name\" content=\"Hydropartsholland\" \/>\n<meta property=\"article:modified_time\" content=\"2025-03-11T11:27:42+00:00\" \/>\n<meta property=\"og:image\" content=\"https:\/\/hydropartsholland.com\/wp-content\/uploads\/2022\/07\/SPH340351.jpg\" \/>\n\t<meta property=\"og:image:width\" content=\"987\" \/>\n\t<meta property=\"og:image:height\" content=\"987\" \/>\n\t<meta property=\"og:image:type\" content=\"image\/jpeg\" \/>\n<meta name=\"twitter:card\" content=\"summary_large_image\" \/>\n<meta name=\"twitter:label1\" content=\"Gesch\u00e4tzte Lesezeit\" \/>\n\t<meta name=\"twitter:data1\" content=\"1\u00a0Minute\" \/>\n<script type=\"application\/ld+json\" class=\"yoast-schema-graph\">{\"@context\":\"https:\/\/schema.org\",\"@graph\":[{\"@type\":\"WebPage\",\"@id\":\"https:\/\/hydropartsholland.com\/de\/produkt\/hydraulic-trailer-brake-cylinder-internal-spring-25-mm-tractor-agricultural\/\",\"url\":\"https:\/\/hydropartsholland.com\/de\/produkt\/hydraulic-trailer-brake-cylinder-internal-spring-25-mm-tractor-agricultural\/\",\"name\":\"Hydraulischer Bremszylinder f\u00fcr Anh\u00e4nger mit R\u00fcckholfeder 25 mm - Schlepper \/ Landwirtschaft - Hydropartsholland\",\"isPartOf\":{\"@id\":\"https:\/\/hydropartsholland.com\/#website\"},\"primaryImageOfPage\":{\"@id\":\"https:\/\/hydropartsholland.com\/de\/produkt\/hydraulic-trailer-brake-cylinder-internal-spring-25-mm-tractor-agricultural\/#primaryimage\"},\"image\":{\"@id\":\"https:\/\/hydropartsholland.com\/de\/produkt\/hydraulic-trailer-brake-cylinder-internal-spring-25-mm-tractor-agricultural\/#primaryimage\"},\"thumbnailUrl\":\"https:\/\/hydropartsholland.com\/wp-content\/uploads\/2022\/07\/SPH340351.jpg\",\"datePublished\":\"2025-07-22T13:51:24+00:00\",\"dateModified\":\"2025-03-11T11:27:42+00:00\",\"description\":\"Hydraulischer einfachwirkender Bremszylinder mit innenliegender 25 mm R\u00fcckholfeder f\u00fcr Anh\u00e4nger hinter dem Schlepper. Siehe die technischen Abmessungen auf den beigef\u00fcgten Fotos.\",\"breadcrumb\":{\"@id\":\"https:\/\/hydropartsholland.com\/de\/produkt\/hydraulic-trailer-brake-cylinder-internal-spring-25-mm-tractor-agricultural\/#breadcrumb\"},\"inLanguage\":\"de\",\"potentialAction\":[{\"@type\":\"ReadAction\",\"target\":[\"https:\/\/hydropartsholland.com\/de\/produkt\/hydraulic-trailer-brake-cylinder-internal-spring-25-mm-tractor-agricultural\/\"]}]},{\"@type\":\"ImageObject\",\"inLanguage\":\"de\",\"@id\":\"https:\/\/hydropartsholland.com\/de\/produkt\/hydraulic-trailer-brake-cylinder-internal-spring-25-mm-tractor-agricultural\/#primaryimage\",\"url\":\"https:\/\/hydropartsholland.com\/wp-content\/uploads\/2022\/07\/SPH340351.jpg\",\"contentUrl\":\"https:\/\/hydropartsholland.com\/wp-content\/uploads\/2022\/07\/SPH340351.jpg\",\"width\":987,\"height\":987},{\"@type\":\"BreadcrumbList\",\"@id\":\"https:\/\/hydropartsholland.com\/de\/produkt\/hydraulic-trailer-brake-cylinder-internal-spring-25-mm-tractor-agricultural\/#breadcrumb\",\"itemListElement\":[{\"@type\":\"ListItem\",\"position\":1,\"name\":\"Home\",\"item\":\"https:\/\/hydropartsholland.com\/\"},{\"@type\":\"ListItem\",\"position\":2,\"name\":\"Gesch\u00e4ft\",\"item\":\"https:\/\/hydropartsholland.com\/de\/shop-3\/\"},{\"@type\":\"ListItem\",\"position\":3,\"name\":\"Hydraulischer Bremszylinder f\u00fcr Anh\u00e4nger mit R\u00fcckholfeder 25 mm &#8211; Schlepper \/ Landwirtschaft\"}]},{\"@type\":\"WebSite\",\"@id\":\"https:\/\/hydropartsholland.com\/#website\",\"url\":\"https:\/\/hydropartsholland.com\/\",\"name\":\"Hydropartsholland\",\"description\":\"\",\"publisher\":{\"@id\":\"https:\/\/hydropartsholland.com\/#organization\"},\"potentialAction\":[{\"@type\":\"SearchAction\",\"target\":{\"@type\":\"EntryPoint\",\"urlTemplate\":\"https:\/\/hydropartsholland.com\/?s={search_term_string}\"},\"query-input\":\"required name=search_term_string\"}],\"inLanguage\":\"de\"},{\"@type\":\"Organization\",\"@id\":\"https:\/\/hydropartsholland.com\/#organization\",\"name\":\"Spare Parts Holland\",\"url\":\"https:\/\/hydropartsholland.com\/\",\"logo\":{\"@type\":\"ImageObject\",\"inLanguage\":\"de\",\"@id\":\"https:\/\/hydropartsholland.com\/#\/schema\/logo\/image\/\",\"url\":\"https:\/\/hydropartsholland.com\/wp-content\/uploads\/2022\/06\/spareparts-1.png\",\"contentUrl\":\"https:\/\/hydropartsholland.com\/wp-content\/uploads\/2022\/06\/spareparts-1.png\",\"width\":824,\"height\":685,\"caption\":\"Spare Parts Holland\"},\"image\":{\"@id\":\"https:\/\/hydropartsholland.com\/#\/schema\/logo\/image\/\"}}]}<\/script>\n<!-- \/ Yoast SEO plugin. -->","yoast_head_json":{"title":"Hydraulischer Bremszylinder f\u00fcr Anh\u00e4nger mit R\u00fcckholfeder 25 mm - Schlepper \/ Landwirtschaft - Hydropartsholland","description":"Hydraulischer einfachwirkender Bremszylinder mit innenliegender 25 mm R\u00fcckholfeder f\u00fcr Anh\u00e4nger hinter dem Schlepper. Siehe die technischen Abmessungen auf den beigef\u00fcgten Fotos.","robots":{"index":"index","follow":"follow","max-snippet":"max-snippet:-1","max-image-preview":"max-image-preview:large","max-video-preview":"max-video-preview:-1"},"canonical":"https:\/\/hydropartsholland.com\/de\/produkt\/hydraulic-trailer-brake-cylinder-internal-spring-25-mm-tractor-agricultural\/","og_locale":"de_DE","og_type":"article","og_title":"Hydraulischer Bremszylinder f\u00fcr Anh\u00e4nger mit R\u00fcckholfeder 25 mm - Schlepper \/ Landwirtschaft - Hydropartsholland","og_description":"Hydraulischer einfachwirkender Bremszylinder mit innenliegender 25 mm R\u00fcckholfeder f\u00fcr Anh\u00e4nger hinter dem Schlepper. Siehe die technischen Abmessungen auf den beigef\u00fcgten Fotos.","og_url":"https:\/\/hydropartsholland.com\/de\/produkt\/hydraulic-trailer-brake-cylinder-internal-spring-25-mm-tractor-agricultural\/","og_site_name":"Hydropartsholland","article_modified_time":"2025-03-11T11:27:42+00:00","og_image":[{"width":987,"height":987,"url":"https:\/\/hydropartsholland.com\/wp-content\/uploads\/2022\/07\/SPH340351.jpg","type":"image\/jpeg"}],"twitter_card":"summary_large_image","twitter_misc":{"Gesch\u00e4tzte Lesezeit":"1\u00a0Minute"},"schema":{"@context":"https:\/\/schema.org","@graph":[{"@type":"WebPage","@id":"https:\/\/hydropartsholland.com\/de\/produkt\/hydraulic-trailer-brake-cylinder-internal-spring-25-mm-tractor-agricultural\/","url":"https:\/\/hydropartsholland.com\/de\/produkt\/hydraulic-trailer-brake-cylinder-internal-spring-25-mm-tractor-agricultural\/","name":"Hydraulischer Bremszylinder f\u00fcr Anh\u00e4nger mit R\u00fcckholfeder 25 mm - Schlepper \/ Landwirtschaft - Hydropartsholland","isPartOf":{"@id":"https:\/\/hydropartsholland.com\/#website"},"primaryImageOfPage":{"@id":"https:\/\/hydropartsholland.com\/de\/produkt\/hydraulic-trailer-brake-cylinder-internal-spring-25-mm-tractor-agricultural\/#primaryimage"},"image":{"@id":"https:\/\/hydropartsholland.com\/de\/produkt\/hydraulic-trailer-brake-cylinder-internal-spring-25-mm-tractor-agricultural\/#primaryimage"},"thumbnailUrl":"https:\/\/hydropartsholland.com\/wp-content\/uploads\/2022\/07\/SPH340351.jpg","datePublished":"2025-07-22T13:51:24+00:00","dateModified":"2025-03-11T11:27:42+00:00","description":"Hydraulischer einfachwirkender Bremszylinder mit innenliegender 25 mm R\u00fcckholfeder f\u00fcr Anh\u00e4nger hinter dem Schlepper. Siehe die technischen Abmessungen auf den beigef\u00fcgten Fotos.","breadcrumb":{"@id":"https:\/\/hydropartsholland.com\/de\/produkt\/hydraulic-trailer-brake-cylinder-internal-spring-25-mm-tractor-agricultural\/#breadcrumb"},"inLanguage":"de","potentialAction":[{"@type":"ReadAction","target":["https:\/\/hydropartsholland.com\/de\/produkt\/hydraulic-trailer-brake-cylinder-internal-spring-25-mm-tractor-agricultural\/"]}]},{"@type":"ImageObject","inLanguage":"de","@id":"https:\/\/hydropartsholland.com\/de\/produkt\/hydraulic-trailer-brake-cylinder-internal-spring-25-mm-tractor-agricultural\/#primaryimage","url":"https:\/\/hydropartsholland.com\/wp-content\/uploads\/2022\/07\/SPH340351.jpg","contentUrl":"https:\/\/hydropartsholland.com\/wp-content\/uploads\/2022\/07\/SPH340351.jpg","width":987,"height":987},{"@type":"BreadcrumbList","@id":"https:\/\/hydropartsholland.com\/de\/produkt\/hydraulic-trailer-brake-cylinder-internal-spring-25-mm-tractor-agricultural\/#breadcrumb","itemListElement":[{"@type":"ListItem","position":1,"name":"Home","item":"https:\/\/hydropartsholland.com\/"},{"@type":"ListItem","position":2,"name":"Gesch\u00e4ft","item":"https:\/\/hydropartsholland.com\/de\/shop-3\/"},{"@type":"ListItem","position":3,"name":"Hydraulischer Bremszylinder f\u00fcr Anh\u00e4nger mit R\u00fcckholfeder 25 mm &#8211; Schlepper \/ Landwirtschaft"}]},{"@type":"WebSite","@id":"https:\/\/hydropartsholland.com\/#website","url":"https:\/\/hydropartsholland.com\/","name":"Hydropartsholland","description":"","publisher":{"@id":"https:\/\/hydropartsholland.com\/#organization"},"potentialAction":[{"@type":"SearchAction","target":{"@type":"EntryPoint","urlTemplate":"https:\/\/hydropartsholland.com\/?s={search_term_string}"},"query-input":"required name=search_term_string"}],"inLanguage":"de"},{"@type":"Organization","@id":"https:\/\/hydropartsholland.com\/#organization","name":"Spare Parts Holland","url":"https:\/\/hydropartsholland.com\/","logo":{"@type":"ImageObject","inLanguage":"de","@id":"https:\/\/hydropartsholland.com\/#\/schema\/logo\/image\/","url":"https:\/\/hydropartsholland.com\/wp-content\/uploads\/2022\/06\/spareparts-1.png","contentUrl":"https:\/\/hydropartsholland.com\/wp-content\/uploads\/2022\/06\/spareparts-1.png","width":824,"height":685,"caption":"Spare Parts Holland"},"image":{"@id":"https:\/\/hydropartsholland.com\/#\/schema\/logo\/image\/"}}]}},"_links":{"self":[{"href":"https:\/\/hydropartsholland.com\/de\/wp-json\/wp\/v2\/product\/5966","targetHints":{"allow":["GET"]}}],"collection":[{"href":"https:\/\/hydropartsholland.com\/de\/wp-json\/wp\/v2\/product"}],"about":[{"href":"https:\/\/hydropartsholland.com\/de\/wp-json\/wp\/v2\/types\/product"}],"replies":[{"embeddable":true,"href":"https:\/\/hydropartsholland.com\/de\/wp-json\/wp\/v2\/comments?post=5966"}],"wp:featuredmedia":[{"embeddable":true,"href":"https:\/\/hydropartsholland.com\/de\/wp-json\/wp\/v2\/media\/33389"}],"wp:attachment":[{"href":"https:\/\/hydropartsholland.com\/de\/wp-json\/wp\/v2\/media?parent=5966"}],"wp:term":[{"taxonomy":"product_cat","embeddable":true,"href":"https:\/\/hydropartsholland.com\/de\/wp-json\/wp\/v2\/product_cat?post=5966"},{"taxonomy":"product_tag","embeddable":true,"href":"https:\/\/hydropartsholland.com\/de\/wp-json\/wp\/v2\/product_tag?post=5966"}],"curies":[{"name":"wp","href":"https:\/\/api.w.org\/{rel}","templated":true}]}}